{"id":8531,"date":"2024-05-04T14:47:06","date_gmt":"2024-05-04T14:47:06","guid":{"rendered":"https:\/\/skaitytaknyga.lt\/?post_type=product&#038;p=8531"},"modified":"2026-03-18T13:15:56","modified_gmt":"2026-03-18T11:15:56","slug":"vaiku-ligos-2","status":"publish","type":"product","link":"https:\/\/skaitytaknyga.lt\/en\/produktas\/vaiku-ligos-2\/","title":{"rendered":"Vaik\u0173 ligos"},"content":{"rendered":"<p>Vadov\u0117lis vaik\u0173 lig\u0173 gydytojo pagalbininkams \u2013 aku\u0161erei, fel\u010deriui ir medicinos seseriai.<\/p>\n<p>Vadov\u0117lis susideda i\u0161 trij\u0173 pagrindini\u0173 skyri\u0173. Pirmajame apra\u0161omos anatomin\u0117s ir fiziologin\u0117s vaik\u0173 ypatyb\u0117s, nes fel\u010deriui, aku\u0161erei ar medicinos seseriai, patronuojantiems vaikus, reikia mok\u0117ti \u012fvertinti k\u016bdiki\u0173 psichikos ir judesi\u0173 vystym\u0105si, jie turi i\u0161mokyti motinas tinkamai pri\u017ei\u016br\u0117ti, maitinti ir gr\u016bdinti k\u016bdikius.<\/p>\n<p>Vaik\u0173 lig\u0173 skyriuje apra\u0161omos da\u017eniausiai pasitaikan\u010dios vaik\u0173 ligos. Daug d\u0117mesio skiriama profilaktikai, pirmajai pagalbai, gydymui ir slaugai.<\/p>\n<p>Vaik\u0173 infekcini\u0173 lig\u0173 skyriuje apra\u0161yta da\u017enesn\u0117s infekcin\u0117s ligos ir j\u0173 profilaktika.<\/p>\n","protected":false},"excerpt":{"rendered":"<p>Vadov\u0117lis vaik\u0173 lig\u0173 gydytojo pagalbininkams \u2013 aku\u0161erei, fel\u010deriui ir medicinos seseriai.<\/p>\n<p>Vadov\u0117lis susideda i\u0161 trij\u0173 pagrindini\u0173 skyri\u0173. Pirmajame apra\u0161omos anatomin\u0117s ir fiziologin\u0117s vaik\u0173 ypatyb\u0117s, nes fel\u010deriui, aku\u0161erei ar medicinos seseriai, patronuojantiems vaikus, reikia mok\u0117ti \u012fvertinti k\u016bdiki\u0173 psichikos ir judesi\u0173 vystym\u0105si, jie turi i\u0161mokyti motinas tinkamai pri\u017ei\u016br\u0117ti, maitinti ir gr\u016bdinti k\u016bdikius.<\/p>\n<p>Vaik\u0173 lig\u0173 skyriuje apra\u0161omos da\u017eniausiai pasitaikan\u010dios vaik\u0173 ligos. Daug d\u0117mesio skiriama profilaktikai, pirmajai pagalbai, gydymui ir slaugai.<\/p>\n<p>Vaik\u0173 infekcini\u0173 lig\u0173 skyriuje apra\u0161yta da\u017enesn\u0117s infekcin\u0117s ligos ir j\u0173 profilaktika.<\/p>\n","protected":false},"featured_media":4736,"comment_status":"closed","ping_status":"closed","template":"","meta":{"_acf_changed":false,"site-sidebar-layout":"default","site-content-layout":"","ast-site-content-layout":"default","site-content-style":"default","site-sidebar-style":"default","ast-global-header-display":"","ast-banner-title-visibility":"","ast-main-header-display":"","ast-hfb-above-header-display":"","ast-hfb-below-header-display":"","ast-hfb-mobile-header-display":"","site-post-title":"","ast-breadcrumbs-content":"","ast-featured-img":"","footer-sml-layout":"","ast-disable-related-posts":"","theme-transparent-header-meta":"","adv-header-id-meta":"","stick-header-meta":"","header-above-stick-meta":"","header-main-stick-meta":"","header-below-stick-meta":"","astra-migrate-meta-layouts":"default","ast-page-background-enabled":"default","ast-page-background-meta":{"desktop":{"background-color":"","background-image":"","background-repeat":"repeat","background-position":"center center","background-size":"auto","background-attachment":"scroll","background-type":"","background-media":"","overlay-type":"","overlay-color":"","overlay-opacity":"","overlay-gradient":""},"tablet":{"background-color":"","background-image":"","background-repeat":"repeat","background-position":"center center","background-size":"auto","background-attachment":"scroll","background-type":"","background-media":"","overlay-type":"","overlay-color":"","overlay-opacity":"","overlay-gradient":""},"mobile":{"background-color":"","background-image":"","background-repeat":"repeat","background-position":"center center","background-size":"auto","background-attachment":"scroll","background-type":"","background-media":"","overlay-type":"","overlay-color":"","overlay-opacity":"","overlay-gradient":""}},"ast-content-background-meta":{"desktop":{"background-color":"var(--ast-global-color-4)","background-image":"","background-repeat":"repeat","background-position":"center center","background-size":"auto","background-attachment":"scroll","background-type":"","background-media":"","overlay-type":"","overlay-color":"","overlay-opacity":"","overlay-gradient":""},"tablet":{"background-color":"var(--ast-global-color-4)","background-image":"","background-repeat":"repeat","background-position":"center center","background-size":"auto","background-attachment":"scroll","background-type":"","background-media":"","overlay-type":"","overlay-color":"","overlay-opacity":"","overlay-gradient":""},"mobile":{"background-color":"var(--ast-global-color-4)","background-image":"","background-repeat":"repeat","background-position":"center center","background-size":"auto","background-attachment":"scroll","background-type":"","background-media":"","overlay-type":"","overlay-color":"","overlay-opacity":"","overlay-gradient":""}}},"product_brand":[],"product_cat":[9854,55],"product_tag":[],"class_list":{"0":"post-8531","1":"product","2":"type-product","3":"status-publish","4":"has-post-thumbnail","6":"product_cat-medicina","7":"product_cat-sveikata-ir-sveika-mityba","8":"desktop-align-left","9":"tablet-align-left","10":"mobile-align-left","12":"first","13":"instock","14":"shipping-taxable","15":"purchasable","16":"product-type-simple"},"acf":[],"yoast_head":"<!-- This site is optimized with the Yoast SEO plugin v27.0 - https:\/\/yoast.com\/product\/yoast-seo-wordpress\/ -->\n<title>Vaik\u0173 ligos<\/title>\n<meta name=\"description\" content=\"Vadov\u0117lis vaik\u0173 lig\u0173 gydytojo pagalbininkams \u2013 aku\u0161erei, fel\u010deriui ir medicinos seseriai.  Vadov\u0117lis susideda i\u0161 trij\u0173 pagrindini\u0173 skyri\u0173. Pirmajame apra\u0161omos anatomin\u0117s ir fiziologin\u0117s vaik\u0173 ypatyb\u0117s, nes fel\u010deriui, aku\u0161erei ar medicinos seseriai, patronuojantiems vaikus, reikia mok\u0117ti \u012fvertinti k\u016bdiki\u0173 psichikos ir judesi\u0173 vystym\u0105si, jie turi i\u0161mokyti motinas tinkamai pri\u017ei\u016br\u0117ti, maitinti ir gr\u016bdinti k\u016bdikius.  Vaik\u0173 lig\u0173 skyriuje apra\u0161omos da\u017eniausiai pasitaikan\u010dios vaik\u0173 ligos. Daug d\u0117mesio skiriama profilaktikai, pirmajai pagalbai, gydymui ir slaugai.  Vaik\u0173 infekcini\u0173 lig\u0173 skyriuje apra\u0161yta da\u017enesn\u0117s infekcin\u0117s ligos ir j\u0173 profilaktika.\" \/>\n<meta name=\"robots\" content=\"index, follow, max-snippet:-1, max-image-preview:large, max-video-preview:-1\" \/>\n<link rel=\"canonical\" href=\"https:\/\/skaitytaknyga.lt\/en\/produktas\/vaiku-ligos-2\/\" \/>\n<meta property=\"og:locale\" content=\"en_GB\" \/>\n<meta property=\"og:locale:alternate\" content=\"lt_LT\" \/>\n<meta property=\"og:type\" content=\"article\" \/>\n<meta property=\"og:title\" content=\"Vaik\u0173 ligos\" \/>\n<meta property=\"og:description\" content=\"Vadov\u0117lis vaik\u0173 lig\u0173 gydytojo pagalbininkams \u2013 aku\u0161erei, fel\u010deriui ir medicinos seseriai.  Vadov\u0117lis susideda i\u0161 trij\u0173 pagrindini\u0173 skyri\u0173. Pirmajame apra\u0161omos anatomin\u0117s ir fiziologin\u0117s vaik\u0173 ypatyb\u0117s, nes fel\u010deriui, aku\u0161erei ar medicinos seseriai, patronuojantiems vaikus, reikia mok\u0117ti \u012fvertinti k\u016bdiki\u0173 psichikos ir judesi\u0173 vystym\u0105si, jie turi i\u0161mokyti motinas tinkamai pri\u017ei\u016br\u0117ti, maitinti ir gr\u016bdinti k\u016bdikius.  Vaik\u0173 lig\u0173 skyriuje apra\u0161omos da\u017eniausiai pasitaikan\u010dios vaik\u0173 ligos. Daug d\u0117mesio skiriama profilaktikai, pirmajai pagalbai, gydymui ir slaugai.  Vaik\u0173 infekcini\u0173 lig\u0173 skyriuje apra\u0161yta da\u017enesn\u0117s infekcin\u0117s ligos ir j\u0173 profilaktika.\" \/>\n<meta property=\"og:url\" content=\"https:\/\/skaitytaknyga.lt\/en\/produktas\/vaiku-ligos-2\/\" \/>\n<meta property=\"og:site_name\" content=\"Skaitytaknyga\" \/>\n<meta property=\"article:publisher\" content=\"https:\/\/www.facebook.com\/skaitytaknyga\/\" \/>\n<meta property=\"article:modified_time\" content=\"2026-03-18T11:15:56+00:00\" \/>\n<meta property=\"og:image\" content=\"https:\/\/skaitytaknyga.lt\/wp-content\/uploads\/2024\/04\/VaikA_ligos_94456197AB-625x794_0.jpg\" \/>\n\t<meta property=\"og:image:width\" content=\"625\" \/>\n\t<meta property=\"og:image:height\" content=\"794\" \/>\n\t<meta property=\"og:image:type\" content=\"image\/jpeg\" \/>\n<meta name=\"twitter:card\" content=\"summary_large_image\" \/>\n<meta name=\"twitter:label1\" content=\"Estimated reading time\" \/>\n\t<meta name=\"twitter:data1\" content=\"1 minute\" \/>\n<script type=\"application\/ld+json\" class=\"yoast-schema-graph\">{\"@context\":\"https:\/\/schema.org\",\"@graph\":[{\"@type\":\"WebPage\",\"@id\":\"https:\/\/skaitytaknyga.lt\/produktas\/vaiku-ligos-2\/\",\"url\":\"https:\/\/skaitytaknyga.lt\/produktas\/vaiku-ligos-2\/\",\"name\":\"Vaik\u0173 ligos\",\"isPartOf\":{\"@id\":\"https:\/\/skaitytaknyga.lt\/#website\"},\"primaryImageOfPage\":{\"@id\":\"https:\/\/skaitytaknyga.lt\/produktas\/vaiku-ligos-2\/#primaryimage\"},\"image\":{\"@id\":\"https:\/\/skaitytaknyga.lt\/produktas\/vaiku-ligos-2\/#primaryimage\"},\"thumbnailUrl\":\"https:\/\/skaitytaknyga.lt\/wp-content\/uploads\/2024\/04\/VaikA_ligos_94456197AB-625x794_0.jpg\",\"datePublished\":\"2024-05-04T14:47:06+00:00\",\"dateModified\":\"2026-03-18T11:15:56+00:00\",\"description\":\"Vadov\u0117lis vaik\u0173 lig\u0173 gydytojo pagalbininkams \u2013 aku\u0161erei, fel\u010deriui ir medicinos seseriai. Vadov\u0117lis susideda i\u0161 trij\u0173 pagrindini\u0173 skyri\u0173. Pirmajame apra\u0161omos anatomin\u0117s ir fiziologin\u0117s vaik\u0173 ypatyb\u0117s, nes fel\u010deriui, aku\u0161erei ar medicinos seseriai, patronuojantiems vaikus, reikia mok\u0117ti \u012fvertinti k\u016bdiki\u0173 psichikos ir judesi\u0173 vystym\u0105si, jie turi i\u0161mokyti motinas tinkamai pri\u017ei\u016br\u0117ti, maitinti ir gr\u016bdinti k\u016bdikius. Vaik\u0173 lig\u0173 skyriuje apra\u0161omos da\u017eniausiai pasitaikan\u010dios vaik\u0173 ligos. Daug d\u0117mesio skiriama profilaktikai, pirmajai pagalbai, gydymui ir slaugai. Vaik\u0173 infekcini\u0173 lig\u0173 skyriuje apra\u0161yta da\u017enesn\u0117s infekcin\u0117s ligos ir j\u0173 profilaktika.\",\"breadcrumb\":{\"@id\":\"https:\/\/skaitytaknyga.lt\/produktas\/vaiku-ligos-2\/#breadcrumb\"},\"inLanguage\":\"en-GB\",\"potentialAction\":[{\"@type\":\"ReadAction\",\"target\":[\"https:\/\/skaitytaknyga.lt\/produktas\/vaiku-ligos-2\/\"]}]},{\"@type\":\"ImageObject\",\"inLanguage\":\"en-GB\",\"@id\":\"https:\/\/skaitytaknyga.lt\/produktas\/vaiku-ligos-2\/#primaryimage\",\"url\":\"https:\/\/skaitytaknyga.lt\/wp-content\/uploads\/2024\/04\/VaikA_ligos_94456197AB-625x794_0.jpg\",\"contentUrl\":\"https:\/\/skaitytaknyga.lt\/wp-content\/uploads\/2024\/04\/VaikA_ligos_94456197AB-625x794_0.jpg\",\"width\":625,\"height\":794},{\"@type\":\"BreadcrumbList\",\"@id\":\"https:\/\/skaitytaknyga.lt\/produktas\/vaiku-ligos-2\/#breadcrumb\",\"itemListElement\":[{\"@type\":\"ListItem\",\"position\":1,\"name\":\"Home\",\"item\":\"https:\/\/skaitytaknyga.lt\/\"},{\"@type\":\"ListItem\",\"position\":2,\"name\":\"Parduotuv\u0117\",\"item\":\"https:\/\/skaitytaknyga.lt\/knygu-parduotuve\/\"},{\"@type\":\"ListItem\",\"position\":3,\"name\":\"Vaik\u0173 ligos\"}]},{\"@type\":\"WebSite\",\"@id\":\"https:\/\/skaitytaknyga.lt\/#website\",\"url\":\"https:\/\/skaitytaknyga.lt\/\",\"name\":\"skaitytaknyga.lt\",\"description\":\"Skaitytaknyga.lt \u2013 tai ma\u017eas \u0161eimos verslas, kuris prasid\u0117jo nuo meil\u0117s knygoms ir siekio i\u0161gelb\u0117ti knygas nuo likimo prie konteinerio. Kas vienam nereikalingas daiktas \u2013 kitam lobis, o mes esame tarpininkai, kurie padeda abiems tapti laimingesniems ???? \u017dinome kaip nelengva i\u0161gyventi ma\u017eiems verslams, tad nuo \u0161iol, \u010dia rasite ir kit\u0173, ma\u017e\u0173 \u0161eim\u0173 versl\u0173, rank\u0173 darbo, dovan\u0173 sau ir artimiesiems.\",\"publisher\":{\"@id\":\"https:\/\/skaitytaknyga.lt\/#organization\"},\"potentialAction\":[{\"@type\":\"SearchAction\",\"target\":{\"@type\":\"EntryPoint\",\"urlTemplate\":\"https:\/\/skaitytaknyga.lt\/?s={search_term_string}\"},\"query-input\":{\"@type\":\"PropertyValueSpecification\",\"valueRequired\":true,\"valueName\":\"search_term_string\"}}],\"inLanguage\":\"en-GB\"},{\"@type\":\"Organization\",\"@id\":\"https:\/\/skaitytaknyga.lt\/#organization\",\"name\":\"skaitytaknyga.lt\",\"url\":\"https:\/\/skaitytaknyga.lt\/\",\"logo\":{\"@type\":\"ImageObject\",\"inLanguage\":\"en-GB\",\"@id\":\"https:\/\/skaitytaknyga.lt\/#\/schema\/logo\/image\/\",\"url\":\"https:\/\/skaitytaknyga.lt\/wp-content\/uploads\/2024\/05\/cropped-cropped-cropped-02_00843_jt3bggkj1j3HLc7SyY6rEUpg.jpeg\",\"contentUrl\":\"https:\/\/skaitytaknyga.lt\/wp-content\/uploads\/2024\/05\/cropped-cropped-cropped-02_00843_jt3bggkj1j3HLc7SyY6rEUpg.jpeg\",\"width\":1600,\"height\":1600,\"caption\":\"skaitytaknyga.lt\"},\"image\":{\"@id\":\"https:\/\/skaitytaknyga.lt\/#\/schema\/logo\/image\/\"},\"sameAs\":[\"https:\/\/www.facebook.com\/skaitytaknyga\/\"]}]}<\/script>\n<!-- \/ Yoast SEO plugin. -->","yoast_head_json":{"title":"Vaik\u0173 ligos","description":"Vadov\u0117lis vaik\u0173 lig\u0173 gydytojo pagalbininkams \u2013 aku\u0161erei, fel\u010deriui ir medicinos seseriai.  Vadov\u0117lis susideda i\u0161 trij\u0173 pagrindini\u0173 skyri\u0173. Pirmajame apra\u0161omos anatomin\u0117s ir fiziologin\u0117s vaik\u0173 ypatyb\u0117s, nes fel\u010deriui, aku\u0161erei ar medicinos seseriai, patronuojantiems vaikus, reikia mok\u0117ti \u012fvertinti k\u016bdiki\u0173 psichikos ir judesi\u0173 vystym\u0105si, jie turi i\u0161mokyti motinas tinkamai pri\u017ei\u016br\u0117ti, maitinti ir gr\u016bdinti k\u016bdikius.  Vaik\u0173 lig\u0173 skyriuje apra\u0161omos da\u017eniausiai pasitaikan\u010dios vaik\u0173 ligos. Daug d\u0117mesio skiriama profilaktikai, pirmajai pagalbai, gydymui ir slaugai.  Vaik\u0173 infekcini\u0173 lig\u0173 skyriuje apra\u0161yta da\u017enesn\u0117s infekcin\u0117s ligos ir j\u0173 profilaktika.","robots":{"index":"index","follow":"follow","max-snippet":"max-snippet:-1","max-image-preview":"max-image-preview:large","max-video-preview":"max-video-preview:-1"},"canonical":"https:\/\/skaitytaknyga.lt\/en\/produktas\/vaiku-ligos-2\/","og_locale":"en_GB","og_type":"article","og_title":"[:lt]Vaik\u0173 ligos[:] - Skaitytaknyga","og_description":"Vadov\u0117lis vaik\u0173 lig\u0173 gydytojo pagalbininkams \u2013 aku\u0161erei, fel\u010deriui ir medicinos seseriai.  Vadov\u0117lis susideda i\u0161 trij\u0173 pagrindini\u0173 skyri\u0173. Pirmajame apra\u0161omos anatomin\u0117s ir fiziologin\u0117s vaik\u0173 ypatyb\u0117s, nes fel\u010deriui, aku\u0161erei ar medicinos seseriai, patronuojantiems vaikus, reikia mok\u0117ti \u012fvertinti k\u016bdiki\u0173 psichikos ir judesi\u0173 vystym\u0105si, jie turi i\u0161mokyti motinas tinkamai pri\u017ei\u016br\u0117ti, maitinti ir gr\u016bdinti k\u016bdikius.  Vaik\u0173 lig\u0173 skyriuje apra\u0161omos da\u017eniausiai pasitaikan\u010dios vaik\u0173 ligos. Daug d\u0117mesio skiriama profilaktikai, pirmajai pagalbai, gydymui ir slaugai.  Vaik\u0173 infekcini\u0173 lig\u0173 skyriuje apra\u0161yta da\u017enesn\u0117s infekcin\u0117s ligos ir j\u0173 profilaktika.","og_url":"https:\/\/skaitytaknyga.lt\/en\/produktas\/vaiku-ligos-2\/","og_site_name":"Skaitytaknyga","article_publisher":"https:\/\/www.facebook.com\/skaitytaknyga\/","article_modified_time":"2026-03-18T11:15:56+00:00","og_image":[{"width":625,"height":794,"url":"https:\/\/skaitytaknyga.lt\/wp-content\/uploads\/2024\/04\/VaikA_ligos_94456197AB-625x794_0.jpg","type":"image\/jpeg"}],"twitter_card":"summary_large_image","twitter_misc":{"Estimated reading time":"1 minute"},"schema":{"@context":"https:\/\/schema.org","@graph":[{"@type":"WebPage","@id":"https:\/\/skaitytaknyga.lt\/produktas\/vaiku-ligos-2\/","url":"https:\/\/skaitytaknyga.lt\/produktas\/vaiku-ligos-2\/","name":"Vaik\u0173 ligos","isPartOf":{"@id":"https:\/\/skaitytaknyga.lt\/#website"},"primaryImageOfPage":{"@id":"https:\/\/skaitytaknyga.lt\/produktas\/vaiku-ligos-2\/#primaryimage"},"image":{"@id":"https:\/\/skaitytaknyga.lt\/produktas\/vaiku-ligos-2\/#primaryimage"},"thumbnailUrl":"https:\/\/skaitytaknyga.lt\/wp-content\/uploads\/2024\/04\/VaikA_ligos_94456197AB-625x794_0.jpg","datePublished":"2024-05-04T14:47:06+00:00","dateModified":"2026-03-18T11:15:56+00:00","description":"Vadov\u0117lis vaik\u0173 lig\u0173 gydytojo pagalbininkams \u2013 aku\u0161erei, fel\u010deriui ir medicinos seseriai. Vadov\u0117lis susideda i\u0161 trij\u0173 pagrindini\u0173 skyri\u0173. Pirmajame apra\u0161omos anatomin\u0117s ir fiziologin\u0117s vaik\u0173 ypatyb\u0117s, nes fel\u010deriui, aku\u0161erei ar medicinos seseriai, patronuojantiems vaikus, reikia mok\u0117ti \u012fvertinti k\u016bdiki\u0173 psichikos ir judesi\u0173 vystym\u0105si, jie turi i\u0161mokyti motinas tinkamai pri\u017ei\u016br\u0117ti, maitinti ir gr\u016bdinti k\u016bdikius. Vaik\u0173 lig\u0173 skyriuje apra\u0161omos da\u017eniausiai pasitaikan\u010dios vaik\u0173 ligos. Daug d\u0117mesio skiriama profilaktikai, pirmajai pagalbai, gydymui ir slaugai. Vaik\u0173 infekcini\u0173 lig\u0173 skyriuje apra\u0161yta da\u017enesn\u0117s infekcin\u0117s ligos ir j\u0173 profilaktika.","breadcrumb":{"@id":"https:\/\/skaitytaknyga.lt\/produktas\/vaiku-ligos-2\/#breadcrumb"},"inLanguage":"en-GB","potentialAction":[{"@type":"ReadAction","target":["https:\/\/skaitytaknyga.lt\/produktas\/vaiku-ligos-2\/"]}]},{"@type":"ImageObject","inLanguage":"en-GB","@id":"https:\/\/skaitytaknyga.lt\/produktas\/vaiku-ligos-2\/#primaryimage","url":"https:\/\/skaitytaknyga.lt\/wp-content\/uploads\/2024\/04\/VaikA_ligos_94456197AB-625x794_0.jpg","contentUrl":"https:\/\/skaitytaknyga.lt\/wp-content\/uploads\/2024\/04\/VaikA_ligos_94456197AB-625x794_0.jpg","width":625,"height":794},{"@type":"BreadcrumbList","@id":"https:\/\/skaitytaknyga.lt\/produktas\/vaiku-ligos-2\/#breadcrumb","itemListElement":[{"@type":"ListItem","position":1,"name":"Home","item":"https:\/\/skaitytaknyga.lt\/"},{"@type":"ListItem","position":2,"name":"Parduotuv\u0117","item":"https:\/\/skaitytaknyga.lt\/knygu-parduotuve\/"},{"@type":"ListItem","position":3,"name":"Vaik\u0173 ligos"}]},{"@type":"WebSite","@id":"https:\/\/skaitytaknyga.lt\/#website","url":"https:\/\/skaitytaknyga.lt\/","name":"skaitytaknyga.lt","description":"Skaitytaknyga.lt \u2013 tai ma\u017eas \u0161eimos verslas, kuris prasid\u0117jo nuo meil\u0117s knygoms ir siekio i\u0161gelb\u0117ti knygas nuo likimo prie konteinerio. Kas vienam nereikalingas daiktas \u2013 kitam lobis, o mes esame tarpininkai, kurie padeda abiems tapti laimingesniems ???? \u017dinome kaip nelengva i\u0161gyventi ma\u017eiems verslams, tad nuo \u0161iol, \u010dia rasite ir kit\u0173, ma\u017e\u0173 \u0161eim\u0173 versl\u0173, rank\u0173 darbo, dovan\u0173 sau ir artimiesiems.","publisher":{"@id":"https:\/\/skaitytaknyga.lt\/#organization"},"potentialAction":[{"@type":"SearchAction","target":{"@type":"EntryPoint","urlTemplate":"https:\/\/skaitytaknyga.lt\/?s={search_term_string}"},"query-input":{"@type":"PropertyValueSpecification","valueRequired":true,"valueName":"search_term_string"}}],"inLanguage":"en-GB"},{"@type":"Organization","@id":"https:\/\/skaitytaknyga.lt\/#organization","name":"skaitytaknyga.lt","url":"https:\/\/skaitytaknyga.lt\/","logo":{"@type":"ImageObject","inLanguage":"en-GB","@id":"https:\/\/skaitytaknyga.lt\/#\/schema\/logo\/image\/","url":"https:\/\/skaitytaknyga.lt\/wp-content\/uploads\/2024\/05\/cropped-cropped-cropped-02_00843_jt3bggkj1j3HLc7SyY6rEUpg.jpeg","contentUrl":"https:\/\/skaitytaknyga.lt\/wp-content\/uploads\/2024\/05\/cropped-cropped-cropped-02_00843_jt3bggkj1j3HLc7SyY6rEUpg.jpeg","width":1600,"height":1600,"caption":"skaitytaknyga.lt"},"image":{"@id":"https:\/\/skaitytaknyga.lt\/#\/schema\/logo\/image\/"},"sameAs":["https:\/\/www.facebook.com\/skaitytaknyga\/"]}]}},"_links":{"self":[{"href":"https:\/\/skaitytaknyga.lt\/en\/wp-json\/wp\/v2\/product\/8531","targetHints":{"allow":["GET"]}}],"collection":[{"href":"https:\/\/skaitytaknyga.lt\/en\/wp-json\/wp\/v2\/product"}],"about":[{"href":"https:\/\/skaitytaknyga.lt\/en\/wp-json\/wp\/v2\/types\/product"}],"replies":[{"embeddable":true,"href":"https:\/\/skaitytaknyga.lt\/en\/wp-json\/wp\/v2\/comments?post=8531"}],"wp:featuredmedia":[{"embeddable":true,"href":"https:\/\/skaitytaknyga.lt\/en\/wp-json\/wp\/v2\/media\/4736"}],"wp:attachment":[{"href":"https:\/\/skaitytaknyga.lt\/en\/wp-json\/wp\/v2\/media?parent=8531"}],"wp:term":[{"taxonomy":"product_brand","embeddable":true,"href":"https:\/\/skaitytaknyga.lt\/en\/wp-json\/wp\/v2\/product_brand?post=8531"},{"taxonomy":"product_cat","embeddable":true,"href":"https:\/\/skaitytaknyga.lt\/en\/wp-json\/wp\/v2\/product_cat?post=8531"},{"taxonomy":"product_tag","embeddable":true,"href":"https:\/\/skaitytaknyga.lt\/en\/wp-json\/wp\/v2\/product_tag?post=8531"}],"curies":[{"name":"wp","href":"https:\/\/api.w.org\/{rel}","templated":true}]}}