{"id":8527,"date":"2024-05-04T14:47:05","date_gmt":"2024-05-04T14:47:05","guid":{"rendered":"https:\/\/skaitytaknyga.lt\/?post_type=product&#038;p=8527"},"modified":"2025-04-17T10:46:20","modified_gmt":"2025-04-17T07:46:20","slug":"a-puipa-rozes-2","status":"publish","type":"product","link":"https:\/\/skaitytaknyga.lt\/en\/produktas\/a-puipa-rozes-2\/","title":{"rendered":"A. Puipa \u201eRo\u017e\u0117s\u201c"},"content":{"rendered":"<p>Daugelis savo aplink\u0105 stengiasi papuo\u0161ti kuo \u012fdomesn\u0117mis ro\u017ei\u0173 veisl\u0117mis. Ro\u017e\u0117 gra\u017eiausia dovana \u012fvairiomis progomis. Ro\u017e\u0117mis vis labiau domimasi, o \u017eini\u0173 apie j\u0173 auginim\u0105 tr\u016bksta. Knygos prad\u017eioje trumpai nu\u0161vie\u010diama ro\u017ei\u0173 istorija, g\u0117lininkams m\u0117g\u0117jams pateikiama prakti\u0161k\u0173 patarim\u0173 : koki\u0105 viet\u0105 parinkti ro\u017eynui, kaip j\u012f \u012fveisti ir pri\u017ei\u016br\u0117ti, apsaugoti nuo lig\u0173 ir kenk\u0117j\u0173. Pla\u010diai apra\u0161oma ir apie ro\u017ei\u0173 dauginim\u0105.<\/p>\n","protected":false},"excerpt":{"rendered":"<p>Daugelis savo aplink\u0105 stengiasi papuo\u0161ti kuo \u012fdomesn\u0117mis ro\u017ei\u0173 veisl\u0117mis. Ro\u017e\u0117 gra\u017eiausia dovana \u012fvairiomis progomis. Ro\u017e\u0117mis vis labiau domimasi, o \u017eini\u0173 apie j\u0173 auginim\u0105 tr\u016bksta. Knygos prad\u017eioje trumpai nu\u0161vie\u010diama ro\u017ei\u0173 istorija, g\u0117lininkams m\u0117g\u0117jams pateikiama prakti\u0161k\u0173 patarim\u0173 : koki\u0105 viet\u0105 parinkti ro\u017eynui, kaip j\u012f \u012fveisti ir pri\u017ei\u016br\u0117ti, apsaugoti nuo lig\u0173 ir kenk\u0117j\u0173. Pla\u010diai apra\u0161oma ir apie ro\u017ei\u0173 dauginim\u0105.<\/p>\n","protected":false},"featured_media":4732,"comment_status":"closed","ping_status":"closed","template":"","meta":{"_acf_changed":false,"site-sidebar-layout":"default","site-content-layout":"","ast-site-content-layout":"default","site-content-style":"default","site-sidebar-style":"default","ast-global-header-display":"","ast-banner-title-visibility":"","ast-main-header-display":"","ast-hfb-above-header-display":"","ast-hfb-below-header-display":"","ast-hfb-mobile-header-display":"","site-post-title":"","ast-breadcrumbs-content":"","ast-featured-img":"","footer-sml-layout":"","ast-disable-related-posts":"","theme-transparent-header-meta":"","adv-header-id-meta":"","stick-header-meta":"","header-above-stick-meta":"","header-main-stick-meta":"","header-below-stick-meta":"","astra-migrate-meta-layouts":"default","ast-page-background-enabled":"default","ast-page-background-meta":{"desktop":{"background-color":"","background-image":"","background-repeat":"repeat","background-position":"center center","background-size":"auto","background-attachment":"scroll","background-type":"","background-media":"","overlay-type":"","overlay-color":"","overlay-opacity":"","overlay-gradient":""},"tablet":{"background-color":"","background-image":"","background-repeat":"repeat","background-position":"center center","background-size":"auto","background-attachment":"scroll","background-type":"","background-media":"","overlay-type":"","overlay-color":"","overlay-opacity":"","overlay-gradient":""},"mobile":{"background-color":"","background-image":"","background-repeat":"repeat","background-position":"center center","background-size":"auto","background-attachment":"scroll","background-type":"","background-media":"","overlay-type":"","overlay-color":"","overlay-opacity":"","overlay-gradient":""}},"ast-content-background-meta":{"desktop":{"background-color":"var(--ast-global-color-4)","background-image":"","background-repeat":"repeat","background-position":"center center","background-size":"auto","background-attachment":"scroll","background-type":"","background-media":"","overlay-type":"","overlay-color":"","overlay-opacity":"","overlay-gradient":""},"tablet":{"background-color":"var(--ast-global-color-4)","background-image":"","background-repeat":"repeat","background-position":"center center","background-size":"auto","background-attachment":"scroll","background-type":"","background-media":"","overlay-type":"","overlay-color":"","overlay-opacity":"","overlay-gradient":""},"mobile":{"background-color":"var(--ast-global-color-4)","background-image":"","background-repeat":"repeat","background-position":"center center","background-size":"auto","background-attachment":"scroll","background-type":"","background-media":"","overlay-type":"","overlay-color":"","overlay-opacity":"","overlay-gradient":""}}},"product_brand":[],"product_cat":[74],"product_tag":[1098],"class_list":{"0":"post-8527","1":"product","2":"type-product","3":"status-publish","4":"has-post-thumbnail","6":"product_cat-sodas-darzas-ir-gelynai","7":"product_tag-geliu-auginimas","8":"desktop-align-left","9":"tablet-align-left","10":"mobile-align-left","12":"first","13":"outofstock","14":"shipping-taxable","15":"purchasable","16":"product-type-simple"},"acf":[],"yoast_head":"<!-- This site is optimized with the Yoast SEO plugin v27.0 - https:\/\/yoast.com\/product\/yoast-seo-wordpress\/ -->\n<title>A. Puipa \u201eRo\u017e\u0117s\u201c<\/title>\n<meta name=\"description\" content=\"Daugelis savo aplink\u0105 stengiasi papuo\u0161ti kuo \u012fdomesn\u0117mis ro\u017ei\u0173 veisl\u0117mis. Ro\u017e\u0117 gra\u017eiausia dovana \u012fvairiomis progomis. Ro\u017e\u0117mis vis labiau domimasi, o \u017eini\u0173 apie j\u0173 auginim\u0105 tr\u016bksta. Knygos prad\u017eioje trumpai nu\u0161vie\u010diama ro\u017ei\u0173 istorija, g\u0117lininkams m\u0117g\u0117jams pateikiama prakti\u0161k\u0173 patarim\u0173 : koki\u0105 viet\u0105 parinkti ro\u017eynui, kaip j\u012f \u012fveisti ir pri\u017ei\u016br\u0117ti, apsaugoti nuo lig\u0173 ir kenk\u0117j\u0173. Pla\u010diai apra\u0161oma ir apie ro\u017ei\u0173 dauginim\u0105.\" \/>\n<meta name=\"robots\" content=\"index, follow, max-snippet:-1, max-image-preview:large, max-video-preview:-1\" \/>\n<link rel=\"canonical\" href=\"https:\/\/skaitytaknyga.lt\/en\/produktas\/a-puipa-rozes-2\/\" \/>\n<meta property=\"og:locale\" content=\"en_GB\" \/>\n<meta property=\"og:locale:alternate\" content=\"lt_LT\" \/>\n<meta property=\"og:type\" content=\"article\" \/>\n<meta property=\"og:title\" content=\"A. Puipa \u201eRo\u017e\u0117s\u201c\" \/>\n<meta property=\"og:description\" content=\"Daugelis savo aplink\u0105 stengiasi papuo\u0161ti kuo \u012fdomesn\u0117mis ro\u017ei\u0173 veisl\u0117mis. Ro\u017e\u0117 gra\u017eiausia dovana \u012fvairiomis progomis. Ro\u017e\u0117mis vis labiau domimasi, o \u017eini\u0173 apie j\u0173 auginim\u0105 tr\u016bksta. Knygos prad\u017eioje trumpai nu\u0161vie\u010diama ro\u017ei\u0173 istorija, g\u0117lininkams m\u0117g\u0117jams pateikiama prakti\u0161k\u0173 patarim\u0173 : koki\u0105 viet\u0105 parinkti ro\u017eynui, kaip j\u012f \u012fveisti ir pri\u017ei\u016br\u0117ti, apsaugoti nuo lig\u0173 ir kenk\u0117j\u0173. Pla\u010diai apra\u0161oma ir apie ro\u017ei\u0173 dauginim\u0105.\" \/>\n<meta property=\"og:url\" content=\"https:\/\/skaitytaknyga.lt\/en\/produktas\/a-puipa-rozes-2\/\" \/>\n<meta property=\"og:site_name\" content=\"Skaitytaknyga\" \/>\n<meta property=\"article:publisher\" content=\"https:\/\/www.facebook.com\/skaitytaknyga\/\" \/>\n<meta property=\"article:modified_time\" content=\"2025-04-17T07:46:20+00:00\" \/>\n<meta property=\"og:image\" content=\"https:\/\/skaitytaknyga.lt\/wp-content\/uploads\/2024\/04\/Be-pavadinimo-12.png\" \/>\n\t<meta property=\"og:image:width\" content=\"362\" \/>\n\t<meta property=\"og:image:height\" content=\"527\" \/>\n\t<meta property=\"og:image:type\" content=\"image\/png\" \/>\n<meta name=\"twitter:card\" content=\"summary_large_image\" \/>\n<script type=\"application\/ld+json\" class=\"yoast-schema-graph\">{\"@context\":\"https:\/\/schema.org\",\"@graph\":[{\"@type\":\"WebPage\",\"@id\":\"https:\/\/skaitytaknyga.lt\/produktas\/a-puipa-rozes-2\/\",\"url\":\"https:\/\/skaitytaknyga.lt\/produktas\/a-puipa-rozes-2\/\",\"name\":\"A. Puipa \u201eRo\u017e\u0117s\u201c\",\"isPartOf\":{\"@id\":\"https:\/\/skaitytaknyga.lt\/#website\"},\"primaryImageOfPage\":{\"@id\":\"https:\/\/skaitytaknyga.lt\/produktas\/a-puipa-rozes-2\/#primaryimage\"},\"image\":{\"@id\":\"https:\/\/skaitytaknyga.lt\/produktas\/a-puipa-rozes-2\/#primaryimage\"},\"thumbnailUrl\":\"https:\/\/skaitytaknyga.lt\/wp-content\/uploads\/2024\/04\/Be-pavadinimo-12.png\",\"datePublished\":\"2024-05-04T14:47:05+00:00\",\"dateModified\":\"2025-04-17T07:46:20+00:00\",\"description\":\"Daugelis savo aplink\u0105 stengiasi papuo\u0161ti kuo \u012fdomesn\u0117mis ro\u017ei\u0173 veisl\u0117mis. Ro\u017e\u0117 gra\u017eiausia dovana \u012fvairiomis progomis. Ro\u017e\u0117mis vis labiau domimasi, o \u017eini\u0173 apie j\u0173 auginim\u0105 tr\u016bksta. Knygos prad\u017eioje trumpai nu\u0161vie\u010diama ro\u017ei\u0173 istorija, g\u0117lininkams m\u0117g\u0117jams pateikiama prakti\u0161k\u0173 patarim\u0173 : koki\u0105 viet\u0105 parinkti ro\u017eynui, kaip j\u012f \u012fveisti ir pri\u017ei\u016br\u0117ti, apsaugoti nuo lig\u0173 ir kenk\u0117j\u0173. Pla\u010diai apra\u0161oma ir apie ro\u017ei\u0173 dauginim\u0105.\",\"breadcrumb\":{\"@id\":\"https:\/\/skaitytaknyga.lt\/produktas\/a-puipa-rozes-2\/#breadcrumb\"},\"inLanguage\":\"en-GB\",\"potentialAction\":[{\"@type\":\"ReadAction\",\"target\":[\"https:\/\/skaitytaknyga.lt\/produktas\/a-puipa-rozes-2\/\"]}]},{\"@type\":\"ImageObject\",\"inLanguage\":\"en-GB\",\"@id\":\"https:\/\/skaitytaknyga.lt\/produktas\/a-puipa-rozes-2\/#primaryimage\",\"url\":\"https:\/\/skaitytaknyga.lt\/wp-content\/uploads\/2024\/04\/Be-pavadinimo-12.png\",\"contentUrl\":\"https:\/\/skaitytaknyga.lt\/wp-content\/uploads\/2024\/04\/Be-pavadinimo-12.png\",\"width\":362,\"height\":527},{\"@type\":\"BreadcrumbList\",\"@id\":\"https:\/\/skaitytaknyga.lt\/produktas\/a-puipa-rozes-2\/#breadcrumb\",\"itemListElement\":[{\"@type\":\"ListItem\",\"position\":1,\"name\":\"Home\",\"item\":\"https:\/\/skaitytaknyga.lt\/\"},{\"@type\":\"ListItem\",\"position\":2,\"name\":\"Parduotuv\u0117\",\"item\":\"https:\/\/skaitytaknyga.lt\/knygu-parduotuve\/\"},{\"@type\":\"ListItem\",\"position\":3,\"name\":\"A. Puipa \u201eRo\u017e\u0117s\u201c\"}]},{\"@type\":\"WebSite\",\"@id\":\"https:\/\/skaitytaknyga.lt\/#website\",\"url\":\"https:\/\/skaitytaknyga.lt\/\",\"name\":\"skaitytaknyga.lt\",\"description\":\"Skaitytaknyga.lt \u2013 tai ma\u017eas \u0161eimos verslas, kuris prasid\u0117jo nuo meil\u0117s knygoms ir siekio i\u0161gelb\u0117ti knygas nuo likimo prie konteinerio. Kas vienam nereikalingas daiktas \u2013 kitam lobis, o mes esame tarpininkai, kurie padeda abiems tapti laimingesniems ???? \u017dinome kaip nelengva i\u0161gyventi ma\u017eiems verslams, tad nuo \u0161iol, \u010dia rasite ir kit\u0173, ma\u017e\u0173 \u0161eim\u0173 versl\u0173, rank\u0173 darbo, dovan\u0173 sau ir artimiesiems.\",\"publisher\":{\"@id\":\"https:\/\/skaitytaknyga.lt\/#organization\"},\"potentialAction\":[{\"@type\":\"SearchAction\",\"target\":{\"@type\":\"EntryPoint\",\"urlTemplate\":\"https:\/\/skaitytaknyga.lt\/?s={search_term_string}\"},\"query-input\":{\"@type\":\"PropertyValueSpecification\",\"valueRequired\":true,\"valueName\":\"search_term_string\"}}],\"inLanguage\":\"en-GB\"},{\"@type\":\"Organization\",\"@id\":\"https:\/\/skaitytaknyga.lt\/#organization\",\"name\":\"skaitytaknyga.lt\",\"url\":\"https:\/\/skaitytaknyga.lt\/\",\"logo\":{\"@type\":\"ImageObject\",\"inLanguage\":\"en-GB\",\"@id\":\"https:\/\/skaitytaknyga.lt\/#\/schema\/logo\/image\/\",\"url\":\"https:\/\/skaitytaknyga.lt\/wp-content\/uploads\/2024\/05\/cropped-cropped-cropped-02_00843_jt3bggkj1j3HLc7SyY6rEUpg.jpeg\",\"contentUrl\":\"https:\/\/skaitytaknyga.lt\/wp-content\/uploads\/2024\/05\/cropped-cropped-cropped-02_00843_jt3bggkj1j3HLc7SyY6rEUpg.jpeg\",\"width\":1600,\"height\":1600,\"caption\":\"skaitytaknyga.lt\"},\"image\":{\"@id\":\"https:\/\/skaitytaknyga.lt\/#\/schema\/logo\/image\/\"},\"sameAs\":[\"https:\/\/www.facebook.com\/skaitytaknyga\/\"]}]}<\/script>\n<!-- \/ Yoast SEO plugin. -->","yoast_head_json":{"title":"A. Puipa \u201eRo\u017e\u0117s\u201c","description":"Daugelis savo aplink\u0105 stengiasi papuo\u0161ti kuo \u012fdomesn\u0117mis ro\u017ei\u0173 veisl\u0117mis. Ro\u017e\u0117 gra\u017eiausia dovana \u012fvairiomis progomis. Ro\u017e\u0117mis vis labiau domimasi, o \u017eini\u0173 apie j\u0173 auginim\u0105 tr\u016bksta. Knygos prad\u017eioje trumpai nu\u0161vie\u010diama ro\u017ei\u0173 istorija, g\u0117lininkams m\u0117g\u0117jams pateikiama prakti\u0161k\u0173 patarim\u0173 : koki\u0105 viet\u0105 parinkti ro\u017eynui, kaip j\u012f \u012fveisti ir pri\u017ei\u016br\u0117ti, apsaugoti nuo lig\u0173 ir kenk\u0117j\u0173. Pla\u010diai apra\u0161oma ir apie ro\u017ei\u0173 dauginim\u0105.","robots":{"index":"index","follow":"follow","max-snippet":"max-snippet:-1","max-image-preview":"max-image-preview:large","max-video-preview":"max-video-preview:-1"},"canonical":"https:\/\/skaitytaknyga.lt\/en\/produktas\/a-puipa-rozes-2\/","og_locale":"en_GB","og_type":"article","og_title":"[:lt]A. Puipa \u201eRo\u017e\u0117s\u201c[:] - Skaitytaknyga","og_description":"Daugelis savo aplink\u0105 stengiasi papuo\u0161ti kuo \u012fdomesn\u0117mis ro\u017ei\u0173 veisl\u0117mis. Ro\u017e\u0117 gra\u017eiausia dovana \u012fvairiomis progomis. Ro\u017e\u0117mis vis labiau domimasi, o \u017eini\u0173 apie j\u0173 auginim\u0105 tr\u016bksta. Knygos prad\u017eioje trumpai nu\u0161vie\u010diama ro\u017ei\u0173 istorija, g\u0117lininkams m\u0117g\u0117jams pateikiama prakti\u0161k\u0173 patarim\u0173 : koki\u0105 viet\u0105 parinkti ro\u017eynui, kaip j\u012f \u012fveisti ir pri\u017ei\u016br\u0117ti, apsaugoti nuo lig\u0173 ir kenk\u0117j\u0173. Pla\u010diai apra\u0161oma ir apie ro\u017ei\u0173 dauginim\u0105.","og_url":"https:\/\/skaitytaknyga.lt\/en\/produktas\/a-puipa-rozes-2\/","og_site_name":"Skaitytaknyga","article_publisher":"https:\/\/www.facebook.com\/skaitytaknyga\/","article_modified_time":"2025-04-17T07:46:20+00:00","og_image":[{"width":362,"height":527,"url":"https:\/\/skaitytaknyga.lt\/wp-content\/uploads\/2024\/04\/Be-pavadinimo-12.png","type":"image\/png"}],"twitter_card":"summary_large_image","schema":{"@context":"https:\/\/schema.org","@graph":[{"@type":"WebPage","@id":"https:\/\/skaitytaknyga.lt\/produktas\/a-puipa-rozes-2\/","url":"https:\/\/skaitytaknyga.lt\/produktas\/a-puipa-rozes-2\/","name":"A. Puipa \u201eRo\u017e\u0117s\u201c","isPartOf":{"@id":"https:\/\/skaitytaknyga.lt\/#website"},"primaryImageOfPage":{"@id":"https:\/\/skaitytaknyga.lt\/produktas\/a-puipa-rozes-2\/#primaryimage"},"image":{"@id":"https:\/\/skaitytaknyga.lt\/produktas\/a-puipa-rozes-2\/#primaryimage"},"thumbnailUrl":"https:\/\/skaitytaknyga.lt\/wp-content\/uploads\/2024\/04\/Be-pavadinimo-12.png","datePublished":"2024-05-04T14:47:05+00:00","dateModified":"2025-04-17T07:46:20+00:00","description":"Daugelis savo aplink\u0105 stengiasi papuo\u0161ti kuo \u012fdomesn\u0117mis ro\u017ei\u0173 veisl\u0117mis. Ro\u017e\u0117 gra\u017eiausia dovana \u012fvairiomis progomis. Ro\u017e\u0117mis vis labiau domimasi, o \u017eini\u0173 apie j\u0173 auginim\u0105 tr\u016bksta. Knygos prad\u017eioje trumpai nu\u0161vie\u010diama ro\u017ei\u0173 istorija, g\u0117lininkams m\u0117g\u0117jams pateikiama prakti\u0161k\u0173 patarim\u0173 : koki\u0105 viet\u0105 parinkti ro\u017eynui, kaip j\u012f \u012fveisti ir pri\u017ei\u016br\u0117ti, apsaugoti nuo lig\u0173 ir kenk\u0117j\u0173. Pla\u010diai apra\u0161oma ir apie ro\u017ei\u0173 dauginim\u0105.","breadcrumb":{"@id":"https:\/\/skaitytaknyga.lt\/produktas\/a-puipa-rozes-2\/#breadcrumb"},"inLanguage":"en-GB","potentialAction":[{"@type":"ReadAction","target":["https:\/\/skaitytaknyga.lt\/produktas\/a-puipa-rozes-2\/"]}]},{"@type":"ImageObject","inLanguage":"en-GB","@id":"https:\/\/skaitytaknyga.lt\/produktas\/a-puipa-rozes-2\/#primaryimage","url":"https:\/\/skaitytaknyga.lt\/wp-content\/uploads\/2024\/04\/Be-pavadinimo-12.png","contentUrl":"https:\/\/skaitytaknyga.lt\/wp-content\/uploads\/2024\/04\/Be-pavadinimo-12.png","width":362,"height":527},{"@type":"BreadcrumbList","@id":"https:\/\/skaitytaknyga.lt\/produktas\/a-puipa-rozes-2\/#breadcrumb","itemListElement":[{"@type":"ListItem","position":1,"name":"Home","item":"https:\/\/skaitytaknyga.lt\/"},{"@type":"ListItem","position":2,"name":"Parduotuv\u0117","item":"https:\/\/skaitytaknyga.lt\/knygu-parduotuve\/"},{"@type":"ListItem","position":3,"name":"A. Puipa \u201eRo\u017e\u0117s\u201c"}]},{"@type":"WebSite","@id":"https:\/\/skaitytaknyga.lt\/#website","url":"https:\/\/skaitytaknyga.lt\/","name":"skaitytaknyga.lt","description":"Skaitytaknyga.lt \u2013 tai ma\u017eas \u0161eimos verslas, kuris prasid\u0117jo nuo meil\u0117s knygoms ir siekio i\u0161gelb\u0117ti knygas nuo likimo prie konteinerio. Kas vienam nereikalingas daiktas \u2013 kitam lobis, o mes esame tarpininkai, kurie padeda abiems tapti laimingesniems ???? \u017dinome kaip nelengva i\u0161gyventi ma\u017eiems verslams, tad nuo \u0161iol, \u010dia rasite ir kit\u0173, ma\u017e\u0173 \u0161eim\u0173 versl\u0173, rank\u0173 darbo, dovan\u0173 sau ir artimiesiems.","publisher":{"@id":"https:\/\/skaitytaknyga.lt\/#organization"},"potentialAction":[{"@type":"SearchAction","target":{"@type":"EntryPoint","urlTemplate":"https:\/\/skaitytaknyga.lt\/?s={search_term_string}"},"query-input":{"@type":"PropertyValueSpecification","valueRequired":true,"valueName":"search_term_string"}}],"inLanguage":"en-GB"},{"@type":"Organization","@id":"https:\/\/skaitytaknyga.lt\/#organization","name":"skaitytaknyga.lt","url":"https:\/\/skaitytaknyga.lt\/","logo":{"@type":"ImageObject","inLanguage":"en-GB","@id":"https:\/\/skaitytaknyga.lt\/#\/schema\/logo\/image\/","url":"https:\/\/skaitytaknyga.lt\/wp-content\/uploads\/2024\/05\/cropped-cropped-cropped-02_00843_jt3bggkj1j3HLc7SyY6rEUpg.jpeg","contentUrl":"https:\/\/skaitytaknyga.lt\/wp-content\/uploads\/2024\/05\/cropped-cropped-cropped-02_00843_jt3bggkj1j3HLc7SyY6rEUpg.jpeg","width":1600,"height":1600,"caption":"skaitytaknyga.lt"},"image":{"@id":"https:\/\/skaitytaknyga.lt\/#\/schema\/logo\/image\/"},"sameAs":["https:\/\/www.facebook.com\/skaitytaknyga\/"]}]}},"_links":{"self":[{"href":"https:\/\/skaitytaknyga.lt\/en\/wp-json\/wp\/v2\/product\/8527","targetHints":{"allow":["GET"]}}],"collection":[{"href":"https:\/\/skaitytaknyga.lt\/en\/wp-json\/wp\/v2\/product"}],"about":[{"href":"https:\/\/skaitytaknyga.lt\/en\/wp-json\/wp\/v2\/types\/product"}],"replies":[{"embeddable":true,"href":"https:\/\/skaitytaknyga.lt\/en\/wp-json\/wp\/v2\/comments?post=8527"}],"wp:featuredmedia":[{"embeddable":true,"href":"https:\/\/skaitytaknyga.lt\/en\/wp-json\/wp\/v2\/media\/4732"}],"wp:attachment":[{"href":"https:\/\/skaitytaknyga.lt\/en\/wp-json\/wp\/v2\/media?parent=8527"}],"wp:term":[{"taxonomy":"product_brand","embeddable":true,"href":"https:\/\/skaitytaknyga.lt\/en\/wp-json\/wp\/v2\/product_brand?post=8527"},{"taxonomy":"product_cat","embeddable":true,"href":"https:\/\/skaitytaknyga.lt\/en\/wp-json\/wp\/v2\/product_cat?post=8527"},{"taxonomy":"product_tag","embeddable":true,"href":"https:\/\/skaitytaknyga.lt\/en\/wp-json\/wp\/v2\/product_tag?post=8527"}],"curies":[{"name":"wp","href":"https:\/\/api.w.org\/{rel}","templated":true}]}}