{"id":8523,"date":"2024-05-04T14:47:05","date_gmt":"2024-05-04T14:47:05","guid":{"rendered":"https:\/\/skaitytaknyga.lt\/?post_type=product&#038;p=8523"},"modified":"2026-03-02T10:48:26","modified_gmt":"2026-03-02T08:48:26","slug":"penkios-sutuoktiniu-meiles-kalbos-2","status":"publish","type":"product","link":"https:\/\/skaitytaknyga.lt\/en\/produktas\/penkios-sutuoktiniu-meiles-kalbos-2\/","title":{"rendered":"Penkios sutuoktini\u0173 meil\u0117s kalbos"},"content":{"rendered":"<p>\u201ePenkios sutuoktini\u0173 meil\u0117s kalbos\u201c \u2014 tai sutuoktini\u0173 vadovas, pad\u0117siantis jiems tapti, \u201evieninga komanda\u201c.<br \/>\n<span id=\"selection_index6\" class=\"selection_index\"><\/span><\/p>\n<p>Netruksite suprasti ir kalb\u0117ti unikaliomis meil\u0117s kalbomis, efektingai i\u0161reik\u0161ti savo meil\u0119 ir pats pasijusti nuo\u0161ird\u017eiai mylimas.<br \/>\n<span id=\"selection_index7\" class=\"selection_index\"><\/span><\/p>\n<p>Jeigu meil\u0119 sutuoktiniui rodysite tuo b\u016bdu, kurio jis nesupranta, jis net nesuvoks, kad tai meil\u0117s i\u0161rai\u0161ka. B\u0117da ta, kad j\u016bs kalbat\u0117s skirtingomis kalbomis.<br \/>\n<span id=\"selection_index8\" class=\"selection_index\"><\/span><\/p>\n<p>Galb\u016bt j\u016bs\u0173 vyras nori i\u0161girsti padr\u0105sinan\u010dius \u017eod\u017eius, bet jums atrodo, kad j\u012f prad\u017eiugins skan\u016bs piet\u016bs. Kai ir pavalg\u0119s jis lieka prisl\u0117gtas, j\u016bs nieko nebesuprantate. Gal \u017emona trok\u0161ta pab\u016bti kartu su jumis &#8211; toli nuo vaik\u0173 ir televizoriaus? J\u016bs\u0173 padovanota g\u0117li\u0173 puok\u0161t\u0117 jai ne visada pasako, kad mylite j\u0105&#8230;<\/p>\n","protected":false},"excerpt":{"rendered":"<p>\u201ePenkios sutuoktini\u0173 meil\u0117s kalbos\u201c \u2014 tai sutuoktini\u0173 vadovas, pad\u0117siantis jiems tapti, \u201evieninga komanda\u201c.<br \/>\n<span id=\"selection_index6\" class=\"selection_index\"><\/span><\/p>\n<p>Netruksite suprasti ir kalb\u0117ti unikaliomis meil\u0117s kalbomis, efektingai i\u0161reik\u0161ti savo meil\u0119 ir pats pasijusti nuo\u0161ird\u017eiai mylimas.<br \/>\n<span id=\"selection_index7\" class=\"selection_index\"><\/span><\/p>\n<p>Jeigu meil\u0119 sutuoktiniui rodysite tuo b\u016bdu, kurio jis nesupranta, jis net nesuvoks, kad tai meil\u0117s i\u0161rai\u0161ka. B\u0117da ta, kad j\u016bs kalbat\u0117s skirtingomis kalbomis.<br \/>\n<span id=\"selection_index8\" class=\"selection_index\"><\/span><\/p>\n<p>Galb\u016bt j\u016bs\u0173 vyras nori i\u0161girsti padr\u0105sinan\u010dius \u017eod\u017eius, bet jums atrodo, kad j\u012f prad\u017eiugins skan\u016bs piet\u016bs. Kai ir pavalg\u0119s jis lieka prisl\u0117gtas, j\u016bs nieko nebesuprantate. Gal \u017emona trok\u0161ta pab\u016bti kartu su jumis &#8211; toli nuo vaik\u0173 ir televizoriaus? J\u016bs\u0173 padovanota g\u0117li\u0173 puok\u0161t\u0117 jai ne visada pasako, kad mylite j\u0105&#8230;<\/p>\n","protected":false},"featured_media":4711,"comment_status":"closed","ping_status":"closed","template":"","meta":{"_acf_changed":false,"site-sidebar-layout":"default","site-content-layout":"","ast-site-content-layout":"default","site-content-style":"default","site-sidebar-style":"default","ast-global-header-display":"","ast-banner-title-visibility":"","ast-main-header-display":"","ast-hfb-above-header-display":"","ast-hfb-below-header-display":"","ast-hfb-mobile-header-display":"","site-post-title":"","ast-breadcrumbs-content":"","ast-featured-img":"","footer-sml-layout":"","ast-disable-related-posts":"","theme-transparent-header-meta":"","adv-header-id-meta":"","stick-header-meta":"","header-above-stick-meta":"","header-main-stick-meta":"","header-below-stick-meta":"","astra-migrate-meta-layouts":"default","ast-page-background-enabled":"default","ast-page-background-meta":{"desktop":{"background-color":"","background-image":"","background-repeat":"repeat","background-position":"center center","background-size":"auto","background-attachment":"scroll","background-type":"","background-media":"","overlay-type":"","overlay-color":"","overlay-opacity":"","overlay-gradient":""},"tablet":{"background-color":"","background-image":"","background-repeat":"repeat","background-position":"center center","background-size":"auto","background-attachment":"scroll","background-type":"","background-media":"","overlay-type":"","overlay-color":"","overlay-opacity":"","overlay-gradient":""},"mobile":{"background-color":"","background-image":"","background-repeat":"repeat","background-position":"center center","background-size":"auto","background-attachment":"scroll","background-type":"","background-media":"","overlay-type":"","overlay-color":"","overlay-opacity":"","overlay-gradient":""}},"ast-content-background-meta":{"desktop":{"background-color":"var(--ast-global-color-4)","background-image":"","background-repeat":"repeat","background-position":"center center","background-size":"auto","background-attachment":"scroll","background-type":"","background-media":"","overlay-type":"","overlay-color":"","overlay-opacity":"","overlay-gradient":""},"tablet":{"background-color":"var(--ast-global-color-4)","background-image":"","background-repeat":"repeat","background-position":"center center","background-size":"auto","background-attachment":"scroll","background-type":"","background-media":"","overlay-type":"","overlay-color":"","overlay-opacity":"","overlay-gradient":""},"mobile":{"background-color":"var(--ast-global-color-4)","background-image":"","background-repeat":"repeat","background-position":"center center","background-size":"auto","background-attachment":"scroll","background-type":"","background-media":"","overlay-type":"","overlay-color":"","overlay-opacity":"","overlay-gradient":""}}},"product_brand":[],"product_cat":[30],"product_tag":[2739],"class_list":{"0":"post-8523","1":"product","2":"type-product","3":"status-publish","4":"has-post-thumbnail","6":"product_cat-psichologija-ir-saviugda","7":"product_tag-gary-chapman","8":"desktop-align-left","9":"tablet-align-left","10":"mobile-align-left","12":"first","13":"outofstock","14":"shipping-taxable","15":"purchasable","16":"product-type-simple"},"acf":[],"yoast_head":"<!-- This site is optimized with the Yoast SEO plugin v27.4 - https:\/\/yoast.com\/product\/yoast-seo-wordpress\/ -->\n<title>Penkios sutuoktini\u0173 meil\u0117s kalbos<\/title>\n<meta name=\"description\" content=\"\u201ePenkios sutuoktini\u0173 meil\u0117s kalbos\u201c \u2014 tai sutuoktini\u0173 vadovas, pad\u0117siantis jiems tapti, \u201evieninga komanda\u201c.   Netruksite suprasti ir kalb\u0117ti unikaliomis meil\u0117s kalbomis, efektingai i\u0161reik\u0161ti savo meil\u0119 ir pats pasijusti nuo\u0161ird\u017eiai mylimas.   Jeigu meil\u0119 sutuoktiniui rodysite tuo b\u016bdu, kurio jis nesupranta, jis net nesuvoks, kad tai meil\u0117s i\u0161rai\u0161ka. B\u0117da ta, kad j\u016bs kalbat\u0117s skirtingomis kalbomis.   Galb\u016bt j\u016bs\u0173 vyras nori i\u0161girsti padr\u0105sinan\u010dius \u017eod\u017eius, bet jums atrodo, kad j\u012f prad\u017eiugins skan\u016bs piet\u016bs. Kai ir pavalg\u0119s jis lieka prisl\u0117gtas, j\u016bs nieko nebesuprantate. Gal \u017emona trok\u0161ta pab\u016bti kartu su jumis - toli nuo vaik\u0173 ir televizoriaus? J\u016bs\u0173 padovanota g\u0117li\u0173 puok\u0161t\u0117 jai ne visada pasako, kad mylite j\u0105...\" \/>\n<meta name=\"robots\" content=\"index, follow, max-snippet:-1, max-image-preview:large, max-video-preview:-1\" \/>\n<link rel=\"canonical\" href=\"https:\/\/skaitytaknyga.lt\/en\/produktas\/penkios-sutuoktiniu-meiles-kalbos-2\/\" \/>\n<meta property=\"og:locale\" content=\"en_GB\" \/>\n<meta property=\"og:locale:alternate\" content=\"lt_LT\" \/>\n<meta property=\"og:type\" content=\"article\" \/>\n<meta property=\"og:title\" content=\"Penkios sutuoktini\u0173 meil\u0117s kalbos\" \/>\n<meta property=\"og:description\" content=\"\u201ePenkios sutuoktini\u0173 meil\u0117s kalbos\u201c \u2014 tai sutuoktini\u0173 vadovas, pad\u0117siantis jiems tapti, \u201evieninga komanda\u201c.   Netruksite suprasti ir kalb\u0117ti unikaliomis meil\u0117s kalbomis, efektingai i\u0161reik\u0161ti savo meil\u0119 ir pats pasijusti nuo\u0161ird\u017eiai mylimas.   Jeigu meil\u0119 sutuoktiniui rodysite tuo b\u016bdu, kurio jis nesupranta, jis net nesuvoks, kad tai meil\u0117s i\u0161rai\u0161ka. B\u0117da ta, kad j\u016bs kalbat\u0117s skirtingomis kalbomis.   Galb\u016bt j\u016bs\u0173 vyras nori i\u0161girsti padr\u0105sinan\u010dius \u017eod\u017eius, bet jums atrodo, kad j\u012f prad\u017eiugins skan\u016bs piet\u016bs. Kai ir pavalg\u0119s jis lieka prisl\u0117gtas, j\u016bs nieko nebesuprantate. Gal \u017emona trok\u0161ta pab\u016bti kartu su jumis - toli nuo vaik\u0173 ir televizoriaus? J\u016bs\u0173 padovanota g\u0117li\u0173 puok\u0161t\u0117 jai ne visada pasako, kad mylite j\u0105...\" \/>\n<meta property=\"og:url\" content=\"https:\/\/skaitytaknyga.lt\/en\/produktas\/penkios-sutuoktiniu-meiles-kalbos-2\/\" \/>\n<meta property=\"og:site_name\" content=\"Skaitytaknyga\" \/>\n<meta property=\"article:publisher\" content=\"https:\/\/www.facebook.com\/skaitytaknyga\/\" \/>\n<meta property=\"article:modified_time\" content=\"2026-03-02T08:48:26+00:00\" \/>\n<meta property=\"og:image\" content=\"https:\/\/skaitytaknyga.lt\/wp-content\/uploads\/2024\/04\/1462884866_img0020-001.jpg\" \/>\n\t<meta property=\"og:image:width\" content=\"489\" \/>\n\t<meta property=\"og:image:height\" content=\"800\" \/>\n\t<meta property=\"og:image:type\" content=\"image\/jpeg\" \/>\n<meta name=\"twitter:card\" content=\"summary_large_image\" \/>\n<meta name=\"twitter:label1\" content=\"Estimated reading time\" \/>\n\t<meta name=\"twitter:data1\" content=\"1 minute\" \/>\n<script type=\"application\/ld+json\" class=\"yoast-schema-graph\">{\"@context\":\"https:\\\/\\\/schema.org\",\"@graph\":[{\"@type\":\"WebPage\",\"@id\":\"https:\\\/\\\/skaitytaknyga.lt\\\/produktas\\\/penkios-sutuoktiniu-meiles-kalbos-2\\\/\",\"url\":\"https:\\\/\\\/skaitytaknyga.lt\\\/produktas\\\/penkios-sutuoktiniu-meiles-kalbos-2\\\/\",\"name\":\"Penkios sutuoktini\u0173 meil\u0117s kalbos\",\"isPartOf\":{\"@id\":\"https:\\\/\\\/skaitytaknyga.lt\\\/#website\"},\"primaryImageOfPage\":{\"@id\":\"https:\\\/\\\/skaitytaknyga.lt\\\/produktas\\\/penkios-sutuoktiniu-meiles-kalbos-2\\\/#primaryimage\"},\"image\":{\"@id\":\"https:\\\/\\\/skaitytaknyga.lt\\\/produktas\\\/penkios-sutuoktiniu-meiles-kalbos-2\\\/#primaryimage\"},\"thumbnailUrl\":\"https:\\\/\\\/skaitytaknyga.lt\\\/wp-content\\\/uploads\\\/2024\\\/04\\\/1462884866_img0020-001.jpg\",\"datePublished\":\"2024-05-04T14:47:05+00:00\",\"dateModified\":\"2026-03-02T08:48:26+00:00\",\"description\":\"\u201ePenkios sutuoktini\u0173 meil\u0117s kalbos\u201c \u2014 tai sutuoktini\u0173 vadovas, pad\u0117siantis jiems tapti, \u201evieninga komanda\u201c. Netruksite suprasti ir kalb\u0117ti unikaliomis meil\u0117s kalbomis, efektingai i\u0161reik\u0161ti savo meil\u0119 ir pats pasijusti nuo\u0161ird\u017eiai mylimas. Jeigu meil\u0119 sutuoktiniui rodysite tuo b\u016bdu, kurio jis nesupranta, jis net nesuvoks, kad tai meil\u0117s i\u0161rai\u0161ka. B\u0117da ta, kad j\u016bs kalbat\u0117s skirtingomis kalbomis. Galb\u016bt j\u016bs\u0173 vyras nori i\u0161girsti padr\u0105sinan\u010dius \u017eod\u017eius, bet jums atrodo, kad j\u012f prad\u017eiugins skan\u016bs piet\u016bs. Kai ir pavalg\u0119s jis lieka prisl\u0117gtas, j\u016bs nieko nebesuprantate. Gal \u017emona trok\u0161ta pab\u016bti kartu su jumis - toli nuo vaik\u0173 ir televizoriaus? J\u016bs\u0173 padovanota g\u0117li\u0173 puok\u0161t\u0117 jai ne visada pasako, kad mylite j\u0105...\",\"breadcrumb\":{\"@id\":\"https:\\\/\\\/skaitytaknyga.lt\\\/produktas\\\/penkios-sutuoktiniu-meiles-kalbos-2\\\/#breadcrumb\"},\"inLanguage\":\"en-GB\",\"potentialAction\":[{\"@type\":\"ReadAction\",\"target\":[\"https:\\\/\\\/skaitytaknyga.lt\\\/produktas\\\/penkios-sutuoktiniu-meiles-kalbos-2\\\/\"]}]},{\"@type\":\"ImageObject\",\"inLanguage\":\"en-GB\",\"@id\":\"https:\\\/\\\/skaitytaknyga.lt\\\/produktas\\\/penkios-sutuoktiniu-meiles-kalbos-2\\\/#primaryimage\",\"url\":\"https:\\\/\\\/skaitytaknyga.lt\\\/wp-content\\\/uploads\\\/2024\\\/04\\\/1462884866_img0020-001.jpg\",\"contentUrl\":\"https:\\\/\\\/skaitytaknyga.lt\\\/wp-content\\\/uploads\\\/2024\\\/04\\\/1462884866_img0020-001.jpg\",\"width\":489,\"height\":800},{\"@type\":\"BreadcrumbList\",\"@id\":\"https:\\\/\\\/skaitytaknyga.lt\\\/produktas\\\/penkios-sutuoktiniu-meiles-kalbos-2\\\/#breadcrumb\",\"itemListElement\":[{\"@type\":\"ListItem\",\"position\":1,\"name\":\"Home\",\"item\":\"https:\\\/\\\/skaitytaknyga.lt\\\/\"},{\"@type\":\"ListItem\",\"position\":2,\"name\":\"Parduotuv\u0117\",\"item\":\"https:\\\/\\\/skaitytaknyga.lt\\\/knygu-parduotuve\\\/\"},{\"@type\":\"ListItem\",\"position\":3,\"name\":\"Penkios sutuoktini\u0173 meil\u0117s kalbos\"}]},{\"@type\":\"WebSite\",\"@id\":\"https:\\\/\\\/skaitytaknyga.lt\\\/#website\",\"url\":\"https:\\\/\\\/skaitytaknyga.lt\\\/\",\"name\":\"skaitytaknyga.lt\",\"description\":\"Skaitytaknyga.lt \u2013 tai ma\u017eas \u0161eimos verslas, kuris prasid\u0117jo nuo meil\u0117s knygoms ir siekio i\u0161gelb\u0117ti knygas nuo likimo prie konteinerio. Kas vienam nereikalingas daiktas \u2013 kitam lobis, o mes esame tarpininkai, kurie padeda abiems tapti laimingesniems ???? \u017dinome kaip nelengva i\u0161gyventi ma\u017eiems verslams, tad nuo \u0161iol, \u010dia rasite ir kit\u0173, ma\u017e\u0173 \u0161eim\u0173 versl\u0173, rank\u0173 darbo, dovan\u0173 sau ir artimiesiems.\",\"publisher\":{\"@id\":\"https:\\\/\\\/skaitytaknyga.lt\\\/#organization\"},\"potentialAction\":[{\"@type\":\"SearchAction\",\"target\":{\"@type\":\"EntryPoint\",\"urlTemplate\":\"https:\\\/\\\/skaitytaknyga.lt\\\/?s={search_term_string}\"},\"query-input\":{\"@type\":\"PropertyValueSpecification\",\"valueRequired\":true,\"valueName\":\"search_term_string\"}}],\"inLanguage\":\"en-GB\"},{\"@type\":\"Organization\",\"@id\":\"https:\\\/\\\/skaitytaknyga.lt\\\/#organization\",\"name\":\"skaitytaknyga.lt\",\"url\":\"https:\\\/\\\/skaitytaknyga.lt\\\/\",\"logo\":{\"@type\":\"ImageObject\",\"inLanguage\":\"en-GB\",\"@id\":\"https:\\\/\\\/skaitytaknyga.lt\\\/#\\\/schema\\\/logo\\\/image\\\/\",\"url\":\"https:\\\/\\\/skaitytaknyga.lt\\\/wp-content\\\/uploads\\\/2024\\\/05\\\/cropped-cropped-cropped-02_00843_jt3bggkj1j3HLc7SyY6rEUpg.jpeg\",\"contentUrl\":\"https:\\\/\\\/skaitytaknyga.lt\\\/wp-content\\\/uploads\\\/2024\\\/05\\\/cropped-cropped-cropped-02_00843_jt3bggkj1j3HLc7SyY6rEUpg.jpeg\",\"width\":1600,\"height\":1600,\"caption\":\"skaitytaknyga.lt\"},\"image\":{\"@id\":\"https:\\\/\\\/skaitytaknyga.lt\\\/#\\\/schema\\\/logo\\\/image\\\/\"},\"sameAs\":[\"https:\\\/\\\/www.facebook.com\\\/skaitytaknyga\\\/\"]}]}<\/script>\n<!-- \/ Yoast SEO plugin. -->","yoast_head_json":{"title":"Penkios sutuoktini\u0173 meil\u0117s kalbos","description":"\u201ePenkios sutuoktini\u0173 meil\u0117s kalbos\u201c \u2014 tai sutuoktini\u0173 vadovas, pad\u0117siantis jiems tapti, \u201evieninga komanda\u201c.   Netruksite suprasti ir kalb\u0117ti unikaliomis meil\u0117s kalbomis, efektingai i\u0161reik\u0161ti savo meil\u0119 ir pats pasijusti nuo\u0161ird\u017eiai mylimas.   Jeigu meil\u0119 sutuoktiniui rodysite tuo b\u016bdu, kurio jis nesupranta, jis net nesuvoks, kad tai meil\u0117s i\u0161rai\u0161ka. B\u0117da ta, kad j\u016bs kalbat\u0117s skirtingomis kalbomis.   Galb\u016bt j\u016bs\u0173 vyras nori i\u0161girsti padr\u0105sinan\u010dius \u017eod\u017eius, bet jums atrodo, kad j\u012f prad\u017eiugins skan\u016bs piet\u016bs. Kai ir pavalg\u0119s jis lieka prisl\u0117gtas, j\u016bs nieko nebesuprantate. Gal \u017emona trok\u0161ta pab\u016bti kartu su jumis - toli nuo vaik\u0173 ir televizoriaus? J\u016bs\u0173 padovanota g\u0117li\u0173 puok\u0161t\u0117 jai ne visada pasako, kad mylite j\u0105...","robots":{"index":"index","follow":"follow","max-snippet":"max-snippet:-1","max-image-preview":"max-image-preview:large","max-video-preview":"max-video-preview:-1"},"canonical":"https:\/\/skaitytaknyga.lt\/en\/produktas\/penkios-sutuoktiniu-meiles-kalbos-2\/","og_locale":"en_GB","og_type":"article","og_title":"[:lt]Penkios sutuoktini\u0173 meil\u0117s kalbos[:] - Skaitytaknyga","og_description":"\u201ePenkios sutuoktini\u0173 meil\u0117s kalbos\u201c \u2014 tai sutuoktini\u0173 vadovas, pad\u0117siantis jiems tapti, \u201evieninga komanda\u201c.   Netruksite suprasti ir kalb\u0117ti unikaliomis meil\u0117s kalbomis, efektingai i\u0161reik\u0161ti savo meil\u0119 ir pats pasijusti nuo\u0161ird\u017eiai mylimas.   Jeigu meil\u0119 sutuoktiniui rodysite tuo b\u016bdu, kurio jis nesupranta, jis net nesuvoks, kad tai meil\u0117s i\u0161rai\u0161ka. B\u0117da ta, kad j\u016bs kalbat\u0117s skirtingomis kalbomis.   Galb\u016bt j\u016bs\u0173 vyras nori i\u0161girsti padr\u0105sinan\u010dius \u017eod\u017eius, bet jums atrodo, kad j\u012f prad\u017eiugins skan\u016bs piet\u016bs. Kai ir pavalg\u0119s jis lieka prisl\u0117gtas, j\u016bs nieko nebesuprantate. Gal \u017emona trok\u0161ta pab\u016bti kartu su jumis - toli nuo vaik\u0173 ir televizoriaus? J\u016bs\u0173 padovanota g\u0117li\u0173 puok\u0161t\u0117 jai ne visada pasako, kad mylite j\u0105...","og_url":"https:\/\/skaitytaknyga.lt\/en\/produktas\/penkios-sutuoktiniu-meiles-kalbos-2\/","og_site_name":"Skaitytaknyga","article_publisher":"https:\/\/www.facebook.com\/skaitytaknyga\/","article_modified_time":"2026-03-02T08:48:26+00:00","og_image":[{"width":489,"height":800,"url":"https:\/\/skaitytaknyga.lt\/wp-content\/uploads\/2024\/04\/1462884866_img0020-001.jpg","type":"image\/jpeg"}],"twitter_card":"summary_large_image","twitter_misc":{"Estimated reading time":"1 minute"},"schema":{"@context":"https:\/\/schema.org","@graph":[{"@type":"WebPage","@id":"https:\/\/skaitytaknyga.lt\/produktas\/penkios-sutuoktiniu-meiles-kalbos-2\/","url":"https:\/\/skaitytaknyga.lt\/produktas\/penkios-sutuoktiniu-meiles-kalbos-2\/","name":"Penkios sutuoktini\u0173 meil\u0117s kalbos","isPartOf":{"@id":"https:\/\/skaitytaknyga.lt\/#website"},"primaryImageOfPage":{"@id":"https:\/\/skaitytaknyga.lt\/produktas\/penkios-sutuoktiniu-meiles-kalbos-2\/#primaryimage"},"image":{"@id":"https:\/\/skaitytaknyga.lt\/produktas\/penkios-sutuoktiniu-meiles-kalbos-2\/#primaryimage"},"thumbnailUrl":"https:\/\/skaitytaknyga.lt\/wp-content\/uploads\/2024\/04\/1462884866_img0020-001.jpg","datePublished":"2024-05-04T14:47:05+00:00","dateModified":"2026-03-02T08:48:26+00:00","description":"\u201ePenkios sutuoktini\u0173 meil\u0117s kalbos\u201c \u2014 tai sutuoktini\u0173 vadovas, pad\u0117siantis jiems tapti, \u201evieninga komanda\u201c. Netruksite suprasti ir kalb\u0117ti unikaliomis meil\u0117s kalbomis, efektingai i\u0161reik\u0161ti savo meil\u0119 ir pats pasijusti nuo\u0161ird\u017eiai mylimas. Jeigu meil\u0119 sutuoktiniui rodysite tuo b\u016bdu, kurio jis nesupranta, jis net nesuvoks, kad tai meil\u0117s i\u0161rai\u0161ka. B\u0117da ta, kad j\u016bs kalbat\u0117s skirtingomis kalbomis. Galb\u016bt j\u016bs\u0173 vyras nori i\u0161girsti padr\u0105sinan\u010dius \u017eod\u017eius, bet jums atrodo, kad j\u012f prad\u017eiugins skan\u016bs piet\u016bs. Kai ir pavalg\u0119s jis lieka prisl\u0117gtas, j\u016bs nieko nebesuprantate. Gal \u017emona trok\u0161ta pab\u016bti kartu su jumis - toli nuo vaik\u0173 ir televizoriaus? J\u016bs\u0173 padovanota g\u0117li\u0173 puok\u0161t\u0117 jai ne visada pasako, kad mylite j\u0105...","breadcrumb":{"@id":"https:\/\/skaitytaknyga.lt\/produktas\/penkios-sutuoktiniu-meiles-kalbos-2\/#breadcrumb"},"inLanguage":"en-GB","potentialAction":[{"@type":"ReadAction","target":["https:\/\/skaitytaknyga.lt\/produktas\/penkios-sutuoktiniu-meiles-kalbos-2\/"]}]},{"@type":"ImageObject","inLanguage":"en-GB","@id":"https:\/\/skaitytaknyga.lt\/produktas\/penkios-sutuoktiniu-meiles-kalbos-2\/#primaryimage","url":"https:\/\/skaitytaknyga.lt\/wp-content\/uploads\/2024\/04\/1462884866_img0020-001.jpg","contentUrl":"https:\/\/skaitytaknyga.lt\/wp-content\/uploads\/2024\/04\/1462884866_img0020-001.jpg","width":489,"height":800},{"@type":"BreadcrumbList","@id":"https:\/\/skaitytaknyga.lt\/produktas\/penkios-sutuoktiniu-meiles-kalbos-2\/#breadcrumb","itemListElement":[{"@type":"ListItem","position":1,"name":"Home","item":"https:\/\/skaitytaknyga.lt\/"},{"@type":"ListItem","position":2,"name":"Parduotuv\u0117","item":"https:\/\/skaitytaknyga.lt\/knygu-parduotuve\/"},{"@type":"ListItem","position":3,"name":"Penkios sutuoktini\u0173 meil\u0117s kalbos"}]},{"@type":"WebSite","@id":"https:\/\/skaitytaknyga.lt\/#website","url":"https:\/\/skaitytaknyga.lt\/","name":"skaitytaknyga.lt","description":"Skaitytaknyga.lt \u2013 tai ma\u017eas \u0161eimos verslas, kuris prasid\u0117jo nuo meil\u0117s knygoms ir siekio i\u0161gelb\u0117ti knygas nuo likimo prie konteinerio. Kas vienam nereikalingas daiktas \u2013 kitam lobis, o mes esame tarpininkai, kurie padeda abiems tapti laimingesniems ???? \u017dinome kaip nelengva i\u0161gyventi ma\u017eiems verslams, tad nuo \u0161iol, \u010dia rasite ir kit\u0173, ma\u017e\u0173 \u0161eim\u0173 versl\u0173, rank\u0173 darbo, dovan\u0173 sau ir artimiesiems.","publisher":{"@id":"https:\/\/skaitytaknyga.lt\/#organization"},"potentialAction":[{"@type":"SearchAction","target":{"@type":"EntryPoint","urlTemplate":"https:\/\/skaitytaknyga.lt\/?s={search_term_string}"},"query-input":{"@type":"PropertyValueSpecification","valueRequired":true,"valueName":"search_term_string"}}],"inLanguage":"en-GB"},{"@type":"Organization","@id":"https:\/\/skaitytaknyga.lt\/#organization","name":"skaitytaknyga.lt","url":"https:\/\/skaitytaknyga.lt\/","logo":{"@type":"ImageObject","inLanguage":"en-GB","@id":"https:\/\/skaitytaknyga.lt\/#\/schema\/logo\/image\/","url":"https:\/\/skaitytaknyga.lt\/wp-content\/uploads\/2024\/05\/cropped-cropped-cropped-02_00843_jt3bggkj1j3HLc7SyY6rEUpg.jpeg","contentUrl":"https:\/\/skaitytaknyga.lt\/wp-content\/uploads\/2024\/05\/cropped-cropped-cropped-02_00843_jt3bggkj1j3HLc7SyY6rEUpg.jpeg","width":1600,"height":1600,"caption":"skaitytaknyga.lt"},"image":{"@id":"https:\/\/skaitytaknyga.lt\/#\/schema\/logo\/image\/"},"sameAs":["https:\/\/www.facebook.com\/skaitytaknyga\/"]}]}},"_links":{"self":[{"href":"https:\/\/skaitytaknyga.lt\/en\/wp-json\/wp\/v2\/product\/8523","targetHints":{"allow":["GET"]}}],"collection":[{"href":"https:\/\/skaitytaknyga.lt\/en\/wp-json\/wp\/v2\/product"}],"about":[{"href":"https:\/\/skaitytaknyga.lt\/en\/wp-json\/wp\/v2\/types\/product"}],"replies":[{"embeddable":true,"href":"https:\/\/skaitytaknyga.lt\/en\/wp-json\/wp\/v2\/comments?post=8523"}],"wp:featuredmedia":[{"embeddable":true,"href":"https:\/\/skaitytaknyga.lt\/en\/wp-json\/wp\/v2\/media\/4711"}],"wp:attachment":[{"href":"https:\/\/skaitytaknyga.lt\/en\/wp-json\/wp\/v2\/media?parent=8523"}],"wp:term":[{"taxonomy":"product_brand","embeddable":true,"href":"https:\/\/skaitytaknyga.lt\/en\/wp-json\/wp\/v2\/product_brand?post=8523"},{"taxonomy":"product_cat","embeddable":true,"href":"https:\/\/skaitytaknyga.lt\/en\/wp-json\/wp\/v2\/product_cat?post=8523"},{"taxonomy":"product_tag","embeddable":true,"href":"https:\/\/skaitytaknyga.lt\/en\/wp-json\/wp\/v2\/product_tag?post=8523"}],"curies":[{"name":"wp","href":"https:\/\/api.w.org\/{rel}","templated":true}]}}