{"id":8504,"date":"2024-05-04T14:46:43","date_gmt":"2024-05-04T14:46:43","guid":{"rendered":"https:\/\/skaitytaknyga.lt\/?post_type=product&#038;p=8504"},"modified":"2026-03-18T13:16:37","modified_gmt":"2026-03-18T11:16:37","slug":"juozas-vasiliauskas-vaistazoliu-galia-2","status":"publish","type":"product","link":"https:\/\/skaitytaknyga.lt\/en\/produktas\/juozas-vasiliauskas-vaistazoliu-galia-2\/","title":{"rendered":"Juozas Vasiliauskas \u201eVaista\u017eoli\u0173 galia\u201c"},"content":{"rendered":"<p>\u0160iame leidinyje apra\u0161yti patys populiariausi Lietuvoje savaime augantys ir auginami vaistiniai augalai, pateikiama biologin\u0117 ir farmakologin\u0117 j\u0173 charakteristika. Vienas augalas gali gydyti \u012fvairias ligas, nes jame yra daug veikli\u0173j\u0173 med\u017eiag\u0173, kurios veikia tam tikrus organus ar sistemas. Atsi\u017evelgta \u012f mokslo ir liaudies medicinos patirt\u012f gydant vaista\u017eol\u0117mis. Nurodomi kai kurie liaudies medicinos receptai, augal\u0173 vartojimo galimyb\u0117s. Trumpai apra\u0161ytas gydymas bi\u010di\u0173 produktais namuose.<\/p>\n<p>Nurodomi lietuvi\u0161ki ir lotyni\u0161ki augal\u0173 pavadinimai, j\u0173 chemin\u0117 sud\u0117tis, poveikis organizmui, u\u017epilo ir nuoviro ruo\u0161imo technologija. Apibendrinta autoriaus patirtis gydant kai kuriais augalais ir vartojant juos mitybai.<\/p>\n<p>Leidinys skiriamas Lietuvos \u017emon\u0117ms, norintiems susipa\u017einti su vaistiniais augalais ir prireikus pasinaudoti j\u0173 gydomosiomis savyb\u0117mis.<\/p>\n","protected":false},"excerpt":{"rendered":"<p>\u0160iame leidinyje apra\u0161yti patys populiariausi Lietuvoje savaime augantys ir auginami vaistiniai augalai, pateikiama biologin\u0117 ir farmakologin\u0117 j\u0173 charakteristika. Vienas augalas gali gydyti \u012fvairias ligas, nes jame yra daug veikli\u0173j\u0173 med\u017eiag\u0173, kurios veikia tam tikrus organus ar sistemas. Atsi\u017evelgta \u012f mokslo ir liaudies medicinos patirt\u012f gydant vaista\u017eol\u0117mis. Nurodomi kai kurie liaudies medicinos receptai, augal\u0173 vartojimo galimyb\u0117s. Trumpai apra\u0161ytas gydymas bi\u010di\u0173 produktais namuose.<\/p>\n<p>Nurodomi lietuvi\u0161ki ir lotyni\u0161ki augal\u0173 pavadinimai, j\u0173 chemin\u0117 sud\u0117tis, poveikis organizmui, u\u017epilo ir nuoviro ruo\u0161imo technologija. Apibendrinta autoriaus patirtis gydant kai kuriais augalais ir vartojant juos mitybai.<\/p>\n<p>Leidinys skiriamas Lietuvos \u017emon\u0117ms, norintiems susipa\u017einti su vaistiniais augalais ir prireikus pasinaudoti j\u0173 gydomosiomis savyb\u0117mis.<\/p>\n","protected":false},"featured_media":4684,"comment_status":"closed","ping_status":"closed","template":"","meta":{"_acf_changed":false,"site-sidebar-layout":"default","site-content-layout":"","ast-site-content-layout":"default","site-content-style":"default","site-sidebar-style":"default","ast-global-header-display":"","ast-banner-title-visibility":"","ast-main-header-display":"","ast-hfb-above-header-display":"","ast-hfb-below-header-display":"","ast-hfb-mobile-header-display":"","site-post-title":"","ast-breadcrumbs-content":"","ast-featured-img":"","footer-sml-layout":"","ast-disable-related-posts":"","theme-transparent-header-meta":"","adv-header-id-meta":"","stick-header-meta":"","header-above-stick-meta":"","header-main-stick-meta":"","header-below-stick-meta":"","astra-migrate-meta-layouts":"default","ast-page-background-enabled":"default","ast-page-background-meta":{"desktop":{"background-color":"","background-image":"","background-repeat":"repeat","background-position":"center center","background-size":"auto","background-attachment":"scroll","background-type":"","background-media":"","overlay-type":"","overlay-color":"","overlay-opacity":"","overlay-gradient":""},"tablet":{"background-color":"","background-image":"","background-repeat":"repeat","background-position":"center center","background-size":"auto","background-attachment":"scroll","background-type":"","background-media":"","overlay-type":"","overlay-color":"","overlay-opacity":"","overlay-gradient":""},"mobile":{"background-color":"","background-image":"","background-repeat":"repeat","background-position":"center center","background-size":"auto","background-attachment":"scroll","background-type":"","background-media":"","overlay-type":"","overlay-color":"","overlay-opacity":"","overlay-gradient":""}},"ast-content-background-meta":{"desktop":{"background-color":"var(--ast-global-color-4)","background-image":"","background-repeat":"repeat","background-position":"center center","background-size":"auto","background-attachment":"scroll","background-type":"","background-media":"","overlay-type":"","overlay-color":"","overlay-opacity":"","overlay-gradient":""},"tablet":{"background-color":"var(--ast-global-color-4)","background-image":"","background-repeat":"repeat","background-position":"center center","background-size":"auto","background-attachment":"scroll","background-type":"","background-media":"","overlay-type":"","overlay-color":"","overlay-opacity":"","overlay-gradient":""},"mobile":{"background-color":"var(--ast-global-color-4)","background-image":"","background-repeat":"repeat","background-position":"center center","background-size":"auto","background-attachment":"scroll","background-type":"","background-media":"","overlay-type":"","overlay-color":"","overlay-opacity":"","overlay-gradient":""}}},"product_brand":[],"product_cat":[9853,9857,269,55],"product_tag":[],"class_list":{"0":"post-8504","1":"product","2":"type-product","3":"status-publish","4":"has-post-thumbnail","6":"product_cat-augalai","7":"product_cat-naturali-medicina","8":"product_cat-gamtos-mokslai","9":"product_cat-sveikata-ir-sveika-mityba","10":"pa_leidimo-metai-766","11":"desktop-align-left","12":"tablet-align-left","13":"mobile-align-left","15":"first","16":"outofstock","17":"shipping-taxable","18":"purchasable","19":"product-type-simple"},"acf":[],"yoast_head":"<!-- This site is optimized with the Yoast SEO plugin v27.0 - https:\/\/yoast.com\/product\/yoast-seo-wordpress\/ -->\n<title>Juozas Vasiliauskas \u201eVaista\u017eoli\u0173 galia\u201c<\/title>\n<meta name=\"description\" content=\"\u0160iame leidinyje apra\u0161yti patys populiariausi Lietuvoje savaime augantys ir auginami vaistiniai augalai, pateikiama biologin\u0117 ir farmakologin\u0117 j\u0173 charakteristika. Vienas augalas gali gydyti \u012fvairias ligas, nes jame yra daug veikli\u0173j\u0173 med\u017eiag\u0173, kurios veikia tam tikrus organus ar sistemas. Atsi\u017evelgta \u012f mokslo ir liaudies medicinos patirt\u012f gydant vaista\u017eol\u0117mis. Nurodomi kai kurie liaudies medicinos receptai, augal\u0173 vartojimo galimyb\u0117s. Trumpai apra\u0161ytas gydymas bi\u010di\u0173 produktais namuose.  Nurodomi lietuvi\u0161ki ir lotyni\u0161ki augal\u0173 pavadinimai, j\u0173 chemin\u0117 sud\u0117tis, poveikis organizmui, u\u017epilo ir nuoviro ruo\u0161imo technologija. Apibendrinta autoriaus patirtis gydant kai kuriais augalais ir vartojant juos mitybai.  Leidinys skiriamas Lietuvos \u017emon\u0117ms, norintiems susipa\u017einti su vaistiniais augalais ir prireikus pasinaudoti j\u0173 gydomosiomis savyb\u0117mis.\" \/>\n<meta name=\"robots\" content=\"index, follow, max-snippet:-1, max-image-preview:large, max-video-preview:-1\" \/>\n<link rel=\"canonical\" href=\"https:\/\/skaitytaknyga.lt\/en\/produktas\/juozas-vasiliauskas-vaistazoliu-galia-2\/\" \/>\n<meta property=\"og:locale\" content=\"en_GB\" \/>\n<meta property=\"og:locale:alternate\" content=\"lt_LT\" \/>\n<meta property=\"og:type\" content=\"article\" \/>\n<meta property=\"og:title\" content=\"Juozas Vasiliauskas \u201eVaista\u017eoli\u0173 galia\u201c\" \/>\n<meta property=\"og:description\" content=\"\u0160iame leidinyje apra\u0161yti patys populiariausi Lietuvoje savaime augantys ir auginami vaistiniai augalai, pateikiama biologin\u0117 ir farmakologin\u0117 j\u0173 charakteristika. Vienas augalas gali gydyti \u012fvairias ligas, nes jame yra daug veikli\u0173j\u0173 med\u017eiag\u0173, kurios veikia tam tikrus organus ar sistemas. Atsi\u017evelgta \u012f mokslo ir liaudies medicinos patirt\u012f gydant vaista\u017eol\u0117mis. Nurodomi kai kurie liaudies medicinos receptai, augal\u0173 vartojimo galimyb\u0117s. Trumpai apra\u0161ytas gydymas bi\u010di\u0173 produktais namuose.  Nurodomi lietuvi\u0161ki ir lotyni\u0161ki augal\u0173 pavadinimai, j\u0173 chemin\u0117 sud\u0117tis, poveikis organizmui, u\u017epilo ir nuoviro ruo\u0161imo technologija. Apibendrinta autoriaus patirtis gydant kai kuriais augalais ir vartojant juos mitybai.  Leidinys skiriamas Lietuvos \u017emon\u0117ms, norintiems susipa\u017einti su vaistiniais augalais ir prireikus pasinaudoti j\u0173 gydomosiomis savyb\u0117mis.\" \/>\n<meta property=\"og:url\" content=\"https:\/\/skaitytaknyga.lt\/en\/produktas\/juozas-vasiliauskas-vaistazoliu-galia-2\/\" \/>\n<meta property=\"og:site_name\" content=\"Skaitytaknyga\" \/>\n<meta property=\"article:publisher\" content=\"https:\/\/www.facebook.com\/skaitytaknyga\/\" \/>\n<meta property=\"article:modified_time\" content=\"2026-03-18T11:16:37+00:00\" \/>\n<meta property=\"og:image\" content=\"https:\/\/skaitytaknyga.lt\/wp-content\/uploads\/2024\/04\/scan-2.jpg\" \/>\n\t<meta property=\"og:image:width\" content=\"297\" \/>\n\t<meta property=\"og:image:height\" content=\"430\" \/>\n\t<meta property=\"og:image:type\" content=\"image\/jpeg\" \/>\n<meta name=\"twitter:card\" content=\"summary_large_image\" \/>\n<meta name=\"twitter:label1\" content=\"Estimated reading time\" \/>\n\t<meta name=\"twitter:data1\" content=\"1 minute\" \/>\n<script type=\"application\/ld+json\" class=\"yoast-schema-graph\">{\"@context\":\"https:\/\/schema.org\",\"@graph\":[{\"@type\":\"WebPage\",\"@id\":\"https:\/\/skaitytaknyga.lt\/produktas\/juozas-vasiliauskas-vaistazoliu-galia-2\/\",\"url\":\"https:\/\/skaitytaknyga.lt\/produktas\/juozas-vasiliauskas-vaistazoliu-galia-2\/\",\"name\":\"Juozas Vasiliauskas \u201eVaista\u017eoli\u0173 galia\u201c\",\"isPartOf\":{\"@id\":\"https:\/\/skaitytaknyga.lt\/#website\"},\"primaryImageOfPage\":{\"@id\":\"https:\/\/skaitytaknyga.lt\/produktas\/juozas-vasiliauskas-vaistazoliu-galia-2\/#primaryimage\"},\"image\":{\"@id\":\"https:\/\/skaitytaknyga.lt\/produktas\/juozas-vasiliauskas-vaistazoliu-galia-2\/#primaryimage\"},\"thumbnailUrl\":\"https:\/\/skaitytaknyga.lt\/wp-content\/uploads\/2024\/04\/scan-2.jpg\",\"datePublished\":\"2024-05-04T14:46:43+00:00\",\"dateModified\":\"2026-03-18T11:16:37+00:00\",\"description\":\"\u0160iame leidinyje apra\u0161yti patys populiariausi Lietuvoje savaime augantys ir auginami vaistiniai augalai, pateikiama biologin\u0117 ir farmakologin\u0117 j\u0173 charakteristika. Vienas augalas gali gydyti \u012fvairias ligas, nes jame yra daug veikli\u0173j\u0173 med\u017eiag\u0173, kurios veikia tam tikrus organus ar sistemas. Atsi\u017evelgta \u012f mokslo ir liaudies medicinos patirt\u012f gydant vaista\u017eol\u0117mis. Nurodomi kai kurie liaudies medicinos receptai, augal\u0173 vartojimo galimyb\u0117s. Trumpai apra\u0161ytas gydymas bi\u010di\u0173 produktais namuose. Nurodomi lietuvi\u0161ki ir lotyni\u0161ki augal\u0173 pavadinimai, j\u0173 chemin\u0117 sud\u0117tis, poveikis organizmui, u\u017epilo ir nuoviro ruo\u0161imo technologija. Apibendrinta autoriaus patirtis gydant kai kuriais augalais ir vartojant juos mitybai. Leidinys skiriamas Lietuvos \u017emon\u0117ms, norintiems susipa\u017einti su vaistiniais augalais ir prireikus pasinaudoti j\u0173 gydomosiomis savyb\u0117mis.\",\"breadcrumb\":{\"@id\":\"https:\/\/skaitytaknyga.lt\/produktas\/juozas-vasiliauskas-vaistazoliu-galia-2\/#breadcrumb\"},\"inLanguage\":\"en-GB\",\"potentialAction\":[{\"@type\":\"ReadAction\",\"target\":[\"https:\/\/skaitytaknyga.lt\/produktas\/juozas-vasiliauskas-vaistazoliu-galia-2\/\"]}]},{\"@type\":\"ImageObject\",\"inLanguage\":\"en-GB\",\"@id\":\"https:\/\/skaitytaknyga.lt\/produktas\/juozas-vasiliauskas-vaistazoliu-galia-2\/#primaryimage\",\"url\":\"https:\/\/skaitytaknyga.lt\/wp-content\/uploads\/2024\/04\/scan-2.jpg\",\"contentUrl\":\"https:\/\/skaitytaknyga.lt\/wp-content\/uploads\/2024\/04\/scan-2.jpg\",\"width\":297,\"height\":430},{\"@type\":\"BreadcrumbList\",\"@id\":\"https:\/\/skaitytaknyga.lt\/produktas\/juozas-vasiliauskas-vaistazoliu-galia-2\/#breadcrumb\",\"itemListElement\":[{\"@type\":\"ListItem\",\"position\":1,\"name\":\"Home\",\"item\":\"https:\/\/skaitytaknyga.lt\/\"},{\"@type\":\"ListItem\",\"position\":2,\"name\":\"Parduotuv\u0117\",\"item\":\"https:\/\/skaitytaknyga.lt\/knygu-parduotuve\/\"},{\"@type\":\"ListItem\",\"position\":3,\"name\":\"Juozas Vasiliauskas \u201eVaista\u017eoli\u0173 galia\u201c\"}]},{\"@type\":\"WebSite\",\"@id\":\"https:\/\/skaitytaknyga.lt\/#website\",\"url\":\"https:\/\/skaitytaknyga.lt\/\",\"name\":\"skaitytaknyga.lt\",\"description\":\"Skaitytaknyga.lt \u2013 tai ma\u017eas \u0161eimos verslas, kuris prasid\u0117jo nuo meil\u0117s knygoms ir siekio i\u0161gelb\u0117ti knygas nuo likimo prie konteinerio. Kas vienam nereikalingas daiktas \u2013 kitam lobis, o mes esame tarpininkai, kurie padeda abiems tapti laimingesniems ???? \u017dinome kaip nelengva i\u0161gyventi ma\u017eiems verslams, tad nuo \u0161iol, \u010dia rasite ir kit\u0173, ma\u017e\u0173 \u0161eim\u0173 versl\u0173, rank\u0173 darbo, dovan\u0173 sau ir artimiesiems.\",\"publisher\":{\"@id\":\"https:\/\/skaitytaknyga.lt\/#organization\"},\"potentialAction\":[{\"@type\":\"SearchAction\",\"target\":{\"@type\":\"EntryPoint\",\"urlTemplate\":\"https:\/\/skaitytaknyga.lt\/?s={search_term_string}\"},\"query-input\":{\"@type\":\"PropertyValueSpecification\",\"valueRequired\":true,\"valueName\":\"search_term_string\"}}],\"inLanguage\":\"en-GB\"},{\"@type\":\"Organization\",\"@id\":\"https:\/\/skaitytaknyga.lt\/#organization\",\"name\":\"skaitytaknyga.lt\",\"url\":\"https:\/\/skaitytaknyga.lt\/\",\"logo\":{\"@type\":\"ImageObject\",\"inLanguage\":\"en-GB\",\"@id\":\"https:\/\/skaitytaknyga.lt\/#\/schema\/logo\/image\/\",\"url\":\"https:\/\/skaitytaknyga.lt\/wp-content\/uploads\/2024\/05\/cropped-cropped-cropped-02_00843_jt3bggkj1j3HLc7SyY6rEUpg.jpeg\",\"contentUrl\":\"https:\/\/skaitytaknyga.lt\/wp-content\/uploads\/2024\/05\/cropped-cropped-cropped-02_00843_jt3bggkj1j3HLc7SyY6rEUpg.jpeg\",\"width\":1600,\"height\":1600,\"caption\":\"skaitytaknyga.lt\"},\"image\":{\"@id\":\"https:\/\/skaitytaknyga.lt\/#\/schema\/logo\/image\/\"},\"sameAs\":[\"https:\/\/www.facebook.com\/skaitytaknyga\/\"]}]}<\/script>\n<!-- \/ Yoast SEO plugin. -->","yoast_head_json":{"title":"Juozas Vasiliauskas \u201eVaista\u017eoli\u0173 galia\u201c","description":"\u0160iame leidinyje apra\u0161yti patys populiariausi Lietuvoje savaime augantys ir auginami vaistiniai augalai, pateikiama biologin\u0117 ir farmakologin\u0117 j\u0173 charakteristika. Vienas augalas gali gydyti \u012fvairias ligas, nes jame yra daug veikli\u0173j\u0173 med\u017eiag\u0173, kurios veikia tam tikrus organus ar sistemas. Atsi\u017evelgta \u012f mokslo ir liaudies medicinos patirt\u012f gydant vaista\u017eol\u0117mis. Nurodomi kai kurie liaudies medicinos receptai, augal\u0173 vartojimo galimyb\u0117s. Trumpai apra\u0161ytas gydymas bi\u010di\u0173 produktais namuose.  Nurodomi lietuvi\u0161ki ir lotyni\u0161ki augal\u0173 pavadinimai, j\u0173 chemin\u0117 sud\u0117tis, poveikis organizmui, u\u017epilo ir nuoviro ruo\u0161imo technologija. Apibendrinta autoriaus patirtis gydant kai kuriais augalais ir vartojant juos mitybai.  Leidinys skiriamas Lietuvos \u017emon\u0117ms, norintiems susipa\u017einti su vaistiniais augalais ir prireikus pasinaudoti j\u0173 gydomosiomis savyb\u0117mis.","robots":{"index":"index","follow":"follow","max-snippet":"max-snippet:-1","max-image-preview":"max-image-preview:large","max-video-preview":"max-video-preview:-1"},"canonical":"https:\/\/skaitytaknyga.lt\/en\/produktas\/juozas-vasiliauskas-vaistazoliu-galia-2\/","og_locale":"en_GB","og_type":"article","og_title":"[:lt]Juozas Vasiliauskas \u201eVaista\u017eoli\u0173 galia\u201c[:] - Skaitytaknyga","og_description":"\u0160iame leidinyje apra\u0161yti patys populiariausi Lietuvoje savaime augantys ir auginami vaistiniai augalai, pateikiama biologin\u0117 ir farmakologin\u0117 j\u0173 charakteristika. Vienas augalas gali gydyti \u012fvairias ligas, nes jame yra daug veikli\u0173j\u0173 med\u017eiag\u0173, kurios veikia tam tikrus organus ar sistemas. Atsi\u017evelgta \u012f mokslo ir liaudies medicinos patirt\u012f gydant vaista\u017eol\u0117mis. Nurodomi kai kurie liaudies medicinos receptai, augal\u0173 vartojimo galimyb\u0117s. Trumpai apra\u0161ytas gydymas bi\u010di\u0173 produktais namuose.  Nurodomi lietuvi\u0161ki ir lotyni\u0161ki augal\u0173 pavadinimai, j\u0173 chemin\u0117 sud\u0117tis, poveikis organizmui, u\u017epilo ir nuoviro ruo\u0161imo technologija. Apibendrinta autoriaus patirtis gydant kai kuriais augalais ir vartojant juos mitybai.  Leidinys skiriamas Lietuvos \u017emon\u0117ms, norintiems susipa\u017einti su vaistiniais augalais ir prireikus pasinaudoti j\u0173 gydomosiomis savyb\u0117mis.","og_url":"https:\/\/skaitytaknyga.lt\/en\/produktas\/juozas-vasiliauskas-vaistazoliu-galia-2\/","og_site_name":"Skaitytaknyga","article_publisher":"https:\/\/www.facebook.com\/skaitytaknyga\/","article_modified_time":"2026-03-18T11:16:37+00:00","og_image":[{"width":297,"height":430,"url":"https:\/\/skaitytaknyga.lt\/wp-content\/uploads\/2024\/04\/scan-2.jpg","type":"image\/jpeg"}],"twitter_card":"summary_large_image","twitter_misc":{"Estimated reading time":"1 minute"},"schema":{"@context":"https:\/\/schema.org","@graph":[{"@type":"WebPage","@id":"https:\/\/skaitytaknyga.lt\/produktas\/juozas-vasiliauskas-vaistazoliu-galia-2\/","url":"https:\/\/skaitytaknyga.lt\/produktas\/juozas-vasiliauskas-vaistazoliu-galia-2\/","name":"Juozas Vasiliauskas \u201eVaista\u017eoli\u0173 galia\u201c","isPartOf":{"@id":"https:\/\/skaitytaknyga.lt\/#website"},"primaryImageOfPage":{"@id":"https:\/\/skaitytaknyga.lt\/produktas\/juozas-vasiliauskas-vaistazoliu-galia-2\/#primaryimage"},"image":{"@id":"https:\/\/skaitytaknyga.lt\/produktas\/juozas-vasiliauskas-vaistazoliu-galia-2\/#primaryimage"},"thumbnailUrl":"https:\/\/skaitytaknyga.lt\/wp-content\/uploads\/2024\/04\/scan-2.jpg","datePublished":"2024-05-04T14:46:43+00:00","dateModified":"2026-03-18T11:16:37+00:00","description":"\u0160iame leidinyje apra\u0161yti patys populiariausi Lietuvoje savaime augantys ir auginami vaistiniai augalai, pateikiama biologin\u0117 ir farmakologin\u0117 j\u0173 charakteristika. Vienas augalas gali gydyti \u012fvairias ligas, nes jame yra daug veikli\u0173j\u0173 med\u017eiag\u0173, kurios veikia tam tikrus organus ar sistemas. Atsi\u017evelgta \u012f mokslo ir liaudies medicinos patirt\u012f gydant vaista\u017eol\u0117mis. Nurodomi kai kurie liaudies medicinos receptai, augal\u0173 vartojimo galimyb\u0117s. Trumpai apra\u0161ytas gydymas bi\u010di\u0173 produktais namuose. Nurodomi lietuvi\u0161ki ir lotyni\u0161ki augal\u0173 pavadinimai, j\u0173 chemin\u0117 sud\u0117tis, poveikis organizmui, u\u017epilo ir nuoviro ruo\u0161imo technologija. Apibendrinta autoriaus patirtis gydant kai kuriais augalais ir vartojant juos mitybai. Leidinys skiriamas Lietuvos \u017emon\u0117ms, norintiems susipa\u017einti su vaistiniais augalais ir prireikus pasinaudoti j\u0173 gydomosiomis savyb\u0117mis.","breadcrumb":{"@id":"https:\/\/skaitytaknyga.lt\/produktas\/juozas-vasiliauskas-vaistazoliu-galia-2\/#breadcrumb"},"inLanguage":"en-GB","potentialAction":[{"@type":"ReadAction","target":["https:\/\/skaitytaknyga.lt\/produktas\/juozas-vasiliauskas-vaistazoliu-galia-2\/"]}]},{"@type":"ImageObject","inLanguage":"en-GB","@id":"https:\/\/skaitytaknyga.lt\/produktas\/juozas-vasiliauskas-vaistazoliu-galia-2\/#primaryimage","url":"https:\/\/skaitytaknyga.lt\/wp-content\/uploads\/2024\/04\/scan-2.jpg","contentUrl":"https:\/\/skaitytaknyga.lt\/wp-content\/uploads\/2024\/04\/scan-2.jpg","width":297,"height":430},{"@type":"BreadcrumbList","@id":"https:\/\/skaitytaknyga.lt\/produktas\/juozas-vasiliauskas-vaistazoliu-galia-2\/#breadcrumb","itemListElement":[{"@type":"ListItem","position":1,"name":"Home","item":"https:\/\/skaitytaknyga.lt\/"},{"@type":"ListItem","position":2,"name":"Parduotuv\u0117","item":"https:\/\/skaitytaknyga.lt\/knygu-parduotuve\/"},{"@type":"ListItem","position":3,"name":"Juozas Vasiliauskas \u201eVaista\u017eoli\u0173 galia\u201c"}]},{"@type":"WebSite","@id":"https:\/\/skaitytaknyga.lt\/#website","url":"https:\/\/skaitytaknyga.lt\/","name":"skaitytaknyga.lt","description":"Skaitytaknyga.lt \u2013 tai ma\u017eas \u0161eimos verslas, kuris prasid\u0117jo nuo meil\u0117s knygoms ir siekio i\u0161gelb\u0117ti knygas nuo likimo prie konteinerio. Kas vienam nereikalingas daiktas \u2013 kitam lobis, o mes esame tarpininkai, kurie padeda abiems tapti laimingesniems ???? \u017dinome kaip nelengva i\u0161gyventi ma\u017eiems verslams, tad nuo \u0161iol, \u010dia rasite ir kit\u0173, ma\u017e\u0173 \u0161eim\u0173 versl\u0173, rank\u0173 darbo, dovan\u0173 sau ir artimiesiems.","publisher":{"@id":"https:\/\/skaitytaknyga.lt\/#organization"},"potentialAction":[{"@type":"SearchAction","target":{"@type":"EntryPoint","urlTemplate":"https:\/\/skaitytaknyga.lt\/?s={search_term_string}"},"query-input":{"@type":"PropertyValueSpecification","valueRequired":true,"valueName":"search_term_string"}}],"inLanguage":"en-GB"},{"@type":"Organization","@id":"https:\/\/skaitytaknyga.lt\/#organization","name":"skaitytaknyga.lt","url":"https:\/\/skaitytaknyga.lt\/","logo":{"@type":"ImageObject","inLanguage":"en-GB","@id":"https:\/\/skaitytaknyga.lt\/#\/schema\/logo\/image\/","url":"https:\/\/skaitytaknyga.lt\/wp-content\/uploads\/2024\/05\/cropped-cropped-cropped-02_00843_jt3bggkj1j3HLc7SyY6rEUpg.jpeg","contentUrl":"https:\/\/skaitytaknyga.lt\/wp-content\/uploads\/2024\/05\/cropped-cropped-cropped-02_00843_jt3bggkj1j3HLc7SyY6rEUpg.jpeg","width":1600,"height":1600,"caption":"skaitytaknyga.lt"},"image":{"@id":"https:\/\/skaitytaknyga.lt\/#\/schema\/logo\/image\/"},"sameAs":["https:\/\/www.facebook.com\/skaitytaknyga\/"]}]}},"_links":{"self":[{"href":"https:\/\/skaitytaknyga.lt\/en\/wp-json\/wp\/v2\/product\/8504","targetHints":{"allow":["GET"]}}],"collection":[{"href":"https:\/\/skaitytaknyga.lt\/en\/wp-json\/wp\/v2\/product"}],"about":[{"href":"https:\/\/skaitytaknyga.lt\/en\/wp-json\/wp\/v2\/types\/product"}],"replies":[{"embeddable":true,"href":"https:\/\/skaitytaknyga.lt\/en\/wp-json\/wp\/v2\/comments?post=8504"}],"wp:featuredmedia":[{"embeddable":true,"href":"https:\/\/skaitytaknyga.lt\/en\/wp-json\/wp\/v2\/media\/4684"}],"wp:attachment":[{"href":"https:\/\/skaitytaknyga.lt\/en\/wp-json\/wp\/v2\/media?parent=8504"}],"wp:term":[{"taxonomy":"product_brand","embeddable":true,"href":"https:\/\/skaitytaknyga.lt\/en\/wp-json\/wp\/v2\/product_brand?post=8504"},{"taxonomy":"product_cat","embeddable":true,"href":"https:\/\/skaitytaknyga.lt\/en\/wp-json\/wp\/v2\/product_cat?post=8504"},{"taxonomy":"product_tag","embeddable":true,"href":"https:\/\/skaitytaknyga.lt\/en\/wp-json\/wp\/v2\/product_tag?post=8504"}],"curies":[{"name":"wp","href":"https:\/\/api.w.org\/{rel}","templated":true}]}}