{"id":8459,"date":"2024-05-04T14:45:59","date_gmt":"2024-05-04T14:45:59","guid":{"rendered":"https:\/\/skaitytaknyga.lt\/?post_type=product&#038;p=8459"},"modified":"2024-05-04T14:46:16","modified_gmt":"2024-05-04T14:46:16","slug":"mokomasis-anglu-lietuviu-kalbu-zodynas-pradedantiesiems-2","status":"publish","type":"product","link":"https:\/\/skaitytaknyga.lt\/en\/produktas\/mokomasis-anglu-lietuviu-kalbu-zodynas-pradedantiesiems-2\/","title":{"rendered":"Mokomasis angl\u0173-lietuvi\u0173 kalb\u0173 \u017eodynas pradedantiesiems"},"content":{"rendered":"<p>\u0160iame &#8220;Mokomajame angl\u0173-lietuvi\u0173 kalb\u0173 \u017eodyne: Daugiau kaip12 000 da\u017eniausiai vartojam\u0173 \u012f\u017eod\u017eiu ir \u017eod\u017ei\u0173 jungini\u0173; Skirtumai tarp briti\u0161kojo ir amerikieti\u0161kojo langi\u0173 kalbos varianto; Tikrovi\u0161ki ir paprasti vartosenos pavyzd\u017eiai; Pagrindin\u0117s veiksma\u017eod\u017ei\u0173, b\u016bdvard\u017ei\u0173 formos, daiktavard\u017ei\u0173 daugiskaita; Pastabos d\u0117l vartosenos, galim\u0173 klaid\u0173; Antonimai, sinonimai; \u012evair\u016bs informatyv\u016bs priedai, tarp j\u0173 ir iliustruoti; Lietuvi\u0161k\u0173 atitikmen\u0173 rodykl\u0117; Apie 400 nauj\u0173 \u017eod\u017ei\u0173 ir reik\u0161mi\u0173.<\/p>\n","protected":false},"excerpt":{"rendered":"<p>\u0160iame &#8220;Mokomajame angl\u0173-lietuvi\u0173 kalb\u0173 \u017eodyne: Daugiau kaip12 000 da\u017eniausiai vartojam\u0173 \u012f\u017eod\u017eiu ir \u017eod\u017ei\u0173 jungini\u0173; Skirtumai tarp briti\u0161kojo ir amerikieti\u0161kojo langi\u0173 kalbos varianto; Tikrovi\u0161ki ir paprasti vartosenos pavyzd\u017eiai; Pagrindin\u0117s veiksma\u017eod\u017ei\u0173, b\u016bdvard\u017ei\u0173 formos, daiktavard\u017ei\u0173 daugiskaita; Pastabos d\u0117l vartosenos, galim\u0173 klaid\u0173; Antonimai, sinonimai; \u012evair\u016bs informatyv\u016bs priedai, tarp j\u0173 ir iliustruoti; Lietuvi\u0161k\u0173 atitikmen\u0173 rodykl\u0117; Apie 400 nauj\u0173 \u017eod\u017ei\u0173 ir reik\u0161mi\u0173.<\/p>\n","protected":false},"featured_media":4594,"comment_status":"closed","ping_status":"closed","template":"","meta":{"_acf_changed":false,"site-sidebar-layout":"default","site-content-layout":"","ast-site-content-layout":"default","site-content-style":"default","site-sidebar-style":"default","ast-global-header-display":"","ast-banner-title-visibility":"","ast-main-header-display":"","ast-hfb-above-header-display":"","ast-hfb-below-header-display":"","ast-hfb-mobile-header-display":"","site-post-title":"","ast-breadcrumbs-content":"","ast-featured-img":"","footer-sml-layout":"","ast-disable-related-posts":"","theme-transparent-header-meta":"","adv-header-id-meta":"","stick-header-meta":"","header-above-stick-meta":"","header-main-stick-meta":"","header-below-stick-meta":"","astra-migrate-meta-layouts":"default","ast-page-background-enabled":"default","ast-page-background-meta":{"desktop":{"background-color":"","background-image":"","background-repeat":"repeat","background-position":"center center","background-size":"auto","background-attachment":"scroll","background-type":"","background-media":"","overlay-type":"","overlay-color":"","overlay-opacity":"","overlay-gradient":""},"tablet":{"background-color":"","background-image":"","background-repeat":"repeat","background-position":"center center","background-size":"auto","background-attachment":"scroll","background-type":"","background-media":"","overlay-type":"","overlay-color":"","overlay-opacity":"","overlay-gradient":""},"mobile":{"background-color":"","background-image":"","background-repeat":"repeat","background-position":"center center","background-size":"auto","background-attachment":"scroll","background-type":"","background-media":"","overlay-type":"","overlay-color":"","overlay-opacity":"","overlay-gradient":""}},"ast-content-background-meta":{"desktop":{"background-color":"var(--ast-global-color-4)","background-image":"","background-repeat":"repeat","background-position":"center center","background-size":"auto","background-attachment":"scroll","background-type":"","background-media":"","overlay-type":"","overlay-color":"","overlay-opacity":"","overlay-gradient":""},"tablet":{"background-color":"var(--ast-global-color-4)","background-image":"","background-repeat":"repeat","background-position":"center center","background-size":"auto","background-attachment":"scroll","background-type":"","background-media":"","overlay-type":"","overlay-color":"","overlay-opacity":"","overlay-gradient":""},"mobile":{"background-color":"var(--ast-global-color-4)","background-image":"","background-repeat":"repeat","background-position":"center center","background-size":"auto","background-attachment":"scroll","background-type":"","background-media":"","overlay-type":"","overlay-color":"","overlay-opacity":"","overlay-gradient":""}}},"product_brand":[],"product_cat":[390],"product_tag":[],"class_list":{"0":"post-8459","1":"product","2":"type-product","3":"status-publish","4":"has-post-thumbnail","6":"product_cat-kalba-kalbotyra-zodynai","7":"pa_leidimo-metai-784","8":"desktop-align-left","9":"tablet-align-left","10":"mobile-align-left","12":"first","13":"outofstock","14":"shipping-taxable","15":"purchasable","16":"product-type-simple"},"acf":[],"yoast_head":"<!-- This site is optimized with the Yoast SEO plugin v27.4 - https:\/\/yoast.com\/product\/yoast-seo-wordpress\/ -->\n<title>Mokomasis angl\u0173-lietuvi\u0173 kalb\u0173 \u017eodynas pradedantiesiems - Skaitytaknyga<\/title>\n<meta name=\"description\" content=\"\u0160iame &quot;Mokomajame angl\u0173-lietuvi\u0173 kalb\u0173 \u017eodyne: Daugiau kaip12 000 da\u017eniausiai vartojam\u0173 \u012f\u017eod\u017eiu ir \u017eod\u017ei\u0173 jungini\u0173; Skirtumai tarp briti\u0161kojo ir amerikieti\u0161kojo langi\u0173 kalbos varianto; Tikrovi\u0161ki ir paprasti vartosenos pavyzd\u017eiai; Pagrindin\u0117s veiksma\u017eod\u017ei\u0173, b\u016bdvard\u017ei\u0173 formos, daiktavard\u017ei\u0173 daugiskaita; Pastabos d\u0117l vartosenos, galim\u0173 klaid\u0173; Antonimai, sinonimai; \u012evair\u016bs informatyv\u016bs priedai, tarp j\u0173 ir iliustruoti; Lietuvi\u0161k\u0173 atitikmen\u0173 rodykl\u0117; Apie 400 nauj\u0173 \u017eod\u017ei\u0173 ir reik\u0161mi\u0173.\" \/>\n<meta name=\"robots\" content=\"index, follow, max-snippet:-1, max-image-preview:large, max-video-preview:-1\" \/>\n<link rel=\"canonical\" href=\"https:\/\/skaitytaknyga.lt\/en\/produktas\/mokomasis-anglu-lietuviu-kalbu-zodynas-pradedantiesiems-2\/\" \/>\n<meta property=\"og:locale\" content=\"en_GB\" \/>\n<meta property=\"og:locale:alternate\" content=\"lt_LT\" \/>\n<meta property=\"og:type\" content=\"article\" \/>\n<meta property=\"og:title\" content=\"Mokomasis angl\u0173-lietuvi\u0173 kalb\u0173 \u017eodynas pradedantiesiems - Skaitytaknyga\" \/>\n<meta property=\"og:description\" content=\"\u0160iame &quot;Mokomajame angl\u0173-lietuvi\u0173 kalb\u0173 \u017eodyne: Daugiau kaip12 000 da\u017eniausiai vartojam\u0173 \u012f\u017eod\u017eiu ir \u017eod\u017ei\u0173 jungini\u0173; Skirtumai tarp briti\u0161kojo ir amerikieti\u0161kojo langi\u0173 kalbos varianto; Tikrovi\u0161ki ir paprasti vartosenos pavyzd\u017eiai; Pagrindin\u0117s veiksma\u017eod\u017ei\u0173, b\u016bdvard\u017ei\u0173 formos, daiktavard\u017ei\u0173 daugiskaita; Pastabos d\u0117l vartosenos, galim\u0173 klaid\u0173; Antonimai, sinonimai; \u012evair\u016bs informatyv\u016bs priedai, tarp j\u0173 ir iliustruoti; Lietuvi\u0161k\u0173 atitikmen\u0173 rodykl\u0117; Apie 400 nauj\u0173 \u017eod\u017ei\u0173 ir reik\u0161mi\u0173.\" \/>\n<meta property=\"og:url\" content=\"https:\/\/skaitytaknyga.lt\/en\/produktas\/mokomasis-anglu-lietuviu-kalbu-zodynas-pradedantiesiems-2\/\" \/>\n<meta property=\"og:site_name\" content=\"Skaitytaknyga\" \/>\n<meta property=\"article:publisher\" content=\"https:\/\/www.facebook.com\/skaitytaknyga\/\" \/>\n<meta property=\"article:modified_time\" content=\"2024-05-04T14:46:16+00:00\" \/>\n<meta property=\"og:image\" content=\"https:\/\/skaitytaknyga.lt\/wp-content\/uploads\/2024\/04\/182208-1564154516909992201092714316380-e1612696137976.jpg\" \/>\n\t<meta property=\"og:image:width\" content=\"484\" \/>\n\t<meta property=\"og:image:height\" content=\"790\" \/>\n\t<meta property=\"og:image:type\" content=\"image\/jpeg\" \/>\n<meta name=\"twitter:card\" content=\"summary_large_image\" \/>\n<script type=\"application\/ld+json\" class=\"yoast-schema-graph\">{\"@context\":\"https:\\\/\\\/schema.org\",\"@graph\":[{\"@type\":\"WebPage\",\"@id\":\"https:\\\/\\\/skaitytaknyga.lt\\\/produktas\\\/mokomasis-anglu-lietuviu-kalbu-zodynas-pradedantiesiems-2\\\/\",\"url\":\"https:\\\/\\\/skaitytaknyga.lt\\\/produktas\\\/mokomasis-anglu-lietuviu-kalbu-zodynas-pradedantiesiems-2\\\/\",\"name\":\"Mokomasis angl\u0173-lietuvi\u0173 kalb\u0173 \u017eodynas pradedantiesiems - Skaitytaknyga\",\"isPartOf\":{\"@id\":\"https:\\\/\\\/skaitytaknyga.lt\\\/#website\"},\"primaryImageOfPage\":{\"@id\":\"https:\\\/\\\/skaitytaknyga.lt\\\/produktas\\\/mokomasis-anglu-lietuviu-kalbu-zodynas-pradedantiesiems-2\\\/#primaryimage\"},\"image\":{\"@id\":\"https:\\\/\\\/skaitytaknyga.lt\\\/produktas\\\/mokomasis-anglu-lietuviu-kalbu-zodynas-pradedantiesiems-2\\\/#primaryimage\"},\"thumbnailUrl\":\"https:\\\/\\\/skaitytaknyga.lt\\\/wp-content\\\/uploads\\\/2024\\\/04\\\/182208-1564154516909992201092714316380-e1612696137976.jpg\",\"datePublished\":\"2024-05-04T14:45:59+00:00\",\"dateModified\":\"2024-05-04T14:46:16+00:00\",\"description\":\"\u0160iame \\\"Mokomajame angl\u0173-lietuvi\u0173 kalb\u0173 \u017eodyne: Daugiau kaip12 000 da\u017eniausiai vartojam\u0173 \u012f\u017eod\u017eiu ir \u017eod\u017ei\u0173 jungini\u0173; Skirtumai tarp briti\u0161kojo ir amerikieti\u0161kojo langi\u0173 kalbos varianto; Tikrovi\u0161ki ir paprasti vartosenos pavyzd\u017eiai; Pagrindin\u0117s veiksma\u017eod\u017ei\u0173, b\u016bdvard\u017ei\u0173 formos, daiktavard\u017ei\u0173 daugiskaita; Pastabos d\u0117l vartosenos, galim\u0173 klaid\u0173; Antonimai, sinonimai; \u012evair\u016bs informatyv\u016bs priedai, tarp j\u0173 ir iliustruoti; Lietuvi\u0161k\u0173 atitikmen\u0173 rodykl\u0117; Apie 400 nauj\u0173 \u017eod\u017ei\u0173 ir reik\u0161mi\u0173.\",\"breadcrumb\":{\"@id\":\"https:\\\/\\\/skaitytaknyga.lt\\\/produktas\\\/mokomasis-anglu-lietuviu-kalbu-zodynas-pradedantiesiems-2\\\/#breadcrumb\"},\"inLanguage\":\"en-GB\",\"potentialAction\":[{\"@type\":\"ReadAction\",\"target\":[\"https:\\\/\\\/skaitytaknyga.lt\\\/produktas\\\/mokomasis-anglu-lietuviu-kalbu-zodynas-pradedantiesiems-2\\\/\"]}]},{\"@type\":\"ImageObject\",\"inLanguage\":\"en-GB\",\"@id\":\"https:\\\/\\\/skaitytaknyga.lt\\\/produktas\\\/mokomasis-anglu-lietuviu-kalbu-zodynas-pradedantiesiems-2\\\/#primaryimage\",\"url\":\"https:\\\/\\\/skaitytaknyga.lt\\\/wp-content\\\/uploads\\\/2024\\\/04\\\/182208-1564154516909992201092714316380-e1612696137976.jpg\",\"contentUrl\":\"https:\\\/\\\/skaitytaknyga.lt\\\/wp-content\\\/uploads\\\/2024\\\/04\\\/182208-1564154516909992201092714316380-e1612696137976.jpg\",\"width\":484,\"height\":790},{\"@type\":\"BreadcrumbList\",\"@id\":\"https:\\\/\\\/skaitytaknyga.lt\\\/produktas\\\/mokomasis-anglu-lietuviu-kalbu-zodynas-pradedantiesiems-2\\\/#breadcrumb\",\"itemListElement\":[{\"@type\":\"ListItem\",\"position\":1,\"name\":\"Home\",\"item\":\"https:\\\/\\\/skaitytaknyga.lt\\\/\"},{\"@type\":\"ListItem\",\"position\":2,\"name\":\"Parduotuv\u0117\",\"item\":\"https:\\\/\\\/skaitytaknyga.lt\\\/knygu-parduotuve\\\/\"},{\"@type\":\"ListItem\",\"position\":3,\"name\":\"Mokomasis angl\u0173-lietuvi\u0173 kalb\u0173 \u017eodynas pradedantiesiems\"}]},{\"@type\":\"WebSite\",\"@id\":\"https:\\\/\\\/skaitytaknyga.lt\\\/#website\",\"url\":\"https:\\\/\\\/skaitytaknyga.lt\\\/\",\"name\":\"skaitytaknyga.lt\",\"description\":\"Skaitytaknyga.lt \u2013 tai ma\u017eas \u0161eimos verslas, kuris prasid\u0117jo nuo meil\u0117s knygoms ir siekio i\u0161gelb\u0117ti knygas nuo likimo prie konteinerio. Kas vienam nereikalingas daiktas \u2013 kitam lobis, o mes esame tarpininkai, kurie padeda abiems tapti laimingesniems ???? \u017dinome kaip nelengva i\u0161gyventi ma\u017eiems verslams, tad nuo \u0161iol, \u010dia rasite ir kit\u0173, ma\u017e\u0173 \u0161eim\u0173 versl\u0173, rank\u0173 darbo, dovan\u0173 sau ir artimiesiems.\",\"publisher\":{\"@id\":\"https:\\\/\\\/skaitytaknyga.lt\\\/#organization\"},\"potentialAction\":[{\"@type\":\"SearchAction\",\"target\":{\"@type\":\"EntryPoint\",\"urlTemplate\":\"https:\\\/\\\/skaitytaknyga.lt\\\/?s={search_term_string}\"},\"query-input\":{\"@type\":\"PropertyValueSpecification\",\"valueRequired\":true,\"valueName\":\"search_term_string\"}}],\"inLanguage\":\"en-GB\"},{\"@type\":\"Organization\",\"@id\":\"https:\\\/\\\/skaitytaknyga.lt\\\/#organization\",\"name\":\"skaitytaknyga.lt\",\"url\":\"https:\\\/\\\/skaitytaknyga.lt\\\/\",\"logo\":{\"@type\":\"ImageObject\",\"inLanguage\":\"en-GB\",\"@id\":\"https:\\\/\\\/skaitytaknyga.lt\\\/#\\\/schema\\\/logo\\\/image\\\/\",\"url\":\"https:\\\/\\\/skaitytaknyga.lt\\\/wp-content\\\/uploads\\\/2024\\\/05\\\/cropped-cropped-cropped-02_00843_jt3bggkj1j3HLc7SyY6rEUpg.jpeg\",\"contentUrl\":\"https:\\\/\\\/skaitytaknyga.lt\\\/wp-content\\\/uploads\\\/2024\\\/05\\\/cropped-cropped-cropped-02_00843_jt3bggkj1j3HLc7SyY6rEUpg.jpeg\",\"width\":1600,\"height\":1600,\"caption\":\"skaitytaknyga.lt\"},\"image\":{\"@id\":\"https:\\\/\\\/skaitytaknyga.lt\\\/#\\\/schema\\\/logo\\\/image\\\/\"},\"sameAs\":[\"https:\\\/\\\/www.facebook.com\\\/skaitytaknyga\\\/\"]}]}<\/script>\n<!-- \/ Yoast SEO plugin. -->","yoast_head_json":{"title":"Mokomasis angl\u0173-lietuvi\u0173 kalb\u0173 \u017eodynas pradedantiesiems - Skaitytaknyga","description":"\u0160iame \"Mokomajame angl\u0173-lietuvi\u0173 kalb\u0173 \u017eodyne: Daugiau kaip12 000 da\u017eniausiai vartojam\u0173 \u012f\u017eod\u017eiu ir \u017eod\u017ei\u0173 jungini\u0173; Skirtumai tarp briti\u0161kojo ir amerikieti\u0161kojo langi\u0173 kalbos varianto; Tikrovi\u0161ki ir paprasti vartosenos pavyzd\u017eiai; Pagrindin\u0117s veiksma\u017eod\u017ei\u0173, b\u016bdvard\u017ei\u0173 formos, daiktavard\u017ei\u0173 daugiskaita; Pastabos d\u0117l vartosenos, galim\u0173 klaid\u0173; Antonimai, sinonimai; \u012evair\u016bs informatyv\u016bs priedai, tarp j\u0173 ir iliustruoti; Lietuvi\u0161k\u0173 atitikmen\u0173 rodykl\u0117; Apie 400 nauj\u0173 \u017eod\u017ei\u0173 ir reik\u0161mi\u0173.","robots":{"index":"index","follow":"follow","max-snippet":"max-snippet:-1","max-image-preview":"max-image-preview:large","max-video-preview":"max-video-preview:-1"},"canonical":"https:\/\/skaitytaknyga.lt\/en\/produktas\/mokomasis-anglu-lietuviu-kalbu-zodynas-pradedantiesiems-2\/","og_locale":"en_GB","og_type":"article","og_title":"Mokomasis angl\u0173-lietuvi\u0173 kalb\u0173 \u017eodynas pradedantiesiems - Skaitytaknyga","og_description":"\u0160iame \"Mokomajame angl\u0173-lietuvi\u0173 kalb\u0173 \u017eodyne: Daugiau kaip12 000 da\u017eniausiai vartojam\u0173 \u012f\u017eod\u017eiu ir \u017eod\u017ei\u0173 jungini\u0173; Skirtumai tarp briti\u0161kojo ir amerikieti\u0161kojo langi\u0173 kalbos varianto; Tikrovi\u0161ki ir paprasti vartosenos pavyzd\u017eiai; Pagrindin\u0117s veiksma\u017eod\u017ei\u0173, b\u016bdvard\u017ei\u0173 formos, daiktavard\u017ei\u0173 daugiskaita; Pastabos d\u0117l vartosenos, galim\u0173 klaid\u0173; Antonimai, sinonimai; \u012evair\u016bs informatyv\u016bs priedai, tarp j\u0173 ir iliustruoti; Lietuvi\u0161k\u0173 atitikmen\u0173 rodykl\u0117; Apie 400 nauj\u0173 \u017eod\u017ei\u0173 ir reik\u0161mi\u0173.","og_url":"https:\/\/skaitytaknyga.lt\/en\/produktas\/mokomasis-anglu-lietuviu-kalbu-zodynas-pradedantiesiems-2\/","og_site_name":"Skaitytaknyga","article_publisher":"https:\/\/www.facebook.com\/skaitytaknyga\/","article_modified_time":"2024-05-04T14:46:16+00:00","og_image":[{"width":484,"height":790,"url":"https:\/\/skaitytaknyga.lt\/wp-content\/uploads\/2024\/04\/182208-1564154516909992201092714316380-e1612696137976.jpg","type":"image\/jpeg"}],"twitter_card":"summary_large_image","schema":{"@context":"https:\/\/schema.org","@graph":[{"@type":"WebPage","@id":"https:\/\/skaitytaknyga.lt\/produktas\/mokomasis-anglu-lietuviu-kalbu-zodynas-pradedantiesiems-2\/","url":"https:\/\/skaitytaknyga.lt\/produktas\/mokomasis-anglu-lietuviu-kalbu-zodynas-pradedantiesiems-2\/","name":"Mokomasis angl\u0173-lietuvi\u0173 kalb\u0173 \u017eodynas pradedantiesiems - Skaitytaknyga","isPartOf":{"@id":"https:\/\/skaitytaknyga.lt\/#website"},"primaryImageOfPage":{"@id":"https:\/\/skaitytaknyga.lt\/produktas\/mokomasis-anglu-lietuviu-kalbu-zodynas-pradedantiesiems-2\/#primaryimage"},"image":{"@id":"https:\/\/skaitytaknyga.lt\/produktas\/mokomasis-anglu-lietuviu-kalbu-zodynas-pradedantiesiems-2\/#primaryimage"},"thumbnailUrl":"https:\/\/skaitytaknyga.lt\/wp-content\/uploads\/2024\/04\/182208-1564154516909992201092714316380-e1612696137976.jpg","datePublished":"2024-05-04T14:45:59+00:00","dateModified":"2024-05-04T14:46:16+00:00","description":"\u0160iame \"Mokomajame angl\u0173-lietuvi\u0173 kalb\u0173 \u017eodyne: Daugiau kaip12 000 da\u017eniausiai vartojam\u0173 \u012f\u017eod\u017eiu ir \u017eod\u017ei\u0173 jungini\u0173; Skirtumai tarp briti\u0161kojo ir amerikieti\u0161kojo langi\u0173 kalbos varianto; Tikrovi\u0161ki ir paprasti vartosenos pavyzd\u017eiai; Pagrindin\u0117s veiksma\u017eod\u017ei\u0173, b\u016bdvard\u017ei\u0173 formos, daiktavard\u017ei\u0173 daugiskaita; Pastabos d\u0117l vartosenos, galim\u0173 klaid\u0173; Antonimai, sinonimai; \u012evair\u016bs informatyv\u016bs priedai, tarp j\u0173 ir iliustruoti; Lietuvi\u0161k\u0173 atitikmen\u0173 rodykl\u0117; Apie 400 nauj\u0173 \u017eod\u017ei\u0173 ir reik\u0161mi\u0173.","breadcrumb":{"@id":"https:\/\/skaitytaknyga.lt\/produktas\/mokomasis-anglu-lietuviu-kalbu-zodynas-pradedantiesiems-2\/#breadcrumb"},"inLanguage":"en-GB","potentialAction":[{"@type":"ReadAction","target":["https:\/\/skaitytaknyga.lt\/produktas\/mokomasis-anglu-lietuviu-kalbu-zodynas-pradedantiesiems-2\/"]}]},{"@type":"ImageObject","inLanguage":"en-GB","@id":"https:\/\/skaitytaknyga.lt\/produktas\/mokomasis-anglu-lietuviu-kalbu-zodynas-pradedantiesiems-2\/#primaryimage","url":"https:\/\/skaitytaknyga.lt\/wp-content\/uploads\/2024\/04\/182208-1564154516909992201092714316380-e1612696137976.jpg","contentUrl":"https:\/\/skaitytaknyga.lt\/wp-content\/uploads\/2024\/04\/182208-1564154516909992201092714316380-e1612696137976.jpg","width":484,"height":790},{"@type":"BreadcrumbList","@id":"https:\/\/skaitytaknyga.lt\/produktas\/mokomasis-anglu-lietuviu-kalbu-zodynas-pradedantiesiems-2\/#breadcrumb","itemListElement":[{"@type":"ListItem","position":1,"name":"Home","item":"https:\/\/skaitytaknyga.lt\/"},{"@type":"ListItem","position":2,"name":"Parduotuv\u0117","item":"https:\/\/skaitytaknyga.lt\/knygu-parduotuve\/"},{"@type":"ListItem","position":3,"name":"Mokomasis angl\u0173-lietuvi\u0173 kalb\u0173 \u017eodynas pradedantiesiems"}]},{"@type":"WebSite","@id":"https:\/\/skaitytaknyga.lt\/#website","url":"https:\/\/skaitytaknyga.lt\/","name":"skaitytaknyga.lt","description":"Skaitytaknyga.lt \u2013 tai ma\u017eas \u0161eimos verslas, kuris prasid\u0117jo nuo meil\u0117s knygoms ir siekio i\u0161gelb\u0117ti knygas nuo likimo prie konteinerio. Kas vienam nereikalingas daiktas \u2013 kitam lobis, o mes esame tarpininkai, kurie padeda abiems tapti laimingesniems ???? \u017dinome kaip nelengva i\u0161gyventi ma\u017eiems verslams, tad nuo \u0161iol, \u010dia rasite ir kit\u0173, ma\u017e\u0173 \u0161eim\u0173 versl\u0173, rank\u0173 darbo, dovan\u0173 sau ir artimiesiems.","publisher":{"@id":"https:\/\/skaitytaknyga.lt\/#organization"},"potentialAction":[{"@type":"SearchAction","target":{"@type":"EntryPoint","urlTemplate":"https:\/\/skaitytaknyga.lt\/?s={search_term_string}"},"query-input":{"@type":"PropertyValueSpecification","valueRequired":true,"valueName":"search_term_string"}}],"inLanguage":"en-GB"},{"@type":"Organization","@id":"https:\/\/skaitytaknyga.lt\/#organization","name":"skaitytaknyga.lt","url":"https:\/\/skaitytaknyga.lt\/","logo":{"@type":"ImageObject","inLanguage":"en-GB","@id":"https:\/\/skaitytaknyga.lt\/#\/schema\/logo\/image\/","url":"https:\/\/skaitytaknyga.lt\/wp-content\/uploads\/2024\/05\/cropped-cropped-cropped-02_00843_jt3bggkj1j3HLc7SyY6rEUpg.jpeg","contentUrl":"https:\/\/skaitytaknyga.lt\/wp-content\/uploads\/2024\/05\/cropped-cropped-cropped-02_00843_jt3bggkj1j3HLc7SyY6rEUpg.jpeg","width":1600,"height":1600,"caption":"skaitytaknyga.lt"},"image":{"@id":"https:\/\/skaitytaknyga.lt\/#\/schema\/logo\/image\/"},"sameAs":["https:\/\/www.facebook.com\/skaitytaknyga\/"]}]}},"_links":{"self":[{"href":"https:\/\/skaitytaknyga.lt\/en\/wp-json\/wp\/v2\/product\/8459","targetHints":{"allow":["GET"]}}],"collection":[{"href":"https:\/\/skaitytaknyga.lt\/en\/wp-json\/wp\/v2\/product"}],"about":[{"href":"https:\/\/skaitytaknyga.lt\/en\/wp-json\/wp\/v2\/types\/product"}],"replies":[{"embeddable":true,"href":"https:\/\/skaitytaknyga.lt\/en\/wp-json\/wp\/v2\/comments?post=8459"}],"wp:featuredmedia":[{"embeddable":true,"href":"https:\/\/skaitytaknyga.lt\/en\/wp-json\/wp\/v2\/media\/4594"}],"wp:attachment":[{"href":"https:\/\/skaitytaknyga.lt\/en\/wp-json\/wp\/v2\/media?parent=8459"}],"wp:term":[{"taxonomy":"product_brand","embeddable":true,"href":"https:\/\/skaitytaknyga.lt\/en\/wp-json\/wp\/v2\/product_brand?post=8459"},{"taxonomy":"product_cat","embeddable":true,"href":"https:\/\/skaitytaknyga.lt\/en\/wp-json\/wp\/v2\/product_cat?post=8459"},{"taxonomy":"product_tag","embeddable":true,"href":"https:\/\/skaitytaknyga.lt\/en\/wp-json\/wp\/v2\/product_tag?post=8459"}],"curies":[{"name":"wp","href":"https:\/\/api.w.org\/{rel}","templated":true}]}}