{"id":8435,"date":"2024-05-04T17:45:38","date_gmt":"2024-05-04T14:45:38","guid":{"rendered":"https:\/\/skaitytaknyga.lt\/?post_type=product&#038;p=8435"},"modified":"2025-11-21T20:34:00","modified_gmt":"2025-11-21T18:34:00","slug":"l-tolstojus-ana-karenina-1-2-tomai-2","status":"publish","type":"product","link":"https:\/\/skaitytaknyga.lt\/en\/produktas\/l-tolstojus-ana-karenina-1-2-tomai-2\/","title":{"rendered":"L. Tolstojus  \u201eAna Karenina\u201c (1-2 tomai)"},"content":{"rendered":"<p>Ana Karenina turi mylint\u012f vyr\u0105, s\u016bnel\u012f ir visk\u0105, ko tik gal\u0117t\u0173 nor\u0117ti, bet gyvena jausdama tu\u0161tum\u0105 \u0161irdyje. Lemtinga pa\u017eintis su grafu Aleksejumi Vronskiu pakreipia jos likim\u0105 naujais b\u0117giais. Beatodairi\u0161kai \u012fsimyl\u0117jusi, jausminga mai\u0161tautoja atmeta priimt\u0105 norm\u0105 sl\u0117pti nei\u0161tikimyb\u0119 ir paskelbia pasauliui apie savo meil\u0119\u2026 Ar moteris nepadar\u0117 lemtingos klaidos? Ar grafas j\u0105 i\u0161 ties\u0173 myli? Ar jiems kada lemta gyventi kaip \u0161eimai?<\/p>\n<p>Vienas i\u0161 garsiausi\u0173 pasaulio romanist\u0173 daugiasluoksnio devynioliktojo am\u017eiaus Rusijos paveikslo fone \u0161alia i\u0161skirtin\u0117s meil\u0117s istorijos tapo septyni\u0173 skirting\u0173 veik\u0117j\u0173 charakterius. Meistri\u0161kai manipuliuojant miesto ir kaimo, auk\u0161tuomen\u0117s ir valstie\u010di\u0173 kasdienyb\u0117s kontrastais atskleid\u017eiamas visas laim\u0117s bei \u0161eimos gyvenimo spektras.<\/p>\n<ul class=\"about-product mb-3\">\n<li><strong style=\"font-weight: 700\">Autorius:<\/strong><span class=\"Apple-converted-space\">&nbsp;<\/span>Lev Tolstoj<\/li>\n<li><strong style=\"font-weight: 700\">Leid\u0117jas:<\/strong><span class=\"Apple-converted-space\">&nbsp;<\/span>Vaga<\/li>\n<li><strong style=\"font-weight: 700\">Metai:<\/strong><span class=\"Apple-converted-space\">&nbsp;<\/span>1983<\/li>\n<li><strong style=\"font-weight: 700\">Puslapiai:<\/strong><span class=\"Apple-converted-space\">&nbsp;<\/span>428<\/li>\n<li class=\"toggleable type-new-formats \"><strong style=\"font-weight: 700\">Formatas:<\/strong><span class=\"Apple-converted-space\">&nbsp;<\/span>13,3 x 20,5 x 3 cm, kieti vir\u0161eliai<\/li>\n<li><strong style=\"font-weight: 700\">Kalba:<\/strong><span class=\"Apple-converted-space\">&nbsp;<\/span><span>Lietuvi\u0173<\/span><\/li>\n<li><strong style=\"font-weight: 700\">Vert\u0117jas:<\/strong><span class=\"Apple-converted-space\">&nbsp;<\/span>Pranas Povilaitis<\/li>\n<\/ul>\n","protected":false},"excerpt":{"rendered":"<p>Ana Karenina turi mylint\u012f vyr\u0105, s\u016bnel\u012f ir visk\u0105, ko tik gal\u0117t\u0173 nor\u0117ti, bet gyvena jausdama tu\u0161tum\u0105 \u0161irdyje. Lemtinga pa\u017eintis su grafu Aleksejumi Vronskiu pakreipia jos likim\u0105 naujais b\u0117giais. Beatodairi\u0161kai \u012fsimyl\u0117jusi, jausminga mai\u0161tautoja atmeta priimt\u0105 norm\u0105 sl\u0117pti nei\u0161tikimyb\u0119 ir paskelbia pasauliui apie savo meil\u0119\u2026 Ar moteris nepadar\u0117 lemtingos klaidos? Ar grafas j\u0105 i\u0161 ties\u0173 myli? Ar jiems kada lemta gyventi kaip \u0161eimai?<\/p>\n<p>Vienas i\u0161 garsiausi\u0173 pasaulio romanist\u0173 daugiasluoksnio devynioliktojo am\u017eiaus Rusijos paveikslo fone \u0161alia i\u0161skirtin\u0117s meil\u0117s istorijos tapo septyni\u0173 skirting\u0173 veik\u0117j\u0173 charakterius. Meistri\u0161kai manipuliuojant miesto ir kaimo, auk\u0161tuomen\u0117s ir valstie\u010di\u0173 kasdienyb\u0117s kontrastais atskleid\u017eiamas visas laim\u0117s bei \u0161eimos gyvenimo spektras.<\/p>\n","protected":false},"featured_media":13437,"comment_status":"closed","ping_status":"closed","template":"","meta":{"_acf_changed":false,"site-sidebar-layout":"default","site-content-layout":"","ast-site-content-layout":"default","site-content-style":"default","site-sidebar-style":"default","ast-global-header-display":"","ast-banner-title-visibility":"","ast-main-header-display":"","ast-hfb-above-header-display":"","ast-hfb-below-header-display":"","ast-hfb-mobile-header-display":"","site-post-title":"","ast-breadcrumbs-content":"","ast-featured-img":"","footer-sml-layout":"","ast-disable-related-posts":"","theme-transparent-header-meta":"","adv-header-id-meta":"","stick-header-meta":"","header-above-stick-meta":"","header-main-stick-meta":"","header-below-stick-meta":"","astra-migrate-meta-layouts":"default","ast-page-background-enabled":"default","ast-page-background-meta":{"desktop":{"background-color":"","background-image":"","background-repeat":"repeat","background-position":"center center","background-size":"auto","background-attachment":"scroll","background-type":"","background-media":"","overlay-type":"","overlay-color":"","overlay-opacity":"","overlay-gradient":""},"tablet":{"background-color":"","background-image":"","background-repeat":"repeat","background-position":"center center","background-size":"auto","background-attachment":"scroll","background-type":"","background-media":"","overlay-type":"","overlay-color":"","overlay-opacity":"","overlay-gradient":""},"mobile":{"background-color":"","background-image":"","background-repeat":"repeat","background-position":"center center","background-size":"auto","background-attachment":"scroll","background-type":"","background-media":"","overlay-type":"","overlay-color":"","overlay-opacity":"","overlay-gradient":""}},"ast-content-background-meta":{"desktop":{"background-color":"var(--ast-global-color-4)","background-image":"","background-repeat":"repeat","background-position":"center center","background-size":"auto","background-attachment":"scroll","background-type":"","background-media":"","overlay-type":"","overlay-color":"","overlay-opacity":"","overlay-gradient":""},"tablet":{"background-color":"var(--ast-global-color-4)","background-image":"","background-repeat":"repeat","background-position":"center center","background-size":"auto","background-attachment":"scroll","background-type":"","background-media":"","overlay-type":"","overlay-color":"","overlay-opacity":"","overlay-gradient":""},"mobile":{"background-color":"var(--ast-global-color-4)","background-image":"","background-repeat":"repeat","background-position":"center center","background-size":"auto","background-attachment":"scroll","background-type":"","background-media":"","overlay-type":"","overlay-color":"","overlay-opacity":"","overlay-gradient":""}}},"product_brand":[],"product_cat":[31,28],"product_tag":[],"class_list":{"0":"post-8435","1":"product","2":"type-product","3":"status-publish","4":"has-post-thumbnail","6":"product_cat-grozine-literatura","7":"product_cat-klasika","8":"desktop-align-left","9":"tablet-align-left","10":"mobile-align-left","12":"first","13":"outofstock","14":"shipping-taxable","15":"purchasable","16":"product-type-simple"},"acf":[],"yoast_head":"<!-- This site is optimized with the Yoast SEO plugin v27.4 - https:\/\/yoast.com\/product\/yoast-seo-wordpress\/ -->\n<title>L. Tolstojus \u201eAna Karenina\u201c (1-2 tomai)<\/title>\n<meta name=\"description\" content=\"Ana Karenina turi mylint\u012f vyr\u0105, s\u016bnel\u012f ir visk\u0105, ko tik gal\u0117t\u0173 nor\u0117ti, bet gyvena jausdama tu\u0161tum\u0105 \u0161irdyje. Lemtinga pa\u017eintis su grafu Aleksejumi Vronskiu pakreipia jos likim\u0105 naujais b\u0117giais. Beatodairi\u0161kai \u012fsimyl\u0117jusi, jausminga mai\u0161tautoja atmeta priimt\u0105 norm\u0105 sl\u0117pti nei\u0161tikimyb\u0119 ir paskelbia pasauliui apie savo meil\u0119\u2026 Ar moteris nepadar\u0117 lemtingos klaidos? Ar grafas j\u0105 i\u0161 ties\u0173 myli? Ar jiems kada lemta gyventi kaip \u0161eimai?  Vienas i\u0161 garsiausi\u0173 pasaulio romanist\u0173 daugiasluoksnio devynioliktojo am\u017eiaus Rusijos paveikslo fone \u0161alia i\u0161skirtin\u0117s meil\u0117s istorijos tapo septyni\u0173 skirting\u0173 veik\u0117j\u0173 charakterius. Meistri\u0161kai manipuliuojant miesto ir kaimo, auk\u0161tuomen\u0117s ir valstie\u010di\u0173 kasdienyb\u0117s kontrastais atskleid\u017eiamas visas laim\u0117s bei \u0161eimos gyvenimo spektras.\" \/>\n<meta name=\"robots\" content=\"index, follow, max-snippet:-1, max-image-preview:large, max-video-preview:-1\" \/>\n<link rel=\"canonical\" href=\"https:\/\/skaitytaknyga.lt\/en\/produktas\/l-tolstojus-ana-karenina-1-2-tomai-2\/\" \/>\n<meta property=\"og:locale\" content=\"en_GB\" \/>\n<meta property=\"og:locale:alternate\" content=\"lt_LT\" \/>\n<meta property=\"og:type\" content=\"article\" \/>\n<meta property=\"og:title\" content=\"L. Tolstojus \u201eAna Karenina\u201c (1-2 tomai)\" \/>\n<meta property=\"og:description\" content=\"Ana Karenina turi mylint\u012f vyr\u0105, s\u016bnel\u012f ir visk\u0105, ko tik gal\u0117t\u0173 nor\u0117ti, bet gyvena jausdama tu\u0161tum\u0105 \u0161irdyje. Lemtinga pa\u017eintis su grafu Aleksejumi Vronskiu pakreipia jos likim\u0105 naujais b\u0117giais. Beatodairi\u0161kai \u012fsimyl\u0117jusi, jausminga mai\u0161tautoja atmeta priimt\u0105 norm\u0105 sl\u0117pti nei\u0161tikimyb\u0119 ir paskelbia pasauliui apie savo meil\u0119\u2026 Ar moteris nepadar\u0117 lemtingos klaidos? Ar grafas j\u0105 i\u0161 ties\u0173 myli? Ar jiems kada lemta gyventi kaip \u0161eimai?  Vienas i\u0161 garsiausi\u0173 pasaulio romanist\u0173 daugiasluoksnio devynioliktojo am\u017eiaus Rusijos paveikslo fone \u0161alia i\u0161skirtin\u0117s meil\u0117s istorijos tapo septyni\u0173 skirting\u0173 veik\u0117j\u0173 charakterius. Meistri\u0161kai manipuliuojant miesto ir kaimo, auk\u0161tuomen\u0117s ir valstie\u010di\u0173 kasdienyb\u0117s kontrastais atskleid\u017eiamas visas laim\u0117s bei \u0161eimos gyvenimo spektras.\" \/>\n<meta property=\"og:url\" content=\"https:\/\/skaitytaknyga.lt\/en\/produktas\/l-tolstojus-ana-karenina-1-2-tomai-2\/\" \/>\n<meta property=\"og:site_name\" content=\"Skaitytaknyga\" \/>\n<meta property=\"article:publisher\" content=\"https:\/\/www.facebook.com\/skaitytaknyga\/\" \/>\n<meta property=\"article:modified_time\" content=\"2025-11-21T18:34:00+00:00\" \/>\n<meta property=\"og:image\" content=\"https:\/\/skaitytaknyga.lt\/wp-content\/uploads\/2024\/08\/img_4805.jpeg\" \/>\n\t<meta property=\"og:image:width\" content=\"484\" \/>\n\t<meta property=\"og:image:height\" content=\"800\" \/>\n\t<meta property=\"og:image:type\" content=\"image\/jpeg\" \/>\n<meta name=\"twitter:card\" content=\"summary_large_image\" \/>\n<meta name=\"twitter:label1\" content=\"Estimated reading time\" \/>\n\t<meta name=\"twitter:data1\" content=\"1 minute\" \/>\n<script type=\"application\/ld+json\" class=\"yoast-schema-graph\">{\"@context\":\"https:\\\/\\\/schema.org\",\"@graph\":[{\"@type\":\"WebPage\",\"@id\":\"https:\\\/\\\/skaitytaknyga.lt\\\/produktas\\\/l-tolstojus-ana-karenina-1-2-tomai-2\\\/\",\"url\":\"https:\\\/\\\/skaitytaknyga.lt\\\/produktas\\\/l-tolstojus-ana-karenina-1-2-tomai-2\\\/\",\"name\":\"L. Tolstojus \u201eAna Karenina\u201c (1-2 tomai)\",\"isPartOf\":{\"@id\":\"https:\\\/\\\/skaitytaknyga.lt\\\/#website\"},\"primaryImageOfPage\":{\"@id\":\"https:\\\/\\\/skaitytaknyga.lt\\\/produktas\\\/l-tolstojus-ana-karenina-1-2-tomai-2\\\/#primaryimage\"},\"image\":{\"@id\":\"https:\\\/\\\/skaitytaknyga.lt\\\/produktas\\\/l-tolstojus-ana-karenina-1-2-tomai-2\\\/#primaryimage\"},\"thumbnailUrl\":\"https:\\\/\\\/skaitytaknyga.lt\\\/wp-content\\\/uploads\\\/2024\\\/08\\\/img_4805.jpeg\",\"datePublished\":\"2024-05-04T14:45:38+00:00\",\"dateModified\":\"2025-11-21T18:34:00+00:00\",\"description\":\"Ana Karenina turi mylint\u012f vyr\u0105, s\u016bnel\u012f ir visk\u0105, ko tik gal\u0117t\u0173 nor\u0117ti, bet gyvena jausdama tu\u0161tum\u0105 \u0161irdyje. Lemtinga pa\u017eintis su grafu Aleksejumi Vronskiu pakreipia jos likim\u0105 naujais b\u0117giais. Beatodairi\u0161kai \u012fsimyl\u0117jusi, jausminga mai\u0161tautoja atmeta priimt\u0105 norm\u0105 sl\u0117pti nei\u0161tikimyb\u0119 ir paskelbia pasauliui apie savo meil\u0119\u2026 Ar moteris nepadar\u0117 lemtingos klaidos? Ar grafas j\u0105 i\u0161 ties\u0173 myli? Ar jiems kada lemta gyventi kaip \u0161eimai? Vienas i\u0161 garsiausi\u0173 pasaulio romanist\u0173 daugiasluoksnio devynioliktojo am\u017eiaus Rusijos paveikslo fone \u0161alia i\u0161skirtin\u0117s meil\u0117s istorijos tapo septyni\u0173 skirting\u0173 veik\u0117j\u0173 charakterius. Meistri\u0161kai manipuliuojant miesto ir kaimo, auk\u0161tuomen\u0117s ir valstie\u010di\u0173 kasdienyb\u0117s kontrastais atskleid\u017eiamas visas laim\u0117s bei \u0161eimos gyvenimo spektras.\",\"breadcrumb\":{\"@id\":\"https:\\\/\\\/skaitytaknyga.lt\\\/produktas\\\/l-tolstojus-ana-karenina-1-2-tomai-2\\\/#breadcrumb\"},\"inLanguage\":\"en-GB\",\"potentialAction\":[{\"@type\":\"ReadAction\",\"target\":[\"https:\\\/\\\/skaitytaknyga.lt\\\/produktas\\\/l-tolstojus-ana-karenina-1-2-tomai-2\\\/\"]}]},{\"@type\":\"ImageObject\",\"inLanguage\":\"en-GB\",\"@id\":\"https:\\\/\\\/skaitytaknyga.lt\\\/produktas\\\/l-tolstojus-ana-karenina-1-2-tomai-2\\\/#primaryimage\",\"url\":\"https:\\\/\\\/skaitytaknyga.lt\\\/wp-content\\\/uploads\\\/2024\\\/08\\\/img_4805.jpeg\",\"contentUrl\":\"https:\\\/\\\/skaitytaknyga.lt\\\/wp-content\\\/uploads\\\/2024\\\/08\\\/img_4805.jpeg\",\"width\":484,\"height\":800},{\"@type\":\"BreadcrumbList\",\"@id\":\"https:\\\/\\\/skaitytaknyga.lt\\\/produktas\\\/l-tolstojus-ana-karenina-1-2-tomai-2\\\/#breadcrumb\",\"itemListElement\":[{\"@type\":\"ListItem\",\"position\":1,\"name\":\"Home\",\"item\":\"https:\\\/\\\/skaitytaknyga.lt\\\/\"},{\"@type\":\"ListItem\",\"position\":2,\"name\":\"Parduotuv\u0117\",\"item\":\"https:\\\/\\\/skaitytaknyga.lt\\\/knygu-parduotuve\\\/\"},{\"@type\":\"ListItem\",\"position\":3,\"name\":\"L. Tolstojus \u201eAna Karenina\u201c (1-2 tomai)\"}]},{\"@type\":\"WebSite\",\"@id\":\"https:\\\/\\\/skaitytaknyga.lt\\\/#website\",\"url\":\"https:\\\/\\\/skaitytaknyga.lt\\\/\",\"name\":\"skaitytaknyga.lt\",\"description\":\"Skaitytaknyga.lt \u2013 tai ma\u017eas \u0161eimos verslas, kuris prasid\u0117jo nuo meil\u0117s knygoms ir siekio i\u0161gelb\u0117ti knygas nuo likimo prie konteinerio. Kas vienam nereikalingas daiktas \u2013 kitam lobis, o mes esame tarpininkai, kurie padeda abiems tapti laimingesniems ???? \u017dinome kaip nelengva i\u0161gyventi ma\u017eiems verslams, tad nuo \u0161iol, \u010dia rasite ir kit\u0173, ma\u017e\u0173 \u0161eim\u0173 versl\u0173, rank\u0173 darbo, dovan\u0173 sau ir artimiesiems.\",\"publisher\":{\"@id\":\"https:\\\/\\\/skaitytaknyga.lt\\\/#organization\"},\"potentialAction\":[{\"@type\":\"SearchAction\",\"target\":{\"@type\":\"EntryPoint\",\"urlTemplate\":\"https:\\\/\\\/skaitytaknyga.lt\\\/?s={search_term_string}\"},\"query-input\":{\"@type\":\"PropertyValueSpecification\",\"valueRequired\":true,\"valueName\":\"search_term_string\"}}],\"inLanguage\":\"en-GB\"},{\"@type\":\"Organization\",\"@id\":\"https:\\\/\\\/skaitytaknyga.lt\\\/#organization\",\"name\":\"skaitytaknyga.lt\",\"url\":\"https:\\\/\\\/skaitytaknyga.lt\\\/\",\"logo\":{\"@type\":\"ImageObject\",\"inLanguage\":\"en-GB\",\"@id\":\"https:\\\/\\\/skaitytaknyga.lt\\\/#\\\/schema\\\/logo\\\/image\\\/\",\"url\":\"https:\\\/\\\/skaitytaknyga.lt\\\/wp-content\\\/uploads\\\/2024\\\/05\\\/cropped-cropped-cropped-02_00843_jt3bggkj1j3HLc7SyY6rEUpg.jpeg\",\"contentUrl\":\"https:\\\/\\\/skaitytaknyga.lt\\\/wp-content\\\/uploads\\\/2024\\\/05\\\/cropped-cropped-cropped-02_00843_jt3bggkj1j3HLc7SyY6rEUpg.jpeg\",\"width\":1600,\"height\":1600,\"caption\":\"skaitytaknyga.lt\"},\"image\":{\"@id\":\"https:\\\/\\\/skaitytaknyga.lt\\\/#\\\/schema\\\/logo\\\/image\\\/\"},\"sameAs\":[\"https:\\\/\\\/www.facebook.com\\\/skaitytaknyga\\\/\"]}]}<\/script>\n<!-- \/ Yoast SEO plugin. -->","yoast_head_json":{"title":"L. Tolstojus \u201eAna Karenina\u201c (1-2 tomai)","description":"Ana Karenina turi mylint\u012f vyr\u0105, s\u016bnel\u012f ir visk\u0105, ko tik gal\u0117t\u0173 nor\u0117ti, bet gyvena jausdama tu\u0161tum\u0105 \u0161irdyje. Lemtinga pa\u017eintis su grafu Aleksejumi Vronskiu pakreipia jos likim\u0105 naujais b\u0117giais. Beatodairi\u0161kai \u012fsimyl\u0117jusi, jausminga mai\u0161tautoja atmeta priimt\u0105 norm\u0105 sl\u0117pti nei\u0161tikimyb\u0119 ir paskelbia pasauliui apie savo meil\u0119\u2026 Ar moteris nepadar\u0117 lemtingos klaidos? Ar grafas j\u0105 i\u0161 ties\u0173 myli? Ar jiems kada lemta gyventi kaip \u0161eimai?  Vienas i\u0161 garsiausi\u0173 pasaulio romanist\u0173 daugiasluoksnio devynioliktojo am\u017eiaus Rusijos paveikslo fone \u0161alia i\u0161skirtin\u0117s meil\u0117s istorijos tapo septyni\u0173 skirting\u0173 veik\u0117j\u0173 charakterius. Meistri\u0161kai manipuliuojant miesto ir kaimo, auk\u0161tuomen\u0117s ir valstie\u010di\u0173 kasdienyb\u0117s kontrastais atskleid\u017eiamas visas laim\u0117s bei \u0161eimos gyvenimo spektras.","robots":{"index":"index","follow":"follow","max-snippet":"max-snippet:-1","max-image-preview":"max-image-preview:large","max-video-preview":"max-video-preview:-1"},"canonical":"https:\/\/skaitytaknyga.lt\/en\/produktas\/l-tolstojus-ana-karenina-1-2-tomai-2\/","og_locale":"en_GB","og_type":"article","og_title":"[:lt]L. Tolstojus \u201eAna Karenina\u201c (1-2 tomai)[:] - Skaitytaknyga","og_description":"Ana Karenina turi mylint\u012f vyr\u0105, s\u016bnel\u012f ir visk\u0105, ko tik gal\u0117t\u0173 nor\u0117ti, bet gyvena jausdama tu\u0161tum\u0105 \u0161irdyje. Lemtinga pa\u017eintis su grafu Aleksejumi Vronskiu pakreipia jos likim\u0105 naujais b\u0117giais. Beatodairi\u0161kai \u012fsimyl\u0117jusi, jausminga mai\u0161tautoja atmeta priimt\u0105 norm\u0105 sl\u0117pti nei\u0161tikimyb\u0119 ir paskelbia pasauliui apie savo meil\u0119\u2026 Ar moteris nepadar\u0117 lemtingos klaidos? Ar grafas j\u0105 i\u0161 ties\u0173 myli? Ar jiems kada lemta gyventi kaip \u0161eimai?  Vienas i\u0161 garsiausi\u0173 pasaulio romanist\u0173 daugiasluoksnio devynioliktojo am\u017eiaus Rusijos paveikslo fone \u0161alia i\u0161skirtin\u0117s meil\u0117s istorijos tapo septyni\u0173 skirting\u0173 veik\u0117j\u0173 charakterius. Meistri\u0161kai manipuliuojant miesto ir kaimo, auk\u0161tuomen\u0117s ir valstie\u010di\u0173 kasdienyb\u0117s kontrastais atskleid\u017eiamas visas laim\u0117s bei \u0161eimos gyvenimo spektras.","og_url":"https:\/\/skaitytaknyga.lt\/en\/produktas\/l-tolstojus-ana-karenina-1-2-tomai-2\/","og_site_name":"Skaitytaknyga","article_publisher":"https:\/\/www.facebook.com\/skaitytaknyga\/","article_modified_time":"2025-11-21T18:34:00+00:00","og_image":[{"width":484,"height":800,"url":"https:\/\/skaitytaknyga.lt\/wp-content\/uploads\/2024\/08\/img_4805.jpeg","type":"image\/jpeg"}],"twitter_card":"summary_large_image","twitter_misc":{"Estimated reading time":"1 minute"},"schema":{"@context":"https:\/\/schema.org","@graph":[{"@type":"WebPage","@id":"https:\/\/skaitytaknyga.lt\/produktas\/l-tolstojus-ana-karenina-1-2-tomai-2\/","url":"https:\/\/skaitytaknyga.lt\/produktas\/l-tolstojus-ana-karenina-1-2-tomai-2\/","name":"L. Tolstojus \u201eAna Karenina\u201c (1-2 tomai)","isPartOf":{"@id":"https:\/\/skaitytaknyga.lt\/#website"},"primaryImageOfPage":{"@id":"https:\/\/skaitytaknyga.lt\/produktas\/l-tolstojus-ana-karenina-1-2-tomai-2\/#primaryimage"},"image":{"@id":"https:\/\/skaitytaknyga.lt\/produktas\/l-tolstojus-ana-karenina-1-2-tomai-2\/#primaryimage"},"thumbnailUrl":"https:\/\/skaitytaknyga.lt\/wp-content\/uploads\/2024\/08\/img_4805.jpeg","datePublished":"2024-05-04T14:45:38+00:00","dateModified":"2025-11-21T18:34:00+00:00","description":"Ana Karenina turi mylint\u012f vyr\u0105, s\u016bnel\u012f ir visk\u0105, ko tik gal\u0117t\u0173 nor\u0117ti, bet gyvena jausdama tu\u0161tum\u0105 \u0161irdyje. Lemtinga pa\u017eintis su grafu Aleksejumi Vronskiu pakreipia jos likim\u0105 naujais b\u0117giais. Beatodairi\u0161kai \u012fsimyl\u0117jusi, jausminga mai\u0161tautoja atmeta priimt\u0105 norm\u0105 sl\u0117pti nei\u0161tikimyb\u0119 ir paskelbia pasauliui apie savo meil\u0119\u2026 Ar moteris nepadar\u0117 lemtingos klaidos? Ar grafas j\u0105 i\u0161 ties\u0173 myli? Ar jiems kada lemta gyventi kaip \u0161eimai? Vienas i\u0161 garsiausi\u0173 pasaulio romanist\u0173 daugiasluoksnio devynioliktojo am\u017eiaus Rusijos paveikslo fone \u0161alia i\u0161skirtin\u0117s meil\u0117s istorijos tapo septyni\u0173 skirting\u0173 veik\u0117j\u0173 charakterius. Meistri\u0161kai manipuliuojant miesto ir kaimo, auk\u0161tuomen\u0117s ir valstie\u010di\u0173 kasdienyb\u0117s kontrastais atskleid\u017eiamas visas laim\u0117s bei \u0161eimos gyvenimo spektras.","breadcrumb":{"@id":"https:\/\/skaitytaknyga.lt\/produktas\/l-tolstojus-ana-karenina-1-2-tomai-2\/#breadcrumb"},"inLanguage":"en-GB","potentialAction":[{"@type":"ReadAction","target":["https:\/\/skaitytaknyga.lt\/produktas\/l-tolstojus-ana-karenina-1-2-tomai-2\/"]}]},{"@type":"ImageObject","inLanguage":"en-GB","@id":"https:\/\/skaitytaknyga.lt\/produktas\/l-tolstojus-ana-karenina-1-2-tomai-2\/#primaryimage","url":"https:\/\/skaitytaknyga.lt\/wp-content\/uploads\/2024\/08\/img_4805.jpeg","contentUrl":"https:\/\/skaitytaknyga.lt\/wp-content\/uploads\/2024\/08\/img_4805.jpeg","width":484,"height":800},{"@type":"BreadcrumbList","@id":"https:\/\/skaitytaknyga.lt\/produktas\/l-tolstojus-ana-karenina-1-2-tomai-2\/#breadcrumb","itemListElement":[{"@type":"ListItem","position":1,"name":"Home","item":"https:\/\/skaitytaknyga.lt\/"},{"@type":"ListItem","position":2,"name":"Parduotuv\u0117","item":"https:\/\/skaitytaknyga.lt\/knygu-parduotuve\/"},{"@type":"ListItem","position":3,"name":"L. Tolstojus \u201eAna Karenina\u201c (1-2 tomai)"}]},{"@type":"WebSite","@id":"https:\/\/skaitytaknyga.lt\/#website","url":"https:\/\/skaitytaknyga.lt\/","name":"skaitytaknyga.lt","description":"Skaitytaknyga.lt \u2013 tai ma\u017eas \u0161eimos verslas, kuris prasid\u0117jo nuo meil\u0117s knygoms ir siekio i\u0161gelb\u0117ti knygas nuo likimo prie konteinerio. Kas vienam nereikalingas daiktas \u2013 kitam lobis, o mes esame tarpininkai, kurie padeda abiems tapti laimingesniems ???? \u017dinome kaip nelengva i\u0161gyventi ma\u017eiems verslams, tad nuo \u0161iol, \u010dia rasite ir kit\u0173, ma\u017e\u0173 \u0161eim\u0173 versl\u0173, rank\u0173 darbo, dovan\u0173 sau ir artimiesiems.","publisher":{"@id":"https:\/\/skaitytaknyga.lt\/#organization"},"potentialAction":[{"@type":"SearchAction","target":{"@type":"EntryPoint","urlTemplate":"https:\/\/skaitytaknyga.lt\/?s={search_term_string}"},"query-input":{"@type":"PropertyValueSpecification","valueRequired":true,"valueName":"search_term_string"}}],"inLanguage":"en-GB"},{"@type":"Organization","@id":"https:\/\/skaitytaknyga.lt\/#organization","name":"skaitytaknyga.lt","url":"https:\/\/skaitytaknyga.lt\/","logo":{"@type":"ImageObject","inLanguage":"en-GB","@id":"https:\/\/skaitytaknyga.lt\/#\/schema\/logo\/image\/","url":"https:\/\/skaitytaknyga.lt\/wp-content\/uploads\/2024\/05\/cropped-cropped-cropped-02_00843_jt3bggkj1j3HLc7SyY6rEUpg.jpeg","contentUrl":"https:\/\/skaitytaknyga.lt\/wp-content\/uploads\/2024\/05\/cropped-cropped-cropped-02_00843_jt3bggkj1j3HLc7SyY6rEUpg.jpeg","width":1600,"height":1600,"caption":"skaitytaknyga.lt"},"image":{"@id":"https:\/\/skaitytaknyga.lt\/#\/schema\/logo\/image\/"},"sameAs":["https:\/\/www.facebook.com\/skaitytaknyga\/"]}]}},"_links":{"self":[{"href":"https:\/\/skaitytaknyga.lt\/en\/wp-json\/wp\/v2\/product\/8435","targetHints":{"allow":["GET"]}}],"collection":[{"href":"https:\/\/skaitytaknyga.lt\/en\/wp-json\/wp\/v2\/product"}],"about":[{"href":"https:\/\/skaitytaknyga.lt\/en\/wp-json\/wp\/v2\/types\/product"}],"replies":[{"embeddable":true,"href":"https:\/\/skaitytaknyga.lt\/en\/wp-json\/wp\/v2\/comments?post=8435"}],"wp:featuredmedia":[{"embeddable":true,"href":"https:\/\/skaitytaknyga.lt\/en\/wp-json\/wp\/v2\/media\/13437"}],"wp:attachment":[{"href":"https:\/\/skaitytaknyga.lt\/en\/wp-json\/wp\/v2\/media?parent=8435"}],"wp:term":[{"taxonomy":"product_brand","embeddable":true,"href":"https:\/\/skaitytaknyga.lt\/en\/wp-json\/wp\/v2\/product_brand?post=8435"},{"taxonomy":"product_cat","embeddable":true,"href":"https:\/\/skaitytaknyga.lt\/en\/wp-json\/wp\/v2\/product_cat?post=8435"},{"taxonomy":"product_tag","embeddable":true,"href":"https:\/\/skaitytaknyga.lt\/en\/wp-json\/wp\/v2\/product_tag?post=8435"}],"curies":[{"name":"wp","href":"https:\/\/api.w.org\/{rel}","templated":true}]}}