{"id":8431,"date":"2024-05-04T14:45:37","date_gmt":"2024-05-04T14:45:37","guid":{"rendered":"https:\/\/skaitytaknyga.lt\/?post_type=product&#038;p=8431"},"modified":"2025-10-14T16:22:24","modified_gmt":"2025-10-14T13:22:24","slug":"sarah-haywood-kaktusas-2","status":"publish","type":"product","link":"https:\/\/skaitytaknyga.lt\/en\/produktas\/sarah-haywood-kaktusas-2\/","title":{"rendered":"Kaktusas"},"content":{"rendered":"<div><b>Niekada nev\u0117lu pra\u017eysti&#8230;<br \/>\nRomano \u201eEleonorai Olifant viskas gerai\u201c gerb\u0117jams<\/b><\/div>\n<div><\/div>\n<div><b>Liaukis nuolat kartojusi \u201ene\u201c ir pagaliau pasakyk \u201etaip\u201c.<\/b><\/div>\n<div><\/div>\n<div>Keturiasde\u0161imt penkeri\u0173 Siuzana Gryn kruop\u0161\u010diai visk\u0105 planuoja ir atsisako to, kas riboja jos asmenin\u0119 laisv\u0119, kelia stres\u0105, kainuoja brang\u0173 laik\u0105 ir sukelia emocin\u0117s energijos \u0161vaistym\u0105.<br \/>\nSiuzanai patinka toks gyvenimas. Ji turi but\u0105 Londone, kurio jai visi\u0161kai pakanka, ger\u0105 darb\u0105, patenkinant\u012f jos aistr\u0105 logikai, ir ai\u0161kiomis taisykl\u0117mis apibr\u0117\u017etus asmeninius santykius, teikian\u010dius kult\u016brini\u0173 ir intymi\u0173 privalum\u0173.<br \/>\nTa\u010diau, staiga netekusi motinos ir netik\u0117tai pastojusi, Siuzana stoja akis \u012f ak\u012f su savo did\u017eiausia baime \u2013 ji nebekontroliuoja savo gyvenimo. Viskas ritasi \u017eemyn&#8230; Bent jau Siuzanai taip atrodo. Bet galb\u016bt nuolat kartojusi \u201ene\u201c ji pagaliau pasakys \u201etaip\u201c.<\/div>\n<div><\/div>\n","protected":false},"excerpt":{"rendered":"<div><b>Niekada nev\u0117lu pra\u017eysti&#8230;<br \/>\nRomano \u201eEleonorai Olifant viskas gerai\u201c gerb\u0117jams<\/b><\/div>\n<div><\/div>\n<div><b>Liaukis nuolat kartojusi \u201ene\u201c ir pagaliau pasakyk \u201etaip\u201c.<\/b><\/div>\n<div><\/div>\n<div>Keturiasde\u0161imt penkeri\u0173 Siuzana Gryn kruop\u0161\u010diai visk\u0105 planuoja ir atsisako to, kas riboja jos asmenin\u0119 laisv\u0119, kelia stres\u0105, kainuoja brang\u0173 laik\u0105 ir sukelia emocin\u0117s energijos \u0161vaistym\u0105.<br \/>\nSiuzanai patinka toks gyvenimas. Ji turi but\u0105 Londone, kurio jai visi\u0161kai pakanka, ger\u0105 darb\u0105, patenkinant\u012f jos aistr\u0105 logikai, ir ai\u0161kiomis taisykl\u0117mis apibr\u0117\u017etus asmeninius santykius, teikian\u010dius kult\u016brini\u0173 ir intymi\u0173 privalum\u0173.<br \/>\nTa\u010diau, staiga netekusi motinos ir netik\u0117tai pastojusi, Siuzana stoja akis \u012f ak\u012f su savo did\u017eiausia baime \u2013 ji nebekontroliuoja savo gyvenimo. Viskas ritasi \u017eemyn&#8230; Bent jau Siuzanai taip atrodo. Bet galb\u016bt nuolat kartojusi \u201ene\u201c ji pagaliau pasakys \u201etaip\u201c.<\/div>\n<div><\/div>\n","protected":false},"featured_media":4535,"comment_status":"closed","ping_status":"closed","template":"","meta":{"_acf_changed":false,"site-sidebar-layout":"default","site-content-layout":"","ast-site-content-layout":"default","site-content-style":"default","site-sidebar-style":"default","ast-global-header-display":"","ast-banner-title-visibility":"","ast-main-header-display":"","ast-hfb-above-header-display":"","ast-hfb-below-header-display":"","ast-hfb-mobile-header-display":"","site-post-title":"","ast-breadcrumbs-content":"","ast-featured-img":"","footer-sml-layout":"","ast-disable-related-posts":"","theme-transparent-header-meta":"default","adv-header-id-meta":"","stick-header-meta":"","header-above-stick-meta":"","header-main-stick-meta":"","header-below-stick-meta":"","astra-migrate-meta-layouts":"set","ast-page-background-enabled":"default","ast-page-background-meta":{"desktop":{"background-color":"","background-image":"","background-repeat":"repeat","background-position":"center center","background-size":"auto","background-attachment":"scroll","background-type":"","background-media":"","overlay-type":"","overlay-color":"","overlay-opacity":"","overlay-gradient":""},"tablet":{"background-color":"","background-image":"","background-repeat":"repeat","background-position":"center center","background-size":"auto","background-attachment":"scroll","background-type":"","background-media":"","overlay-type":"","overlay-color":"","overlay-opacity":"","overlay-gradient":""},"mobile":{"background-color":"","background-image":"","background-repeat":"repeat","background-position":"center center","background-size":"auto","background-attachment":"scroll","background-type":"","background-media":"","overlay-type":"","overlay-color":"","overlay-opacity":"","overlay-gradient":""}},"ast-content-background-meta":{"desktop":{"background-color":"var(--ast-global-color-4)","background-image":"","background-repeat":"repeat","background-position":"center center","background-size":"auto","background-attachment":"scroll","background-type":"","background-media":"","overlay-type":"","overlay-color":"","overlay-opacity":"","overlay-gradient":""},"tablet":{"background-color":"var(--ast-global-color-4)","background-image":"","background-repeat":"repeat","background-position":"center center","background-size":"auto","background-attachment":"scroll","background-type":"","background-media":"","overlay-type":"","overlay-color":"","overlay-opacity":"","overlay-gradient":""},"mobile":{"background-color":"var(--ast-global-color-4)","background-image":"","background-repeat":"repeat","background-position":"center center","background-size":"auto","background-attachment":"scroll","background-type":"","background-media":"","overlay-type":"","overlay-color":"","overlay-opacity":"","overlay-gradient":""}}},"product_brand":[],"product_cat":[15],"product_tag":[2725,2407,1980,2723,2726,2721,1707,2722,2724],"class_list":{"0":"post-8431","1":"product","2":"type-product","3":"status-publish","4":"has-post-thumbnail","6":"product_cat-uncategorized","7":"product_tag-emocine-raida","8":"product_tag-gyvenimo-pokyciai","9":"product_tag-humoras","10":"product_tag-londono-gyvenimas","11":"product_tag-reese-witherspoon-knygu-klubas","12":"product_tag-sarah-haywood","13":"product_tag-seimos-santykiai","14":"product_tag-suzana-gryn","15":"product_tag-vienisa-moteris","16":"pa_leidimo-metai-607","17":"desktop-align-left","18":"tablet-align-left","19":"mobile-align-left","21":"first","22":"instock","23":"shipping-taxable","24":"purchasable","25":"product-type-simple"},"acf":[],"yoast_head":"<!-- This site is optimized with the Yoast SEO plugin v27.0 - https:\/\/yoast.com\/product\/yoast-seo-wordpress\/ -->\n<title>Kaktusas<\/title>\n<meta name=\"description\" content=\"Niekada nev\u0117lu pra\u017eysti... Romano \u201eEleonorai Olifant viskas gerai\u201c gerb\u0117jams  Liaukis nuolat kartojusi \u201ene\u201c ir pagaliau pasakyk \u201etaip\u201c.  Keturiasde\u0161imt penkeri\u0173 Siuzana Gryn kruop\u0161\u010diai visk\u0105 planuoja ir atsisako to, kas riboja jos asmenin\u0119 laisv\u0119, kelia stres\u0105, kainuoja brang\u0173 laik\u0105 ir sukelia emocin\u0117s energijos \u0161vaistym\u0105. Siuzanai patinka toks gyvenimas. Ji turi but\u0105 Londone, kurio jai visi\u0161kai pakanka, ger\u0105 darb\u0105, patenkinant\u012f jos aistr\u0105 logikai, ir ai\u0161kiomis taisykl\u0117mis apibr\u0117\u017etus asmeninius santykius, teikian\u010dius kult\u016brini\u0173 ir intymi\u0173 privalum\u0173. Ta\u010diau, staiga netekusi motinos ir netik\u0117tai pastojusi, Siuzana stoja akis \u012f ak\u012f su savo did\u017eiausia baime \u2013 ji nebekontroliuoja savo gyvenimo. Viskas ritasi \u017eemyn... Bent jau Siuzanai taip atrodo. Bet galb\u016bt nuolat kartojusi \u201ene\u201c ji pagaliau pasakys \u201etaip\u201c.\" \/>\n<meta name=\"robots\" content=\"index, follow, max-snippet:-1, max-image-preview:large, max-video-preview:-1\" \/>\n<link rel=\"canonical\" href=\"https:\/\/skaitytaknyga.lt\/en\/produktas\/sarah-haywood-kaktusas-2\/\" \/>\n<meta property=\"og:locale\" content=\"en_GB\" \/>\n<meta property=\"og:locale:alternate\" content=\"lt_LT\" \/>\n<meta property=\"og:type\" content=\"article\" \/>\n<meta property=\"og:title\" content=\"Kaktusas\" \/>\n<meta property=\"og:description\" content=\"Niekada nev\u0117lu pra\u017eysti... Romano \u201eEleonorai Olifant viskas gerai\u201c gerb\u0117jams  Liaukis nuolat kartojusi \u201ene\u201c ir pagaliau pasakyk \u201etaip\u201c.  Keturiasde\u0161imt penkeri\u0173 Siuzana Gryn kruop\u0161\u010diai visk\u0105 planuoja ir atsisako to, kas riboja jos asmenin\u0119 laisv\u0119, kelia stres\u0105, kainuoja brang\u0173 laik\u0105 ir sukelia emocin\u0117s energijos \u0161vaistym\u0105. Siuzanai patinka toks gyvenimas. Ji turi but\u0105 Londone, kurio jai visi\u0161kai pakanka, ger\u0105 darb\u0105, patenkinant\u012f jos aistr\u0105 logikai, ir ai\u0161kiomis taisykl\u0117mis apibr\u0117\u017etus asmeninius santykius, teikian\u010dius kult\u016brini\u0173 ir intymi\u0173 privalum\u0173. Ta\u010diau, staiga netekusi motinos ir netik\u0117tai pastojusi, Siuzana stoja akis \u012f ak\u012f su savo did\u017eiausia baime \u2013 ji nebekontroliuoja savo gyvenimo. Viskas ritasi \u017eemyn... Bent jau Siuzanai taip atrodo. Bet galb\u016bt nuolat kartojusi \u201ene\u201c ji pagaliau pasakys \u201etaip\u201c.\" \/>\n<meta property=\"og:url\" content=\"https:\/\/skaitytaknyga.lt\/en\/produktas\/sarah-haywood-kaktusas-2\/\" \/>\n<meta property=\"og:site_name\" content=\"Skaitytaknyga\" \/>\n<meta property=\"article:publisher\" content=\"https:\/\/www.facebook.com\/skaitytaknyga\/\" \/>\n<meta property=\"article:modified_time\" content=\"2025-10-14T13:22:24+00:00\" \/>\n<meta property=\"og:image\" content=\"https:\/\/skaitytaknyga.lt\/wp-content\/uploads\/2024\/04\/000000000001112074-5ebd15f65bd8e-asset-knyguklubas-kaktusas.jpg\" \/>\n\t<meta property=\"og:image:width\" content=\"403\" \/>\n\t<meta property=\"og:image:height\" content=\"600\" \/>\n\t<meta property=\"og:image:type\" content=\"image\/jpeg\" \/>\n<meta name=\"twitter:card\" content=\"summary_large_image\" \/>\n<meta name=\"twitter:label1\" content=\"Estimated reading time\" \/>\n\t<meta name=\"twitter:data1\" content=\"1 minute\" \/>\n<script type=\"application\/ld+json\" class=\"yoast-schema-graph\">{\"@context\":\"https:\/\/schema.org\",\"@graph\":[{\"@type\":\"WebPage\",\"@id\":\"https:\/\/skaitytaknyga.lt\/produktas\/sarah-haywood-kaktusas-2\/\",\"url\":\"https:\/\/skaitytaknyga.lt\/produktas\/sarah-haywood-kaktusas-2\/\",\"name\":\"Kaktusas\",\"isPartOf\":{\"@id\":\"https:\/\/skaitytaknyga.lt\/#website\"},\"primaryImageOfPage\":{\"@id\":\"https:\/\/skaitytaknyga.lt\/produktas\/sarah-haywood-kaktusas-2\/#primaryimage\"},\"image\":{\"@id\":\"https:\/\/skaitytaknyga.lt\/produktas\/sarah-haywood-kaktusas-2\/#primaryimage\"},\"thumbnailUrl\":\"https:\/\/skaitytaknyga.lt\/wp-content\/uploads\/2024\/04\/000000000001112074-5ebd15f65bd8e-asset-knyguklubas-kaktusas.jpg\",\"datePublished\":\"2024-05-04T14:45:37+00:00\",\"dateModified\":\"2025-10-14T13:22:24+00:00\",\"description\":\"Niekada nev\u0117lu pra\u017eysti... Romano \u201eEleonorai Olifant viskas gerai\u201c gerb\u0117jams Liaukis nuolat kartojusi \u201ene\u201c ir pagaliau pasakyk \u201etaip\u201c. Keturiasde\u0161imt penkeri\u0173 Siuzana Gryn kruop\u0161\u010diai visk\u0105 planuoja ir atsisako to, kas riboja jos asmenin\u0119 laisv\u0119, kelia stres\u0105, kainuoja brang\u0173 laik\u0105 ir sukelia emocin\u0117s energijos \u0161vaistym\u0105. Siuzanai patinka toks gyvenimas. Ji turi but\u0105 Londone, kurio jai visi\u0161kai pakanka, ger\u0105 darb\u0105, patenkinant\u012f jos aistr\u0105 logikai, ir ai\u0161kiomis taisykl\u0117mis apibr\u0117\u017etus asmeninius santykius, teikian\u010dius kult\u016brini\u0173 ir intymi\u0173 privalum\u0173. Ta\u010diau, staiga netekusi motinos ir netik\u0117tai pastojusi, Siuzana stoja akis \u012f ak\u012f su savo did\u017eiausia baime \u2013 ji nebekontroliuoja savo gyvenimo. Viskas ritasi \u017eemyn... Bent jau Siuzanai taip atrodo. Bet galb\u016bt nuolat kartojusi \u201ene\u201c ji pagaliau pasakys \u201etaip\u201c.\",\"breadcrumb\":{\"@id\":\"https:\/\/skaitytaknyga.lt\/produktas\/sarah-haywood-kaktusas-2\/#breadcrumb\"},\"inLanguage\":\"en-GB\",\"potentialAction\":[{\"@type\":\"ReadAction\",\"target\":[\"https:\/\/skaitytaknyga.lt\/produktas\/sarah-haywood-kaktusas-2\/\"]}]},{\"@type\":\"ImageObject\",\"inLanguage\":\"en-GB\",\"@id\":\"https:\/\/skaitytaknyga.lt\/produktas\/sarah-haywood-kaktusas-2\/#primaryimage\",\"url\":\"https:\/\/skaitytaknyga.lt\/wp-content\/uploads\/2024\/04\/000000000001112074-5ebd15f65bd8e-asset-knyguklubas-kaktusas.jpg\",\"contentUrl\":\"https:\/\/skaitytaknyga.lt\/wp-content\/uploads\/2024\/04\/000000000001112074-5ebd15f65bd8e-asset-knyguklubas-kaktusas.jpg\",\"width\":403,\"height\":600,\"caption\":\"Kaktusas\"},{\"@type\":\"BreadcrumbList\",\"@id\":\"https:\/\/skaitytaknyga.lt\/produktas\/sarah-haywood-kaktusas-2\/#breadcrumb\",\"itemListElement\":[{\"@type\":\"ListItem\",\"position\":1,\"name\":\"Home\",\"item\":\"https:\/\/skaitytaknyga.lt\/\"},{\"@type\":\"ListItem\",\"position\":2,\"name\":\"Parduotuv\u0117\",\"item\":\"https:\/\/skaitytaknyga.lt\/knygu-parduotuve\/\"},{\"@type\":\"ListItem\",\"position\":3,\"name\":\"Kaktusas\"}]},{\"@type\":\"WebSite\",\"@id\":\"https:\/\/skaitytaknyga.lt\/#website\",\"url\":\"https:\/\/skaitytaknyga.lt\/\",\"name\":\"skaitytaknyga.lt\",\"description\":\"Skaitytaknyga.lt \u2013 tai ma\u017eas \u0161eimos verslas, kuris prasid\u0117jo nuo meil\u0117s knygoms ir siekio i\u0161gelb\u0117ti knygas nuo likimo prie konteinerio. Kas vienam nereikalingas daiktas \u2013 kitam lobis, o mes esame tarpininkai, kurie padeda abiems tapti laimingesniems ???? \u017dinome kaip nelengva i\u0161gyventi ma\u017eiems verslams, tad nuo \u0161iol, \u010dia rasite ir kit\u0173, ma\u017e\u0173 \u0161eim\u0173 versl\u0173, rank\u0173 darbo, dovan\u0173 sau ir artimiesiems.\",\"publisher\":{\"@id\":\"https:\/\/skaitytaknyga.lt\/#organization\"},\"potentialAction\":[{\"@type\":\"SearchAction\",\"target\":{\"@type\":\"EntryPoint\",\"urlTemplate\":\"https:\/\/skaitytaknyga.lt\/?s={search_term_string}\"},\"query-input\":{\"@type\":\"PropertyValueSpecification\",\"valueRequired\":true,\"valueName\":\"search_term_string\"}}],\"inLanguage\":\"en-GB\"},{\"@type\":\"Organization\",\"@id\":\"https:\/\/skaitytaknyga.lt\/#organization\",\"name\":\"skaitytaknyga.lt\",\"url\":\"https:\/\/skaitytaknyga.lt\/\",\"logo\":{\"@type\":\"ImageObject\",\"inLanguage\":\"en-GB\",\"@id\":\"https:\/\/skaitytaknyga.lt\/#\/schema\/logo\/image\/\",\"url\":\"https:\/\/skaitytaknyga.lt\/wp-content\/uploads\/2024\/05\/cropped-cropped-cropped-02_00843_jt3bggkj1j3HLc7SyY6rEUpg.jpeg\",\"contentUrl\":\"https:\/\/skaitytaknyga.lt\/wp-content\/uploads\/2024\/05\/cropped-cropped-cropped-02_00843_jt3bggkj1j3HLc7SyY6rEUpg.jpeg\",\"width\":1600,\"height\":1600,\"caption\":\"skaitytaknyga.lt\"},\"image\":{\"@id\":\"https:\/\/skaitytaknyga.lt\/#\/schema\/logo\/image\/\"},\"sameAs\":[\"https:\/\/www.facebook.com\/skaitytaknyga\/\"]}]}<\/script>\n<!-- \/ Yoast SEO plugin. -->","yoast_head_json":{"title":"Kaktusas","description":"Niekada nev\u0117lu pra\u017eysti... Romano \u201eEleonorai Olifant viskas gerai\u201c gerb\u0117jams  Liaukis nuolat kartojusi \u201ene\u201c ir pagaliau pasakyk \u201etaip\u201c.  Keturiasde\u0161imt penkeri\u0173 Siuzana Gryn kruop\u0161\u010diai visk\u0105 planuoja ir atsisako to, kas riboja jos asmenin\u0119 laisv\u0119, kelia stres\u0105, kainuoja brang\u0173 laik\u0105 ir sukelia emocin\u0117s energijos \u0161vaistym\u0105. Siuzanai patinka toks gyvenimas. Ji turi but\u0105 Londone, kurio jai visi\u0161kai pakanka, ger\u0105 darb\u0105, patenkinant\u012f jos aistr\u0105 logikai, ir ai\u0161kiomis taisykl\u0117mis apibr\u0117\u017etus asmeninius santykius, teikian\u010dius kult\u016brini\u0173 ir intymi\u0173 privalum\u0173. Ta\u010diau, staiga netekusi motinos ir netik\u0117tai pastojusi, Siuzana stoja akis \u012f ak\u012f su savo did\u017eiausia baime \u2013 ji nebekontroliuoja savo gyvenimo. Viskas ritasi \u017eemyn... Bent jau Siuzanai taip atrodo. Bet galb\u016bt nuolat kartojusi \u201ene\u201c ji pagaliau pasakys \u201etaip\u201c.","robots":{"index":"index","follow":"follow","max-snippet":"max-snippet:-1","max-image-preview":"max-image-preview:large","max-video-preview":"max-video-preview:-1"},"canonical":"https:\/\/skaitytaknyga.lt\/en\/produktas\/sarah-haywood-kaktusas-2\/","og_locale":"en_GB","og_type":"article","og_title":"[:lt]Kaktusas[:] - Skaitytaknyga","og_description":"Niekada nev\u0117lu pra\u017eysti... Romano \u201eEleonorai Olifant viskas gerai\u201c gerb\u0117jams  Liaukis nuolat kartojusi \u201ene\u201c ir pagaliau pasakyk \u201etaip\u201c.  Keturiasde\u0161imt penkeri\u0173 Siuzana Gryn kruop\u0161\u010diai visk\u0105 planuoja ir atsisako to, kas riboja jos asmenin\u0119 laisv\u0119, kelia stres\u0105, kainuoja brang\u0173 laik\u0105 ir sukelia emocin\u0117s energijos \u0161vaistym\u0105. Siuzanai patinka toks gyvenimas. Ji turi but\u0105 Londone, kurio jai visi\u0161kai pakanka, ger\u0105 darb\u0105, patenkinant\u012f jos aistr\u0105 logikai, ir ai\u0161kiomis taisykl\u0117mis apibr\u0117\u017etus asmeninius santykius, teikian\u010dius kult\u016brini\u0173 ir intymi\u0173 privalum\u0173. Ta\u010diau, staiga netekusi motinos ir netik\u0117tai pastojusi, Siuzana stoja akis \u012f ak\u012f su savo did\u017eiausia baime \u2013 ji nebekontroliuoja savo gyvenimo. Viskas ritasi \u017eemyn... Bent jau Siuzanai taip atrodo. Bet galb\u016bt nuolat kartojusi \u201ene\u201c ji pagaliau pasakys \u201etaip\u201c.","og_url":"https:\/\/skaitytaknyga.lt\/en\/produktas\/sarah-haywood-kaktusas-2\/","og_site_name":"Skaitytaknyga","article_publisher":"https:\/\/www.facebook.com\/skaitytaknyga\/","article_modified_time":"2025-10-14T13:22:24+00:00","og_image":[{"width":403,"height":600,"url":"https:\/\/skaitytaknyga.lt\/wp-content\/uploads\/2024\/04\/000000000001112074-5ebd15f65bd8e-asset-knyguklubas-kaktusas.jpg","type":"image\/jpeg"}],"twitter_card":"summary_large_image","twitter_misc":{"Estimated reading time":"1 minute"},"schema":{"@context":"https:\/\/schema.org","@graph":[{"@type":"WebPage","@id":"https:\/\/skaitytaknyga.lt\/produktas\/sarah-haywood-kaktusas-2\/","url":"https:\/\/skaitytaknyga.lt\/produktas\/sarah-haywood-kaktusas-2\/","name":"Kaktusas","isPartOf":{"@id":"https:\/\/skaitytaknyga.lt\/#website"},"primaryImageOfPage":{"@id":"https:\/\/skaitytaknyga.lt\/produktas\/sarah-haywood-kaktusas-2\/#primaryimage"},"image":{"@id":"https:\/\/skaitytaknyga.lt\/produktas\/sarah-haywood-kaktusas-2\/#primaryimage"},"thumbnailUrl":"https:\/\/skaitytaknyga.lt\/wp-content\/uploads\/2024\/04\/000000000001112074-5ebd15f65bd8e-asset-knyguklubas-kaktusas.jpg","datePublished":"2024-05-04T14:45:37+00:00","dateModified":"2025-10-14T13:22:24+00:00","description":"Niekada nev\u0117lu pra\u017eysti... Romano \u201eEleonorai Olifant viskas gerai\u201c gerb\u0117jams Liaukis nuolat kartojusi \u201ene\u201c ir pagaliau pasakyk \u201etaip\u201c. Keturiasde\u0161imt penkeri\u0173 Siuzana Gryn kruop\u0161\u010diai visk\u0105 planuoja ir atsisako to, kas riboja jos asmenin\u0119 laisv\u0119, kelia stres\u0105, kainuoja brang\u0173 laik\u0105 ir sukelia emocin\u0117s energijos \u0161vaistym\u0105. Siuzanai patinka toks gyvenimas. Ji turi but\u0105 Londone, kurio jai visi\u0161kai pakanka, ger\u0105 darb\u0105, patenkinant\u012f jos aistr\u0105 logikai, ir ai\u0161kiomis taisykl\u0117mis apibr\u0117\u017etus asmeninius santykius, teikian\u010dius kult\u016brini\u0173 ir intymi\u0173 privalum\u0173. Ta\u010diau, staiga netekusi motinos ir netik\u0117tai pastojusi, Siuzana stoja akis \u012f ak\u012f su savo did\u017eiausia baime \u2013 ji nebekontroliuoja savo gyvenimo. Viskas ritasi \u017eemyn... Bent jau Siuzanai taip atrodo. Bet galb\u016bt nuolat kartojusi \u201ene\u201c ji pagaliau pasakys \u201etaip\u201c.","breadcrumb":{"@id":"https:\/\/skaitytaknyga.lt\/produktas\/sarah-haywood-kaktusas-2\/#breadcrumb"},"inLanguage":"en-GB","potentialAction":[{"@type":"ReadAction","target":["https:\/\/skaitytaknyga.lt\/produktas\/sarah-haywood-kaktusas-2\/"]}]},{"@type":"ImageObject","inLanguage":"en-GB","@id":"https:\/\/skaitytaknyga.lt\/produktas\/sarah-haywood-kaktusas-2\/#primaryimage","url":"https:\/\/skaitytaknyga.lt\/wp-content\/uploads\/2024\/04\/000000000001112074-5ebd15f65bd8e-asset-knyguklubas-kaktusas.jpg","contentUrl":"https:\/\/skaitytaknyga.lt\/wp-content\/uploads\/2024\/04\/000000000001112074-5ebd15f65bd8e-asset-knyguklubas-kaktusas.jpg","width":403,"height":600,"caption":"Kaktusas"},{"@type":"BreadcrumbList","@id":"https:\/\/skaitytaknyga.lt\/produktas\/sarah-haywood-kaktusas-2\/#breadcrumb","itemListElement":[{"@type":"ListItem","position":1,"name":"Home","item":"https:\/\/skaitytaknyga.lt\/"},{"@type":"ListItem","position":2,"name":"Parduotuv\u0117","item":"https:\/\/skaitytaknyga.lt\/knygu-parduotuve\/"},{"@type":"ListItem","position":3,"name":"Kaktusas"}]},{"@type":"WebSite","@id":"https:\/\/skaitytaknyga.lt\/#website","url":"https:\/\/skaitytaknyga.lt\/","name":"skaitytaknyga.lt","description":"Skaitytaknyga.lt \u2013 tai ma\u017eas \u0161eimos verslas, kuris prasid\u0117jo nuo meil\u0117s knygoms ir siekio i\u0161gelb\u0117ti knygas nuo likimo prie konteinerio. Kas vienam nereikalingas daiktas \u2013 kitam lobis, o mes esame tarpininkai, kurie padeda abiems tapti laimingesniems ???? \u017dinome kaip nelengva i\u0161gyventi ma\u017eiems verslams, tad nuo \u0161iol, \u010dia rasite ir kit\u0173, ma\u017e\u0173 \u0161eim\u0173 versl\u0173, rank\u0173 darbo, dovan\u0173 sau ir artimiesiems.","publisher":{"@id":"https:\/\/skaitytaknyga.lt\/#organization"},"potentialAction":[{"@type":"SearchAction","target":{"@type":"EntryPoint","urlTemplate":"https:\/\/skaitytaknyga.lt\/?s={search_term_string}"},"query-input":{"@type":"PropertyValueSpecification","valueRequired":true,"valueName":"search_term_string"}}],"inLanguage":"en-GB"},{"@type":"Organization","@id":"https:\/\/skaitytaknyga.lt\/#organization","name":"skaitytaknyga.lt","url":"https:\/\/skaitytaknyga.lt\/","logo":{"@type":"ImageObject","inLanguage":"en-GB","@id":"https:\/\/skaitytaknyga.lt\/#\/schema\/logo\/image\/","url":"https:\/\/skaitytaknyga.lt\/wp-content\/uploads\/2024\/05\/cropped-cropped-cropped-02_00843_jt3bggkj1j3HLc7SyY6rEUpg.jpeg","contentUrl":"https:\/\/skaitytaknyga.lt\/wp-content\/uploads\/2024\/05\/cropped-cropped-cropped-02_00843_jt3bggkj1j3HLc7SyY6rEUpg.jpeg","width":1600,"height":1600,"caption":"skaitytaknyga.lt"},"image":{"@id":"https:\/\/skaitytaknyga.lt\/#\/schema\/logo\/image\/"},"sameAs":["https:\/\/www.facebook.com\/skaitytaknyga\/"]}]}},"_links":{"self":[{"href":"https:\/\/skaitytaknyga.lt\/en\/wp-json\/wp\/v2\/product\/8431","targetHints":{"allow":["GET"]}}],"collection":[{"href":"https:\/\/skaitytaknyga.lt\/en\/wp-json\/wp\/v2\/product"}],"about":[{"href":"https:\/\/skaitytaknyga.lt\/en\/wp-json\/wp\/v2\/types\/product"}],"replies":[{"embeddable":true,"href":"https:\/\/skaitytaknyga.lt\/en\/wp-json\/wp\/v2\/comments?post=8431"}],"wp:featuredmedia":[{"embeddable":true,"href":"https:\/\/skaitytaknyga.lt\/en\/wp-json\/wp\/v2\/media\/4535"}],"wp:attachment":[{"href":"https:\/\/skaitytaknyga.lt\/en\/wp-json\/wp\/v2\/media?parent=8431"}],"wp:term":[{"taxonomy":"product_brand","embeddable":true,"href":"https:\/\/skaitytaknyga.lt\/en\/wp-json\/wp\/v2\/product_brand?post=8431"},{"taxonomy":"product_cat","embeddable":true,"href":"https:\/\/skaitytaknyga.lt\/en\/wp-json\/wp\/v2\/product_cat?post=8431"},{"taxonomy":"product_tag","embeddable":true,"href":"https:\/\/skaitytaknyga.lt\/en\/wp-json\/wp\/v2\/product_tag?post=8431"}],"curies":[{"name":"wp","href":"https:\/\/api.w.org\/{rel}","templated":true}]}}