{"id":8425,"date":"2024-05-04T14:45:17","date_gmt":"2024-05-04T14:45:17","guid":{"rendered":"https:\/\/skaitytaknyga.lt\/?post_type=product&#038;p=8425"},"modified":"2024-05-04T14:45:44","modified_gmt":"2024-05-04T14:45:44","slug":"nevalgyk-nuo-zemes-2","status":"publish","type":"product","link":"https:\/\/skaitytaknyga.lt\/en\/produktas\/nevalgyk-nuo-zemes-2\/","title":{"rendered":"(Ne)valgyk nuo \u017eem\u0117s!"},"content":{"rendered":"<div>Jei manote, kad nuolatos plaunamos rankos, i\u0161blizgintos nam\u0173 pakamp\u0117s ir steril\u016bs indai yra geriausia, k\u0105 galite pasi\u016blyti savo vaikui, \u0161i knyga j\u016bs\u0173 po\u017ei\u016br\u012f apvers auk\u0161tyn kojomis.<\/div>\n<div>Dar niekada vaikai nebuvo auginami tokioje i\u0161\u0161varintoje, perd\u0117tai higieni\u0161koje ir maksimaliai dezinfekuotoje aplinkoje. To rezultatas \u2013 i\u0161derinta ger\u0173j\u0173 bakterij\u0173 pusiausvyra, lemianti \u012fvairiausius sveikatos sutrikimus: nuo nutukimo, diabeto, astmos iki alergijos ir net autizmo.<\/div>\n<div>Taip tvirtinantys knygos autoriai \u2013 mikrobiologijos ir imunologijos profesorius B. Brett Finlay bei pediatr\u0117 dr. Marie-Claire Arietta \u2013 remiasi ne tik savo ilgamete patirtimi, bet ir koleg\u0173 mokslinink\u0173 darbais bei tyrimais, \u012frodan\u010diais, kad ma\u017eyliui b\u016btina aplinkoje susidurti su \u012fvairiais mikroorganizmais. Atsisakyti vis\u0173 \u201eantimikrobini\u0173&#8221; muil\u0173, losjon\u0173 ir valikli\u0173, kartais \u201epamir\u0161ti&#8221; i\u0161plauti grindis, auginti \u0161un\u012f, k\u016bdik\u012f \u017eindyti kr\u016btimi, vengti neb\u016btino antibiotik\u0173 vartojimo ir tinkamai suderinti mityb\u0105 \u2013 tai tik keletas nauding\u0173 patarim\u0173, kaip nuo pirm\u0173j\u0173 dien\u0173 stiprinti vaik\u0173 atsparum\u0105 ligoms.<\/div>\n<div>Svarbiausia \u2013 nebijokite nedidel\u0117s ne\u0161varos: leiskite vaiko imuninei sistemai mokytis ir tvirt\u0117ti.<\/div>\n","protected":false},"excerpt":{"rendered":"<div>Jei manote, kad nuolatos plaunamos rankos, i\u0161blizgintos nam\u0173 pakamp\u0117s ir steril\u016bs indai yra geriausia, k\u0105 galite pasi\u016blyti savo vaikui, \u0161i knyga j\u016bs\u0173 po\u017ei\u016br\u012f apvers auk\u0161tyn kojomis.<\/div>\n<div>Dar niekada vaikai nebuvo auginami tokioje i\u0161\u0161varintoje, perd\u0117tai higieni\u0161koje ir maksimaliai dezinfekuotoje aplinkoje. To rezultatas \u2013 i\u0161derinta ger\u0173j\u0173 bakterij\u0173 pusiausvyra, lemianti \u012fvairiausius sveikatos sutrikimus: nuo nutukimo, diabeto, astmos iki alergijos ir net autizmo.<\/div>\n<div>Taip tvirtinantys knygos autoriai \u2013 mikrobiologijos ir imunologijos profesorius B. Brett Finlay bei pediatr\u0117 dr. Marie-Claire Arietta \u2013 remiasi ne tik savo ilgamete patirtimi, bet ir koleg\u0173 mokslinink\u0173 darbais bei tyrimais, \u012frodan\u010diais, kad ma\u017eyliui b\u016btina aplinkoje susidurti su \u012fvairiais mikroorganizmais. Atsisakyti vis\u0173 \u201eantimikrobini\u0173&#8221; muil\u0173, losjon\u0173 ir valikli\u0173, kartais \u201epamir\u0161ti&#8221; i\u0161plauti grindis, auginti \u0161un\u012f, k\u016bdik\u012f \u017eindyti kr\u016btimi, vengti neb\u016btino antibiotik\u0173 vartojimo ir tinkamai suderinti mityb\u0105 \u2013 tai tik keletas nauding\u0173 patarim\u0173, kaip nuo pirm\u0173j\u0173 dien\u0173 stiprinti vaik\u0173 atsparum\u0105 ligoms.<\/div>\n<div>Svarbiausia \u2013 nebijokite nedidel\u0117s ne\u0161varos: leiskite vaiko imuninei sistemai mokytis ir tvirt\u0117ti.<\/div>\n","protected":false},"featured_media":4529,"comment_status":"closed","ping_status":"closed","template":"","meta":{"_acf_changed":false,"site-sidebar-layout":"default","site-content-layout":"","ast-site-content-layout":"default","site-content-style":"default","site-sidebar-style":"default","ast-global-header-display":"","ast-banner-title-visibility":"","ast-main-header-display":"","ast-hfb-above-header-display":"","ast-hfb-below-header-display":"","ast-hfb-mobile-header-display":"","site-post-title":"","ast-breadcrumbs-content":"","ast-featured-img":"","footer-sml-layout":"","ast-disable-related-posts":"","theme-transparent-header-meta":"","adv-header-id-meta":"","stick-header-meta":"","header-above-stick-meta":"","header-main-stick-meta":"","header-below-stick-meta":"","astra-migrate-meta-layouts":"default","ast-page-background-enabled":"default","ast-page-background-meta":{"desktop":{"background-color":"","background-image":"","background-repeat":"repeat","background-position":"center center","background-size":"auto","background-attachment":"scroll","background-type":"","background-media":"","overlay-type":"","overlay-color":"","overlay-opacity":"","overlay-gradient":""},"tablet":{"background-color":"","background-image":"","background-repeat":"repeat","background-position":"center center","background-size":"auto","background-attachment":"scroll","background-type":"","background-media":"","overlay-type":"","overlay-color":"","overlay-opacity":"","overlay-gradient":""},"mobile":{"background-color":"","background-image":"","background-repeat":"repeat","background-position":"center center","background-size":"auto","background-attachment":"scroll","background-type":"","background-media":"","overlay-type":"","overlay-color":"","overlay-opacity":"","overlay-gradient":""}},"ast-content-background-meta":{"desktop":{"background-color":"var(--ast-global-color-4)","background-image":"","background-repeat":"repeat","background-position":"center center","background-size":"auto","background-attachment":"scroll","background-type":"","background-media":"","overlay-type":"","overlay-color":"","overlay-opacity":"","overlay-gradient":""},"tablet":{"background-color":"var(--ast-global-color-4)","background-image":"","background-repeat":"repeat","background-position":"center center","background-size":"auto","background-attachment":"scroll","background-type":"","background-media":"","overlay-type":"","overlay-color":"","overlay-opacity":"","overlay-gradient":""},"mobile":{"background-color":"var(--ast-global-color-4)","background-image":"","background-repeat":"repeat","background-position":"center center","background-size":"auto","background-attachment":"scroll","background-type":"","background-media":"","overlay-type":"","overlay-color":"","overlay-opacity":"","overlay-gradient":""}}},"product_brand":[],"product_cat":[30],"product_tag":[],"class_list":{"0":"post-8425","1":"product","2":"type-product","3":"status-publish","4":"has-post-thumbnail","6":"product_cat-psichologija-ir-saviugda","7":"pa_leidimo-metai-647","8":"pa_virselis-kietas","9":"desktop-align-left","10":"tablet-align-left","11":"mobile-align-left","13":"first","14":"instock","15":"shipping-taxable","16":"purchasable","17":"product-type-simple"},"acf":[],"yoast_head":"<!-- This site is optimized with the Yoast SEO plugin v27.0 - https:\/\/yoast.com\/product\/yoast-seo-wordpress\/ -->\n<title>(Ne)valgyk nuo \u017eem\u0117s! - Skaitytaknyga<\/title>\n<meta name=\"description\" content=\"Jei manote, kad nuolatos plaunamos rankos, i\u0161blizgintos nam\u0173 pakamp\u0117s ir steril\u016bs indai yra geriausia, k\u0105 galite pasi\u016blyti savo vaikui, \u0161i knyga j\u016bs\u0173 po\u017ei\u016br\u012f apvers auk\u0161tyn kojomis. Dar niekada vaikai nebuvo auginami tokioje i\u0161\u0161varintoje, perd\u0117tai higieni\u0161koje ir maksimaliai dezinfekuotoje aplinkoje. To rezultatas \u2013 i\u0161derinta ger\u0173j\u0173 bakterij\u0173 pusiausvyra, lemianti \u012fvairiausius sveikatos sutrikimus: nuo nutukimo, diabeto, astmos iki alergijos ir net autizmo. Taip tvirtinantys knygos autoriai \u2013 mikrobiologijos ir imunologijos profesorius B. Brett Finlay bei pediatr\u0117 dr. Marie-Claire Arietta \u2013 remiasi ne tik savo ilgamete patirtimi, bet ir koleg\u0173 mokslinink\u0173 darbais bei tyrimais, \u012frodan\u010diais, kad ma\u017eyliui b\u016btina aplinkoje susidurti su \u012fvairiais mikroorganizmais. Atsisakyti vis\u0173 \u201eantimikrobini\u0173&quot; muil\u0173, losjon\u0173 ir valikli\u0173, kartais \u201epamir\u0161ti&quot; i\u0161plauti grindis, auginti \u0161un\u012f, k\u016bdik\u012f \u017eindyti kr\u016btimi, vengti neb\u016btino antibiotik\u0173 vartojimo ir tinkamai suderinti mityb\u0105 \u2013 tai tik keletas nauding\u0173 patarim\u0173, kaip nuo pirm\u0173j\u0173 dien\u0173 stiprinti vaik\u0173 atsparum\u0105 ligoms. Svarbiausia \u2013 nebijokite nedidel\u0117s ne\u0161varos: leiskite vaiko imuninei sistemai mokytis ir tvirt\u0117ti.\" \/>\n<meta name=\"robots\" content=\"index, follow, max-snippet:-1, max-image-preview:large, max-video-preview:-1\" \/>\n<link rel=\"canonical\" href=\"https:\/\/skaitytaknyga.lt\/en\/produktas\/nevalgyk-nuo-zemes-2\/\" \/>\n<meta property=\"og:locale\" content=\"en_GB\" \/>\n<meta property=\"og:locale:alternate\" content=\"lt_LT\" \/>\n<meta property=\"og:type\" content=\"article\" \/>\n<meta property=\"og:title\" content=\"(Ne)valgyk nuo \u017eem\u0117s! - Skaitytaknyga\" \/>\n<meta property=\"og:description\" content=\"Jei manote, kad nuolatos plaunamos rankos, i\u0161blizgintos nam\u0173 pakamp\u0117s ir steril\u016bs indai yra geriausia, k\u0105 galite pasi\u016blyti savo vaikui, \u0161i knyga j\u016bs\u0173 po\u017ei\u016br\u012f apvers auk\u0161tyn kojomis. Dar niekada vaikai nebuvo auginami tokioje i\u0161\u0161varintoje, perd\u0117tai higieni\u0161koje ir maksimaliai dezinfekuotoje aplinkoje. To rezultatas \u2013 i\u0161derinta ger\u0173j\u0173 bakterij\u0173 pusiausvyra, lemianti \u012fvairiausius sveikatos sutrikimus: nuo nutukimo, diabeto, astmos iki alergijos ir net autizmo. Taip tvirtinantys knygos autoriai \u2013 mikrobiologijos ir imunologijos profesorius B. Brett Finlay bei pediatr\u0117 dr. Marie-Claire Arietta \u2013 remiasi ne tik savo ilgamete patirtimi, bet ir koleg\u0173 mokslinink\u0173 darbais bei tyrimais, \u012frodan\u010diais, kad ma\u017eyliui b\u016btina aplinkoje susidurti su \u012fvairiais mikroorganizmais. Atsisakyti vis\u0173 \u201eantimikrobini\u0173&quot; muil\u0173, losjon\u0173 ir valikli\u0173, kartais \u201epamir\u0161ti&quot; i\u0161plauti grindis, auginti \u0161un\u012f, k\u016bdik\u012f \u017eindyti kr\u016btimi, vengti neb\u016btino antibiotik\u0173 vartojimo ir tinkamai suderinti mityb\u0105 \u2013 tai tik keletas nauding\u0173 patarim\u0173, kaip nuo pirm\u0173j\u0173 dien\u0173 stiprinti vaik\u0173 atsparum\u0105 ligoms. Svarbiausia \u2013 nebijokite nedidel\u0117s ne\u0161varos: leiskite vaiko imuninei sistemai mokytis ir tvirt\u0117ti.\" \/>\n<meta property=\"og:url\" content=\"https:\/\/skaitytaknyga.lt\/en\/produktas\/nevalgyk-nuo-zemes-2\/\" \/>\n<meta property=\"og:site_name\" content=\"Skaitytaknyga\" \/>\n<meta property=\"article:publisher\" content=\"https:\/\/www.facebook.com\/skaitytaknyga\/\" \/>\n<meta property=\"article:modified_time\" content=\"2024-05-04T14:45:44+00:00\" \/>\n<meta property=\"og:image\" content=\"https:\/\/skaitytaknyga.lt\/wp-content\/uploads\/2024\/04\/000000000002177844-5ba8e2439a96c-asset-knyguklubas-9786099603452_nevalgyk_nuo_zemes.jpg\" \/>\n\t<meta property=\"og:image:width\" content=\"454\" \/>\n\t<meta property=\"og:image:height\" content=\"700\" \/>\n\t<meta property=\"og:image:type\" content=\"image\/jpeg\" \/>\n<meta name=\"twitter:card\" content=\"summary_large_image\" \/>\n<meta name=\"twitter:label1\" content=\"Estimated reading time\" \/>\n\t<meta name=\"twitter:data1\" content=\"1 minute\" \/>\n<script type=\"application\/ld+json\" class=\"yoast-schema-graph\">{\"@context\":\"https:\/\/schema.org\",\"@graph\":[{\"@type\":\"WebPage\",\"@id\":\"https:\/\/skaitytaknyga.lt\/produktas\/nevalgyk-nuo-zemes-2\/\",\"url\":\"https:\/\/skaitytaknyga.lt\/produktas\/nevalgyk-nuo-zemes-2\/\",\"name\":\"(Ne)valgyk nuo \u017eem\u0117s! - Skaitytaknyga\",\"isPartOf\":{\"@id\":\"https:\/\/skaitytaknyga.lt\/#website\"},\"primaryImageOfPage\":{\"@id\":\"https:\/\/skaitytaknyga.lt\/produktas\/nevalgyk-nuo-zemes-2\/#primaryimage\"},\"image\":{\"@id\":\"https:\/\/skaitytaknyga.lt\/produktas\/nevalgyk-nuo-zemes-2\/#primaryimage\"},\"thumbnailUrl\":\"https:\/\/skaitytaknyga.lt\/wp-content\/uploads\/2024\/04\/000000000002177844-5ba8e2439a96c-asset-knyguklubas-9786099603452_nevalgyk_nuo_zemes.jpg\",\"datePublished\":\"2024-05-04T14:45:17+00:00\",\"dateModified\":\"2024-05-04T14:45:44+00:00\",\"description\":\"Jei manote, kad nuolatos plaunamos rankos, i\u0161blizgintos nam\u0173 pakamp\u0117s ir steril\u016bs indai yra geriausia, k\u0105 galite pasi\u016blyti savo vaikui, \u0161i knyga j\u016bs\u0173 po\u017ei\u016br\u012f apvers auk\u0161tyn kojomis. Dar niekada vaikai nebuvo auginami tokioje i\u0161\u0161varintoje, perd\u0117tai higieni\u0161koje ir maksimaliai dezinfekuotoje aplinkoje. To rezultatas \u2013 i\u0161derinta ger\u0173j\u0173 bakterij\u0173 pusiausvyra, lemianti \u012fvairiausius sveikatos sutrikimus: nuo nutukimo, diabeto, astmos iki alergijos ir net autizmo. Taip tvirtinantys knygos autoriai \u2013 mikrobiologijos ir imunologijos profesorius B. Brett Finlay bei pediatr\u0117 dr. Marie-Claire Arietta \u2013 remiasi ne tik savo ilgamete patirtimi, bet ir koleg\u0173 mokslinink\u0173 darbais bei tyrimais, \u012frodan\u010diais, kad ma\u017eyliui b\u016btina aplinkoje susidurti su \u012fvairiais mikroorganizmais. Atsisakyti vis\u0173 \u201eantimikrobini\u0173\\\" muil\u0173, losjon\u0173 ir valikli\u0173, kartais \u201epamir\u0161ti\\\" i\u0161plauti grindis, auginti \u0161un\u012f, k\u016bdik\u012f \u017eindyti kr\u016btimi, vengti neb\u016btino antibiotik\u0173 vartojimo ir tinkamai suderinti mityb\u0105 \u2013 tai tik keletas nauding\u0173 patarim\u0173, kaip nuo pirm\u0173j\u0173 dien\u0173 stiprinti vaik\u0173 atsparum\u0105 ligoms. Svarbiausia \u2013 nebijokite nedidel\u0117s ne\u0161varos: leiskite vaiko imuninei sistemai mokytis ir tvirt\u0117ti.\",\"breadcrumb\":{\"@id\":\"https:\/\/skaitytaknyga.lt\/produktas\/nevalgyk-nuo-zemes-2\/#breadcrumb\"},\"inLanguage\":\"en-GB\",\"potentialAction\":[{\"@type\":\"ReadAction\",\"target\":[\"https:\/\/skaitytaknyga.lt\/produktas\/nevalgyk-nuo-zemes-2\/\"]}]},{\"@type\":\"ImageObject\",\"inLanguage\":\"en-GB\",\"@id\":\"https:\/\/skaitytaknyga.lt\/produktas\/nevalgyk-nuo-zemes-2\/#primaryimage\",\"url\":\"https:\/\/skaitytaknyga.lt\/wp-content\/uploads\/2024\/04\/000000000002177844-5ba8e2439a96c-asset-knyguklubas-9786099603452_nevalgyk_nuo_zemes.jpg\",\"contentUrl\":\"https:\/\/skaitytaknyga.lt\/wp-content\/uploads\/2024\/04\/000000000002177844-5ba8e2439a96c-asset-knyguklubas-9786099603452_nevalgyk_nuo_zemes.jpg\",\"width\":454,\"height\":700},{\"@type\":\"BreadcrumbList\",\"@id\":\"https:\/\/skaitytaknyga.lt\/produktas\/nevalgyk-nuo-zemes-2\/#breadcrumb\",\"itemListElement\":[{\"@type\":\"ListItem\",\"position\":1,\"name\":\"Home\",\"item\":\"https:\/\/skaitytaknyga.lt\/\"},{\"@type\":\"ListItem\",\"position\":2,\"name\":\"Parduotuv\u0117\",\"item\":\"https:\/\/skaitytaknyga.lt\/knygu-parduotuve\/\"},{\"@type\":\"ListItem\",\"position\":3,\"name\":\"(Ne)valgyk nuo \u017eem\u0117s!\"}]},{\"@type\":\"WebSite\",\"@id\":\"https:\/\/skaitytaknyga.lt\/#website\",\"url\":\"https:\/\/skaitytaknyga.lt\/\",\"name\":\"skaitytaknyga.lt\",\"description\":\"Skaitytaknyga.lt \u2013 tai ma\u017eas \u0161eimos verslas, kuris prasid\u0117jo nuo meil\u0117s knygoms ir siekio i\u0161gelb\u0117ti knygas nuo likimo prie konteinerio. Kas vienam nereikalingas daiktas \u2013 kitam lobis, o mes esame tarpininkai, kurie padeda abiems tapti laimingesniems ???? \u017dinome kaip nelengva i\u0161gyventi ma\u017eiems verslams, tad nuo \u0161iol, \u010dia rasite ir kit\u0173, ma\u017e\u0173 \u0161eim\u0173 versl\u0173, rank\u0173 darbo, dovan\u0173 sau ir artimiesiems.\",\"publisher\":{\"@id\":\"https:\/\/skaitytaknyga.lt\/#organization\"},\"potentialAction\":[{\"@type\":\"SearchAction\",\"target\":{\"@type\":\"EntryPoint\",\"urlTemplate\":\"https:\/\/skaitytaknyga.lt\/?s={search_term_string}\"},\"query-input\":{\"@type\":\"PropertyValueSpecification\",\"valueRequired\":true,\"valueName\":\"search_term_string\"}}],\"inLanguage\":\"en-GB\"},{\"@type\":\"Organization\",\"@id\":\"https:\/\/skaitytaknyga.lt\/#organization\",\"name\":\"skaitytaknyga.lt\",\"url\":\"https:\/\/skaitytaknyga.lt\/\",\"logo\":{\"@type\":\"ImageObject\",\"inLanguage\":\"en-GB\",\"@id\":\"https:\/\/skaitytaknyga.lt\/#\/schema\/logo\/image\/\",\"url\":\"https:\/\/skaitytaknyga.lt\/wp-content\/uploads\/2024\/05\/cropped-cropped-cropped-02_00843_jt3bggkj1j3HLc7SyY6rEUpg.jpeg\",\"contentUrl\":\"https:\/\/skaitytaknyga.lt\/wp-content\/uploads\/2024\/05\/cropped-cropped-cropped-02_00843_jt3bggkj1j3HLc7SyY6rEUpg.jpeg\",\"width\":1600,\"height\":1600,\"caption\":\"skaitytaknyga.lt\"},\"image\":{\"@id\":\"https:\/\/skaitytaknyga.lt\/#\/schema\/logo\/image\/\"},\"sameAs\":[\"https:\/\/www.facebook.com\/skaitytaknyga\/\"]}]}<\/script>\n<!-- \/ Yoast SEO plugin. -->","yoast_head_json":{"title":"(Ne)valgyk nuo \u017eem\u0117s! - Skaitytaknyga","description":"Jei manote, kad nuolatos plaunamos rankos, i\u0161blizgintos nam\u0173 pakamp\u0117s ir steril\u016bs indai yra geriausia, k\u0105 galite pasi\u016blyti savo vaikui, \u0161i knyga j\u016bs\u0173 po\u017ei\u016br\u012f apvers auk\u0161tyn kojomis. Dar niekada vaikai nebuvo auginami tokioje i\u0161\u0161varintoje, perd\u0117tai higieni\u0161koje ir maksimaliai dezinfekuotoje aplinkoje. To rezultatas \u2013 i\u0161derinta ger\u0173j\u0173 bakterij\u0173 pusiausvyra, lemianti \u012fvairiausius sveikatos sutrikimus: nuo nutukimo, diabeto, astmos iki alergijos ir net autizmo. Taip tvirtinantys knygos autoriai \u2013 mikrobiologijos ir imunologijos profesorius B. Brett Finlay bei pediatr\u0117 dr. Marie-Claire Arietta \u2013 remiasi ne tik savo ilgamete patirtimi, bet ir koleg\u0173 mokslinink\u0173 darbais bei tyrimais, \u012frodan\u010diais, kad ma\u017eyliui b\u016btina aplinkoje susidurti su \u012fvairiais mikroorganizmais. Atsisakyti vis\u0173 \u201eantimikrobini\u0173\" muil\u0173, losjon\u0173 ir valikli\u0173, kartais \u201epamir\u0161ti\" i\u0161plauti grindis, auginti \u0161un\u012f, k\u016bdik\u012f \u017eindyti kr\u016btimi, vengti neb\u016btino antibiotik\u0173 vartojimo ir tinkamai suderinti mityb\u0105 \u2013 tai tik keletas nauding\u0173 patarim\u0173, kaip nuo pirm\u0173j\u0173 dien\u0173 stiprinti vaik\u0173 atsparum\u0105 ligoms. Svarbiausia \u2013 nebijokite nedidel\u0117s ne\u0161varos: leiskite vaiko imuninei sistemai mokytis ir tvirt\u0117ti.","robots":{"index":"index","follow":"follow","max-snippet":"max-snippet:-1","max-image-preview":"max-image-preview:large","max-video-preview":"max-video-preview:-1"},"canonical":"https:\/\/skaitytaknyga.lt\/en\/produktas\/nevalgyk-nuo-zemes-2\/","og_locale":"en_GB","og_type":"article","og_title":"(Ne)valgyk nuo \u017eem\u0117s! - Skaitytaknyga","og_description":"Jei manote, kad nuolatos plaunamos rankos, i\u0161blizgintos nam\u0173 pakamp\u0117s ir steril\u016bs indai yra geriausia, k\u0105 galite pasi\u016blyti savo vaikui, \u0161i knyga j\u016bs\u0173 po\u017ei\u016br\u012f apvers auk\u0161tyn kojomis. Dar niekada vaikai nebuvo auginami tokioje i\u0161\u0161varintoje, perd\u0117tai higieni\u0161koje ir maksimaliai dezinfekuotoje aplinkoje. To rezultatas \u2013 i\u0161derinta ger\u0173j\u0173 bakterij\u0173 pusiausvyra, lemianti \u012fvairiausius sveikatos sutrikimus: nuo nutukimo, diabeto, astmos iki alergijos ir net autizmo. Taip tvirtinantys knygos autoriai \u2013 mikrobiologijos ir imunologijos profesorius B. Brett Finlay bei pediatr\u0117 dr. Marie-Claire Arietta \u2013 remiasi ne tik savo ilgamete patirtimi, bet ir koleg\u0173 mokslinink\u0173 darbais bei tyrimais, \u012frodan\u010diais, kad ma\u017eyliui b\u016btina aplinkoje susidurti su \u012fvairiais mikroorganizmais. Atsisakyti vis\u0173 \u201eantimikrobini\u0173\" muil\u0173, losjon\u0173 ir valikli\u0173, kartais \u201epamir\u0161ti\" i\u0161plauti grindis, auginti \u0161un\u012f, k\u016bdik\u012f \u017eindyti kr\u016btimi, vengti neb\u016btino antibiotik\u0173 vartojimo ir tinkamai suderinti mityb\u0105 \u2013 tai tik keletas nauding\u0173 patarim\u0173, kaip nuo pirm\u0173j\u0173 dien\u0173 stiprinti vaik\u0173 atsparum\u0105 ligoms. Svarbiausia \u2013 nebijokite nedidel\u0117s ne\u0161varos: leiskite vaiko imuninei sistemai mokytis ir tvirt\u0117ti.","og_url":"https:\/\/skaitytaknyga.lt\/en\/produktas\/nevalgyk-nuo-zemes-2\/","og_site_name":"Skaitytaknyga","article_publisher":"https:\/\/www.facebook.com\/skaitytaknyga\/","article_modified_time":"2024-05-04T14:45:44+00:00","og_image":[{"width":454,"height":700,"url":"https:\/\/skaitytaknyga.lt\/wp-content\/uploads\/2024\/04\/000000000002177844-5ba8e2439a96c-asset-knyguklubas-9786099603452_nevalgyk_nuo_zemes.jpg","type":"image\/jpeg"}],"twitter_card":"summary_large_image","twitter_misc":{"Estimated reading time":"1 minute"},"schema":{"@context":"https:\/\/schema.org","@graph":[{"@type":"WebPage","@id":"https:\/\/skaitytaknyga.lt\/produktas\/nevalgyk-nuo-zemes-2\/","url":"https:\/\/skaitytaknyga.lt\/produktas\/nevalgyk-nuo-zemes-2\/","name":"(Ne)valgyk nuo \u017eem\u0117s! - Skaitytaknyga","isPartOf":{"@id":"https:\/\/skaitytaknyga.lt\/#website"},"primaryImageOfPage":{"@id":"https:\/\/skaitytaknyga.lt\/produktas\/nevalgyk-nuo-zemes-2\/#primaryimage"},"image":{"@id":"https:\/\/skaitytaknyga.lt\/produktas\/nevalgyk-nuo-zemes-2\/#primaryimage"},"thumbnailUrl":"https:\/\/skaitytaknyga.lt\/wp-content\/uploads\/2024\/04\/000000000002177844-5ba8e2439a96c-asset-knyguklubas-9786099603452_nevalgyk_nuo_zemes.jpg","datePublished":"2024-05-04T14:45:17+00:00","dateModified":"2024-05-04T14:45:44+00:00","description":"Jei manote, kad nuolatos plaunamos rankos, i\u0161blizgintos nam\u0173 pakamp\u0117s ir steril\u016bs indai yra geriausia, k\u0105 galite pasi\u016blyti savo vaikui, \u0161i knyga j\u016bs\u0173 po\u017ei\u016br\u012f apvers auk\u0161tyn kojomis. Dar niekada vaikai nebuvo auginami tokioje i\u0161\u0161varintoje, perd\u0117tai higieni\u0161koje ir maksimaliai dezinfekuotoje aplinkoje. To rezultatas \u2013 i\u0161derinta ger\u0173j\u0173 bakterij\u0173 pusiausvyra, lemianti \u012fvairiausius sveikatos sutrikimus: nuo nutukimo, diabeto, astmos iki alergijos ir net autizmo. Taip tvirtinantys knygos autoriai \u2013 mikrobiologijos ir imunologijos profesorius B. Brett Finlay bei pediatr\u0117 dr. Marie-Claire Arietta \u2013 remiasi ne tik savo ilgamete patirtimi, bet ir koleg\u0173 mokslinink\u0173 darbais bei tyrimais, \u012frodan\u010diais, kad ma\u017eyliui b\u016btina aplinkoje susidurti su \u012fvairiais mikroorganizmais. Atsisakyti vis\u0173 \u201eantimikrobini\u0173\" muil\u0173, losjon\u0173 ir valikli\u0173, kartais \u201epamir\u0161ti\" i\u0161plauti grindis, auginti \u0161un\u012f, k\u016bdik\u012f \u017eindyti kr\u016btimi, vengti neb\u016btino antibiotik\u0173 vartojimo ir tinkamai suderinti mityb\u0105 \u2013 tai tik keletas nauding\u0173 patarim\u0173, kaip nuo pirm\u0173j\u0173 dien\u0173 stiprinti vaik\u0173 atsparum\u0105 ligoms. Svarbiausia \u2013 nebijokite nedidel\u0117s ne\u0161varos: leiskite vaiko imuninei sistemai mokytis ir tvirt\u0117ti.","breadcrumb":{"@id":"https:\/\/skaitytaknyga.lt\/produktas\/nevalgyk-nuo-zemes-2\/#breadcrumb"},"inLanguage":"en-GB","potentialAction":[{"@type":"ReadAction","target":["https:\/\/skaitytaknyga.lt\/produktas\/nevalgyk-nuo-zemes-2\/"]}]},{"@type":"ImageObject","inLanguage":"en-GB","@id":"https:\/\/skaitytaknyga.lt\/produktas\/nevalgyk-nuo-zemes-2\/#primaryimage","url":"https:\/\/skaitytaknyga.lt\/wp-content\/uploads\/2024\/04\/000000000002177844-5ba8e2439a96c-asset-knyguklubas-9786099603452_nevalgyk_nuo_zemes.jpg","contentUrl":"https:\/\/skaitytaknyga.lt\/wp-content\/uploads\/2024\/04\/000000000002177844-5ba8e2439a96c-asset-knyguklubas-9786099603452_nevalgyk_nuo_zemes.jpg","width":454,"height":700},{"@type":"BreadcrumbList","@id":"https:\/\/skaitytaknyga.lt\/produktas\/nevalgyk-nuo-zemes-2\/#breadcrumb","itemListElement":[{"@type":"ListItem","position":1,"name":"Home","item":"https:\/\/skaitytaknyga.lt\/"},{"@type":"ListItem","position":2,"name":"Parduotuv\u0117","item":"https:\/\/skaitytaknyga.lt\/knygu-parduotuve\/"},{"@type":"ListItem","position":3,"name":"(Ne)valgyk nuo \u017eem\u0117s!"}]},{"@type":"WebSite","@id":"https:\/\/skaitytaknyga.lt\/#website","url":"https:\/\/skaitytaknyga.lt\/","name":"skaitytaknyga.lt","description":"Skaitytaknyga.lt \u2013 tai ma\u017eas \u0161eimos verslas, kuris prasid\u0117jo nuo meil\u0117s knygoms ir siekio i\u0161gelb\u0117ti knygas nuo likimo prie konteinerio. Kas vienam nereikalingas daiktas \u2013 kitam lobis, o mes esame tarpininkai, kurie padeda abiems tapti laimingesniems ???? \u017dinome kaip nelengva i\u0161gyventi ma\u017eiems verslams, tad nuo \u0161iol, \u010dia rasite ir kit\u0173, ma\u017e\u0173 \u0161eim\u0173 versl\u0173, rank\u0173 darbo, dovan\u0173 sau ir artimiesiems.","publisher":{"@id":"https:\/\/skaitytaknyga.lt\/#organization"},"potentialAction":[{"@type":"SearchAction","target":{"@type":"EntryPoint","urlTemplate":"https:\/\/skaitytaknyga.lt\/?s={search_term_string}"},"query-input":{"@type":"PropertyValueSpecification","valueRequired":true,"valueName":"search_term_string"}}],"inLanguage":"en-GB"},{"@type":"Organization","@id":"https:\/\/skaitytaknyga.lt\/#organization","name":"skaitytaknyga.lt","url":"https:\/\/skaitytaknyga.lt\/","logo":{"@type":"ImageObject","inLanguage":"en-GB","@id":"https:\/\/skaitytaknyga.lt\/#\/schema\/logo\/image\/","url":"https:\/\/skaitytaknyga.lt\/wp-content\/uploads\/2024\/05\/cropped-cropped-cropped-02_00843_jt3bggkj1j3HLc7SyY6rEUpg.jpeg","contentUrl":"https:\/\/skaitytaknyga.lt\/wp-content\/uploads\/2024\/05\/cropped-cropped-cropped-02_00843_jt3bggkj1j3HLc7SyY6rEUpg.jpeg","width":1600,"height":1600,"caption":"skaitytaknyga.lt"},"image":{"@id":"https:\/\/skaitytaknyga.lt\/#\/schema\/logo\/image\/"},"sameAs":["https:\/\/www.facebook.com\/skaitytaknyga\/"]}]}},"_links":{"self":[{"href":"https:\/\/skaitytaknyga.lt\/en\/wp-json\/wp\/v2\/product\/8425","targetHints":{"allow":["GET"]}}],"collection":[{"href":"https:\/\/skaitytaknyga.lt\/en\/wp-json\/wp\/v2\/product"}],"about":[{"href":"https:\/\/skaitytaknyga.lt\/en\/wp-json\/wp\/v2\/types\/product"}],"replies":[{"embeddable":true,"href":"https:\/\/skaitytaknyga.lt\/en\/wp-json\/wp\/v2\/comments?post=8425"}],"wp:featuredmedia":[{"embeddable":true,"href":"https:\/\/skaitytaknyga.lt\/en\/wp-json\/wp\/v2\/media\/4529"}],"wp:attachment":[{"href":"https:\/\/skaitytaknyga.lt\/en\/wp-json\/wp\/v2\/media?parent=8425"}],"wp:term":[{"taxonomy":"product_brand","embeddable":true,"href":"https:\/\/skaitytaknyga.lt\/en\/wp-json\/wp\/v2\/product_brand?post=8425"},{"taxonomy":"product_cat","embeddable":true,"href":"https:\/\/skaitytaknyga.lt\/en\/wp-json\/wp\/v2\/product_cat?post=8425"},{"taxonomy":"product_tag","embeddable":true,"href":"https:\/\/skaitytaknyga.lt\/en\/wp-json\/wp\/v2\/product_tag?post=8425"}],"curies":[{"name":"wp","href":"https:\/\/api.w.org\/{rel}","templated":true}]}}