{"id":8414,"date":"2024-05-04T14:45:16","date_gmt":"2024-05-04T14:45:16","guid":{"rendered":"https:\/\/skaitytaknyga.lt\/?post_type=product&#038;p=8414"},"modified":"2024-05-04T14:45:33","modified_gmt":"2024-05-04T14:45:33","slug":"maureen-leurck-cikadu-vasara-2","status":"publish","type":"product","link":"https:\/\/skaitytaknyga.lt\/en\/produktas\/maureen-leurck-cikadu-vasara-2\/","title":{"rendered":"Maureen Leurck \u201eCikad\u0173 vasara\u201c"},"content":{"rendered":"<div>Aleks\u0117 Proktor vis\u0105 savo gyvenim\u0105 gyvena kurortiniame miestelyje prie D\u017eenyvos e\u017eero. \u010cia ji pamilo i\u0161vaizd\u0173 gelb\u0117toj\u0105 Met\u0105, \u010dia abu susituok\u0117 ir susilauk\u0117 dukrel\u0117s, \u010dia&#8230; jie i\u0161siskyr\u0117.<\/div>\n<div><\/div>\n<div>Nuo skyryb\u0173 jau pra\u0117jo treji metai, ta\u010diau ji vis dar negali susitaikyti su vyro i\u0161davyste, su tuo, kad tenka dalytis vaiko globa ir steb\u0117ti, kaip dukra bendrauja su nauj\u0105ja vyro drauge.<\/div>\n<div><\/div>\n<div>Laim\u0117, jauna moteris gali u\u017esimir\u0161ti dirbdama m\u0117gstam\u0105 darb\u0105 \u2013 prikeldama naujam gyvenimui istorinius namus e\u017eero pakrant\u0117je. Paskutinis jos atradimas \u2013 \u0161imto penkiolikos met\u0173 vila su ro\u017ei\u0173 sodu.<\/div>\n<div><\/div>\n<div>Restauracijos i\u0161\u0161\u016bkiai, naujos pa\u017eintys ir nepaprasta namo istorija Aleksei leid\u017eia i\u0161 naujo \u012fvertinti praeit\u012f ir suprasti, kad kiekvienas vertas antros progos.<\/div>\n<div><\/div>\n","protected":false},"excerpt":{"rendered":"<div>Aleks\u0117 Proktor vis\u0105 savo gyvenim\u0105 gyvena kurortiniame miestelyje prie D\u017eenyvos e\u017eero. \u010cia ji pamilo i\u0161vaizd\u0173 gelb\u0117toj\u0105 Met\u0105, \u010dia abu susituok\u0117 ir susilauk\u0117 dukrel\u0117s, \u010dia&#8230; jie i\u0161siskyr\u0117.<\/div>\n<div><\/div>\n<div>Nuo skyryb\u0173 jau pra\u0117jo treji metai, ta\u010diau ji vis dar negali susitaikyti su vyro i\u0161davyste, su tuo, kad tenka dalytis vaiko globa ir steb\u0117ti, kaip dukra bendrauja su nauj\u0105ja vyro drauge.<\/div>\n<div><\/div>\n<div>Laim\u0117, jauna moteris gali u\u017esimir\u0161ti dirbdama m\u0117gstam\u0105 darb\u0105 \u2013 prikeldama naujam gyvenimui istorinius namus e\u017eero pakrant\u0117je. Paskutinis jos atradimas \u2013 \u0161imto penkiolikos met\u0173 vila su ro\u017ei\u0173 sodu.<\/div>\n<div><\/div>\n<div>Restauracijos i\u0161\u0161\u016bkiai, naujos pa\u017eintys ir nepaprasta namo istorija Aleksei leid\u017eia i\u0161 naujo \u012fvertinti praeit\u012f ir suprasti, kad kiekvienas vertas antros progos.<\/div>\n<div><\/div>\n","protected":false},"featured_media":4502,"comment_status":"closed","ping_status":"closed","template":"","meta":{"_acf_changed":false,"site-sidebar-layout":"default","site-content-layout":"","ast-site-content-layout":"default","site-content-style":"default","site-sidebar-style":"default","ast-global-header-display":"","ast-banner-title-visibility":"","ast-main-header-display":"","ast-hfb-above-header-display":"","ast-hfb-below-header-display":"","ast-hfb-mobile-header-display":"","site-post-title":"","ast-breadcrumbs-content":"","ast-featured-img":"","footer-sml-layout":"","ast-disable-related-posts":"","theme-transparent-header-meta":"","adv-header-id-meta":"","stick-header-meta":"","header-above-stick-meta":"","header-main-stick-meta":"","header-below-stick-meta":"","astra-migrate-meta-layouts":"default","ast-page-background-enabled":"default","ast-page-background-meta":{"desktop":{"background-color":"","background-image":"","background-repeat":"repeat","background-position":"center center","background-size":"auto","background-attachment":"scroll","background-type":"","background-media":"","overlay-type":"","overlay-color":"","overlay-opacity":"","overlay-gradient":""},"tablet":{"background-color":"","background-image":"","background-repeat":"repeat","background-position":"center center","background-size":"auto","background-attachment":"scroll","background-type":"","background-media":"","overlay-type":"","overlay-color":"","overlay-opacity":"","overlay-gradient":""},"mobile":{"background-color":"","background-image":"","background-repeat":"repeat","background-position":"center center","background-size":"auto","background-attachment":"scroll","background-type":"","background-media":"","overlay-type":"","overlay-color":"","overlay-opacity":"","overlay-gradient":""}},"ast-content-background-meta":{"desktop":{"background-color":"var(--ast-global-color-4)","background-image":"","background-repeat":"repeat","background-position":"center center","background-size":"auto","background-attachment":"scroll","background-type":"","background-media":"","overlay-type":"","overlay-color":"","overlay-opacity":"","overlay-gradient":""},"tablet":{"background-color":"var(--ast-global-color-4)","background-image":"","background-repeat":"repeat","background-position":"center center","background-size":"auto","background-attachment":"scroll","background-type":"","background-media":"","overlay-type":"","overlay-color":"","overlay-opacity":"","overlay-gradient":""},"mobile":{"background-color":"var(--ast-global-color-4)","background-image":"","background-repeat":"repeat","background-position":"center center","background-size":"auto","background-attachment":"scroll","background-type":"","background-media":"","overlay-type":"","overlay-color":"","overlay-opacity":"","overlay-gradient":""}}},"product_brand":[],"product_cat":[31],"product_tag":[],"class_list":{"0":"post-8414","1":"product","2":"type-product","3":"status-publish","4":"has-post-thumbnail","6":"product_cat-grozine-literatura","7":"pa_leidimo-metai-647","8":"pa_virselis-minkstas","9":"desktop-align-left","10":"tablet-align-left","11":"mobile-align-left","13":"first","14":"instock","15":"shipping-taxable","16":"purchasable","17":"product-type-simple"},"acf":[],"yoast_head":"<!-- This site is optimized with the Yoast SEO plugin v27.0 - https:\/\/yoast.com\/product\/yoast-seo-wordpress\/ -->\n<title>Maureen Leurck \u201eCikad\u0173 vasara\u201c - Skaitytaknyga<\/title>\n<meta name=\"description\" content=\"Aleks\u0117 Proktor vis\u0105 savo gyvenim\u0105 gyvena kurortiniame miestelyje prie D\u017eenyvos e\u017eero. \u010cia ji pamilo i\u0161vaizd\u0173 gelb\u0117toj\u0105 Met\u0105, \u010dia abu susituok\u0117 ir susilauk\u0117 dukrel\u0117s, \u010dia... jie i\u0161siskyr\u0117.  Nuo skyryb\u0173 jau pra\u0117jo treji metai, ta\u010diau ji vis dar negali susitaikyti su vyro i\u0161davyste, su tuo, kad tenka dalytis vaiko globa ir steb\u0117ti, kaip dukra bendrauja su nauj\u0105ja vyro drauge.  Laim\u0117, jauna moteris gali u\u017esimir\u0161ti dirbdama m\u0117gstam\u0105 darb\u0105 \u2013 prikeldama naujam gyvenimui istorinius namus e\u017eero pakrant\u0117je. Paskutinis jos atradimas \u2013 \u0161imto penkiolikos met\u0173 vila su ro\u017ei\u0173 sodu.  Restauracijos i\u0161\u0161\u016bkiai, naujos pa\u017eintys ir nepaprasta namo istorija Aleksei leid\u017eia i\u0161 naujo \u012fvertinti praeit\u012f ir suprasti, kad kiekvienas vertas antros progos.\" \/>\n<meta name=\"robots\" content=\"index, follow, max-snippet:-1, max-image-preview:large, max-video-preview:-1\" \/>\n<link rel=\"canonical\" href=\"https:\/\/skaitytaknyga.lt\/en\/produktas\/maureen-leurck-cikadu-vasara-2\/\" \/>\n<meta property=\"og:locale\" content=\"en_GB\" \/>\n<meta property=\"og:locale:alternate\" content=\"lt_LT\" \/>\n<meta property=\"og:type\" content=\"article\" \/>\n<meta property=\"og:title\" content=\"Maureen Leurck \u201eCikad\u0173 vasara\u201c - Skaitytaknyga\" \/>\n<meta property=\"og:description\" content=\"Aleks\u0117 Proktor vis\u0105 savo gyvenim\u0105 gyvena kurortiniame miestelyje prie D\u017eenyvos e\u017eero. \u010cia ji pamilo i\u0161vaizd\u0173 gelb\u0117toj\u0105 Met\u0105, \u010dia abu susituok\u0117 ir susilauk\u0117 dukrel\u0117s, \u010dia... jie i\u0161siskyr\u0117.  Nuo skyryb\u0173 jau pra\u0117jo treji metai, ta\u010diau ji vis dar negali susitaikyti su vyro i\u0161davyste, su tuo, kad tenka dalytis vaiko globa ir steb\u0117ti, kaip dukra bendrauja su nauj\u0105ja vyro drauge.  Laim\u0117, jauna moteris gali u\u017esimir\u0161ti dirbdama m\u0117gstam\u0105 darb\u0105 \u2013 prikeldama naujam gyvenimui istorinius namus e\u017eero pakrant\u0117je. Paskutinis jos atradimas \u2013 \u0161imto penkiolikos met\u0173 vila su ro\u017ei\u0173 sodu.  Restauracijos i\u0161\u0161\u016bkiai, naujos pa\u017eintys ir nepaprasta namo istorija Aleksei leid\u017eia i\u0161 naujo \u012fvertinti praeit\u012f ir suprasti, kad kiekvienas vertas antros progos.\" \/>\n<meta property=\"og:url\" content=\"https:\/\/skaitytaknyga.lt\/en\/produktas\/maureen-leurck-cikadu-vasara-2\/\" \/>\n<meta property=\"og:site_name\" content=\"Skaitytaknyga\" \/>\n<meta property=\"article:publisher\" content=\"https:\/\/www.facebook.com\/skaitytaknyga\/\" \/>\n<meta property=\"article:modified_time\" content=\"2024-05-04T14:45:33+00:00\" \/>\n<meta property=\"og:image\" content=\"https:\/\/skaitytaknyga.lt\/wp-content\/uploads\/2024\/04\/000000000002176748-5b2bb92556059-asset-knyguklubas-9786098184495_cikadu_vasara.jpg\" \/>\n\t<meta property=\"og:image:width\" content=\"470\" \/>\n\t<meta property=\"og:image:height\" content=\"700\" \/>\n\t<meta property=\"og:image:type\" content=\"image\/jpeg\" \/>\n<meta name=\"twitter:card\" content=\"summary_large_image\" \/>\n<meta name=\"twitter:label1\" content=\"Estimated reading time\" \/>\n\t<meta name=\"twitter:data1\" content=\"1 minute\" \/>\n<script type=\"application\/ld+json\" class=\"yoast-schema-graph\">{\"@context\":\"https:\/\/schema.org\",\"@graph\":[{\"@type\":\"WebPage\",\"@id\":\"https:\/\/skaitytaknyga.lt\/produktas\/maureen-leurck-cikadu-vasara-2\/\",\"url\":\"https:\/\/skaitytaknyga.lt\/produktas\/maureen-leurck-cikadu-vasara-2\/\",\"name\":\"Maureen Leurck \u201eCikad\u0173 vasara\u201c - Skaitytaknyga\",\"isPartOf\":{\"@id\":\"https:\/\/skaitytaknyga.lt\/#website\"},\"primaryImageOfPage\":{\"@id\":\"https:\/\/skaitytaknyga.lt\/produktas\/maureen-leurck-cikadu-vasara-2\/#primaryimage\"},\"image\":{\"@id\":\"https:\/\/skaitytaknyga.lt\/produktas\/maureen-leurck-cikadu-vasara-2\/#primaryimage\"},\"thumbnailUrl\":\"https:\/\/skaitytaknyga.lt\/wp-content\/uploads\/2024\/04\/000000000002176748-5b2bb92556059-asset-knyguklubas-9786098184495_cikadu_vasara.jpg\",\"datePublished\":\"2024-05-04T14:45:16+00:00\",\"dateModified\":\"2024-05-04T14:45:33+00:00\",\"description\":\"Aleks\u0117 Proktor vis\u0105 savo gyvenim\u0105 gyvena kurortiniame miestelyje prie D\u017eenyvos e\u017eero. \u010cia ji pamilo i\u0161vaizd\u0173 gelb\u0117toj\u0105 Met\u0105, \u010dia abu susituok\u0117 ir susilauk\u0117 dukrel\u0117s, \u010dia... jie i\u0161siskyr\u0117. Nuo skyryb\u0173 jau pra\u0117jo treji metai, ta\u010diau ji vis dar negali susitaikyti su vyro i\u0161davyste, su tuo, kad tenka dalytis vaiko globa ir steb\u0117ti, kaip dukra bendrauja su nauj\u0105ja vyro drauge. Laim\u0117, jauna moteris gali u\u017esimir\u0161ti dirbdama m\u0117gstam\u0105 darb\u0105 \u2013 prikeldama naujam gyvenimui istorinius namus e\u017eero pakrant\u0117je. Paskutinis jos atradimas \u2013 \u0161imto penkiolikos met\u0173 vila su ro\u017ei\u0173 sodu. Restauracijos i\u0161\u0161\u016bkiai, naujos pa\u017eintys ir nepaprasta namo istorija Aleksei leid\u017eia i\u0161 naujo \u012fvertinti praeit\u012f ir suprasti, kad kiekvienas vertas antros progos.\",\"breadcrumb\":{\"@id\":\"https:\/\/skaitytaknyga.lt\/produktas\/maureen-leurck-cikadu-vasara-2\/#breadcrumb\"},\"inLanguage\":\"en-GB\",\"potentialAction\":[{\"@type\":\"ReadAction\",\"target\":[\"https:\/\/skaitytaknyga.lt\/produktas\/maureen-leurck-cikadu-vasara-2\/\"]}]},{\"@type\":\"ImageObject\",\"inLanguage\":\"en-GB\",\"@id\":\"https:\/\/skaitytaknyga.lt\/produktas\/maureen-leurck-cikadu-vasara-2\/#primaryimage\",\"url\":\"https:\/\/skaitytaknyga.lt\/wp-content\/uploads\/2024\/04\/000000000002176748-5b2bb92556059-asset-knyguklubas-9786098184495_cikadu_vasara.jpg\",\"contentUrl\":\"https:\/\/skaitytaknyga.lt\/wp-content\/uploads\/2024\/04\/000000000002176748-5b2bb92556059-asset-knyguklubas-9786098184495_cikadu_vasara.jpg\",\"width\":470,\"height\":700},{\"@type\":\"BreadcrumbList\",\"@id\":\"https:\/\/skaitytaknyga.lt\/produktas\/maureen-leurck-cikadu-vasara-2\/#breadcrumb\",\"itemListElement\":[{\"@type\":\"ListItem\",\"position\":1,\"name\":\"Home\",\"item\":\"https:\/\/skaitytaknyga.lt\/\"},{\"@type\":\"ListItem\",\"position\":2,\"name\":\"Parduotuv\u0117\",\"item\":\"https:\/\/skaitytaknyga.lt\/knygu-parduotuve\/\"},{\"@type\":\"ListItem\",\"position\":3,\"name\":\"Maureen Leurck \u201eCikad\u0173 vasara\u201c\"}]},{\"@type\":\"WebSite\",\"@id\":\"https:\/\/skaitytaknyga.lt\/#website\",\"url\":\"https:\/\/skaitytaknyga.lt\/\",\"name\":\"skaitytaknyga.lt\",\"description\":\"Skaitytaknyga.lt \u2013 tai ma\u017eas \u0161eimos verslas, kuris prasid\u0117jo nuo meil\u0117s knygoms ir siekio i\u0161gelb\u0117ti knygas nuo likimo prie konteinerio. Kas vienam nereikalingas daiktas \u2013 kitam lobis, o mes esame tarpininkai, kurie padeda abiems tapti laimingesniems ???? \u017dinome kaip nelengva i\u0161gyventi ma\u017eiems verslams, tad nuo \u0161iol, \u010dia rasite ir kit\u0173, ma\u017e\u0173 \u0161eim\u0173 versl\u0173, rank\u0173 darbo, dovan\u0173 sau ir artimiesiems.\",\"publisher\":{\"@id\":\"https:\/\/skaitytaknyga.lt\/#organization\"},\"potentialAction\":[{\"@type\":\"SearchAction\",\"target\":{\"@type\":\"EntryPoint\",\"urlTemplate\":\"https:\/\/skaitytaknyga.lt\/?s={search_term_string}\"},\"query-input\":{\"@type\":\"PropertyValueSpecification\",\"valueRequired\":true,\"valueName\":\"search_term_string\"}}],\"inLanguage\":\"en-GB\"},{\"@type\":\"Organization\",\"@id\":\"https:\/\/skaitytaknyga.lt\/#organization\",\"name\":\"skaitytaknyga.lt\",\"url\":\"https:\/\/skaitytaknyga.lt\/\",\"logo\":{\"@type\":\"ImageObject\",\"inLanguage\":\"en-GB\",\"@id\":\"https:\/\/skaitytaknyga.lt\/#\/schema\/logo\/image\/\",\"url\":\"https:\/\/skaitytaknyga.lt\/wp-content\/uploads\/2024\/05\/cropped-cropped-cropped-02_00843_jt3bggkj1j3HLc7SyY6rEUpg.jpeg\",\"contentUrl\":\"https:\/\/skaitytaknyga.lt\/wp-content\/uploads\/2024\/05\/cropped-cropped-cropped-02_00843_jt3bggkj1j3HLc7SyY6rEUpg.jpeg\",\"width\":1600,\"height\":1600,\"caption\":\"skaitytaknyga.lt\"},\"image\":{\"@id\":\"https:\/\/skaitytaknyga.lt\/#\/schema\/logo\/image\/\"},\"sameAs\":[\"https:\/\/www.facebook.com\/skaitytaknyga\/\"]}]}<\/script>\n<!-- \/ Yoast SEO plugin. -->","yoast_head_json":{"title":"Maureen Leurck \u201eCikad\u0173 vasara\u201c - Skaitytaknyga","description":"Aleks\u0117 Proktor vis\u0105 savo gyvenim\u0105 gyvena kurortiniame miestelyje prie D\u017eenyvos e\u017eero. \u010cia ji pamilo i\u0161vaizd\u0173 gelb\u0117toj\u0105 Met\u0105, \u010dia abu susituok\u0117 ir susilauk\u0117 dukrel\u0117s, \u010dia... jie i\u0161siskyr\u0117.  Nuo skyryb\u0173 jau pra\u0117jo treji metai, ta\u010diau ji vis dar negali susitaikyti su vyro i\u0161davyste, su tuo, kad tenka dalytis vaiko globa ir steb\u0117ti, kaip dukra bendrauja su nauj\u0105ja vyro drauge.  Laim\u0117, jauna moteris gali u\u017esimir\u0161ti dirbdama m\u0117gstam\u0105 darb\u0105 \u2013 prikeldama naujam gyvenimui istorinius namus e\u017eero pakrant\u0117je. Paskutinis jos atradimas \u2013 \u0161imto penkiolikos met\u0173 vila su ro\u017ei\u0173 sodu.  Restauracijos i\u0161\u0161\u016bkiai, naujos pa\u017eintys ir nepaprasta namo istorija Aleksei leid\u017eia i\u0161 naujo \u012fvertinti praeit\u012f ir suprasti, kad kiekvienas vertas antros progos.","robots":{"index":"index","follow":"follow","max-snippet":"max-snippet:-1","max-image-preview":"max-image-preview:large","max-video-preview":"max-video-preview:-1"},"canonical":"https:\/\/skaitytaknyga.lt\/en\/produktas\/maureen-leurck-cikadu-vasara-2\/","og_locale":"en_GB","og_type":"article","og_title":"Maureen Leurck \u201eCikad\u0173 vasara\u201c - Skaitytaknyga","og_description":"Aleks\u0117 Proktor vis\u0105 savo gyvenim\u0105 gyvena kurortiniame miestelyje prie D\u017eenyvos e\u017eero. \u010cia ji pamilo i\u0161vaizd\u0173 gelb\u0117toj\u0105 Met\u0105, \u010dia abu susituok\u0117 ir susilauk\u0117 dukrel\u0117s, \u010dia... jie i\u0161siskyr\u0117.  Nuo skyryb\u0173 jau pra\u0117jo treji metai, ta\u010diau ji vis dar negali susitaikyti su vyro i\u0161davyste, su tuo, kad tenka dalytis vaiko globa ir steb\u0117ti, kaip dukra bendrauja su nauj\u0105ja vyro drauge.  Laim\u0117, jauna moteris gali u\u017esimir\u0161ti dirbdama m\u0117gstam\u0105 darb\u0105 \u2013 prikeldama naujam gyvenimui istorinius namus e\u017eero pakrant\u0117je. Paskutinis jos atradimas \u2013 \u0161imto penkiolikos met\u0173 vila su ro\u017ei\u0173 sodu.  Restauracijos i\u0161\u0161\u016bkiai, naujos pa\u017eintys ir nepaprasta namo istorija Aleksei leid\u017eia i\u0161 naujo \u012fvertinti praeit\u012f ir suprasti, kad kiekvienas vertas antros progos.","og_url":"https:\/\/skaitytaknyga.lt\/en\/produktas\/maureen-leurck-cikadu-vasara-2\/","og_site_name":"Skaitytaknyga","article_publisher":"https:\/\/www.facebook.com\/skaitytaknyga\/","article_modified_time":"2024-05-04T14:45:33+00:00","og_image":[{"width":470,"height":700,"url":"https:\/\/skaitytaknyga.lt\/wp-content\/uploads\/2024\/04\/000000000002176748-5b2bb92556059-asset-knyguklubas-9786098184495_cikadu_vasara.jpg","type":"image\/jpeg"}],"twitter_card":"summary_large_image","twitter_misc":{"Estimated reading time":"1 minute"},"schema":{"@context":"https:\/\/schema.org","@graph":[{"@type":"WebPage","@id":"https:\/\/skaitytaknyga.lt\/produktas\/maureen-leurck-cikadu-vasara-2\/","url":"https:\/\/skaitytaknyga.lt\/produktas\/maureen-leurck-cikadu-vasara-2\/","name":"Maureen Leurck \u201eCikad\u0173 vasara\u201c - Skaitytaknyga","isPartOf":{"@id":"https:\/\/skaitytaknyga.lt\/#website"},"primaryImageOfPage":{"@id":"https:\/\/skaitytaknyga.lt\/produktas\/maureen-leurck-cikadu-vasara-2\/#primaryimage"},"image":{"@id":"https:\/\/skaitytaknyga.lt\/produktas\/maureen-leurck-cikadu-vasara-2\/#primaryimage"},"thumbnailUrl":"https:\/\/skaitytaknyga.lt\/wp-content\/uploads\/2024\/04\/000000000002176748-5b2bb92556059-asset-knyguklubas-9786098184495_cikadu_vasara.jpg","datePublished":"2024-05-04T14:45:16+00:00","dateModified":"2024-05-04T14:45:33+00:00","description":"Aleks\u0117 Proktor vis\u0105 savo gyvenim\u0105 gyvena kurortiniame miestelyje prie D\u017eenyvos e\u017eero. \u010cia ji pamilo i\u0161vaizd\u0173 gelb\u0117toj\u0105 Met\u0105, \u010dia abu susituok\u0117 ir susilauk\u0117 dukrel\u0117s, \u010dia... jie i\u0161siskyr\u0117. Nuo skyryb\u0173 jau pra\u0117jo treji metai, ta\u010diau ji vis dar negali susitaikyti su vyro i\u0161davyste, su tuo, kad tenka dalytis vaiko globa ir steb\u0117ti, kaip dukra bendrauja su nauj\u0105ja vyro drauge. Laim\u0117, jauna moteris gali u\u017esimir\u0161ti dirbdama m\u0117gstam\u0105 darb\u0105 \u2013 prikeldama naujam gyvenimui istorinius namus e\u017eero pakrant\u0117je. Paskutinis jos atradimas \u2013 \u0161imto penkiolikos met\u0173 vila su ro\u017ei\u0173 sodu. Restauracijos i\u0161\u0161\u016bkiai, naujos pa\u017eintys ir nepaprasta namo istorija Aleksei leid\u017eia i\u0161 naujo \u012fvertinti praeit\u012f ir suprasti, kad kiekvienas vertas antros progos.","breadcrumb":{"@id":"https:\/\/skaitytaknyga.lt\/produktas\/maureen-leurck-cikadu-vasara-2\/#breadcrumb"},"inLanguage":"en-GB","potentialAction":[{"@type":"ReadAction","target":["https:\/\/skaitytaknyga.lt\/produktas\/maureen-leurck-cikadu-vasara-2\/"]}]},{"@type":"ImageObject","inLanguage":"en-GB","@id":"https:\/\/skaitytaknyga.lt\/produktas\/maureen-leurck-cikadu-vasara-2\/#primaryimage","url":"https:\/\/skaitytaknyga.lt\/wp-content\/uploads\/2024\/04\/000000000002176748-5b2bb92556059-asset-knyguklubas-9786098184495_cikadu_vasara.jpg","contentUrl":"https:\/\/skaitytaknyga.lt\/wp-content\/uploads\/2024\/04\/000000000002176748-5b2bb92556059-asset-knyguklubas-9786098184495_cikadu_vasara.jpg","width":470,"height":700},{"@type":"BreadcrumbList","@id":"https:\/\/skaitytaknyga.lt\/produktas\/maureen-leurck-cikadu-vasara-2\/#breadcrumb","itemListElement":[{"@type":"ListItem","position":1,"name":"Home","item":"https:\/\/skaitytaknyga.lt\/"},{"@type":"ListItem","position":2,"name":"Parduotuv\u0117","item":"https:\/\/skaitytaknyga.lt\/knygu-parduotuve\/"},{"@type":"ListItem","position":3,"name":"Maureen Leurck \u201eCikad\u0173 vasara\u201c"}]},{"@type":"WebSite","@id":"https:\/\/skaitytaknyga.lt\/#website","url":"https:\/\/skaitytaknyga.lt\/","name":"skaitytaknyga.lt","description":"Skaitytaknyga.lt \u2013 tai ma\u017eas \u0161eimos verslas, kuris prasid\u0117jo nuo meil\u0117s knygoms ir siekio i\u0161gelb\u0117ti knygas nuo likimo prie konteinerio. Kas vienam nereikalingas daiktas \u2013 kitam lobis, o mes esame tarpininkai, kurie padeda abiems tapti laimingesniems ???? \u017dinome kaip nelengva i\u0161gyventi ma\u017eiems verslams, tad nuo \u0161iol, \u010dia rasite ir kit\u0173, ma\u017e\u0173 \u0161eim\u0173 versl\u0173, rank\u0173 darbo, dovan\u0173 sau ir artimiesiems.","publisher":{"@id":"https:\/\/skaitytaknyga.lt\/#organization"},"potentialAction":[{"@type":"SearchAction","target":{"@type":"EntryPoint","urlTemplate":"https:\/\/skaitytaknyga.lt\/?s={search_term_string}"},"query-input":{"@type":"PropertyValueSpecification","valueRequired":true,"valueName":"search_term_string"}}],"inLanguage":"en-GB"},{"@type":"Organization","@id":"https:\/\/skaitytaknyga.lt\/#organization","name":"skaitytaknyga.lt","url":"https:\/\/skaitytaknyga.lt\/","logo":{"@type":"ImageObject","inLanguage":"en-GB","@id":"https:\/\/skaitytaknyga.lt\/#\/schema\/logo\/image\/","url":"https:\/\/skaitytaknyga.lt\/wp-content\/uploads\/2024\/05\/cropped-cropped-cropped-02_00843_jt3bggkj1j3HLc7SyY6rEUpg.jpeg","contentUrl":"https:\/\/skaitytaknyga.lt\/wp-content\/uploads\/2024\/05\/cropped-cropped-cropped-02_00843_jt3bggkj1j3HLc7SyY6rEUpg.jpeg","width":1600,"height":1600,"caption":"skaitytaknyga.lt"},"image":{"@id":"https:\/\/skaitytaknyga.lt\/#\/schema\/logo\/image\/"},"sameAs":["https:\/\/www.facebook.com\/skaitytaknyga\/"]}]}},"_links":{"self":[{"href":"https:\/\/skaitytaknyga.lt\/en\/wp-json\/wp\/v2\/product\/8414","targetHints":{"allow":["GET"]}}],"collection":[{"href":"https:\/\/skaitytaknyga.lt\/en\/wp-json\/wp\/v2\/product"}],"about":[{"href":"https:\/\/skaitytaknyga.lt\/en\/wp-json\/wp\/v2\/types\/product"}],"replies":[{"embeddable":true,"href":"https:\/\/skaitytaknyga.lt\/en\/wp-json\/wp\/v2\/comments?post=8414"}],"wp:featuredmedia":[{"embeddable":true,"href":"https:\/\/skaitytaknyga.lt\/en\/wp-json\/wp\/v2\/media\/4502"}],"wp:attachment":[{"href":"https:\/\/skaitytaknyga.lt\/en\/wp-json\/wp\/v2\/media?parent=8414"}],"wp:term":[{"taxonomy":"product_brand","embeddable":true,"href":"https:\/\/skaitytaknyga.lt\/en\/wp-json\/wp\/v2\/product_brand?post=8414"},{"taxonomy":"product_cat","embeddable":true,"href":"https:\/\/skaitytaknyga.lt\/en\/wp-json\/wp\/v2\/product_cat?post=8414"},{"taxonomy":"product_tag","embeddable":true,"href":"https:\/\/skaitytaknyga.lt\/en\/wp-json\/wp\/v2\/product_tag?post=8414"}],"curies":[{"name":"wp","href":"https:\/\/api.w.org\/{rel}","templated":true}]}}