{"id":8407,"date":"2024-05-04T14:45:16","date_gmt":"2024-05-04T14:45:16","guid":{"rendered":"https:\/\/skaitytaknyga.lt\/?post_type=product&#038;p=8407"},"modified":"2026-03-05T15:58:09","modified_gmt":"2026-03-05T13:58:09","slug":"amy-lloyd-nekaltoji-zmona-2","status":"publish","type":"product","link":"https:\/\/skaitytaknyga.lt\/en\/produktas\/amy-lloyd-nekaltoji-zmona-2\/","title":{"rendered":"Amy Lloyd \u201eNekaltoji \u017emona\u201c"},"content":{"rendered":"<div>U\u017e triler\u012f \u201eNekaltoji \u017emona&#8221; Amy Lloyd peln\u0117 \u201eDaily Mail&#8221; rengiamo \u201ePirmojo romano&#8221; konkurso nugal\u0117tojos vard\u0105.<\/div>\n<div><\/div>\n<div>Tu myli j\u012f. Pasitiki juo. Tai kod\u0117l taip bijai?<\/div>\n<div><\/div>\n<div>Prie\u0161 dvide\u0161imt vienus metus Denisas Dansonas buvo nuteistas u\u017e \u017eiaur\u0173 vienuolikmet\u0117s nu\u017eudym\u0105 ir Alt\u016bnos kal\u0117jime laukia mirties bausm\u0117s. Ta\u010diau jo kaltumu abejoja ir dokumentini\u0173 film\u0173 k\u016br\u0117jai, ir interneto forum\u0173 dalyviai. Surink\u0119 nauj\u0173 \u012frodym\u0173, jie pradeda Deniso i\u0161laisvinimo kampanij\u0105.<\/div>\n<div>U\u017e t\u016bkstan\u010di\u0173 myli\u0173 Anglijoje gyvena vieni\u0161a mokytoja Samanta. Nuo pirmo nedr\u0105saus jos lai\u0161ko Denisui prasideda j\u0173 susira\u0161in\u0117jimas ir&#8230; meil\u0117. Netrukus mergina apsisprend\u017eia keisti savo gyvenim\u0105 ir skrenda per Atlant\u0105 palaikyti mylimojo.<\/div>\n<div><\/div>\n<div>R\u0117m\u0117j\u0173 pastangos nenueina veltui ir Samantos vyru jau tap\u0119s Denisas i\u0161eina \u012f laisv\u0119. Ta\u010diau greitai jaunoji \u017emona pastebi tai, kas priver\u010dia suabejoti sutuoktinio nekaltumu&#8230;<\/div>\n<div><\/div>\n<div><\/div>\n","protected":false},"excerpt":{"rendered":"<p>U\u017e triler\u012f \u201eNekaltoji \u017emona&#8221; Amy Lloyd peln\u0117 \u201eDaily Mail&#8221; rengiamo \u201ePirmojo romano&#8221; konkurso nugal\u0117tojos vard\u0105. Tu myli j\u012f. Pasitiki juo. Tai kod\u0117l taip bijai? Prie\u0161 dvide\u0161imt vienus metus Denisas Dansonas buvo nuteistas u\u017e \u017eiaur\u0173 vienuolikmet\u0117s nu\u017eudym\u0105 ir Alt\u016bnos kal\u0117jime laukia mirties bausm\u0117s. Ta\u010diau jo kaltumu abejoja ir dokumentini\u0173 film\u0173 k\u016br\u0117jai, ir interneto forum\u0173 dalyviai. Surink\u0119 nauj\u0173 \u012frodym\u0173, jie pradeda Deniso i\u0161laisvinimo kampanij\u0105. U\u017e t\u016bkstan\u010di\u0173 myli\u0173 Anglijoje gyvena vieni\u0161a mokytoja Samanta. Nuo pirmo nedr\u0105saus jos lai\u0161ko Denisui prasideda j\u0173 susira\u0161in\u0117jimas ir&#8230; meil\u0117. Netrukus mergina apsisprend\u017eia keisti savo gyvenim\u0105 ir skrenda per Atlant\u0105 palaikyti mylimojo. R\u0117m\u0117j\u0173 pastangos nenueina veltui ir Samantos vyru jau tap\u0119s Denisas i\u0161eina \u012f laisv\u0119. Ta\u010diau greitai jaunoji \u017emona pastebi tai, kas priver\u010dia suabejoti sutuoktinio nekaltumu&#8230;<\/p>\n","protected":false},"featured_media":11806,"comment_status":"closed","ping_status":"closed","template":"","meta":{"_acf_changed":false,"site-sidebar-layout":"default","site-content-layout":"","ast-site-content-layout":"default","site-content-style":"default","site-sidebar-style":"default","ast-global-header-display":"","ast-banner-title-visibility":"","ast-main-header-display":"","ast-hfb-above-header-display":"","ast-hfb-below-header-display":"","ast-hfb-mobile-header-display":"","site-post-title":"","ast-breadcrumbs-content":"","ast-featured-img":"","footer-sml-layout":"","ast-disable-related-posts":"","theme-transparent-header-meta":"default","adv-header-id-meta":"","stick-header-meta":"","header-above-stick-meta":"","header-main-stick-meta":"","header-below-stick-meta":"","astra-migrate-meta-layouts":"set","ast-page-background-enabled":"default","ast-page-background-meta":{"desktop":{"background-color":"","background-image":"","background-repeat":"repeat","background-position":"center center","background-size":"auto","background-attachment":"scroll","background-type":"","background-media":"","overlay-type":"","overlay-color":"","overlay-opacity":"","overlay-gradient":""},"tablet":{"background-color":"","background-image":"","background-repeat":"repeat","background-position":"center center","background-size":"auto","background-attachment":"scroll","background-type":"","background-media":"","overlay-type":"","overlay-color":"","overlay-opacity":"","overlay-gradient":""},"mobile":{"background-color":"","background-image":"","background-repeat":"repeat","background-position":"center center","background-size":"auto","background-attachment":"scroll","background-type":"","background-media":"","overlay-type":"","overlay-color":"","overlay-opacity":"","overlay-gradient":""}},"ast-content-background-meta":{"desktop":{"background-color":"var(--ast-global-color-4)","background-image":"","background-repeat":"repeat","background-position":"center center","background-size":"auto","background-attachment":"scroll","background-type":"","background-media":"","overlay-type":"","overlay-color":"","overlay-opacity":"","overlay-gradient":""},"tablet":{"background-color":"var(--ast-global-color-4)","background-image":"","background-repeat":"repeat","background-position":"center center","background-size":"auto","background-attachment":"scroll","background-type":"","background-media":"","overlay-type":"","overlay-color":"","overlay-opacity":"","overlay-gradient":""},"mobile":{"background-color":"var(--ast-global-color-4)","background-image":"","background-repeat":"repeat","background-position":"center center","background-size":"auto","background-attachment":"scroll","background-type":"","background-media":"","overlay-type":"","overlay-color":"","overlay-opacity":"","overlay-gradient":""}}},"product_brand":[],"product_cat":[9580],"product_tag":[],"class_list":{"0":"post-8407","1":"product","2":"type-product","3":"status-publish","4":"has-post-thumbnail","6":"product_cat-psichologiniai-detektyvai","7":"desktop-align-left","8":"tablet-align-left","9":"mobile-align-left","11":"first","12":"instock","13":"shipping-taxable","14":"purchasable","15":"product-type-simple"},"acf":[],"yoast_head":"<!-- This site is optimized with the Yoast SEO plugin v27.4 - https:\/\/yoast.com\/product\/yoast-seo-wordpress\/ -->\n<title>Amy Lloyd \u201eNekaltoji \u017emona\u201c<\/title>\n<meta name=\"description\" content=\"Prie\u0161 dvide\u0161imt vienus metus Denisas Dansonas buvo nuteistas u\u017e \u017eiaur\u0173 vienuolikmet\u0117s nu\u017eudym\u0105 ir Alt\u016bnos kal\u0117jime laukia mirties bausm\u0117s.\" \/>\n<meta name=\"robots\" content=\"index, follow, max-snippet:-1, max-image-preview:large, max-video-preview:-1\" \/>\n<link rel=\"canonical\" href=\"https:\/\/skaitytaknyga.lt\/en\/produktas\/amy-lloyd-nekaltoji-zmona-2\/\" \/>\n<meta property=\"og:locale\" content=\"en_GB\" \/>\n<meta property=\"og:locale:alternate\" content=\"lt_LT\" \/>\n<meta property=\"og:type\" content=\"article\" \/>\n<meta property=\"og:title\" content=\"Amy Lloyd \u201eNekaltoji \u017emona\u201c\" \/>\n<meta property=\"og:description\" content=\"Prie\u0161 dvide\u0161imt vienus metus Denisas Dansonas buvo nuteistas u\u017e \u017eiaur\u0173 vienuolikmet\u0117s nu\u017eudym\u0105 ir Alt\u016bnos kal\u0117jime laukia mirties bausm\u0117s.\" \/>\n<meta property=\"og:url\" content=\"https:\/\/skaitytaknyga.lt\/en\/produktas\/amy-lloyd-nekaltoji-zmona-2\/\" \/>\n<meta property=\"og:site_name\" content=\"Skaitytaknyga\" \/>\n<meta property=\"article:publisher\" content=\"https:\/\/www.facebook.com\/skaitytaknyga\/\" \/>\n<meta property=\"article:modified_time\" content=\"2026-03-05T13:58:09+00:00\" \/>\n<meta property=\"og:image\" content=\"https:\/\/skaitytaknyga.lt\/wp-content\/uploads\/2024\/05\/09823323_2-1000x1000-1-e1716455900106.jpg\" \/>\n\t<meta property=\"og:image:width\" content=\"655\" \/>\n\t<meta property=\"og:image:height\" content=\"986\" \/>\n\t<meta property=\"og:image:type\" content=\"image\/jpeg\" \/>\n<meta name=\"twitter:card\" content=\"summary_large_image\" \/>\n<meta name=\"twitter:label1\" content=\"Estimated reading time\" \/>\n\t<meta name=\"twitter:data1\" content=\"1 minute\" \/>\n<script type=\"application\/ld+json\" class=\"yoast-schema-graph\">{\"@context\":\"https:\\\/\\\/schema.org\",\"@graph\":[{\"@type\":\"WebPage\",\"@id\":\"https:\\\/\\\/skaitytaknyga.lt\\\/produktas\\\/amy-lloyd-nekaltoji-zmona-2\\\/\",\"url\":\"https:\\\/\\\/skaitytaknyga.lt\\\/produktas\\\/amy-lloyd-nekaltoji-zmona-2\\\/\",\"name\":\"Amy Lloyd \u201eNekaltoji \u017emona\u201c\",\"isPartOf\":{\"@id\":\"https:\\\/\\\/skaitytaknyga.lt\\\/#website\"},\"primaryImageOfPage\":{\"@id\":\"https:\\\/\\\/skaitytaknyga.lt\\\/produktas\\\/amy-lloyd-nekaltoji-zmona-2\\\/#primaryimage\"},\"image\":{\"@id\":\"https:\\\/\\\/skaitytaknyga.lt\\\/produktas\\\/amy-lloyd-nekaltoji-zmona-2\\\/#primaryimage\"},\"thumbnailUrl\":\"https:\\\/\\\/skaitytaknyga.lt\\\/wp-content\\\/uploads\\\/2024\\\/05\\\/09823323_2-1000x1000-1-e1716455900106.jpg\",\"datePublished\":\"2024-05-04T14:45:16+00:00\",\"dateModified\":\"2026-03-05T13:58:09+00:00\",\"description\":\"Prie\u0161 dvide\u0161imt vienus metus Denisas Dansonas buvo nuteistas u\u017e \u017eiaur\u0173 vienuolikmet\u0117s nu\u017eudym\u0105 ir Alt\u016bnos kal\u0117jime laukia mirties bausm\u0117s.\",\"breadcrumb\":{\"@id\":\"https:\\\/\\\/skaitytaknyga.lt\\\/produktas\\\/amy-lloyd-nekaltoji-zmona-2\\\/#breadcrumb\"},\"inLanguage\":\"en-GB\",\"potentialAction\":[{\"@type\":\"ReadAction\",\"target\":[\"https:\\\/\\\/skaitytaknyga.lt\\\/produktas\\\/amy-lloyd-nekaltoji-zmona-2\\\/\"]}]},{\"@type\":\"ImageObject\",\"inLanguage\":\"en-GB\",\"@id\":\"https:\\\/\\\/skaitytaknyga.lt\\\/produktas\\\/amy-lloyd-nekaltoji-zmona-2\\\/#primaryimage\",\"url\":\"https:\\\/\\\/skaitytaknyga.lt\\\/wp-content\\\/uploads\\\/2024\\\/05\\\/09823323_2-1000x1000-1-e1716455900106.jpg\",\"contentUrl\":\"https:\\\/\\\/skaitytaknyga.lt\\\/wp-content\\\/uploads\\\/2024\\\/05\\\/09823323_2-1000x1000-1-e1716455900106.jpg\",\"width\":655,\"height\":986,\"caption\":\"Amy Lloyd \u201eNekaltoji \u017emona\u201c\"},{\"@type\":\"BreadcrumbList\",\"@id\":\"https:\\\/\\\/skaitytaknyga.lt\\\/produktas\\\/amy-lloyd-nekaltoji-zmona-2\\\/#breadcrumb\",\"itemListElement\":[{\"@type\":\"ListItem\",\"position\":1,\"name\":\"Home\",\"item\":\"https:\\\/\\\/skaitytaknyga.lt\\\/\"},{\"@type\":\"ListItem\",\"position\":2,\"name\":\"Parduotuv\u0117\",\"item\":\"https:\\\/\\\/skaitytaknyga.lt\\\/knygu-parduotuve\\\/\"},{\"@type\":\"ListItem\",\"position\":3,\"name\":\"Amy Lloyd \u201eNekaltoji \u017emona\u201c\"}]},{\"@type\":\"WebSite\",\"@id\":\"https:\\\/\\\/skaitytaknyga.lt\\\/#website\",\"url\":\"https:\\\/\\\/skaitytaknyga.lt\\\/\",\"name\":\"skaitytaknyga.lt\",\"description\":\"Skaitytaknyga.lt \u2013 tai ma\u017eas \u0161eimos verslas, kuris prasid\u0117jo nuo meil\u0117s knygoms ir siekio i\u0161gelb\u0117ti knygas nuo likimo prie konteinerio. Kas vienam nereikalingas daiktas \u2013 kitam lobis, o mes esame tarpininkai, kurie padeda abiems tapti laimingesniems ???? \u017dinome kaip nelengva i\u0161gyventi ma\u017eiems verslams, tad nuo \u0161iol, \u010dia rasite ir kit\u0173, ma\u017e\u0173 \u0161eim\u0173 versl\u0173, rank\u0173 darbo, dovan\u0173 sau ir artimiesiems.\",\"publisher\":{\"@id\":\"https:\\\/\\\/skaitytaknyga.lt\\\/#organization\"},\"potentialAction\":[{\"@type\":\"SearchAction\",\"target\":{\"@type\":\"EntryPoint\",\"urlTemplate\":\"https:\\\/\\\/skaitytaknyga.lt\\\/?s={search_term_string}\"},\"query-input\":{\"@type\":\"PropertyValueSpecification\",\"valueRequired\":true,\"valueName\":\"search_term_string\"}}],\"inLanguage\":\"en-GB\"},{\"@type\":\"Organization\",\"@id\":\"https:\\\/\\\/skaitytaknyga.lt\\\/#organization\",\"name\":\"skaitytaknyga.lt\",\"url\":\"https:\\\/\\\/skaitytaknyga.lt\\\/\",\"logo\":{\"@type\":\"ImageObject\",\"inLanguage\":\"en-GB\",\"@id\":\"https:\\\/\\\/skaitytaknyga.lt\\\/#\\\/schema\\\/logo\\\/image\\\/\",\"url\":\"https:\\\/\\\/skaitytaknyga.lt\\\/wp-content\\\/uploads\\\/2024\\\/05\\\/cropped-cropped-cropped-02_00843_jt3bggkj1j3HLc7SyY6rEUpg.jpeg\",\"contentUrl\":\"https:\\\/\\\/skaitytaknyga.lt\\\/wp-content\\\/uploads\\\/2024\\\/05\\\/cropped-cropped-cropped-02_00843_jt3bggkj1j3HLc7SyY6rEUpg.jpeg\",\"width\":1600,\"height\":1600,\"caption\":\"skaitytaknyga.lt\"},\"image\":{\"@id\":\"https:\\\/\\\/skaitytaknyga.lt\\\/#\\\/schema\\\/logo\\\/image\\\/\"},\"sameAs\":[\"https:\\\/\\\/www.facebook.com\\\/skaitytaknyga\\\/\"]}]}<\/script>\n<!-- \/ Yoast SEO plugin. -->","yoast_head_json":{"title":"Amy Lloyd \u201eNekaltoji \u017emona\u201c","description":"Prie\u0161 dvide\u0161imt vienus metus Denisas Dansonas buvo nuteistas u\u017e \u017eiaur\u0173 vienuolikmet\u0117s nu\u017eudym\u0105 ir Alt\u016bnos kal\u0117jime laukia mirties bausm\u0117s.","robots":{"index":"index","follow":"follow","max-snippet":"max-snippet:-1","max-image-preview":"max-image-preview:large","max-video-preview":"max-video-preview:-1"},"canonical":"https:\/\/skaitytaknyga.lt\/en\/produktas\/amy-lloyd-nekaltoji-zmona-2\/","og_locale":"en_GB","og_type":"article","og_title":"[:lt]Amy Lloyd \u201eNekaltoji \u017emona\u201c[:] - Skaitytaknyga","og_description":"Prie\u0161 dvide\u0161imt vienus metus Denisas Dansonas buvo nuteistas u\u017e \u017eiaur\u0173 vienuolikmet\u0117s nu\u017eudym\u0105 ir Alt\u016bnos kal\u0117jime laukia mirties bausm\u0117s.","og_url":"https:\/\/skaitytaknyga.lt\/en\/produktas\/amy-lloyd-nekaltoji-zmona-2\/","og_site_name":"Skaitytaknyga","article_publisher":"https:\/\/www.facebook.com\/skaitytaknyga\/","article_modified_time":"2026-03-05T13:58:09+00:00","og_image":[{"width":655,"height":986,"url":"https:\/\/skaitytaknyga.lt\/wp-content\/uploads\/2024\/05\/09823323_2-1000x1000-1-e1716455900106.jpg","type":"image\/jpeg"}],"twitter_card":"summary_large_image","twitter_misc":{"Estimated reading time":"1 minute"},"schema":{"@context":"https:\/\/schema.org","@graph":[{"@type":"WebPage","@id":"https:\/\/skaitytaknyga.lt\/produktas\/amy-lloyd-nekaltoji-zmona-2\/","url":"https:\/\/skaitytaknyga.lt\/produktas\/amy-lloyd-nekaltoji-zmona-2\/","name":"Amy Lloyd \u201eNekaltoji \u017emona\u201c","isPartOf":{"@id":"https:\/\/skaitytaknyga.lt\/#website"},"primaryImageOfPage":{"@id":"https:\/\/skaitytaknyga.lt\/produktas\/amy-lloyd-nekaltoji-zmona-2\/#primaryimage"},"image":{"@id":"https:\/\/skaitytaknyga.lt\/produktas\/amy-lloyd-nekaltoji-zmona-2\/#primaryimage"},"thumbnailUrl":"https:\/\/skaitytaknyga.lt\/wp-content\/uploads\/2024\/05\/09823323_2-1000x1000-1-e1716455900106.jpg","datePublished":"2024-05-04T14:45:16+00:00","dateModified":"2026-03-05T13:58:09+00:00","description":"Prie\u0161 dvide\u0161imt vienus metus Denisas Dansonas buvo nuteistas u\u017e \u017eiaur\u0173 vienuolikmet\u0117s nu\u017eudym\u0105 ir Alt\u016bnos kal\u0117jime laukia mirties bausm\u0117s.","breadcrumb":{"@id":"https:\/\/skaitytaknyga.lt\/produktas\/amy-lloyd-nekaltoji-zmona-2\/#breadcrumb"},"inLanguage":"en-GB","potentialAction":[{"@type":"ReadAction","target":["https:\/\/skaitytaknyga.lt\/produktas\/amy-lloyd-nekaltoji-zmona-2\/"]}]},{"@type":"ImageObject","inLanguage":"en-GB","@id":"https:\/\/skaitytaknyga.lt\/produktas\/amy-lloyd-nekaltoji-zmona-2\/#primaryimage","url":"https:\/\/skaitytaknyga.lt\/wp-content\/uploads\/2024\/05\/09823323_2-1000x1000-1-e1716455900106.jpg","contentUrl":"https:\/\/skaitytaknyga.lt\/wp-content\/uploads\/2024\/05\/09823323_2-1000x1000-1-e1716455900106.jpg","width":655,"height":986,"caption":"Amy Lloyd \u201eNekaltoji \u017emona\u201c"},{"@type":"BreadcrumbList","@id":"https:\/\/skaitytaknyga.lt\/produktas\/amy-lloyd-nekaltoji-zmona-2\/#breadcrumb","itemListElement":[{"@type":"ListItem","position":1,"name":"Home","item":"https:\/\/skaitytaknyga.lt\/"},{"@type":"ListItem","position":2,"name":"Parduotuv\u0117","item":"https:\/\/skaitytaknyga.lt\/knygu-parduotuve\/"},{"@type":"ListItem","position":3,"name":"Amy Lloyd \u201eNekaltoji \u017emona\u201c"}]},{"@type":"WebSite","@id":"https:\/\/skaitytaknyga.lt\/#website","url":"https:\/\/skaitytaknyga.lt\/","name":"skaitytaknyga.lt","description":"Skaitytaknyga.lt \u2013 tai ma\u017eas \u0161eimos verslas, kuris prasid\u0117jo nuo meil\u0117s knygoms ir siekio i\u0161gelb\u0117ti knygas nuo likimo prie konteinerio. Kas vienam nereikalingas daiktas \u2013 kitam lobis, o mes esame tarpininkai, kurie padeda abiems tapti laimingesniems ???? \u017dinome kaip nelengva i\u0161gyventi ma\u017eiems verslams, tad nuo \u0161iol, \u010dia rasite ir kit\u0173, ma\u017e\u0173 \u0161eim\u0173 versl\u0173, rank\u0173 darbo, dovan\u0173 sau ir artimiesiems.","publisher":{"@id":"https:\/\/skaitytaknyga.lt\/#organization"},"potentialAction":[{"@type":"SearchAction","target":{"@type":"EntryPoint","urlTemplate":"https:\/\/skaitytaknyga.lt\/?s={search_term_string}"},"query-input":{"@type":"PropertyValueSpecification","valueRequired":true,"valueName":"search_term_string"}}],"inLanguage":"en-GB"},{"@type":"Organization","@id":"https:\/\/skaitytaknyga.lt\/#organization","name":"skaitytaknyga.lt","url":"https:\/\/skaitytaknyga.lt\/","logo":{"@type":"ImageObject","inLanguage":"en-GB","@id":"https:\/\/skaitytaknyga.lt\/#\/schema\/logo\/image\/","url":"https:\/\/skaitytaknyga.lt\/wp-content\/uploads\/2024\/05\/cropped-cropped-cropped-02_00843_jt3bggkj1j3HLc7SyY6rEUpg.jpeg","contentUrl":"https:\/\/skaitytaknyga.lt\/wp-content\/uploads\/2024\/05\/cropped-cropped-cropped-02_00843_jt3bggkj1j3HLc7SyY6rEUpg.jpeg","width":1600,"height":1600,"caption":"skaitytaknyga.lt"},"image":{"@id":"https:\/\/skaitytaknyga.lt\/#\/schema\/logo\/image\/"},"sameAs":["https:\/\/www.facebook.com\/skaitytaknyga\/"]}]}},"_links":{"self":[{"href":"https:\/\/skaitytaknyga.lt\/en\/wp-json\/wp\/v2\/product\/8407","targetHints":{"allow":["GET"]}}],"collection":[{"href":"https:\/\/skaitytaknyga.lt\/en\/wp-json\/wp\/v2\/product"}],"about":[{"href":"https:\/\/skaitytaknyga.lt\/en\/wp-json\/wp\/v2\/types\/product"}],"replies":[{"embeddable":true,"href":"https:\/\/skaitytaknyga.lt\/en\/wp-json\/wp\/v2\/comments?post=8407"}],"wp:featuredmedia":[{"embeddable":true,"href":"https:\/\/skaitytaknyga.lt\/en\/wp-json\/wp\/v2\/media\/11806"}],"wp:attachment":[{"href":"https:\/\/skaitytaknyga.lt\/en\/wp-json\/wp\/v2\/media?parent=8407"}],"wp:term":[{"taxonomy":"product_brand","embeddable":true,"href":"https:\/\/skaitytaknyga.lt\/en\/wp-json\/wp\/v2\/product_brand?post=8407"},{"taxonomy":"product_cat","embeddable":true,"href":"https:\/\/skaitytaknyga.lt\/en\/wp-json\/wp\/v2\/product_cat?post=8407"},{"taxonomy":"product_tag","embeddable":true,"href":"https:\/\/skaitytaknyga.lt\/en\/wp-json\/wp\/v2\/product_tag?post=8407"}],"curies":[{"name":"wp","href":"https:\/\/api.w.org\/{rel}","templated":true}]}}