{"id":8403,"date":"2024-05-04T14:44:55","date_gmt":"2024-05-04T14:44:55","guid":{"rendered":"https:\/\/skaitytaknyga.lt\/?post_type=product&#038;p=8403"},"modified":"2024-05-04T14:45:23","modified_gmt":"2024-05-04T14:45:23","slug":"azija-be-sienu-2","status":"publish","type":"product","link":"https:\/\/skaitytaknyga.lt\/en\/produktas\/azija-be-sienu-2\/","title":{"rendered":"Azija be sien\u0173"},"content":{"rendered":"<p>Pasaulis yra draugi\u0161kas \u2013 su tokia mintimi \u012f kelion\u0119 po Azij\u0105 i\u0161siruo\u0161\u0117 trys bi\u010diuliai: \u017eurnalistas Paulius Ma\u010diulevi\u010dius, fotograf\u0117 Berta Tilmantait\u0117 ir psichologas Andrius Jan\u010diauskas. Keliautojai nor\u0117jo ne tik pamatyti egzoti\u0161kas \u0161alis, bet ir parodyti, kad keliauti galima kitaip: pa\u017e\u012fstant paprastus \u017emones, nugalint baimes, m\u0117gaujantis naujomis patirtimis ir nuolat ie\u0161kant savo galimybi\u0173 rib\u0173. Mar\u0161rutas veda per \u012fdomiausias Azijos valstybes, nuo Turkijos iki Malaizijos.<\/p>\n<p>Per 7 m\u0117nesius trukusi\u0105 kelion\u0119 bi\u010diuliai pa\u017eino vietini\u0173 gyvenim\u0105, i\u0161band\u0117 egzoti\u0161k\u0173 valgi\u0173 ir pramog\u0173, rado nauj\u0173 draug\u0173 ir lietuvi\u0173, gyvenan\u010di\u0173 svetur. Tarp aplankyt\u0173 \u0161ali\u0173 ne tik turist\u0173 gausiai lankoma Indija bei Kinija, bet ir ma\u017eiau pa\u017einti kampeliai \u2013 Iranas, Afganistanas, Tibetas, tad \u012fsp\u016bding\u0173 nuotrauk\u0173 ir kvap\u0105 gniau\u017eian\u010di\u0173 istorij\u0173 knygoje tikrai netr\u016bksta. Nuo kopimo \u012f kalnus Nepale iki nardymo su v\u0117\u017eliais Indonezijoje&#8230; \u0160i knyga lau\u017eo stereotipus ir \u012fkvepia krautis lagaminus gyvenimo kelionei.<\/p>\n","protected":false},"excerpt":{"rendered":"<p>Pasaulis yra draugi\u0161kas \u2013 su tokia mintimi \u012f kelion\u0119 po Azij\u0105 i\u0161siruo\u0161\u0117 trys bi\u010diuliai: \u017eurnalistas Paulius Ma\u010diulevi\u010dius, fotograf\u0117 Berta Tilmantait\u0117 ir psichologas Andrius Jan\u010diauskas. Keliautojai nor\u0117jo ne tik pamatyti egzoti\u0161kas \u0161alis, bet ir parodyti, kad keliauti galima kitaip: pa\u017e\u012fstant paprastus \u017emones, nugalint baimes, m\u0117gaujantis naujomis patirtimis ir nuolat ie\u0161kant savo galimybi\u0173 rib\u0173. Mar\u0161rutas veda per \u012fdomiausias Azijos valstybes, nuo Turkijos iki Malaizijos.<\/p>\n<p>Per 7 m\u0117nesius trukusi\u0105 kelion\u0119 bi\u010diuliai pa\u017eino vietini\u0173 gyvenim\u0105, i\u0161band\u0117 egzoti\u0161k\u0173 valgi\u0173 ir pramog\u0173, rado nauj\u0173 draug\u0173 ir lietuvi\u0173, gyvenan\u010di\u0173 svetur. Tarp aplankyt\u0173 \u0161ali\u0173 ne tik turist\u0173 gausiai lankoma Indija bei Kinija, bet ir ma\u017eiau pa\u017einti kampeliai \u2013 Iranas, Afganistanas, Tibetas, tad \u012fsp\u016bding\u0173 nuotrauk\u0173 ir kvap\u0105 gniau\u017eian\u010di\u0173 istorij\u0173 knygoje tikrai netr\u016bksta. Nuo kopimo \u012f kalnus Nepale iki nardymo su v\u0117\u017eliais Indonezijoje&#8230; \u0160i knyga lau\u017eo stereotipus ir \u012fkvepia krautis lagaminus gyvenimo kelionei.<\/p>\n","protected":false},"featured_media":4475,"comment_status":"closed","ping_status":"closed","template":"","meta":{"_acf_changed":false,"site-sidebar-layout":"default","site-content-layout":"","ast-site-content-layout":"default","site-content-style":"default","site-sidebar-style":"default","ast-global-header-display":"","ast-banner-title-visibility":"","ast-main-header-display":"","ast-hfb-above-header-display":"","ast-hfb-below-header-display":"","ast-hfb-mobile-header-display":"","site-post-title":"","ast-breadcrumbs-content":"","ast-featured-img":"","footer-sml-layout":"","ast-disable-related-posts":"","theme-transparent-header-meta":"","adv-header-id-meta":"","stick-header-meta":"","header-above-stick-meta":"","header-main-stick-meta":"","header-below-stick-meta":"","astra-migrate-meta-layouts":"default","ast-page-background-enabled":"default","ast-page-background-meta":{"desktop":{"background-color":"","background-image":"","background-repeat":"repeat","background-position":"center center","background-size":"auto","background-attachment":"scroll","background-type":"","background-media":"","overlay-type":"","overlay-color":"","overlay-opacity":"","overlay-gradient":""},"tablet":{"background-color":"","background-image":"","background-repeat":"repeat","background-position":"center center","background-size":"auto","background-attachment":"scroll","background-type":"","background-media":"","overlay-type":"","overlay-color":"","overlay-opacity":"","overlay-gradient":""},"mobile":{"background-color":"","background-image":"","background-repeat":"repeat","background-position":"center center","background-size":"auto","background-attachment":"scroll","background-type":"","background-media":"","overlay-type":"","overlay-color":"","overlay-opacity":"","overlay-gradient":""}},"ast-content-background-meta":{"desktop":{"background-color":"var(--ast-global-color-4)","background-image":"","background-repeat":"repeat","background-position":"center center","background-size":"auto","background-attachment":"scroll","background-type":"","background-media":"","overlay-type":"","overlay-color":"","overlay-opacity":"","overlay-gradient":""},"tablet":{"background-color":"var(--ast-global-color-4)","background-image":"","background-repeat":"repeat","background-position":"center center","background-size":"auto","background-attachment":"scroll","background-type":"","background-media":"","overlay-type":"","overlay-color":"","overlay-opacity":"","overlay-gradient":""},"mobile":{"background-color":"var(--ast-global-color-4)","background-image":"","background-repeat":"repeat","background-position":"center center","background-size":"auto","background-attachment":"scroll","background-type":"","background-media":"","overlay-type":"","overlay-color":"","overlay-opacity":"","overlay-gradient":""}}},"product_brand":[],"product_cat":[448],"product_tag":[],"class_list":{"0":"post-8403","1":"product","2":"type-product","3":"status-publish","4":"has-post-thumbnail","6":"product_cat-keliones","7":"pa_leidimo-metai-714","8":"desktop-align-left","9":"tablet-align-left","10":"mobile-align-left","12":"first","13":"instock","14":"shipping-taxable","15":"purchasable","16":"product-type-simple"},"acf":[],"yoast_head":"<!-- This site is optimized with the Yoast SEO plugin v27.0 - https:\/\/yoast.com\/product\/yoast-seo-wordpress\/ -->\n<title>Azija be sien\u0173 - Skaitytaknyga<\/title>\n<meta name=\"description\" content=\"Pasaulis yra draugi\u0161kas \u2013 su tokia mintimi \u012f kelion\u0119 po Azij\u0105 i\u0161siruo\u0161\u0117 trys bi\u010diuliai: \u017eurnalistas Paulius Ma\u010diulevi\u010dius, fotograf\u0117 Berta Tilmantait\u0117 ir psichologas Andrius Jan\u010diauskas. Keliautojai nor\u0117jo ne tik pamatyti egzoti\u0161kas \u0161alis, bet ir parodyti, kad keliauti galima kitaip: pa\u017e\u012fstant paprastus \u017emones, nugalint baimes, m\u0117gaujantis naujomis patirtimis ir nuolat ie\u0161kant savo galimybi\u0173 rib\u0173. Mar\u0161rutas veda per \u012fdomiausias Azijos valstybes, nuo Turkijos iki Malaizijos.  Per 7 m\u0117nesius trukusi\u0105 kelion\u0119 bi\u010diuliai pa\u017eino vietini\u0173 gyvenim\u0105, i\u0161band\u0117 egzoti\u0161k\u0173 valgi\u0173 ir pramog\u0173, rado nauj\u0173 draug\u0173 ir lietuvi\u0173, gyvenan\u010di\u0173 svetur. Tarp aplankyt\u0173 \u0161ali\u0173 ne tik turist\u0173 gausiai lankoma Indija bei Kinija, bet ir ma\u017eiau pa\u017einti kampeliai \u2013 Iranas, Afganistanas, Tibetas, tad \u012fsp\u016bding\u0173 nuotrauk\u0173 ir kvap\u0105 gniau\u017eian\u010di\u0173 istorij\u0173 knygoje tikrai netr\u016bksta. Nuo kopimo \u012f kalnus Nepale iki nardymo su v\u0117\u017eliais Indonezijoje... \u0160i knyga lau\u017eo stereotipus ir \u012fkvepia krautis lagaminus gyvenimo kelionei.\" \/>\n<meta name=\"robots\" content=\"index, follow, max-snippet:-1, max-image-preview:large, max-video-preview:-1\" \/>\n<link rel=\"canonical\" href=\"https:\/\/skaitytaknyga.lt\/en\/produktas\/azija-be-sienu-2\/\" \/>\n<meta property=\"og:locale\" content=\"en_GB\" \/>\n<meta property=\"og:locale:alternate\" content=\"lt_LT\" \/>\n<meta property=\"og:type\" content=\"article\" \/>\n<meta property=\"og:title\" content=\"Azija be sien\u0173 - Skaitytaknyga\" \/>\n<meta property=\"og:description\" content=\"Pasaulis yra draugi\u0161kas \u2013 su tokia mintimi \u012f kelion\u0119 po Azij\u0105 i\u0161siruo\u0161\u0117 trys bi\u010diuliai: \u017eurnalistas Paulius Ma\u010diulevi\u010dius, fotograf\u0117 Berta Tilmantait\u0117 ir psichologas Andrius Jan\u010diauskas. Keliautojai nor\u0117jo ne tik pamatyti egzoti\u0161kas \u0161alis, bet ir parodyti, kad keliauti galima kitaip: pa\u017e\u012fstant paprastus \u017emones, nugalint baimes, m\u0117gaujantis naujomis patirtimis ir nuolat ie\u0161kant savo galimybi\u0173 rib\u0173. Mar\u0161rutas veda per \u012fdomiausias Azijos valstybes, nuo Turkijos iki Malaizijos.  Per 7 m\u0117nesius trukusi\u0105 kelion\u0119 bi\u010diuliai pa\u017eino vietini\u0173 gyvenim\u0105, i\u0161band\u0117 egzoti\u0161k\u0173 valgi\u0173 ir pramog\u0173, rado nauj\u0173 draug\u0173 ir lietuvi\u0173, gyvenan\u010di\u0173 svetur. Tarp aplankyt\u0173 \u0161ali\u0173 ne tik turist\u0173 gausiai lankoma Indija bei Kinija, bet ir ma\u017eiau pa\u017einti kampeliai \u2013 Iranas, Afganistanas, Tibetas, tad \u012fsp\u016bding\u0173 nuotrauk\u0173 ir kvap\u0105 gniau\u017eian\u010di\u0173 istorij\u0173 knygoje tikrai netr\u016bksta. Nuo kopimo \u012f kalnus Nepale iki nardymo su v\u0117\u017eliais Indonezijoje... \u0160i knyga lau\u017eo stereotipus ir \u012fkvepia krautis lagaminus gyvenimo kelionei.\" \/>\n<meta property=\"og:url\" content=\"https:\/\/skaitytaknyga.lt\/en\/produktas\/azija-be-sienu-2\/\" \/>\n<meta property=\"og:site_name\" content=\"Skaitytaknyga\" \/>\n<meta property=\"article:publisher\" content=\"https:\/\/www.facebook.com\/skaitytaknyga\/\" \/>\n<meta property=\"article:modified_time\" content=\"2024-05-04T14:45:23+00:00\" \/>\n<meta property=\"og:image\" content=\"https:\/\/skaitytaknyga.lt\/wp-content\/uploads\/2024\/04\/281837067_350593947213481_8187063060868056505_n.jpg\" \/>\n\t<meta property=\"og:image:width\" content=\"720\" \/>\n\t<meta property=\"og:image:height\" content=\"960\" \/>\n\t<meta property=\"og:image:type\" content=\"image\/jpeg\" \/>\n<meta name=\"twitter:card\" content=\"summary_large_image\" \/>\n<meta name=\"twitter:label1\" content=\"Estimated reading time\" \/>\n\t<meta name=\"twitter:data1\" content=\"1 minute\" \/>\n<script type=\"application\/ld+json\" class=\"yoast-schema-graph\">{\"@context\":\"https:\/\/schema.org\",\"@graph\":[{\"@type\":\"WebPage\",\"@id\":\"https:\/\/skaitytaknyga.lt\/produktas\/azija-be-sienu-2\/\",\"url\":\"https:\/\/skaitytaknyga.lt\/produktas\/azija-be-sienu-2\/\",\"name\":\"Azija be sien\u0173 - Skaitytaknyga\",\"isPartOf\":{\"@id\":\"https:\/\/skaitytaknyga.lt\/#website\"},\"primaryImageOfPage\":{\"@id\":\"https:\/\/skaitytaknyga.lt\/produktas\/azija-be-sienu-2\/#primaryimage\"},\"image\":{\"@id\":\"https:\/\/skaitytaknyga.lt\/produktas\/azija-be-sienu-2\/#primaryimage\"},\"thumbnailUrl\":\"https:\/\/skaitytaknyga.lt\/wp-content\/uploads\/2024\/04\/281837067_350593947213481_8187063060868056505_n.jpg\",\"datePublished\":\"2024-05-04T14:44:55+00:00\",\"dateModified\":\"2024-05-04T14:45:23+00:00\",\"description\":\"Pasaulis yra draugi\u0161kas \u2013 su tokia mintimi \u012f kelion\u0119 po Azij\u0105 i\u0161siruo\u0161\u0117 trys bi\u010diuliai: \u017eurnalistas Paulius Ma\u010diulevi\u010dius, fotograf\u0117 Berta Tilmantait\u0117 ir psichologas Andrius Jan\u010diauskas. Keliautojai nor\u0117jo ne tik pamatyti egzoti\u0161kas \u0161alis, bet ir parodyti, kad keliauti galima kitaip: pa\u017e\u012fstant paprastus \u017emones, nugalint baimes, m\u0117gaujantis naujomis patirtimis ir nuolat ie\u0161kant savo galimybi\u0173 rib\u0173. Mar\u0161rutas veda per \u012fdomiausias Azijos valstybes, nuo Turkijos iki Malaizijos. Per 7 m\u0117nesius trukusi\u0105 kelion\u0119 bi\u010diuliai pa\u017eino vietini\u0173 gyvenim\u0105, i\u0161band\u0117 egzoti\u0161k\u0173 valgi\u0173 ir pramog\u0173, rado nauj\u0173 draug\u0173 ir lietuvi\u0173, gyvenan\u010di\u0173 svetur. Tarp aplankyt\u0173 \u0161ali\u0173 ne tik turist\u0173 gausiai lankoma Indija bei Kinija, bet ir ma\u017eiau pa\u017einti kampeliai \u2013 Iranas, Afganistanas, Tibetas, tad \u012fsp\u016bding\u0173 nuotrauk\u0173 ir kvap\u0105 gniau\u017eian\u010di\u0173 istorij\u0173 knygoje tikrai netr\u016bksta. Nuo kopimo \u012f kalnus Nepale iki nardymo su v\u0117\u017eliais Indonezijoje... \u0160i knyga lau\u017eo stereotipus ir \u012fkvepia krautis lagaminus gyvenimo kelionei.\",\"breadcrumb\":{\"@id\":\"https:\/\/skaitytaknyga.lt\/produktas\/azija-be-sienu-2\/#breadcrumb\"},\"inLanguage\":\"en-GB\",\"potentialAction\":[{\"@type\":\"ReadAction\",\"target\":[\"https:\/\/skaitytaknyga.lt\/produktas\/azija-be-sienu-2\/\"]}]},{\"@type\":\"ImageObject\",\"inLanguage\":\"en-GB\",\"@id\":\"https:\/\/skaitytaknyga.lt\/produktas\/azija-be-sienu-2\/#primaryimage\",\"url\":\"https:\/\/skaitytaknyga.lt\/wp-content\/uploads\/2024\/04\/281837067_350593947213481_8187063060868056505_n.jpg\",\"contentUrl\":\"https:\/\/skaitytaknyga.lt\/wp-content\/uploads\/2024\/04\/281837067_350593947213481_8187063060868056505_n.jpg\",\"width\":720,\"height\":960},{\"@type\":\"BreadcrumbList\",\"@id\":\"https:\/\/skaitytaknyga.lt\/produktas\/azija-be-sienu-2\/#breadcrumb\",\"itemListElement\":[{\"@type\":\"ListItem\",\"position\":1,\"name\":\"Home\",\"item\":\"https:\/\/skaitytaknyga.lt\/\"},{\"@type\":\"ListItem\",\"position\":2,\"name\":\"Parduotuv\u0117\",\"item\":\"https:\/\/skaitytaknyga.lt\/knygu-parduotuve\/\"},{\"@type\":\"ListItem\",\"position\":3,\"name\":\"Azija be sien\u0173\"}]},{\"@type\":\"WebSite\",\"@id\":\"https:\/\/skaitytaknyga.lt\/#website\",\"url\":\"https:\/\/skaitytaknyga.lt\/\",\"name\":\"skaitytaknyga.lt\",\"description\":\"Skaitytaknyga.lt \u2013 tai ma\u017eas \u0161eimos verslas, kuris prasid\u0117jo nuo meil\u0117s knygoms ir siekio i\u0161gelb\u0117ti knygas nuo likimo prie konteinerio. Kas vienam nereikalingas daiktas \u2013 kitam lobis, o mes esame tarpininkai, kurie padeda abiems tapti laimingesniems ???? \u017dinome kaip nelengva i\u0161gyventi ma\u017eiems verslams, tad nuo \u0161iol, \u010dia rasite ir kit\u0173, ma\u017e\u0173 \u0161eim\u0173 versl\u0173, rank\u0173 darbo, dovan\u0173 sau ir artimiesiems.\",\"publisher\":{\"@id\":\"https:\/\/skaitytaknyga.lt\/#organization\"},\"potentialAction\":[{\"@type\":\"SearchAction\",\"target\":{\"@type\":\"EntryPoint\",\"urlTemplate\":\"https:\/\/skaitytaknyga.lt\/?s={search_term_string}\"},\"query-input\":{\"@type\":\"PropertyValueSpecification\",\"valueRequired\":true,\"valueName\":\"search_term_string\"}}],\"inLanguage\":\"en-GB\"},{\"@type\":\"Organization\",\"@id\":\"https:\/\/skaitytaknyga.lt\/#organization\",\"name\":\"skaitytaknyga.lt\",\"url\":\"https:\/\/skaitytaknyga.lt\/\",\"logo\":{\"@type\":\"ImageObject\",\"inLanguage\":\"en-GB\",\"@id\":\"https:\/\/skaitytaknyga.lt\/#\/schema\/logo\/image\/\",\"url\":\"https:\/\/skaitytaknyga.lt\/wp-content\/uploads\/2024\/05\/cropped-cropped-cropped-02_00843_jt3bggkj1j3HLc7SyY6rEUpg.jpeg\",\"contentUrl\":\"https:\/\/skaitytaknyga.lt\/wp-content\/uploads\/2024\/05\/cropped-cropped-cropped-02_00843_jt3bggkj1j3HLc7SyY6rEUpg.jpeg\",\"width\":1600,\"height\":1600,\"caption\":\"skaitytaknyga.lt\"},\"image\":{\"@id\":\"https:\/\/skaitytaknyga.lt\/#\/schema\/logo\/image\/\"},\"sameAs\":[\"https:\/\/www.facebook.com\/skaitytaknyga\/\"]}]}<\/script>\n<!-- \/ Yoast SEO plugin. -->","yoast_head_json":{"title":"Azija be sien\u0173 - Skaitytaknyga","description":"Pasaulis yra draugi\u0161kas \u2013 su tokia mintimi \u012f kelion\u0119 po Azij\u0105 i\u0161siruo\u0161\u0117 trys bi\u010diuliai: \u017eurnalistas Paulius Ma\u010diulevi\u010dius, fotograf\u0117 Berta Tilmantait\u0117 ir psichologas Andrius Jan\u010diauskas. Keliautojai nor\u0117jo ne tik pamatyti egzoti\u0161kas \u0161alis, bet ir parodyti, kad keliauti galima kitaip: pa\u017e\u012fstant paprastus \u017emones, nugalint baimes, m\u0117gaujantis naujomis patirtimis ir nuolat ie\u0161kant savo galimybi\u0173 rib\u0173. Mar\u0161rutas veda per \u012fdomiausias Azijos valstybes, nuo Turkijos iki Malaizijos.  Per 7 m\u0117nesius trukusi\u0105 kelion\u0119 bi\u010diuliai pa\u017eino vietini\u0173 gyvenim\u0105, i\u0161band\u0117 egzoti\u0161k\u0173 valgi\u0173 ir pramog\u0173, rado nauj\u0173 draug\u0173 ir lietuvi\u0173, gyvenan\u010di\u0173 svetur. Tarp aplankyt\u0173 \u0161ali\u0173 ne tik turist\u0173 gausiai lankoma Indija bei Kinija, bet ir ma\u017eiau pa\u017einti kampeliai \u2013 Iranas, Afganistanas, Tibetas, tad \u012fsp\u016bding\u0173 nuotrauk\u0173 ir kvap\u0105 gniau\u017eian\u010di\u0173 istorij\u0173 knygoje tikrai netr\u016bksta. Nuo kopimo \u012f kalnus Nepale iki nardymo su v\u0117\u017eliais Indonezijoje... \u0160i knyga lau\u017eo stereotipus ir \u012fkvepia krautis lagaminus gyvenimo kelionei.","robots":{"index":"index","follow":"follow","max-snippet":"max-snippet:-1","max-image-preview":"max-image-preview:large","max-video-preview":"max-video-preview:-1"},"canonical":"https:\/\/skaitytaknyga.lt\/en\/produktas\/azija-be-sienu-2\/","og_locale":"en_GB","og_type":"article","og_title":"Azija be sien\u0173 - Skaitytaknyga","og_description":"Pasaulis yra draugi\u0161kas \u2013 su tokia mintimi \u012f kelion\u0119 po Azij\u0105 i\u0161siruo\u0161\u0117 trys bi\u010diuliai: \u017eurnalistas Paulius Ma\u010diulevi\u010dius, fotograf\u0117 Berta Tilmantait\u0117 ir psichologas Andrius Jan\u010diauskas. Keliautojai nor\u0117jo ne tik pamatyti egzoti\u0161kas \u0161alis, bet ir parodyti, kad keliauti galima kitaip: pa\u017e\u012fstant paprastus \u017emones, nugalint baimes, m\u0117gaujantis naujomis patirtimis ir nuolat ie\u0161kant savo galimybi\u0173 rib\u0173. Mar\u0161rutas veda per \u012fdomiausias Azijos valstybes, nuo Turkijos iki Malaizijos.  Per 7 m\u0117nesius trukusi\u0105 kelion\u0119 bi\u010diuliai pa\u017eino vietini\u0173 gyvenim\u0105, i\u0161band\u0117 egzoti\u0161k\u0173 valgi\u0173 ir pramog\u0173, rado nauj\u0173 draug\u0173 ir lietuvi\u0173, gyvenan\u010di\u0173 svetur. Tarp aplankyt\u0173 \u0161ali\u0173 ne tik turist\u0173 gausiai lankoma Indija bei Kinija, bet ir ma\u017eiau pa\u017einti kampeliai \u2013 Iranas, Afganistanas, Tibetas, tad \u012fsp\u016bding\u0173 nuotrauk\u0173 ir kvap\u0105 gniau\u017eian\u010di\u0173 istorij\u0173 knygoje tikrai netr\u016bksta. Nuo kopimo \u012f kalnus Nepale iki nardymo su v\u0117\u017eliais Indonezijoje... \u0160i knyga lau\u017eo stereotipus ir \u012fkvepia krautis lagaminus gyvenimo kelionei.","og_url":"https:\/\/skaitytaknyga.lt\/en\/produktas\/azija-be-sienu-2\/","og_site_name":"Skaitytaknyga","article_publisher":"https:\/\/www.facebook.com\/skaitytaknyga\/","article_modified_time":"2024-05-04T14:45:23+00:00","og_image":[{"width":720,"height":960,"url":"https:\/\/skaitytaknyga.lt\/wp-content\/uploads\/2024\/04\/281837067_350593947213481_8187063060868056505_n.jpg","type":"image\/jpeg"}],"twitter_card":"summary_large_image","twitter_misc":{"Estimated reading time":"1 minute"},"schema":{"@context":"https:\/\/schema.org","@graph":[{"@type":"WebPage","@id":"https:\/\/skaitytaknyga.lt\/produktas\/azija-be-sienu-2\/","url":"https:\/\/skaitytaknyga.lt\/produktas\/azija-be-sienu-2\/","name":"Azija be sien\u0173 - Skaitytaknyga","isPartOf":{"@id":"https:\/\/skaitytaknyga.lt\/#website"},"primaryImageOfPage":{"@id":"https:\/\/skaitytaknyga.lt\/produktas\/azija-be-sienu-2\/#primaryimage"},"image":{"@id":"https:\/\/skaitytaknyga.lt\/produktas\/azija-be-sienu-2\/#primaryimage"},"thumbnailUrl":"https:\/\/skaitytaknyga.lt\/wp-content\/uploads\/2024\/04\/281837067_350593947213481_8187063060868056505_n.jpg","datePublished":"2024-05-04T14:44:55+00:00","dateModified":"2024-05-04T14:45:23+00:00","description":"Pasaulis yra draugi\u0161kas \u2013 su tokia mintimi \u012f kelion\u0119 po Azij\u0105 i\u0161siruo\u0161\u0117 trys bi\u010diuliai: \u017eurnalistas Paulius Ma\u010diulevi\u010dius, fotograf\u0117 Berta Tilmantait\u0117 ir psichologas Andrius Jan\u010diauskas. Keliautojai nor\u0117jo ne tik pamatyti egzoti\u0161kas \u0161alis, bet ir parodyti, kad keliauti galima kitaip: pa\u017e\u012fstant paprastus \u017emones, nugalint baimes, m\u0117gaujantis naujomis patirtimis ir nuolat ie\u0161kant savo galimybi\u0173 rib\u0173. Mar\u0161rutas veda per \u012fdomiausias Azijos valstybes, nuo Turkijos iki Malaizijos. Per 7 m\u0117nesius trukusi\u0105 kelion\u0119 bi\u010diuliai pa\u017eino vietini\u0173 gyvenim\u0105, i\u0161band\u0117 egzoti\u0161k\u0173 valgi\u0173 ir pramog\u0173, rado nauj\u0173 draug\u0173 ir lietuvi\u0173, gyvenan\u010di\u0173 svetur. Tarp aplankyt\u0173 \u0161ali\u0173 ne tik turist\u0173 gausiai lankoma Indija bei Kinija, bet ir ma\u017eiau pa\u017einti kampeliai \u2013 Iranas, Afganistanas, Tibetas, tad \u012fsp\u016bding\u0173 nuotrauk\u0173 ir kvap\u0105 gniau\u017eian\u010di\u0173 istorij\u0173 knygoje tikrai netr\u016bksta. Nuo kopimo \u012f kalnus Nepale iki nardymo su v\u0117\u017eliais Indonezijoje... \u0160i knyga lau\u017eo stereotipus ir \u012fkvepia krautis lagaminus gyvenimo kelionei.","breadcrumb":{"@id":"https:\/\/skaitytaknyga.lt\/produktas\/azija-be-sienu-2\/#breadcrumb"},"inLanguage":"en-GB","potentialAction":[{"@type":"ReadAction","target":["https:\/\/skaitytaknyga.lt\/produktas\/azija-be-sienu-2\/"]}]},{"@type":"ImageObject","inLanguage":"en-GB","@id":"https:\/\/skaitytaknyga.lt\/produktas\/azija-be-sienu-2\/#primaryimage","url":"https:\/\/skaitytaknyga.lt\/wp-content\/uploads\/2024\/04\/281837067_350593947213481_8187063060868056505_n.jpg","contentUrl":"https:\/\/skaitytaknyga.lt\/wp-content\/uploads\/2024\/04\/281837067_350593947213481_8187063060868056505_n.jpg","width":720,"height":960},{"@type":"BreadcrumbList","@id":"https:\/\/skaitytaknyga.lt\/produktas\/azija-be-sienu-2\/#breadcrumb","itemListElement":[{"@type":"ListItem","position":1,"name":"Home","item":"https:\/\/skaitytaknyga.lt\/"},{"@type":"ListItem","position":2,"name":"Parduotuv\u0117","item":"https:\/\/skaitytaknyga.lt\/knygu-parduotuve\/"},{"@type":"ListItem","position":3,"name":"Azija be sien\u0173"}]},{"@type":"WebSite","@id":"https:\/\/skaitytaknyga.lt\/#website","url":"https:\/\/skaitytaknyga.lt\/","name":"skaitytaknyga.lt","description":"Skaitytaknyga.lt \u2013 tai ma\u017eas \u0161eimos verslas, kuris prasid\u0117jo nuo meil\u0117s knygoms ir siekio i\u0161gelb\u0117ti knygas nuo likimo prie konteinerio. Kas vienam nereikalingas daiktas \u2013 kitam lobis, o mes esame tarpininkai, kurie padeda abiems tapti laimingesniems ???? \u017dinome kaip nelengva i\u0161gyventi ma\u017eiems verslams, tad nuo \u0161iol, \u010dia rasite ir kit\u0173, ma\u017e\u0173 \u0161eim\u0173 versl\u0173, rank\u0173 darbo, dovan\u0173 sau ir artimiesiems.","publisher":{"@id":"https:\/\/skaitytaknyga.lt\/#organization"},"potentialAction":[{"@type":"SearchAction","target":{"@type":"EntryPoint","urlTemplate":"https:\/\/skaitytaknyga.lt\/?s={search_term_string}"},"query-input":{"@type":"PropertyValueSpecification","valueRequired":true,"valueName":"search_term_string"}}],"inLanguage":"en-GB"},{"@type":"Organization","@id":"https:\/\/skaitytaknyga.lt\/#organization","name":"skaitytaknyga.lt","url":"https:\/\/skaitytaknyga.lt\/","logo":{"@type":"ImageObject","inLanguage":"en-GB","@id":"https:\/\/skaitytaknyga.lt\/#\/schema\/logo\/image\/","url":"https:\/\/skaitytaknyga.lt\/wp-content\/uploads\/2024\/05\/cropped-cropped-cropped-02_00843_jt3bggkj1j3HLc7SyY6rEUpg.jpeg","contentUrl":"https:\/\/skaitytaknyga.lt\/wp-content\/uploads\/2024\/05\/cropped-cropped-cropped-02_00843_jt3bggkj1j3HLc7SyY6rEUpg.jpeg","width":1600,"height":1600,"caption":"skaitytaknyga.lt"},"image":{"@id":"https:\/\/skaitytaknyga.lt\/#\/schema\/logo\/image\/"},"sameAs":["https:\/\/www.facebook.com\/skaitytaknyga\/"]}]}},"_links":{"self":[{"href":"https:\/\/skaitytaknyga.lt\/en\/wp-json\/wp\/v2\/product\/8403","targetHints":{"allow":["GET"]}}],"collection":[{"href":"https:\/\/skaitytaknyga.lt\/en\/wp-json\/wp\/v2\/product"}],"about":[{"href":"https:\/\/skaitytaknyga.lt\/en\/wp-json\/wp\/v2\/types\/product"}],"replies":[{"embeddable":true,"href":"https:\/\/skaitytaknyga.lt\/en\/wp-json\/wp\/v2\/comments?post=8403"}],"wp:featuredmedia":[{"embeddable":true,"href":"https:\/\/skaitytaknyga.lt\/en\/wp-json\/wp\/v2\/media\/4475"}],"wp:attachment":[{"href":"https:\/\/skaitytaknyga.lt\/en\/wp-json\/wp\/v2\/media?parent=8403"}],"wp:term":[{"taxonomy":"product_brand","embeddable":true,"href":"https:\/\/skaitytaknyga.lt\/en\/wp-json\/wp\/v2\/product_brand?post=8403"},{"taxonomy":"product_cat","embeddable":true,"href":"https:\/\/skaitytaknyga.lt\/en\/wp-json\/wp\/v2\/product_cat?post=8403"},{"taxonomy":"product_tag","embeddable":true,"href":"https:\/\/skaitytaknyga.lt\/en\/wp-json\/wp\/v2\/product_tag?post=8403"}],"curies":[{"name":"wp","href":"https:\/\/api.w.org\/{rel}","templated":true}]}}