{"id":8399,"date":"2024-05-04T14:44:54","date_gmt":"2024-05-04T14:44:54","guid":{"rendered":"https:\/\/skaitytaknyga.lt\/?post_type=product&#038;p=8399"},"modified":"2024-05-04T14:45:20","modified_gmt":"2024-05-04T14:45:20","slug":"chloe-benjamin-nemirtingieji-2","status":"publish","type":"product","link":"https:\/\/skaitytaknyga.lt\/en\/produktas\/chloe-benjamin-nemirtingieji-2\/","title":{"rendered":"Chloe Benjamin \u201eNemirtingieji\u201c"},"content":{"rendered":"<div>Kaip gyventum \u017einodamas savo mirties dat\u0105?<\/div>\n<div><\/div>\n<div>1969-\u0173j\u0173 Niujorkas. \u017demutiniame Ist Saide sklando gandai apie paslapting\u0105 moter\u012f, keliaujan\u010di\u0105 ai\u0161kiareg\u0119, galin\u010di\u0105 atskleisti kiekvieno mirties dien\u0105. Gold\u0173 vaikai \u2013 keturi sav\u0119s pa\u017einimo keli\u0105 pradedantys paaugliai \u2013 paslap\u010dia nukanka pas j\u0105 su\u017einoti, k\u0105 jiems \u017eada lemtis.<\/div>\n<div><\/div>\n<div>I\u0161gird\u0119 prana\u0161ystes, kada ir kaip pasibaigs j\u0173 gyvenimai, dvi seserys ir du broliai leid\u017eiasi \u012f susitikim\u0105 su likimu. Gra\u017euolis Saimonas neria \u012f laisvos meil\u0117s s\u016bkur\u012f devintojo de\u0161imtme\u010dio San Fransiske, svajingoji Klara susipainioja tarp tikrov\u0117s ir vaizduot\u0117s Las Vegase, trok\u0161damas saugumo Danielis tampa kariuomen\u0117s gydytoju, o moksliuk\u0117 Varija ie\u0161ko kelio \u012f ilgaam\u017ei\u0161kum\u0105.<\/div>\n<div><\/div>\n<div>\u201eNemirtingieji&#8221;\u00a0\u2013 \u012fvairialypis, nepaprast\u0173 u\u017emoj\u0173 romanas, kuriuo bandoma nubr\u0117\u017eti rib\u0105 tarp lemties ir pasirinkimo, tarp tikrov\u0117s ir iliuzijos, tarp \u0161io ir ano pasaulio. Tai itin jaudinantis liudijimas apie \u017eod\u017eio gali\u0105, tik\u0117jimo esm\u0119 ir nenutraukiamus \u0161eimos saitus.<\/div>\n","protected":false},"excerpt":{"rendered":"<div>Kaip gyventum \u017einodamas savo mirties dat\u0105?<\/div>\n<div><\/div>\n<div>1969-\u0173j\u0173 Niujorkas. \u017demutiniame Ist Saide sklando gandai apie paslapting\u0105 moter\u012f, keliaujan\u010di\u0105 ai\u0161kiareg\u0119, galin\u010di\u0105 atskleisti kiekvieno mirties dien\u0105. Gold\u0173 vaikai \u2013 keturi sav\u0119s pa\u017einimo keli\u0105 pradedantys paaugliai \u2013 paslap\u010dia nukanka pas j\u0105 su\u017einoti, k\u0105 jiems \u017eada lemtis.<\/div>\n<div><\/div>\n<div>I\u0161gird\u0119 prana\u0161ystes, kada ir kaip pasibaigs j\u0173 gyvenimai, dvi seserys ir du broliai leid\u017eiasi \u012f susitikim\u0105 su likimu. Gra\u017euolis Saimonas neria \u012f laisvos meil\u0117s s\u016bkur\u012f devintojo de\u0161imtme\u010dio San Fransiske, svajingoji Klara susipainioja tarp tikrov\u0117s ir vaizduot\u0117s Las Vegase, trok\u0161damas saugumo Danielis tampa kariuomen\u0117s gydytoju, o moksliuk\u0117 Varija ie\u0161ko kelio \u012f ilgaam\u017ei\u0161kum\u0105.<\/div>\n<div><\/div>\n<div>\u201eNemirtingieji&#8221;\u00a0\u2013 \u012fvairialypis, nepaprast\u0173 u\u017emoj\u0173 romanas, kuriuo bandoma nubr\u0117\u017eti rib\u0105 tarp lemties ir pasirinkimo, tarp tikrov\u0117s ir iliuzijos, tarp \u0161io ir ano pasaulio. Tai itin jaudinantis liudijimas apie \u017eod\u017eio gali\u0105, tik\u0117jimo esm\u0119 ir nenutraukiamus \u0161eimos saitus.<\/div>\n","protected":false},"featured_media":4471,"comment_status":"closed","ping_status":"closed","template":"","meta":{"_acf_changed":false,"site-sidebar-layout":"default","site-content-layout":"","ast-site-content-layout":"default","site-content-style":"default","site-sidebar-style":"default","ast-global-header-display":"","ast-banner-title-visibility":"","ast-main-header-display":"","ast-hfb-above-header-display":"","ast-hfb-below-header-display":"","ast-hfb-mobile-header-display":"","site-post-title":"","ast-breadcrumbs-content":"","ast-featured-img":"","footer-sml-layout":"","ast-disable-related-posts":"","theme-transparent-header-meta":"","adv-header-id-meta":"","stick-header-meta":"","header-above-stick-meta":"","header-main-stick-meta":"","header-below-stick-meta":"","astra-migrate-meta-layouts":"default","ast-page-background-enabled":"default","ast-page-background-meta":{"desktop":{"background-color":"","background-image":"","background-repeat":"repeat","background-position":"center center","background-size":"auto","background-attachment":"scroll","background-type":"","background-media":"","overlay-type":"","overlay-color":"","overlay-opacity":"","overlay-gradient":""},"tablet":{"background-color":"","background-image":"","background-repeat":"repeat","background-position":"center center","background-size":"auto","background-attachment":"scroll","background-type":"","background-media":"","overlay-type":"","overlay-color":"","overlay-opacity":"","overlay-gradient":""},"mobile":{"background-color":"","background-image":"","background-repeat":"repeat","background-position":"center center","background-size":"auto","background-attachment":"scroll","background-type":"","background-media":"","overlay-type":"","overlay-color":"","overlay-opacity":"","overlay-gradient":""}},"ast-content-background-meta":{"desktop":{"background-color":"var(--ast-global-color-4)","background-image":"","background-repeat":"repeat","background-position":"center center","background-size":"auto","background-attachment":"scroll","background-type":"","background-media":"","overlay-type":"","overlay-color":"","overlay-opacity":"","overlay-gradient":""},"tablet":{"background-color":"var(--ast-global-color-4)","background-image":"","background-repeat":"repeat","background-position":"center center","background-size":"auto","background-attachment":"scroll","background-type":"","background-media":"","overlay-type":"","overlay-color":"","overlay-opacity":"","overlay-gradient":""},"mobile":{"background-color":"var(--ast-global-color-4)","background-image":"","background-repeat":"repeat","background-position":"center center","background-size":"auto","background-attachment":"scroll","background-type":"","background-media":"","overlay-type":"","overlay-color":"","overlay-opacity":"","overlay-gradient":""}}},"product_brand":[],"product_cat":[31],"product_tag":[],"class_list":{"0":"post-8399","1":"product","2":"type-product","3":"status-publish","4":"has-post-thumbnail","6":"product_cat-grozine-literatura","7":"pa_leidimo-metai-645","8":"pa_virselis-kietas","9":"desktop-align-left","10":"tablet-align-left","11":"mobile-align-left","13":"first","14":"instock","15":"shipping-taxable","16":"purchasable","17":"product-type-simple"},"acf":[],"yoast_head":"<!-- This site is optimized with the Yoast SEO plugin v27.0 - https:\/\/yoast.com\/product\/yoast-seo-wordpress\/ -->\n<title>Chloe Benjamin \u201eNemirtingieji\u201c - Skaitytaknyga<\/title>\n<meta name=\"description\" content=\"Kaip gyventum \u017einodamas savo mirties dat\u0105?  1969-\u0173j\u0173 Niujorkas. \u017demutiniame Ist Saide sklando gandai apie paslapting\u0105 moter\u012f, keliaujan\u010di\u0105 ai\u0161kiareg\u0119, galin\u010di\u0105 atskleisti kiekvieno mirties dien\u0105. Gold\u0173 vaikai \u2013 keturi sav\u0119s pa\u017einimo keli\u0105 pradedantys paaugliai \u2013 paslap\u010dia nukanka pas j\u0105 su\u017einoti, k\u0105 jiems \u017eada lemtis.  I\u0161gird\u0119 prana\u0161ystes, kada ir kaip pasibaigs j\u0173 gyvenimai, dvi seserys ir du broliai leid\u017eiasi \u012f susitikim\u0105 su likimu. Gra\u017euolis Saimonas neria \u012f laisvos meil\u0117s s\u016bkur\u012f devintojo de\u0161imtme\u010dio San Fransiske, svajingoji Klara susipainioja tarp tikrov\u0117s ir vaizduot\u0117s Las Vegase, trok\u0161damas saugumo Danielis tampa kariuomen\u0117s gydytoju, o moksliuk\u0117 Varija ie\u0161ko kelio \u012f ilgaam\u017ei\u0161kum\u0105.  \u201eNemirtingieji&quot;\u00a0\u2013 \u012fvairialypis, nepaprast\u0173 u\u017emoj\u0173 romanas, kuriuo bandoma nubr\u0117\u017eti rib\u0105 tarp lemties ir pasirinkimo, tarp tikrov\u0117s ir iliuzijos, tarp \u0161io ir ano pasaulio. Tai itin jaudinantis liudijimas apie \u017eod\u017eio gali\u0105, tik\u0117jimo esm\u0119 ir nenutraukiamus \u0161eimos saitus.\" \/>\n<meta name=\"robots\" content=\"index, follow, max-snippet:-1, max-image-preview:large, max-video-preview:-1\" \/>\n<link rel=\"canonical\" href=\"https:\/\/skaitytaknyga.lt\/en\/produktas\/chloe-benjamin-nemirtingieji-2\/\" \/>\n<meta property=\"og:locale\" content=\"en_GB\" \/>\n<meta property=\"og:locale:alternate\" content=\"lt_LT\" \/>\n<meta property=\"og:type\" content=\"article\" \/>\n<meta property=\"og:title\" content=\"Chloe Benjamin \u201eNemirtingieji\u201c - Skaitytaknyga\" \/>\n<meta property=\"og:description\" content=\"Kaip gyventum \u017einodamas savo mirties dat\u0105?  1969-\u0173j\u0173 Niujorkas. \u017demutiniame Ist Saide sklando gandai apie paslapting\u0105 moter\u012f, keliaujan\u010di\u0105 ai\u0161kiareg\u0119, galin\u010di\u0105 atskleisti kiekvieno mirties dien\u0105. Gold\u0173 vaikai \u2013 keturi sav\u0119s pa\u017einimo keli\u0105 pradedantys paaugliai \u2013 paslap\u010dia nukanka pas j\u0105 su\u017einoti, k\u0105 jiems \u017eada lemtis.  I\u0161gird\u0119 prana\u0161ystes, kada ir kaip pasibaigs j\u0173 gyvenimai, dvi seserys ir du broliai leid\u017eiasi \u012f susitikim\u0105 su likimu. Gra\u017euolis Saimonas neria \u012f laisvos meil\u0117s s\u016bkur\u012f devintojo de\u0161imtme\u010dio San Fransiske, svajingoji Klara susipainioja tarp tikrov\u0117s ir vaizduot\u0117s Las Vegase, trok\u0161damas saugumo Danielis tampa kariuomen\u0117s gydytoju, o moksliuk\u0117 Varija ie\u0161ko kelio \u012f ilgaam\u017ei\u0161kum\u0105.  \u201eNemirtingieji&quot;\u00a0\u2013 \u012fvairialypis, nepaprast\u0173 u\u017emoj\u0173 romanas, kuriuo bandoma nubr\u0117\u017eti rib\u0105 tarp lemties ir pasirinkimo, tarp tikrov\u0117s ir iliuzijos, tarp \u0161io ir ano pasaulio. Tai itin jaudinantis liudijimas apie \u017eod\u017eio gali\u0105, tik\u0117jimo esm\u0119 ir nenutraukiamus \u0161eimos saitus.\" \/>\n<meta property=\"og:url\" content=\"https:\/\/skaitytaknyga.lt\/en\/produktas\/chloe-benjamin-nemirtingieji-2\/\" \/>\n<meta property=\"og:site_name\" content=\"Skaitytaknyga\" \/>\n<meta property=\"article:publisher\" content=\"https:\/\/www.facebook.com\/skaitytaknyga\/\" \/>\n<meta property=\"article:modified_time\" content=\"2024-05-04T14:45:20+00:00\" \/>\n<meta property=\"og:image\" content=\"https:\/\/skaitytaknyga.lt\/wp-content\/uploads\/2024\/04\/000000000002179725-5c6a6e3b81eae-asset-knyguklubas-9786098233049_nemirtingieji.png\" \/>\n\t<meta property=\"og:image:width\" content=\"467\" \/>\n\t<meta property=\"og:image:height\" content=\"700\" \/>\n\t<meta property=\"og:image:type\" content=\"image\/png\" \/>\n<meta name=\"twitter:card\" content=\"summary_large_image\" \/>\n<meta name=\"twitter:label1\" content=\"Estimated reading time\" \/>\n\t<meta name=\"twitter:data1\" content=\"1 minute\" \/>\n<script type=\"application\/ld+json\" class=\"yoast-schema-graph\">{\"@context\":\"https:\/\/schema.org\",\"@graph\":[{\"@type\":\"WebPage\",\"@id\":\"https:\/\/skaitytaknyga.lt\/produktas\/chloe-benjamin-nemirtingieji-2\/\",\"url\":\"https:\/\/skaitytaknyga.lt\/produktas\/chloe-benjamin-nemirtingieji-2\/\",\"name\":\"Chloe Benjamin \u201eNemirtingieji\u201c - Skaitytaknyga\",\"isPartOf\":{\"@id\":\"https:\/\/skaitytaknyga.lt\/#website\"},\"primaryImageOfPage\":{\"@id\":\"https:\/\/skaitytaknyga.lt\/produktas\/chloe-benjamin-nemirtingieji-2\/#primaryimage\"},\"image\":{\"@id\":\"https:\/\/skaitytaknyga.lt\/produktas\/chloe-benjamin-nemirtingieji-2\/#primaryimage\"},\"thumbnailUrl\":\"https:\/\/skaitytaknyga.lt\/wp-content\/uploads\/2024\/04\/000000000002179725-5c6a6e3b81eae-asset-knyguklubas-9786098233049_nemirtingieji.png\",\"datePublished\":\"2024-05-04T14:44:54+00:00\",\"dateModified\":\"2024-05-04T14:45:20+00:00\",\"description\":\"Kaip gyventum \u017einodamas savo mirties dat\u0105? 1969-\u0173j\u0173 Niujorkas. \u017demutiniame Ist Saide sklando gandai apie paslapting\u0105 moter\u012f, keliaujan\u010di\u0105 ai\u0161kiareg\u0119, galin\u010di\u0105 atskleisti kiekvieno mirties dien\u0105. Gold\u0173 vaikai \u2013 keturi sav\u0119s pa\u017einimo keli\u0105 pradedantys paaugliai \u2013 paslap\u010dia nukanka pas j\u0105 su\u017einoti, k\u0105 jiems \u017eada lemtis. I\u0161gird\u0119 prana\u0161ystes, kada ir kaip pasibaigs j\u0173 gyvenimai, dvi seserys ir du broliai leid\u017eiasi \u012f susitikim\u0105 su likimu. Gra\u017euolis Saimonas neria \u012f laisvos meil\u0117s s\u016bkur\u012f devintojo de\u0161imtme\u010dio San Fransiske, svajingoji Klara susipainioja tarp tikrov\u0117s ir vaizduot\u0117s Las Vegase, trok\u0161damas saugumo Danielis tampa kariuomen\u0117s gydytoju, o moksliuk\u0117 Varija ie\u0161ko kelio \u012f ilgaam\u017ei\u0161kum\u0105. \u201eNemirtingieji\\\"\u00a0\u2013 \u012fvairialypis, nepaprast\u0173 u\u017emoj\u0173 romanas, kuriuo bandoma nubr\u0117\u017eti rib\u0105 tarp lemties ir pasirinkimo, tarp tikrov\u0117s ir iliuzijos, tarp \u0161io ir ano pasaulio. Tai itin jaudinantis liudijimas apie \u017eod\u017eio gali\u0105, tik\u0117jimo esm\u0119 ir nenutraukiamus \u0161eimos saitus.\",\"breadcrumb\":{\"@id\":\"https:\/\/skaitytaknyga.lt\/produktas\/chloe-benjamin-nemirtingieji-2\/#breadcrumb\"},\"inLanguage\":\"en-GB\",\"potentialAction\":[{\"@type\":\"ReadAction\",\"target\":[\"https:\/\/skaitytaknyga.lt\/produktas\/chloe-benjamin-nemirtingieji-2\/\"]}]},{\"@type\":\"ImageObject\",\"inLanguage\":\"en-GB\",\"@id\":\"https:\/\/skaitytaknyga.lt\/produktas\/chloe-benjamin-nemirtingieji-2\/#primaryimage\",\"url\":\"https:\/\/skaitytaknyga.lt\/wp-content\/uploads\/2024\/04\/000000000002179725-5c6a6e3b81eae-asset-knyguklubas-9786098233049_nemirtingieji.png\",\"contentUrl\":\"https:\/\/skaitytaknyga.lt\/wp-content\/uploads\/2024\/04\/000000000002179725-5c6a6e3b81eae-asset-knyguklubas-9786098233049_nemirtingieji.png\",\"width\":467,\"height\":700},{\"@type\":\"BreadcrumbList\",\"@id\":\"https:\/\/skaitytaknyga.lt\/produktas\/chloe-benjamin-nemirtingieji-2\/#breadcrumb\",\"itemListElement\":[{\"@type\":\"ListItem\",\"position\":1,\"name\":\"Home\",\"item\":\"https:\/\/skaitytaknyga.lt\/\"},{\"@type\":\"ListItem\",\"position\":2,\"name\":\"Parduotuv\u0117\",\"item\":\"https:\/\/skaitytaknyga.lt\/knygu-parduotuve\/\"},{\"@type\":\"ListItem\",\"position\":3,\"name\":\"Chloe Benjamin \u201eNemirtingieji\u201c\"}]},{\"@type\":\"WebSite\",\"@id\":\"https:\/\/skaitytaknyga.lt\/#website\",\"url\":\"https:\/\/skaitytaknyga.lt\/\",\"name\":\"skaitytaknyga.lt\",\"description\":\"Skaitytaknyga.lt \u2013 tai ma\u017eas \u0161eimos verslas, kuris prasid\u0117jo nuo meil\u0117s knygoms ir siekio i\u0161gelb\u0117ti knygas nuo likimo prie konteinerio. Kas vienam nereikalingas daiktas \u2013 kitam lobis, o mes esame tarpininkai, kurie padeda abiems tapti laimingesniems ???? \u017dinome kaip nelengva i\u0161gyventi ma\u017eiems verslams, tad nuo \u0161iol, \u010dia rasite ir kit\u0173, ma\u017e\u0173 \u0161eim\u0173 versl\u0173, rank\u0173 darbo, dovan\u0173 sau ir artimiesiems.\",\"publisher\":{\"@id\":\"https:\/\/skaitytaknyga.lt\/#organization\"},\"potentialAction\":[{\"@type\":\"SearchAction\",\"target\":{\"@type\":\"EntryPoint\",\"urlTemplate\":\"https:\/\/skaitytaknyga.lt\/?s={search_term_string}\"},\"query-input\":{\"@type\":\"PropertyValueSpecification\",\"valueRequired\":true,\"valueName\":\"search_term_string\"}}],\"inLanguage\":\"en-GB\"},{\"@type\":\"Organization\",\"@id\":\"https:\/\/skaitytaknyga.lt\/#organization\",\"name\":\"skaitytaknyga.lt\",\"url\":\"https:\/\/skaitytaknyga.lt\/\",\"logo\":{\"@type\":\"ImageObject\",\"inLanguage\":\"en-GB\",\"@id\":\"https:\/\/skaitytaknyga.lt\/#\/schema\/logo\/image\/\",\"url\":\"https:\/\/skaitytaknyga.lt\/wp-content\/uploads\/2024\/05\/cropped-cropped-cropped-02_00843_jt3bggkj1j3HLc7SyY6rEUpg.jpeg\",\"contentUrl\":\"https:\/\/skaitytaknyga.lt\/wp-content\/uploads\/2024\/05\/cropped-cropped-cropped-02_00843_jt3bggkj1j3HLc7SyY6rEUpg.jpeg\",\"width\":1600,\"height\":1600,\"caption\":\"skaitytaknyga.lt\"},\"image\":{\"@id\":\"https:\/\/skaitytaknyga.lt\/#\/schema\/logo\/image\/\"},\"sameAs\":[\"https:\/\/www.facebook.com\/skaitytaknyga\/\"]}]}<\/script>\n<!-- \/ Yoast SEO plugin. -->","yoast_head_json":{"title":"Chloe Benjamin \u201eNemirtingieji\u201c - Skaitytaknyga","description":"Kaip gyventum \u017einodamas savo mirties dat\u0105?  1969-\u0173j\u0173 Niujorkas. \u017demutiniame Ist Saide sklando gandai apie paslapting\u0105 moter\u012f, keliaujan\u010di\u0105 ai\u0161kiareg\u0119, galin\u010di\u0105 atskleisti kiekvieno mirties dien\u0105. Gold\u0173 vaikai \u2013 keturi sav\u0119s pa\u017einimo keli\u0105 pradedantys paaugliai \u2013 paslap\u010dia nukanka pas j\u0105 su\u017einoti, k\u0105 jiems \u017eada lemtis.  I\u0161gird\u0119 prana\u0161ystes, kada ir kaip pasibaigs j\u0173 gyvenimai, dvi seserys ir du broliai leid\u017eiasi \u012f susitikim\u0105 su likimu. Gra\u017euolis Saimonas neria \u012f laisvos meil\u0117s s\u016bkur\u012f devintojo de\u0161imtme\u010dio San Fransiske, svajingoji Klara susipainioja tarp tikrov\u0117s ir vaizduot\u0117s Las Vegase, trok\u0161damas saugumo Danielis tampa kariuomen\u0117s gydytoju, o moksliuk\u0117 Varija ie\u0161ko kelio \u012f ilgaam\u017ei\u0161kum\u0105.  \u201eNemirtingieji\"\u00a0\u2013 \u012fvairialypis, nepaprast\u0173 u\u017emoj\u0173 romanas, kuriuo bandoma nubr\u0117\u017eti rib\u0105 tarp lemties ir pasirinkimo, tarp tikrov\u0117s ir iliuzijos, tarp \u0161io ir ano pasaulio. Tai itin jaudinantis liudijimas apie \u017eod\u017eio gali\u0105, tik\u0117jimo esm\u0119 ir nenutraukiamus \u0161eimos saitus.","robots":{"index":"index","follow":"follow","max-snippet":"max-snippet:-1","max-image-preview":"max-image-preview:large","max-video-preview":"max-video-preview:-1"},"canonical":"https:\/\/skaitytaknyga.lt\/en\/produktas\/chloe-benjamin-nemirtingieji-2\/","og_locale":"en_GB","og_type":"article","og_title":"Chloe Benjamin \u201eNemirtingieji\u201c - Skaitytaknyga","og_description":"Kaip gyventum \u017einodamas savo mirties dat\u0105?  1969-\u0173j\u0173 Niujorkas. \u017demutiniame Ist Saide sklando gandai apie paslapting\u0105 moter\u012f, keliaujan\u010di\u0105 ai\u0161kiareg\u0119, galin\u010di\u0105 atskleisti kiekvieno mirties dien\u0105. Gold\u0173 vaikai \u2013 keturi sav\u0119s pa\u017einimo keli\u0105 pradedantys paaugliai \u2013 paslap\u010dia nukanka pas j\u0105 su\u017einoti, k\u0105 jiems \u017eada lemtis.  I\u0161gird\u0119 prana\u0161ystes, kada ir kaip pasibaigs j\u0173 gyvenimai, dvi seserys ir du broliai leid\u017eiasi \u012f susitikim\u0105 su likimu. Gra\u017euolis Saimonas neria \u012f laisvos meil\u0117s s\u016bkur\u012f devintojo de\u0161imtme\u010dio San Fransiske, svajingoji Klara susipainioja tarp tikrov\u0117s ir vaizduot\u0117s Las Vegase, trok\u0161damas saugumo Danielis tampa kariuomen\u0117s gydytoju, o moksliuk\u0117 Varija ie\u0161ko kelio \u012f ilgaam\u017ei\u0161kum\u0105.  \u201eNemirtingieji\"\u00a0\u2013 \u012fvairialypis, nepaprast\u0173 u\u017emoj\u0173 romanas, kuriuo bandoma nubr\u0117\u017eti rib\u0105 tarp lemties ir pasirinkimo, tarp tikrov\u0117s ir iliuzijos, tarp \u0161io ir ano pasaulio. Tai itin jaudinantis liudijimas apie \u017eod\u017eio gali\u0105, tik\u0117jimo esm\u0119 ir nenutraukiamus \u0161eimos saitus.","og_url":"https:\/\/skaitytaknyga.lt\/en\/produktas\/chloe-benjamin-nemirtingieji-2\/","og_site_name":"Skaitytaknyga","article_publisher":"https:\/\/www.facebook.com\/skaitytaknyga\/","article_modified_time":"2024-05-04T14:45:20+00:00","og_image":[{"width":467,"height":700,"url":"https:\/\/skaitytaknyga.lt\/wp-content\/uploads\/2024\/04\/000000000002179725-5c6a6e3b81eae-asset-knyguklubas-9786098233049_nemirtingieji.png","type":"image\/png"}],"twitter_card":"summary_large_image","twitter_misc":{"Estimated reading time":"1 minute"},"schema":{"@context":"https:\/\/schema.org","@graph":[{"@type":"WebPage","@id":"https:\/\/skaitytaknyga.lt\/produktas\/chloe-benjamin-nemirtingieji-2\/","url":"https:\/\/skaitytaknyga.lt\/produktas\/chloe-benjamin-nemirtingieji-2\/","name":"Chloe Benjamin \u201eNemirtingieji\u201c - Skaitytaknyga","isPartOf":{"@id":"https:\/\/skaitytaknyga.lt\/#website"},"primaryImageOfPage":{"@id":"https:\/\/skaitytaknyga.lt\/produktas\/chloe-benjamin-nemirtingieji-2\/#primaryimage"},"image":{"@id":"https:\/\/skaitytaknyga.lt\/produktas\/chloe-benjamin-nemirtingieji-2\/#primaryimage"},"thumbnailUrl":"https:\/\/skaitytaknyga.lt\/wp-content\/uploads\/2024\/04\/000000000002179725-5c6a6e3b81eae-asset-knyguklubas-9786098233049_nemirtingieji.png","datePublished":"2024-05-04T14:44:54+00:00","dateModified":"2024-05-04T14:45:20+00:00","description":"Kaip gyventum \u017einodamas savo mirties dat\u0105? 1969-\u0173j\u0173 Niujorkas. \u017demutiniame Ist Saide sklando gandai apie paslapting\u0105 moter\u012f, keliaujan\u010di\u0105 ai\u0161kiareg\u0119, galin\u010di\u0105 atskleisti kiekvieno mirties dien\u0105. Gold\u0173 vaikai \u2013 keturi sav\u0119s pa\u017einimo keli\u0105 pradedantys paaugliai \u2013 paslap\u010dia nukanka pas j\u0105 su\u017einoti, k\u0105 jiems \u017eada lemtis. I\u0161gird\u0119 prana\u0161ystes, kada ir kaip pasibaigs j\u0173 gyvenimai, dvi seserys ir du broliai leid\u017eiasi \u012f susitikim\u0105 su likimu. Gra\u017euolis Saimonas neria \u012f laisvos meil\u0117s s\u016bkur\u012f devintojo de\u0161imtme\u010dio San Fransiske, svajingoji Klara susipainioja tarp tikrov\u0117s ir vaizduot\u0117s Las Vegase, trok\u0161damas saugumo Danielis tampa kariuomen\u0117s gydytoju, o moksliuk\u0117 Varija ie\u0161ko kelio \u012f ilgaam\u017ei\u0161kum\u0105. \u201eNemirtingieji\"\u00a0\u2013 \u012fvairialypis, nepaprast\u0173 u\u017emoj\u0173 romanas, kuriuo bandoma nubr\u0117\u017eti rib\u0105 tarp lemties ir pasirinkimo, tarp tikrov\u0117s ir iliuzijos, tarp \u0161io ir ano pasaulio. Tai itin jaudinantis liudijimas apie \u017eod\u017eio gali\u0105, tik\u0117jimo esm\u0119 ir nenutraukiamus \u0161eimos saitus.","breadcrumb":{"@id":"https:\/\/skaitytaknyga.lt\/produktas\/chloe-benjamin-nemirtingieji-2\/#breadcrumb"},"inLanguage":"en-GB","potentialAction":[{"@type":"ReadAction","target":["https:\/\/skaitytaknyga.lt\/produktas\/chloe-benjamin-nemirtingieji-2\/"]}]},{"@type":"ImageObject","inLanguage":"en-GB","@id":"https:\/\/skaitytaknyga.lt\/produktas\/chloe-benjamin-nemirtingieji-2\/#primaryimage","url":"https:\/\/skaitytaknyga.lt\/wp-content\/uploads\/2024\/04\/000000000002179725-5c6a6e3b81eae-asset-knyguklubas-9786098233049_nemirtingieji.png","contentUrl":"https:\/\/skaitytaknyga.lt\/wp-content\/uploads\/2024\/04\/000000000002179725-5c6a6e3b81eae-asset-knyguklubas-9786098233049_nemirtingieji.png","width":467,"height":700},{"@type":"BreadcrumbList","@id":"https:\/\/skaitytaknyga.lt\/produktas\/chloe-benjamin-nemirtingieji-2\/#breadcrumb","itemListElement":[{"@type":"ListItem","position":1,"name":"Home","item":"https:\/\/skaitytaknyga.lt\/"},{"@type":"ListItem","position":2,"name":"Parduotuv\u0117","item":"https:\/\/skaitytaknyga.lt\/knygu-parduotuve\/"},{"@type":"ListItem","position":3,"name":"Chloe Benjamin \u201eNemirtingieji\u201c"}]},{"@type":"WebSite","@id":"https:\/\/skaitytaknyga.lt\/#website","url":"https:\/\/skaitytaknyga.lt\/","name":"skaitytaknyga.lt","description":"Skaitytaknyga.lt \u2013 tai ma\u017eas \u0161eimos verslas, kuris prasid\u0117jo nuo meil\u0117s knygoms ir siekio i\u0161gelb\u0117ti knygas nuo likimo prie konteinerio. Kas vienam nereikalingas daiktas \u2013 kitam lobis, o mes esame tarpininkai, kurie padeda abiems tapti laimingesniems ???? \u017dinome kaip nelengva i\u0161gyventi ma\u017eiems verslams, tad nuo \u0161iol, \u010dia rasite ir kit\u0173, ma\u017e\u0173 \u0161eim\u0173 versl\u0173, rank\u0173 darbo, dovan\u0173 sau ir artimiesiems.","publisher":{"@id":"https:\/\/skaitytaknyga.lt\/#organization"},"potentialAction":[{"@type":"SearchAction","target":{"@type":"EntryPoint","urlTemplate":"https:\/\/skaitytaknyga.lt\/?s={search_term_string}"},"query-input":{"@type":"PropertyValueSpecification","valueRequired":true,"valueName":"search_term_string"}}],"inLanguage":"en-GB"},{"@type":"Organization","@id":"https:\/\/skaitytaknyga.lt\/#organization","name":"skaitytaknyga.lt","url":"https:\/\/skaitytaknyga.lt\/","logo":{"@type":"ImageObject","inLanguage":"en-GB","@id":"https:\/\/skaitytaknyga.lt\/#\/schema\/logo\/image\/","url":"https:\/\/skaitytaknyga.lt\/wp-content\/uploads\/2024\/05\/cropped-cropped-cropped-02_00843_jt3bggkj1j3HLc7SyY6rEUpg.jpeg","contentUrl":"https:\/\/skaitytaknyga.lt\/wp-content\/uploads\/2024\/05\/cropped-cropped-cropped-02_00843_jt3bggkj1j3HLc7SyY6rEUpg.jpeg","width":1600,"height":1600,"caption":"skaitytaknyga.lt"},"image":{"@id":"https:\/\/skaitytaknyga.lt\/#\/schema\/logo\/image\/"},"sameAs":["https:\/\/www.facebook.com\/skaitytaknyga\/"]}]}},"_links":{"self":[{"href":"https:\/\/skaitytaknyga.lt\/en\/wp-json\/wp\/v2\/product\/8399","targetHints":{"allow":["GET"]}}],"collection":[{"href":"https:\/\/skaitytaknyga.lt\/en\/wp-json\/wp\/v2\/product"}],"about":[{"href":"https:\/\/skaitytaknyga.lt\/en\/wp-json\/wp\/v2\/types\/product"}],"replies":[{"embeddable":true,"href":"https:\/\/skaitytaknyga.lt\/en\/wp-json\/wp\/v2\/comments?post=8399"}],"wp:featuredmedia":[{"embeddable":true,"href":"https:\/\/skaitytaknyga.lt\/en\/wp-json\/wp\/v2\/media\/4471"}],"wp:attachment":[{"href":"https:\/\/skaitytaknyga.lt\/en\/wp-json\/wp\/v2\/media?parent=8399"}],"wp:term":[{"taxonomy":"product_brand","embeddable":true,"href":"https:\/\/skaitytaknyga.lt\/en\/wp-json\/wp\/v2\/product_brand?post=8399"},{"taxonomy":"product_cat","embeddable":true,"href":"https:\/\/skaitytaknyga.lt\/en\/wp-json\/wp\/v2\/product_cat?post=8399"},{"taxonomy":"product_tag","embeddable":true,"href":"https:\/\/skaitytaknyga.lt\/en\/wp-json\/wp\/v2\/product_tag?post=8399"}],"curies":[{"name":"wp","href":"https:\/\/api.w.org\/{rel}","templated":true}]}}