{"id":8387,"date":"2024-05-04T14:44:54","date_gmt":"2024-05-04T14:44:54","guid":{"rendered":"https:\/\/skaitytaknyga.lt\/?post_type=product&#038;p=8387"},"modified":"2024-05-04T14:45:07","modified_gmt":"2024-05-04T14:45:07","slug":"klaipedos-universitetas-lietuvai-juru-valstybei-2","status":"publish","type":"product","link":"https:\/\/skaitytaknyga.lt\/en\/produktas\/klaipedos-universitetas-lietuvai-juru-valstybei-2\/","title":{"rendered":"Klaip\u0117dos universitetas Lietuvai &#8211; j\u016br\u0173 valstybei"},"content":{"rendered":"<p>Fotoalbumas su paai\u0161kinamaisiais tekstais lietuvi\u0173 ir angl\u0173 kalba atspindi Klaip\u0117dos universiteto svarb\u0105, dinami\u0161k\u0105 augim\u0105 bei modern\u0117jim\u0105, \u012fvairov\u0119 ir didel\u012f potencial\u0105 atei\u010diai.<br \/>\nFotoalbume akcentuojamas d\u0117mesys Klaip\u0117dos universiteto reik\u0161mei Lietuvos j\u016br\u0173 valstybei ir uostamies\u010diui, jo kult\u016bringumui, lietuvi\u0161kumui bei inteligenti\u0161kumui. Atspindimas Universiteto savitumas, ry\u0161iai su miestu ir Pasauliu, perspektyvos. Parodomas Universiteto centrini\u0173 r\u016bm\u0173 restauravimas, ver\u010diant kareivines \u012f mokslo \u0161ventov\u0119, primenant, kad tai unikalus ir sektinas pavyzdys visoms \u0161alims.<\/p>\n","protected":false},"excerpt":{"rendered":"<p>Fotoalbumas su paai\u0161kinamaisiais tekstais lietuvi\u0173 ir angl\u0173 kalba atspindi Klaip\u0117dos universiteto svarb\u0105, dinami\u0161k\u0105 augim\u0105 bei modern\u0117jim\u0105, \u012fvairov\u0119 ir didel\u012f potencial\u0105 atei\u010diai.<br \/>\nFotoalbume akcentuojamas d\u0117mesys Klaip\u0117dos universiteto reik\u0161mei Lietuvos j\u016br\u0173 valstybei ir uostamies\u010diui, jo kult\u016bringumui, lietuvi\u0161kumui bei inteligenti\u0161kumui. Atspindimas Universiteto savitumas, ry\u0161iai su miestu ir Pasauliu, perspektyvos. Parodomas Universiteto centrini\u0173 r\u016bm\u0173 restauravimas, ver\u010diant kareivines \u012f mokslo \u0161ventov\u0119, primenant, kad tai unikalus ir sektinas pavyzdys visoms \u0161alims.<\/p>\n","protected":false},"featured_media":4439,"comment_status":"closed","ping_status":"closed","template":"","meta":{"_acf_changed":false,"site-sidebar-layout":"default","site-content-layout":"","ast-site-content-layout":"default","site-content-style":"default","site-sidebar-style":"default","ast-global-header-display":"","ast-banner-title-visibility":"","ast-main-header-display":"","ast-hfb-above-header-display":"","ast-hfb-below-header-display":"","ast-hfb-mobile-header-display":"","site-post-title":"","ast-breadcrumbs-content":"","ast-featured-img":"","footer-sml-layout":"","ast-disable-related-posts":"","theme-transparent-header-meta":"","adv-header-id-meta":"","stick-header-meta":"","header-above-stick-meta":"","header-main-stick-meta":"","header-below-stick-meta":"","astra-migrate-meta-layouts":"default","ast-page-background-enabled":"default","ast-page-background-meta":{"desktop":{"background-color":"","background-image":"","background-repeat":"repeat","background-position":"center center","background-size":"auto","background-attachment":"scroll","background-type":"","background-media":"","overlay-type":"","overlay-color":"","overlay-opacity":"","overlay-gradient":""},"tablet":{"background-color":"","background-image":"","background-repeat":"repeat","background-position":"center center","background-size":"auto","background-attachment":"scroll","background-type":"","background-media":"","overlay-type":"","overlay-color":"","overlay-opacity":"","overlay-gradient":""},"mobile":{"background-color":"","background-image":"","background-repeat":"repeat","background-position":"center center","background-size":"auto","background-attachment":"scroll","background-type":"","background-media":"","overlay-type":"","overlay-color":"","overlay-opacity":"","overlay-gradient":""}},"ast-content-background-meta":{"desktop":{"background-color":"var(--ast-global-color-4)","background-image":"","background-repeat":"repeat","background-position":"center center","background-size":"auto","background-attachment":"scroll","background-type":"","background-media":"","overlay-type":"","overlay-color":"","overlay-opacity":"","overlay-gradient":""},"tablet":{"background-color":"var(--ast-global-color-4)","background-image":"","background-repeat":"repeat","background-position":"center center","background-size":"auto","background-attachment":"scroll","background-type":"","background-media":"","overlay-type":"","overlay-color":"","overlay-opacity":"","overlay-gradient":""},"mobile":{"background-color":"var(--ast-global-color-4)","background-image":"","background-repeat":"repeat","background-position":"center center","background-size":"auto","background-attachment":"scroll","background-type":"","background-media":"","overlay-type":"","overlay-color":"","overlay-opacity":"","overlay-gradient":""}}},"product_brand":[],"product_cat":[57],"product_tag":[],"class_list":{"0":"post-8387","1":"product","2":"type-product","3":"status-publish","4":"has-post-thumbnail","6":"product_cat-menas-ir-albumai","7":"pa_leidimo-metai-93","8":"pa_virselis-kietas","9":"desktop-align-left","10":"tablet-align-left","11":"mobile-align-left","13":"first","14":"instock","15":"shipping-taxable","16":"purchasable","17":"product-type-simple"},"acf":[],"yoast_head":"<!-- This site is optimized with the Yoast SEO plugin v27.0 - https:\/\/yoast.com\/product\/yoast-seo-wordpress\/ -->\n<title>Klaip\u0117dos universitetas Lietuvai - j\u016br\u0173 valstybei - Skaitytaknyga<\/title>\n<meta name=\"description\" content=\"Fotoalbumas su paai\u0161kinamaisiais tekstais lietuvi\u0173 ir angl\u0173 kalba atspindi Klaip\u0117dos universiteto svarb\u0105, dinami\u0161k\u0105 augim\u0105 bei modern\u0117jim\u0105, \u012fvairov\u0119 ir didel\u012f potencial\u0105 atei\u010diai. Fotoalbume akcentuojamas d\u0117mesys Klaip\u0117dos universiteto reik\u0161mei Lietuvos j\u016br\u0173 valstybei ir uostamies\u010diui, jo kult\u016bringumui, lietuvi\u0161kumui bei inteligenti\u0161kumui. Atspindimas Universiteto savitumas, ry\u0161iai su miestu ir Pasauliu, perspektyvos. Parodomas Universiteto centrini\u0173 r\u016bm\u0173 restauravimas, ver\u010diant kareivines \u012f mokslo \u0161ventov\u0119, primenant, kad tai unikalus ir sektinas pavyzdys visoms \u0161alims.\" \/>\n<meta name=\"robots\" content=\"index, follow, max-snippet:-1, max-image-preview:large, max-video-preview:-1\" \/>\n<link rel=\"canonical\" href=\"https:\/\/skaitytaknyga.lt\/en\/produktas\/klaipedos-universitetas-lietuvai-juru-valstybei-2\/\" \/>\n<meta property=\"og:locale\" content=\"en_GB\" \/>\n<meta property=\"og:locale:alternate\" content=\"lt_LT\" \/>\n<meta property=\"og:type\" content=\"article\" \/>\n<meta property=\"og:title\" content=\"Klaip\u0117dos universitetas Lietuvai - j\u016br\u0173 valstybei - Skaitytaknyga\" \/>\n<meta property=\"og:description\" content=\"Fotoalbumas su paai\u0161kinamaisiais tekstais lietuvi\u0173 ir angl\u0173 kalba atspindi Klaip\u0117dos universiteto svarb\u0105, dinami\u0161k\u0105 augim\u0105 bei modern\u0117jim\u0105, \u012fvairov\u0119 ir didel\u012f potencial\u0105 atei\u010diai. Fotoalbume akcentuojamas d\u0117mesys Klaip\u0117dos universiteto reik\u0161mei Lietuvos j\u016br\u0173 valstybei ir uostamies\u010diui, jo kult\u016bringumui, lietuvi\u0161kumui bei inteligenti\u0161kumui. Atspindimas Universiteto savitumas, ry\u0161iai su miestu ir Pasauliu, perspektyvos. Parodomas Universiteto centrini\u0173 r\u016bm\u0173 restauravimas, ver\u010diant kareivines \u012f mokslo \u0161ventov\u0119, primenant, kad tai unikalus ir sektinas pavyzdys visoms \u0161alims.\" \/>\n<meta property=\"og:url\" content=\"https:\/\/skaitytaknyga.lt\/en\/produktas\/klaipedos-universitetas-lietuvai-juru-valstybei-2\/\" \/>\n<meta property=\"og:site_name\" content=\"Skaitytaknyga\" \/>\n<meta property=\"article:publisher\" content=\"https:\/\/www.facebook.com\/skaitytaknyga\/\" \/>\n<meta property=\"article:modified_time\" content=\"2024-05-04T14:45:07+00:00\" \/>\n<meta property=\"og:image\" content=\"https:\/\/skaitytaknyga.lt\/wp-content\/uploads\/2024\/04\/lietuvai_juru_valstybei.jpg\" \/>\n\t<meta property=\"og:image:width\" content=\"340\" \/>\n\t<meta property=\"og:image:height\" content=\"450\" \/>\n\t<meta property=\"og:image:type\" content=\"image\/jpeg\" \/>\n<meta name=\"twitter:card\" content=\"summary_large_image\" \/>\n<script type=\"application\/ld+json\" class=\"yoast-schema-graph\">{\"@context\":\"https:\/\/schema.org\",\"@graph\":[{\"@type\":\"WebPage\",\"@id\":\"https:\/\/skaitytaknyga.lt\/produktas\/klaipedos-universitetas-lietuvai-juru-valstybei-2\/\",\"url\":\"https:\/\/skaitytaknyga.lt\/produktas\/klaipedos-universitetas-lietuvai-juru-valstybei-2\/\",\"name\":\"Klaip\u0117dos universitetas Lietuvai - j\u016br\u0173 valstybei - Skaitytaknyga\",\"isPartOf\":{\"@id\":\"https:\/\/skaitytaknyga.lt\/#website\"},\"primaryImageOfPage\":{\"@id\":\"https:\/\/skaitytaknyga.lt\/produktas\/klaipedos-universitetas-lietuvai-juru-valstybei-2\/#primaryimage\"},\"image\":{\"@id\":\"https:\/\/skaitytaknyga.lt\/produktas\/klaipedos-universitetas-lietuvai-juru-valstybei-2\/#primaryimage\"},\"thumbnailUrl\":\"https:\/\/skaitytaknyga.lt\/wp-content\/uploads\/2024\/04\/lietuvai_juru_valstybei.jpg\",\"datePublished\":\"2024-05-04T14:44:54+00:00\",\"dateModified\":\"2024-05-04T14:45:07+00:00\",\"description\":\"Fotoalbumas su paai\u0161kinamaisiais tekstais lietuvi\u0173 ir angl\u0173 kalba atspindi Klaip\u0117dos universiteto svarb\u0105, dinami\u0161k\u0105 augim\u0105 bei modern\u0117jim\u0105, \u012fvairov\u0119 ir didel\u012f potencial\u0105 atei\u010diai. Fotoalbume akcentuojamas d\u0117mesys Klaip\u0117dos universiteto reik\u0161mei Lietuvos j\u016br\u0173 valstybei ir uostamies\u010diui, jo kult\u016bringumui, lietuvi\u0161kumui bei inteligenti\u0161kumui. Atspindimas Universiteto savitumas, ry\u0161iai su miestu ir Pasauliu, perspektyvos. Parodomas Universiteto centrini\u0173 r\u016bm\u0173 restauravimas, ver\u010diant kareivines \u012f mokslo \u0161ventov\u0119, primenant, kad tai unikalus ir sektinas pavyzdys visoms \u0161alims.\",\"breadcrumb\":{\"@id\":\"https:\/\/skaitytaknyga.lt\/produktas\/klaipedos-universitetas-lietuvai-juru-valstybei-2\/#breadcrumb\"},\"inLanguage\":\"en-GB\",\"potentialAction\":[{\"@type\":\"ReadAction\",\"target\":[\"https:\/\/skaitytaknyga.lt\/produktas\/klaipedos-universitetas-lietuvai-juru-valstybei-2\/\"]}]},{\"@type\":\"ImageObject\",\"inLanguage\":\"en-GB\",\"@id\":\"https:\/\/skaitytaknyga.lt\/produktas\/klaipedos-universitetas-lietuvai-juru-valstybei-2\/#primaryimage\",\"url\":\"https:\/\/skaitytaknyga.lt\/wp-content\/uploads\/2024\/04\/lietuvai_juru_valstybei.jpg\",\"contentUrl\":\"https:\/\/skaitytaknyga.lt\/wp-content\/uploads\/2024\/04\/lietuvai_juru_valstybei.jpg\",\"width\":340,\"height\":450},{\"@type\":\"BreadcrumbList\",\"@id\":\"https:\/\/skaitytaknyga.lt\/produktas\/klaipedos-universitetas-lietuvai-juru-valstybei-2\/#breadcrumb\",\"itemListElement\":[{\"@type\":\"ListItem\",\"position\":1,\"name\":\"Home\",\"item\":\"https:\/\/skaitytaknyga.lt\/\"},{\"@type\":\"ListItem\",\"position\":2,\"name\":\"Parduotuv\u0117\",\"item\":\"https:\/\/skaitytaknyga.lt\/knygu-parduotuve\/\"},{\"@type\":\"ListItem\",\"position\":3,\"name\":\"Klaip\u0117dos universitetas Lietuvai &#8211; j\u016br\u0173 valstybei\"}]},{\"@type\":\"WebSite\",\"@id\":\"https:\/\/skaitytaknyga.lt\/#website\",\"url\":\"https:\/\/skaitytaknyga.lt\/\",\"name\":\"skaitytaknyga.lt\",\"description\":\"Skaitytaknyga.lt \u2013 tai ma\u017eas \u0161eimos verslas, kuris prasid\u0117jo nuo meil\u0117s knygoms ir siekio i\u0161gelb\u0117ti knygas nuo likimo prie konteinerio. Kas vienam nereikalingas daiktas \u2013 kitam lobis, o mes esame tarpininkai, kurie padeda abiems tapti laimingesniems ???? \u017dinome kaip nelengva i\u0161gyventi ma\u017eiems verslams, tad nuo \u0161iol, \u010dia rasite ir kit\u0173, ma\u017e\u0173 \u0161eim\u0173 versl\u0173, rank\u0173 darbo, dovan\u0173 sau ir artimiesiems.\",\"publisher\":{\"@id\":\"https:\/\/skaitytaknyga.lt\/#organization\"},\"potentialAction\":[{\"@type\":\"SearchAction\",\"target\":{\"@type\":\"EntryPoint\",\"urlTemplate\":\"https:\/\/skaitytaknyga.lt\/?s={search_term_string}\"},\"query-input\":{\"@type\":\"PropertyValueSpecification\",\"valueRequired\":true,\"valueName\":\"search_term_string\"}}],\"inLanguage\":\"en-GB\"},{\"@type\":\"Organization\",\"@id\":\"https:\/\/skaitytaknyga.lt\/#organization\",\"name\":\"skaitytaknyga.lt\",\"url\":\"https:\/\/skaitytaknyga.lt\/\",\"logo\":{\"@type\":\"ImageObject\",\"inLanguage\":\"en-GB\",\"@id\":\"https:\/\/skaitytaknyga.lt\/#\/schema\/logo\/image\/\",\"url\":\"https:\/\/skaitytaknyga.lt\/wp-content\/uploads\/2024\/05\/cropped-cropped-cropped-02_00843_jt3bggkj1j3HLc7SyY6rEUpg.jpeg\",\"contentUrl\":\"https:\/\/skaitytaknyga.lt\/wp-content\/uploads\/2024\/05\/cropped-cropped-cropped-02_00843_jt3bggkj1j3HLc7SyY6rEUpg.jpeg\",\"width\":1600,\"height\":1600,\"caption\":\"skaitytaknyga.lt\"},\"image\":{\"@id\":\"https:\/\/skaitytaknyga.lt\/#\/schema\/logo\/image\/\"},\"sameAs\":[\"https:\/\/www.facebook.com\/skaitytaknyga\/\"]}]}<\/script>\n<!-- \/ Yoast SEO plugin. -->","yoast_head_json":{"title":"Klaip\u0117dos universitetas Lietuvai - j\u016br\u0173 valstybei - Skaitytaknyga","description":"Fotoalbumas su paai\u0161kinamaisiais tekstais lietuvi\u0173 ir angl\u0173 kalba atspindi Klaip\u0117dos universiteto svarb\u0105, dinami\u0161k\u0105 augim\u0105 bei modern\u0117jim\u0105, \u012fvairov\u0119 ir didel\u012f potencial\u0105 atei\u010diai. Fotoalbume akcentuojamas d\u0117mesys Klaip\u0117dos universiteto reik\u0161mei Lietuvos j\u016br\u0173 valstybei ir uostamies\u010diui, jo kult\u016bringumui, lietuvi\u0161kumui bei inteligenti\u0161kumui. Atspindimas Universiteto savitumas, ry\u0161iai su miestu ir Pasauliu, perspektyvos. Parodomas Universiteto centrini\u0173 r\u016bm\u0173 restauravimas, ver\u010diant kareivines \u012f mokslo \u0161ventov\u0119, primenant, kad tai unikalus ir sektinas pavyzdys visoms \u0161alims.","robots":{"index":"index","follow":"follow","max-snippet":"max-snippet:-1","max-image-preview":"max-image-preview:large","max-video-preview":"max-video-preview:-1"},"canonical":"https:\/\/skaitytaknyga.lt\/en\/produktas\/klaipedos-universitetas-lietuvai-juru-valstybei-2\/","og_locale":"en_GB","og_type":"article","og_title":"Klaip\u0117dos universitetas Lietuvai - j\u016br\u0173 valstybei - Skaitytaknyga","og_description":"Fotoalbumas su paai\u0161kinamaisiais tekstais lietuvi\u0173 ir angl\u0173 kalba atspindi Klaip\u0117dos universiteto svarb\u0105, dinami\u0161k\u0105 augim\u0105 bei modern\u0117jim\u0105, \u012fvairov\u0119 ir didel\u012f potencial\u0105 atei\u010diai. Fotoalbume akcentuojamas d\u0117mesys Klaip\u0117dos universiteto reik\u0161mei Lietuvos j\u016br\u0173 valstybei ir uostamies\u010diui, jo kult\u016bringumui, lietuvi\u0161kumui bei inteligenti\u0161kumui. Atspindimas Universiteto savitumas, ry\u0161iai su miestu ir Pasauliu, perspektyvos. Parodomas Universiteto centrini\u0173 r\u016bm\u0173 restauravimas, ver\u010diant kareivines \u012f mokslo \u0161ventov\u0119, primenant, kad tai unikalus ir sektinas pavyzdys visoms \u0161alims.","og_url":"https:\/\/skaitytaknyga.lt\/en\/produktas\/klaipedos-universitetas-lietuvai-juru-valstybei-2\/","og_site_name":"Skaitytaknyga","article_publisher":"https:\/\/www.facebook.com\/skaitytaknyga\/","article_modified_time":"2024-05-04T14:45:07+00:00","og_image":[{"width":340,"height":450,"url":"https:\/\/skaitytaknyga.lt\/wp-content\/uploads\/2024\/04\/lietuvai_juru_valstybei.jpg","type":"image\/jpeg"}],"twitter_card":"summary_large_image","schema":{"@context":"https:\/\/schema.org","@graph":[{"@type":"WebPage","@id":"https:\/\/skaitytaknyga.lt\/produktas\/klaipedos-universitetas-lietuvai-juru-valstybei-2\/","url":"https:\/\/skaitytaknyga.lt\/produktas\/klaipedos-universitetas-lietuvai-juru-valstybei-2\/","name":"Klaip\u0117dos universitetas Lietuvai - j\u016br\u0173 valstybei - Skaitytaknyga","isPartOf":{"@id":"https:\/\/skaitytaknyga.lt\/#website"},"primaryImageOfPage":{"@id":"https:\/\/skaitytaknyga.lt\/produktas\/klaipedos-universitetas-lietuvai-juru-valstybei-2\/#primaryimage"},"image":{"@id":"https:\/\/skaitytaknyga.lt\/produktas\/klaipedos-universitetas-lietuvai-juru-valstybei-2\/#primaryimage"},"thumbnailUrl":"https:\/\/skaitytaknyga.lt\/wp-content\/uploads\/2024\/04\/lietuvai_juru_valstybei.jpg","datePublished":"2024-05-04T14:44:54+00:00","dateModified":"2024-05-04T14:45:07+00:00","description":"Fotoalbumas su paai\u0161kinamaisiais tekstais lietuvi\u0173 ir angl\u0173 kalba atspindi Klaip\u0117dos universiteto svarb\u0105, dinami\u0161k\u0105 augim\u0105 bei modern\u0117jim\u0105, \u012fvairov\u0119 ir didel\u012f potencial\u0105 atei\u010diai. Fotoalbume akcentuojamas d\u0117mesys Klaip\u0117dos universiteto reik\u0161mei Lietuvos j\u016br\u0173 valstybei ir uostamies\u010diui, jo kult\u016bringumui, lietuvi\u0161kumui bei inteligenti\u0161kumui. Atspindimas Universiteto savitumas, ry\u0161iai su miestu ir Pasauliu, perspektyvos. Parodomas Universiteto centrini\u0173 r\u016bm\u0173 restauravimas, ver\u010diant kareivines \u012f mokslo \u0161ventov\u0119, primenant, kad tai unikalus ir sektinas pavyzdys visoms \u0161alims.","breadcrumb":{"@id":"https:\/\/skaitytaknyga.lt\/produktas\/klaipedos-universitetas-lietuvai-juru-valstybei-2\/#breadcrumb"},"inLanguage":"en-GB","potentialAction":[{"@type":"ReadAction","target":["https:\/\/skaitytaknyga.lt\/produktas\/klaipedos-universitetas-lietuvai-juru-valstybei-2\/"]}]},{"@type":"ImageObject","inLanguage":"en-GB","@id":"https:\/\/skaitytaknyga.lt\/produktas\/klaipedos-universitetas-lietuvai-juru-valstybei-2\/#primaryimage","url":"https:\/\/skaitytaknyga.lt\/wp-content\/uploads\/2024\/04\/lietuvai_juru_valstybei.jpg","contentUrl":"https:\/\/skaitytaknyga.lt\/wp-content\/uploads\/2024\/04\/lietuvai_juru_valstybei.jpg","width":340,"height":450},{"@type":"BreadcrumbList","@id":"https:\/\/skaitytaknyga.lt\/produktas\/klaipedos-universitetas-lietuvai-juru-valstybei-2\/#breadcrumb","itemListElement":[{"@type":"ListItem","position":1,"name":"Home","item":"https:\/\/skaitytaknyga.lt\/"},{"@type":"ListItem","position":2,"name":"Parduotuv\u0117","item":"https:\/\/skaitytaknyga.lt\/knygu-parduotuve\/"},{"@type":"ListItem","position":3,"name":"Klaip\u0117dos universitetas Lietuvai &#8211; j\u016br\u0173 valstybei"}]},{"@type":"WebSite","@id":"https:\/\/skaitytaknyga.lt\/#website","url":"https:\/\/skaitytaknyga.lt\/","name":"skaitytaknyga.lt","description":"Skaitytaknyga.lt \u2013 tai ma\u017eas \u0161eimos verslas, kuris prasid\u0117jo nuo meil\u0117s knygoms ir siekio i\u0161gelb\u0117ti knygas nuo likimo prie konteinerio. Kas vienam nereikalingas daiktas \u2013 kitam lobis, o mes esame tarpininkai, kurie padeda abiems tapti laimingesniems ???? \u017dinome kaip nelengva i\u0161gyventi ma\u017eiems verslams, tad nuo \u0161iol, \u010dia rasite ir kit\u0173, ma\u017e\u0173 \u0161eim\u0173 versl\u0173, rank\u0173 darbo, dovan\u0173 sau ir artimiesiems.","publisher":{"@id":"https:\/\/skaitytaknyga.lt\/#organization"},"potentialAction":[{"@type":"SearchAction","target":{"@type":"EntryPoint","urlTemplate":"https:\/\/skaitytaknyga.lt\/?s={search_term_string}"},"query-input":{"@type":"PropertyValueSpecification","valueRequired":true,"valueName":"search_term_string"}}],"inLanguage":"en-GB"},{"@type":"Organization","@id":"https:\/\/skaitytaknyga.lt\/#organization","name":"skaitytaknyga.lt","url":"https:\/\/skaitytaknyga.lt\/","logo":{"@type":"ImageObject","inLanguage":"en-GB","@id":"https:\/\/skaitytaknyga.lt\/#\/schema\/logo\/image\/","url":"https:\/\/skaitytaknyga.lt\/wp-content\/uploads\/2024\/05\/cropped-cropped-cropped-02_00843_jt3bggkj1j3HLc7SyY6rEUpg.jpeg","contentUrl":"https:\/\/skaitytaknyga.lt\/wp-content\/uploads\/2024\/05\/cropped-cropped-cropped-02_00843_jt3bggkj1j3HLc7SyY6rEUpg.jpeg","width":1600,"height":1600,"caption":"skaitytaknyga.lt"},"image":{"@id":"https:\/\/skaitytaknyga.lt\/#\/schema\/logo\/image\/"},"sameAs":["https:\/\/www.facebook.com\/skaitytaknyga\/"]}]}},"_links":{"self":[{"href":"https:\/\/skaitytaknyga.lt\/en\/wp-json\/wp\/v2\/product\/8387","targetHints":{"allow":["GET"]}}],"collection":[{"href":"https:\/\/skaitytaknyga.lt\/en\/wp-json\/wp\/v2\/product"}],"about":[{"href":"https:\/\/skaitytaknyga.lt\/en\/wp-json\/wp\/v2\/types\/product"}],"replies":[{"embeddable":true,"href":"https:\/\/skaitytaknyga.lt\/en\/wp-json\/wp\/v2\/comments?post=8387"}],"wp:featuredmedia":[{"embeddable":true,"href":"https:\/\/skaitytaknyga.lt\/en\/wp-json\/wp\/v2\/media\/4439"}],"wp:attachment":[{"href":"https:\/\/skaitytaknyga.lt\/en\/wp-json\/wp\/v2\/media?parent=8387"}],"wp:term":[{"taxonomy":"product_brand","embeddable":true,"href":"https:\/\/skaitytaknyga.lt\/en\/wp-json\/wp\/v2\/product_brand?post=8387"},{"taxonomy":"product_cat","embeddable":true,"href":"https:\/\/skaitytaknyga.lt\/en\/wp-json\/wp\/v2\/product_cat?post=8387"},{"taxonomy":"product_tag","embeddable":true,"href":"https:\/\/skaitytaknyga.lt\/en\/wp-json\/wp\/v2\/product_tag?post=8387"}],"curies":[{"name":"wp","href":"https:\/\/api.w.org\/{rel}","templated":true}]}}