{"id":8381,"date":"2024-05-04T14:44:53","date_gmt":"2024-05-04T14:44:53","guid":{"rendered":"https:\/\/skaitytaknyga.lt\/?post_type=product&#038;p=8381"},"modified":"2024-05-04T14:45:01","modified_gmt":"2024-05-04T14:45:01","slug":"petras-tarasenka-uzburti-lobiai-2","status":"publish","type":"product","link":"https:\/\/skaitytaknyga.lt\/en\/produktas\/petras-tarasenka-uzburti-lobiai-2\/","title":{"rendered":"Petras Tarasenka \u201eU\u017eburti lobiai\u201c"},"content":{"rendered":"<p><strong>Petro Tarasenkos<\/strong>\u00a0(1892-1962), archeologo ir ra\u0161ytojo, knygoje kaip gyva prie\u0161 skaitytoj\u0173 akis i\u0161kyla Auk\u0161taitijos miestelio Antakalnio ir Lietuvos istorija, padavimai, legendos, sakm\u0117s, XX a. pr. gyvenimas. Pagaulus, nuotykingas siu\u017eetas pasakoja apie dviej\u0173 berniuk\u0173 &#8211; Petro ir Vlado &#8211; u\u017eburt\u0173 lobi\u0173 paie\u0161kas.<\/p>\n<p>\u201eU\u017eburt\u0173 lobi\u0173\u201c siu\u017eetas labai paprastas: du ma\u017eo miestelio Antakalnio vaikai, Petras ir Vladas, prisiklaus\u0119 senelio Ylos pasakojim\u0173 apie u\u017eburtus lobius, bando juos surasti. Ie\u0161ko j\u0173 piliakalnyje, ie\u0161ko po Valiulio akmeniu, Avin\u0117lio e\u017eere, o galiausiai \u012flenda \u012f sugriuvusi\u0173 Senadvario r\u016bm\u0173 po\u017eemius, kuriuose aptik\u0119 pinigus pasiklysta, ta\u010diau protingo o\u017eio padedami sugr\u012f\u017eta namo.<br \/>\nNuotykiai su lobiais &#8211; tai tik viena knygos dalis.<\/p>\n<p>Su kiekvienu nuotykiu atsiver\u010dia vis naujas turtingos kra\u0161to praeities puslapis, liaudies fantazija ir i\u0161mintimi i\u0161ra\u0161ytas gausiose sakm\u0117se ir padavimuose, kuriuos herojams paprastai pasakoja senelis Yla. Ir vis\u0105 \u0161\u012f pasaul\u012f gaubia ypatinga autoriaus atsiminim\u0173 \u0161viesa.<\/p>\n","protected":false},"excerpt":{"rendered":"<p><strong>Petro Tarasenkos<\/strong>\u00a0(1892-1962), archeologo ir ra\u0161ytojo, knygoje kaip gyva prie\u0161 skaitytoj\u0173 akis i\u0161kyla Auk\u0161taitijos miestelio Antakalnio ir Lietuvos istorija, padavimai, legendos, sakm\u0117s, XX a. pr. gyvenimas. Pagaulus, nuotykingas siu\u017eetas pasakoja apie dviej\u0173 berniuk\u0173 &#8211; Petro ir Vlado &#8211; u\u017eburt\u0173 lobi\u0173 paie\u0161kas.<\/p>\n<p>\u201eU\u017eburt\u0173 lobi\u0173\u201c siu\u017eetas labai paprastas: du ma\u017eo miestelio Antakalnio vaikai, Petras ir Vladas, prisiklaus\u0119 senelio Ylos pasakojim\u0173 apie u\u017eburtus lobius, bando juos surasti. Ie\u0161ko j\u0173 piliakalnyje, ie\u0161ko po Valiulio akmeniu, Avin\u0117lio e\u017eere, o galiausiai \u012flenda \u012f sugriuvusi\u0173 Senadvario r\u016bm\u0173 po\u017eemius, kuriuose aptik\u0119 pinigus pasiklysta, ta\u010diau protingo o\u017eio padedami sugr\u012f\u017eta namo.<br \/>\nNuotykiai su lobiais &#8211; tai tik viena knygos dalis.<\/p>\n<p>Su kiekvienu nuotykiu atsiver\u010dia vis naujas turtingos kra\u0161to praeities puslapis, liaudies fantazija ir i\u0161mintimi i\u0161ra\u0161ytas gausiose sakm\u0117se ir padavimuose, kuriuos herojams paprastai pasakoja senelis Yla. Ir vis\u0105 \u0161\u012f pasaul\u012f gaubia ypatinga autoriaus atsiminim\u0173 \u0161viesa.<\/p>\n","protected":false},"featured_media":4433,"comment_status":"closed","ping_status":"closed","template":"","meta":{"_acf_changed":false,"site-sidebar-layout":"default","site-content-layout":"","ast-site-content-layout":"default","site-content-style":"default","site-sidebar-style":"default","ast-global-header-display":"","ast-banner-title-visibility":"","ast-main-header-display":"","ast-hfb-above-header-display":"","ast-hfb-below-header-display":"","ast-hfb-mobile-header-display":"","site-post-title":"","ast-breadcrumbs-content":"","ast-featured-img":"","footer-sml-layout":"","ast-disable-related-posts":"","theme-transparent-header-meta":"","adv-header-id-meta":"","stick-header-meta":"","header-above-stick-meta":"","header-main-stick-meta":"","header-below-stick-meta":"","astra-migrate-meta-layouts":"default","ast-page-background-enabled":"default","ast-page-background-meta":{"desktop":{"background-color":"","background-image":"","background-repeat":"repeat","background-position":"center center","background-size":"auto","background-attachment":"scroll","background-type":"","background-media":"","overlay-type":"","overlay-color":"","overlay-opacity":"","overlay-gradient":""},"tablet":{"background-color":"","background-image":"","background-repeat":"repeat","background-position":"center center","background-size":"auto","background-attachment":"scroll","background-type":"","background-media":"","overlay-type":"","overlay-color":"","overlay-opacity":"","overlay-gradient":""},"mobile":{"background-color":"","background-image":"","background-repeat":"repeat","background-position":"center center","background-size":"auto","background-attachment":"scroll","background-type":"","background-media":"","overlay-type":"","overlay-color":"","overlay-opacity":"","overlay-gradient":""}},"ast-content-background-meta":{"desktop":{"background-color":"var(--ast-global-color-4)","background-image":"","background-repeat":"repeat","background-position":"center center","background-size":"auto","background-attachment":"scroll","background-type":"","background-media":"","overlay-type":"","overlay-color":"","overlay-opacity":"","overlay-gradient":""},"tablet":{"background-color":"var(--ast-global-color-4)","background-image":"","background-repeat":"repeat","background-position":"center center","background-size":"auto","background-attachment":"scroll","background-type":"","background-media":"","overlay-type":"","overlay-color":"","overlay-opacity":"","overlay-gradient":""},"mobile":{"background-color":"var(--ast-global-color-4)","background-image":"","background-repeat":"repeat","background-position":"center center","background-size":"auto","background-attachment":"scroll","background-type":"","background-media":"","overlay-type":"","overlay-color":"","overlay-opacity":"","overlay-gradient":""}}},"product_brand":[],"product_cat":[31,331],"product_tag":[],"class_list":{"0":"post-8381","1":"product","2":"type-product","3":"status-publish","4":"has-post-thumbnail","6":"product_cat-grozine-literatura","7":"product_cat-programine-literatura","8":"pa_leidimo-metai-684","9":"pa_virselis-kietas","10":"desktop-align-left","11":"tablet-align-left","12":"mobile-align-left","14":"first","15":"outofstock","16":"shipping-taxable","17":"purchasable","18":"product-type-simple"},"acf":[],"yoast_head":"<!-- This site is optimized with the Yoast SEO plugin v27.4 - https:\/\/yoast.com\/product\/yoast-seo-wordpress\/ -->\n<title>Petras Tarasenka \u201eU\u017eburti lobiai\u201c - Skaitytaknyga<\/title>\n<meta name=\"description\" content=\"Petro Tarasenkos\u00a0(1892-1962), archeologo ir ra\u0161ytojo, knygoje kaip gyva prie\u0161 skaitytoj\u0173 akis i\u0161kyla Auk\u0161taitijos miestelio Antakalnio ir Lietuvos istorija, padavimai, legendos, sakm\u0117s, XX a. pr. gyvenimas. Pagaulus, nuotykingas siu\u017eetas pasakoja apie dviej\u0173 berniuk\u0173 - Petro ir Vlado - u\u017eburt\u0173 lobi\u0173 paie\u0161kas.  \u201eU\u017eburt\u0173 lobi\u0173\u201c siu\u017eetas labai paprastas: du ma\u017eo miestelio Antakalnio vaikai, Petras ir Vladas, prisiklaus\u0119 senelio Ylos pasakojim\u0173 apie u\u017eburtus lobius, bando juos surasti. Ie\u0161ko j\u0173 piliakalnyje, ie\u0161ko po Valiulio akmeniu, Avin\u0117lio e\u017eere, o galiausiai \u012flenda \u012f sugriuvusi\u0173 Senadvario r\u016bm\u0173 po\u017eemius, kuriuose aptik\u0119 pinigus pasiklysta, ta\u010diau protingo o\u017eio padedami sugr\u012f\u017eta namo. Nuotykiai su lobiais - tai tik viena knygos dalis.  Su kiekvienu nuotykiu atsiver\u010dia vis naujas turtingos kra\u0161to praeities puslapis, liaudies fantazija ir i\u0161mintimi i\u0161ra\u0161ytas gausiose sakm\u0117se ir padavimuose, kuriuos herojams paprastai pasakoja senelis Yla. Ir vis\u0105 \u0161\u012f pasaul\u012f gaubia ypatinga autoriaus atsiminim\u0173 \u0161viesa.\" \/>\n<meta name=\"robots\" content=\"index, follow, max-snippet:-1, max-image-preview:large, max-video-preview:-1\" \/>\n<link rel=\"canonical\" href=\"https:\/\/skaitytaknyga.lt\/en\/produktas\/petras-tarasenka-uzburti-lobiai-2\/\" \/>\n<meta property=\"og:locale\" content=\"en_GB\" \/>\n<meta property=\"og:locale:alternate\" content=\"lt_LT\" \/>\n<meta property=\"og:type\" content=\"article\" \/>\n<meta property=\"og:title\" content=\"Petras Tarasenka \u201eU\u017eburti lobiai\u201c - Skaitytaknyga\" \/>\n<meta property=\"og:description\" content=\"Petro Tarasenkos\u00a0(1892-1962), archeologo ir ra\u0161ytojo, knygoje kaip gyva prie\u0161 skaitytoj\u0173 akis i\u0161kyla Auk\u0161taitijos miestelio Antakalnio ir Lietuvos istorija, padavimai, legendos, sakm\u0117s, XX a. pr. gyvenimas. Pagaulus, nuotykingas siu\u017eetas pasakoja apie dviej\u0173 berniuk\u0173 - Petro ir Vlado - u\u017eburt\u0173 lobi\u0173 paie\u0161kas.  \u201eU\u017eburt\u0173 lobi\u0173\u201c siu\u017eetas labai paprastas: du ma\u017eo miestelio Antakalnio vaikai, Petras ir Vladas, prisiklaus\u0119 senelio Ylos pasakojim\u0173 apie u\u017eburtus lobius, bando juos surasti. Ie\u0161ko j\u0173 piliakalnyje, ie\u0161ko po Valiulio akmeniu, Avin\u0117lio e\u017eere, o galiausiai \u012flenda \u012f sugriuvusi\u0173 Senadvario r\u016bm\u0173 po\u017eemius, kuriuose aptik\u0119 pinigus pasiklysta, ta\u010diau protingo o\u017eio padedami sugr\u012f\u017eta namo. Nuotykiai su lobiais - tai tik viena knygos dalis.  Su kiekvienu nuotykiu atsiver\u010dia vis naujas turtingos kra\u0161to praeities puslapis, liaudies fantazija ir i\u0161mintimi i\u0161ra\u0161ytas gausiose sakm\u0117se ir padavimuose, kuriuos herojams paprastai pasakoja senelis Yla. Ir vis\u0105 \u0161\u012f pasaul\u012f gaubia ypatinga autoriaus atsiminim\u0173 \u0161viesa.\" \/>\n<meta property=\"og:url\" content=\"https:\/\/skaitytaknyga.lt\/en\/produktas\/petras-tarasenka-uzburti-lobiai-2\/\" \/>\n<meta property=\"og:site_name\" content=\"Skaitytaknyga\" \/>\n<meta property=\"article:publisher\" content=\"https:\/\/www.facebook.com\/skaitytaknyga\/\" \/>\n<meta property=\"article:modified_time\" content=\"2024-05-04T14:45:01+00:00\" \/>\n<meta property=\"og:image\" content=\"https:\/\/skaitytaknyga.lt\/wp-content\/uploads\/2024\/04\/1462886195_img0010-001.jpg\" \/>\n\t<meta property=\"og:image:width\" content=\"320\" \/>\n\t<meta property=\"og:image:height\" content=\"423\" \/>\n\t<meta property=\"og:image:type\" content=\"image\/jpeg\" \/>\n<meta name=\"twitter:card\" content=\"summary_large_image\" \/>\n<meta name=\"twitter:label1\" content=\"Estimated reading time\" \/>\n\t<meta name=\"twitter:data1\" content=\"1 minute\" \/>\n<script type=\"application\/ld+json\" class=\"yoast-schema-graph\">{\"@context\":\"https:\\\/\\\/schema.org\",\"@graph\":[{\"@type\":\"WebPage\",\"@id\":\"https:\\\/\\\/skaitytaknyga.lt\\\/produktas\\\/petras-tarasenka-uzburti-lobiai-2\\\/\",\"url\":\"https:\\\/\\\/skaitytaknyga.lt\\\/produktas\\\/petras-tarasenka-uzburti-lobiai-2\\\/\",\"name\":\"Petras Tarasenka \u201eU\u017eburti lobiai\u201c - Skaitytaknyga\",\"isPartOf\":{\"@id\":\"https:\\\/\\\/skaitytaknyga.lt\\\/#website\"},\"primaryImageOfPage\":{\"@id\":\"https:\\\/\\\/skaitytaknyga.lt\\\/produktas\\\/petras-tarasenka-uzburti-lobiai-2\\\/#primaryimage\"},\"image\":{\"@id\":\"https:\\\/\\\/skaitytaknyga.lt\\\/produktas\\\/petras-tarasenka-uzburti-lobiai-2\\\/#primaryimage\"},\"thumbnailUrl\":\"https:\\\/\\\/skaitytaknyga.lt\\\/wp-content\\\/uploads\\\/2024\\\/04\\\/1462886195_img0010-001.jpg\",\"datePublished\":\"2024-05-04T14:44:53+00:00\",\"dateModified\":\"2024-05-04T14:45:01+00:00\",\"description\":\"Petro Tarasenkos\u00a0(1892-1962), archeologo ir ra\u0161ytojo, knygoje kaip gyva prie\u0161 skaitytoj\u0173 akis i\u0161kyla Auk\u0161taitijos miestelio Antakalnio ir Lietuvos istorija, padavimai, legendos, sakm\u0117s, XX a. pr. gyvenimas. Pagaulus, nuotykingas siu\u017eetas pasakoja apie dviej\u0173 berniuk\u0173 - Petro ir Vlado - u\u017eburt\u0173 lobi\u0173 paie\u0161kas. \u201eU\u017eburt\u0173 lobi\u0173\u201c siu\u017eetas labai paprastas: du ma\u017eo miestelio Antakalnio vaikai, Petras ir Vladas, prisiklaus\u0119 senelio Ylos pasakojim\u0173 apie u\u017eburtus lobius, bando juos surasti. Ie\u0161ko j\u0173 piliakalnyje, ie\u0161ko po Valiulio akmeniu, Avin\u0117lio e\u017eere, o galiausiai \u012flenda \u012f sugriuvusi\u0173 Senadvario r\u016bm\u0173 po\u017eemius, kuriuose aptik\u0119 pinigus pasiklysta, ta\u010diau protingo o\u017eio padedami sugr\u012f\u017eta namo. Nuotykiai su lobiais - tai tik viena knygos dalis. Su kiekvienu nuotykiu atsiver\u010dia vis naujas turtingos kra\u0161to praeities puslapis, liaudies fantazija ir i\u0161mintimi i\u0161ra\u0161ytas gausiose sakm\u0117se ir padavimuose, kuriuos herojams paprastai pasakoja senelis Yla. Ir vis\u0105 \u0161\u012f pasaul\u012f gaubia ypatinga autoriaus atsiminim\u0173 \u0161viesa.\",\"breadcrumb\":{\"@id\":\"https:\\\/\\\/skaitytaknyga.lt\\\/produktas\\\/petras-tarasenka-uzburti-lobiai-2\\\/#breadcrumb\"},\"inLanguage\":\"en-GB\",\"potentialAction\":[{\"@type\":\"ReadAction\",\"target\":[\"https:\\\/\\\/skaitytaknyga.lt\\\/produktas\\\/petras-tarasenka-uzburti-lobiai-2\\\/\"]}]},{\"@type\":\"ImageObject\",\"inLanguage\":\"en-GB\",\"@id\":\"https:\\\/\\\/skaitytaknyga.lt\\\/produktas\\\/petras-tarasenka-uzburti-lobiai-2\\\/#primaryimage\",\"url\":\"https:\\\/\\\/skaitytaknyga.lt\\\/wp-content\\\/uploads\\\/2024\\\/04\\\/1462886195_img0010-001.jpg\",\"contentUrl\":\"https:\\\/\\\/skaitytaknyga.lt\\\/wp-content\\\/uploads\\\/2024\\\/04\\\/1462886195_img0010-001.jpg\",\"width\":320,\"height\":423},{\"@type\":\"BreadcrumbList\",\"@id\":\"https:\\\/\\\/skaitytaknyga.lt\\\/produktas\\\/petras-tarasenka-uzburti-lobiai-2\\\/#breadcrumb\",\"itemListElement\":[{\"@type\":\"ListItem\",\"position\":1,\"name\":\"Home\",\"item\":\"https:\\\/\\\/skaitytaknyga.lt\\\/\"},{\"@type\":\"ListItem\",\"position\":2,\"name\":\"Parduotuv\u0117\",\"item\":\"https:\\\/\\\/skaitytaknyga.lt\\\/knygu-parduotuve\\\/\"},{\"@type\":\"ListItem\",\"position\":3,\"name\":\"Petras Tarasenka \u201eU\u017eburti lobiai\u201c\"}]},{\"@type\":\"WebSite\",\"@id\":\"https:\\\/\\\/skaitytaknyga.lt\\\/#website\",\"url\":\"https:\\\/\\\/skaitytaknyga.lt\\\/\",\"name\":\"skaitytaknyga.lt\",\"description\":\"Skaitytaknyga.lt \u2013 tai ma\u017eas \u0161eimos verslas, kuris prasid\u0117jo nuo meil\u0117s knygoms ir siekio i\u0161gelb\u0117ti knygas nuo likimo prie konteinerio. Kas vienam nereikalingas daiktas \u2013 kitam lobis, o mes esame tarpininkai, kurie padeda abiems tapti laimingesniems ???? \u017dinome kaip nelengva i\u0161gyventi ma\u017eiems verslams, tad nuo \u0161iol, \u010dia rasite ir kit\u0173, ma\u017e\u0173 \u0161eim\u0173 versl\u0173, rank\u0173 darbo, dovan\u0173 sau ir artimiesiems.\",\"publisher\":{\"@id\":\"https:\\\/\\\/skaitytaknyga.lt\\\/#organization\"},\"potentialAction\":[{\"@type\":\"SearchAction\",\"target\":{\"@type\":\"EntryPoint\",\"urlTemplate\":\"https:\\\/\\\/skaitytaknyga.lt\\\/?s={search_term_string}\"},\"query-input\":{\"@type\":\"PropertyValueSpecification\",\"valueRequired\":true,\"valueName\":\"search_term_string\"}}],\"inLanguage\":\"en-GB\"},{\"@type\":\"Organization\",\"@id\":\"https:\\\/\\\/skaitytaknyga.lt\\\/#organization\",\"name\":\"skaitytaknyga.lt\",\"url\":\"https:\\\/\\\/skaitytaknyga.lt\\\/\",\"logo\":{\"@type\":\"ImageObject\",\"inLanguage\":\"en-GB\",\"@id\":\"https:\\\/\\\/skaitytaknyga.lt\\\/#\\\/schema\\\/logo\\\/image\\\/\",\"url\":\"https:\\\/\\\/skaitytaknyga.lt\\\/wp-content\\\/uploads\\\/2024\\\/05\\\/cropped-cropped-cropped-02_00843_jt3bggkj1j3HLc7SyY6rEUpg.jpeg\",\"contentUrl\":\"https:\\\/\\\/skaitytaknyga.lt\\\/wp-content\\\/uploads\\\/2024\\\/05\\\/cropped-cropped-cropped-02_00843_jt3bggkj1j3HLc7SyY6rEUpg.jpeg\",\"width\":1600,\"height\":1600,\"caption\":\"skaitytaknyga.lt\"},\"image\":{\"@id\":\"https:\\\/\\\/skaitytaknyga.lt\\\/#\\\/schema\\\/logo\\\/image\\\/\"},\"sameAs\":[\"https:\\\/\\\/www.facebook.com\\\/skaitytaknyga\\\/\"]}]}<\/script>\n<!-- \/ Yoast SEO plugin. -->","yoast_head_json":{"title":"Petras Tarasenka \u201eU\u017eburti lobiai\u201c - Skaitytaknyga","description":"Petro Tarasenkos\u00a0(1892-1962), archeologo ir ra\u0161ytojo, knygoje kaip gyva prie\u0161 skaitytoj\u0173 akis i\u0161kyla Auk\u0161taitijos miestelio Antakalnio ir Lietuvos istorija, padavimai, legendos, sakm\u0117s, XX a. pr. gyvenimas. Pagaulus, nuotykingas siu\u017eetas pasakoja apie dviej\u0173 berniuk\u0173 - Petro ir Vlado - u\u017eburt\u0173 lobi\u0173 paie\u0161kas.  \u201eU\u017eburt\u0173 lobi\u0173\u201c siu\u017eetas labai paprastas: du ma\u017eo miestelio Antakalnio vaikai, Petras ir Vladas, prisiklaus\u0119 senelio Ylos pasakojim\u0173 apie u\u017eburtus lobius, bando juos surasti. Ie\u0161ko j\u0173 piliakalnyje, ie\u0161ko po Valiulio akmeniu, Avin\u0117lio e\u017eere, o galiausiai \u012flenda \u012f sugriuvusi\u0173 Senadvario r\u016bm\u0173 po\u017eemius, kuriuose aptik\u0119 pinigus pasiklysta, ta\u010diau protingo o\u017eio padedami sugr\u012f\u017eta namo. Nuotykiai su lobiais - tai tik viena knygos dalis.  Su kiekvienu nuotykiu atsiver\u010dia vis naujas turtingos kra\u0161to praeities puslapis, liaudies fantazija ir i\u0161mintimi i\u0161ra\u0161ytas gausiose sakm\u0117se ir padavimuose, kuriuos herojams paprastai pasakoja senelis Yla. Ir vis\u0105 \u0161\u012f pasaul\u012f gaubia ypatinga autoriaus atsiminim\u0173 \u0161viesa.","robots":{"index":"index","follow":"follow","max-snippet":"max-snippet:-1","max-image-preview":"max-image-preview:large","max-video-preview":"max-video-preview:-1"},"canonical":"https:\/\/skaitytaknyga.lt\/en\/produktas\/petras-tarasenka-uzburti-lobiai-2\/","og_locale":"en_GB","og_type":"article","og_title":"Petras Tarasenka \u201eU\u017eburti lobiai\u201c - Skaitytaknyga","og_description":"Petro Tarasenkos\u00a0(1892-1962), archeologo ir ra\u0161ytojo, knygoje kaip gyva prie\u0161 skaitytoj\u0173 akis i\u0161kyla Auk\u0161taitijos miestelio Antakalnio ir Lietuvos istorija, padavimai, legendos, sakm\u0117s, XX a. pr. gyvenimas. Pagaulus, nuotykingas siu\u017eetas pasakoja apie dviej\u0173 berniuk\u0173 - Petro ir Vlado - u\u017eburt\u0173 lobi\u0173 paie\u0161kas.  \u201eU\u017eburt\u0173 lobi\u0173\u201c siu\u017eetas labai paprastas: du ma\u017eo miestelio Antakalnio vaikai, Petras ir Vladas, prisiklaus\u0119 senelio Ylos pasakojim\u0173 apie u\u017eburtus lobius, bando juos surasti. Ie\u0161ko j\u0173 piliakalnyje, ie\u0161ko po Valiulio akmeniu, Avin\u0117lio e\u017eere, o galiausiai \u012flenda \u012f sugriuvusi\u0173 Senadvario r\u016bm\u0173 po\u017eemius, kuriuose aptik\u0119 pinigus pasiklysta, ta\u010diau protingo o\u017eio padedami sugr\u012f\u017eta namo. Nuotykiai su lobiais - tai tik viena knygos dalis.  Su kiekvienu nuotykiu atsiver\u010dia vis naujas turtingos kra\u0161to praeities puslapis, liaudies fantazija ir i\u0161mintimi i\u0161ra\u0161ytas gausiose sakm\u0117se ir padavimuose, kuriuos herojams paprastai pasakoja senelis Yla. Ir vis\u0105 \u0161\u012f pasaul\u012f gaubia ypatinga autoriaus atsiminim\u0173 \u0161viesa.","og_url":"https:\/\/skaitytaknyga.lt\/en\/produktas\/petras-tarasenka-uzburti-lobiai-2\/","og_site_name":"Skaitytaknyga","article_publisher":"https:\/\/www.facebook.com\/skaitytaknyga\/","article_modified_time":"2024-05-04T14:45:01+00:00","og_image":[{"width":320,"height":423,"url":"https:\/\/skaitytaknyga.lt\/wp-content\/uploads\/2024\/04\/1462886195_img0010-001.jpg","type":"image\/jpeg"}],"twitter_card":"summary_large_image","twitter_misc":{"Estimated reading time":"1 minute"},"schema":{"@context":"https:\/\/schema.org","@graph":[{"@type":"WebPage","@id":"https:\/\/skaitytaknyga.lt\/produktas\/petras-tarasenka-uzburti-lobiai-2\/","url":"https:\/\/skaitytaknyga.lt\/produktas\/petras-tarasenka-uzburti-lobiai-2\/","name":"Petras Tarasenka \u201eU\u017eburti lobiai\u201c - Skaitytaknyga","isPartOf":{"@id":"https:\/\/skaitytaknyga.lt\/#website"},"primaryImageOfPage":{"@id":"https:\/\/skaitytaknyga.lt\/produktas\/petras-tarasenka-uzburti-lobiai-2\/#primaryimage"},"image":{"@id":"https:\/\/skaitytaknyga.lt\/produktas\/petras-tarasenka-uzburti-lobiai-2\/#primaryimage"},"thumbnailUrl":"https:\/\/skaitytaknyga.lt\/wp-content\/uploads\/2024\/04\/1462886195_img0010-001.jpg","datePublished":"2024-05-04T14:44:53+00:00","dateModified":"2024-05-04T14:45:01+00:00","description":"Petro Tarasenkos\u00a0(1892-1962), archeologo ir ra\u0161ytojo, knygoje kaip gyva prie\u0161 skaitytoj\u0173 akis i\u0161kyla Auk\u0161taitijos miestelio Antakalnio ir Lietuvos istorija, padavimai, legendos, sakm\u0117s, XX a. pr. gyvenimas. Pagaulus, nuotykingas siu\u017eetas pasakoja apie dviej\u0173 berniuk\u0173 - Petro ir Vlado - u\u017eburt\u0173 lobi\u0173 paie\u0161kas. \u201eU\u017eburt\u0173 lobi\u0173\u201c siu\u017eetas labai paprastas: du ma\u017eo miestelio Antakalnio vaikai, Petras ir Vladas, prisiklaus\u0119 senelio Ylos pasakojim\u0173 apie u\u017eburtus lobius, bando juos surasti. Ie\u0161ko j\u0173 piliakalnyje, ie\u0161ko po Valiulio akmeniu, Avin\u0117lio e\u017eere, o galiausiai \u012flenda \u012f sugriuvusi\u0173 Senadvario r\u016bm\u0173 po\u017eemius, kuriuose aptik\u0119 pinigus pasiklysta, ta\u010diau protingo o\u017eio padedami sugr\u012f\u017eta namo. Nuotykiai su lobiais - tai tik viena knygos dalis. Su kiekvienu nuotykiu atsiver\u010dia vis naujas turtingos kra\u0161to praeities puslapis, liaudies fantazija ir i\u0161mintimi i\u0161ra\u0161ytas gausiose sakm\u0117se ir padavimuose, kuriuos herojams paprastai pasakoja senelis Yla. Ir vis\u0105 \u0161\u012f pasaul\u012f gaubia ypatinga autoriaus atsiminim\u0173 \u0161viesa.","breadcrumb":{"@id":"https:\/\/skaitytaknyga.lt\/produktas\/petras-tarasenka-uzburti-lobiai-2\/#breadcrumb"},"inLanguage":"en-GB","potentialAction":[{"@type":"ReadAction","target":["https:\/\/skaitytaknyga.lt\/produktas\/petras-tarasenka-uzburti-lobiai-2\/"]}]},{"@type":"ImageObject","inLanguage":"en-GB","@id":"https:\/\/skaitytaknyga.lt\/produktas\/petras-tarasenka-uzburti-lobiai-2\/#primaryimage","url":"https:\/\/skaitytaknyga.lt\/wp-content\/uploads\/2024\/04\/1462886195_img0010-001.jpg","contentUrl":"https:\/\/skaitytaknyga.lt\/wp-content\/uploads\/2024\/04\/1462886195_img0010-001.jpg","width":320,"height":423},{"@type":"BreadcrumbList","@id":"https:\/\/skaitytaknyga.lt\/produktas\/petras-tarasenka-uzburti-lobiai-2\/#breadcrumb","itemListElement":[{"@type":"ListItem","position":1,"name":"Home","item":"https:\/\/skaitytaknyga.lt\/"},{"@type":"ListItem","position":2,"name":"Parduotuv\u0117","item":"https:\/\/skaitytaknyga.lt\/knygu-parduotuve\/"},{"@type":"ListItem","position":3,"name":"Petras Tarasenka \u201eU\u017eburti lobiai\u201c"}]},{"@type":"WebSite","@id":"https:\/\/skaitytaknyga.lt\/#website","url":"https:\/\/skaitytaknyga.lt\/","name":"skaitytaknyga.lt","description":"Skaitytaknyga.lt \u2013 tai ma\u017eas \u0161eimos verslas, kuris prasid\u0117jo nuo meil\u0117s knygoms ir siekio i\u0161gelb\u0117ti knygas nuo likimo prie konteinerio. Kas vienam nereikalingas daiktas \u2013 kitam lobis, o mes esame tarpininkai, kurie padeda abiems tapti laimingesniems ???? \u017dinome kaip nelengva i\u0161gyventi ma\u017eiems verslams, tad nuo \u0161iol, \u010dia rasite ir kit\u0173, ma\u017e\u0173 \u0161eim\u0173 versl\u0173, rank\u0173 darbo, dovan\u0173 sau ir artimiesiems.","publisher":{"@id":"https:\/\/skaitytaknyga.lt\/#organization"},"potentialAction":[{"@type":"SearchAction","target":{"@type":"EntryPoint","urlTemplate":"https:\/\/skaitytaknyga.lt\/?s={search_term_string}"},"query-input":{"@type":"PropertyValueSpecification","valueRequired":true,"valueName":"search_term_string"}}],"inLanguage":"en-GB"},{"@type":"Organization","@id":"https:\/\/skaitytaknyga.lt\/#organization","name":"skaitytaknyga.lt","url":"https:\/\/skaitytaknyga.lt\/","logo":{"@type":"ImageObject","inLanguage":"en-GB","@id":"https:\/\/skaitytaknyga.lt\/#\/schema\/logo\/image\/","url":"https:\/\/skaitytaknyga.lt\/wp-content\/uploads\/2024\/05\/cropped-cropped-cropped-02_00843_jt3bggkj1j3HLc7SyY6rEUpg.jpeg","contentUrl":"https:\/\/skaitytaknyga.lt\/wp-content\/uploads\/2024\/05\/cropped-cropped-cropped-02_00843_jt3bggkj1j3HLc7SyY6rEUpg.jpeg","width":1600,"height":1600,"caption":"skaitytaknyga.lt"},"image":{"@id":"https:\/\/skaitytaknyga.lt\/#\/schema\/logo\/image\/"},"sameAs":["https:\/\/www.facebook.com\/skaitytaknyga\/"]}]}},"_links":{"self":[{"href":"https:\/\/skaitytaknyga.lt\/en\/wp-json\/wp\/v2\/product\/8381","targetHints":{"allow":["GET"]}}],"collection":[{"href":"https:\/\/skaitytaknyga.lt\/en\/wp-json\/wp\/v2\/product"}],"about":[{"href":"https:\/\/skaitytaknyga.lt\/en\/wp-json\/wp\/v2\/types\/product"}],"replies":[{"embeddable":true,"href":"https:\/\/skaitytaknyga.lt\/en\/wp-json\/wp\/v2\/comments?post=8381"}],"wp:featuredmedia":[{"embeddable":true,"href":"https:\/\/skaitytaknyga.lt\/en\/wp-json\/wp\/v2\/media\/4433"}],"wp:attachment":[{"href":"https:\/\/skaitytaknyga.lt\/en\/wp-json\/wp\/v2\/media?parent=8381"}],"wp:term":[{"taxonomy":"product_brand","embeddable":true,"href":"https:\/\/skaitytaknyga.lt\/en\/wp-json\/wp\/v2\/product_brand?post=8381"},{"taxonomy":"product_cat","embeddable":true,"href":"https:\/\/skaitytaknyga.lt\/en\/wp-json\/wp\/v2\/product_cat?post=8381"},{"taxonomy":"product_tag","embeddable":true,"href":"https:\/\/skaitytaknyga.lt\/en\/wp-json\/wp\/v2\/product_tag?post=8381"}],"curies":[{"name":"wp","href":"https:\/\/api.w.org\/{rel}","templated":true}]}}