{"id":8378,"date":"2024-05-04T14:44:32","date_gmt":"2024-05-04T14:44:32","guid":{"rendered":"https:\/\/skaitytaknyga.lt\/?post_type=product&#038;p=8378"},"modified":"2024-05-04T14:44:58","modified_gmt":"2024-05-04T14:44:58","slug":"vincas-kreve-literaturos-moksle-ir-kritikoje-2","status":"publish","type":"product","link":"https:\/\/skaitytaknyga.lt\/en\/produktas\/vincas-kreve-literaturos-moksle-ir-kritikoje-2\/","title":{"rendered":"Vincas Kr\u0117v\u0117 literat\u016bros moksle ir kritikoje"},"content":{"rendered":"<p>Leidin\u012f sudaro reik\u0161mingiausi lietuvi\u0173 literat\u016bros kritik\u0173, mokslinink\u0173 ir ra\u0161ytoj\u0173 straipsniai arba i\u0161traukos i\u0161 monografij\u0173, special\u016bs tyrin\u0117jimai apie \u012f\u017eymaus lietuvi\u0173 ra\u0161ytojo V. Kr\u0117v\u0117s (1882 &#8211; 1954) gyvenim\u0105 ir k\u016bryb\u0105. Tai septintoji serijos &#8220;Ra\u0161ytojai literat\u016bros moksle ir kritikoje&#8221; knyga. Leidinys skiriamas besimokan\u010diam jaunimui, literat\u016bros tyrin\u0117tojams ir pla\u010diai visuomenei.<\/p>\n","protected":false},"excerpt":{"rendered":"<p>Leidin\u012f sudaro reik\u0161mingiausi lietuvi\u0173 literat\u016bros kritik\u0173, mokslinink\u0173 ir ra\u0161ytoj\u0173 straipsniai arba i\u0161traukos i\u0161 monografij\u0173, special\u016bs tyrin\u0117jimai apie \u012f\u017eymaus lietuvi\u0173 ra\u0161ytojo V. Kr\u0117v\u0117s (1882 &#8211; 1954) gyvenim\u0105 ir k\u016bryb\u0105. Tai septintoji serijos &#8220;Ra\u0161ytojai literat\u016bros moksle ir kritikoje&#8221; knyga. Leidinys skiriamas besimokan\u010diam jaunimui, literat\u016bros tyrin\u0117tojams ir pla\u010diai visuomenei.<\/p>\n","protected":false},"featured_media":4430,"comment_status":"closed","ping_status":"closed","template":"","meta":{"_acf_changed":false,"site-sidebar-layout":"default","site-content-layout":"","ast-site-content-layout":"default","site-content-style":"default","site-sidebar-style":"default","ast-global-header-display":"","ast-banner-title-visibility":"","ast-main-header-display":"","ast-hfb-above-header-display":"","ast-hfb-below-header-display":"","ast-hfb-mobile-header-display":"","site-post-title":"","ast-breadcrumbs-content":"","ast-featured-img":"","footer-sml-layout":"","ast-disable-related-posts":"","theme-transparent-header-meta":"","adv-header-id-meta":"","stick-header-meta":"","header-above-stick-meta":"","header-main-stick-meta":"","header-below-stick-meta":"","astra-migrate-meta-layouts":"default","ast-page-background-enabled":"default","ast-page-background-meta":{"desktop":{"background-color":"","background-image":"","background-repeat":"repeat","background-position":"center center","background-size":"auto","background-attachment":"scroll","background-type":"","background-media":"","overlay-type":"","overlay-color":"","overlay-opacity":"","overlay-gradient":""},"tablet":{"background-color":"","background-image":"","background-repeat":"repeat","background-position":"center center","background-size":"auto","background-attachment":"scroll","background-type":"","background-media":"","overlay-type":"","overlay-color":"","overlay-opacity":"","overlay-gradient":""},"mobile":{"background-color":"","background-image":"","background-repeat":"repeat","background-position":"center center","background-size":"auto","background-attachment":"scroll","background-type":"","background-media":"","overlay-type":"","overlay-color":"","overlay-opacity":"","overlay-gradient":""}},"ast-content-background-meta":{"desktop":{"background-color":"var(--ast-global-color-4)","background-image":"","background-repeat":"repeat","background-position":"center center","background-size":"auto","background-attachment":"scroll","background-type":"","background-media":"","overlay-type":"","overlay-color":"","overlay-opacity":"","overlay-gradient":""},"tablet":{"background-color":"var(--ast-global-color-4)","background-image":"","background-repeat":"repeat","background-position":"center center","background-size":"auto","background-attachment":"scroll","background-type":"","background-media":"","overlay-type":"","overlay-color":"","overlay-opacity":"","overlay-gradient":""},"mobile":{"background-color":"var(--ast-global-color-4)","background-image":"","background-repeat":"repeat","background-position":"center center","background-size":"auto","background-attachment":"scroll","background-type":"","background-media":"","overlay-type":"","overlay-color":"","overlay-opacity":"","overlay-gradient":""}}},"product_brand":[],"product_cat":[390],"product_tag":[],"class_list":{"0":"post-8378","1":"product","2":"type-product","3":"status-publish","4":"has-post-thumbnail","6":"product_cat-kalba-kalbotyra-zodynai","7":"pa_leidimo-metai-678","8":"pa_virselis-kietas","9":"desktop-align-left","10":"tablet-align-left","11":"mobile-align-left","13":"first","14":"instock","15":"shipping-taxable","16":"purchasable","17":"product-type-simple"},"acf":[],"yoast_head":"<!-- This site is optimized with the Yoast SEO plugin v27.0 - https:\/\/yoast.com\/product\/yoast-seo-wordpress\/ -->\n<title>Vincas Kr\u0117v\u0117 literat\u016bros moksle ir kritikoje - Skaitytaknyga<\/title>\n<meta name=\"description\" content=\"Leidin\u012f sudaro reik\u0161mingiausi lietuvi\u0173 literat\u016bros kritik\u0173, mokslinink\u0173 ir ra\u0161ytoj\u0173 straipsniai arba i\u0161traukos i\u0161 monografij\u0173, special\u016bs tyrin\u0117jimai apie \u012f\u017eymaus lietuvi\u0173 ra\u0161ytojo V. Kr\u0117v\u0117s (1882 - 1954) gyvenim\u0105 ir k\u016bryb\u0105. Tai septintoji serijos &quot;Ra\u0161ytojai literat\u016bros moksle ir kritikoje&quot; knyga. Leidinys skiriamas besimokan\u010diam jaunimui, literat\u016bros tyrin\u0117tojams ir pla\u010diai visuomenei.\" \/>\n<meta name=\"robots\" content=\"index, follow, max-snippet:-1, max-image-preview:large, max-video-preview:-1\" \/>\n<link rel=\"canonical\" href=\"https:\/\/skaitytaknyga.lt\/en\/produktas\/vincas-kreve-literaturos-moksle-ir-kritikoje-2\/\" \/>\n<meta property=\"og:locale\" content=\"en_GB\" \/>\n<meta property=\"og:locale:alternate\" content=\"lt_LT\" \/>\n<meta property=\"og:type\" content=\"article\" \/>\n<meta property=\"og:title\" content=\"Vincas Kr\u0117v\u0117 literat\u016bros moksle ir kritikoje - Skaitytaknyga\" \/>\n<meta property=\"og:description\" content=\"Leidin\u012f sudaro reik\u0161mingiausi lietuvi\u0173 literat\u016bros kritik\u0173, mokslinink\u0173 ir ra\u0161ytoj\u0173 straipsniai arba i\u0161traukos i\u0161 monografij\u0173, special\u016bs tyrin\u0117jimai apie \u012f\u017eymaus lietuvi\u0173 ra\u0161ytojo V. Kr\u0117v\u0117s (1882 - 1954) gyvenim\u0105 ir k\u016bryb\u0105. Tai septintoji serijos &quot;Ra\u0161ytojai literat\u016bros moksle ir kritikoje&quot; knyga. Leidinys skiriamas besimokan\u010diam jaunimui, literat\u016bros tyrin\u0117tojams ir pla\u010diai visuomenei.\" \/>\n<meta property=\"og:url\" content=\"https:\/\/skaitytaknyga.lt\/en\/produktas\/vincas-kreve-literaturos-moksle-ir-kritikoje-2\/\" \/>\n<meta property=\"og:site_name\" content=\"Skaitytaknyga\" \/>\n<meta property=\"article:publisher\" content=\"https:\/\/www.facebook.com\/skaitytaknyga\/\" \/>\n<meta property=\"article:modified_time\" content=\"2024-05-04T14:44:58+00:00\" \/>\n<meta property=\"og:image\" content=\"https:\/\/skaitytaknyga.lt\/wp-content\/uploads\/2024\/04\/Be-pavadinimo-7-1.png\" \/>\n\t<meta property=\"og:image:width\" content=\"234\" \/>\n\t<meta property=\"og:image:height\" content=\"360\" \/>\n\t<meta property=\"og:image:type\" content=\"image\/png\" \/>\n<meta name=\"twitter:card\" content=\"summary_large_image\" \/>\n<script type=\"application\/ld+json\" class=\"yoast-schema-graph\">{\"@context\":\"https:\/\/schema.org\",\"@graph\":[{\"@type\":\"WebPage\",\"@id\":\"https:\/\/skaitytaknyga.lt\/produktas\/vincas-kreve-literaturos-moksle-ir-kritikoje-2\/\",\"url\":\"https:\/\/skaitytaknyga.lt\/produktas\/vincas-kreve-literaturos-moksle-ir-kritikoje-2\/\",\"name\":\"Vincas Kr\u0117v\u0117 literat\u016bros moksle ir kritikoje - Skaitytaknyga\",\"isPartOf\":{\"@id\":\"https:\/\/skaitytaknyga.lt\/#website\"},\"primaryImageOfPage\":{\"@id\":\"https:\/\/skaitytaknyga.lt\/produktas\/vincas-kreve-literaturos-moksle-ir-kritikoje-2\/#primaryimage\"},\"image\":{\"@id\":\"https:\/\/skaitytaknyga.lt\/produktas\/vincas-kreve-literaturos-moksle-ir-kritikoje-2\/#primaryimage\"},\"thumbnailUrl\":\"https:\/\/skaitytaknyga.lt\/wp-content\/uploads\/2024\/04\/Be-pavadinimo-7-1.png\",\"datePublished\":\"2024-05-04T14:44:32+00:00\",\"dateModified\":\"2024-05-04T14:44:58+00:00\",\"description\":\"Leidin\u012f sudaro reik\u0161mingiausi lietuvi\u0173 literat\u016bros kritik\u0173, mokslinink\u0173 ir ra\u0161ytoj\u0173 straipsniai arba i\u0161traukos i\u0161 monografij\u0173, special\u016bs tyrin\u0117jimai apie \u012f\u017eymaus lietuvi\u0173 ra\u0161ytojo V. Kr\u0117v\u0117s (1882 - 1954) gyvenim\u0105 ir k\u016bryb\u0105. Tai septintoji serijos \\\"Ra\u0161ytojai literat\u016bros moksle ir kritikoje\\\" knyga. Leidinys skiriamas besimokan\u010diam jaunimui, literat\u016bros tyrin\u0117tojams ir pla\u010diai visuomenei.\",\"breadcrumb\":{\"@id\":\"https:\/\/skaitytaknyga.lt\/produktas\/vincas-kreve-literaturos-moksle-ir-kritikoje-2\/#breadcrumb\"},\"inLanguage\":\"en-GB\",\"potentialAction\":[{\"@type\":\"ReadAction\",\"target\":[\"https:\/\/skaitytaknyga.lt\/produktas\/vincas-kreve-literaturos-moksle-ir-kritikoje-2\/\"]}]},{\"@type\":\"ImageObject\",\"inLanguage\":\"en-GB\",\"@id\":\"https:\/\/skaitytaknyga.lt\/produktas\/vincas-kreve-literaturos-moksle-ir-kritikoje-2\/#primaryimage\",\"url\":\"https:\/\/skaitytaknyga.lt\/wp-content\/uploads\/2024\/04\/Be-pavadinimo-7-1.png\",\"contentUrl\":\"https:\/\/skaitytaknyga.lt\/wp-content\/uploads\/2024\/04\/Be-pavadinimo-7-1.png\",\"width\":234,\"height\":360},{\"@type\":\"BreadcrumbList\",\"@id\":\"https:\/\/skaitytaknyga.lt\/produktas\/vincas-kreve-literaturos-moksle-ir-kritikoje-2\/#breadcrumb\",\"itemListElement\":[{\"@type\":\"ListItem\",\"position\":1,\"name\":\"Home\",\"item\":\"https:\/\/skaitytaknyga.lt\/\"},{\"@type\":\"ListItem\",\"position\":2,\"name\":\"Parduotuv\u0117\",\"item\":\"https:\/\/skaitytaknyga.lt\/knygu-parduotuve\/\"},{\"@type\":\"ListItem\",\"position\":3,\"name\":\"Vincas Kr\u0117v\u0117 literat\u016bros moksle ir kritikoje\"}]},{\"@type\":\"WebSite\",\"@id\":\"https:\/\/skaitytaknyga.lt\/#website\",\"url\":\"https:\/\/skaitytaknyga.lt\/\",\"name\":\"skaitytaknyga.lt\",\"description\":\"Skaitytaknyga.lt \u2013 tai ma\u017eas \u0161eimos verslas, kuris prasid\u0117jo nuo meil\u0117s knygoms ir siekio i\u0161gelb\u0117ti knygas nuo likimo prie konteinerio. Kas vienam nereikalingas daiktas \u2013 kitam lobis, o mes esame tarpininkai, kurie padeda abiems tapti laimingesniems ???? \u017dinome kaip nelengva i\u0161gyventi ma\u017eiems verslams, tad nuo \u0161iol, \u010dia rasite ir kit\u0173, ma\u017e\u0173 \u0161eim\u0173 versl\u0173, rank\u0173 darbo, dovan\u0173 sau ir artimiesiems.\",\"publisher\":{\"@id\":\"https:\/\/skaitytaknyga.lt\/#organization\"},\"potentialAction\":[{\"@type\":\"SearchAction\",\"target\":{\"@type\":\"EntryPoint\",\"urlTemplate\":\"https:\/\/skaitytaknyga.lt\/?s={search_term_string}\"},\"query-input\":{\"@type\":\"PropertyValueSpecification\",\"valueRequired\":true,\"valueName\":\"search_term_string\"}}],\"inLanguage\":\"en-GB\"},{\"@type\":\"Organization\",\"@id\":\"https:\/\/skaitytaknyga.lt\/#organization\",\"name\":\"skaitytaknyga.lt\",\"url\":\"https:\/\/skaitytaknyga.lt\/\",\"logo\":{\"@type\":\"ImageObject\",\"inLanguage\":\"en-GB\",\"@id\":\"https:\/\/skaitytaknyga.lt\/#\/schema\/logo\/image\/\",\"url\":\"https:\/\/skaitytaknyga.lt\/wp-content\/uploads\/2024\/05\/cropped-cropped-cropped-02_00843_jt3bggkj1j3HLc7SyY6rEUpg.jpeg\",\"contentUrl\":\"https:\/\/skaitytaknyga.lt\/wp-content\/uploads\/2024\/05\/cropped-cropped-cropped-02_00843_jt3bggkj1j3HLc7SyY6rEUpg.jpeg\",\"width\":1600,\"height\":1600,\"caption\":\"skaitytaknyga.lt\"},\"image\":{\"@id\":\"https:\/\/skaitytaknyga.lt\/#\/schema\/logo\/image\/\"},\"sameAs\":[\"https:\/\/www.facebook.com\/skaitytaknyga\/\"]}]}<\/script>\n<!-- \/ Yoast SEO plugin. -->","yoast_head_json":{"title":"Vincas Kr\u0117v\u0117 literat\u016bros moksle ir kritikoje - Skaitytaknyga","description":"Leidin\u012f sudaro reik\u0161mingiausi lietuvi\u0173 literat\u016bros kritik\u0173, mokslinink\u0173 ir ra\u0161ytoj\u0173 straipsniai arba i\u0161traukos i\u0161 monografij\u0173, special\u016bs tyrin\u0117jimai apie \u012f\u017eymaus lietuvi\u0173 ra\u0161ytojo V. Kr\u0117v\u0117s (1882 - 1954) gyvenim\u0105 ir k\u016bryb\u0105. Tai septintoji serijos \"Ra\u0161ytojai literat\u016bros moksle ir kritikoje\" knyga. Leidinys skiriamas besimokan\u010diam jaunimui, literat\u016bros tyrin\u0117tojams ir pla\u010diai visuomenei.","robots":{"index":"index","follow":"follow","max-snippet":"max-snippet:-1","max-image-preview":"max-image-preview:large","max-video-preview":"max-video-preview:-1"},"canonical":"https:\/\/skaitytaknyga.lt\/en\/produktas\/vincas-kreve-literaturos-moksle-ir-kritikoje-2\/","og_locale":"en_GB","og_type":"article","og_title":"Vincas Kr\u0117v\u0117 literat\u016bros moksle ir kritikoje - Skaitytaknyga","og_description":"Leidin\u012f sudaro reik\u0161mingiausi lietuvi\u0173 literat\u016bros kritik\u0173, mokslinink\u0173 ir ra\u0161ytoj\u0173 straipsniai arba i\u0161traukos i\u0161 monografij\u0173, special\u016bs tyrin\u0117jimai apie \u012f\u017eymaus lietuvi\u0173 ra\u0161ytojo V. Kr\u0117v\u0117s (1882 - 1954) gyvenim\u0105 ir k\u016bryb\u0105. Tai septintoji serijos \"Ra\u0161ytojai literat\u016bros moksle ir kritikoje\" knyga. Leidinys skiriamas besimokan\u010diam jaunimui, literat\u016bros tyrin\u0117tojams ir pla\u010diai visuomenei.","og_url":"https:\/\/skaitytaknyga.lt\/en\/produktas\/vincas-kreve-literaturos-moksle-ir-kritikoje-2\/","og_site_name":"Skaitytaknyga","article_publisher":"https:\/\/www.facebook.com\/skaitytaknyga\/","article_modified_time":"2024-05-04T14:44:58+00:00","og_image":[{"width":234,"height":360,"url":"https:\/\/skaitytaknyga.lt\/wp-content\/uploads\/2024\/04\/Be-pavadinimo-7-1.png","type":"image\/png"}],"twitter_card":"summary_large_image","schema":{"@context":"https:\/\/schema.org","@graph":[{"@type":"WebPage","@id":"https:\/\/skaitytaknyga.lt\/produktas\/vincas-kreve-literaturos-moksle-ir-kritikoje-2\/","url":"https:\/\/skaitytaknyga.lt\/produktas\/vincas-kreve-literaturos-moksle-ir-kritikoje-2\/","name":"Vincas Kr\u0117v\u0117 literat\u016bros moksle ir kritikoje - Skaitytaknyga","isPartOf":{"@id":"https:\/\/skaitytaknyga.lt\/#website"},"primaryImageOfPage":{"@id":"https:\/\/skaitytaknyga.lt\/produktas\/vincas-kreve-literaturos-moksle-ir-kritikoje-2\/#primaryimage"},"image":{"@id":"https:\/\/skaitytaknyga.lt\/produktas\/vincas-kreve-literaturos-moksle-ir-kritikoje-2\/#primaryimage"},"thumbnailUrl":"https:\/\/skaitytaknyga.lt\/wp-content\/uploads\/2024\/04\/Be-pavadinimo-7-1.png","datePublished":"2024-05-04T14:44:32+00:00","dateModified":"2024-05-04T14:44:58+00:00","description":"Leidin\u012f sudaro reik\u0161mingiausi lietuvi\u0173 literat\u016bros kritik\u0173, mokslinink\u0173 ir ra\u0161ytoj\u0173 straipsniai arba i\u0161traukos i\u0161 monografij\u0173, special\u016bs tyrin\u0117jimai apie \u012f\u017eymaus lietuvi\u0173 ra\u0161ytojo V. Kr\u0117v\u0117s (1882 - 1954) gyvenim\u0105 ir k\u016bryb\u0105. Tai septintoji serijos \"Ra\u0161ytojai literat\u016bros moksle ir kritikoje\" knyga. Leidinys skiriamas besimokan\u010diam jaunimui, literat\u016bros tyrin\u0117tojams ir pla\u010diai visuomenei.","breadcrumb":{"@id":"https:\/\/skaitytaknyga.lt\/produktas\/vincas-kreve-literaturos-moksle-ir-kritikoje-2\/#breadcrumb"},"inLanguage":"en-GB","potentialAction":[{"@type":"ReadAction","target":["https:\/\/skaitytaknyga.lt\/produktas\/vincas-kreve-literaturos-moksle-ir-kritikoje-2\/"]}]},{"@type":"ImageObject","inLanguage":"en-GB","@id":"https:\/\/skaitytaknyga.lt\/produktas\/vincas-kreve-literaturos-moksle-ir-kritikoje-2\/#primaryimage","url":"https:\/\/skaitytaknyga.lt\/wp-content\/uploads\/2024\/04\/Be-pavadinimo-7-1.png","contentUrl":"https:\/\/skaitytaknyga.lt\/wp-content\/uploads\/2024\/04\/Be-pavadinimo-7-1.png","width":234,"height":360},{"@type":"BreadcrumbList","@id":"https:\/\/skaitytaknyga.lt\/produktas\/vincas-kreve-literaturos-moksle-ir-kritikoje-2\/#breadcrumb","itemListElement":[{"@type":"ListItem","position":1,"name":"Home","item":"https:\/\/skaitytaknyga.lt\/"},{"@type":"ListItem","position":2,"name":"Parduotuv\u0117","item":"https:\/\/skaitytaknyga.lt\/knygu-parduotuve\/"},{"@type":"ListItem","position":3,"name":"Vincas Kr\u0117v\u0117 literat\u016bros moksle ir kritikoje"}]},{"@type":"WebSite","@id":"https:\/\/skaitytaknyga.lt\/#website","url":"https:\/\/skaitytaknyga.lt\/","name":"skaitytaknyga.lt","description":"Skaitytaknyga.lt \u2013 tai ma\u017eas \u0161eimos verslas, kuris prasid\u0117jo nuo meil\u0117s knygoms ir siekio i\u0161gelb\u0117ti knygas nuo likimo prie konteinerio. Kas vienam nereikalingas daiktas \u2013 kitam lobis, o mes esame tarpininkai, kurie padeda abiems tapti laimingesniems ???? \u017dinome kaip nelengva i\u0161gyventi ma\u017eiems verslams, tad nuo \u0161iol, \u010dia rasite ir kit\u0173, ma\u017e\u0173 \u0161eim\u0173 versl\u0173, rank\u0173 darbo, dovan\u0173 sau ir artimiesiems.","publisher":{"@id":"https:\/\/skaitytaknyga.lt\/#organization"},"potentialAction":[{"@type":"SearchAction","target":{"@type":"EntryPoint","urlTemplate":"https:\/\/skaitytaknyga.lt\/?s={search_term_string}"},"query-input":{"@type":"PropertyValueSpecification","valueRequired":true,"valueName":"search_term_string"}}],"inLanguage":"en-GB"},{"@type":"Organization","@id":"https:\/\/skaitytaknyga.lt\/#organization","name":"skaitytaknyga.lt","url":"https:\/\/skaitytaknyga.lt\/","logo":{"@type":"ImageObject","inLanguage":"en-GB","@id":"https:\/\/skaitytaknyga.lt\/#\/schema\/logo\/image\/","url":"https:\/\/skaitytaknyga.lt\/wp-content\/uploads\/2024\/05\/cropped-cropped-cropped-02_00843_jt3bggkj1j3HLc7SyY6rEUpg.jpeg","contentUrl":"https:\/\/skaitytaknyga.lt\/wp-content\/uploads\/2024\/05\/cropped-cropped-cropped-02_00843_jt3bggkj1j3HLc7SyY6rEUpg.jpeg","width":1600,"height":1600,"caption":"skaitytaknyga.lt"},"image":{"@id":"https:\/\/skaitytaknyga.lt\/#\/schema\/logo\/image\/"},"sameAs":["https:\/\/www.facebook.com\/skaitytaknyga\/"]}]}},"_links":{"self":[{"href":"https:\/\/skaitytaknyga.lt\/en\/wp-json\/wp\/v2\/product\/8378","targetHints":{"allow":["GET"]}}],"collection":[{"href":"https:\/\/skaitytaknyga.lt\/en\/wp-json\/wp\/v2\/product"}],"about":[{"href":"https:\/\/skaitytaknyga.lt\/en\/wp-json\/wp\/v2\/types\/product"}],"replies":[{"embeddable":true,"href":"https:\/\/skaitytaknyga.lt\/en\/wp-json\/wp\/v2\/comments?post=8378"}],"wp:featuredmedia":[{"embeddable":true,"href":"https:\/\/skaitytaknyga.lt\/en\/wp-json\/wp\/v2\/media\/4430"}],"wp:attachment":[{"href":"https:\/\/skaitytaknyga.lt\/en\/wp-json\/wp\/v2\/media?parent=8378"}],"wp:term":[{"taxonomy":"product_brand","embeddable":true,"href":"https:\/\/skaitytaknyga.lt\/en\/wp-json\/wp\/v2\/product_brand?post=8378"},{"taxonomy":"product_cat","embeddable":true,"href":"https:\/\/skaitytaknyga.lt\/en\/wp-json\/wp\/v2\/product_cat?post=8378"},{"taxonomy":"product_tag","embeddable":true,"href":"https:\/\/skaitytaknyga.lt\/en\/wp-json\/wp\/v2\/product_tag?post=8378"}],"curies":[{"name":"wp","href":"https:\/\/api.w.org\/{rel}","templated":true}]}}