{"id":8373,"date":"2024-05-04T14:44:31","date_gmt":"2024-05-04T14:44:31","guid":{"rendered":"https:\/\/skaitytaknyga.lt\/?post_type=product&#038;p=8373"},"modified":"2024-05-04T14:44:51","modified_gmt":"2024-05-04T14:44:51","slug":"ieva-simonaityte-vilius-karalius-2","status":"publish","type":"product","link":"https:\/\/skaitytaknyga.lt\/en\/produktas\/ieva-simonaityte-vilius-karalius-2\/","title":{"rendered":"Ieva Simonaityt\u0117 \u201eVilius Karalius\u201c"},"content":{"rendered":"<p><em>Metai b\u0117ga, virsta am\u017eiais, ir toks trumpas atrodo laikas \u2013 nuo vakar iki \u0161iandien. Bet \u0161i\u010dia tik momentas, gal sekund\u0117, gal dvi kaip juodu stovi vienas prie\u0161ais kit\u0105, o tai atrodo am\u017einyb\u0117. Kiekvienas su savo na\u0161ta, kiekvienas su savo ker\u0161tu, kiekvienas spaud\u017eiamas savo g\u0117dos, gnybiamas savo kalt\u0117s&#8230;<br \/>\n<\/em><br \/>\n\u201eVilius Karalius\u201c \u2013 reik\u0161mingiausias ra\u0161ytojos romanas, kurtas dvide\u0161imt met\u0173. Tai keli\u0173 kart\u0173 stiprios gimin\u0117s nuopuoli\u0173 ir kilim\u0173, nykimo ir prisik\u0117limo istorija, kuri\u0105 ra\u0161o pagrindiniai herojai: Vilius Karalius ir j\u012f supan\u010dios moterys.<\/p>\n<p>Ai\u0161kiai juntamoje laiko t\u0117km\u0117je kiekvieno j\u0173 gyvenimai skleid\u017eiasi kaip atskira ir vienkartin\u0117 istorija, tarsi teigiant, kad kiekvienas yra karalius, galintis b\u016bti, apsispr\u0119sti, pasirinkti.<\/p>\n","protected":false},"excerpt":{"rendered":"<p><em>Metai b\u0117ga, virsta am\u017eiais, ir toks trumpas atrodo laikas \u2013 nuo vakar iki \u0161iandien. Bet \u0161i\u010dia tik momentas, gal sekund\u0117, gal dvi kaip juodu stovi vienas prie\u0161ais kit\u0105, o tai atrodo am\u017einyb\u0117. Kiekvienas su savo na\u0161ta, kiekvienas su savo ker\u0161tu, kiekvienas spaud\u017eiamas savo g\u0117dos, gnybiamas savo kalt\u0117s&#8230;<br \/>\n<\/em><br \/>\n\u201eVilius Karalius\u201c \u2013 reik\u0161mingiausias ra\u0161ytojos romanas, kurtas dvide\u0161imt met\u0173. Tai keli\u0173 kart\u0173 stiprios gimin\u0117s nuopuoli\u0173 ir kilim\u0173, nykimo ir prisik\u0117limo istorija, kuri\u0105 ra\u0161o pagrindiniai herojai: Vilius Karalius ir j\u012f supan\u010dios moterys.<\/p>\n<p>Ai\u0161kiai juntamoje laiko t\u0117km\u0117je kiekvieno j\u0173 gyvenimai skleid\u017eiasi kaip atskira ir vienkartin\u0117 istorija, tarsi teigiant, kad kiekvienas yra karalius, galintis b\u016bti, apsispr\u0119sti, pasirinkti.<\/p>\n","protected":false},"featured_media":4425,"comment_status":"closed","ping_status":"closed","template":"","meta":{"_acf_changed":false,"site-sidebar-layout":"default","site-content-layout":"","ast-site-content-layout":"default","site-content-style":"default","site-sidebar-style":"default","ast-global-header-display":"","ast-banner-title-visibility":"","ast-main-header-display":"","ast-hfb-above-header-display":"","ast-hfb-below-header-display":"","ast-hfb-mobile-header-display":"","site-post-title":"","ast-breadcrumbs-content":"","ast-featured-img":"","footer-sml-layout":"","ast-disable-related-posts":"","theme-transparent-header-meta":"","adv-header-id-meta":"","stick-header-meta":"","header-above-stick-meta":"","header-main-stick-meta":"","header-below-stick-meta":"","astra-migrate-meta-layouts":"default","ast-page-background-enabled":"default","ast-page-background-meta":{"desktop":{"background-color":"","background-image":"","background-repeat":"repeat","background-position":"center center","background-size":"auto","background-attachment":"scroll","background-type":"","background-media":"","overlay-type":"","overlay-color":"","overlay-opacity":"","overlay-gradient":""},"tablet":{"background-color":"","background-image":"","background-repeat":"repeat","background-position":"center center","background-size":"auto","background-attachment":"scroll","background-type":"","background-media":"","overlay-type":"","overlay-color":"","overlay-opacity":"","overlay-gradient":""},"mobile":{"background-color":"","background-image":"","background-repeat":"repeat","background-position":"center center","background-size":"auto","background-attachment":"scroll","background-type":"","background-media":"","overlay-type":"","overlay-color":"","overlay-opacity":"","overlay-gradient":""}},"ast-content-background-meta":{"desktop":{"background-color":"var(--ast-global-color-4)","background-image":"","background-repeat":"repeat","background-position":"center center","background-size":"auto","background-attachment":"scroll","background-type":"","background-media":"","overlay-type":"","overlay-color":"","overlay-opacity":"","overlay-gradient":""},"tablet":{"background-color":"var(--ast-global-color-4)","background-image":"","background-repeat":"repeat","background-position":"center center","background-size":"auto","background-attachment":"scroll","background-type":"","background-media":"","overlay-type":"","overlay-color":"","overlay-opacity":"","overlay-gradient":""},"mobile":{"background-color":"var(--ast-global-color-4)","background-image":"","background-repeat":"repeat","background-position":"center center","background-size":"auto","background-attachment":"scroll","background-type":"","background-media":"","overlay-type":"","overlay-color":"","overlay-opacity":"","overlay-gradient":""}}},"product_brand":[],"product_cat":[31,331],"product_tag":[],"class_list":{"0":"post-8373","1":"product","2":"type-product","3":"status-publish","4":"has-post-thumbnail","6":"product_cat-grozine-literatura","7":"product_cat-programine-literatura","8":"pa_leidimo-metai-671","9":"pa_virselis-kietas","10":"desktop-align-left","11":"tablet-align-left","12":"mobile-align-left","14":"first","15":"outofstock","16":"shipping-taxable","17":"purchasable","18":"product-type-simple"},"acf":[],"yoast_head":"<!-- This site is optimized with the Yoast SEO plugin v27.0 - https:\/\/yoast.com\/product\/yoast-seo-wordpress\/ -->\n<title>Ieva Simonaityt\u0117 \u201eVilius Karalius\u201c - Skaitytaknyga<\/title>\n<meta name=\"description\" content=\"Metai b\u0117ga, virsta am\u017eiais, ir toks trumpas atrodo laikas \u2013 nuo vakar iki \u0161iandien. Bet \u0161i\u010dia tik momentas, gal sekund\u0117, gal dvi kaip juodu stovi vienas prie\u0161ais kit\u0105, o tai atrodo am\u017einyb\u0117. Kiekvienas su savo na\u0161ta, kiekvienas su savo ker\u0161tu, kiekvienas spaud\u017eiamas savo g\u0117dos, gnybiamas savo kalt\u0117s...  \u201eVilius Karalius\u201c \u2013 reik\u0161mingiausias ra\u0161ytojos romanas, kurtas dvide\u0161imt met\u0173. Tai keli\u0173 kart\u0173 stiprios gimin\u0117s nuopuoli\u0173 ir kilim\u0173, nykimo ir prisik\u0117limo istorija, kuri\u0105 ra\u0161o pagrindiniai herojai: Vilius Karalius ir j\u012f supan\u010dios moterys.  Ai\u0161kiai juntamoje laiko t\u0117km\u0117je kiekvieno j\u0173 gyvenimai skleid\u017eiasi kaip atskira ir vienkartin\u0117 istorija, tarsi teigiant, kad kiekvienas yra karalius, galintis b\u016bti, apsispr\u0119sti, pasirinkti.\" \/>\n<meta name=\"robots\" content=\"index, follow, max-snippet:-1, max-image-preview:large, max-video-preview:-1\" \/>\n<link rel=\"canonical\" href=\"https:\/\/skaitytaknyga.lt\/en\/produktas\/ieva-simonaityte-vilius-karalius-2\/\" \/>\n<meta property=\"og:locale\" content=\"en_GB\" \/>\n<meta property=\"og:locale:alternate\" content=\"lt_LT\" \/>\n<meta property=\"og:type\" content=\"article\" \/>\n<meta property=\"og:title\" content=\"Ieva Simonaityt\u0117 \u201eVilius Karalius\u201c - Skaitytaknyga\" \/>\n<meta property=\"og:description\" content=\"Metai b\u0117ga, virsta am\u017eiais, ir toks trumpas atrodo laikas \u2013 nuo vakar iki \u0161iandien. Bet \u0161i\u010dia tik momentas, gal sekund\u0117, gal dvi kaip juodu stovi vienas prie\u0161ais kit\u0105, o tai atrodo am\u017einyb\u0117. Kiekvienas su savo na\u0161ta, kiekvienas su savo ker\u0161tu, kiekvienas spaud\u017eiamas savo g\u0117dos, gnybiamas savo kalt\u0117s...  \u201eVilius Karalius\u201c \u2013 reik\u0161mingiausias ra\u0161ytojos romanas, kurtas dvide\u0161imt met\u0173. Tai keli\u0173 kart\u0173 stiprios gimin\u0117s nuopuoli\u0173 ir kilim\u0173, nykimo ir prisik\u0117limo istorija, kuri\u0105 ra\u0161o pagrindiniai herojai: Vilius Karalius ir j\u012f supan\u010dios moterys.  Ai\u0161kiai juntamoje laiko t\u0117km\u0117je kiekvieno j\u0173 gyvenimai skleid\u017eiasi kaip atskira ir vienkartin\u0117 istorija, tarsi teigiant, kad kiekvienas yra karalius, galintis b\u016bti, apsispr\u0119sti, pasirinkti.\" \/>\n<meta property=\"og:url\" content=\"https:\/\/skaitytaknyga.lt\/en\/produktas\/ieva-simonaityte-vilius-karalius-2\/\" \/>\n<meta property=\"og:site_name\" content=\"Skaitytaknyga\" \/>\n<meta property=\"article:publisher\" content=\"https:\/\/www.facebook.com\/skaitytaknyga\/\" \/>\n<meta property=\"article:modified_time\" content=\"2024-05-04T14:44:51+00:00\" \/>\n<meta property=\"og:image\" content=\"https:\/\/skaitytaknyga.lt\/wp-content\/uploads\/2024\/04\/1517489898_Scan_01-02-2018_1143.jpg\" \/>\n\t<meta property=\"og:image:width\" content=\"274\" \/>\n\t<meta property=\"og:image:height\" content=\"430\" \/>\n\t<meta property=\"og:image:type\" content=\"image\/jpeg\" \/>\n<meta name=\"twitter:card\" content=\"summary_large_image\" \/>\n<meta name=\"twitter:label1\" content=\"Estimated reading time\" \/>\n\t<meta name=\"twitter:data1\" content=\"1 minute\" \/>\n<script type=\"application\/ld+json\" class=\"yoast-schema-graph\">{\"@context\":\"https:\/\/schema.org\",\"@graph\":[{\"@type\":\"WebPage\",\"@id\":\"https:\/\/skaitytaknyga.lt\/produktas\/ieva-simonaityte-vilius-karalius-2\/\",\"url\":\"https:\/\/skaitytaknyga.lt\/produktas\/ieva-simonaityte-vilius-karalius-2\/\",\"name\":\"Ieva Simonaityt\u0117 \u201eVilius Karalius\u201c - Skaitytaknyga\",\"isPartOf\":{\"@id\":\"https:\/\/skaitytaknyga.lt\/#website\"},\"primaryImageOfPage\":{\"@id\":\"https:\/\/skaitytaknyga.lt\/produktas\/ieva-simonaityte-vilius-karalius-2\/#primaryimage\"},\"image\":{\"@id\":\"https:\/\/skaitytaknyga.lt\/produktas\/ieva-simonaityte-vilius-karalius-2\/#primaryimage\"},\"thumbnailUrl\":\"https:\/\/skaitytaknyga.lt\/wp-content\/uploads\/2024\/04\/1517489898_Scan_01-02-2018_1143.jpg\",\"datePublished\":\"2024-05-04T14:44:31+00:00\",\"dateModified\":\"2024-05-04T14:44:51+00:00\",\"description\":\"Metai b\u0117ga, virsta am\u017eiais, ir toks trumpas atrodo laikas \u2013 nuo vakar iki \u0161iandien. Bet \u0161i\u010dia tik momentas, gal sekund\u0117, gal dvi kaip juodu stovi vienas prie\u0161ais kit\u0105, o tai atrodo am\u017einyb\u0117. Kiekvienas su savo na\u0161ta, kiekvienas su savo ker\u0161tu, kiekvienas spaud\u017eiamas savo g\u0117dos, gnybiamas savo kalt\u0117s... \u201eVilius Karalius\u201c \u2013 reik\u0161mingiausias ra\u0161ytojos romanas, kurtas dvide\u0161imt met\u0173. Tai keli\u0173 kart\u0173 stiprios gimin\u0117s nuopuoli\u0173 ir kilim\u0173, nykimo ir prisik\u0117limo istorija, kuri\u0105 ra\u0161o pagrindiniai herojai: Vilius Karalius ir j\u012f supan\u010dios moterys. Ai\u0161kiai juntamoje laiko t\u0117km\u0117je kiekvieno j\u0173 gyvenimai skleid\u017eiasi kaip atskira ir vienkartin\u0117 istorija, tarsi teigiant, kad kiekvienas yra karalius, galintis b\u016bti, apsispr\u0119sti, pasirinkti.\",\"breadcrumb\":{\"@id\":\"https:\/\/skaitytaknyga.lt\/produktas\/ieva-simonaityte-vilius-karalius-2\/#breadcrumb\"},\"inLanguage\":\"en-GB\",\"potentialAction\":[{\"@type\":\"ReadAction\",\"target\":[\"https:\/\/skaitytaknyga.lt\/produktas\/ieva-simonaityte-vilius-karalius-2\/\"]}]},{\"@type\":\"ImageObject\",\"inLanguage\":\"en-GB\",\"@id\":\"https:\/\/skaitytaknyga.lt\/produktas\/ieva-simonaityte-vilius-karalius-2\/#primaryimage\",\"url\":\"https:\/\/skaitytaknyga.lt\/wp-content\/uploads\/2024\/04\/1517489898_Scan_01-02-2018_1143.jpg\",\"contentUrl\":\"https:\/\/skaitytaknyga.lt\/wp-content\/uploads\/2024\/04\/1517489898_Scan_01-02-2018_1143.jpg\",\"width\":274,\"height\":430},{\"@type\":\"BreadcrumbList\",\"@id\":\"https:\/\/skaitytaknyga.lt\/produktas\/ieva-simonaityte-vilius-karalius-2\/#breadcrumb\",\"itemListElement\":[{\"@type\":\"ListItem\",\"position\":1,\"name\":\"Home\",\"item\":\"https:\/\/skaitytaknyga.lt\/\"},{\"@type\":\"ListItem\",\"position\":2,\"name\":\"Parduotuv\u0117\",\"item\":\"https:\/\/skaitytaknyga.lt\/knygu-parduotuve\/\"},{\"@type\":\"ListItem\",\"position\":3,\"name\":\"Ieva Simonaityt\u0117 \u201eVilius Karalius\u201c\"}]},{\"@type\":\"WebSite\",\"@id\":\"https:\/\/skaitytaknyga.lt\/#website\",\"url\":\"https:\/\/skaitytaknyga.lt\/\",\"name\":\"skaitytaknyga.lt\",\"description\":\"Skaitytaknyga.lt \u2013 tai ma\u017eas \u0161eimos verslas, kuris prasid\u0117jo nuo meil\u0117s knygoms ir siekio i\u0161gelb\u0117ti knygas nuo likimo prie konteinerio. Kas vienam nereikalingas daiktas \u2013 kitam lobis, o mes esame tarpininkai, kurie padeda abiems tapti laimingesniems ???? \u017dinome kaip nelengva i\u0161gyventi ma\u017eiems verslams, tad nuo \u0161iol, \u010dia rasite ir kit\u0173, ma\u017e\u0173 \u0161eim\u0173 versl\u0173, rank\u0173 darbo, dovan\u0173 sau ir artimiesiems.\",\"publisher\":{\"@id\":\"https:\/\/skaitytaknyga.lt\/#organization\"},\"potentialAction\":[{\"@type\":\"SearchAction\",\"target\":{\"@type\":\"EntryPoint\",\"urlTemplate\":\"https:\/\/skaitytaknyga.lt\/?s={search_term_string}\"},\"query-input\":{\"@type\":\"PropertyValueSpecification\",\"valueRequired\":true,\"valueName\":\"search_term_string\"}}],\"inLanguage\":\"en-GB\"},{\"@type\":\"Organization\",\"@id\":\"https:\/\/skaitytaknyga.lt\/#organization\",\"name\":\"skaitytaknyga.lt\",\"url\":\"https:\/\/skaitytaknyga.lt\/\",\"logo\":{\"@type\":\"ImageObject\",\"inLanguage\":\"en-GB\",\"@id\":\"https:\/\/skaitytaknyga.lt\/#\/schema\/logo\/image\/\",\"url\":\"https:\/\/skaitytaknyga.lt\/wp-content\/uploads\/2024\/05\/cropped-cropped-cropped-02_00843_jt3bggkj1j3HLc7SyY6rEUpg.jpeg\",\"contentUrl\":\"https:\/\/skaitytaknyga.lt\/wp-content\/uploads\/2024\/05\/cropped-cropped-cropped-02_00843_jt3bggkj1j3HLc7SyY6rEUpg.jpeg\",\"width\":1600,\"height\":1600,\"caption\":\"skaitytaknyga.lt\"},\"image\":{\"@id\":\"https:\/\/skaitytaknyga.lt\/#\/schema\/logo\/image\/\"},\"sameAs\":[\"https:\/\/www.facebook.com\/skaitytaknyga\/\"]}]}<\/script>\n<!-- \/ Yoast SEO plugin. -->","yoast_head_json":{"title":"Ieva Simonaityt\u0117 \u201eVilius Karalius\u201c - Skaitytaknyga","description":"Metai b\u0117ga, virsta am\u017eiais, ir toks trumpas atrodo laikas \u2013 nuo vakar iki \u0161iandien. Bet \u0161i\u010dia tik momentas, gal sekund\u0117, gal dvi kaip juodu stovi vienas prie\u0161ais kit\u0105, o tai atrodo am\u017einyb\u0117. Kiekvienas su savo na\u0161ta, kiekvienas su savo ker\u0161tu, kiekvienas spaud\u017eiamas savo g\u0117dos, gnybiamas savo kalt\u0117s...  \u201eVilius Karalius\u201c \u2013 reik\u0161mingiausias ra\u0161ytojos romanas, kurtas dvide\u0161imt met\u0173. Tai keli\u0173 kart\u0173 stiprios gimin\u0117s nuopuoli\u0173 ir kilim\u0173, nykimo ir prisik\u0117limo istorija, kuri\u0105 ra\u0161o pagrindiniai herojai: Vilius Karalius ir j\u012f supan\u010dios moterys.  Ai\u0161kiai juntamoje laiko t\u0117km\u0117je kiekvieno j\u0173 gyvenimai skleid\u017eiasi kaip atskira ir vienkartin\u0117 istorija, tarsi teigiant, kad kiekvienas yra karalius, galintis b\u016bti, apsispr\u0119sti, pasirinkti.","robots":{"index":"index","follow":"follow","max-snippet":"max-snippet:-1","max-image-preview":"max-image-preview:large","max-video-preview":"max-video-preview:-1"},"canonical":"https:\/\/skaitytaknyga.lt\/en\/produktas\/ieva-simonaityte-vilius-karalius-2\/","og_locale":"en_GB","og_type":"article","og_title":"Ieva Simonaityt\u0117 \u201eVilius Karalius\u201c - Skaitytaknyga","og_description":"Metai b\u0117ga, virsta am\u017eiais, ir toks trumpas atrodo laikas \u2013 nuo vakar iki \u0161iandien. Bet \u0161i\u010dia tik momentas, gal sekund\u0117, gal dvi kaip juodu stovi vienas prie\u0161ais kit\u0105, o tai atrodo am\u017einyb\u0117. Kiekvienas su savo na\u0161ta, kiekvienas su savo ker\u0161tu, kiekvienas spaud\u017eiamas savo g\u0117dos, gnybiamas savo kalt\u0117s...  \u201eVilius Karalius\u201c \u2013 reik\u0161mingiausias ra\u0161ytojos romanas, kurtas dvide\u0161imt met\u0173. Tai keli\u0173 kart\u0173 stiprios gimin\u0117s nuopuoli\u0173 ir kilim\u0173, nykimo ir prisik\u0117limo istorija, kuri\u0105 ra\u0161o pagrindiniai herojai: Vilius Karalius ir j\u012f supan\u010dios moterys.  Ai\u0161kiai juntamoje laiko t\u0117km\u0117je kiekvieno j\u0173 gyvenimai skleid\u017eiasi kaip atskira ir vienkartin\u0117 istorija, tarsi teigiant, kad kiekvienas yra karalius, galintis b\u016bti, apsispr\u0119sti, pasirinkti.","og_url":"https:\/\/skaitytaknyga.lt\/en\/produktas\/ieva-simonaityte-vilius-karalius-2\/","og_site_name":"Skaitytaknyga","article_publisher":"https:\/\/www.facebook.com\/skaitytaknyga\/","article_modified_time":"2024-05-04T14:44:51+00:00","og_image":[{"width":274,"height":430,"url":"https:\/\/skaitytaknyga.lt\/wp-content\/uploads\/2024\/04\/1517489898_Scan_01-02-2018_1143.jpg","type":"image\/jpeg"}],"twitter_card":"summary_large_image","twitter_misc":{"Estimated reading time":"1 minute"},"schema":{"@context":"https:\/\/schema.org","@graph":[{"@type":"WebPage","@id":"https:\/\/skaitytaknyga.lt\/produktas\/ieva-simonaityte-vilius-karalius-2\/","url":"https:\/\/skaitytaknyga.lt\/produktas\/ieva-simonaityte-vilius-karalius-2\/","name":"Ieva Simonaityt\u0117 \u201eVilius Karalius\u201c - Skaitytaknyga","isPartOf":{"@id":"https:\/\/skaitytaknyga.lt\/#website"},"primaryImageOfPage":{"@id":"https:\/\/skaitytaknyga.lt\/produktas\/ieva-simonaityte-vilius-karalius-2\/#primaryimage"},"image":{"@id":"https:\/\/skaitytaknyga.lt\/produktas\/ieva-simonaityte-vilius-karalius-2\/#primaryimage"},"thumbnailUrl":"https:\/\/skaitytaknyga.lt\/wp-content\/uploads\/2024\/04\/1517489898_Scan_01-02-2018_1143.jpg","datePublished":"2024-05-04T14:44:31+00:00","dateModified":"2024-05-04T14:44:51+00:00","description":"Metai b\u0117ga, virsta am\u017eiais, ir toks trumpas atrodo laikas \u2013 nuo vakar iki \u0161iandien. Bet \u0161i\u010dia tik momentas, gal sekund\u0117, gal dvi kaip juodu stovi vienas prie\u0161ais kit\u0105, o tai atrodo am\u017einyb\u0117. Kiekvienas su savo na\u0161ta, kiekvienas su savo ker\u0161tu, kiekvienas spaud\u017eiamas savo g\u0117dos, gnybiamas savo kalt\u0117s... \u201eVilius Karalius\u201c \u2013 reik\u0161mingiausias ra\u0161ytojos romanas, kurtas dvide\u0161imt met\u0173. Tai keli\u0173 kart\u0173 stiprios gimin\u0117s nuopuoli\u0173 ir kilim\u0173, nykimo ir prisik\u0117limo istorija, kuri\u0105 ra\u0161o pagrindiniai herojai: Vilius Karalius ir j\u012f supan\u010dios moterys. Ai\u0161kiai juntamoje laiko t\u0117km\u0117je kiekvieno j\u0173 gyvenimai skleid\u017eiasi kaip atskira ir vienkartin\u0117 istorija, tarsi teigiant, kad kiekvienas yra karalius, galintis b\u016bti, apsispr\u0119sti, pasirinkti.","breadcrumb":{"@id":"https:\/\/skaitytaknyga.lt\/produktas\/ieva-simonaityte-vilius-karalius-2\/#breadcrumb"},"inLanguage":"en-GB","potentialAction":[{"@type":"ReadAction","target":["https:\/\/skaitytaknyga.lt\/produktas\/ieva-simonaityte-vilius-karalius-2\/"]}]},{"@type":"ImageObject","inLanguage":"en-GB","@id":"https:\/\/skaitytaknyga.lt\/produktas\/ieva-simonaityte-vilius-karalius-2\/#primaryimage","url":"https:\/\/skaitytaknyga.lt\/wp-content\/uploads\/2024\/04\/1517489898_Scan_01-02-2018_1143.jpg","contentUrl":"https:\/\/skaitytaknyga.lt\/wp-content\/uploads\/2024\/04\/1517489898_Scan_01-02-2018_1143.jpg","width":274,"height":430},{"@type":"BreadcrumbList","@id":"https:\/\/skaitytaknyga.lt\/produktas\/ieva-simonaityte-vilius-karalius-2\/#breadcrumb","itemListElement":[{"@type":"ListItem","position":1,"name":"Home","item":"https:\/\/skaitytaknyga.lt\/"},{"@type":"ListItem","position":2,"name":"Parduotuv\u0117","item":"https:\/\/skaitytaknyga.lt\/knygu-parduotuve\/"},{"@type":"ListItem","position":3,"name":"Ieva Simonaityt\u0117 \u201eVilius Karalius\u201c"}]},{"@type":"WebSite","@id":"https:\/\/skaitytaknyga.lt\/#website","url":"https:\/\/skaitytaknyga.lt\/","name":"skaitytaknyga.lt","description":"Skaitytaknyga.lt \u2013 tai ma\u017eas \u0161eimos verslas, kuris prasid\u0117jo nuo meil\u0117s knygoms ir siekio i\u0161gelb\u0117ti knygas nuo likimo prie konteinerio. Kas vienam nereikalingas daiktas \u2013 kitam lobis, o mes esame tarpininkai, kurie padeda abiems tapti laimingesniems ???? \u017dinome kaip nelengva i\u0161gyventi ma\u017eiems verslams, tad nuo \u0161iol, \u010dia rasite ir kit\u0173, ma\u017e\u0173 \u0161eim\u0173 versl\u0173, rank\u0173 darbo, dovan\u0173 sau ir artimiesiems.","publisher":{"@id":"https:\/\/skaitytaknyga.lt\/#organization"},"potentialAction":[{"@type":"SearchAction","target":{"@type":"EntryPoint","urlTemplate":"https:\/\/skaitytaknyga.lt\/?s={search_term_string}"},"query-input":{"@type":"PropertyValueSpecification","valueRequired":true,"valueName":"search_term_string"}}],"inLanguage":"en-GB"},{"@type":"Organization","@id":"https:\/\/skaitytaknyga.lt\/#organization","name":"skaitytaknyga.lt","url":"https:\/\/skaitytaknyga.lt\/","logo":{"@type":"ImageObject","inLanguage":"en-GB","@id":"https:\/\/skaitytaknyga.lt\/#\/schema\/logo\/image\/","url":"https:\/\/skaitytaknyga.lt\/wp-content\/uploads\/2024\/05\/cropped-cropped-cropped-02_00843_jt3bggkj1j3HLc7SyY6rEUpg.jpeg","contentUrl":"https:\/\/skaitytaknyga.lt\/wp-content\/uploads\/2024\/05\/cropped-cropped-cropped-02_00843_jt3bggkj1j3HLc7SyY6rEUpg.jpeg","width":1600,"height":1600,"caption":"skaitytaknyga.lt"},"image":{"@id":"https:\/\/skaitytaknyga.lt\/#\/schema\/logo\/image\/"},"sameAs":["https:\/\/www.facebook.com\/skaitytaknyga\/"]}]}},"_links":{"self":[{"href":"https:\/\/skaitytaknyga.lt\/en\/wp-json\/wp\/v2\/product\/8373","targetHints":{"allow":["GET"]}}],"collection":[{"href":"https:\/\/skaitytaknyga.lt\/en\/wp-json\/wp\/v2\/product"}],"about":[{"href":"https:\/\/skaitytaknyga.lt\/en\/wp-json\/wp\/v2\/types\/product"}],"replies":[{"embeddable":true,"href":"https:\/\/skaitytaknyga.lt\/en\/wp-json\/wp\/v2\/comments?post=8373"}],"wp:featuredmedia":[{"embeddable":true,"href":"https:\/\/skaitytaknyga.lt\/en\/wp-json\/wp\/v2\/media\/4425"}],"wp:attachment":[{"href":"https:\/\/skaitytaknyga.lt\/en\/wp-json\/wp\/v2\/media?parent=8373"}],"wp:term":[{"taxonomy":"product_brand","embeddable":true,"href":"https:\/\/skaitytaknyga.lt\/en\/wp-json\/wp\/v2\/product_brand?post=8373"},{"taxonomy":"product_cat","embeddable":true,"href":"https:\/\/skaitytaknyga.lt\/en\/wp-json\/wp\/v2\/product_cat?post=8373"},{"taxonomy":"product_tag","embeddable":true,"href":"https:\/\/skaitytaknyga.lt\/en\/wp-json\/wp\/v2\/product_tag?post=8373"}],"curies":[{"name":"wp","href":"https:\/\/api.w.org\/{rel}","templated":true}]}}