{"id":8371,"date":"2024-05-04T14:44:31","date_gmt":"2024-05-04T14:44:31","guid":{"rendered":"https:\/\/skaitytaknyga.lt\/?post_type=product&#038;p=8371"},"modified":"2024-05-04T14:44:49","modified_gmt":"2024-05-04T14:44:49","slug":"nicholas-sparks-uzrasu-knygele-2","status":"publish","type":"product","link":"https:\/\/skaitytaknyga.lt\/en\/produktas\/nicholas-sparks-uzrasu-knygele-2\/","title":{"rendered":"Nicholas Sparks \u201eU\u017era\u0161\u0173 knygel\u0117\u201c"},"content":{"rendered":"<p>Da\u017enai meil\u0117s istorija taip pagauna m\u016bs\u0173 \u0161irdis, kad tampa daugiau nei istorija \u2013 ji tampa patirtimi, kuri\u0105 \u012fsimename visam laikui. \u201eU\u017era\u0161\u0173 knygel\u0117&#8221; yra b\u016btent tokia knyga. Tai i\u0161auk\u0161tinimas aistros, kuriai n\u0117ra nei am\u017eiaus, nei laiko rib\u0173. Tai pasakojimas, ver\u010diantis ir juoktis, ir verkti, ir dar kart\u0105 patik\u0117ti, kad tikra meil\u0117 i\u0161 ties\u0173 egzistuoja.<\/p>\n<p>I\u0161 karo gr\u012f\u017eus\u012f Noj\u0173 Kalhun\u0105 persekioja prie\u0161 de\u0161imtmet\u012f prarastos merginos paveikslas. Turtingos \u0161eimos at\u017eala El\u0117 Nelson ruo\u0161iasi i\u0161tek\u0117ti u\u017e pasiturin\u010dio teisininko, bet nesiliauja galvoti apie vaikin\u0105, seniai pavergus\u012f jos \u0161ird\u012f. Taip prasideda meil\u0117s istorija, tokia ilgaam\u017e\u0117 ir gili, kad tragedij\u0105 paver\u010dia triumfu.<\/p>\n","protected":false},"excerpt":{"rendered":"<p>Da\u017enai meil\u0117s istorija taip pagauna m\u016bs\u0173 \u0161irdis, kad tampa daugiau nei istorija \u2013 ji tampa patirtimi, kuri\u0105 \u012fsimename visam laikui. \u201eU\u017era\u0161\u0173 knygel\u0117&#8221; yra b\u016btent tokia knyga. Tai i\u0161auk\u0161tinimas aistros, kuriai n\u0117ra nei am\u017eiaus, nei laiko rib\u0173. Tai pasakojimas, ver\u010diantis ir juoktis, ir verkti, ir dar kart\u0105 patik\u0117ti, kad tikra meil\u0117 i\u0161 ties\u0173 egzistuoja.<\/p>\n<p>I\u0161 karo gr\u012f\u017eus\u012f Noj\u0173 Kalhun\u0105 persekioja prie\u0161 de\u0161imtmet\u012f prarastos merginos paveikslas. Turtingos \u0161eimos at\u017eala El\u0117 Nelson ruo\u0161iasi i\u0161tek\u0117ti u\u017e pasiturin\u010dio teisininko, bet nesiliauja galvoti apie vaikin\u0105, seniai pavergus\u012f jos \u0161ird\u012f. Taip prasideda meil\u0117s istorija, tokia ilgaam\u017e\u0117 ir gili, kad tragedij\u0105 paver\u010dia triumfu.<\/p>\n","protected":false},"featured_media":4423,"comment_status":"closed","ping_status":"closed","template":"","meta":{"_acf_changed":false,"site-sidebar-layout":"default","site-content-layout":"","ast-site-content-layout":"default","site-content-style":"default","site-sidebar-style":"default","ast-global-header-display":"","ast-banner-title-visibility":"","ast-main-header-display":"","ast-hfb-above-header-display":"","ast-hfb-below-header-display":"","ast-hfb-mobile-header-display":"","site-post-title":"","ast-breadcrumbs-content":"","ast-featured-img":"","footer-sml-layout":"","ast-disable-related-posts":"","theme-transparent-header-meta":"","adv-header-id-meta":"","stick-header-meta":"","header-above-stick-meta":"","header-main-stick-meta":"","header-below-stick-meta":"","astra-migrate-meta-layouts":"default","ast-page-background-enabled":"default","ast-page-background-meta":{"desktop":{"background-color":"","background-image":"","background-repeat":"repeat","background-position":"center center","background-size":"auto","background-attachment":"scroll","background-type":"","background-media":"","overlay-type":"","overlay-color":"","overlay-opacity":"","overlay-gradient":""},"tablet":{"background-color":"","background-image":"","background-repeat":"repeat","background-position":"center center","background-size":"auto","background-attachment":"scroll","background-type":"","background-media":"","overlay-type":"","overlay-color":"","overlay-opacity":"","overlay-gradient":""},"mobile":{"background-color":"","background-image":"","background-repeat":"repeat","background-position":"center center","background-size":"auto","background-attachment":"scroll","background-type":"","background-media":"","overlay-type":"","overlay-color":"","overlay-opacity":"","overlay-gradient":""}},"ast-content-background-meta":{"desktop":{"background-color":"var(--ast-global-color-4)","background-image":"","background-repeat":"repeat","background-position":"center center","background-size":"auto","background-attachment":"scroll","background-type":"","background-media":"","overlay-type":"","overlay-color":"","overlay-opacity":"","overlay-gradient":""},"tablet":{"background-color":"var(--ast-global-color-4)","background-image":"","background-repeat":"repeat","background-position":"center center","background-size":"auto","background-attachment":"scroll","background-type":"","background-media":"","overlay-type":"","overlay-color":"","overlay-opacity":"","overlay-gradient":""},"mobile":{"background-color":"var(--ast-global-color-4)","background-image":"","background-repeat":"repeat","background-position":"center center","background-size":"auto","background-attachment":"scroll","background-type":"","background-media":"","overlay-type":"","overlay-color":"","overlay-opacity":"","overlay-gradient":""}}},"product_brand":[],"product_cat":[31],"product_tag":[],"class_list":{"0":"post-8371","1":"product","2":"type-product","3":"status-publish","4":"has-post-thumbnail","6":"product_cat-grozine-literatura","7":"pa_leidimo-metai-662","8":"pa_virselis-kietas","9":"desktop-align-left","10":"tablet-align-left","11":"mobile-align-left","13":"first","14":"outofstock","15":"shipping-taxable","16":"purchasable","17":"product-type-simple"},"acf":[],"yoast_head":"<!-- This site is optimized with the Yoast SEO plugin v27.4 - https:\/\/yoast.com\/product\/yoast-seo-wordpress\/ -->\n<title>Nicholas Sparks \u201eU\u017era\u0161\u0173 knygel\u0117\u201c - Skaitytaknyga<\/title>\n<meta name=\"description\" content=\"Da\u017enai meil\u0117s istorija taip pagauna m\u016bs\u0173 \u0161irdis, kad tampa daugiau nei istorija \u2013 ji tampa patirtimi, kuri\u0105 \u012fsimename visam laikui. \u201eU\u017era\u0161\u0173 knygel\u0117&quot; yra b\u016btent tokia knyga. Tai i\u0161auk\u0161tinimas aistros, kuriai n\u0117ra nei am\u017eiaus, nei laiko rib\u0173. Tai pasakojimas, ver\u010diantis ir juoktis, ir verkti, ir dar kart\u0105 patik\u0117ti, kad tikra meil\u0117 i\u0161 ties\u0173 egzistuoja.  I\u0161 karo gr\u012f\u017eus\u012f Noj\u0173 Kalhun\u0105 persekioja prie\u0161 de\u0161imtmet\u012f prarastos merginos paveikslas. Turtingos \u0161eimos at\u017eala El\u0117 Nelson ruo\u0161iasi i\u0161tek\u0117ti u\u017e pasiturin\u010dio teisininko, bet nesiliauja galvoti apie vaikin\u0105, seniai pavergus\u012f jos \u0161ird\u012f. Taip prasideda meil\u0117s istorija, tokia ilgaam\u017e\u0117 ir gili, kad tragedij\u0105 paver\u010dia triumfu.\" \/>\n<meta name=\"robots\" content=\"index, follow, max-snippet:-1, max-image-preview:large, max-video-preview:-1\" \/>\n<link rel=\"canonical\" href=\"https:\/\/skaitytaknyga.lt\/en\/produktas\/nicholas-sparks-uzrasu-knygele-2\/\" \/>\n<meta property=\"og:locale\" content=\"en_GB\" \/>\n<meta property=\"og:locale:alternate\" content=\"lt_LT\" \/>\n<meta property=\"og:type\" content=\"article\" \/>\n<meta property=\"og:title\" content=\"Nicholas Sparks \u201eU\u017era\u0161\u0173 knygel\u0117\u201c - Skaitytaknyga\" \/>\n<meta property=\"og:description\" content=\"Da\u017enai meil\u0117s istorija taip pagauna m\u016bs\u0173 \u0161irdis, kad tampa daugiau nei istorija \u2013 ji tampa patirtimi, kuri\u0105 \u012fsimename visam laikui. \u201eU\u017era\u0161\u0173 knygel\u0117&quot; yra b\u016btent tokia knyga. Tai i\u0161auk\u0161tinimas aistros, kuriai n\u0117ra nei am\u017eiaus, nei laiko rib\u0173. Tai pasakojimas, ver\u010diantis ir juoktis, ir verkti, ir dar kart\u0105 patik\u0117ti, kad tikra meil\u0117 i\u0161 ties\u0173 egzistuoja.  I\u0161 karo gr\u012f\u017eus\u012f Noj\u0173 Kalhun\u0105 persekioja prie\u0161 de\u0161imtmet\u012f prarastos merginos paveikslas. Turtingos \u0161eimos at\u017eala El\u0117 Nelson ruo\u0161iasi i\u0161tek\u0117ti u\u017e pasiturin\u010dio teisininko, bet nesiliauja galvoti apie vaikin\u0105, seniai pavergus\u012f jos \u0161ird\u012f. Taip prasideda meil\u0117s istorija, tokia ilgaam\u017e\u0117 ir gili, kad tragedij\u0105 paver\u010dia triumfu.\" \/>\n<meta property=\"og:url\" content=\"https:\/\/skaitytaknyga.lt\/en\/produktas\/nicholas-sparks-uzrasu-knygele-2\/\" \/>\n<meta property=\"og:site_name\" content=\"Skaitytaknyga\" \/>\n<meta property=\"article:publisher\" content=\"https:\/\/www.facebook.com\/skaitytaknyga\/\" \/>\n<meta property=\"article:modified_time\" content=\"2024-05-04T14:44:49+00:00\" \/>\n<meta property=\"og:image\" content=\"https:\/\/skaitytaknyga.lt\/wp-content\/uploads\/2024\/04\/1505286415_122.png\" \/>\n\t<meta property=\"og:image:width\" content=\"288\" \/>\n\t<meta property=\"og:image:height\" content=\"430\" \/>\n\t<meta property=\"og:image:type\" content=\"image\/png\" \/>\n<meta name=\"twitter:card\" content=\"summary_large_image\" \/>\n<meta name=\"twitter:label1\" content=\"Estimated reading time\" \/>\n\t<meta name=\"twitter:data1\" content=\"1 minute\" \/>\n<script type=\"application\/ld+json\" class=\"yoast-schema-graph\">{\"@context\":\"https:\\\/\\\/schema.org\",\"@graph\":[{\"@type\":\"WebPage\",\"@id\":\"https:\\\/\\\/skaitytaknyga.lt\\\/produktas\\\/nicholas-sparks-uzrasu-knygele-2\\\/\",\"url\":\"https:\\\/\\\/skaitytaknyga.lt\\\/produktas\\\/nicholas-sparks-uzrasu-knygele-2\\\/\",\"name\":\"Nicholas Sparks \u201eU\u017era\u0161\u0173 knygel\u0117\u201c - Skaitytaknyga\",\"isPartOf\":{\"@id\":\"https:\\\/\\\/skaitytaknyga.lt\\\/#website\"},\"primaryImageOfPage\":{\"@id\":\"https:\\\/\\\/skaitytaknyga.lt\\\/produktas\\\/nicholas-sparks-uzrasu-knygele-2\\\/#primaryimage\"},\"image\":{\"@id\":\"https:\\\/\\\/skaitytaknyga.lt\\\/produktas\\\/nicholas-sparks-uzrasu-knygele-2\\\/#primaryimage\"},\"thumbnailUrl\":\"https:\\\/\\\/skaitytaknyga.lt\\\/wp-content\\\/uploads\\\/2024\\\/04\\\/1505286415_122.png\",\"datePublished\":\"2024-05-04T14:44:31+00:00\",\"dateModified\":\"2024-05-04T14:44:49+00:00\",\"description\":\"Da\u017enai meil\u0117s istorija taip pagauna m\u016bs\u0173 \u0161irdis, kad tampa daugiau nei istorija \u2013 ji tampa patirtimi, kuri\u0105 \u012fsimename visam laikui. \u201eU\u017era\u0161\u0173 knygel\u0117\\\" yra b\u016btent tokia knyga. Tai i\u0161auk\u0161tinimas aistros, kuriai n\u0117ra nei am\u017eiaus, nei laiko rib\u0173. Tai pasakojimas, ver\u010diantis ir juoktis, ir verkti, ir dar kart\u0105 patik\u0117ti, kad tikra meil\u0117 i\u0161 ties\u0173 egzistuoja. I\u0161 karo gr\u012f\u017eus\u012f Noj\u0173 Kalhun\u0105 persekioja prie\u0161 de\u0161imtmet\u012f prarastos merginos paveikslas. Turtingos \u0161eimos at\u017eala El\u0117 Nelson ruo\u0161iasi i\u0161tek\u0117ti u\u017e pasiturin\u010dio teisininko, bet nesiliauja galvoti apie vaikin\u0105, seniai pavergus\u012f jos \u0161ird\u012f. Taip prasideda meil\u0117s istorija, tokia ilgaam\u017e\u0117 ir gili, kad tragedij\u0105 paver\u010dia triumfu.\",\"breadcrumb\":{\"@id\":\"https:\\\/\\\/skaitytaknyga.lt\\\/produktas\\\/nicholas-sparks-uzrasu-knygele-2\\\/#breadcrumb\"},\"inLanguage\":\"en-GB\",\"potentialAction\":[{\"@type\":\"ReadAction\",\"target\":[\"https:\\\/\\\/skaitytaknyga.lt\\\/produktas\\\/nicholas-sparks-uzrasu-knygele-2\\\/\"]}]},{\"@type\":\"ImageObject\",\"inLanguage\":\"en-GB\",\"@id\":\"https:\\\/\\\/skaitytaknyga.lt\\\/produktas\\\/nicholas-sparks-uzrasu-knygele-2\\\/#primaryimage\",\"url\":\"https:\\\/\\\/skaitytaknyga.lt\\\/wp-content\\\/uploads\\\/2024\\\/04\\\/1505286415_122.png\",\"contentUrl\":\"https:\\\/\\\/skaitytaknyga.lt\\\/wp-content\\\/uploads\\\/2024\\\/04\\\/1505286415_122.png\",\"width\":288,\"height\":430},{\"@type\":\"BreadcrumbList\",\"@id\":\"https:\\\/\\\/skaitytaknyga.lt\\\/produktas\\\/nicholas-sparks-uzrasu-knygele-2\\\/#breadcrumb\",\"itemListElement\":[{\"@type\":\"ListItem\",\"position\":1,\"name\":\"Home\",\"item\":\"https:\\\/\\\/skaitytaknyga.lt\\\/\"},{\"@type\":\"ListItem\",\"position\":2,\"name\":\"Parduotuv\u0117\",\"item\":\"https:\\\/\\\/skaitytaknyga.lt\\\/knygu-parduotuve\\\/\"},{\"@type\":\"ListItem\",\"position\":3,\"name\":\"Nicholas Sparks \u201eU\u017era\u0161\u0173 knygel\u0117\u201c\"}]},{\"@type\":\"WebSite\",\"@id\":\"https:\\\/\\\/skaitytaknyga.lt\\\/#website\",\"url\":\"https:\\\/\\\/skaitytaknyga.lt\\\/\",\"name\":\"skaitytaknyga.lt\",\"description\":\"Skaitytaknyga.lt \u2013 tai ma\u017eas \u0161eimos verslas, kuris prasid\u0117jo nuo meil\u0117s knygoms ir siekio i\u0161gelb\u0117ti knygas nuo likimo prie konteinerio. Kas vienam nereikalingas daiktas \u2013 kitam lobis, o mes esame tarpininkai, kurie padeda abiems tapti laimingesniems ???? \u017dinome kaip nelengva i\u0161gyventi ma\u017eiems verslams, tad nuo \u0161iol, \u010dia rasite ir kit\u0173, ma\u017e\u0173 \u0161eim\u0173 versl\u0173, rank\u0173 darbo, dovan\u0173 sau ir artimiesiems.\",\"publisher\":{\"@id\":\"https:\\\/\\\/skaitytaknyga.lt\\\/#organization\"},\"potentialAction\":[{\"@type\":\"SearchAction\",\"target\":{\"@type\":\"EntryPoint\",\"urlTemplate\":\"https:\\\/\\\/skaitytaknyga.lt\\\/?s={search_term_string}\"},\"query-input\":{\"@type\":\"PropertyValueSpecification\",\"valueRequired\":true,\"valueName\":\"search_term_string\"}}],\"inLanguage\":\"en-GB\"},{\"@type\":\"Organization\",\"@id\":\"https:\\\/\\\/skaitytaknyga.lt\\\/#organization\",\"name\":\"skaitytaknyga.lt\",\"url\":\"https:\\\/\\\/skaitytaknyga.lt\\\/\",\"logo\":{\"@type\":\"ImageObject\",\"inLanguage\":\"en-GB\",\"@id\":\"https:\\\/\\\/skaitytaknyga.lt\\\/#\\\/schema\\\/logo\\\/image\\\/\",\"url\":\"https:\\\/\\\/skaitytaknyga.lt\\\/wp-content\\\/uploads\\\/2024\\\/05\\\/cropped-cropped-cropped-02_00843_jt3bggkj1j3HLc7SyY6rEUpg.jpeg\",\"contentUrl\":\"https:\\\/\\\/skaitytaknyga.lt\\\/wp-content\\\/uploads\\\/2024\\\/05\\\/cropped-cropped-cropped-02_00843_jt3bggkj1j3HLc7SyY6rEUpg.jpeg\",\"width\":1600,\"height\":1600,\"caption\":\"skaitytaknyga.lt\"},\"image\":{\"@id\":\"https:\\\/\\\/skaitytaknyga.lt\\\/#\\\/schema\\\/logo\\\/image\\\/\"},\"sameAs\":[\"https:\\\/\\\/www.facebook.com\\\/skaitytaknyga\\\/\"]}]}<\/script>\n<!-- \/ Yoast SEO plugin. -->","yoast_head_json":{"title":"Nicholas Sparks \u201eU\u017era\u0161\u0173 knygel\u0117\u201c - Skaitytaknyga","description":"Da\u017enai meil\u0117s istorija taip pagauna m\u016bs\u0173 \u0161irdis, kad tampa daugiau nei istorija \u2013 ji tampa patirtimi, kuri\u0105 \u012fsimename visam laikui. \u201eU\u017era\u0161\u0173 knygel\u0117\" yra b\u016btent tokia knyga. Tai i\u0161auk\u0161tinimas aistros, kuriai n\u0117ra nei am\u017eiaus, nei laiko rib\u0173. Tai pasakojimas, ver\u010diantis ir juoktis, ir verkti, ir dar kart\u0105 patik\u0117ti, kad tikra meil\u0117 i\u0161 ties\u0173 egzistuoja.  I\u0161 karo gr\u012f\u017eus\u012f Noj\u0173 Kalhun\u0105 persekioja prie\u0161 de\u0161imtmet\u012f prarastos merginos paveikslas. Turtingos \u0161eimos at\u017eala El\u0117 Nelson ruo\u0161iasi i\u0161tek\u0117ti u\u017e pasiturin\u010dio teisininko, bet nesiliauja galvoti apie vaikin\u0105, seniai pavergus\u012f jos \u0161ird\u012f. Taip prasideda meil\u0117s istorija, tokia ilgaam\u017e\u0117 ir gili, kad tragedij\u0105 paver\u010dia triumfu.","robots":{"index":"index","follow":"follow","max-snippet":"max-snippet:-1","max-image-preview":"max-image-preview:large","max-video-preview":"max-video-preview:-1"},"canonical":"https:\/\/skaitytaknyga.lt\/en\/produktas\/nicholas-sparks-uzrasu-knygele-2\/","og_locale":"en_GB","og_type":"article","og_title":"Nicholas Sparks \u201eU\u017era\u0161\u0173 knygel\u0117\u201c - Skaitytaknyga","og_description":"Da\u017enai meil\u0117s istorija taip pagauna m\u016bs\u0173 \u0161irdis, kad tampa daugiau nei istorija \u2013 ji tampa patirtimi, kuri\u0105 \u012fsimename visam laikui. \u201eU\u017era\u0161\u0173 knygel\u0117\" yra b\u016btent tokia knyga. Tai i\u0161auk\u0161tinimas aistros, kuriai n\u0117ra nei am\u017eiaus, nei laiko rib\u0173. Tai pasakojimas, ver\u010diantis ir juoktis, ir verkti, ir dar kart\u0105 patik\u0117ti, kad tikra meil\u0117 i\u0161 ties\u0173 egzistuoja.  I\u0161 karo gr\u012f\u017eus\u012f Noj\u0173 Kalhun\u0105 persekioja prie\u0161 de\u0161imtmet\u012f prarastos merginos paveikslas. Turtingos \u0161eimos at\u017eala El\u0117 Nelson ruo\u0161iasi i\u0161tek\u0117ti u\u017e pasiturin\u010dio teisininko, bet nesiliauja galvoti apie vaikin\u0105, seniai pavergus\u012f jos \u0161ird\u012f. Taip prasideda meil\u0117s istorija, tokia ilgaam\u017e\u0117 ir gili, kad tragedij\u0105 paver\u010dia triumfu.","og_url":"https:\/\/skaitytaknyga.lt\/en\/produktas\/nicholas-sparks-uzrasu-knygele-2\/","og_site_name":"Skaitytaknyga","article_publisher":"https:\/\/www.facebook.com\/skaitytaknyga\/","article_modified_time":"2024-05-04T14:44:49+00:00","og_image":[{"width":288,"height":430,"url":"https:\/\/skaitytaknyga.lt\/wp-content\/uploads\/2024\/04\/1505286415_122.png","type":"image\/png"}],"twitter_card":"summary_large_image","twitter_misc":{"Estimated reading time":"1 minute"},"schema":{"@context":"https:\/\/schema.org","@graph":[{"@type":"WebPage","@id":"https:\/\/skaitytaknyga.lt\/produktas\/nicholas-sparks-uzrasu-knygele-2\/","url":"https:\/\/skaitytaknyga.lt\/produktas\/nicholas-sparks-uzrasu-knygele-2\/","name":"Nicholas Sparks \u201eU\u017era\u0161\u0173 knygel\u0117\u201c - Skaitytaknyga","isPartOf":{"@id":"https:\/\/skaitytaknyga.lt\/#website"},"primaryImageOfPage":{"@id":"https:\/\/skaitytaknyga.lt\/produktas\/nicholas-sparks-uzrasu-knygele-2\/#primaryimage"},"image":{"@id":"https:\/\/skaitytaknyga.lt\/produktas\/nicholas-sparks-uzrasu-knygele-2\/#primaryimage"},"thumbnailUrl":"https:\/\/skaitytaknyga.lt\/wp-content\/uploads\/2024\/04\/1505286415_122.png","datePublished":"2024-05-04T14:44:31+00:00","dateModified":"2024-05-04T14:44:49+00:00","description":"Da\u017enai meil\u0117s istorija taip pagauna m\u016bs\u0173 \u0161irdis, kad tampa daugiau nei istorija \u2013 ji tampa patirtimi, kuri\u0105 \u012fsimename visam laikui. \u201eU\u017era\u0161\u0173 knygel\u0117\" yra b\u016btent tokia knyga. Tai i\u0161auk\u0161tinimas aistros, kuriai n\u0117ra nei am\u017eiaus, nei laiko rib\u0173. Tai pasakojimas, ver\u010diantis ir juoktis, ir verkti, ir dar kart\u0105 patik\u0117ti, kad tikra meil\u0117 i\u0161 ties\u0173 egzistuoja. I\u0161 karo gr\u012f\u017eus\u012f Noj\u0173 Kalhun\u0105 persekioja prie\u0161 de\u0161imtmet\u012f prarastos merginos paveikslas. Turtingos \u0161eimos at\u017eala El\u0117 Nelson ruo\u0161iasi i\u0161tek\u0117ti u\u017e pasiturin\u010dio teisininko, bet nesiliauja galvoti apie vaikin\u0105, seniai pavergus\u012f jos \u0161ird\u012f. Taip prasideda meil\u0117s istorija, tokia ilgaam\u017e\u0117 ir gili, kad tragedij\u0105 paver\u010dia triumfu.","breadcrumb":{"@id":"https:\/\/skaitytaknyga.lt\/produktas\/nicholas-sparks-uzrasu-knygele-2\/#breadcrumb"},"inLanguage":"en-GB","potentialAction":[{"@type":"ReadAction","target":["https:\/\/skaitytaknyga.lt\/produktas\/nicholas-sparks-uzrasu-knygele-2\/"]}]},{"@type":"ImageObject","inLanguage":"en-GB","@id":"https:\/\/skaitytaknyga.lt\/produktas\/nicholas-sparks-uzrasu-knygele-2\/#primaryimage","url":"https:\/\/skaitytaknyga.lt\/wp-content\/uploads\/2024\/04\/1505286415_122.png","contentUrl":"https:\/\/skaitytaknyga.lt\/wp-content\/uploads\/2024\/04\/1505286415_122.png","width":288,"height":430},{"@type":"BreadcrumbList","@id":"https:\/\/skaitytaknyga.lt\/produktas\/nicholas-sparks-uzrasu-knygele-2\/#breadcrumb","itemListElement":[{"@type":"ListItem","position":1,"name":"Home","item":"https:\/\/skaitytaknyga.lt\/"},{"@type":"ListItem","position":2,"name":"Parduotuv\u0117","item":"https:\/\/skaitytaknyga.lt\/knygu-parduotuve\/"},{"@type":"ListItem","position":3,"name":"Nicholas Sparks \u201eU\u017era\u0161\u0173 knygel\u0117\u201c"}]},{"@type":"WebSite","@id":"https:\/\/skaitytaknyga.lt\/#website","url":"https:\/\/skaitytaknyga.lt\/","name":"skaitytaknyga.lt","description":"Skaitytaknyga.lt \u2013 tai ma\u017eas \u0161eimos verslas, kuris prasid\u0117jo nuo meil\u0117s knygoms ir siekio i\u0161gelb\u0117ti knygas nuo likimo prie konteinerio. Kas vienam nereikalingas daiktas \u2013 kitam lobis, o mes esame tarpininkai, kurie padeda abiems tapti laimingesniems ???? \u017dinome kaip nelengva i\u0161gyventi ma\u017eiems verslams, tad nuo \u0161iol, \u010dia rasite ir kit\u0173, ma\u017e\u0173 \u0161eim\u0173 versl\u0173, rank\u0173 darbo, dovan\u0173 sau ir artimiesiems.","publisher":{"@id":"https:\/\/skaitytaknyga.lt\/#organization"},"potentialAction":[{"@type":"SearchAction","target":{"@type":"EntryPoint","urlTemplate":"https:\/\/skaitytaknyga.lt\/?s={search_term_string}"},"query-input":{"@type":"PropertyValueSpecification","valueRequired":true,"valueName":"search_term_string"}}],"inLanguage":"en-GB"},{"@type":"Organization","@id":"https:\/\/skaitytaknyga.lt\/#organization","name":"skaitytaknyga.lt","url":"https:\/\/skaitytaknyga.lt\/","logo":{"@type":"ImageObject","inLanguage":"en-GB","@id":"https:\/\/skaitytaknyga.lt\/#\/schema\/logo\/image\/","url":"https:\/\/skaitytaknyga.lt\/wp-content\/uploads\/2024\/05\/cropped-cropped-cropped-02_00843_jt3bggkj1j3HLc7SyY6rEUpg.jpeg","contentUrl":"https:\/\/skaitytaknyga.lt\/wp-content\/uploads\/2024\/05\/cropped-cropped-cropped-02_00843_jt3bggkj1j3HLc7SyY6rEUpg.jpeg","width":1600,"height":1600,"caption":"skaitytaknyga.lt"},"image":{"@id":"https:\/\/skaitytaknyga.lt\/#\/schema\/logo\/image\/"},"sameAs":["https:\/\/www.facebook.com\/skaitytaknyga\/"]}]}},"_links":{"self":[{"href":"https:\/\/skaitytaknyga.lt\/en\/wp-json\/wp\/v2\/product\/8371","targetHints":{"allow":["GET"]}}],"collection":[{"href":"https:\/\/skaitytaknyga.lt\/en\/wp-json\/wp\/v2\/product"}],"about":[{"href":"https:\/\/skaitytaknyga.lt\/en\/wp-json\/wp\/v2\/types\/product"}],"replies":[{"embeddable":true,"href":"https:\/\/skaitytaknyga.lt\/en\/wp-json\/wp\/v2\/comments?post=8371"}],"wp:featuredmedia":[{"embeddable":true,"href":"https:\/\/skaitytaknyga.lt\/en\/wp-json\/wp\/v2\/media\/4423"}],"wp:attachment":[{"href":"https:\/\/skaitytaknyga.lt\/en\/wp-json\/wp\/v2\/media?parent=8371"}],"wp:term":[{"taxonomy":"product_brand","embeddable":true,"href":"https:\/\/skaitytaknyga.lt\/en\/wp-json\/wp\/v2\/product_brand?post=8371"},{"taxonomy":"product_cat","embeddable":true,"href":"https:\/\/skaitytaknyga.lt\/en\/wp-json\/wp\/v2\/product_cat?post=8371"},{"taxonomy":"product_tag","embeddable":true,"href":"https:\/\/skaitytaknyga.lt\/en\/wp-json\/wp\/v2\/product_tag?post=8371"}],"curies":[{"name":"wp","href":"https:\/\/api.w.org\/{rel}","templated":true}]}}