{"id":8370,"date":"2024-05-04T14:44:31","date_gmt":"2024-05-04T14:44:31","guid":{"rendered":"https:\/\/skaitytaknyga.lt\/?post_type=product&#038;p=8370"},"modified":"2025-07-23T08:43:36","modified_gmt":"2025-07-23T05:43:36","slug":"nicholas-sparks-dviese-2","status":"publish","type":"product","link":"https:\/\/skaitytaknyga.lt\/en\/produktas\/nicholas-sparks-dviese-2\/","title":{"rendered":"Nicholas Sparks \u201eDviese\u201c"},"content":{"rendered":"<div>\n<p>Raselas Grinas turi visk\u0105: kerin\u010di\u0105 \u017emon\u0105 Vivijan\u0105, s\u0117kming\u0105 reklamos k\u016br\u0117jo karjer\u0105, mylim\u0105 dukryt\u0119 ir pra\u0161matn\u0173 nam\u0105 \u0160arlot\u0117je. Jis gyvena kaip sapne ir tas sapnas sukasi apie mylim\u0105 \u017emon\u0105. Bet \u0161iame nepriekai\u0161tingo gyvenimo fasade ima ry\u0161k\u0117ti \u012ftr\u016bkimai&#8230; ir niekas nenustemba labiau nei Raselas, kai gyvenimas, kuris jam atrod\u0117 garantuotas, apsiver\u010dia auk\u0161tyn kojomis.<\/p>\n<p>Per kelis m\u0117nesius netek\u0119s darbo, priverstas vienas r\u016bpintis penkiamete dukra ir kartu lau\u017eyti galv\u0105, kaip \u012fsukti savo versl\u0105, Rasas \u017eino, jog svarbiausia nuo \u017eiauri\u0173 permain\u0173 apsaugoti brangiausi\u0105 turt\u0105 \u2013 dukryt\u0119 London. Kai Rasas pradeda bauginam\u0105 ir neplanuot\u0105 savo gyvenimo skyri\u0173, netik\u0117tas susitikimas paskatina j\u012f ie\u0161koti laim\u0117s ten, kur niekada ne\u012fsivaizdavo.<\/p>\n<\/div>\n","protected":false},"excerpt":{"rendered":"<div>\n<p>Raselas Grinas turi visk\u0105: kerin\u010di\u0105 \u017emon\u0105 Vivijan\u0105, s\u0117kming\u0105 reklamos k\u016br\u0117jo karjer\u0105, mylim\u0105 dukryt\u0119 ir pra\u0161matn\u0173 nam\u0105 \u0160arlot\u0117je. Jis gyvena kaip sapne ir tas sapnas sukasi apie mylim\u0105 \u017emon\u0105. Bet \u0161iame nepriekai\u0161tingo gyvenimo fasade ima ry\u0161k\u0117ti \u012ftr\u016bkimai&#8230; ir niekas nenustemba labiau nei Raselas, kai gyvenimas, kuris jam atrod\u0117 garantuotas, apsiver\u010dia auk\u0161tyn kojomis.<\/p>\n<p>Per kelis m\u0117nesius netek\u0119s darbo, priverstas vienas r\u016bpintis penkiamete dukra ir kartu lau\u017eyti galv\u0105, kaip \u012fsukti savo versl\u0105, Rasas \u017eino, jog svarbiausia nuo \u017eiauri\u0173 permain\u0173 apsaugoti brangiausi\u0105 turt\u0105 \u2013 dukryt\u0119 London. Kai Rasas pradeda bauginam\u0105 ir neplanuot\u0105 savo gyvenimo skyri\u0173, netik\u0117tas susitikimas paskatina j\u012f ie\u0161koti laim\u0117s ten, kur niekada ne\u012fsivaizdavo.<\/p>\n<\/div>\n","protected":false},"featured_media":4422,"comment_status":"closed","ping_status":"closed","template":"","meta":{"_acf_changed":false,"site-sidebar-layout":"default","site-content-layout":"","ast-site-content-layout":"default","site-content-style":"default","site-sidebar-style":"default","ast-global-header-display":"","ast-banner-title-visibility":"","ast-main-header-display":"","ast-hfb-above-header-display":"","ast-hfb-below-header-display":"","ast-hfb-mobile-header-display":"","site-post-title":"","ast-breadcrumbs-content":"","ast-featured-img":"","footer-sml-layout":"","ast-disable-related-posts":"","theme-transparent-header-meta":"","adv-header-id-meta":"","stick-header-meta":"","header-above-stick-meta":"","header-main-stick-meta":"","header-below-stick-meta":"","astra-migrate-meta-layouts":"default","ast-page-background-enabled":"default","ast-page-background-meta":{"desktop":{"background-color":"","background-image":"","background-repeat":"repeat","background-position":"center center","background-size":"auto","background-attachment":"scroll","background-type":"","background-media":"","overlay-type":"","overlay-color":"","overlay-opacity":"","overlay-gradient":""},"tablet":{"background-color":"","background-image":"","background-repeat":"repeat","background-position":"center center","background-size":"auto","background-attachment":"scroll","background-type":"","background-media":"","overlay-type":"","overlay-color":"","overlay-opacity":"","overlay-gradient":""},"mobile":{"background-color":"","background-image":"","background-repeat":"repeat","background-position":"center center","background-size":"auto","background-attachment":"scroll","background-type":"","background-media":"","overlay-type":"","overlay-color":"","overlay-opacity":"","overlay-gradient":""}},"ast-content-background-meta":{"desktop":{"background-color":"var(--ast-global-color-4)","background-image":"","background-repeat":"repeat","background-position":"center center","background-size":"auto","background-attachment":"scroll","background-type":"","background-media":"","overlay-type":"","overlay-color":"","overlay-opacity":"","overlay-gradient":""},"tablet":{"background-color":"var(--ast-global-color-4)","background-image":"","background-repeat":"repeat","background-position":"center center","background-size":"auto","background-attachment":"scroll","background-type":"","background-media":"","overlay-type":"","overlay-color":"","overlay-opacity":"","overlay-gradient":""},"mobile":{"background-color":"var(--ast-global-color-4)","background-image":"","background-repeat":"repeat","background-position":"center center","background-size":"auto","background-attachment":"scroll","background-type":"","background-media":"","overlay-type":"","overlay-color":"","overlay-opacity":"","overlay-gradient":""}}},"product_brand":[],"product_cat":[31],"product_tag":[],"class_list":{"0":"post-8370","1":"product","2":"type-product","3":"status-publish","4":"has-post-thumbnail","6":"product_cat-grozine-literatura","7":"pa_leidimo-metai-645","8":"pa_virselis-kietas","9":"desktop-align-left","10":"tablet-align-left","11":"mobile-align-left","13":"first","14":"instock","15":"shipping-taxable","16":"purchasable","17":"product-type-simple"},"acf":[],"yoast_head":"<!-- This site is optimized with the Yoast SEO plugin v27.4 - https:\/\/yoast.com\/product\/yoast-seo-wordpress\/ -->\n<title>Nicholas Sparks \u201eDviese\u201c<\/title>\n<meta name=\"description\" content=\"Raselas Grinas turi visk\u0105: kerin\u010di\u0105 \u017emon\u0105 Vivijan\u0105, s\u0117kming\u0105 reklamos k\u016br\u0117jo karjer\u0105, mylim\u0105 dukryt\u0119 ir pra\u0161matn\u0173 nam\u0105 \u0160arlot\u0117je. Jis gyvena kaip sapne ir tas sapnas sukasi apie mylim\u0105 \u017emon\u0105. Bet \u0161iame nepriekai\u0161tingo gyvenimo fasade ima ry\u0161k\u0117ti \u012ftr\u016bkimai... ir niekas nenustemba labiau nei Raselas, kai gyvenimas, kuris jam atrod\u0117 garantuotas, apsiver\u010dia auk\u0161tyn kojomis.  Per kelis m\u0117nesius netek\u0119s darbo, priverstas vienas r\u016bpintis penkiamete dukra ir kartu lau\u017eyti galv\u0105, kaip \u012fsukti savo versl\u0105, Rasas \u017eino, jog svarbiausia nuo \u017eiauri\u0173 permain\u0173 apsaugoti brangiausi\u0105 turt\u0105 \u2013 dukryt\u0119 London. Kai Rasas pradeda bauginam\u0105 ir neplanuot\u0105 savo gyvenimo skyri\u0173, netik\u0117tas susitikimas paskatina j\u012f ie\u0161koti laim\u0117s ten, kur niekada ne\u012fsivaizdavo.\" \/>\n<meta name=\"robots\" content=\"index, follow, max-snippet:-1, max-image-preview:large, max-video-preview:-1\" \/>\n<link rel=\"canonical\" href=\"https:\/\/skaitytaknyga.lt\/en\/produktas\/nicholas-sparks-dviese-2\/\" \/>\n<meta property=\"og:locale\" content=\"en_GB\" \/>\n<meta property=\"og:locale:alternate\" content=\"lt_LT\" \/>\n<meta property=\"og:type\" content=\"article\" \/>\n<meta property=\"og:title\" content=\"Nicholas Sparks \u201eDviese\u201c\" \/>\n<meta property=\"og:description\" content=\"Raselas Grinas turi visk\u0105: kerin\u010di\u0105 \u017emon\u0105 Vivijan\u0105, s\u0117kming\u0105 reklamos k\u016br\u0117jo karjer\u0105, mylim\u0105 dukryt\u0119 ir pra\u0161matn\u0173 nam\u0105 \u0160arlot\u0117je. Jis gyvena kaip sapne ir tas sapnas sukasi apie mylim\u0105 \u017emon\u0105. Bet \u0161iame nepriekai\u0161tingo gyvenimo fasade ima ry\u0161k\u0117ti \u012ftr\u016bkimai... ir niekas nenustemba labiau nei Raselas, kai gyvenimas, kuris jam atrod\u0117 garantuotas, apsiver\u010dia auk\u0161tyn kojomis.  Per kelis m\u0117nesius netek\u0119s darbo, priverstas vienas r\u016bpintis penkiamete dukra ir kartu lau\u017eyti galv\u0105, kaip \u012fsukti savo versl\u0105, Rasas \u017eino, jog svarbiausia nuo \u017eiauri\u0173 permain\u0173 apsaugoti brangiausi\u0105 turt\u0105 \u2013 dukryt\u0119 London. Kai Rasas pradeda bauginam\u0105 ir neplanuot\u0105 savo gyvenimo skyri\u0173, netik\u0117tas susitikimas paskatina j\u012f ie\u0161koti laim\u0117s ten, kur niekada ne\u012fsivaizdavo.\" \/>\n<meta property=\"og:url\" content=\"https:\/\/skaitytaknyga.lt\/en\/produktas\/nicholas-sparks-dviese-2\/\" \/>\n<meta property=\"og:site_name\" content=\"Skaitytaknyga\" \/>\n<meta property=\"article:publisher\" content=\"https:\/\/www.facebook.com\/skaitytaknyga\/\" \/>\n<meta property=\"article:modified_time\" content=\"2025-07-23T05:43:36+00:00\" \/>\n<meta property=\"og:image\" content=\"https:\/\/skaitytaknyga.lt\/wp-content\/uploads\/2024\/04\/1505132818_dviese_kor.jpg\" \/>\n\t<meta property=\"og:image:width\" content=\"286\" \/>\n\t<meta property=\"og:image:height\" content=\"430\" \/>\n\t<meta property=\"og:image:type\" content=\"image\/jpeg\" \/>\n<meta name=\"twitter:card\" content=\"summary_large_image\" \/>\n<meta name=\"twitter:label1\" content=\"Estimated reading time\" \/>\n\t<meta name=\"twitter:data1\" content=\"1 minute\" \/>\n<script type=\"application\/ld+json\" class=\"yoast-schema-graph\">{\"@context\":\"https:\\\/\\\/schema.org\",\"@graph\":[{\"@type\":\"WebPage\",\"@id\":\"https:\\\/\\\/skaitytaknyga.lt\\\/produktas\\\/nicholas-sparks-dviese-2\\\/\",\"url\":\"https:\\\/\\\/skaitytaknyga.lt\\\/produktas\\\/nicholas-sparks-dviese-2\\\/\",\"name\":\"Nicholas Sparks \u201eDviese\u201c\",\"isPartOf\":{\"@id\":\"https:\\\/\\\/skaitytaknyga.lt\\\/#website\"},\"primaryImageOfPage\":{\"@id\":\"https:\\\/\\\/skaitytaknyga.lt\\\/produktas\\\/nicholas-sparks-dviese-2\\\/#primaryimage\"},\"image\":{\"@id\":\"https:\\\/\\\/skaitytaknyga.lt\\\/produktas\\\/nicholas-sparks-dviese-2\\\/#primaryimage\"},\"thumbnailUrl\":\"https:\\\/\\\/skaitytaknyga.lt\\\/wp-content\\\/uploads\\\/2024\\\/04\\\/1505132818_dviese_kor.jpg\",\"datePublished\":\"2024-05-04T14:44:31+00:00\",\"dateModified\":\"2025-07-23T05:43:36+00:00\",\"description\":\"Raselas Grinas turi visk\u0105: kerin\u010di\u0105 \u017emon\u0105 Vivijan\u0105, s\u0117kming\u0105 reklamos k\u016br\u0117jo karjer\u0105, mylim\u0105 dukryt\u0119 ir pra\u0161matn\u0173 nam\u0105 \u0160arlot\u0117je. Jis gyvena kaip sapne ir tas sapnas sukasi apie mylim\u0105 \u017emon\u0105. Bet \u0161iame nepriekai\u0161tingo gyvenimo fasade ima ry\u0161k\u0117ti \u012ftr\u016bkimai... ir niekas nenustemba labiau nei Raselas, kai gyvenimas, kuris jam atrod\u0117 garantuotas, apsiver\u010dia auk\u0161tyn kojomis. Per kelis m\u0117nesius netek\u0119s darbo, priverstas vienas r\u016bpintis penkiamete dukra ir kartu lau\u017eyti galv\u0105, kaip \u012fsukti savo versl\u0105, Rasas \u017eino, jog svarbiausia nuo \u017eiauri\u0173 permain\u0173 apsaugoti brangiausi\u0105 turt\u0105 \u2013 dukryt\u0119 London. Kai Rasas pradeda bauginam\u0105 ir neplanuot\u0105 savo gyvenimo skyri\u0173, netik\u0117tas susitikimas paskatina j\u012f ie\u0161koti laim\u0117s ten, kur niekada ne\u012fsivaizdavo.\",\"breadcrumb\":{\"@id\":\"https:\\\/\\\/skaitytaknyga.lt\\\/produktas\\\/nicholas-sparks-dviese-2\\\/#breadcrumb\"},\"inLanguage\":\"en-GB\",\"potentialAction\":[{\"@type\":\"ReadAction\",\"target\":[\"https:\\\/\\\/skaitytaknyga.lt\\\/produktas\\\/nicholas-sparks-dviese-2\\\/\"]}]},{\"@type\":\"ImageObject\",\"inLanguage\":\"en-GB\",\"@id\":\"https:\\\/\\\/skaitytaknyga.lt\\\/produktas\\\/nicholas-sparks-dviese-2\\\/#primaryimage\",\"url\":\"https:\\\/\\\/skaitytaknyga.lt\\\/wp-content\\\/uploads\\\/2024\\\/04\\\/1505132818_dviese_kor.jpg\",\"contentUrl\":\"https:\\\/\\\/skaitytaknyga.lt\\\/wp-content\\\/uploads\\\/2024\\\/04\\\/1505132818_dviese_kor.jpg\",\"width\":286,\"height\":430},{\"@type\":\"BreadcrumbList\",\"@id\":\"https:\\\/\\\/skaitytaknyga.lt\\\/produktas\\\/nicholas-sparks-dviese-2\\\/#breadcrumb\",\"itemListElement\":[{\"@type\":\"ListItem\",\"position\":1,\"name\":\"Home\",\"item\":\"https:\\\/\\\/skaitytaknyga.lt\\\/\"},{\"@type\":\"ListItem\",\"position\":2,\"name\":\"Parduotuv\u0117\",\"item\":\"https:\\\/\\\/skaitytaknyga.lt\\\/knygu-parduotuve\\\/\"},{\"@type\":\"ListItem\",\"position\":3,\"name\":\"Nicholas Sparks \u201eDviese\u201c\"}]},{\"@type\":\"WebSite\",\"@id\":\"https:\\\/\\\/skaitytaknyga.lt\\\/#website\",\"url\":\"https:\\\/\\\/skaitytaknyga.lt\\\/\",\"name\":\"skaitytaknyga.lt\",\"description\":\"Skaitytaknyga.lt \u2013 tai ma\u017eas \u0161eimos verslas, kuris prasid\u0117jo nuo meil\u0117s knygoms ir siekio i\u0161gelb\u0117ti knygas nuo likimo prie konteinerio. Kas vienam nereikalingas daiktas \u2013 kitam lobis, o mes esame tarpininkai, kurie padeda abiems tapti laimingesniems ???? \u017dinome kaip nelengva i\u0161gyventi ma\u017eiems verslams, tad nuo \u0161iol, \u010dia rasite ir kit\u0173, ma\u017e\u0173 \u0161eim\u0173 versl\u0173, rank\u0173 darbo, dovan\u0173 sau ir artimiesiems.\",\"publisher\":{\"@id\":\"https:\\\/\\\/skaitytaknyga.lt\\\/#organization\"},\"potentialAction\":[{\"@type\":\"SearchAction\",\"target\":{\"@type\":\"EntryPoint\",\"urlTemplate\":\"https:\\\/\\\/skaitytaknyga.lt\\\/?s={search_term_string}\"},\"query-input\":{\"@type\":\"PropertyValueSpecification\",\"valueRequired\":true,\"valueName\":\"search_term_string\"}}],\"inLanguage\":\"en-GB\"},{\"@type\":\"Organization\",\"@id\":\"https:\\\/\\\/skaitytaknyga.lt\\\/#organization\",\"name\":\"skaitytaknyga.lt\",\"url\":\"https:\\\/\\\/skaitytaknyga.lt\\\/\",\"logo\":{\"@type\":\"ImageObject\",\"inLanguage\":\"en-GB\",\"@id\":\"https:\\\/\\\/skaitytaknyga.lt\\\/#\\\/schema\\\/logo\\\/image\\\/\",\"url\":\"https:\\\/\\\/skaitytaknyga.lt\\\/wp-content\\\/uploads\\\/2024\\\/05\\\/cropped-cropped-cropped-02_00843_jt3bggkj1j3HLc7SyY6rEUpg.jpeg\",\"contentUrl\":\"https:\\\/\\\/skaitytaknyga.lt\\\/wp-content\\\/uploads\\\/2024\\\/05\\\/cropped-cropped-cropped-02_00843_jt3bggkj1j3HLc7SyY6rEUpg.jpeg\",\"width\":1600,\"height\":1600,\"caption\":\"skaitytaknyga.lt\"},\"image\":{\"@id\":\"https:\\\/\\\/skaitytaknyga.lt\\\/#\\\/schema\\\/logo\\\/image\\\/\"},\"sameAs\":[\"https:\\\/\\\/www.facebook.com\\\/skaitytaknyga\\\/\"]}]}<\/script>\n<!-- \/ Yoast SEO plugin. -->","yoast_head_json":{"title":"Nicholas Sparks \u201eDviese\u201c","description":"Raselas Grinas turi visk\u0105: kerin\u010di\u0105 \u017emon\u0105 Vivijan\u0105, s\u0117kming\u0105 reklamos k\u016br\u0117jo karjer\u0105, mylim\u0105 dukryt\u0119 ir pra\u0161matn\u0173 nam\u0105 \u0160arlot\u0117je. Jis gyvena kaip sapne ir tas sapnas sukasi apie mylim\u0105 \u017emon\u0105. Bet \u0161iame nepriekai\u0161tingo gyvenimo fasade ima ry\u0161k\u0117ti \u012ftr\u016bkimai... ir niekas nenustemba labiau nei Raselas, kai gyvenimas, kuris jam atrod\u0117 garantuotas, apsiver\u010dia auk\u0161tyn kojomis.  Per kelis m\u0117nesius netek\u0119s darbo, priverstas vienas r\u016bpintis penkiamete dukra ir kartu lau\u017eyti galv\u0105, kaip \u012fsukti savo versl\u0105, Rasas \u017eino, jog svarbiausia nuo \u017eiauri\u0173 permain\u0173 apsaugoti brangiausi\u0105 turt\u0105 \u2013 dukryt\u0119 London. Kai Rasas pradeda bauginam\u0105 ir neplanuot\u0105 savo gyvenimo skyri\u0173, netik\u0117tas susitikimas paskatina j\u012f ie\u0161koti laim\u0117s ten, kur niekada ne\u012fsivaizdavo.","robots":{"index":"index","follow":"follow","max-snippet":"max-snippet:-1","max-image-preview":"max-image-preview:large","max-video-preview":"max-video-preview:-1"},"canonical":"https:\/\/skaitytaknyga.lt\/en\/produktas\/nicholas-sparks-dviese-2\/","og_locale":"en_GB","og_type":"article","og_title":"[:lt]Nicholas Sparks \u201eDviese\u201c[:] - Skaitytaknyga","og_description":"Raselas Grinas turi visk\u0105: kerin\u010di\u0105 \u017emon\u0105 Vivijan\u0105, s\u0117kming\u0105 reklamos k\u016br\u0117jo karjer\u0105, mylim\u0105 dukryt\u0119 ir pra\u0161matn\u0173 nam\u0105 \u0160arlot\u0117je. Jis gyvena kaip sapne ir tas sapnas sukasi apie mylim\u0105 \u017emon\u0105. Bet \u0161iame nepriekai\u0161tingo gyvenimo fasade ima ry\u0161k\u0117ti \u012ftr\u016bkimai... ir niekas nenustemba labiau nei Raselas, kai gyvenimas, kuris jam atrod\u0117 garantuotas, apsiver\u010dia auk\u0161tyn kojomis.  Per kelis m\u0117nesius netek\u0119s darbo, priverstas vienas r\u016bpintis penkiamete dukra ir kartu lau\u017eyti galv\u0105, kaip \u012fsukti savo versl\u0105, Rasas \u017eino, jog svarbiausia nuo \u017eiauri\u0173 permain\u0173 apsaugoti brangiausi\u0105 turt\u0105 \u2013 dukryt\u0119 London. Kai Rasas pradeda bauginam\u0105 ir neplanuot\u0105 savo gyvenimo skyri\u0173, netik\u0117tas susitikimas paskatina j\u012f ie\u0161koti laim\u0117s ten, kur niekada ne\u012fsivaizdavo.","og_url":"https:\/\/skaitytaknyga.lt\/en\/produktas\/nicholas-sparks-dviese-2\/","og_site_name":"Skaitytaknyga","article_publisher":"https:\/\/www.facebook.com\/skaitytaknyga\/","article_modified_time":"2025-07-23T05:43:36+00:00","og_image":[{"width":286,"height":430,"url":"https:\/\/skaitytaknyga.lt\/wp-content\/uploads\/2024\/04\/1505132818_dviese_kor.jpg","type":"image\/jpeg"}],"twitter_card":"summary_large_image","twitter_misc":{"Estimated reading time":"1 minute"},"schema":{"@context":"https:\/\/schema.org","@graph":[{"@type":"WebPage","@id":"https:\/\/skaitytaknyga.lt\/produktas\/nicholas-sparks-dviese-2\/","url":"https:\/\/skaitytaknyga.lt\/produktas\/nicholas-sparks-dviese-2\/","name":"Nicholas Sparks \u201eDviese\u201c","isPartOf":{"@id":"https:\/\/skaitytaknyga.lt\/#website"},"primaryImageOfPage":{"@id":"https:\/\/skaitytaknyga.lt\/produktas\/nicholas-sparks-dviese-2\/#primaryimage"},"image":{"@id":"https:\/\/skaitytaknyga.lt\/produktas\/nicholas-sparks-dviese-2\/#primaryimage"},"thumbnailUrl":"https:\/\/skaitytaknyga.lt\/wp-content\/uploads\/2024\/04\/1505132818_dviese_kor.jpg","datePublished":"2024-05-04T14:44:31+00:00","dateModified":"2025-07-23T05:43:36+00:00","description":"Raselas Grinas turi visk\u0105: kerin\u010di\u0105 \u017emon\u0105 Vivijan\u0105, s\u0117kming\u0105 reklamos k\u016br\u0117jo karjer\u0105, mylim\u0105 dukryt\u0119 ir pra\u0161matn\u0173 nam\u0105 \u0160arlot\u0117je. Jis gyvena kaip sapne ir tas sapnas sukasi apie mylim\u0105 \u017emon\u0105. Bet \u0161iame nepriekai\u0161tingo gyvenimo fasade ima ry\u0161k\u0117ti \u012ftr\u016bkimai... ir niekas nenustemba labiau nei Raselas, kai gyvenimas, kuris jam atrod\u0117 garantuotas, apsiver\u010dia auk\u0161tyn kojomis. Per kelis m\u0117nesius netek\u0119s darbo, priverstas vienas r\u016bpintis penkiamete dukra ir kartu lau\u017eyti galv\u0105, kaip \u012fsukti savo versl\u0105, Rasas \u017eino, jog svarbiausia nuo \u017eiauri\u0173 permain\u0173 apsaugoti brangiausi\u0105 turt\u0105 \u2013 dukryt\u0119 London. Kai Rasas pradeda bauginam\u0105 ir neplanuot\u0105 savo gyvenimo skyri\u0173, netik\u0117tas susitikimas paskatina j\u012f ie\u0161koti laim\u0117s ten, kur niekada ne\u012fsivaizdavo.","breadcrumb":{"@id":"https:\/\/skaitytaknyga.lt\/produktas\/nicholas-sparks-dviese-2\/#breadcrumb"},"inLanguage":"en-GB","potentialAction":[{"@type":"ReadAction","target":["https:\/\/skaitytaknyga.lt\/produktas\/nicholas-sparks-dviese-2\/"]}]},{"@type":"ImageObject","inLanguage":"en-GB","@id":"https:\/\/skaitytaknyga.lt\/produktas\/nicholas-sparks-dviese-2\/#primaryimage","url":"https:\/\/skaitytaknyga.lt\/wp-content\/uploads\/2024\/04\/1505132818_dviese_kor.jpg","contentUrl":"https:\/\/skaitytaknyga.lt\/wp-content\/uploads\/2024\/04\/1505132818_dviese_kor.jpg","width":286,"height":430},{"@type":"BreadcrumbList","@id":"https:\/\/skaitytaknyga.lt\/produktas\/nicholas-sparks-dviese-2\/#breadcrumb","itemListElement":[{"@type":"ListItem","position":1,"name":"Home","item":"https:\/\/skaitytaknyga.lt\/"},{"@type":"ListItem","position":2,"name":"Parduotuv\u0117","item":"https:\/\/skaitytaknyga.lt\/knygu-parduotuve\/"},{"@type":"ListItem","position":3,"name":"Nicholas Sparks \u201eDviese\u201c"}]},{"@type":"WebSite","@id":"https:\/\/skaitytaknyga.lt\/#website","url":"https:\/\/skaitytaknyga.lt\/","name":"skaitytaknyga.lt","description":"Skaitytaknyga.lt \u2013 tai ma\u017eas \u0161eimos verslas, kuris prasid\u0117jo nuo meil\u0117s knygoms ir siekio i\u0161gelb\u0117ti knygas nuo likimo prie konteinerio. Kas vienam nereikalingas daiktas \u2013 kitam lobis, o mes esame tarpininkai, kurie padeda abiems tapti laimingesniems ???? \u017dinome kaip nelengva i\u0161gyventi ma\u017eiems verslams, tad nuo \u0161iol, \u010dia rasite ir kit\u0173, ma\u017e\u0173 \u0161eim\u0173 versl\u0173, rank\u0173 darbo, dovan\u0173 sau ir artimiesiems.","publisher":{"@id":"https:\/\/skaitytaknyga.lt\/#organization"},"potentialAction":[{"@type":"SearchAction","target":{"@type":"EntryPoint","urlTemplate":"https:\/\/skaitytaknyga.lt\/?s={search_term_string}"},"query-input":{"@type":"PropertyValueSpecification","valueRequired":true,"valueName":"search_term_string"}}],"inLanguage":"en-GB"},{"@type":"Organization","@id":"https:\/\/skaitytaknyga.lt\/#organization","name":"skaitytaknyga.lt","url":"https:\/\/skaitytaknyga.lt\/","logo":{"@type":"ImageObject","inLanguage":"en-GB","@id":"https:\/\/skaitytaknyga.lt\/#\/schema\/logo\/image\/","url":"https:\/\/skaitytaknyga.lt\/wp-content\/uploads\/2024\/05\/cropped-cropped-cropped-02_00843_jt3bggkj1j3HLc7SyY6rEUpg.jpeg","contentUrl":"https:\/\/skaitytaknyga.lt\/wp-content\/uploads\/2024\/05\/cropped-cropped-cropped-02_00843_jt3bggkj1j3HLc7SyY6rEUpg.jpeg","width":1600,"height":1600,"caption":"skaitytaknyga.lt"},"image":{"@id":"https:\/\/skaitytaknyga.lt\/#\/schema\/logo\/image\/"},"sameAs":["https:\/\/www.facebook.com\/skaitytaknyga\/"]}]}},"_links":{"self":[{"href":"https:\/\/skaitytaknyga.lt\/en\/wp-json\/wp\/v2\/product\/8370","targetHints":{"allow":["GET"]}}],"collection":[{"href":"https:\/\/skaitytaknyga.lt\/en\/wp-json\/wp\/v2\/product"}],"about":[{"href":"https:\/\/skaitytaknyga.lt\/en\/wp-json\/wp\/v2\/types\/product"}],"replies":[{"embeddable":true,"href":"https:\/\/skaitytaknyga.lt\/en\/wp-json\/wp\/v2\/comments?post=8370"}],"wp:featuredmedia":[{"embeddable":true,"href":"https:\/\/skaitytaknyga.lt\/en\/wp-json\/wp\/v2\/media\/4422"}],"wp:attachment":[{"href":"https:\/\/skaitytaknyga.lt\/en\/wp-json\/wp\/v2\/media?parent=8370"}],"wp:term":[{"taxonomy":"product_brand","embeddable":true,"href":"https:\/\/skaitytaknyga.lt\/en\/wp-json\/wp\/v2\/product_brand?post=8370"},{"taxonomy":"product_cat","embeddable":true,"href":"https:\/\/skaitytaknyga.lt\/en\/wp-json\/wp\/v2\/product_cat?post=8370"},{"taxonomy":"product_tag","embeddable":true,"href":"https:\/\/skaitytaknyga.lt\/en\/wp-json\/wp\/v2\/product_tag?post=8370"}],"curies":[{"name":"wp","href":"https:\/\/api.w.org\/{rel}","templated":true}]}}