{"id":8355,"date":"2024-05-04T14:44:10","date_gmt":"2024-05-04T14:44:10","guid":{"rendered":"https:\/\/skaitytaknyga.lt\/?post_type=product&#038;p=8355"},"modified":"2024-05-04T14:44:35","modified_gmt":"2024-05-04T14:44:35","slug":"jamie-oliver-gaminame-su-oliveriu-2","status":"publish","type":"product","link":"https:\/\/skaitytaknyga.lt\/en\/produktas\/jamie-oliver-gaminame-su-oliveriu-2\/","title":{"rendered":"Jamie Oliver \u201eGaminame su Oliveriu\u201c"},"content":{"rendered":"<p>\u010cia nerasite nei fil\u0117 kepsni\u0173, nei omar\u0173 nei kitoki\u0173 snobi\u0161k\u0173 dalyk\u0117li\u0173. Daugeliui apra\u0161om\u0173 patiekal\u0173 reik\u0117s \u012fprast\u0173 produkt\u0173, kuri\u0173 galite \u012fsigyti turguose ar prekybos centruose bet kurioje pasaulio \u0161alyje. Nepabandyti gaminti \u2013 tiesiog nedovanotina!<\/p>\n","protected":false},"excerpt":{"rendered":"<p>\u010cia nerasite nei fil\u0117 kepsni\u0173, nei omar\u0173 nei kitoki\u0173 snobi\u0161k\u0173 dalyk\u0117li\u0173. Daugeliui apra\u0161om\u0173 patiekal\u0173 reik\u0117s \u012fprast\u0173 produkt\u0173, kuri\u0173 galite \u012fsigyti turguose ar prekybos centruose bet kurioje pasaulio \u0161alyje. Nepabandyti gaminti \u2013 tiesiog nedovanotina!<\/p>\n","protected":false},"featured_media":4380,"comment_status":"closed","ping_status":"closed","template":"","meta":{"_acf_changed":false,"site-sidebar-layout":"default","site-content-layout":"","ast-site-content-layout":"default","site-content-style":"default","site-sidebar-style":"default","ast-global-header-display":"","ast-banner-title-visibility":"","ast-main-header-display":"","ast-hfb-above-header-display":"","ast-hfb-below-header-display":"","ast-hfb-mobile-header-display":"","site-post-title":"","ast-breadcrumbs-content":"","ast-featured-img":"","footer-sml-layout":"","ast-disable-related-posts":"","theme-transparent-header-meta":"","adv-header-id-meta":"","stick-header-meta":"","header-above-stick-meta":"","header-main-stick-meta":"","header-below-stick-meta":"","astra-migrate-meta-layouts":"default","ast-page-background-enabled":"default","ast-page-background-meta":{"desktop":{"background-color":"","background-image":"","background-repeat":"repeat","background-position":"center center","background-size":"auto","background-attachment":"scroll","background-type":"","background-media":"","overlay-type":"","overlay-color":"","overlay-opacity":"","overlay-gradient":""},"tablet":{"background-color":"","background-image":"","background-repeat":"repeat","background-position":"center center","background-size":"auto","background-attachment":"scroll","background-type":"","background-media":"","overlay-type":"","overlay-color":"","overlay-opacity":"","overlay-gradient":""},"mobile":{"background-color":"","background-image":"","background-repeat":"repeat","background-position":"center center","background-size":"auto","background-attachment":"scroll","background-type":"","background-media":"","overlay-type":"","overlay-color":"","overlay-opacity":"","overlay-gradient":""}},"ast-content-background-meta":{"desktop":{"background-color":"var(--ast-global-color-4)","background-image":"","background-repeat":"repeat","background-position":"center center","background-size":"auto","background-attachment":"scroll","background-type":"","background-media":"","overlay-type":"","overlay-color":"","overlay-opacity":"","overlay-gradient":""},"tablet":{"background-color":"var(--ast-global-color-4)","background-image":"","background-repeat":"repeat","background-position":"center center","background-size":"auto","background-attachment":"scroll","background-type":"","background-media":"","overlay-type":"","overlay-color":"","overlay-opacity":"","overlay-gradient":""},"mobile":{"background-color":"var(--ast-global-color-4)","background-image":"","background-repeat":"repeat","background-position":"center center","background-size":"auto","background-attachment":"scroll","background-type":"","background-media":"","overlay-type":"","overlay-color":"","overlay-opacity":"","overlay-gradient":""}}},"product_brand":[],"product_cat":[58],"product_tag":[],"class_list":{"0":"post-8355","1":"product","2":"type-product","3":"status-publish","4":"has-post-thumbnail","6":"product_cat-receptai","7":"pa_leidimo-metai-621","8":"desktop-align-left","9":"tablet-align-left","10":"mobile-align-left","12":"first","13":"instock","14":"shipping-taxable","15":"purchasable","16":"product-type-simple"},"acf":[],"yoast_head":"<!-- This site is optimized with the Yoast SEO plugin v27.0 - https:\/\/yoast.com\/product\/yoast-seo-wordpress\/ -->\n<title>Jamie Oliver \u201eGaminame su Oliveriu\u201c - Skaitytaknyga<\/title>\n<meta name=\"description\" content=\"\u010cia nerasite nei fil\u0117 kepsni\u0173, nei omar\u0173 nei kitoki\u0173 snobi\u0161k\u0173 dalyk\u0117li\u0173. Daugeliui apra\u0161om\u0173 patiekal\u0173 reik\u0117s \u012fprast\u0173 produkt\u0173, kuri\u0173 galite \u012fsigyti turguose ar prekybos centruose bet kurioje pasaulio \u0161alyje. Nepabandyti gaminti \u2013 tiesiog nedovanotina!\" \/>\n<meta name=\"robots\" content=\"index, follow, max-snippet:-1, max-image-preview:large, max-video-preview:-1\" \/>\n<link rel=\"canonical\" href=\"https:\/\/skaitytaknyga.lt\/en\/produktas\/jamie-oliver-gaminame-su-oliveriu-2\/\" \/>\n<meta property=\"og:locale\" content=\"en_GB\" \/>\n<meta property=\"og:locale:alternate\" content=\"lt_LT\" \/>\n<meta property=\"og:type\" content=\"article\" \/>\n<meta property=\"og:title\" content=\"Jamie Oliver \u201eGaminame su Oliveriu\u201c - Skaitytaknyga\" \/>\n<meta property=\"og:description\" content=\"\u010cia nerasite nei fil\u0117 kepsni\u0173, nei omar\u0173 nei kitoki\u0173 snobi\u0161k\u0173 dalyk\u0117li\u0173. Daugeliui apra\u0161om\u0173 patiekal\u0173 reik\u0117s \u012fprast\u0173 produkt\u0173, kuri\u0173 galite \u012fsigyti turguose ar prekybos centruose bet kurioje pasaulio \u0161alyje. Nepabandyti gaminti \u2013 tiesiog nedovanotina!\" \/>\n<meta property=\"og:url\" content=\"https:\/\/skaitytaknyga.lt\/en\/produktas\/jamie-oliver-gaminame-su-oliveriu-2\/\" \/>\n<meta property=\"og:site_name\" content=\"Skaitytaknyga\" \/>\n<meta property=\"article:publisher\" content=\"https:\/\/www.facebook.com\/skaitytaknyga\/\" \/>\n<meta property=\"article:modified_time\" content=\"2024-05-04T14:44:35+00:00\" \/>\n<meta property=\"og:image\" content=\"https:\/\/skaitytaknyga.lt\/wp-content\/uploads\/2024\/04\/1462874135_oliveris.jpg\" \/>\n\t<meta property=\"og:image:width\" content=\"320\" \/>\n\t<meta property=\"og:image:height\" content=\"411\" \/>\n\t<meta property=\"og:image:type\" content=\"image\/jpeg\" \/>\n<meta name=\"twitter:card\" content=\"summary_large_image\" \/>\n<script type=\"application\/ld+json\" class=\"yoast-schema-graph\">{\"@context\":\"https:\/\/schema.org\",\"@graph\":[{\"@type\":\"WebPage\",\"@id\":\"https:\/\/skaitytaknyga.lt\/produktas\/jamie-oliver-gaminame-su-oliveriu-2\/\",\"url\":\"https:\/\/skaitytaknyga.lt\/produktas\/jamie-oliver-gaminame-su-oliveriu-2\/\",\"name\":\"Jamie Oliver \u201eGaminame su Oliveriu\u201c - Skaitytaknyga\",\"isPartOf\":{\"@id\":\"https:\/\/skaitytaknyga.lt\/#website\"},\"primaryImageOfPage\":{\"@id\":\"https:\/\/skaitytaknyga.lt\/produktas\/jamie-oliver-gaminame-su-oliveriu-2\/#primaryimage\"},\"image\":{\"@id\":\"https:\/\/skaitytaknyga.lt\/produktas\/jamie-oliver-gaminame-su-oliveriu-2\/#primaryimage\"},\"thumbnailUrl\":\"https:\/\/skaitytaknyga.lt\/wp-content\/uploads\/2024\/04\/1462874135_oliveris.jpg\",\"datePublished\":\"2024-05-04T14:44:10+00:00\",\"dateModified\":\"2024-05-04T14:44:35+00:00\",\"description\":\"\u010cia nerasite nei fil\u0117 kepsni\u0173, nei omar\u0173 nei kitoki\u0173 snobi\u0161k\u0173 dalyk\u0117li\u0173. Daugeliui apra\u0161om\u0173 patiekal\u0173 reik\u0117s \u012fprast\u0173 produkt\u0173, kuri\u0173 galite \u012fsigyti turguose ar prekybos centruose bet kurioje pasaulio \u0161alyje. Nepabandyti gaminti \u2013 tiesiog nedovanotina!\",\"breadcrumb\":{\"@id\":\"https:\/\/skaitytaknyga.lt\/produktas\/jamie-oliver-gaminame-su-oliveriu-2\/#breadcrumb\"},\"inLanguage\":\"en-GB\",\"potentialAction\":[{\"@type\":\"ReadAction\",\"target\":[\"https:\/\/skaitytaknyga.lt\/produktas\/jamie-oliver-gaminame-su-oliveriu-2\/\"]}]},{\"@type\":\"ImageObject\",\"inLanguage\":\"en-GB\",\"@id\":\"https:\/\/skaitytaknyga.lt\/produktas\/jamie-oliver-gaminame-su-oliveriu-2\/#primaryimage\",\"url\":\"https:\/\/skaitytaknyga.lt\/wp-content\/uploads\/2024\/04\/1462874135_oliveris.jpg\",\"contentUrl\":\"https:\/\/skaitytaknyga.lt\/wp-content\/uploads\/2024\/04\/1462874135_oliveris.jpg\",\"width\":320,\"height\":411,\"caption\":\"1462874135 oliveris\"},{\"@type\":\"BreadcrumbList\",\"@id\":\"https:\/\/skaitytaknyga.lt\/produktas\/jamie-oliver-gaminame-su-oliveriu-2\/#breadcrumb\",\"itemListElement\":[{\"@type\":\"ListItem\",\"position\":1,\"name\":\"Home\",\"item\":\"https:\/\/skaitytaknyga.lt\/\"},{\"@type\":\"ListItem\",\"position\":2,\"name\":\"Parduotuv\u0117\",\"item\":\"https:\/\/skaitytaknyga.lt\/knygu-parduotuve\/\"},{\"@type\":\"ListItem\",\"position\":3,\"name\":\"Jamie Oliver \u201eGaminame su Oliveriu\u201c\"}]},{\"@type\":\"WebSite\",\"@id\":\"https:\/\/skaitytaknyga.lt\/#website\",\"url\":\"https:\/\/skaitytaknyga.lt\/\",\"name\":\"skaitytaknyga.lt\",\"description\":\"Skaitytaknyga.lt \u2013 tai ma\u017eas \u0161eimos verslas, kuris prasid\u0117jo nuo meil\u0117s knygoms ir siekio i\u0161gelb\u0117ti knygas nuo likimo prie konteinerio. Kas vienam nereikalingas daiktas \u2013 kitam lobis, o mes esame tarpininkai, kurie padeda abiems tapti laimingesniems ???? \u017dinome kaip nelengva i\u0161gyventi ma\u017eiems verslams, tad nuo \u0161iol, \u010dia rasite ir kit\u0173, ma\u017e\u0173 \u0161eim\u0173 versl\u0173, rank\u0173 darbo, dovan\u0173 sau ir artimiesiems.\",\"publisher\":{\"@id\":\"https:\/\/skaitytaknyga.lt\/#organization\"},\"potentialAction\":[{\"@type\":\"SearchAction\",\"target\":{\"@type\":\"EntryPoint\",\"urlTemplate\":\"https:\/\/skaitytaknyga.lt\/?s={search_term_string}\"},\"query-input\":{\"@type\":\"PropertyValueSpecification\",\"valueRequired\":true,\"valueName\":\"search_term_string\"}}],\"inLanguage\":\"en-GB\"},{\"@type\":\"Organization\",\"@id\":\"https:\/\/skaitytaknyga.lt\/#organization\",\"name\":\"skaitytaknyga.lt\",\"url\":\"https:\/\/skaitytaknyga.lt\/\",\"logo\":{\"@type\":\"ImageObject\",\"inLanguage\":\"en-GB\",\"@id\":\"https:\/\/skaitytaknyga.lt\/#\/schema\/logo\/image\/\",\"url\":\"https:\/\/skaitytaknyga.lt\/wp-content\/uploads\/2024\/05\/cropped-cropped-cropped-02_00843_jt3bggkj1j3HLc7SyY6rEUpg.jpeg\",\"contentUrl\":\"https:\/\/skaitytaknyga.lt\/wp-content\/uploads\/2024\/05\/cropped-cropped-cropped-02_00843_jt3bggkj1j3HLc7SyY6rEUpg.jpeg\",\"width\":1600,\"height\":1600,\"caption\":\"skaitytaknyga.lt\"},\"image\":{\"@id\":\"https:\/\/skaitytaknyga.lt\/#\/schema\/logo\/image\/\"},\"sameAs\":[\"https:\/\/www.facebook.com\/skaitytaknyga\/\"]}]}<\/script>\n<!-- \/ Yoast SEO plugin. -->","yoast_head_json":{"title":"Jamie Oliver \u201eGaminame su Oliveriu\u201c - Skaitytaknyga","description":"\u010cia nerasite nei fil\u0117 kepsni\u0173, nei omar\u0173 nei kitoki\u0173 snobi\u0161k\u0173 dalyk\u0117li\u0173. Daugeliui apra\u0161om\u0173 patiekal\u0173 reik\u0117s \u012fprast\u0173 produkt\u0173, kuri\u0173 galite \u012fsigyti turguose ar prekybos centruose bet kurioje pasaulio \u0161alyje. Nepabandyti gaminti \u2013 tiesiog nedovanotina!","robots":{"index":"index","follow":"follow","max-snippet":"max-snippet:-1","max-image-preview":"max-image-preview:large","max-video-preview":"max-video-preview:-1"},"canonical":"https:\/\/skaitytaknyga.lt\/en\/produktas\/jamie-oliver-gaminame-su-oliveriu-2\/","og_locale":"en_GB","og_type":"article","og_title":"Jamie Oliver \u201eGaminame su Oliveriu\u201c - Skaitytaknyga","og_description":"\u010cia nerasite nei fil\u0117 kepsni\u0173, nei omar\u0173 nei kitoki\u0173 snobi\u0161k\u0173 dalyk\u0117li\u0173. Daugeliui apra\u0161om\u0173 patiekal\u0173 reik\u0117s \u012fprast\u0173 produkt\u0173, kuri\u0173 galite \u012fsigyti turguose ar prekybos centruose bet kurioje pasaulio \u0161alyje. Nepabandyti gaminti \u2013 tiesiog nedovanotina!","og_url":"https:\/\/skaitytaknyga.lt\/en\/produktas\/jamie-oliver-gaminame-su-oliveriu-2\/","og_site_name":"Skaitytaknyga","article_publisher":"https:\/\/www.facebook.com\/skaitytaknyga\/","article_modified_time":"2024-05-04T14:44:35+00:00","og_image":[{"width":320,"height":411,"url":"https:\/\/skaitytaknyga.lt\/wp-content\/uploads\/2024\/04\/1462874135_oliveris.jpg","type":"image\/jpeg"}],"twitter_card":"summary_large_image","schema":{"@context":"https:\/\/schema.org","@graph":[{"@type":"WebPage","@id":"https:\/\/skaitytaknyga.lt\/produktas\/jamie-oliver-gaminame-su-oliveriu-2\/","url":"https:\/\/skaitytaknyga.lt\/produktas\/jamie-oliver-gaminame-su-oliveriu-2\/","name":"Jamie Oliver \u201eGaminame su Oliveriu\u201c - Skaitytaknyga","isPartOf":{"@id":"https:\/\/skaitytaknyga.lt\/#website"},"primaryImageOfPage":{"@id":"https:\/\/skaitytaknyga.lt\/produktas\/jamie-oliver-gaminame-su-oliveriu-2\/#primaryimage"},"image":{"@id":"https:\/\/skaitytaknyga.lt\/produktas\/jamie-oliver-gaminame-su-oliveriu-2\/#primaryimage"},"thumbnailUrl":"https:\/\/skaitytaknyga.lt\/wp-content\/uploads\/2024\/04\/1462874135_oliveris.jpg","datePublished":"2024-05-04T14:44:10+00:00","dateModified":"2024-05-04T14:44:35+00:00","description":"\u010cia nerasite nei fil\u0117 kepsni\u0173, nei omar\u0173 nei kitoki\u0173 snobi\u0161k\u0173 dalyk\u0117li\u0173. Daugeliui apra\u0161om\u0173 patiekal\u0173 reik\u0117s \u012fprast\u0173 produkt\u0173, kuri\u0173 galite \u012fsigyti turguose ar prekybos centruose bet kurioje pasaulio \u0161alyje. Nepabandyti gaminti \u2013 tiesiog nedovanotina!","breadcrumb":{"@id":"https:\/\/skaitytaknyga.lt\/produktas\/jamie-oliver-gaminame-su-oliveriu-2\/#breadcrumb"},"inLanguage":"en-GB","potentialAction":[{"@type":"ReadAction","target":["https:\/\/skaitytaknyga.lt\/produktas\/jamie-oliver-gaminame-su-oliveriu-2\/"]}]},{"@type":"ImageObject","inLanguage":"en-GB","@id":"https:\/\/skaitytaknyga.lt\/produktas\/jamie-oliver-gaminame-su-oliveriu-2\/#primaryimage","url":"https:\/\/skaitytaknyga.lt\/wp-content\/uploads\/2024\/04\/1462874135_oliveris.jpg","contentUrl":"https:\/\/skaitytaknyga.lt\/wp-content\/uploads\/2024\/04\/1462874135_oliveris.jpg","width":320,"height":411,"caption":"1462874135 oliveris"},{"@type":"BreadcrumbList","@id":"https:\/\/skaitytaknyga.lt\/produktas\/jamie-oliver-gaminame-su-oliveriu-2\/#breadcrumb","itemListElement":[{"@type":"ListItem","position":1,"name":"Home","item":"https:\/\/skaitytaknyga.lt\/"},{"@type":"ListItem","position":2,"name":"Parduotuv\u0117","item":"https:\/\/skaitytaknyga.lt\/knygu-parduotuve\/"},{"@type":"ListItem","position":3,"name":"Jamie Oliver \u201eGaminame su Oliveriu\u201c"}]},{"@type":"WebSite","@id":"https:\/\/skaitytaknyga.lt\/#website","url":"https:\/\/skaitytaknyga.lt\/","name":"skaitytaknyga.lt","description":"Skaitytaknyga.lt \u2013 tai ma\u017eas \u0161eimos verslas, kuris prasid\u0117jo nuo meil\u0117s knygoms ir siekio i\u0161gelb\u0117ti knygas nuo likimo prie konteinerio. Kas vienam nereikalingas daiktas \u2013 kitam lobis, o mes esame tarpininkai, kurie padeda abiems tapti laimingesniems ???? \u017dinome kaip nelengva i\u0161gyventi ma\u017eiems verslams, tad nuo \u0161iol, \u010dia rasite ir kit\u0173, ma\u017e\u0173 \u0161eim\u0173 versl\u0173, rank\u0173 darbo, dovan\u0173 sau ir artimiesiems.","publisher":{"@id":"https:\/\/skaitytaknyga.lt\/#organization"},"potentialAction":[{"@type":"SearchAction","target":{"@type":"EntryPoint","urlTemplate":"https:\/\/skaitytaknyga.lt\/?s={search_term_string}"},"query-input":{"@type":"PropertyValueSpecification","valueRequired":true,"valueName":"search_term_string"}}],"inLanguage":"en-GB"},{"@type":"Organization","@id":"https:\/\/skaitytaknyga.lt\/#organization","name":"skaitytaknyga.lt","url":"https:\/\/skaitytaknyga.lt\/","logo":{"@type":"ImageObject","inLanguage":"en-GB","@id":"https:\/\/skaitytaknyga.lt\/#\/schema\/logo\/image\/","url":"https:\/\/skaitytaknyga.lt\/wp-content\/uploads\/2024\/05\/cropped-cropped-cropped-02_00843_jt3bggkj1j3HLc7SyY6rEUpg.jpeg","contentUrl":"https:\/\/skaitytaknyga.lt\/wp-content\/uploads\/2024\/05\/cropped-cropped-cropped-02_00843_jt3bggkj1j3HLc7SyY6rEUpg.jpeg","width":1600,"height":1600,"caption":"skaitytaknyga.lt"},"image":{"@id":"https:\/\/skaitytaknyga.lt\/#\/schema\/logo\/image\/"},"sameAs":["https:\/\/www.facebook.com\/skaitytaknyga\/"]}]}},"_links":{"self":[{"href":"https:\/\/skaitytaknyga.lt\/en\/wp-json\/wp\/v2\/product\/8355","targetHints":{"allow":["GET"]}}],"collection":[{"href":"https:\/\/skaitytaknyga.lt\/en\/wp-json\/wp\/v2\/product"}],"about":[{"href":"https:\/\/skaitytaknyga.lt\/en\/wp-json\/wp\/v2\/types\/product"}],"replies":[{"embeddable":true,"href":"https:\/\/skaitytaknyga.lt\/en\/wp-json\/wp\/v2\/comments?post=8355"}],"wp:featuredmedia":[{"embeddable":true,"href":"https:\/\/skaitytaknyga.lt\/en\/wp-json\/wp\/v2\/media\/4380"}],"wp:attachment":[{"href":"https:\/\/skaitytaknyga.lt\/en\/wp-json\/wp\/v2\/media?parent=8355"}],"wp:term":[{"taxonomy":"product_brand","embeddable":true,"href":"https:\/\/skaitytaknyga.lt\/en\/wp-json\/wp\/v2\/product_brand?post=8355"},{"taxonomy":"product_cat","embeddable":true,"href":"https:\/\/skaitytaknyga.lt\/en\/wp-json\/wp\/v2\/product_cat?post=8355"},{"taxonomy":"product_tag","embeddable":true,"href":"https:\/\/skaitytaknyga.lt\/en\/wp-json\/wp\/v2\/product_tag?post=8355"}],"curies":[{"name":"wp","href":"https:\/\/api.w.org\/{rel}","templated":true}]}}