{"id":8340,"date":"2024-05-04T14:44:09","date_gmt":"2024-05-04T14:44:09","guid":{"rendered":"https:\/\/skaitytaknyga.lt\/?post_type=product&#038;p=8340"},"modified":"2025-06-26T16:10:27","modified_gmt":"2025-06-26T13:10:27","slug":"christopher-pollit-geert-bouckaert-viesojo-valdymo-reforma-lyginamoji-analize-2","status":"publish","type":"product","link":"https:\/\/skaitytaknyga.lt\/en\/produktas\/christopher-pollit-geert-bouckaert-viesojo-valdymo-reforma-lyginamoji-analize-2\/","title":{"rendered":"Vie\u0161ojo valdymo reforma. Lyginamoji analiz\u0117"},"content":{"rendered":"<p>\u0160ios knygos autoriai kompleksi\u0161kai analizuoja vie\u0161ojo valdymo reformas, pastaruosius dvide\u0161imt\u012f met\u0173 vykusiais de\u0161imtyje \u0161ali\u0173: Australijoje, JAV, Jungtin\u0117je Karalyst\u0117je, Kanadoje, Naujojoje Zelandijoje, Nyderlanduose, Pranc\u016bzijoje, Suomijoje, \u0160vedijoje ir Vokietijoje.<\/p>\n<p>\u0160i knyga tinka studentams ir visiems besidomintiems vie\u0161uoju valdymu.<\/p>\n","protected":false},"excerpt":{"rendered":"<p>\u0160ios knygos autoriai kompleksi\u0161kai analizuoja vie\u0161ojo valdymo reformas, pastaruosius dvide\u0161imt\u012f met\u0173 vykusiais de\u0161imtyje \u0161ali\u0173: Australijoje, JAV, Jungtin\u0117je Karalyst\u0117je, Kanadoje, Naujojoje Zelandijoje, Nyderlanduose, Pranc\u016bzijoje, Suomijoje, \u0160vedijoje ir Vokietijoje.<\/p>\n<p>\u0160i knyga tinka studentams ir visiems besidomintiems vie\u0161uoju valdymu.<\/p>\n","protected":false},"featured_media":4349,"comment_status":"closed","ping_status":"closed","template":"","meta":{"_acf_changed":false,"site-sidebar-layout":"default","site-content-layout":"","ast-site-content-layout":"default","site-content-style":"default","site-sidebar-style":"default","ast-global-header-display":"","ast-banner-title-visibility":"","ast-main-header-display":"","ast-hfb-above-header-display":"","ast-hfb-below-header-display":"","ast-hfb-mobile-header-display":"","site-post-title":"","ast-breadcrumbs-content":"","ast-featured-img":"","footer-sml-layout":"","ast-disable-related-posts":"","theme-transparent-header-meta":"","adv-header-id-meta":"","stick-header-meta":"","header-above-stick-meta":"","header-main-stick-meta":"","header-below-stick-meta":"","astra-migrate-meta-layouts":"default","ast-page-background-enabled":"default","ast-page-background-meta":{"desktop":{"background-color":"","background-image":"","background-repeat":"repeat","background-position":"center center","background-size":"auto","background-attachment":"scroll","background-type":"","background-media":"","overlay-type":"","overlay-color":"","overlay-opacity":"","overlay-gradient":""},"tablet":{"background-color":"","background-image":"","background-repeat":"repeat","background-position":"center center","background-size":"auto","background-attachment":"scroll","background-type":"","background-media":"","overlay-type":"","overlay-color":"","overlay-opacity":"","overlay-gradient":""},"mobile":{"background-color":"","background-image":"","background-repeat":"repeat","background-position":"center center","background-size":"auto","background-attachment":"scroll","background-type":"","background-media":"","overlay-type":"","overlay-color":"","overlay-opacity":"","overlay-gradient":""}},"ast-content-background-meta":{"desktop":{"background-color":"var(--ast-global-color-4)","background-image":"","background-repeat":"repeat","background-position":"center center","background-size":"auto","background-attachment":"scroll","background-type":"","background-media":"","overlay-type":"","overlay-color":"","overlay-opacity":"","overlay-gradient":""},"tablet":{"background-color":"var(--ast-global-color-4)","background-image":"","background-repeat":"repeat","background-position":"center center","background-size":"auto","background-attachment":"scroll","background-type":"","background-media":"","overlay-type":"","overlay-color":"","overlay-opacity":"","overlay-gradient":""},"mobile":{"background-color":"var(--ast-global-color-4)","background-image":"","background-repeat":"repeat","background-position":"center center","background-size":"auto","background-attachment":"scroll","background-type":"","background-media":"","overlay-type":"","overlay-color":"","overlay-opacity":"","overlay-gradient":""}}},"product_brand":[],"product_cat":[174],"product_tag":[4964,6026,5700,5704,6028,5706,5703,6029,5697,2831,1662,3133,5701,6027,3358],"class_list":{"0":"post-8340","1":"product","2":"type-product","3":"status-publish","4":"has-post-thumbnail","6":"product_cat-istorija-ir-politologija","7":"product_tag-australija","8":"product_tag-christopher-pollit","9":"product_tag-geert-bouckaert","10":"product_tag-jav","11":"product_tag-jungtine-karalyste","12":"product_tag-kanada","13":"product_tag-lyginamoji-analize","14":"product_tag-naujoji-zelandija","15":"product_tag-nyderlandai","16":"product_tag-prancuzija","17":"product_tag-suomija","18":"product_tag-svedija","19":"product_tag-viesasis-valdymas","20":"product_tag-viesojo-valdymo-reforma","21":"product_tag-vokietija","22":"desktop-align-left","23":"tablet-align-left","24":"mobile-align-left","26":"first","27":"outofstock","28":"shipping-taxable","29":"purchasable","30":"product-type-simple"},"acf":[],"yoast_head":"<!-- This site is optimized with the Yoast SEO plugin v27.0 - https:\/\/yoast.com\/product\/yoast-seo-wordpress\/ -->\n<title>Vie\u0161ojo valdymo reforma. Lyginamoji analiz\u0117<\/title>\n<meta name=\"description\" content=\"\u0160ios knygos autoriai kompleksi\u0161kai analizuoja vie\u0161ojo valdymo reformas, pastaruosius dvide\u0161imt\u012f met\u0173 vykusiais de\u0161imtyje \u0161ali\u0173: Australijoje, JAV, Jungtin\u0117je Karalyst\u0117je, Kanadoje, Naujojoje Zelandijoje, Nyderlanduose, Pranc\u016bzijoje, Suomijoje, \u0160vedijoje ir Vokietijoje.  \u0160i knyga tinka studentams ir visiems besidomintiems vie\u0161uoju valdymu.\" \/>\n<meta name=\"robots\" content=\"index, follow, max-snippet:-1, max-image-preview:large, max-video-preview:-1\" \/>\n<link rel=\"canonical\" href=\"https:\/\/skaitytaknyga.lt\/en\/produktas\/christopher-pollit-geert-bouckaert-viesojo-valdymo-reforma-lyginamoji-analize-2\/\" \/>\n<meta property=\"og:locale\" content=\"en_GB\" \/>\n<meta property=\"og:locale:alternate\" content=\"lt_LT\" \/>\n<meta property=\"og:type\" content=\"article\" \/>\n<meta property=\"og:title\" content=\"Vie\u0161ojo valdymo reforma. Lyginamoji analiz\u0117\" \/>\n<meta property=\"og:description\" content=\"\u0160ios knygos autoriai kompleksi\u0161kai analizuoja vie\u0161ojo valdymo reformas, pastaruosius dvide\u0161imt\u012f met\u0173 vykusiais de\u0161imtyje \u0161ali\u0173: Australijoje, JAV, Jungtin\u0117je Karalyst\u0117je, Kanadoje, Naujojoje Zelandijoje, Nyderlanduose, Pranc\u016bzijoje, Suomijoje, \u0160vedijoje ir Vokietijoje.  \u0160i knyga tinka studentams ir visiems besidomintiems vie\u0161uoju valdymu.\" \/>\n<meta property=\"og:url\" content=\"https:\/\/skaitytaknyga.lt\/en\/produktas\/christopher-pollit-geert-bouckaert-viesojo-valdymo-reforma-lyginamoji-analize-2\/\" \/>\n<meta property=\"og:site_name\" content=\"Skaitytaknyga\" \/>\n<meta property=\"article:publisher\" content=\"https:\/\/www.facebook.com\/skaitytaknyga\/\" \/>\n<meta property=\"article:modified_time\" content=\"2025-06-26T13:10:27+00:00\" \/>\n<meta property=\"og:image\" content=\"https:\/\/skaitytaknyga.lt\/wp-content\/uploads\/2024\/04\/1462881213_img0006.jpg\" \/>\n\t<meta property=\"og:image:width\" content=\"279\" \/>\n\t<meta property=\"og:image:height\" content=\"430\" \/>\n\t<meta property=\"og:image:type\" content=\"image\/jpeg\" \/>\n<meta name=\"twitter:card\" content=\"summary_large_image\" \/>\n<script type=\"application\/ld+json\" class=\"yoast-schema-graph\">{\"@context\":\"https:\/\/schema.org\",\"@graph\":[{\"@type\":\"WebPage\",\"@id\":\"https:\/\/skaitytaknyga.lt\/produktas\/christopher-pollit-geert-bouckaert-viesojo-valdymo-reforma-lyginamoji-analize-2\/\",\"url\":\"https:\/\/skaitytaknyga.lt\/produktas\/christopher-pollit-geert-bouckaert-viesojo-valdymo-reforma-lyginamoji-analize-2\/\",\"name\":\"Vie\u0161ojo valdymo reforma. Lyginamoji analiz\u0117\",\"isPartOf\":{\"@id\":\"https:\/\/skaitytaknyga.lt\/#website\"},\"primaryImageOfPage\":{\"@id\":\"https:\/\/skaitytaknyga.lt\/produktas\/christopher-pollit-geert-bouckaert-viesojo-valdymo-reforma-lyginamoji-analize-2\/#primaryimage\"},\"image\":{\"@id\":\"https:\/\/skaitytaknyga.lt\/produktas\/christopher-pollit-geert-bouckaert-viesojo-valdymo-reforma-lyginamoji-analize-2\/#primaryimage\"},\"thumbnailUrl\":\"https:\/\/skaitytaknyga.lt\/wp-content\/uploads\/2024\/04\/1462881213_img0006.jpg\",\"datePublished\":\"2024-05-04T14:44:09+00:00\",\"dateModified\":\"2025-06-26T13:10:27+00:00\",\"description\":\"\u0160ios knygos autoriai kompleksi\u0161kai analizuoja vie\u0161ojo valdymo reformas, pastaruosius dvide\u0161imt\u012f met\u0173 vykusiais de\u0161imtyje \u0161ali\u0173: Australijoje, JAV, Jungtin\u0117je Karalyst\u0117je, Kanadoje, Naujojoje Zelandijoje, Nyderlanduose, Pranc\u016bzijoje, Suomijoje, \u0160vedijoje ir Vokietijoje. \u0160i knyga tinka studentams ir visiems besidomintiems vie\u0161uoju valdymu.\",\"breadcrumb\":{\"@id\":\"https:\/\/skaitytaknyga.lt\/produktas\/christopher-pollit-geert-bouckaert-viesojo-valdymo-reforma-lyginamoji-analize-2\/#breadcrumb\"},\"inLanguage\":\"en-GB\",\"potentialAction\":[{\"@type\":\"ReadAction\",\"target\":[\"https:\/\/skaitytaknyga.lt\/produktas\/christopher-pollit-geert-bouckaert-viesojo-valdymo-reforma-lyginamoji-analize-2\/\"]}]},{\"@type\":\"ImageObject\",\"inLanguage\":\"en-GB\",\"@id\":\"https:\/\/skaitytaknyga.lt\/produktas\/christopher-pollit-geert-bouckaert-viesojo-valdymo-reforma-lyginamoji-analize-2\/#primaryimage\",\"url\":\"https:\/\/skaitytaknyga.lt\/wp-content\/uploads\/2024\/04\/1462881213_img0006.jpg\",\"contentUrl\":\"https:\/\/skaitytaknyga.lt\/wp-content\/uploads\/2024\/04\/1462881213_img0006.jpg\",\"width\":279,\"height\":430,\"caption\":\"1462881213 img0006\"},{\"@type\":\"BreadcrumbList\",\"@id\":\"https:\/\/skaitytaknyga.lt\/produktas\/christopher-pollit-geert-bouckaert-viesojo-valdymo-reforma-lyginamoji-analize-2\/#breadcrumb\",\"itemListElement\":[{\"@type\":\"ListItem\",\"position\":1,\"name\":\"Home\",\"item\":\"https:\/\/skaitytaknyga.lt\/\"},{\"@type\":\"ListItem\",\"position\":2,\"name\":\"Parduotuv\u0117\",\"item\":\"https:\/\/skaitytaknyga.lt\/knygu-parduotuve\/\"},{\"@type\":\"ListItem\",\"position\":3,\"name\":\"Vie\u0161ojo valdymo reforma. Lyginamoji analiz\u0117\"}]},{\"@type\":\"WebSite\",\"@id\":\"https:\/\/skaitytaknyga.lt\/#website\",\"url\":\"https:\/\/skaitytaknyga.lt\/\",\"name\":\"skaitytaknyga.lt\",\"description\":\"Skaitytaknyga.lt \u2013 tai ma\u017eas \u0161eimos verslas, kuris prasid\u0117jo nuo meil\u0117s knygoms ir siekio i\u0161gelb\u0117ti knygas nuo likimo prie konteinerio. Kas vienam nereikalingas daiktas \u2013 kitam lobis, o mes esame tarpininkai, kurie padeda abiems tapti laimingesniems ???? \u017dinome kaip nelengva i\u0161gyventi ma\u017eiems verslams, tad nuo \u0161iol, \u010dia rasite ir kit\u0173, ma\u017e\u0173 \u0161eim\u0173 versl\u0173, rank\u0173 darbo, dovan\u0173 sau ir artimiesiems.\",\"publisher\":{\"@id\":\"https:\/\/skaitytaknyga.lt\/#organization\"},\"potentialAction\":[{\"@type\":\"SearchAction\",\"target\":{\"@type\":\"EntryPoint\",\"urlTemplate\":\"https:\/\/skaitytaknyga.lt\/?s={search_term_string}\"},\"query-input\":{\"@type\":\"PropertyValueSpecification\",\"valueRequired\":true,\"valueName\":\"search_term_string\"}}],\"inLanguage\":\"en-GB\"},{\"@type\":\"Organization\",\"@id\":\"https:\/\/skaitytaknyga.lt\/#organization\",\"name\":\"skaitytaknyga.lt\",\"url\":\"https:\/\/skaitytaknyga.lt\/\",\"logo\":{\"@type\":\"ImageObject\",\"inLanguage\":\"en-GB\",\"@id\":\"https:\/\/skaitytaknyga.lt\/#\/schema\/logo\/image\/\",\"url\":\"https:\/\/skaitytaknyga.lt\/wp-content\/uploads\/2024\/05\/cropped-cropped-cropped-02_00843_jt3bggkj1j3HLc7SyY6rEUpg.jpeg\",\"contentUrl\":\"https:\/\/skaitytaknyga.lt\/wp-content\/uploads\/2024\/05\/cropped-cropped-cropped-02_00843_jt3bggkj1j3HLc7SyY6rEUpg.jpeg\",\"width\":1600,\"height\":1600,\"caption\":\"skaitytaknyga.lt\"},\"image\":{\"@id\":\"https:\/\/skaitytaknyga.lt\/#\/schema\/logo\/image\/\"},\"sameAs\":[\"https:\/\/www.facebook.com\/skaitytaknyga\/\"]}]}<\/script>\n<!-- \/ Yoast SEO plugin. -->","yoast_head_json":{"title":"Vie\u0161ojo valdymo reforma. Lyginamoji analiz\u0117","description":"\u0160ios knygos autoriai kompleksi\u0161kai analizuoja vie\u0161ojo valdymo reformas, pastaruosius dvide\u0161imt\u012f met\u0173 vykusiais de\u0161imtyje \u0161ali\u0173: Australijoje, JAV, Jungtin\u0117je Karalyst\u0117je, Kanadoje, Naujojoje Zelandijoje, Nyderlanduose, Pranc\u016bzijoje, Suomijoje, \u0160vedijoje ir Vokietijoje.  \u0160i knyga tinka studentams ir visiems besidomintiems vie\u0161uoju valdymu.","robots":{"index":"index","follow":"follow","max-snippet":"max-snippet:-1","max-image-preview":"max-image-preview:large","max-video-preview":"max-video-preview:-1"},"canonical":"https:\/\/skaitytaknyga.lt\/en\/produktas\/christopher-pollit-geert-bouckaert-viesojo-valdymo-reforma-lyginamoji-analize-2\/","og_locale":"en_GB","og_type":"article","og_title":"[:lt]Vie\u0161ojo valdymo reforma. Lyginamoji analiz\u0117[:] - Skaitytaknyga","og_description":"\u0160ios knygos autoriai kompleksi\u0161kai analizuoja vie\u0161ojo valdymo reformas, pastaruosius dvide\u0161imt\u012f met\u0173 vykusiais de\u0161imtyje \u0161ali\u0173: Australijoje, JAV, Jungtin\u0117je Karalyst\u0117je, Kanadoje, Naujojoje Zelandijoje, Nyderlanduose, Pranc\u016bzijoje, Suomijoje, \u0160vedijoje ir Vokietijoje.  \u0160i knyga tinka studentams ir visiems besidomintiems vie\u0161uoju valdymu.","og_url":"https:\/\/skaitytaknyga.lt\/en\/produktas\/christopher-pollit-geert-bouckaert-viesojo-valdymo-reforma-lyginamoji-analize-2\/","og_site_name":"Skaitytaknyga","article_publisher":"https:\/\/www.facebook.com\/skaitytaknyga\/","article_modified_time":"2025-06-26T13:10:27+00:00","og_image":[{"width":279,"height":430,"url":"https:\/\/skaitytaknyga.lt\/wp-content\/uploads\/2024\/04\/1462881213_img0006.jpg","type":"image\/jpeg"}],"twitter_card":"summary_large_image","schema":{"@context":"https:\/\/schema.org","@graph":[{"@type":"WebPage","@id":"https:\/\/skaitytaknyga.lt\/produktas\/christopher-pollit-geert-bouckaert-viesojo-valdymo-reforma-lyginamoji-analize-2\/","url":"https:\/\/skaitytaknyga.lt\/produktas\/christopher-pollit-geert-bouckaert-viesojo-valdymo-reforma-lyginamoji-analize-2\/","name":"Vie\u0161ojo valdymo reforma. Lyginamoji analiz\u0117","isPartOf":{"@id":"https:\/\/skaitytaknyga.lt\/#website"},"primaryImageOfPage":{"@id":"https:\/\/skaitytaknyga.lt\/produktas\/christopher-pollit-geert-bouckaert-viesojo-valdymo-reforma-lyginamoji-analize-2\/#primaryimage"},"image":{"@id":"https:\/\/skaitytaknyga.lt\/produktas\/christopher-pollit-geert-bouckaert-viesojo-valdymo-reforma-lyginamoji-analize-2\/#primaryimage"},"thumbnailUrl":"https:\/\/skaitytaknyga.lt\/wp-content\/uploads\/2024\/04\/1462881213_img0006.jpg","datePublished":"2024-05-04T14:44:09+00:00","dateModified":"2025-06-26T13:10:27+00:00","description":"\u0160ios knygos autoriai kompleksi\u0161kai analizuoja vie\u0161ojo valdymo reformas, pastaruosius dvide\u0161imt\u012f met\u0173 vykusiais de\u0161imtyje \u0161ali\u0173: Australijoje, JAV, Jungtin\u0117je Karalyst\u0117je, Kanadoje, Naujojoje Zelandijoje, Nyderlanduose, Pranc\u016bzijoje, Suomijoje, \u0160vedijoje ir Vokietijoje. \u0160i knyga tinka studentams ir visiems besidomintiems vie\u0161uoju valdymu.","breadcrumb":{"@id":"https:\/\/skaitytaknyga.lt\/produktas\/christopher-pollit-geert-bouckaert-viesojo-valdymo-reforma-lyginamoji-analize-2\/#breadcrumb"},"inLanguage":"en-GB","potentialAction":[{"@type":"ReadAction","target":["https:\/\/skaitytaknyga.lt\/produktas\/christopher-pollit-geert-bouckaert-viesojo-valdymo-reforma-lyginamoji-analize-2\/"]}]},{"@type":"ImageObject","inLanguage":"en-GB","@id":"https:\/\/skaitytaknyga.lt\/produktas\/christopher-pollit-geert-bouckaert-viesojo-valdymo-reforma-lyginamoji-analize-2\/#primaryimage","url":"https:\/\/skaitytaknyga.lt\/wp-content\/uploads\/2024\/04\/1462881213_img0006.jpg","contentUrl":"https:\/\/skaitytaknyga.lt\/wp-content\/uploads\/2024\/04\/1462881213_img0006.jpg","width":279,"height":430,"caption":"1462881213 img0006"},{"@type":"BreadcrumbList","@id":"https:\/\/skaitytaknyga.lt\/produktas\/christopher-pollit-geert-bouckaert-viesojo-valdymo-reforma-lyginamoji-analize-2\/#breadcrumb","itemListElement":[{"@type":"ListItem","position":1,"name":"Home","item":"https:\/\/skaitytaknyga.lt\/"},{"@type":"ListItem","position":2,"name":"Parduotuv\u0117","item":"https:\/\/skaitytaknyga.lt\/knygu-parduotuve\/"},{"@type":"ListItem","position":3,"name":"Vie\u0161ojo valdymo reforma. Lyginamoji analiz\u0117"}]},{"@type":"WebSite","@id":"https:\/\/skaitytaknyga.lt\/#website","url":"https:\/\/skaitytaknyga.lt\/","name":"skaitytaknyga.lt","description":"Skaitytaknyga.lt \u2013 tai ma\u017eas \u0161eimos verslas, kuris prasid\u0117jo nuo meil\u0117s knygoms ir siekio i\u0161gelb\u0117ti knygas nuo likimo prie konteinerio. Kas vienam nereikalingas daiktas \u2013 kitam lobis, o mes esame tarpininkai, kurie padeda abiems tapti laimingesniems ???? \u017dinome kaip nelengva i\u0161gyventi ma\u017eiems verslams, tad nuo \u0161iol, \u010dia rasite ir kit\u0173, ma\u017e\u0173 \u0161eim\u0173 versl\u0173, rank\u0173 darbo, dovan\u0173 sau ir artimiesiems.","publisher":{"@id":"https:\/\/skaitytaknyga.lt\/#organization"},"potentialAction":[{"@type":"SearchAction","target":{"@type":"EntryPoint","urlTemplate":"https:\/\/skaitytaknyga.lt\/?s={search_term_string}"},"query-input":{"@type":"PropertyValueSpecification","valueRequired":true,"valueName":"search_term_string"}}],"inLanguage":"en-GB"},{"@type":"Organization","@id":"https:\/\/skaitytaknyga.lt\/#organization","name":"skaitytaknyga.lt","url":"https:\/\/skaitytaknyga.lt\/","logo":{"@type":"ImageObject","inLanguage":"en-GB","@id":"https:\/\/skaitytaknyga.lt\/#\/schema\/logo\/image\/","url":"https:\/\/skaitytaknyga.lt\/wp-content\/uploads\/2024\/05\/cropped-cropped-cropped-02_00843_jt3bggkj1j3HLc7SyY6rEUpg.jpeg","contentUrl":"https:\/\/skaitytaknyga.lt\/wp-content\/uploads\/2024\/05\/cropped-cropped-cropped-02_00843_jt3bggkj1j3HLc7SyY6rEUpg.jpeg","width":1600,"height":1600,"caption":"skaitytaknyga.lt"},"image":{"@id":"https:\/\/skaitytaknyga.lt\/#\/schema\/logo\/image\/"},"sameAs":["https:\/\/www.facebook.com\/skaitytaknyga\/"]}]}},"_links":{"self":[{"href":"https:\/\/skaitytaknyga.lt\/en\/wp-json\/wp\/v2\/product\/8340","targetHints":{"allow":["GET"]}}],"collection":[{"href":"https:\/\/skaitytaknyga.lt\/en\/wp-json\/wp\/v2\/product"}],"about":[{"href":"https:\/\/skaitytaknyga.lt\/en\/wp-json\/wp\/v2\/types\/product"}],"replies":[{"embeddable":true,"href":"https:\/\/skaitytaknyga.lt\/en\/wp-json\/wp\/v2\/comments?post=8340"}],"wp:featuredmedia":[{"embeddable":true,"href":"https:\/\/skaitytaknyga.lt\/en\/wp-json\/wp\/v2\/media\/4349"}],"wp:attachment":[{"href":"https:\/\/skaitytaknyga.lt\/en\/wp-json\/wp\/v2\/media?parent=8340"}],"wp:term":[{"taxonomy":"product_brand","embeddable":true,"href":"https:\/\/skaitytaknyga.lt\/en\/wp-json\/wp\/v2\/product_brand?post=8340"},{"taxonomy":"product_cat","embeddable":true,"href":"https:\/\/skaitytaknyga.lt\/en\/wp-json\/wp\/v2\/product_cat?post=8340"},{"taxonomy":"product_tag","embeddable":true,"href":"https:\/\/skaitytaknyga.lt\/en\/wp-json\/wp\/v2\/product_tag?post=8340"}],"curies":[{"name":"wp","href":"https:\/\/api.w.org\/{rel}","templated":true}]}}