{"id":8312,"date":"2024-05-04T14:43:47","date_gmt":"2024-05-04T14:43:47","guid":{"rendered":"https:\/\/skaitytaknyga.lt\/?post_type=product&#038;p=8312"},"modified":"2024-05-04T14:43:53","modified_gmt":"2024-05-04T14:43:53","slug":"marija-ausrine-pavilioniene-vizija-ir-tikrove-2","status":"publish","type":"product","link":"https:\/\/skaitytaknyga.lt\/en\/produktas\/marija-ausrine-pavilioniene-vizija-ir-tikrove-2\/","title":{"rendered":"Marija Au\u0161rin\u0117 Pavilionien\u0117  \u201eVizija ir tikrov\u0117\u201c"},"content":{"rendered":"<p>Knyga skirta tiems, kurie domisi, kas yra \u017emogus, asmenyb\u0117, \u017emogaus teis\u0117s ir laisv\u0117s. Kurie neromantizuoja politikos, o \u017evelgia \u012f j\u0105 kaip \u012f kasdien\u012f sud\u0117ting\u0105 darb\u0105, kuriame susiduria skirtingos \u017emoni\u0173 pasaul\u0117\u017ei\u016bros, prie\u0161ingos ideologijos, partij\u0173 programos, kuriose kartais reikia ie\u0161koti \u017emogaus. Kurie nori suvokti, kaip gimsta \u012fstatymai, j\u0173 pataisos, kaip jie pa\u017eeid\u017eiami ir kaip kartais j\u0173 nepaisoma. Knygoje sud\u0117ti redaguoti 2011-2015 m. straipsniai, pa\u017eenklinti autor\u0117s emocij\u0173, ironijos ir nevilties d\u0117l to, kad Lietuvoje gra\u017eios \u017emoni\u0173 lygyb\u0117s vizijos, pagarbos \u017emogui siekiai vis netampa tikrove. Nepaisant to, autor\u0117 yra optimist\u0117, nes tiki \u017emogaus protu ir galimybe keistis.<\/p>\n","protected":false},"excerpt":{"rendered":"<p>Knyga skirta tiems, kurie domisi, kas yra \u017emogus, asmenyb\u0117, \u017emogaus teis\u0117s ir laisv\u0117s. Kurie neromantizuoja politikos, o \u017evelgia \u012f j\u0105 kaip \u012f kasdien\u012f sud\u0117ting\u0105 darb\u0105, kuriame susiduria skirtingos \u017emoni\u0173 pasaul\u0117\u017ei\u016bros, prie\u0161ingos ideologijos, partij\u0173 programos, kuriose kartais reikia ie\u0161koti \u017emogaus. Kurie nori suvokti, kaip gimsta \u012fstatymai, j\u0173 pataisos, kaip jie pa\u017eeid\u017eiami ir kaip kartais j\u0173 nepaisoma. Knygoje sud\u0117ti redaguoti 2011-2015 m. straipsniai, pa\u017eenklinti autor\u0117s emocij\u0173, ironijos ir nevilties d\u0117l to, kad Lietuvoje gra\u017eios \u017emoni\u0173 lygyb\u0117s vizijos, pagarbos \u017emogui siekiai vis netampa tikrove. Nepaisant to, autor\u0117 yra optimist\u0117, nes tiki \u017emogaus protu ir galimybe keistis.<\/p>\n","protected":false},"featured_media":4298,"comment_status":"closed","ping_status":"closed","template":"","meta":{"_acf_changed":false,"site-sidebar-layout":"default","site-content-layout":"","ast-site-content-layout":"default","site-content-style":"default","site-sidebar-style":"default","ast-global-header-display":"","ast-banner-title-visibility":"","ast-main-header-display":"","ast-hfb-above-header-display":"","ast-hfb-below-header-display":"","ast-hfb-mobile-header-display":"","site-post-title":"","ast-breadcrumbs-content":"","ast-featured-img":"","footer-sml-layout":"","ast-disable-related-posts":"","theme-transparent-header-meta":"","adv-header-id-meta":"","stick-header-meta":"","header-above-stick-meta":"","header-main-stick-meta":"","header-below-stick-meta":"","astra-migrate-meta-layouts":"default","ast-page-background-enabled":"default","ast-page-background-meta":{"desktop":{"background-color":"","background-image":"","background-repeat":"repeat","background-position":"center center","background-size":"auto","background-attachment":"scroll","background-type":"","background-media":"","overlay-type":"","overlay-color":"","overlay-opacity":"","overlay-gradient":""},"tablet":{"background-color":"","background-image":"","background-repeat":"repeat","background-position":"center center","background-size":"auto","background-attachment":"scroll","background-type":"","background-media":"","overlay-type":"","overlay-color":"","overlay-opacity":"","overlay-gradient":""},"mobile":{"background-color":"","background-image":"","background-repeat":"repeat","background-position":"center center","background-size":"auto","background-attachment":"scroll","background-type":"","background-media":"","overlay-type":"","overlay-color":"","overlay-opacity":"","overlay-gradient":""}},"ast-content-background-meta":{"desktop":{"background-color":"var(--ast-global-color-4)","background-image":"","background-repeat":"repeat","background-position":"center center","background-size":"auto","background-attachment":"scroll","background-type":"","background-media":"","overlay-type":"","overlay-color":"","overlay-opacity":"","overlay-gradient":""},"tablet":{"background-color":"var(--ast-global-color-4)","background-image":"","background-repeat":"repeat","background-position":"center center","background-size":"auto","background-attachment":"scroll","background-type":"","background-media":"","overlay-type":"","overlay-color":"","overlay-opacity":"","overlay-gradient":""},"mobile":{"background-color":"var(--ast-global-color-4)","background-image":"","background-repeat":"repeat","background-position":"center center","background-size":"auto","background-attachment":"scroll","background-type":"","background-media":"","overlay-type":"","overlay-color":"","overlay-opacity":"","overlay-gradient":""}}},"product_brand":[],"product_cat":[174],"product_tag":[],"class_list":{"0":"post-8312","1":"product","2":"type-product","3":"status-publish","4":"has-post-thumbnail","6":"product_cat-istorija-ir-politologija","7":"desktop-align-left","8":"tablet-align-left","9":"mobile-align-left","11":"first","12":"instock","13":"shipping-taxable","14":"purchasable","15":"product-type-simple"},"acf":[],"yoast_head":"<!-- This site is optimized with the Yoast SEO plugin v27.4 - https:\/\/yoast.com\/product\/yoast-seo-wordpress\/ -->\n<title>Marija Au\u0161rin\u0117 Pavilionien\u0117 \u201eVizija ir tikrov\u0117\u201c - Skaitytaknyga<\/title>\n<meta name=\"description\" content=\"Knyga skirta tiems, kurie domisi, kas yra \u017emogus, asmenyb\u0117, \u017emogaus teis\u0117s ir laisv\u0117s. Kurie neromantizuoja politikos, o \u017evelgia \u012f j\u0105 kaip \u012f kasdien\u012f sud\u0117ting\u0105 darb\u0105, kuriame susiduria skirtingos \u017emoni\u0173 pasaul\u0117\u017ei\u016bros, prie\u0161ingos ideologijos, partij\u0173 programos, kuriose kartais reikia ie\u0161koti \u017emogaus. Kurie nori suvokti, kaip gimsta \u012fstatymai, j\u0173 pataisos, kaip jie pa\u017eeid\u017eiami ir kaip kartais j\u0173 nepaisoma. Knygoje sud\u0117ti redaguoti 2011-2015 m. straipsniai, pa\u017eenklinti autor\u0117s emocij\u0173, ironijos ir nevilties d\u0117l to, kad Lietuvoje gra\u017eios \u017emoni\u0173 lygyb\u0117s vizijos, pagarbos \u017emogui siekiai vis netampa tikrove. Nepaisant to, autor\u0117 yra optimist\u0117, nes tiki \u017emogaus protu ir galimybe keistis.\" \/>\n<meta name=\"robots\" content=\"index, follow, max-snippet:-1, max-image-preview:large, max-video-preview:-1\" \/>\n<link rel=\"canonical\" href=\"https:\/\/skaitytaknyga.lt\/en\/produktas\/marija-ausrine-pavilioniene-vizija-ir-tikrove-2\/\" \/>\n<meta property=\"og:locale\" content=\"en_GB\" \/>\n<meta property=\"og:locale:alternate\" content=\"lt_LT\" \/>\n<meta property=\"og:type\" content=\"article\" \/>\n<meta property=\"og:title\" content=\"Marija Au\u0161rin\u0117 Pavilionien\u0117 \u201eVizija ir tikrov\u0117\u201c - Skaitytaknyga\" \/>\n<meta property=\"og:description\" content=\"Knyga skirta tiems, kurie domisi, kas yra \u017emogus, asmenyb\u0117, \u017emogaus teis\u0117s ir laisv\u0117s. Kurie neromantizuoja politikos, o \u017evelgia \u012f j\u0105 kaip \u012f kasdien\u012f sud\u0117ting\u0105 darb\u0105, kuriame susiduria skirtingos \u017emoni\u0173 pasaul\u0117\u017ei\u016bros, prie\u0161ingos ideologijos, partij\u0173 programos, kuriose kartais reikia ie\u0161koti \u017emogaus. Kurie nori suvokti, kaip gimsta \u012fstatymai, j\u0173 pataisos, kaip jie pa\u017eeid\u017eiami ir kaip kartais j\u0173 nepaisoma. Knygoje sud\u0117ti redaguoti 2011-2015 m. straipsniai, pa\u017eenklinti autor\u0117s emocij\u0173, ironijos ir nevilties d\u0117l to, kad Lietuvoje gra\u017eios \u017emoni\u0173 lygyb\u0117s vizijos, pagarbos \u017emogui siekiai vis netampa tikrove. Nepaisant to, autor\u0117 yra optimist\u0117, nes tiki \u017emogaus protu ir galimybe keistis.\" \/>\n<meta property=\"og:url\" content=\"https:\/\/skaitytaknyga.lt\/en\/produktas\/marija-ausrine-pavilioniene-vizija-ir-tikrove-2\/\" \/>\n<meta property=\"og:site_name\" content=\"Skaitytaknyga\" \/>\n<meta property=\"article:publisher\" content=\"https:\/\/www.facebook.com\/skaitytaknyga\/\" \/>\n<meta property=\"article:modified_time\" content=\"2024-05-04T14:43:53+00:00\" \/>\n<meta property=\"og:image\" content=\"https:\/\/skaitytaknyga.lt\/wp-content\/uploads\/2024\/04\/190116-img-20190611-164413-e1610542346807.jpg\" \/>\n\t<meta property=\"og:image:width\" content=\"458\" \/>\n\t<meta property=\"og:image:height\" content=\"740\" \/>\n\t<meta property=\"og:image:type\" content=\"image\/jpeg\" \/>\n<meta name=\"twitter:card\" content=\"summary_large_image\" \/>\n<meta name=\"twitter:label1\" content=\"Estimated reading time\" \/>\n\t<meta name=\"twitter:data1\" content=\"1 minute\" \/>\n<script type=\"application\/ld+json\" class=\"yoast-schema-graph\">{\"@context\":\"https:\\\/\\\/schema.org\",\"@graph\":[{\"@type\":\"WebPage\",\"@id\":\"https:\\\/\\\/skaitytaknyga.lt\\\/produktas\\\/marija-ausrine-pavilioniene-vizija-ir-tikrove-2\\\/\",\"url\":\"https:\\\/\\\/skaitytaknyga.lt\\\/produktas\\\/marija-ausrine-pavilioniene-vizija-ir-tikrove-2\\\/\",\"name\":\"Marija Au\u0161rin\u0117 Pavilionien\u0117 \u201eVizija ir tikrov\u0117\u201c - Skaitytaknyga\",\"isPartOf\":{\"@id\":\"https:\\\/\\\/skaitytaknyga.lt\\\/#website\"},\"primaryImageOfPage\":{\"@id\":\"https:\\\/\\\/skaitytaknyga.lt\\\/produktas\\\/marija-ausrine-pavilioniene-vizija-ir-tikrove-2\\\/#primaryimage\"},\"image\":{\"@id\":\"https:\\\/\\\/skaitytaknyga.lt\\\/produktas\\\/marija-ausrine-pavilioniene-vizija-ir-tikrove-2\\\/#primaryimage\"},\"thumbnailUrl\":\"https:\\\/\\\/skaitytaknyga.lt\\\/wp-content\\\/uploads\\\/2024\\\/04\\\/190116-img-20190611-164413-e1610542346807.jpg\",\"datePublished\":\"2024-05-04T14:43:47+00:00\",\"dateModified\":\"2024-05-04T14:43:53+00:00\",\"description\":\"Knyga skirta tiems, kurie domisi, kas yra \u017emogus, asmenyb\u0117, \u017emogaus teis\u0117s ir laisv\u0117s. Kurie neromantizuoja politikos, o \u017evelgia \u012f j\u0105 kaip \u012f kasdien\u012f sud\u0117ting\u0105 darb\u0105, kuriame susiduria skirtingos \u017emoni\u0173 pasaul\u0117\u017ei\u016bros, prie\u0161ingos ideologijos, partij\u0173 programos, kuriose kartais reikia ie\u0161koti \u017emogaus. Kurie nori suvokti, kaip gimsta \u012fstatymai, j\u0173 pataisos, kaip jie pa\u017eeid\u017eiami ir kaip kartais j\u0173 nepaisoma. Knygoje sud\u0117ti redaguoti 2011-2015 m. straipsniai, pa\u017eenklinti autor\u0117s emocij\u0173, ironijos ir nevilties d\u0117l to, kad Lietuvoje gra\u017eios \u017emoni\u0173 lygyb\u0117s vizijos, pagarbos \u017emogui siekiai vis netampa tikrove. Nepaisant to, autor\u0117 yra optimist\u0117, nes tiki \u017emogaus protu ir galimybe keistis.\",\"breadcrumb\":{\"@id\":\"https:\\\/\\\/skaitytaknyga.lt\\\/produktas\\\/marija-ausrine-pavilioniene-vizija-ir-tikrove-2\\\/#breadcrumb\"},\"inLanguage\":\"en-GB\",\"potentialAction\":[{\"@type\":\"ReadAction\",\"target\":[\"https:\\\/\\\/skaitytaknyga.lt\\\/produktas\\\/marija-ausrine-pavilioniene-vizija-ir-tikrove-2\\\/\"]}]},{\"@type\":\"ImageObject\",\"inLanguage\":\"en-GB\",\"@id\":\"https:\\\/\\\/skaitytaknyga.lt\\\/produktas\\\/marija-ausrine-pavilioniene-vizija-ir-tikrove-2\\\/#primaryimage\",\"url\":\"https:\\\/\\\/skaitytaknyga.lt\\\/wp-content\\\/uploads\\\/2024\\\/04\\\/190116-img-20190611-164413-e1610542346807.jpg\",\"contentUrl\":\"https:\\\/\\\/skaitytaknyga.lt\\\/wp-content\\\/uploads\\\/2024\\\/04\\\/190116-img-20190611-164413-e1610542346807.jpg\",\"width\":458,\"height\":740,\"caption\":\"190116 img 20190611 164413 e1610542346807\"},{\"@type\":\"BreadcrumbList\",\"@id\":\"https:\\\/\\\/skaitytaknyga.lt\\\/produktas\\\/marija-ausrine-pavilioniene-vizija-ir-tikrove-2\\\/#breadcrumb\",\"itemListElement\":[{\"@type\":\"ListItem\",\"position\":1,\"name\":\"Home\",\"item\":\"https:\\\/\\\/skaitytaknyga.lt\\\/\"},{\"@type\":\"ListItem\",\"position\":2,\"name\":\"Parduotuv\u0117\",\"item\":\"https:\\\/\\\/skaitytaknyga.lt\\\/knygu-parduotuve\\\/\"},{\"@type\":\"ListItem\",\"position\":3,\"name\":\"Marija Au\u0161rin\u0117 Pavilionien\u0117 \u201eVizija ir tikrov\u0117\u201c\"}]},{\"@type\":\"WebSite\",\"@id\":\"https:\\\/\\\/skaitytaknyga.lt\\\/#website\",\"url\":\"https:\\\/\\\/skaitytaknyga.lt\\\/\",\"name\":\"skaitytaknyga.lt\",\"description\":\"Skaitytaknyga.lt \u2013 tai ma\u017eas \u0161eimos verslas, kuris prasid\u0117jo nuo meil\u0117s knygoms ir siekio i\u0161gelb\u0117ti knygas nuo likimo prie konteinerio. Kas vienam nereikalingas daiktas \u2013 kitam lobis, o mes esame tarpininkai, kurie padeda abiems tapti laimingesniems ???? \u017dinome kaip nelengva i\u0161gyventi ma\u017eiems verslams, tad nuo \u0161iol, \u010dia rasite ir kit\u0173, ma\u017e\u0173 \u0161eim\u0173 versl\u0173, rank\u0173 darbo, dovan\u0173 sau ir artimiesiems.\",\"publisher\":{\"@id\":\"https:\\\/\\\/skaitytaknyga.lt\\\/#organization\"},\"potentialAction\":[{\"@type\":\"SearchAction\",\"target\":{\"@type\":\"EntryPoint\",\"urlTemplate\":\"https:\\\/\\\/skaitytaknyga.lt\\\/?s={search_term_string}\"},\"query-input\":{\"@type\":\"PropertyValueSpecification\",\"valueRequired\":true,\"valueName\":\"search_term_string\"}}],\"inLanguage\":\"en-GB\"},{\"@type\":\"Organization\",\"@id\":\"https:\\\/\\\/skaitytaknyga.lt\\\/#organization\",\"name\":\"skaitytaknyga.lt\",\"url\":\"https:\\\/\\\/skaitytaknyga.lt\\\/\",\"logo\":{\"@type\":\"ImageObject\",\"inLanguage\":\"en-GB\",\"@id\":\"https:\\\/\\\/skaitytaknyga.lt\\\/#\\\/schema\\\/logo\\\/image\\\/\",\"url\":\"https:\\\/\\\/skaitytaknyga.lt\\\/wp-content\\\/uploads\\\/2024\\\/05\\\/cropped-cropped-cropped-02_00843_jt3bggkj1j3HLc7SyY6rEUpg.jpeg\",\"contentUrl\":\"https:\\\/\\\/skaitytaknyga.lt\\\/wp-content\\\/uploads\\\/2024\\\/05\\\/cropped-cropped-cropped-02_00843_jt3bggkj1j3HLc7SyY6rEUpg.jpeg\",\"width\":1600,\"height\":1600,\"caption\":\"skaitytaknyga.lt\"},\"image\":{\"@id\":\"https:\\\/\\\/skaitytaknyga.lt\\\/#\\\/schema\\\/logo\\\/image\\\/\"},\"sameAs\":[\"https:\\\/\\\/www.facebook.com\\\/skaitytaknyga\\\/\"]}]}<\/script>\n<!-- \/ Yoast SEO plugin. -->","yoast_head_json":{"title":"Marija Au\u0161rin\u0117 Pavilionien\u0117 \u201eVizija ir tikrov\u0117\u201c - Skaitytaknyga","description":"Knyga skirta tiems, kurie domisi, kas yra \u017emogus, asmenyb\u0117, \u017emogaus teis\u0117s ir laisv\u0117s. Kurie neromantizuoja politikos, o \u017evelgia \u012f j\u0105 kaip \u012f kasdien\u012f sud\u0117ting\u0105 darb\u0105, kuriame susiduria skirtingos \u017emoni\u0173 pasaul\u0117\u017ei\u016bros, prie\u0161ingos ideologijos, partij\u0173 programos, kuriose kartais reikia ie\u0161koti \u017emogaus. Kurie nori suvokti, kaip gimsta \u012fstatymai, j\u0173 pataisos, kaip jie pa\u017eeid\u017eiami ir kaip kartais j\u0173 nepaisoma. Knygoje sud\u0117ti redaguoti 2011-2015 m. straipsniai, pa\u017eenklinti autor\u0117s emocij\u0173, ironijos ir nevilties d\u0117l to, kad Lietuvoje gra\u017eios \u017emoni\u0173 lygyb\u0117s vizijos, pagarbos \u017emogui siekiai vis netampa tikrove. Nepaisant to, autor\u0117 yra optimist\u0117, nes tiki \u017emogaus protu ir galimybe keistis.","robots":{"index":"index","follow":"follow","max-snippet":"max-snippet:-1","max-image-preview":"max-image-preview:large","max-video-preview":"max-video-preview:-1"},"canonical":"https:\/\/skaitytaknyga.lt\/en\/produktas\/marija-ausrine-pavilioniene-vizija-ir-tikrove-2\/","og_locale":"en_GB","og_type":"article","og_title":"Marija Au\u0161rin\u0117 Pavilionien\u0117 \u201eVizija ir tikrov\u0117\u201c - Skaitytaknyga","og_description":"Knyga skirta tiems, kurie domisi, kas yra \u017emogus, asmenyb\u0117, \u017emogaus teis\u0117s ir laisv\u0117s. Kurie neromantizuoja politikos, o \u017evelgia \u012f j\u0105 kaip \u012f kasdien\u012f sud\u0117ting\u0105 darb\u0105, kuriame susiduria skirtingos \u017emoni\u0173 pasaul\u0117\u017ei\u016bros, prie\u0161ingos ideologijos, partij\u0173 programos, kuriose kartais reikia ie\u0161koti \u017emogaus. Kurie nori suvokti, kaip gimsta \u012fstatymai, j\u0173 pataisos, kaip jie pa\u017eeid\u017eiami ir kaip kartais j\u0173 nepaisoma. Knygoje sud\u0117ti redaguoti 2011-2015 m. straipsniai, pa\u017eenklinti autor\u0117s emocij\u0173, ironijos ir nevilties d\u0117l to, kad Lietuvoje gra\u017eios \u017emoni\u0173 lygyb\u0117s vizijos, pagarbos \u017emogui siekiai vis netampa tikrove. Nepaisant to, autor\u0117 yra optimist\u0117, nes tiki \u017emogaus protu ir galimybe keistis.","og_url":"https:\/\/skaitytaknyga.lt\/en\/produktas\/marija-ausrine-pavilioniene-vizija-ir-tikrove-2\/","og_site_name":"Skaitytaknyga","article_publisher":"https:\/\/www.facebook.com\/skaitytaknyga\/","article_modified_time":"2024-05-04T14:43:53+00:00","og_image":[{"width":458,"height":740,"url":"https:\/\/skaitytaknyga.lt\/wp-content\/uploads\/2024\/04\/190116-img-20190611-164413-e1610542346807.jpg","type":"image\/jpeg"}],"twitter_card":"summary_large_image","twitter_misc":{"Estimated reading time":"1 minute"},"schema":{"@context":"https:\/\/schema.org","@graph":[{"@type":"WebPage","@id":"https:\/\/skaitytaknyga.lt\/produktas\/marija-ausrine-pavilioniene-vizija-ir-tikrove-2\/","url":"https:\/\/skaitytaknyga.lt\/produktas\/marija-ausrine-pavilioniene-vizija-ir-tikrove-2\/","name":"Marija Au\u0161rin\u0117 Pavilionien\u0117 \u201eVizija ir tikrov\u0117\u201c - Skaitytaknyga","isPartOf":{"@id":"https:\/\/skaitytaknyga.lt\/#website"},"primaryImageOfPage":{"@id":"https:\/\/skaitytaknyga.lt\/produktas\/marija-ausrine-pavilioniene-vizija-ir-tikrove-2\/#primaryimage"},"image":{"@id":"https:\/\/skaitytaknyga.lt\/produktas\/marija-ausrine-pavilioniene-vizija-ir-tikrove-2\/#primaryimage"},"thumbnailUrl":"https:\/\/skaitytaknyga.lt\/wp-content\/uploads\/2024\/04\/190116-img-20190611-164413-e1610542346807.jpg","datePublished":"2024-05-04T14:43:47+00:00","dateModified":"2024-05-04T14:43:53+00:00","description":"Knyga skirta tiems, kurie domisi, kas yra \u017emogus, asmenyb\u0117, \u017emogaus teis\u0117s ir laisv\u0117s. Kurie neromantizuoja politikos, o \u017evelgia \u012f j\u0105 kaip \u012f kasdien\u012f sud\u0117ting\u0105 darb\u0105, kuriame susiduria skirtingos \u017emoni\u0173 pasaul\u0117\u017ei\u016bros, prie\u0161ingos ideologijos, partij\u0173 programos, kuriose kartais reikia ie\u0161koti \u017emogaus. Kurie nori suvokti, kaip gimsta \u012fstatymai, j\u0173 pataisos, kaip jie pa\u017eeid\u017eiami ir kaip kartais j\u0173 nepaisoma. Knygoje sud\u0117ti redaguoti 2011-2015 m. straipsniai, pa\u017eenklinti autor\u0117s emocij\u0173, ironijos ir nevilties d\u0117l to, kad Lietuvoje gra\u017eios \u017emoni\u0173 lygyb\u0117s vizijos, pagarbos \u017emogui siekiai vis netampa tikrove. Nepaisant to, autor\u0117 yra optimist\u0117, nes tiki \u017emogaus protu ir galimybe keistis.","breadcrumb":{"@id":"https:\/\/skaitytaknyga.lt\/produktas\/marija-ausrine-pavilioniene-vizija-ir-tikrove-2\/#breadcrumb"},"inLanguage":"en-GB","potentialAction":[{"@type":"ReadAction","target":["https:\/\/skaitytaknyga.lt\/produktas\/marija-ausrine-pavilioniene-vizija-ir-tikrove-2\/"]}]},{"@type":"ImageObject","inLanguage":"en-GB","@id":"https:\/\/skaitytaknyga.lt\/produktas\/marija-ausrine-pavilioniene-vizija-ir-tikrove-2\/#primaryimage","url":"https:\/\/skaitytaknyga.lt\/wp-content\/uploads\/2024\/04\/190116-img-20190611-164413-e1610542346807.jpg","contentUrl":"https:\/\/skaitytaknyga.lt\/wp-content\/uploads\/2024\/04\/190116-img-20190611-164413-e1610542346807.jpg","width":458,"height":740,"caption":"190116 img 20190611 164413 e1610542346807"},{"@type":"BreadcrumbList","@id":"https:\/\/skaitytaknyga.lt\/produktas\/marija-ausrine-pavilioniene-vizija-ir-tikrove-2\/#breadcrumb","itemListElement":[{"@type":"ListItem","position":1,"name":"Home","item":"https:\/\/skaitytaknyga.lt\/"},{"@type":"ListItem","position":2,"name":"Parduotuv\u0117","item":"https:\/\/skaitytaknyga.lt\/knygu-parduotuve\/"},{"@type":"ListItem","position":3,"name":"Marija Au\u0161rin\u0117 Pavilionien\u0117 \u201eVizija ir tikrov\u0117\u201c"}]},{"@type":"WebSite","@id":"https:\/\/skaitytaknyga.lt\/#website","url":"https:\/\/skaitytaknyga.lt\/","name":"skaitytaknyga.lt","description":"Skaitytaknyga.lt \u2013 tai ma\u017eas \u0161eimos verslas, kuris prasid\u0117jo nuo meil\u0117s knygoms ir siekio i\u0161gelb\u0117ti knygas nuo likimo prie konteinerio. Kas vienam nereikalingas daiktas \u2013 kitam lobis, o mes esame tarpininkai, kurie padeda abiems tapti laimingesniems ???? \u017dinome kaip nelengva i\u0161gyventi ma\u017eiems verslams, tad nuo \u0161iol, \u010dia rasite ir kit\u0173, ma\u017e\u0173 \u0161eim\u0173 versl\u0173, rank\u0173 darbo, dovan\u0173 sau ir artimiesiems.","publisher":{"@id":"https:\/\/skaitytaknyga.lt\/#organization"},"potentialAction":[{"@type":"SearchAction","target":{"@type":"EntryPoint","urlTemplate":"https:\/\/skaitytaknyga.lt\/?s={search_term_string}"},"query-input":{"@type":"PropertyValueSpecification","valueRequired":true,"valueName":"search_term_string"}}],"inLanguage":"en-GB"},{"@type":"Organization","@id":"https:\/\/skaitytaknyga.lt\/#organization","name":"skaitytaknyga.lt","url":"https:\/\/skaitytaknyga.lt\/","logo":{"@type":"ImageObject","inLanguage":"en-GB","@id":"https:\/\/skaitytaknyga.lt\/#\/schema\/logo\/image\/","url":"https:\/\/skaitytaknyga.lt\/wp-content\/uploads\/2024\/05\/cropped-cropped-cropped-02_00843_jt3bggkj1j3HLc7SyY6rEUpg.jpeg","contentUrl":"https:\/\/skaitytaknyga.lt\/wp-content\/uploads\/2024\/05\/cropped-cropped-cropped-02_00843_jt3bggkj1j3HLc7SyY6rEUpg.jpeg","width":1600,"height":1600,"caption":"skaitytaknyga.lt"},"image":{"@id":"https:\/\/skaitytaknyga.lt\/#\/schema\/logo\/image\/"},"sameAs":["https:\/\/www.facebook.com\/skaitytaknyga\/"]}]}},"_links":{"self":[{"href":"https:\/\/skaitytaknyga.lt\/en\/wp-json\/wp\/v2\/product\/8312","targetHints":{"allow":["GET"]}}],"collection":[{"href":"https:\/\/skaitytaknyga.lt\/en\/wp-json\/wp\/v2\/product"}],"about":[{"href":"https:\/\/skaitytaknyga.lt\/en\/wp-json\/wp\/v2\/types\/product"}],"replies":[{"embeddable":true,"href":"https:\/\/skaitytaknyga.lt\/en\/wp-json\/wp\/v2\/comments?post=8312"}],"wp:featuredmedia":[{"embeddable":true,"href":"https:\/\/skaitytaknyga.lt\/en\/wp-json\/wp\/v2\/media\/4298"}],"wp:attachment":[{"href":"https:\/\/skaitytaknyga.lt\/en\/wp-json\/wp\/v2\/media?parent=8312"}],"wp:term":[{"taxonomy":"product_brand","embeddable":true,"href":"https:\/\/skaitytaknyga.lt\/en\/wp-json\/wp\/v2\/product_brand?post=8312"},{"taxonomy":"product_cat","embeddable":true,"href":"https:\/\/skaitytaknyga.lt\/en\/wp-json\/wp\/v2\/product_cat?post=8312"},{"taxonomy":"product_tag","embeddable":true,"href":"https:\/\/skaitytaknyga.lt\/en\/wp-json\/wp\/v2\/product_tag?post=8312"}],"curies":[{"name":"wp","href":"https:\/\/api.w.org\/{rel}","templated":true}]}}