{"id":8306,"date":"2024-05-04T14:43:46","date_gmt":"2024-05-04T14:43:46","guid":{"rendered":"https:\/\/skaitytaknyga.lt\/?post_type=product&#038;p=8306"},"modified":"2025-05-13T14:54:26","modified_gmt":"2025-05-13T11:54:26","slug":"vanessa-edwards-europos-sajungos-bendroviu-teise-2","status":"publish","type":"product","link":"https:\/\/skaitytaknyga.lt\/en\/produktas\/vanessa-edwards-europos-sajungos-bendroviu-teise-2\/","title":{"rendered":"Europos S\u0105jungos bendrovi\u0173 teis\u0117"},"content":{"rendered":"<p>\u0160ioje knygoje Vanessa Edwards i\u0161samiai nagrin\u0117ja visas iki \u0161iol priimtas direktyvas bendrovi\u0173 teis\u0117s ir vertybini\u0173 popieri\u0173 reguliavimo srityse. Ji aptaria kiekvienos i\u0161 \u0161i\u0173 direktyv\u0173 pri\u0117mimo istorin\u012f kontekst\u0105, taikymo apimt\u012f, reguliacijos poveik\u012f, ai\u0161kinim\u0105, kur\u012f atlieka Europos Teisingumo Teismas, bei nacionalin\u012f \u012fgyvendinim\u0105.<\/p>\n<p>Knygoje taip pat i\u0161samiai nagrin\u0117jama bendrovi\u0173 steigimosi laisv\u0117s apimtis analizuojant Teisingumo Teismo praktik\u0105 \u0161iuo klausimu.<\/p>\n<p>\u0160i knyga bus naudinga visiems bendrovi\u0173 teise besidomintiems teisininkams, dirbantiems tiek praktin\u0117je, tiek akademin\u0117je sferose, kad jie gal\u0117t\u0173 atitinkamus nacionalin\u0117s teis\u0117s aktus ai\u0161kinti EB direktyv\u0173 paskirties ir esmini\u0173 nuostat\u0173 kontekste, kaip to reikalauja EB teis\u0117. Galiausiai \u0161i knyga bus puikus studij\u0173 \u0161altinis studentams, studijuojantiems EB teis\u0119, reguliuojan\u010di\u0105 bendrovi\u0173 veikl\u0105 ir j\u0173 vertybini\u0173 popieri\u0173 apyvart\u0105.<\/p>\n<p>Vanessa Edwards yra advokat\u0117. Ji dirba teis\u0117s sekretore Europos Teisingumo Teismo generalinio advokato Francio Jacobso kontoroje.<\/p>\n","protected":false},"excerpt":{"rendered":"<p>\u0160ioje knygoje Vanessa Edwards i\u0161samiai nagrin\u0117ja visas iki \u0161iol priimtas direktyvas bendrovi\u0173 teis\u0117s ir vertybini\u0173 popieri\u0173 reguliavimo srityse. Ji aptaria kiekvienos i\u0161 \u0161i\u0173 direktyv\u0173 pri\u0117mimo istorin\u012f kontekst\u0105, taikymo apimt\u012f, reguliacijos poveik\u012f, ai\u0161kinim\u0105, kur\u012f atlieka Europos Teisingumo Teismas, bei nacionalin\u012f \u012fgyvendinim\u0105.<\/p>\n<p>Knygoje taip pat i\u0161samiai nagrin\u0117jama bendrovi\u0173 steigimosi laisv\u0117s apimtis analizuojant Teisingumo Teismo praktik\u0105 \u0161iuo klausimu.<\/p>\n<p>\u0160i knyga bus naudinga visiems bendrovi\u0173 teise besidomintiems teisininkams, dirbantiems tiek praktin\u0117je, tiek akademin\u0117je sferose, kad jie gal\u0117t\u0173 atitinkamus nacionalin\u0117s teis\u0117s aktus ai\u0161kinti EB direktyv\u0173 paskirties ir esmini\u0173 nuostat\u0173 kontekste, kaip to reikalauja EB teis\u0117. Galiausiai \u0161i knyga bus puikus studij\u0173 \u0161altinis studentams, studijuojantiems EB teis\u0119, reguliuojan\u010di\u0105 bendrovi\u0173 veikl\u0105 ir j\u0173 vertybini\u0173 popieri\u0173 apyvart\u0105.<\/p>\n<p>Vanessa Edwards yra advokat\u0117. Ji dirba teis\u0117s sekretore Europos Teisingumo Teismo generalinio advokato Francio Jacobso kontoroje.<\/p>\n","protected":false},"featured_media":4293,"comment_status":"closed","ping_status":"closed","template":"","meta":{"_acf_changed":false,"site-sidebar-layout":"default","site-content-layout":"","ast-site-content-layout":"default","site-content-style":"default","site-sidebar-style":"default","ast-global-header-display":"","ast-banner-title-visibility":"","ast-main-header-display":"","ast-hfb-above-header-display":"","ast-hfb-below-header-display":"","ast-hfb-mobile-header-display":"","site-post-title":"","ast-breadcrumbs-content":"","ast-featured-img":"","footer-sml-layout":"","ast-disable-related-posts":"","theme-transparent-header-meta":"","adv-header-id-meta":"","stick-header-meta":"","header-above-stick-meta":"","header-main-stick-meta":"","header-below-stick-meta":"","astra-migrate-meta-layouts":"default","ast-page-background-enabled":"default","ast-page-background-meta":{"desktop":{"background-color":"","background-image":"","background-repeat":"repeat","background-position":"center center","background-size":"auto","background-attachment":"scroll","background-type":"","background-media":"","overlay-type":"","overlay-color":"","overlay-opacity":"","overlay-gradient":""},"tablet":{"background-color":"","background-image":"","background-repeat":"repeat","background-position":"center center","background-size":"auto","background-attachment":"scroll","background-type":"","background-media":"","overlay-type":"","overlay-color":"","overlay-opacity":"","overlay-gradient":""},"mobile":{"background-color":"","background-image":"","background-repeat":"repeat","background-position":"center center","background-size":"auto","background-attachment":"scroll","background-type":"","background-media":"","overlay-type":"","overlay-color":"","overlay-opacity":"","overlay-gradient":""}},"ast-content-background-meta":{"desktop":{"background-color":"var(--ast-global-color-4)","background-image":"","background-repeat":"repeat","background-position":"center center","background-size":"auto","background-attachment":"scroll","background-type":"","background-media":"","overlay-type":"","overlay-color":"","overlay-opacity":"","overlay-gradient":""},"tablet":{"background-color":"var(--ast-global-color-4)","background-image":"","background-repeat":"repeat","background-position":"center center","background-size":"auto","background-attachment":"scroll","background-type":"","background-media":"","overlay-type":"","overlay-color":"","overlay-opacity":"","overlay-gradient":""},"mobile":{"background-color":"var(--ast-global-color-4)","background-image":"","background-repeat":"repeat","background-position":"center center","background-size":"auto","background-attachment":"scroll","background-type":"","background-media":"","overlay-type":"","overlay-color":"","overlay-opacity":"","overlay-gradient":""}}},"product_brand":[],"product_cat":[436],"product_tag":[2355,2358,2354,2096,2357,2356],"class_list":{"0":"post-8306","1":"product","2":"type-product","3":"status-publish","4":"has-post-thumbnail","6":"product_cat-teise","7":"product_tag-bendroviu-teise","8":"product_tag-es-teise","9":"product_tag-europos-sajunga","10":"product_tag-teise","11":"product_tag-teisiniai-pagrindai","12":"product_tag-verslas","13":"desktop-align-left","14":"tablet-align-left","15":"mobile-align-left","17":"first","18":"instock","19":"shipping-taxable","20":"purchasable","21":"product-type-simple"},"acf":[],"yoast_head":"<!-- This site is optimized with the Yoast SEO plugin v27.0 - https:\/\/yoast.com\/product\/yoast-seo-wordpress\/ -->\n<title>Europos S\u0105jungos bendrovi\u0173 teis\u0117<\/title>\n<meta name=\"description\" content=\"\u0160ioje knygoje Vanessa Edwards i\u0161samiai nagrin\u0117ja visas iki \u0161iol priimtas direktyvas bendrovi\u0173 teis\u0117s ir vertybini\u0173 popieri\u0173 reguliavimo srityse. Ji aptaria kiekvienos i\u0161 \u0161i\u0173 direktyv\u0173 pri\u0117mimo istorin\u012f kontekst\u0105, taikymo apimt\u012f, reguliacijos poveik\u012f, ai\u0161kinim\u0105, kur\u012f atlieka Europos Teisingumo Teismas, bei nacionalin\u012f \u012fgyvendinim\u0105.  Knygoje taip pat i\u0161samiai nagrin\u0117jama bendrovi\u0173 steigimosi laisv\u0117s apimtis analizuojant Teisingumo Teismo praktik\u0105 \u0161iuo klausimu.  \u0160i knyga bus naudinga visiems bendrovi\u0173 teise besidomintiems teisininkams, dirbantiems tiek praktin\u0117je, tiek akademin\u0117je sferose, kad jie gal\u0117t\u0173 atitinkamus nacionalin\u0117s teis\u0117s aktus ai\u0161kinti EB direktyv\u0173 paskirties ir esmini\u0173 nuostat\u0173 kontekste, kaip to reikalauja EB teis\u0117. Galiausiai \u0161i knyga bus puikus studij\u0173 \u0161altinis studentams, studijuojantiems EB teis\u0119, reguliuojan\u010di\u0105 bendrovi\u0173 veikl\u0105 ir j\u0173 vertybini\u0173 popieri\u0173 apyvart\u0105.  Vanessa Edwards yra advokat\u0117. Ji dirba teis\u0117s sekretore Europos Teisingumo Teismo generalinio advokato Francio Jacobso kontoroje.\" \/>\n<meta name=\"robots\" content=\"index, follow, max-snippet:-1, max-image-preview:large, max-video-preview:-1\" \/>\n<link rel=\"canonical\" href=\"https:\/\/skaitytaknyga.lt\/en\/produktas\/vanessa-edwards-europos-sajungos-bendroviu-teise-2\/\" \/>\n<meta property=\"og:locale\" content=\"en_GB\" \/>\n<meta property=\"og:locale:alternate\" content=\"lt_LT\" \/>\n<meta property=\"og:type\" content=\"article\" \/>\n<meta property=\"og:title\" content=\"Europos S\u0105jungos bendrovi\u0173 teis\u0117\" \/>\n<meta property=\"og:description\" content=\"\u0160ioje knygoje Vanessa Edwards i\u0161samiai nagrin\u0117ja visas iki \u0161iol priimtas direktyvas bendrovi\u0173 teis\u0117s ir vertybini\u0173 popieri\u0173 reguliavimo srityse. Ji aptaria kiekvienos i\u0161 \u0161i\u0173 direktyv\u0173 pri\u0117mimo istorin\u012f kontekst\u0105, taikymo apimt\u012f, reguliacijos poveik\u012f, ai\u0161kinim\u0105, kur\u012f atlieka Europos Teisingumo Teismas, bei nacionalin\u012f \u012fgyvendinim\u0105.  Knygoje taip pat i\u0161samiai nagrin\u0117jama bendrovi\u0173 steigimosi laisv\u0117s apimtis analizuojant Teisingumo Teismo praktik\u0105 \u0161iuo klausimu.  \u0160i knyga bus naudinga visiems bendrovi\u0173 teise besidomintiems teisininkams, dirbantiems tiek praktin\u0117je, tiek akademin\u0117je sferose, kad jie gal\u0117t\u0173 atitinkamus nacionalin\u0117s teis\u0117s aktus ai\u0161kinti EB direktyv\u0173 paskirties ir esmini\u0173 nuostat\u0173 kontekste, kaip to reikalauja EB teis\u0117. Galiausiai \u0161i knyga bus puikus studij\u0173 \u0161altinis studentams, studijuojantiems EB teis\u0119, reguliuojan\u010di\u0105 bendrovi\u0173 veikl\u0105 ir j\u0173 vertybini\u0173 popieri\u0173 apyvart\u0105.  Vanessa Edwards yra advokat\u0117. Ji dirba teis\u0117s sekretore Europos Teisingumo Teismo generalinio advokato Francio Jacobso kontoroje.\" \/>\n<meta property=\"og:url\" content=\"https:\/\/skaitytaknyga.lt\/en\/produktas\/vanessa-edwards-europos-sajungos-bendroviu-teise-2\/\" \/>\n<meta property=\"og:site_name\" content=\"Skaitytaknyga\" \/>\n<meta property=\"article:publisher\" content=\"https:\/\/www.facebook.com\/skaitytaknyga\/\" \/>\n<meta property=\"article:modified_time\" content=\"2025-05-13T11:54:26+00:00\" \/>\n<meta property=\"og:image\" content=\"https:\/\/skaitytaknyga.lt\/wp-content\/uploads\/2024\/04\/20210112_1701515805419056038073436-scaled-e1610465975671.jpg\" \/>\n\t<meta property=\"og:image:width\" content=\"1248\" \/>\n\t<meta property=\"og:image:height\" content=\"1721\" \/>\n\t<meta property=\"og:image:type\" content=\"image\/jpeg\" \/>\n<meta name=\"twitter:card\" content=\"summary_large_image\" \/>\n<meta name=\"twitter:label1\" content=\"Estimated reading time\" \/>\n\t<meta name=\"twitter:data1\" content=\"1 minute\" \/>\n<script type=\"application\/ld+json\" class=\"yoast-schema-graph\">{\"@context\":\"https:\/\/schema.org\",\"@graph\":[{\"@type\":\"WebPage\",\"@id\":\"https:\/\/skaitytaknyga.lt\/produktas\/vanessa-edwards-europos-sajungos-bendroviu-teise-2\/\",\"url\":\"https:\/\/skaitytaknyga.lt\/produktas\/vanessa-edwards-europos-sajungos-bendroviu-teise-2\/\",\"name\":\"Europos S\u0105jungos bendrovi\u0173 teis\u0117\",\"isPartOf\":{\"@id\":\"https:\/\/skaitytaknyga.lt\/#website\"},\"primaryImageOfPage\":{\"@id\":\"https:\/\/skaitytaknyga.lt\/produktas\/vanessa-edwards-europos-sajungos-bendroviu-teise-2\/#primaryimage\"},\"image\":{\"@id\":\"https:\/\/skaitytaknyga.lt\/produktas\/vanessa-edwards-europos-sajungos-bendroviu-teise-2\/#primaryimage\"},\"thumbnailUrl\":\"https:\/\/skaitytaknyga.lt\/wp-content\/uploads\/2024\/04\/20210112_1701515805419056038073436-scaled-e1610465975671.jpg\",\"datePublished\":\"2024-05-04T14:43:46+00:00\",\"dateModified\":\"2025-05-13T11:54:26+00:00\",\"description\":\"\u0160ioje knygoje Vanessa Edwards i\u0161samiai nagrin\u0117ja visas iki \u0161iol priimtas direktyvas bendrovi\u0173 teis\u0117s ir vertybini\u0173 popieri\u0173 reguliavimo srityse. Ji aptaria kiekvienos i\u0161 \u0161i\u0173 direktyv\u0173 pri\u0117mimo istorin\u012f kontekst\u0105, taikymo apimt\u012f, reguliacijos poveik\u012f, ai\u0161kinim\u0105, kur\u012f atlieka Europos Teisingumo Teismas, bei nacionalin\u012f \u012fgyvendinim\u0105. Knygoje taip pat i\u0161samiai nagrin\u0117jama bendrovi\u0173 steigimosi laisv\u0117s apimtis analizuojant Teisingumo Teismo praktik\u0105 \u0161iuo klausimu. \u0160i knyga bus naudinga visiems bendrovi\u0173 teise besidomintiems teisininkams, dirbantiems tiek praktin\u0117je, tiek akademin\u0117je sferose, kad jie gal\u0117t\u0173 atitinkamus nacionalin\u0117s teis\u0117s aktus ai\u0161kinti EB direktyv\u0173 paskirties ir esmini\u0173 nuostat\u0173 kontekste, kaip to reikalauja EB teis\u0117. Galiausiai \u0161i knyga bus puikus studij\u0173 \u0161altinis studentams, studijuojantiems EB teis\u0119, reguliuojan\u010di\u0105 bendrovi\u0173 veikl\u0105 ir j\u0173 vertybini\u0173 popieri\u0173 apyvart\u0105. Vanessa Edwards yra advokat\u0117. Ji dirba teis\u0117s sekretore Europos Teisingumo Teismo generalinio advokato Francio Jacobso kontoroje.\",\"breadcrumb\":{\"@id\":\"https:\/\/skaitytaknyga.lt\/produktas\/vanessa-edwards-europos-sajungos-bendroviu-teise-2\/#breadcrumb\"},\"inLanguage\":\"en-GB\",\"potentialAction\":[{\"@type\":\"ReadAction\",\"target\":[\"https:\/\/skaitytaknyga.lt\/produktas\/vanessa-edwards-europos-sajungos-bendroviu-teise-2\/\"]}]},{\"@type\":\"ImageObject\",\"inLanguage\":\"en-GB\",\"@id\":\"https:\/\/skaitytaknyga.lt\/produktas\/vanessa-edwards-europos-sajungos-bendroviu-teise-2\/#primaryimage\",\"url\":\"https:\/\/skaitytaknyga.lt\/wp-content\/uploads\/2024\/04\/20210112_1701515805419056038073436-scaled-e1610465975671.jpg\",\"contentUrl\":\"https:\/\/skaitytaknyga.lt\/wp-content\/uploads\/2024\/04\/20210112_1701515805419056038073436-scaled-e1610465975671.jpg\",\"width\":1248,\"height\":1721,\"caption\":\"20210112 1701515805419056038073436 scaled e1610465975671\"},{\"@type\":\"BreadcrumbList\",\"@id\":\"https:\/\/skaitytaknyga.lt\/produktas\/vanessa-edwards-europos-sajungos-bendroviu-teise-2\/#breadcrumb\",\"itemListElement\":[{\"@type\":\"ListItem\",\"position\":1,\"name\":\"Home\",\"item\":\"https:\/\/skaitytaknyga.lt\/\"},{\"@type\":\"ListItem\",\"position\":2,\"name\":\"Parduotuv\u0117\",\"item\":\"https:\/\/skaitytaknyga.lt\/knygu-parduotuve\/\"},{\"@type\":\"ListItem\",\"position\":3,\"name\":\"Europos S\u0105jungos bendrovi\u0173 teis\u0117\"}]},{\"@type\":\"WebSite\",\"@id\":\"https:\/\/skaitytaknyga.lt\/#website\",\"url\":\"https:\/\/skaitytaknyga.lt\/\",\"name\":\"skaitytaknyga.lt\",\"description\":\"Skaitytaknyga.lt \u2013 tai ma\u017eas \u0161eimos verslas, kuris prasid\u0117jo nuo meil\u0117s knygoms ir siekio i\u0161gelb\u0117ti knygas nuo likimo prie konteinerio. Kas vienam nereikalingas daiktas \u2013 kitam lobis, o mes esame tarpininkai, kurie padeda abiems tapti laimingesniems ???? \u017dinome kaip nelengva i\u0161gyventi ma\u017eiems verslams, tad nuo \u0161iol, \u010dia rasite ir kit\u0173, ma\u017e\u0173 \u0161eim\u0173 versl\u0173, rank\u0173 darbo, dovan\u0173 sau ir artimiesiems.\",\"publisher\":{\"@id\":\"https:\/\/skaitytaknyga.lt\/#organization\"},\"potentialAction\":[{\"@type\":\"SearchAction\",\"target\":{\"@type\":\"EntryPoint\",\"urlTemplate\":\"https:\/\/skaitytaknyga.lt\/?s={search_term_string}\"},\"query-input\":{\"@type\":\"PropertyValueSpecification\",\"valueRequired\":true,\"valueName\":\"search_term_string\"}}],\"inLanguage\":\"en-GB\"},{\"@type\":\"Organization\",\"@id\":\"https:\/\/skaitytaknyga.lt\/#organization\",\"name\":\"skaitytaknyga.lt\",\"url\":\"https:\/\/skaitytaknyga.lt\/\",\"logo\":{\"@type\":\"ImageObject\",\"inLanguage\":\"en-GB\",\"@id\":\"https:\/\/skaitytaknyga.lt\/#\/schema\/logo\/image\/\",\"url\":\"https:\/\/skaitytaknyga.lt\/wp-content\/uploads\/2024\/05\/cropped-cropped-cropped-02_00843_jt3bggkj1j3HLc7SyY6rEUpg.jpeg\",\"contentUrl\":\"https:\/\/skaitytaknyga.lt\/wp-content\/uploads\/2024\/05\/cropped-cropped-cropped-02_00843_jt3bggkj1j3HLc7SyY6rEUpg.jpeg\",\"width\":1600,\"height\":1600,\"caption\":\"skaitytaknyga.lt\"},\"image\":{\"@id\":\"https:\/\/skaitytaknyga.lt\/#\/schema\/logo\/image\/\"},\"sameAs\":[\"https:\/\/www.facebook.com\/skaitytaknyga\/\"]}]}<\/script>\n<!-- \/ Yoast SEO plugin. -->","yoast_head_json":{"title":"Europos S\u0105jungos bendrovi\u0173 teis\u0117","description":"\u0160ioje knygoje Vanessa Edwards i\u0161samiai nagrin\u0117ja visas iki \u0161iol priimtas direktyvas bendrovi\u0173 teis\u0117s ir vertybini\u0173 popieri\u0173 reguliavimo srityse. Ji aptaria kiekvienos i\u0161 \u0161i\u0173 direktyv\u0173 pri\u0117mimo istorin\u012f kontekst\u0105, taikymo apimt\u012f, reguliacijos poveik\u012f, ai\u0161kinim\u0105, kur\u012f atlieka Europos Teisingumo Teismas, bei nacionalin\u012f \u012fgyvendinim\u0105.  Knygoje taip pat i\u0161samiai nagrin\u0117jama bendrovi\u0173 steigimosi laisv\u0117s apimtis analizuojant Teisingumo Teismo praktik\u0105 \u0161iuo klausimu.  \u0160i knyga bus naudinga visiems bendrovi\u0173 teise besidomintiems teisininkams, dirbantiems tiek praktin\u0117je, tiek akademin\u0117je sferose, kad jie gal\u0117t\u0173 atitinkamus nacionalin\u0117s teis\u0117s aktus ai\u0161kinti EB direktyv\u0173 paskirties ir esmini\u0173 nuostat\u0173 kontekste, kaip to reikalauja EB teis\u0117. Galiausiai \u0161i knyga bus puikus studij\u0173 \u0161altinis studentams, studijuojantiems EB teis\u0119, reguliuojan\u010di\u0105 bendrovi\u0173 veikl\u0105 ir j\u0173 vertybini\u0173 popieri\u0173 apyvart\u0105.  Vanessa Edwards yra advokat\u0117. Ji dirba teis\u0117s sekretore Europos Teisingumo Teismo generalinio advokato Francio Jacobso kontoroje.","robots":{"index":"index","follow":"follow","max-snippet":"max-snippet:-1","max-image-preview":"max-image-preview:large","max-video-preview":"max-video-preview:-1"},"canonical":"https:\/\/skaitytaknyga.lt\/en\/produktas\/vanessa-edwards-europos-sajungos-bendroviu-teise-2\/","og_locale":"en_GB","og_type":"article","og_title":"[:lt]Europos S\u0105jungos bendrovi\u0173 teis\u0117[:] - Skaitytaknyga","og_description":"\u0160ioje knygoje Vanessa Edwards i\u0161samiai nagrin\u0117ja visas iki \u0161iol priimtas direktyvas bendrovi\u0173 teis\u0117s ir vertybini\u0173 popieri\u0173 reguliavimo srityse. Ji aptaria kiekvienos i\u0161 \u0161i\u0173 direktyv\u0173 pri\u0117mimo istorin\u012f kontekst\u0105, taikymo apimt\u012f, reguliacijos poveik\u012f, ai\u0161kinim\u0105, kur\u012f atlieka Europos Teisingumo Teismas, bei nacionalin\u012f \u012fgyvendinim\u0105.  Knygoje taip pat i\u0161samiai nagrin\u0117jama bendrovi\u0173 steigimosi laisv\u0117s apimtis analizuojant Teisingumo Teismo praktik\u0105 \u0161iuo klausimu.  \u0160i knyga bus naudinga visiems bendrovi\u0173 teise besidomintiems teisininkams, dirbantiems tiek praktin\u0117je, tiek akademin\u0117je sferose, kad jie gal\u0117t\u0173 atitinkamus nacionalin\u0117s teis\u0117s aktus ai\u0161kinti EB direktyv\u0173 paskirties ir esmini\u0173 nuostat\u0173 kontekste, kaip to reikalauja EB teis\u0117. Galiausiai \u0161i knyga bus puikus studij\u0173 \u0161altinis studentams, studijuojantiems EB teis\u0119, reguliuojan\u010di\u0105 bendrovi\u0173 veikl\u0105 ir j\u0173 vertybini\u0173 popieri\u0173 apyvart\u0105.  Vanessa Edwards yra advokat\u0117. Ji dirba teis\u0117s sekretore Europos Teisingumo Teismo generalinio advokato Francio Jacobso kontoroje.","og_url":"https:\/\/skaitytaknyga.lt\/en\/produktas\/vanessa-edwards-europos-sajungos-bendroviu-teise-2\/","og_site_name":"Skaitytaknyga","article_publisher":"https:\/\/www.facebook.com\/skaitytaknyga\/","article_modified_time":"2025-05-13T11:54:26+00:00","og_image":[{"width":1248,"height":1721,"url":"https:\/\/skaitytaknyga.lt\/wp-content\/uploads\/2024\/04\/20210112_1701515805419056038073436-scaled-e1610465975671.jpg","type":"image\/jpeg"}],"twitter_card":"summary_large_image","twitter_misc":{"Estimated reading time":"1 minute"},"schema":{"@context":"https:\/\/schema.org","@graph":[{"@type":"WebPage","@id":"https:\/\/skaitytaknyga.lt\/produktas\/vanessa-edwards-europos-sajungos-bendroviu-teise-2\/","url":"https:\/\/skaitytaknyga.lt\/produktas\/vanessa-edwards-europos-sajungos-bendroviu-teise-2\/","name":"Europos S\u0105jungos bendrovi\u0173 teis\u0117","isPartOf":{"@id":"https:\/\/skaitytaknyga.lt\/#website"},"primaryImageOfPage":{"@id":"https:\/\/skaitytaknyga.lt\/produktas\/vanessa-edwards-europos-sajungos-bendroviu-teise-2\/#primaryimage"},"image":{"@id":"https:\/\/skaitytaknyga.lt\/produktas\/vanessa-edwards-europos-sajungos-bendroviu-teise-2\/#primaryimage"},"thumbnailUrl":"https:\/\/skaitytaknyga.lt\/wp-content\/uploads\/2024\/04\/20210112_1701515805419056038073436-scaled-e1610465975671.jpg","datePublished":"2024-05-04T14:43:46+00:00","dateModified":"2025-05-13T11:54:26+00:00","description":"\u0160ioje knygoje Vanessa Edwards i\u0161samiai nagrin\u0117ja visas iki \u0161iol priimtas direktyvas bendrovi\u0173 teis\u0117s ir vertybini\u0173 popieri\u0173 reguliavimo srityse. Ji aptaria kiekvienos i\u0161 \u0161i\u0173 direktyv\u0173 pri\u0117mimo istorin\u012f kontekst\u0105, taikymo apimt\u012f, reguliacijos poveik\u012f, ai\u0161kinim\u0105, kur\u012f atlieka Europos Teisingumo Teismas, bei nacionalin\u012f \u012fgyvendinim\u0105. Knygoje taip pat i\u0161samiai nagrin\u0117jama bendrovi\u0173 steigimosi laisv\u0117s apimtis analizuojant Teisingumo Teismo praktik\u0105 \u0161iuo klausimu. \u0160i knyga bus naudinga visiems bendrovi\u0173 teise besidomintiems teisininkams, dirbantiems tiek praktin\u0117je, tiek akademin\u0117je sferose, kad jie gal\u0117t\u0173 atitinkamus nacionalin\u0117s teis\u0117s aktus ai\u0161kinti EB direktyv\u0173 paskirties ir esmini\u0173 nuostat\u0173 kontekste, kaip to reikalauja EB teis\u0117. Galiausiai \u0161i knyga bus puikus studij\u0173 \u0161altinis studentams, studijuojantiems EB teis\u0119, reguliuojan\u010di\u0105 bendrovi\u0173 veikl\u0105 ir j\u0173 vertybini\u0173 popieri\u0173 apyvart\u0105. Vanessa Edwards yra advokat\u0117. Ji dirba teis\u0117s sekretore Europos Teisingumo Teismo generalinio advokato Francio Jacobso kontoroje.","breadcrumb":{"@id":"https:\/\/skaitytaknyga.lt\/produktas\/vanessa-edwards-europos-sajungos-bendroviu-teise-2\/#breadcrumb"},"inLanguage":"en-GB","potentialAction":[{"@type":"ReadAction","target":["https:\/\/skaitytaknyga.lt\/produktas\/vanessa-edwards-europos-sajungos-bendroviu-teise-2\/"]}]},{"@type":"ImageObject","inLanguage":"en-GB","@id":"https:\/\/skaitytaknyga.lt\/produktas\/vanessa-edwards-europos-sajungos-bendroviu-teise-2\/#primaryimage","url":"https:\/\/skaitytaknyga.lt\/wp-content\/uploads\/2024\/04\/20210112_1701515805419056038073436-scaled-e1610465975671.jpg","contentUrl":"https:\/\/skaitytaknyga.lt\/wp-content\/uploads\/2024\/04\/20210112_1701515805419056038073436-scaled-e1610465975671.jpg","width":1248,"height":1721,"caption":"20210112 1701515805419056038073436 scaled e1610465975671"},{"@type":"BreadcrumbList","@id":"https:\/\/skaitytaknyga.lt\/produktas\/vanessa-edwards-europos-sajungos-bendroviu-teise-2\/#breadcrumb","itemListElement":[{"@type":"ListItem","position":1,"name":"Home","item":"https:\/\/skaitytaknyga.lt\/"},{"@type":"ListItem","position":2,"name":"Parduotuv\u0117","item":"https:\/\/skaitytaknyga.lt\/knygu-parduotuve\/"},{"@type":"ListItem","position":3,"name":"Europos S\u0105jungos bendrovi\u0173 teis\u0117"}]},{"@type":"WebSite","@id":"https:\/\/skaitytaknyga.lt\/#website","url":"https:\/\/skaitytaknyga.lt\/","name":"skaitytaknyga.lt","description":"Skaitytaknyga.lt \u2013 tai ma\u017eas \u0161eimos verslas, kuris prasid\u0117jo nuo meil\u0117s knygoms ir siekio i\u0161gelb\u0117ti knygas nuo likimo prie konteinerio. Kas vienam nereikalingas daiktas \u2013 kitam lobis, o mes esame tarpininkai, kurie padeda abiems tapti laimingesniems ???? \u017dinome kaip nelengva i\u0161gyventi ma\u017eiems verslams, tad nuo \u0161iol, \u010dia rasite ir kit\u0173, ma\u017e\u0173 \u0161eim\u0173 versl\u0173, rank\u0173 darbo, dovan\u0173 sau ir artimiesiems.","publisher":{"@id":"https:\/\/skaitytaknyga.lt\/#organization"},"potentialAction":[{"@type":"SearchAction","target":{"@type":"EntryPoint","urlTemplate":"https:\/\/skaitytaknyga.lt\/?s={search_term_string}"},"query-input":{"@type":"PropertyValueSpecification","valueRequired":true,"valueName":"search_term_string"}}],"inLanguage":"en-GB"},{"@type":"Organization","@id":"https:\/\/skaitytaknyga.lt\/#organization","name":"skaitytaknyga.lt","url":"https:\/\/skaitytaknyga.lt\/","logo":{"@type":"ImageObject","inLanguage":"en-GB","@id":"https:\/\/skaitytaknyga.lt\/#\/schema\/logo\/image\/","url":"https:\/\/skaitytaknyga.lt\/wp-content\/uploads\/2024\/05\/cropped-cropped-cropped-02_00843_jt3bggkj1j3HLc7SyY6rEUpg.jpeg","contentUrl":"https:\/\/skaitytaknyga.lt\/wp-content\/uploads\/2024\/05\/cropped-cropped-cropped-02_00843_jt3bggkj1j3HLc7SyY6rEUpg.jpeg","width":1600,"height":1600,"caption":"skaitytaknyga.lt"},"image":{"@id":"https:\/\/skaitytaknyga.lt\/#\/schema\/logo\/image\/"},"sameAs":["https:\/\/www.facebook.com\/skaitytaknyga\/"]}]}},"_links":{"self":[{"href":"https:\/\/skaitytaknyga.lt\/en\/wp-json\/wp\/v2\/product\/8306","targetHints":{"allow":["GET"]}}],"collection":[{"href":"https:\/\/skaitytaknyga.lt\/en\/wp-json\/wp\/v2\/product"}],"about":[{"href":"https:\/\/skaitytaknyga.lt\/en\/wp-json\/wp\/v2\/types\/product"}],"replies":[{"embeddable":true,"href":"https:\/\/skaitytaknyga.lt\/en\/wp-json\/wp\/v2\/comments?post=8306"}],"wp:featuredmedia":[{"embeddable":true,"href":"https:\/\/skaitytaknyga.lt\/en\/wp-json\/wp\/v2\/media\/4293"}],"wp:attachment":[{"href":"https:\/\/skaitytaknyga.lt\/en\/wp-json\/wp\/v2\/media?parent=8306"}],"wp:term":[{"taxonomy":"product_brand","embeddable":true,"href":"https:\/\/skaitytaknyga.lt\/en\/wp-json\/wp\/v2\/product_brand?post=8306"},{"taxonomy":"product_cat","embeddable":true,"href":"https:\/\/skaitytaknyga.lt\/en\/wp-json\/wp\/v2\/product_cat?post=8306"},{"taxonomy":"product_tag","embeddable":true,"href":"https:\/\/skaitytaknyga.lt\/en\/wp-json\/wp\/v2\/product_tag?post=8306"}],"curies":[{"name":"wp","href":"https:\/\/api.w.org\/{rel}","templated":true}]}}