{"id":8263,"date":"2024-05-04T14:43:02","date_gmt":"2024-05-04T14:43:02","guid":{"rendered":"https:\/\/skaitytaknyga.lt\/?post_type=product&#038;p=8263"},"modified":"2024-07-13T12:54:08","modified_gmt":"2024-07-13T09:54:08","slug":"henry-james-moters-portretas-2","status":"publish","type":"product","link":"https:\/\/skaitytaknyga.lt\/en\/produktas\/henry-james-moters-portretas-2\/","title":{"rendered":"Henry James \u201eMoters portretas\u201c"},"content":{"rendered":"<p>Izabel\u0117 Ar\u010der &#8211; jauna gra\u017ei mergina, trok\u0161tanti pa\u017einti pasaul\u012f. Vos atvykusi \u012f Europ\u0105, Izabel\u0117 savo \u017eavesiu pakeri visus, atsiranda ne vienas gerb\u0117jas, norintis j\u0105 vesti. Ta\u010diau gyvenimo keli\u0105 Izabel\u0117 renkasi pati. Atstumia lordo Vorbertono \u0161ird\u012f, nepatiki ir Kasparo Gudvudo ketinimais, o \u012f tyli\u0105 ir nieko nereikalaujan\u010di\u0105 pusbrolio Ralfo meil\u0119 taip pat neatsako.<\/p>\n<p>Izabel\u0117 trok\u0161ta laisv\u0117s ir nevar\u017eomo gyvenimo, kur\u012f, kaip j\u0105 \u012ftikino madam Merl, gal\u0117siantis suteikti senas jos draugas Gilbertas Osmondas. Mergina patenka \u012f pinkli\u0173 ir apgaul\u0117s rat\u0105, kuris tampa per didele kaina u\u017e tro\u0161kim\u0105 pa\u017einti pasaul\u012f. Pagal \u0161\u012f roman\u0105 buvo sukurtas serialas, o 1996 m. pastatytas filmas su garsiaisiais aktoriais &#8211; Nikole Kidman ir D\u017eonu Malkovi\u010dium. \u201eMoters portretas&#8221; su\u017eav\u0117s kiekvien\u0105 skaitytoj\u0105, ypa\u010d m\u0117gstant\u012f Jane Austen (D\u017eein Osten) romanus (\u201eProtas ir jausmai, \u201ePuikyb\u0117 ir prietarai&#8221;, \u201eEma&#8221;).<\/p>\n","protected":false},"excerpt":{"rendered":"<p>Izabel\u0117 Ar\u010der &#8211; jauna gra\u017ei mergina, trok\u0161tanti pa\u017einti pasaul\u012f. Vos atvykusi \u012f Europ\u0105, Izabel\u0117 savo \u017eavesiu pakeri visus, atsiranda ne vienas gerb\u0117jas, norintis j\u0105 vesti. Ta\u010diau gyvenimo keli\u0105 Izabel\u0117 renkasi pati. Atstumia lordo Vorbertono \u0161ird\u012f, nepatiki ir Kasparo Gudvudo ketinimais, o \u012f tyli\u0105 ir nieko nereikalaujan\u010di\u0105 pusbrolio Ralfo meil\u0119 taip pat neatsako.<\/p>\n<p>Izabel\u0117 trok\u0161ta laisv\u0117s ir nevar\u017eomo gyvenimo, kur\u012f, kaip j\u0105 \u012ftikino madam Merl, gal\u0117siantis suteikti senas jos draugas Gilbertas Osmondas. Mergina patenka \u012f pinkli\u0173 ir apgaul\u0117s rat\u0105, kuris tampa per didele kaina u\u017e tro\u0161kim\u0105 pa\u017einti pasaul\u012f. Pagal \u0161\u012f roman\u0105 buvo sukurtas serialas, o 1996 m. pastatytas filmas su garsiaisiais aktoriais &#8211; Nikole Kidman ir D\u017eonu Malkovi\u010dium. \u201eMoters portretas&#8221; su\u017eav\u0117s kiekvien\u0105 skaitytoj\u0105, ypa\u010d m\u0117gstant\u012f Jane Austen (D\u017eein Osten) romanus (\u201eProtas ir jausmai, \u201ePuikyb\u0117 ir prietarai&#8221;, \u201eEma&#8221;).<\/p>\n","protected":false},"featured_media":4194,"comment_status":"closed","ping_status":"closed","template":"","meta":{"_acf_changed":false,"site-sidebar-layout":"default","site-content-layout":"","ast-site-content-layout":"default","site-content-style":"default","site-sidebar-style":"default","ast-global-header-display":"","ast-banner-title-visibility":"","ast-main-header-display":"","ast-hfb-above-header-display":"","ast-hfb-below-header-display":"","ast-hfb-mobile-header-display":"","site-post-title":"","ast-breadcrumbs-content":"","ast-featured-img":"","footer-sml-layout":"","ast-disable-related-posts":"","theme-transparent-header-meta":"","adv-header-id-meta":"","stick-header-meta":"","header-above-stick-meta":"","header-main-stick-meta":"","header-below-stick-meta":"","astra-migrate-meta-layouts":"default","ast-page-background-enabled":"default","ast-page-background-meta":{"desktop":{"background-color":"","background-image":"","background-repeat":"repeat","background-position":"center center","background-size":"auto","background-attachment":"scroll","background-type":"","background-media":"","overlay-type":"","overlay-color":"","overlay-opacity":"","overlay-gradient":""},"tablet":{"background-color":"","background-image":"","background-repeat":"repeat","background-position":"center center","background-size":"auto","background-attachment":"scroll","background-type":"","background-media":"","overlay-type":"","overlay-color":"","overlay-opacity":"","overlay-gradient":""},"mobile":{"background-color":"","background-image":"","background-repeat":"repeat","background-position":"center center","background-size":"auto","background-attachment":"scroll","background-type":"","background-media":"","overlay-type":"","overlay-color":"","overlay-opacity":"","overlay-gradient":""}},"ast-content-background-meta":{"desktop":{"background-color":"var(--ast-global-color-4)","background-image":"","background-repeat":"repeat","background-position":"center center","background-size":"auto","background-attachment":"scroll","background-type":"","background-media":"","overlay-type":"","overlay-color":"","overlay-opacity":"","overlay-gradient":""},"tablet":{"background-color":"var(--ast-global-color-4)","background-image":"","background-repeat":"repeat","background-position":"center center","background-size":"auto","background-attachment":"scroll","background-type":"","background-media":"","overlay-type":"","overlay-color":"","overlay-opacity":"","overlay-gradient":""},"mobile":{"background-color":"var(--ast-global-color-4)","background-image":"","background-repeat":"repeat","background-position":"center center","background-size":"auto","background-attachment":"scroll","background-type":"","background-media":"","overlay-type":"","overlay-color":"","overlay-opacity":"","overlay-gradient":""}}},"product_brand":[],"product_cat":[31,558],"product_tag":[],"class_list":{"0":"post-8263","1":"product","2":"type-product","3":"status-publish","4":"has-post-thumbnail","6":"product_cat-grozine-literatura","7":"product_cat-pasaulines-literaturos-biblioteka","8":"desktop-align-left","9":"tablet-align-left","10":"mobile-align-left","12":"first","13":"instock","14":"sale","15":"shipping-taxable","16":"purchasable","17":"product-type-simple"},"acf":[],"yoast_head":"<!-- This site is optimized with the Yoast SEO plugin v27.0 - https:\/\/yoast.com\/product\/yoast-seo-wordpress\/ -->\n<title>Henry James \u201eMoters portretas\u201c<\/title>\n<meta name=\"description\" content=\"Izabel\u0117 Ar\u010der - jauna gra\u017ei mergina, trok\u0161tanti pa\u017einti pasaul\u012f. Vos atvykusi \u012f Europ\u0105, Izabel\u0117 savo \u017eavesiu pakeri visus, atsiranda ne vienas gerb\u0117jas, norintis j\u0105 vesti. Ta\u010diau gyvenimo keli\u0105 Izabel\u0117 renkasi pati. Atstumia lordo Vorbertono \u0161ird\u012f, nepatiki ir Kasparo Gudvudo ketinimais, o \u012f tyli\u0105 ir nieko nereikalaujan\u010di\u0105 pusbrolio Ralfo meil\u0119 taip pat neatsako.  Izabel\u0117 trok\u0161ta laisv\u0117s ir nevar\u017eomo gyvenimo, kur\u012f, kaip j\u0105 \u012ftikino madam Merl, gal\u0117siantis suteikti senas jos draugas Gilbertas Osmondas. Mergina patenka \u012f pinkli\u0173 ir apgaul\u0117s rat\u0105, kuris tampa per didele kaina u\u017e tro\u0161kim\u0105 pa\u017einti pasaul\u012f. Pagal \u0161\u012f roman\u0105 buvo sukurtas serialas, o 1996 m. pastatytas filmas su garsiaisiais aktoriais - Nikole Kidman ir D\u017eonu Malkovi\u010dium. \u201eMoters portretas&quot; su\u017eav\u0117s kiekvien\u0105 skaitytoj\u0105, ypa\u010d m\u0117gstant\u012f Jane Austen (D\u017eein Osten) romanus (\u201eProtas ir jausmai, \u201ePuikyb\u0117 ir prietarai&quot;, \u201eEma&quot;).\" \/>\n<meta name=\"robots\" content=\"index, follow, max-snippet:-1, max-image-preview:large, max-video-preview:-1\" \/>\n<link rel=\"canonical\" href=\"https:\/\/skaitytaknyga.lt\/en\/produktas\/henry-james-moters-portretas-2\/\" \/>\n<meta property=\"og:locale\" content=\"en_GB\" \/>\n<meta property=\"og:locale:alternate\" content=\"lt_LT\" \/>\n<meta property=\"og:type\" content=\"article\" \/>\n<meta property=\"og:title\" content=\"Henry James \u201eMoters portretas\u201c\" \/>\n<meta property=\"og:description\" content=\"Izabel\u0117 Ar\u010der - jauna gra\u017ei mergina, trok\u0161tanti pa\u017einti pasaul\u012f. Vos atvykusi \u012f Europ\u0105, Izabel\u0117 savo \u017eavesiu pakeri visus, atsiranda ne vienas gerb\u0117jas, norintis j\u0105 vesti. Ta\u010diau gyvenimo keli\u0105 Izabel\u0117 renkasi pati. Atstumia lordo Vorbertono \u0161ird\u012f, nepatiki ir Kasparo Gudvudo ketinimais, o \u012f tyli\u0105 ir nieko nereikalaujan\u010di\u0105 pusbrolio Ralfo meil\u0119 taip pat neatsako.  Izabel\u0117 trok\u0161ta laisv\u0117s ir nevar\u017eomo gyvenimo, kur\u012f, kaip j\u0105 \u012ftikino madam Merl, gal\u0117siantis suteikti senas jos draugas Gilbertas Osmondas. Mergina patenka \u012f pinkli\u0173 ir apgaul\u0117s rat\u0105, kuris tampa per didele kaina u\u017e tro\u0161kim\u0105 pa\u017einti pasaul\u012f. Pagal \u0161\u012f roman\u0105 buvo sukurtas serialas, o 1996 m. pastatytas filmas su garsiaisiais aktoriais - Nikole Kidman ir D\u017eonu Malkovi\u010dium. \u201eMoters portretas&quot; su\u017eav\u0117s kiekvien\u0105 skaitytoj\u0105, ypa\u010d m\u0117gstant\u012f Jane Austen (D\u017eein Osten) romanus (\u201eProtas ir jausmai, \u201ePuikyb\u0117 ir prietarai&quot;, \u201eEma&quot;).\" \/>\n<meta property=\"og:url\" content=\"https:\/\/skaitytaknyga.lt\/en\/produktas\/henry-james-moters-portretas-2\/\" \/>\n<meta property=\"og:site_name\" content=\"Skaitytaknyga\" \/>\n<meta property=\"article:publisher\" content=\"https:\/\/www.facebook.com\/skaitytaknyga\/\" \/>\n<meta property=\"article:modified_time\" content=\"2024-07-13T09:54:08+00:00\" \/>\n<meta property=\"og:image\" content=\"https:\/\/skaitytaknyga.lt\/wp-content\/uploads\/2024\/04\/klasika.png\" \/>\n\t<meta property=\"og:image:width\" content=\"271\" \/>\n\t<meta property=\"og:image:height\" content=\"411\" \/>\n\t<meta property=\"og:image:type\" content=\"image\/png\" \/>\n<meta name=\"twitter:card\" content=\"summary_large_image\" \/>\n<meta name=\"twitter:label1\" content=\"Estimated reading time\" \/>\n\t<meta name=\"twitter:data1\" content=\"1 minute\" \/>\n<script type=\"application\/ld+json\" class=\"yoast-schema-graph\">{\"@context\":\"https:\/\/schema.org\",\"@graph\":[{\"@type\":\"WebPage\",\"@id\":\"https:\/\/skaitytaknyga.lt\/produktas\/henry-james-moters-portretas-2\/\",\"url\":\"https:\/\/skaitytaknyga.lt\/produktas\/henry-james-moters-portretas-2\/\",\"name\":\"Henry James \u201eMoters portretas\u201c\",\"isPartOf\":{\"@id\":\"https:\/\/skaitytaknyga.lt\/#website\"},\"primaryImageOfPage\":{\"@id\":\"https:\/\/skaitytaknyga.lt\/produktas\/henry-james-moters-portretas-2\/#primaryimage\"},\"image\":{\"@id\":\"https:\/\/skaitytaknyga.lt\/produktas\/henry-james-moters-portretas-2\/#primaryimage\"},\"thumbnailUrl\":\"https:\/\/skaitytaknyga.lt\/wp-content\/uploads\/2024\/04\/klasika.png\",\"datePublished\":\"2024-05-04T14:43:02+00:00\",\"dateModified\":\"2024-07-13T09:54:08+00:00\",\"description\":\"Izabel\u0117 Ar\u010der - jauna gra\u017ei mergina, trok\u0161tanti pa\u017einti pasaul\u012f. Vos atvykusi \u012f Europ\u0105, Izabel\u0117 savo \u017eavesiu pakeri visus, atsiranda ne vienas gerb\u0117jas, norintis j\u0105 vesti. Ta\u010diau gyvenimo keli\u0105 Izabel\u0117 renkasi pati. Atstumia lordo Vorbertono \u0161ird\u012f, nepatiki ir Kasparo Gudvudo ketinimais, o \u012f tyli\u0105 ir nieko nereikalaujan\u010di\u0105 pusbrolio Ralfo meil\u0119 taip pat neatsako. Izabel\u0117 trok\u0161ta laisv\u0117s ir nevar\u017eomo gyvenimo, kur\u012f, kaip j\u0105 \u012ftikino madam Merl, gal\u0117siantis suteikti senas jos draugas Gilbertas Osmondas. Mergina patenka \u012f pinkli\u0173 ir apgaul\u0117s rat\u0105, kuris tampa per didele kaina u\u017e tro\u0161kim\u0105 pa\u017einti pasaul\u012f. Pagal \u0161\u012f roman\u0105 buvo sukurtas serialas, o 1996 m. pastatytas filmas su garsiaisiais aktoriais - Nikole Kidman ir D\u017eonu Malkovi\u010dium. \u201eMoters portretas\\\" su\u017eav\u0117s kiekvien\u0105 skaitytoj\u0105, ypa\u010d m\u0117gstant\u012f Jane Austen (D\u017eein Osten) romanus (\u201eProtas ir jausmai, \u201ePuikyb\u0117 ir prietarai\\\", \u201eEma\\\").\",\"breadcrumb\":{\"@id\":\"https:\/\/skaitytaknyga.lt\/produktas\/henry-james-moters-portretas-2\/#breadcrumb\"},\"inLanguage\":\"en-GB\",\"potentialAction\":[{\"@type\":\"ReadAction\",\"target\":[\"https:\/\/skaitytaknyga.lt\/produktas\/henry-james-moters-portretas-2\/\"]}]},{\"@type\":\"ImageObject\",\"inLanguage\":\"en-GB\",\"@id\":\"https:\/\/skaitytaknyga.lt\/produktas\/henry-james-moters-portretas-2\/#primaryimage\",\"url\":\"https:\/\/skaitytaknyga.lt\/wp-content\/uploads\/2024\/04\/klasika.png\",\"contentUrl\":\"https:\/\/skaitytaknyga.lt\/wp-content\/uploads\/2024\/04\/klasika.png\",\"width\":271,\"height\":411,\"caption\":\"klasika\"},{\"@type\":\"BreadcrumbList\",\"@id\":\"https:\/\/skaitytaknyga.lt\/produktas\/henry-james-moters-portretas-2\/#breadcrumb\",\"itemListElement\":[{\"@type\":\"ListItem\",\"position\":1,\"name\":\"Home\",\"item\":\"https:\/\/skaitytaknyga.lt\/\"},{\"@type\":\"ListItem\",\"position\":2,\"name\":\"Parduotuv\u0117\",\"item\":\"https:\/\/skaitytaknyga.lt\/knygu-parduotuve\/\"},{\"@type\":\"ListItem\",\"position\":3,\"name\":\"Henry James \u201eMoters portretas\u201c\"}]},{\"@type\":\"WebSite\",\"@id\":\"https:\/\/skaitytaknyga.lt\/#website\",\"url\":\"https:\/\/skaitytaknyga.lt\/\",\"name\":\"skaitytaknyga.lt\",\"description\":\"Skaitytaknyga.lt \u2013 tai ma\u017eas \u0161eimos verslas, kuris prasid\u0117jo nuo meil\u0117s knygoms ir siekio i\u0161gelb\u0117ti knygas nuo likimo prie konteinerio. Kas vienam nereikalingas daiktas \u2013 kitam lobis, o mes esame tarpininkai, kurie padeda abiems tapti laimingesniems ???? \u017dinome kaip nelengva i\u0161gyventi ma\u017eiems verslams, tad nuo \u0161iol, \u010dia rasite ir kit\u0173, ma\u017e\u0173 \u0161eim\u0173 versl\u0173, rank\u0173 darbo, dovan\u0173 sau ir artimiesiems.\",\"publisher\":{\"@id\":\"https:\/\/skaitytaknyga.lt\/#organization\"},\"potentialAction\":[{\"@type\":\"SearchAction\",\"target\":{\"@type\":\"EntryPoint\",\"urlTemplate\":\"https:\/\/skaitytaknyga.lt\/?s={search_term_string}\"},\"query-input\":{\"@type\":\"PropertyValueSpecification\",\"valueRequired\":true,\"valueName\":\"search_term_string\"}}],\"inLanguage\":\"en-GB\"},{\"@type\":\"Organization\",\"@id\":\"https:\/\/skaitytaknyga.lt\/#organization\",\"name\":\"skaitytaknyga.lt\",\"url\":\"https:\/\/skaitytaknyga.lt\/\",\"logo\":{\"@type\":\"ImageObject\",\"inLanguage\":\"en-GB\",\"@id\":\"https:\/\/skaitytaknyga.lt\/#\/schema\/logo\/image\/\",\"url\":\"https:\/\/skaitytaknyga.lt\/wp-content\/uploads\/2024\/05\/cropped-cropped-cropped-02_00843_jt3bggkj1j3HLc7SyY6rEUpg.jpeg\",\"contentUrl\":\"https:\/\/skaitytaknyga.lt\/wp-content\/uploads\/2024\/05\/cropped-cropped-cropped-02_00843_jt3bggkj1j3HLc7SyY6rEUpg.jpeg\",\"width\":1600,\"height\":1600,\"caption\":\"skaitytaknyga.lt\"},\"image\":{\"@id\":\"https:\/\/skaitytaknyga.lt\/#\/schema\/logo\/image\/\"},\"sameAs\":[\"https:\/\/www.facebook.com\/skaitytaknyga\/\"]}]}<\/script>\n<!-- \/ Yoast SEO plugin. -->","yoast_head_json":{"title":"Henry James \u201eMoters portretas\u201c","description":"Izabel\u0117 Ar\u010der - jauna gra\u017ei mergina, trok\u0161tanti pa\u017einti pasaul\u012f. Vos atvykusi \u012f Europ\u0105, Izabel\u0117 savo \u017eavesiu pakeri visus, atsiranda ne vienas gerb\u0117jas, norintis j\u0105 vesti. Ta\u010diau gyvenimo keli\u0105 Izabel\u0117 renkasi pati. Atstumia lordo Vorbertono \u0161ird\u012f, nepatiki ir Kasparo Gudvudo ketinimais, o \u012f tyli\u0105 ir nieko nereikalaujan\u010di\u0105 pusbrolio Ralfo meil\u0119 taip pat neatsako.  Izabel\u0117 trok\u0161ta laisv\u0117s ir nevar\u017eomo gyvenimo, kur\u012f, kaip j\u0105 \u012ftikino madam Merl, gal\u0117siantis suteikti senas jos draugas Gilbertas Osmondas. Mergina patenka \u012f pinkli\u0173 ir apgaul\u0117s rat\u0105, kuris tampa per didele kaina u\u017e tro\u0161kim\u0105 pa\u017einti pasaul\u012f. Pagal \u0161\u012f roman\u0105 buvo sukurtas serialas, o 1996 m. pastatytas filmas su garsiaisiais aktoriais - Nikole Kidman ir D\u017eonu Malkovi\u010dium. \u201eMoters portretas\" su\u017eav\u0117s kiekvien\u0105 skaitytoj\u0105, ypa\u010d m\u0117gstant\u012f Jane Austen (D\u017eein Osten) romanus (\u201eProtas ir jausmai, \u201ePuikyb\u0117 ir prietarai\", \u201eEma\").","robots":{"index":"index","follow":"follow","max-snippet":"max-snippet:-1","max-image-preview":"max-image-preview:large","max-video-preview":"max-video-preview:-1"},"canonical":"https:\/\/skaitytaknyga.lt\/en\/produktas\/henry-james-moters-portretas-2\/","og_locale":"en_GB","og_type":"article","og_title":"[:lt]Henry James \u201eMoters portretas\u201c[:] - Skaitytaknyga","og_description":"Izabel\u0117 Ar\u010der - jauna gra\u017ei mergina, trok\u0161tanti pa\u017einti pasaul\u012f. Vos atvykusi \u012f Europ\u0105, Izabel\u0117 savo \u017eavesiu pakeri visus, atsiranda ne vienas gerb\u0117jas, norintis j\u0105 vesti. Ta\u010diau gyvenimo keli\u0105 Izabel\u0117 renkasi pati. Atstumia lordo Vorbertono \u0161ird\u012f, nepatiki ir Kasparo Gudvudo ketinimais, o \u012f tyli\u0105 ir nieko nereikalaujan\u010di\u0105 pusbrolio Ralfo meil\u0119 taip pat neatsako.  Izabel\u0117 trok\u0161ta laisv\u0117s ir nevar\u017eomo gyvenimo, kur\u012f, kaip j\u0105 \u012ftikino madam Merl, gal\u0117siantis suteikti senas jos draugas Gilbertas Osmondas. Mergina patenka \u012f pinkli\u0173 ir apgaul\u0117s rat\u0105, kuris tampa per didele kaina u\u017e tro\u0161kim\u0105 pa\u017einti pasaul\u012f. Pagal \u0161\u012f roman\u0105 buvo sukurtas serialas, o 1996 m. pastatytas filmas su garsiaisiais aktoriais - Nikole Kidman ir D\u017eonu Malkovi\u010dium. \u201eMoters portretas\" su\u017eav\u0117s kiekvien\u0105 skaitytoj\u0105, ypa\u010d m\u0117gstant\u012f Jane Austen (D\u017eein Osten) romanus (\u201eProtas ir jausmai, \u201ePuikyb\u0117 ir prietarai\", \u201eEma\").","og_url":"https:\/\/skaitytaknyga.lt\/en\/produktas\/henry-james-moters-portretas-2\/","og_site_name":"Skaitytaknyga","article_publisher":"https:\/\/www.facebook.com\/skaitytaknyga\/","article_modified_time":"2024-07-13T09:54:08+00:00","og_image":[{"width":271,"height":411,"url":"https:\/\/skaitytaknyga.lt\/wp-content\/uploads\/2024\/04\/klasika.png","type":"image\/png"}],"twitter_card":"summary_large_image","twitter_misc":{"Estimated reading time":"1 minute"},"schema":{"@context":"https:\/\/schema.org","@graph":[{"@type":"WebPage","@id":"https:\/\/skaitytaknyga.lt\/produktas\/henry-james-moters-portretas-2\/","url":"https:\/\/skaitytaknyga.lt\/produktas\/henry-james-moters-portretas-2\/","name":"Henry James \u201eMoters portretas\u201c","isPartOf":{"@id":"https:\/\/skaitytaknyga.lt\/#website"},"primaryImageOfPage":{"@id":"https:\/\/skaitytaknyga.lt\/produktas\/henry-james-moters-portretas-2\/#primaryimage"},"image":{"@id":"https:\/\/skaitytaknyga.lt\/produktas\/henry-james-moters-portretas-2\/#primaryimage"},"thumbnailUrl":"https:\/\/skaitytaknyga.lt\/wp-content\/uploads\/2024\/04\/klasika.png","datePublished":"2024-05-04T14:43:02+00:00","dateModified":"2024-07-13T09:54:08+00:00","description":"Izabel\u0117 Ar\u010der - jauna gra\u017ei mergina, trok\u0161tanti pa\u017einti pasaul\u012f. Vos atvykusi \u012f Europ\u0105, Izabel\u0117 savo \u017eavesiu pakeri visus, atsiranda ne vienas gerb\u0117jas, norintis j\u0105 vesti. Ta\u010diau gyvenimo keli\u0105 Izabel\u0117 renkasi pati. Atstumia lordo Vorbertono \u0161ird\u012f, nepatiki ir Kasparo Gudvudo ketinimais, o \u012f tyli\u0105 ir nieko nereikalaujan\u010di\u0105 pusbrolio Ralfo meil\u0119 taip pat neatsako. Izabel\u0117 trok\u0161ta laisv\u0117s ir nevar\u017eomo gyvenimo, kur\u012f, kaip j\u0105 \u012ftikino madam Merl, gal\u0117siantis suteikti senas jos draugas Gilbertas Osmondas. Mergina patenka \u012f pinkli\u0173 ir apgaul\u0117s rat\u0105, kuris tampa per didele kaina u\u017e tro\u0161kim\u0105 pa\u017einti pasaul\u012f. Pagal \u0161\u012f roman\u0105 buvo sukurtas serialas, o 1996 m. pastatytas filmas su garsiaisiais aktoriais - Nikole Kidman ir D\u017eonu Malkovi\u010dium. \u201eMoters portretas\" su\u017eav\u0117s kiekvien\u0105 skaitytoj\u0105, ypa\u010d m\u0117gstant\u012f Jane Austen (D\u017eein Osten) romanus (\u201eProtas ir jausmai, \u201ePuikyb\u0117 ir prietarai\", \u201eEma\").","breadcrumb":{"@id":"https:\/\/skaitytaknyga.lt\/produktas\/henry-james-moters-portretas-2\/#breadcrumb"},"inLanguage":"en-GB","potentialAction":[{"@type":"ReadAction","target":["https:\/\/skaitytaknyga.lt\/produktas\/henry-james-moters-portretas-2\/"]}]},{"@type":"ImageObject","inLanguage":"en-GB","@id":"https:\/\/skaitytaknyga.lt\/produktas\/henry-james-moters-portretas-2\/#primaryimage","url":"https:\/\/skaitytaknyga.lt\/wp-content\/uploads\/2024\/04\/klasika.png","contentUrl":"https:\/\/skaitytaknyga.lt\/wp-content\/uploads\/2024\/04\/klasika.png","width":271,"height":411,"caption":"klasika"},{"@type":"BreadcrumbList","@id":"https:\/\/skaitytaknyga.lt\/produktas\/henry-james-moters-portretas-2\/#breadcrumb","itemListElement":[{"@type":"ListItem","position":1,"name":"Home","item":"https:\/\/skaitytaknyga.lt\/"},{"@type":"ListItem","position":2,"name":"Parduotuv\u0117","item":"https:\/\/skaitytaknyga.lt\/knygu-parduotuve\/"},{"@type":"ListItem","position":3,"name":"Henry James \u201eMoters portretas\u201c"}]},{"@type":"WebSite","@id":"https:\/\/skaitytaknyga.lt\/#website","url":"https:\/\/skaitytaknyga.lt\/","name":"skaitytaknyga.lt","description":"Skaitytaknyga.lt \u2013 tai ma\u017eas \u0161eimos verslas, kuris prasid\u0117jo nuo meil\u0117s knygoms ir siekio i\u0161gelb\u0117ti knygas nuo likimo prie konteinerio. Kas vienam nereikalingas daiktas \u2013 kitam lobis, o mes esame tarpininkai, kurie padeda abiems tapti laimingesniems ???? \u017dinome kaip nelengva i\u0161gyventi ma\u017eiems verslams, tad nuo \u0161iol, \u010dia rasite ir kit\u0173, ma\u017e\u0173 \u0161eim\u0173 versl\u0173, rank\u0173 darbo, dovan\u0173 sau ir artimiesiems.","publisher":{"@id":"https:\/\/skaitytaknyga.lt\/#organization"},"potentialAction":[{"@type":"SearchAction","target":{"@type":"EntryPoint","urlTemplate":"https:\/\/skaitytaknyga.lt\/?s={search_term_string}"},"query-input":{"@type":"PropertyValueSpecification","valueRequired":true,"valueName":"search_term_string"}}],"inLanguage":"en-GB"},{"@type":"Organization","@id":"https:\/\/skaitytaknyga.lt\/#organization","name":"skaitytaknyga.lt","url":"https:\/\/skaitytaknyga.lt\/","logo":{"@type":"ImageObject","inLanguage":"en-GB","@id":"https:\/\/skaitytaknyga.lt\/#\/schema\/logo\/image\/","url":"https:\/\/skaitytaknyga.lt\/wp-content\/uploads\/2024\/05\/cropped-cropped-cropped-02_00843_jt3bggkj1j3HLc7SyY6rEUpg.jpeg","contentUrl":"https:\/\/skaitytaknyga.lt\/wp-content\/uploads\/2024\/05\/cropped-cropped-cropped-02_00843_jt3bggkj1j3HLc7SyY6rEUpg.jpeg","width":1600,"height":1600,"caption":"skaitytaknyga.lt"},"image":{"@id":"https:\/\/skaitytaknyga.lt\/#\/schema\/logo\/image\/"},"sameAs":["https:\/\/www.facebook.com\/skaitytaknyga\/"]}]}},"_links":{"self":[{"href":"https:\/\/skaitytaknyga.lt\/en\/wp-json\/wp\/v2\/product\/8263","targetHints":{"allow":["GET"]}}],"collection":[{"href":"https:\/\/skaitytaknyga.lt\/en\/wp-json\/wp\/v2\/product"}],"about":[{"href":"https:\/\/skaitytaknyga.lt\/en\/wp-json\/wp\/v2\/types\/product"}],"replies":[{"embeddable":true,"href":"https:\/\/skaitytaknyga.lt\/en\/wp-json\/wp\/v2\/comments?post=8263"}],"wp:featuredmedia":[{"embeddable":true,"href":"https:\/\/skaitytaknyga.lt\/en\/wp-json\/wp\/v2\/media\/4194"}],"wp:attachment":[{"href":"https:\/\/skaitytaknyga.lt\/en\/wp-json\/wp\/v2\/media?parent=8263"}],"wp:term":[{"taxonomy":"product_brand","embeddable":true,"href":"https:\/\/skaitytaknyga.lt\/en\/wp-json\/wp\/v2\/product_brand?post=8263"},{"taxonomy":"product_cat","embeddable":true,"href":"https:\/\/skaitytaknyga.lt\/en\/wp-json\/wp\/v2\/product_cat?post=8263"},{"taxonomy":"product_tag","embeddable":true,"href":"https:\/\/skaitytaknyga.lt\/en\/wp-json\/wp\/v2\/product_tag?post=8263"}],"curies":[{"name":"wp","href":"https:\/\/api.w.org\/{rel}","templated":true}]}}