{"id":8222,"date":"2024-05-04T14:42:18","date_gmt":"2024-05-04T14:42:18","guid":{"rendered":"https:\/\/skaitytaknyga.lt\/?post_type=product&#038;p=8222"},"modified":"2026-03-18T15:00:04","modified_gmt":"2026-03-18T13:00:04","slug":"kupiskio-krastas-2","status":"publish","type":"product","link":"https:\/\/skaitytaknyga.lt\/en\/produktas\/kupiskio-krastas-2\/","title":{"rendered":"Kupi\u0161kio kra\u0161tas"},"content":{"rendered":"<p>Kuriantis Lietuvos Did\u017eiajai Kunigaik\u0161tystei, \u0161is kra\u0161tas liko valstyb\u0117s periferijoje ir ne\u0161\u0117 sunki\u0105 kar\u0173 su kalavijuo\u010diais na\u0161t\u0105. Ne kart\u0105 prie\u0161\u0173 nusiaubtas, v\u0117l pakildavo i\u0161 griuv\u0117si\u0173. Nuo XV a. aprimus gyvenimui, k\u016br\u0117si kaimai, dvarai ir miesteliai, j\u0173 vardai \u012fsispaud\u0117 istorijos \u0161altiniuose.<\/p>\n","protected":false},"excerpt":{"rendered":"<p>Kuriantis Lietuvos Did\u017eiajai Kunigaik\u0161tystei, \u0161is kra\u0161tas liko valstyb\u0117s periferijoje ir ne\u0161\u0117 sunki\u0105 kar\u0173 su kalavijuo\u010diais na\u0161t\u0105. Ne kart\u0105 prie\u0161\u0173 nusiaubtas, v\u0117l pakildavo i\u0161 griuv\u0117si\u0173. Nuo XV a. aprimus gyvenimui, k\u016br\u0117si kaimai, dvarai ir miesteliai, j\u0173 vardai \u012fsispaud\u0117 istorijos \u0161altiniuose.<\/p>\n","protected":false},"featured_media":4131,"comment_status":"closed","ping_status":"closed","template":"","meta":{"_acf_changed":false,"site-sidebar-layout":"default","site-content-layout":"","ast-site-content-layout":"default","site-content-style":"default","site-sidebar-style":"default","ast-global-header-display":"","ast-banner-title-visibility":"","ast-main-header-display":"","ast-hfb-above-header-display":"","ast-hfb-below-header-display":"","ast-hfb-mobile-header-display":"","site-post-title":"","ast-breadcrumbs-content":"","ast-featured-img":"","footer-sml-layout":"","ast-disable-related-posts":"","theme-transparent-header-meta":"","adv-header-id-meta":"","stick-header-meta":"","header-above-stick-meta":"","header-main-stick-meta":"","header-below-stick-meta":"","astra-migrate-meta-layouts":"default","ast-page-background-enabled":"default","ast-page-background-meta":{"desktop":{"background-color":"","background-image":"","background-repeat":"repeat","background-position":"center center","background-size":"auto","background-attachment":"scroll","background-type":"","background-media":"","overlay-type":"","overlay-color":"","overlay-opacity":"","overlay-gradient":""},"tablet":{"background-color":"","background-image":"","background-repeat":"repeat","background-position":"center center","background-size":"auto","background-attachment":"scroll","background-type":"","background-media":"","overlay-type":"","overlay-color":"","overlay-opacity":"","overlay-gradient":""},"mobile":{"background-color":"","background-image":"","background-repeat":"repeat","background-position":"center center","background-size":"auto","background-attachment":"scroll","background-type":"","background-media":"","overlay-type":"","overlay-color":"","overlay-opacity":"","overlay-gradient":""}},"ast-content-background-meta":{"desktop":{"background-color":"var(--ast-global-color-4)","background-image":"","background-repeat":"repeat","background-position":"center center","background-size":"auto","background-attachment":"scroll","background-type":"","background-media":"","overlay-type":"","overlay-color":"","overlay-opacity":"","overlay-gradient":""},"tablet":{"background-color":"var(--ast-global-color-4)","background-image":"","background-repeat":"repeat","background-position":"center center","background-size":"auto","background-attachment":"scroll","background-type":"","background-media":"","overlay-type":"","overlay-color":"","overlay-opacity":"","overlay-gradient":""},"mobile":{"background-color":"var(--ast-global-color-4)","background-image":"","background-repeat":"repeat","background-position":"center center","background-size":"auto","background-attachment":"scroll","background-type":"","background-media":"","overlay-type":"","overlay-color":"","overlay-opacity":"","overlay-gradient":""}}},"product_brand":[],"product_cat":[174,9862],"product_tag":[],"class_list":{"0":"post-8222","1":"product","2":"type-product","3":"status-publish","4":"has-post-thumbnail","6":"product_cat-istorija-ir-politologija","7":"product_cat-lietuvos-istorija","8":"desktop-align-left","9":"tablet-align-left","10":"mobile-align-left","12":"first","13":"outofstock","14":"shipping-taxable","15":"purchasable","16":"product-type-simple"},"acf":[],"yoast_head":"<!-- This site is optimized with the Yoast SEO plugin v27.4 - https:\/\/yoast.com\/product\/yoast-seo-wordpress\/ -->\n<title>Kupi\u0161kio kra\u0161tas<\/title>\n<meta name=\"description\" content=\"Kuriantis Lietuvos Did\u017eiajai Kunigaik\u0161tystei, \u0161is kra\u0161tas liko valstyb\u0117s periferijoje ir ne\u0161\u0117 sunki\u0105 kar\u0173 su kalavijuo\u010diais na\u0161t\u0105. Ne kart\u0105 prie\u0161\u0173 nusiaubtas, v\u0117l pakildavo i\u0161 griuv\u0117si\u0173. Nuo XV a. aprimus gyvenimui, k\u016br\u0117si kaimai, dvarai ir miesteliai, j\u0173 vardai \u012fsispaud\u0117 istorijos \u0161altiniuose.\" \/>\n<meta name=\"robots\" content=\"index, follow, max-snippet:-1, max-image-preview:large, max-video-preview:-1\" \/>\n<link rel=\"canonical\" href=\"https:\/\/skaitytaknyga.lt\/en\/produktas\/kupiskio-krastas-2\/\" \/>\n<meta property=\"og:locale\" content=\"en_GB\" \/>\n<meta property=\"og:locale:alternate\" content=\"lt_LT\" \/>\n<meta property=\"og:type\" content=\"article\" \/>\n<meta property=\"og:title\" content=\"Kupi\u0161kio kra\u0161tas\" \/>\n<meta property=\"og:description\" content=\"Kuriantis Lietuvos Did\u017eiajai Kunigaik\u0161tystei, \u0161is kra\u0161tas liko valstyb\u0117s periferijoje ir ne\u0161\u0117 sunki\u0105 kar\u0173 su kalavijuo\u010diais na\u0161t\u0105. Ne kart\u0105 prie\u0161\u0173 nusiaubtas, v\u0117l pakildavo i\u0161 griuv\u0117si\u0173. Nuo XV a. aprimus gyvenimui, k\u016br\u0117si kaimai, dvarai ir miesteliai, j\u0173 vardai \u012fsispaud\u0117 istorijos \u0161altiniuose.\" \/>\n<meta property=\"og:url\" content=\"https:\/\/skaitytaknyga.lt\/en\/produktas\/kupiskio-krastas-2\/\" \/>\n<meta property=\"og:site_name\" content=\"Skaitytaknyga\" \/>\n<meta property=\"article:publisher\" content=\"https:\/\/www.facebook.com\/skaitytaknyga\/\" \/>\n<meta property=\"article:modified_time\" content=\"2026-03-18T13:00:04+00:00\" \/>\n<meta property=\"og:image\" content=\"https:\/\/skaitytaknyga.lt\/wp-content\/uploads\/2024\/04\/102903-1601450921510-1195018560.jpg\" \/>\n\t<meta property=\"og:image:width\" content=\"449\" \/>\n\t<meta property=\"og:image:height\" content=\"800\" \/>\n\t<meta property=\"og:image:type\" content=\"image\/jpeg\" \/>\n<meta name=\"twitter:card\" content=\"summary_large_image\" \/>\n<script type=\"application\/ld+json\" class=\"yoast-schema-graph\">{\"@context\":\"https:\\\/\\\/schema.org\",\"@graph\":[{\"@type\":\"WebPage\",\"@id\":\"https:\\\/\\\/skaitytaknyga.lt\\\/produktas\\\/kupiskio-krastas-2\\\/\",\"url\":\"https:\\\/\\\/skaitytaknyga.lt\\\/produktas\\\/kupiskio-krastas-2\\\/\",\"name\":\"Kupi\u0161kio kra\u0161tas\",\"isPartOf\":{\"@id\":\"https:\\\/\\\/skaitytaknyga.lt\\\/#website\"},\"primaryImageOfPage\":{\"@id\":\"https:\\\/\\\/skaitytaknyga.lt\\\/produktas\\\/kupiskio-krastas-2\\\/#primaryimage\"},\"image\":{\"@id\":\"https:\\\/\\\/skaitytaknyga.lt\\\/produktas\\\/kupiskio-krastas-2\\\/#primaryimage\"},\"thumbnailUrl\":\"https:\\\/\\\/skaitytaknyga.lt\\\/wp-content\\\/uploads\\\/2024\\\/04\\\/102903-1601450921510-1195018560.jpg\",\"datePublished\":\"2024-05-04T14:42:18+00:00\",\"dateModified\":\"2026-03-18T13:00:04+00:00\",\"description\":\"Kuriantis Lietuvos Did\u017eiajai Kunigaik\u0161tystei, \u0161is kra\u0161tas liko valstyb\u0117s periferijoje ir ne\u0161\u0117 sunki\u0105 kar\u0173 su kalavijuo\u010diais na\u0161t\u0105. Ne kart\u0105 prie\u0161\u0173 nusiaubtas, v\u0117l pakildavo i\u0161 griuv\u0117si\u0173. Nuo XV a. aprimus gyvenimui, k\u016br\u0117si kaimai, dvarai ir miesteliai, j\u0173 vardai \u012fsispaud\u0117 istorijos \u0161altiniuose.\",\"breadcrumb\":{\"@id\":\"https:\\\/\\\/skaitytaknyga.lt\\\/produktas\\\/kupiskio-krastas-2\\\/#breadcrumb\"},\"inLanguage\":\"en-GB\",\"potentialAction\":[{\"@type\":\"ReadAction\",\"target\":[\"https:\\\/\\\/skaitytaknyga.lt\\\/produktas\\\/kupiskio-krastas-2\\\/\"]}]},{\"@type\":\"ImageObject\",\"inLanguage\":\"en-GB\",\"@id\":\"https:\\\/\\\/skaitytaknyga.lt\\\/produktas\\\/kupiskio-krastas-2\\\/#primaryimage\",\"url\":\"https:\\\/\\\/skaitytaknyga.lt\\\/wp-content\\\/uploads\\\/2024\\\/04\\\/102903-1601450921510-1195018560.jpg\",\"contentUrl\":\"https:\\\/\\\/skaitytaknyga.lt\\\/wp-content\\\/uploads\\\/2024\\\/04\\\/102903-1601450921510-1195018560.jpg\",\"width\":449,\"height\":800,\"caption\":\"102903 1601450921510 1195018560\"},{\"@type\":\"BreadcrumbList\",\"@id\":\"https:\\\/\\\/skaitytaknyga.lt\\\/produktas\\\/kupiskio-krastas-2\\\/#breadcrumb\",\"itemListElement\":[{\"@type\":\"ListItem\",\"position\":1,\"name\":\"Home\",\"item\":\"https:\\\/\\\/skaitytaknyga.lt\\\/\"},{\"@type\":\"ListItem\",\"position\":2,\"name\":\"Parduotuv\u0117\",\"item\":\"https:\\\/\\\/skaitytaknyga.lt\\\/knygu-parduotuve\\\/\"},{\"@type\":\"ListItem\",\"position\":3,\"name\":\"Kupi\u0161kio kra\u0161tas\"}]},{\"@type\":\"WebSite\",\"@id\":\"https:\\\/\\\/skaitytaknyga.lt\\\/#website\",\"url\":\"https:\\\/\\\/skaitytaknyga.lt\\\/\",\"name\":\"skaitytaknyga.lt\",\"description\":\"Skaitytaknyga.lt \u2013 tai ma\u017eas \u0161eimos verslas, kuris prasid\u0117jo nuo meil\u0117s knygoms ir siekio i\u0161gelb\u0117ti knygas nuo likimo prie konteinerio. Kas vienam nereikalingas daiktas \u2013 kitam lobis, o mes esame tarpininkai, kurie padeda abiems tapti laimingesniems ???? \u017dinome kaip nelengva i\u0161gyventi ma\u017eiems verslams, tad nuo \u0161iol, \u010dia rasite ir kit\u0173, ma\u017e\u0173 \u0161eim\u0173 versl\u0173, rank\u0173 darbo, dovan\u0173 sau ir artimiesiems.\",\"publisher\":{\"@id\":\"https:\\\/\\\/skaitytaknyga.lt\\\/#organization\"},\"potentialAction\":[{\"@type\":\"SearchAction\",\"target\":{\"@type\":\"EntryPoint\",\"urlTemplate\":\"https:\\\/\\\/skaitytaknyga.lt\\\/?s={search_term_string}\"},\"query-input\":{\"@type\":\"PropertyValueSpecification\",\"valueRequired\":true,\"valueName\":\"search_term_string\"}}],\"inLanguage\":\"en-GB\"},{\"@type\":\"Organization\",\"@id\":\"https:\\\/\\\/skaitytaknyga.lt\\\/#organization\",\"name\":\"skaitytaknyga.lt\",\"url\":\"https:\\\/\\\/skaitytaknyga.lt\\\/\",\"logo\":{\"@type\":\"ImageObject\",\"inLanguage\":\"en-GB\",\"@id\":\"https:\\\/\\\/skaitytaknyga.lt\\\/#\\\/schema\\\/logo\\\/image\\\/\",\"url\":\"https:\\\/\\\/skaitytaknyga.lt\\\/wp-content\\\/uploads\\\/2024\\\/05\\\/cropped-cropped-cropped-02_00843_jt3bggkj1j3HLc7SyY6rEUpg.jpeg\",\"contentUrl\":\"https:\\\/\\\/skaitytaknyga.lt\\\/wp-content\\\/uploads\\\/2024\\\/05\\\/cropped-cropped-cropped-02_00843_jt3bggkj1j3HLc7SyY6rEUpg.jpeg\",\"width\":1600,\"height\":1600,\"caption\":\"skaitytaknyga.lt\"},\"image\":{\"@id\":\"https:\\\/\\\/skaitytaknyga.lt\\\/#\\\/schema\\\/logo\\\/image\\\/\"},\"sameAs\":[\"https:\\\/\\\/www.facebook.com\\\/skaitytaknyga\\\/\"]}]}<\/script>\n<!-- \/ Yoast SEO plugin. -->","yoast_head_json":{"title":"Kupi\u0161kio kra\u0161tas","description":"Kuriantis Lietuvos Did\u017eiajai Kunigaik\u0161tystei, \u0161is kra\u0161tas liko valstyb\u0117s periferijoje ir ne\u0161\u0117 sunki\u0105 kar\u0173 su kalavijuo\u010diais na\u0161t\u0105. Ne kart\u0105 prie\u0161\u0173 nusiaubtas, v\u0117l pakildavo i\u0161 griuv\u0117si\u0173. Nuo XV a. aprimus gyvenimui, k\u016br\u0117si kaimai, dvarai ir miesteliai, j\u0173 vardai \u012fsispaud\u0117 istorijos \u0161altiniuose.","robots":{"index":"index","follow":"follow","max-snippet":"max-snippet:-1","max-image-preview":"max-image-preview:large","max-video-preview":"max-video-preview:-1"},"canonical":"https:\/\/skaitytaknyga.lt\/en\/produktas\/kupiskio-krastas-2\/","og_locale":"en_GB","og_type":"article","og_title":"[:lt]Kupi\u0161kio kra\u0161tas[:] - Skaitytaknyga","og_description":"Kuriantis Lietuvos Did\u017eiajai Kunigaik\u0161tystei, \u0161is kra\u0161tas liko valstyb\u0117s periferijoje ir ne\u0161\u0117 sunki\u0105 kar\u0173 su kalavijuo\u010diais na\u0161t\u0105. Ne kart\u0105 prie\u0161\u0173 nusiaubtas, v\u0117l pakildavo i\u0161 griuv\u0117si\u0173. Nuo XV a. aprimus gyvenimui, k\u016br\u0117si kaimai, dvarai ir miesteliai, j\u0173 vardai \u012fsispaud\u0117 istorijos \u0161altiniuose.","og_url":"https:\/\/skaitytaknyga.lt\/en\/produktas\/kupiskio-krastas-2\/","og_site_name":"Skaitytaknyga","article_publisher":"https:\/\/www.facebook.com\/skaitytaknyga\/","article_modified_time":"2026-03-18T13:00:04+00:00","og_image":[{"width":449,"height":800,"url":"https:\/\/skaitytaknyga.lt\/wp-content\/uploads\/2024\/04\/102903-1601450921510-1195018560.jpg","type":"image\/jpeg"}],"twitter_card":"summary_large_image","schema":{"@context":"https:\/\/schema.org","@graph":[{"@type":"WebPage","@id":"https:\/\/skaitytaknyga.lt\/produktas\/kupiskio-krastas-2\/","url":"https:\/\/skaitytaknyga.lt\/produktas\/kupiskio-krastas-2\/","name":"Kupi\u0161kio kra\u0161tas","isPartOf":{"@id":"https:\/\/skaitytaknyga.lt\/#website"},"primaryImageOfPage":{"@id":"https:\/\/skaitytaknyga.lt\/produktas\/kupiskio-krastas-2\/#primaryimage"},"image":{"@id":"https:\/\/skaitytaknyga.lt\/produktas\/kupiskio-krastas-2\/#primaryimage"},"thumbnailUrl":"https:\/\/skaitytaknyga.lt\/wp-content\/uploads\/2024\/04\/102903-1601450921510-1195018560.jpg","datePublished":"2024-05-04T14:42:18+00:00","dateModified":"2026-03-18T13:00:04+00:00","description":"Kuriantis Lietuvos Did\u017eiajai Kunigaik\u0161tystei, \u0161is kra\u0161tas liko valstyb\u0117s periferijoje ir ne\u0161\u0117 sunki\u0105 kar\u0173 su kalavijuo\u010diais na\u0161t\u0105. Ne kart\u0105 prie\u0161\u0173 nusiaubtas, v\u0117l pakildavo i\u0161 griuv\u0117si\u0173. Nuo XV a. aprimus gyvenimui, k\u016br\u0117si kaimai, dvarai ir miesteliai, j\u0173 vardai \u012fsispaud\u0117 istorijos \u0161altiniuose.","breadcrumb":{"@id":"https:\/\/skaitytaknyga.lt\/produktas\/kupiskio-krastas-2\/#breadcrumb"},"inLanguage":"en-GB","potentialAction":[{"@type":"ReadAction","target":["https:\/\/skaitytaknyga.lt\/produktas\/kupiskio-krastas-2\/"]}]},{"@type":"ImageObject","inLanguage":"en-GB","@id":"https:\/\/skaitytaknyga.lt\/produktas\/kupiskio-krastas-2\/#primaryimage","url":"https:\/\/skaitytaknyga.lt\/wp-content\/uploads\/2024\/04\/102903-1601450921510-1195018560.jpg","contentUrl":"https:\/\/skaitytaknyga.lt\/wp-content\/uploads\/2024\/04\/102903-1601450921510-1195018560.jpg","width":449,"height":800,"caption":"102903 1601450921510 1195018560"},{"@type":"BreadcrumbList","@id":"https:\/\/skaitytaknyga.lt\/produktas\/kupiskio-krastas-2\/#breadcrumb","itemListElement":[{"@type":"ListItem","position":1,"name":"Home","item":"https:\/\/skaitytaknyga.lt\/"},{"@type":"ListItem","position":2,"name":"Parduotuv\u0117","item":"https:\/\/skaitytaknyga.lt\/knygu-parduotuve\/"},{"@type":"ListItem","position":3,"name":"Kupi\u0161kio kra\u0161tas"}]},{"@type":"WebSite","@id":"https:\/\/skaitytaknyga.lt\/#website","url":"https:\/\/skaitytaknyga.lt\/","name":"skaitytaknyga.lt","description":"Skaitytaknyga.lt \u2013 tai ma\u017eas \u0161eimos verslas, kuris prasid\u0117jo nuo meil\u0117s knygoms ir siekio i\u0161gelb\u0117ti knygas nuo likimo prie konteinerio. Kas vienam nereikalingas daiktas \u2013 kitam lobis, o mes esame tarpininkai, kurie padeda abiems tapti laimingesniems ???? \u017dinome kaip nelengva i\u0161gyventi ma\u017eiems verslams, tad nuo \u0161iol, \u010dia rasite ir kit\u0173, ma\u017e\u0173 \u0161eim\u0173 versl\u0173, rank\u0173 darbo, dovan\u0173 sau ir artimiesiems.","publisher":{"@id":"https:\/\/skaitytaknyga.lt\/#organization"},"potentialAction":[{"@type":"SearchAction","target":{"@type":"EntryPoint","urlTemplate":"https:\/\/skaitytaknyga.lt\/?s={search_term_string}"},"query-input":{"@type":"PropertyValueSpecification","valueRequired":true,"valueName":"search_term_string"}}],"inLanguage":"en-GB"},{"@type":"Organization","@id":"https:\/\/skaitytaknyga.lt\/#organization","name":"skaitytaknyga.lt","url":"https:\/\/skaitytaknyga.lt\/","logo":{"@type":"ImageObject","inLanguage":"en-GB","@id":"https:\/\/skaitytaknyga.lt\/#\/schema\/logo\/image\/","url":"https:\/\/skaitytaknyga.lt\/wp-content\/uploads\/2024\/05\/cropped-cropped-cropped-02_00843_jt3bggkj1j3HLc7SyY6rEUpg.jpeg","contentUrl":"https:\/\/skaitytaknyga.lt\/wp-content\/uploads\/2024\/05\/cropped-cropped-cropped-02_00843_jt3bggkj1j3HLc7SyY6rEUpg.jpeg","width":1600,"height":1600,"caption":"skaitytaknyga.lt"},"image":{"@id":"https:\/\/skaitytaknyga.lt\/#\/schema\/logo\/image\/"},"sameAs":["https:\/\/www.facebook.com\/skaitytaknyga\/"]}]}},"_links":{"self":[{"href":"https:\/\/skaitytaknyga.lt\/en\/wp-json\/wp\/v2\/product\/8222","targetHints":{"allow":["GET"]}}],"collection":[{"href":"https:\/\/skaitytaknyga.lt\/en\/wp-json\/wp\/v2\/product"}],"about":[{"href":"https:\/\/skaitytaknyga.lt\/en\/wp-json\/wp\/v2\/types\/product"}],"replies":[{"embeddable":true,"href":"https:\/\/skaitytaknyga.lt\/en\/wp-json\/wp\/v2\/comments?post=8222"}],"wp:featuredmedia":[{"embeddable":true,"href":"https:\/\/skaitytaknyga.lt\/en\/wp-json\/wp\/v2\/media\/4131"}],"wp:attachment":[{"href":"https:\/\/skaitytaknyga.lt\/en\/wp-json\/wp\/v2\/media?parent=8222"}],"wp:term":[{"taxonomy":"product_brand","embeddable":true,"href":"https:\/\/skaitytaknyga.lt\/en\/wp-json\/wp\/v2\/product_brand?post=8222"},{"taxonomy":"product_cat","embeddable":true,"href":"https:\/\/skaitytaknyga.lt\/en\/wp-json\/wp\/v2\/product_cat?post=8222"},{"taxonomy":"product_tag","embeddable":true,"href":"https:\/\/skaitytaknyga.lt\/en\/wp-json\/wp\/v2\/product_tag?post=8222"}],"curies":[{"name":"wp","href":"https:\/\/api.w.org\/{rel}","templated":true}]}}