{"id":8211,"date":"2024-05-04T14:41:57","date_gmt":"2024-05-04T14:41:57","guid":{"rendered":"https:\/\/skaitytaknyga.lt\/?post_type=product&#038;p=8211"},"modified":"2025-06-26T16:10:18","modified_gmt":"2025-06-26T13:10:18","slug":"antanas-miskinis-sulauzyti-kryziai-2","status":"publish","type":"product","link":"https:\/\/skaitytaknyga.lt\/en\/produktas\/antanas-miskinis-sulauzyti-kryziai-2\/","title":{"rendered":"Sulau\u017eyti kry\u017eiai"},"content":{"rendered":"<p>Knyg\u0105 sudaro A. Mi\u0161kinio eil\u0117ra\u0161\u010diai, ra\u0161yti stalininiuos lageriuos, poeto lai\u0161kai broliui i\u0161 j\u0173. Antroje dalyje spausdinami A. Dambrausko, A. Genu\u0161io atsiminimai apie bendrus kalinimo metus.<\/p>\n<p>V. Jakelai\u010dio apybrai\u017ea \u201eSu Antanu Mi\u0161kiniu Vi\u010di\u016bnuose, ir po to \u2013 poeto akademijos\u201c pasakoja apie nelengv\u0105 poeto dali\u0105, eil\u0117ra\u0161\u010di\u0173 likim\u0105, j\u0173 para\u0161ymo aplinkybes.<\/p>\n","protected":false},"excerpt":{"rendered":"<p>Knyg\u0105 sudaro A. Mi\u0161kinio eil\u0117ra\u0161\u010diai, ra\u0161yti stalininiuos lageriuos, poeto lai\u0161kai broliui i\u0161 j\u0173. Antroje dalyje spausdinami A. Dambrausko, A. Genu\u0161io atsiminimai apie bendrus kalinimo metus.<\/p>\n<p>V. Jakelai\u010dio apybrai\u017ea \u201eSu Antanu Mi\u0161kiniu Vi\u010di\u016bnuose, ir po to \u2013 poeto akademijos\u201c pasakoja apie nelengv\u0105 poeto dali\u0105, eil\u0117ra\u0161\u010di\u0173 likim\u0105, j\u0173 para\u0161ymo aplinkybes.<\/p>\n","protected":false},"featured_media":4108,"comment_status":"closed","ping_status":"closed","template":"","meta":{"_acf_changed":false,"site-sidebar-layout":"default","site-content-layout":"","ast-site-content-layout":"default","site-content-style":"default","site-sidebar-style":"default","ast-global-header-display":"","ast-banner-title-visibility":"","ast-main-header-display":"","ast-hfb-above-header-display":"","ast-hfb-below-header-display":"","ast-hfb-mobile-header-display":"","site-post-title":"","ast-breadcrumbs-content":"","ast-featured-img":"","footer-sml-layout":"","ast-disable-related-posts":"","theme-transparent-header-meta":"","adv-header-id-meta":"","stick-header-meta":"","header-above-stick-meta":"","header-main-stick-meta":"","header-below-stick-meta":"","astra-migrate-meta-layouts":"default","ast-page-background-enabled":"default","ast-page-background-meta":{"desktop":{"background-color":"","background-image":"","background-repeat":"repeat","background-position":"center center","background-size":"auto","background-attachment":"scroll","background-type":"","background-media":"","overlay-type":"","overlay-color":"","overlay-opacity":"","overlay-gradient":""},"tablet":{"background-color":"","background-image":"","background-repeat":"repeat","background-position":"center center","background-size":"auto","background-attachment":"scroll","background-type":"","background-media":"","overlay-type":"","overlay-color":"","overlay-opacity":"","overlay-gradient":""},"mobile":{"background-color":"","background-image":"","background-repeat":"repeat","background-position":"center center","background-size":"auto","background-attachment":"scroll","background-type":"","background-media":"","overlay-type":"","overlay-color":"","overlay-opacity":"","overlay-gradient":""}},"ast-content-background-meta":{"desktop":{"background-color":"var(--ast-global-color-4)","background-image":"","background-repeat":"repeat","background-position":"center center","background-size":"auto","background-attachment":"scroll","background-type":"","background-media":"","overlay-type":"","overlay-color":"","overlay-opacity":"","overlay-gradient":""},"tablet":{"background-color":"var(--ast-global-color-4)","background-image":"","background-repeat":"repeat","background-position":"center center","background-size":"auto","background-attachment":"scroll","background-type":"","background-media":"","overlay-type":"","overlay-color":"","overlay-opacity":"","overlay-gradient":""},"mobile":{"background-color":"var(--ast-global-color-4)","background-image":"","background-repeat":"repeat","background-position":"center center","background-size":"auto","background-attachment":"scroll","background-type":"","background-media":"","overlay-type":"","overlay-color":"","overlay-opacity":"","overlay-gradient":""}}},"product_brand":[],"product_cat":[174],"product_tag":[6021,1349,4371,2672,6023,6022],"class_list":{"0":"post-8211","1":"product","2":"type-product","3":"status-publish","4":"has-post-thumbnail","6":"product_cat-istorija-ir-politologija","7":"product_tag-antanas-miskinis","8":"product_tag-atsiminimai","9":"product_tag-eilerasciai","10":"product_tag-laiskai","11":"product_tag-poeto-akademija","12":"product_tag-stalininiu-lageriu","13":"desktop-align-left","14":"tablet-align-left","15":"mobile-align-left","17":"first","18":"instock","19":"shipping-taxable","20":"purchasable","21":"product-type-simple"},"acf":[],"yoast_head":"<!-- This site is optimized with the Yoast SEO plugin v27.0 - https:\/\/yoast.com\/product\/yoast-seo-wordpress\/ -->\n<title>Sulau\u017eyti kry\u017eiai<\/title>\n<meta name=\"description\" content=\"Knyg\u0105 sudaro A. Mi\u0161kinio eil\u0117ra\u0161\u010diai, ra\u0161yti stalininiuos lageriuos, poeto lai\u0161kai broliui i\u0161 j\u0173. Antroje dalyje spausdinami A. Dambrausko, A. Genu\u0161io atsiminimai apie bendrus kalinimo metus.  V. Jakelai\u010dio apybrai\u017ea \u201eSu Antanu Mi\u0161kiniu Vi\u010di\u016bnuose, ir po to \u2013 poeto akademijos\u201c pasakoja apie nelengv\u0105 poeto dali\u0105, eil\u0117ra\u0161\u010di\u0173 likim\u0105, j\u0173 para\u0161ymo aplinkybes.\" \/>\n<meta name=\"robots\" content=\"index, follow, max-snippet:-1, max-image-preview:large, max-video-preview:-1\" \/>\n<link rel=\"canonical\" href=\"https:\/\/skaitytaknyga.lt\/en\/produktas\/antanas-miskinis-sulauzyti-kryziai-2\/\" \/>\n<meta property=\"og:locale\" content=\"en_GB\" \/>\n<meta property=\"og:locale:alternate\" content=\"lt_LT\" \/>\n<meta property=\"og:type\" content=\"article\" \/>\n<meta property=\"og:title\" content=\"Sulau\u017eyti kry\u017eiai\" \/>\n<meta property=\"og:description\" content=\"Knyg\u0105 sudaro A. Mi\u0161kinio eil\u0117ra\u0161\u010diai, ra\u0161yti stalininiuos lageriuos, poeto lai\u0161kai broliui i\u0161 j\u0173. Antroje dalyje spausdinami A. Dambrausko, A. Genu\u0161io atsiminimai apie bendrus kalinimo metus.  V. Jakelai\u010dio apybrai\u017ea \u201eSu Antanu Mi\u0161kiniu Vi\u010di\u016bnuose, ir po to \u2013 poeto akademijos\u201c pasakoja apie nelengv\u0105 poeto dali\u0105, eil\u0117ra\u0161\u010di\u0173 likim\u0105, j\u0173 para\u0161ymo aplinkybes.\" \/>\n<meta property=\"og:url\" content=\"https:\/\/skaitytaknyga.lt\/en\/produktas\/antanas-miskinis-sulauzyti-kryziai-2\/\" \/>\n<meta property=\"og:site_name\" content=\"Skaitytaknyga\" \/>\n<meta property=\"article:publisher\" content=\"https:\/\/www.facebook.com\/skaitytaknyga\/\" \/>\n<meta property=\"article:modified_time\" content=\"2025-06-26T13:10:18+00:00\" \/>\n<meta property=\"og:image\" content=\"https:\/\/skaitytaknyga.lt\/wp-content\/uploads\/2024\/04\/1462878682_img.jpg\" \/>\n\t<meta property=\"og:image:width\" content=\"455\" \/>\n\t<meta property=\"og:image:height\" content=\"799\" \/>\n\t<meta property=\"og:image:type\" content=\"image\/jpeg\" \/>\n<meta name=\"twitter:card\" content=\"summary_large_image\" \/>\n<script type=\"application\/ld+json\" class=\"yoast-schema-graph\">{\"@context\":\"https:\/\/schema.org\",\"@graph\":[{\"@type\":\"WebPage\",\"@id\":\"https:\/\/skaitytaknyga.lt\/produktas\/antanas-miskinis-sulauzyti-kryziai-2\/\",\"url\":\"https:\/\/skaitytaknyga.lt\/produktas\/antanas-miskinis-sulauzyti-kryziai-2\/\",\"name\":\"Sulau\u017eyti kry\u017eiai\",\"isPartOf\":{\"@id\":\"https:\/\/skaitytaknyga.lt\/#website\"},\"primaryImageOfPage\":{\"@id\":\"https:\/\/skaitytaknyga.lt\/produktas\/antanas-miskinis-sulauzyti-kryziai-2\/#primaryimage\"},\"image\":{\"@id\":\"https:\/\/skaitytaknyga.lt\/produktas\/antanas-miskinis-sulauzyti-kryziai-2\/#primaryimage\"},\"thumbnailUrl\":\"https:\/\/skaitytaknyga.lt\/wp-content\/uploads\/2024\/04\/1462878682_img.jpg\",\"datePublished\":\"2024-05-04T14:41:57+00:00\",\"dateModified\":\"2025-06-26T13:10:18+00:00\",\"description\":\"Knyg\u0105 sudaro A. Mi\u0161kinio eil\u0117ra\u0161\u010diai, ra\u0161yti stalininiuos lageriuos, poeto lai\u0161kai broliui i\u0161 j\u0173. Antroje dalyje spausdinami A. Dambrausko, A. Genu\u0161io atsiminimai apie bendrus kalinimo metus. V. Jakelai\u010dio apybrai\u017ea \u201eSu Antanu Mi\u0161kiniu Vi\u010di\u016bnuose, ir po to \u2013 poeto akademijos\u201c pasakoja apie nelengv\u0105 poeto dali\u0105, eil\u0117ra\u0161\u010di\u0173 likim\u0105, j\u0173 para\u0161ymo aplinkybes.\",\"breadcrumb\":{\"@id\":\"https:\/\/skaitytaknyga.lt\/produktas\/antanas-miskinis-sulauzyti-kryziai-2\/#breadcrumb\"},\"inLanguage\":\"en-GB\",\"potentialAction\":[{\"@type\":\"ReadAction\",\"target\":[\"https:\/\/skaitytaknyga.lt\/produktas\/antanas-miskinis-sulauzyti-kryziai-2\/\"]}]},{\"@type\":\"ImageObject\",\"inLanguage\":\"en-GB\",\"@id\":\"https:\/\/skaitytaknyga.lt\/produktas\/antanas-miskinis-sulauzyti-kryziai-2\/#primaryimage\",\"url\":\"https:\/\/skaitytaknyga.lt\/wp-content\/uploads\/2024\/04\/1462878682_img.jpg\",\"contentUrl\":\"https:\/\/skaitytaknyga.lt\/wp-content\/uploads\/2024\/04\/1462878682_img.jpg\",\"width\":455,\"height\":799,\"caption\":\"1462878682 img\"},{\"@type\":\"BreadcrumbList\",\"@id\":\"https:\/\/skaitytaknyga.lt\/produktas\/antanas-miskinis-sulauzyti-kryziai-2\/#breadcrumb\",\"itemListElement\":[{\"@type\":\"ListItem\",\"position\":1,\"name\":\"Home\",\"item\":\"https:\/\/skaitytaknyga.lt\/\"},{\"@type\":\"ListItem\",\"position\":2,\"name\":\"Parduotuv\u0117\",\"item\":\"https:\/\/skaitytaknyga.lt\/knygu-parduotuve\/\"},{\"@type\":\"ListItem\",\"position\":3,\"name\":\"Sulau\u017eyti kry\u017eiai\"}]},{\"@type\":\"WebSite\",\"@id\":\"https:\/\/skaitytaknyga.lt\/#website\",\"url\":\"https:\/\/skaitytaknyga.lt\/\",\"name\":\"skaitytaknyga.lt\",\"description\":\"Skaitytaknyga.lt \u2013 tai ma\u017eas \u0161eimos verslas, kuris prasid\u0117jo nuo meil\u0117s knygoms ir siekio i\u0161gelb\u0117ti knygas nuo likimo prie konteinerio. Kas vienam nereikalingas daiktas \u2013 kitam lobis, o mes esame tarpininkai, kurie padeda abiems tapti laimingesniems ???? \u017dinome kaip nelengva i\u0161gyventi ma\u017eiems verslams, tad nuo \u0161iol, \u010dia rasite ir kit\u0173, ma\u017e\u0173 \u0161eim\u0173 versl\u0173, rank\u0173 darbo, dovan\u0173 sau ir artimiesiems.\",\"publisher\":{\"@id\":\"https:\/\/skaitytaknyga.lt\/#organization\"},\"potentialAction\":[{\"@type\":\"SearchAction\",\"target\":{\"@type\":\"EntryPoint\",\"urlTemplate\":\"https:\/\/skaitytaknyga.lt\/?s={search_term_string}\"},\"query-input\":{\"@type\":\"PropertyValueSpecification\",\"valueRequired\":true,\"valueName\":\"search_term_string\"}}],\"inLanguage\":\"en-GB\"},{\"@type\":\"Organization\",\"@id\":\"https:\/\/skaitytaknyga.lt\/#organization\",\"name\":\"skaitytaknyga.lt\",\"url\":\"https:\/\/skaitytaknyga.lt\/\",\"logo\":{\"@type\":\"ImageObject\",\"inLanguage\":\"en-GB\",\"@id\":\"https:\/\/skaitytaknyga.lt\/#\/schema\/logo\/image\/\",\"url\":\"https:\/\/skaitytaknyga.lt\/wp-content\/uploads\/2024\/05\/cropped-cropped-cropped-02_00843_jt3bggkj1j3HLc7SyY6rEUpg.jpeg\",\"contentUrl\":\"https:\/\/skaitytaknyga.lt\/wp-content\/uploads\/2024\/05\/cropped-cropped-cropped-02_00843_jt3bggkj1j3HLc7SyY6rEUpg.jpeg\",\"width\":1600,\"height\":1600,\"caption\":\"skaitytaknyga.lt\"},\"image\":{\"@id\":\"https:\/\/skaitytaknyga.lt\/#\/schema\/logo\/image\/\"},\"sameAs\":[\"https:\/\/www.facebook.com\/skaitytaknyga\/\"]}]}<\/script>\n<!-- \/ Yoast SEO plugin. -->","yoast_head_json":{"title":"Sulau\u017eyti kry\u017eiai","description":"Knyg\u0105 sudaro A. Mi\u0161kinio eil\u0117ra\u0161\u010diai, ra\u0161yti stalininiuos lageriuos, poeto lai\u0161kai broliui i\u0161 j\u0173. Antroje dalyje spausdinami A. Dambrausko, A. Genu\u0161io atsiminimai apie bendrus kalinimo metus.  V. Jakelai\u010dio apybrai\u017ea \u201eSu Antanu Mi\u0161kiniu Vi\u010di\u016bnuose, ir po to \u2013 poeto akademijos\u201c pasakoja apie nelengv\u0105 poeto dali\u0105, eil\u0117ra\u0161\u010di\u0173 likim\u0105, j\u0173 para\u0161ymo aplinkybes.","robots":{"index":"index","follow":"follow","max-snippet":"max-snippet:-1","max-image-preview":"max-image-preview:large","max-video-preview":"max-video-preview:-1"},"canonical":"https:\/\/skaitytaknyga.lt\/en\/produktas\/antanas-miskinis-sulauzyti-kryziai-2\/","og_locale":"en_GB","og_type":"article","og_title":"[:lt]Sulau\u017eyti kry\u017eiai[:] - Skaitytaknyga","og_description":"Knyg\u0105 sudaro A. Mi\u0161kinio eil\u0117ra\u0161\u010diai, ra\u0161yti stalininiuos lageriuos, poeto lai\u0161kai broliui i\u0161 j\u0173. Antroje dalyje spausdinami A. Dambrausko, A. Genu\u0161io atsiminimai apie bendrus kalinimo metus.  V. Jakelai\u010dio apybrai\u017ea \u201eSu Antanu Mi\u0161kiniu Vi\u010di\u016bnuose, ir po to \u2013 poeto akademijos\u201c pasakoja apie nelengv\u0105 poeto dali\u0105, eil\u0117ra\u0161\u010di\u0173 likim\u0105, j\u0173 para\u0161ymo aplinkybes.","og_url":"https:\/\/skaitytaknyga.lt\/en\/produktas\/antanas-miskinis-sulauzyti-kryziai-2\/","og_site_name":"Skaitytaknyga","article_publisher":"https:\/\/www.facebook.com\/skaitytaknyga\/","article_modified_time":"2025-06-26T13:10:18+00:00","og_image":[{"width":455,"height":799,"url":"https:\/\/skaitytaknyga.lt\/wp-content\/uploads\/2024\/04\/1462878682_img.jpg","type":"image\/jpeg"}],"twitter_card":"summary_large_image","schema":{"@context":"https:\/\/schema.org","@graph":[{"@type":"WebPage","@id":"https:\/\/skaitytaknyga.lt\/produktas\/antanas-miskinis-sulauzyti-kryziai-2\/","url":"https:\/\/skaitytaknyga.lt\/produktas\/antanas-miskinis-sulauzyti-kryziai-2\/","name":"Sulau\u017eyti kry\u017eiai","isPartOf":{"@id":"https:\/\/skaitytaknyga.lt\/#website"},"primaryImageOfPage":{"@id":"https:\/\/skaitytaknyga.lt\/produktas\/antanas-miskinis-sulauzyti-kryziai-2\/#primaryimage"},"image":{"@id":"https:\/\/skaitytaknyga.lt\/produktas\/antanas-miskinis-sulauzyti-kryziai-2\/#primaryimage"},"thumbnailUrl":"https:\/\/skaitytaknyga.lt\/wp-content\/uploads\/2024\/04\/1462878682_img.jpg","datePublished":"2024-05-04T14:41:57+00:00","dateModified":"2025-06-26T13:10:18+00:00","description":"Knyg\u0105 sudaro A. Mi\u0161kinio eil\u0117ra\u0161\u010diai, ra\u0161yti stalininiuos lageriuos, poeto lai\u0161kai broliui i\u0161 j\u0173. Antroje dalyje spausdinami A. Dambrausko, A. Genu\u0161io atsiminimai apie bendrus kalinimo metus. V. Jakelai\u010dio apybrai\u017ea \u201eSu Antanu Mi\u0161kiniu Vi\u010di\u016bnuose, ir po to \u2013 poeto akademijos\u201c pasakoja apie nelengv\u0105 poeto dali\u0105, eil\u0117ra\u0161\u010di\u0173 likim\u0105, j\u0173 para\u0161ymo aplinkybes.","breadcrumb":{"@id":"https:\/\/skaitytaknyga.lt\/produktas\/antanas-miskinis-sulauzyti-kryziai-2\/#breadcrumb"},"inLanguage":"en-GB","potentialAction":[{"@type":"ReadAction","target":["https:\/\/skaitytaknyga.lt\/produktas\/antanas-miskinis-sulauzyti-kryziai-2\/"]}]},{"@type":"ImageObject","inLanguage":"en-GB","@id":"https:\/\/skaitytaknyga.lt\/produktas\/antanas-miskinis-sulauzyti-kryziai-2\/#primaryimage","url":"https:\/\/skaitytaknyga.lt\/wp-content\/uploads\/2024\/04\/1462878682_img.jpg","contentUrl":"https:\/\/skaitytaknyga.lt\/wp-content\/uploads\/2024\/04\/1462878682_img.jpg","width":455,"height":799,"caption":"1462878682 img"},{"@type":"BreadcrumbList","@id":"https:\/\/skaitytaknyga.lt\/produktas\/antanas-miskinis-sulauzyti-kryziai-2\/#breadcrumb","itemListElement":[{"@type":"ListItem","position":1,"name":"Home","item":"https:\/\/skaitytaknyga.lt\/"},{"@type":"ListItem","position":2,"name":"Parduotuv\u0117","item":"https:\/\/skaitytaknyga.lt\/knygu-parduotuve\/"},{"@type":"ListItem","position":3,"name":"Sulau\u017eyti kry\u017eiai"}]},{"@type":"WebSite","@id":"https:\/\/skaitytaknyga.lt\/#website","url":"https:\/\/skaitytaknyga.lt\/","name":"skaitytaknyga.lt","description":"Skaitytaknyga.lt \u2013 tai ma\u017eas \u0161eimos verslas, kuris prasid\u0117jo nuo meil\u0117s knygoms ir siekio i\u0161gelb\u0117ti knygas nuo likimo prie konteinerio. Kas vienam nereikalingas daiktas \u2013 kitam lobis, o mes esame tarpininkai, kurie padeda abiems tapti laimingesniems ???? \u017dinome kaip nelengva i\u0161gyventi ma\u017eiems verslams, tad nuo \u0161iol, \u010dia rasite ir kit\u0173, ma\u017e\u0173 \u0161eim\u0173 versl\u0173, rank\u0173 darbo, dovan\u0173 sau ir artimiesiems.","publisher":{"@id":"https:\/\/skaitytaknyga.lt\/#organization"},"potentialAction":[{"@type":"SearchAction","target":{"@type":"EntryPoint","urlTemplate":"https:\/\/skaitytaknyga.lt\/?s={search_term_string}"},"query-input":{"@type":"PropertyValueSpecification","valueRequired":true,"valueName":"search_term_string"}}],"inLanguage":"en-GB"},{"@type":"Organization","@id":"https:\/\/skaitytaknyga.lt\/#organization","name":"skaitytaknyga.lt","url":"https:\/\/skaitytaknyga.lt\/","logo":{"@type":"ImageObject","inLanguage":"en-GB","@id":"https:\/\/skaitytaknyga.lt\/#\/schema\/logo\/image\/","url":"https:\/\/skaitytaknyga.lt\/wp-content\/uploads\/2024\/05\/cropped-cropped-cropped-02_00843_jt3bggkj1j3HLc7SyY6rEUpg.jpeg","contentUrl":"https:\/\/skaitytaknyga.lt\/wp-content\/uploads\/2024\/05\/cropped-cropped-cropped-02_00843_jt3bggkj1j3HLc7SyY6rEUpg.jpeg","width":1600,"height":1600,"caption":"skaitytaknyga.lt"},"image":{"@id":"https:\/\/skaitytaknyga.lt\/#\/schema\/logo\/image\/"},"sameAs":["https:\/\/www.facebook.com\/skaitytaknyga\/"]}]}},"_links":{"self":[{"href":"https:\/\/skaitytaknyga.lt\/en\/wp-json\/wp\/v2\/product\/8211","targetHints":{"allow":["GET"]}}],"collection":[{"href":"https:\/\/skaitytaknyga.lt\/en\/wp-json\/wp\/v2\/product"}],"about":[{"href":"https:\/\/skaitytaknyga.lt\/en\/wp-json\/wp\/v2\/types\/product"}],"replies":[{"embeddable":true,"href":"https:\/\/skaitytaknyga.lt\/en\/wp-json\/wp\/v2\/comments?post=8211"}],"wp:featuredmedia":[{"embeddable":true,"href":"https:\/\/skaitytaknyga.lt\/en\/wp-json\/wp\/v2\/media\/4108"}],"wp:attachment":[{"href":"https:\/\/skaitytaknyga.lt\/en\/wp-json\/wp\/v2\/media?parent=8211"}],"wp:term":[{"taxonomy":"product_brand","embeddable":true,"href":"https:\/\/skaitytaknyga.lt\/en\/wp-json\/wp\/v2\/product_brand?post=8211"},{"taxonomy":"product_cat","embeddable":true,"href":"https:\/\/skaitytaknyga.lt\/en\/wp-json\/wp\/v2\/product_cat?post=8211"},{"taxonomy":"product_tag","embeddable":true,"href":"https:\/\/skaitytaknyga.lt\/en\/wp-json\/wp\/v2\/product_tag?post=8211"}],"curies":[{"name":"wp","href":"https:\/\/api.w.org\/{rel}","templated":true}]}}