{"id":8193,"date":"2024-05-04T14:41:34","date_gmt":"2024-05-04T14:41:34","guid":{"rendered":"https:\/\/skaitytaknyga.lt\/?post_type=product&#038;p=8193"},"modified":"2024-05-04T14:41:58","modified_gmt":"2024-05-04T14:41:58","slug":"dennis-okholm-pavojingos-aistros-mirtinos-nuodemes-2","status":"publish","type":"product","link":"https:\/\/skaitytaknyga.lt\/en\/produktas\/dennis-okholm-pavojingos-aistros-mirtinos-nuodemes-2\/","title":{"rendered":"Dennis Okholm \u201ePavojingos aistros, mirtinos nuod\u0117m\u0117s\u201c"},"content":{"rendered":"<p>Nuolatin\u0117s pastangos \u012fveikti nuod\u0117mes \u2013 m\u016bs\u0173 gyvenimo kasdienyb\u0117. Kai gerai \u017einome, kas jos yra, kova tampa daug lengvesn\u0117. Kur kas sunkiau, kai nuod\u0117m\u0117s taip paplinta, kad ne tik nesugebame j\u0173 atpa\u017einti, bet da\u017enai netgi prilyginame doryb\u0117ms.<\/p>\n<p>Ovacijomis sveikiname t\u0105, kuris suvalg\u0117 daugiausia maisto did\u017ekukuli\u0173, picos ar makaron\u0173 valgymo var\u017eybose. Per\u0161ame maisto produktus reklamomis, kuriose eroti\u0161kos moterys si\u016blo dar daugiau sumu\u0161tini\u0173. Prikaupiame tiek \u201eturto\u201c, kad neturime jo kur d\u0117ti. O kur dar puikyb\u0117, dangstoma pasitik\u0117jimu savimi\u2026 Tad ar \u0161ie mums \u012fprasti dalykai yra nuod\u0117m\u0117s? Kas jos yra i\u0161 tikr\u0173j\u0173? Kas jas \u201ei\u0161rado\u201c? K\u0105 bendra turi su \u0161iandieniu m\u016bs\u0173 gyvenimu? Ar \u012fmanoma jas \u012fveikti ir kuo gali mums pad\u0117ti vienuoli\u0173 i\u0161mintis?<\/p>\n","protected":false},"excerpt":{"rendered":"<p>Nuolatin\u0117s pastangos \u012fveikti nuod\u0117mes \u2013 m\u016bs\u0173 gyvenimo kasdienyb\u0117. Kai gerai \u017einome, kas jos yra, kova tampa daug lengvesn\u0117. Kur kas sunkiau, kai nuod\u0117m\u0117s taip paplinta, kad ne tik nesugebame j\u0173 atpa\u017einti, bet da\u017enai netgi prilyginame doryb\u0117ms.<\/p>\n<p>Ovacijomis sveikiname t\u0105, kuris suvalg\u0117 daugiausia maisto did\u017ekukuli\u0173, picos ar makaron\u0173 valgymo var\u017eybose. Per\u0161ame maisto produktus reklamomis, kuriose eroti\u0161kos moterys si\u016blo dar daugiau sumu\u0161tini\u0173. Prikaupiame tiek \u201eturto\u201c, kad neturime jo kur d\u0117ti. O kur dar puikyb\u0117, dangstoma pasitik\u0117jimu savimi\u2026 Tad ar \u0161ie mums \u012fprasti dalykai yra nuod\u0117m\u0117s? Kas jos yra i\u0161 tikr\u0173j\u0173? Kas jas \u201ei\u0161rado\u201c? K\u0105 bendra turi su \u0161iandieniu m\u016bs\u0173 gyvenimu? Ar \u012fmanoma jas \u012fveikti ir kuo gali mums pad\u0117ti vienuoli\u0173 i\u0161mintis?<\/p>\n","protected":false},"featured_media":4068,"comment_status":"closed","ping_status":"closed","template":"","meta":{"_acf_changed":false,"site-sidebar-layout":"default","site-content-layout":"","ast-site-content-layout":"default","site-content-style":"default","site-sidebar-style":"default","ast-global-header-display":"","ast-banner-title-visibility":"","ast-main-header-display":"","ast-hfb-above-header-display":"","ast-hfb-below-header-display":"","ast-hfb-mobile-header-display":"","site-post-title":"","ast-breadcrumbs-content":"","ast-featured-img":"","footer-sml-layout":"","ast-disable-related-posts":"","theme-transparent-header-meta":"","adv-header-id-meta":"","stick-header-meta":"","header-above-stick-meta":"","header-main-stick-meta":"","header-below-stick-meta":"","astra-migrate-meta-layouts":"default","ast-page-background-enabled":"default","ast-page-background-meta":{"desktop":{"background-color":"","background-image":"","background-repeat":"repeat","background-position":"center center","background-size":"auto","background-attachment":"scroll","background-type":"","background-media":"","overlay-type":"","overlay-color":"","overlay-opacity":"","overlay-gradient":""},"tablet":{"background-color":"","background-image":"","background-repeat":"repeat","background-position":"center center","background-size":"auto","background-attachment":"scroll","background-type":"","background-media":"","overlay-type":"","overlay-color":"","overlay-opacity":"","overlay-gradient":""},"mobile":{"background-color":"","background-image":"","background-repeat":"repeat","background-position":"center center","background-size":"auto","background-attachment":"scroll","background-type":"","background-media":"","overlay-type":"","overlay-color":"","overlay-opacity":"","overlay-gradient":""}},"ast-content-background-meta":{"desktop":{"background-color":"var(--ast-global-color-4)","background-image":"","background-repeat":"repeat","background-position":"center center","background-size":"auto","background-attachment":"scroll","background-type":"","background-media":"","overlay-type":"","overlay-color":"","overlay-opacity":"","overlay-gradient":""},"tablet":{"background-color":"var(--ast-global-color-4)","background-image":"","background-repeat":"repeat","background-position":"center center","background-size":"auto","background-attachment":"scroll","background-type":"","background-media":"","overlay-type":"","overlay-color":"","overlay-opacity":"","overlay-gradient":""},"mobile":{"background-color":"var(--ast-global-color-4)","background-image":"","background-repeat":"repeat","background-position":"center center","background-size":"auto","background-attachment":"scroll","background-type":"","background-media":"","overlay-type":"","overlay-color":"","overlay-opacity":"","overlay-gradient":""}}},"product_brand":[],"product_cat":[165],"product_tag":[],"class_list":{"0":"post-8193","1":"product","2":"type-product","3":"status-publish","4":"has-post-thumbnail","6":"product_cat-religija-filosofija-ir-ezoterika","7":"desktop-align-left","8":"tablet-align-left","9":"mobile-align-left","11":"first","12":"outofstock","13":"shipping-taxable","14":"purchasable","15":"product-type-simple"},"acf":[],"yoast_head":"<!-- This site is optimized with the Yoast SEO plugin v27.4 - https:\/\/yoast.com\/product\/yoast-seo-wordpress\/ -->\n<title>Dennis Okholm \u201ePavojingos aistros, mirtinos nuod\u0117m\u0117s\u201c - Skaitytaknyga<\/title>\n<meta name=\"description\" content=\"Nuolatin\u0117s pastangos \u012fveikti nuod\u0117mes \u2013 m\u016bs\u0173 gyvenimo kasdienyb\u0117. Kai gerai \u017einome, kas jos yra, kova tampa daug lengvesn\u0117. Kur kas sunkiau, kai nuod\u0117m\u0117s taip paplinta, kad ne tik nesugebame j\u0173 atpa\u017einti, bet da\u017enai netgi prilyginame doryb\u0117ms.  Ovacijomis sveikiname t\u0105, kuris suvalg\u0117 daugiausia maisto did\u017ekukuli\u0173, picos ar makaron\u0173 valgymo var\u017eybose. Per\u0161ame maisto produktus reklamomis, kuriose eroti\u0161kos moterys si\u016blo dar daugiau sumu\u0161tini\u0173. Prikaupiame tiek \u201eturto\u201c, kad neturime jo kur d\u0117ti. O kur dar puikyb\u0117, dangstoma pasitik\u0117jimu savimi\u2026 Tad ar \u0161ie mums \u012fprasti dalykai yra nuod\u0117m\u0117s? Kas jos yra i\u0161 tikr\u0173j\u0173? Kas jas \u201ei\u0161rado\u201c? K\u0105 bendra turi su \u0161iandieniu m\u016bs\u0173 gyvenimu? Ar \u012fmanoma jas \u012fveikti ir kuo gali mums pad\u0117ti vienuoli\u0173 i\u0161mintis?\" \/>\n<meta name=\"robots\" content=\"index, follow, max-snippet:-1, max-image-preview:large, max-video-preview:-1\" \/>\n<link rel=\"canonical\" href=\"https:\/\/skaitytaknyga.lt\/en\/produktas\/dennis-okholm-pavojingos-aistros-mirtinos-nuodemes-2\/\" \/>\n<meta property=\"og:locale\" content=\"en_GB\" \/>\n<meta property=\"og:locale:alternate\" content=\"lt_LT\" \/>\n<meta property=\"og:type\" content=\"article\" \/>\n<meta property=\"og:title\" content=\"Dennis Okholm \u201ePavojingos aistros, mirtinos nuod\u0117m\u0117s\u201c - Skaitytaknyga\" \/>\n<meta property=\"og:description\" content=\"Nuolatin\u0117s pastangos \u012fveikti nuod\u0117mes \u2013 m\u016bs\u0173 gyvenimo kasdienyb\u0117. Kai gerai \u017einome, kas jos yra, kova tampa daug lengvesn\u0117. Kur kas sunkiau, kai nuod\u0117m\u0117s taip paplinta, kad ne tik nesugebame j\u0173 atpa\u017einti, bet da\u017enai netgi prilyginame doryb\u0117ms.  Ovacijomis sveikiname t\u0105, kuris suvalg\u0117 daugiausia maisto did\u017ekukuli\u0173, picos ar makaron\u0173 valgymo var\u017eybose. Per\u0161ame maisto produktus reklamomis, kuriose eroti\u0161kos moterys si\u016blo dar daugiau sumu\u0161tini\u0173. Prikaupiame tiek \u201eturto\u201c, kad neturime jo kur d\u0117ti. O kur dar puikyb\u0117, dangstoma pasitik\u0117jimu savimi\u2026 Tad ar \u0161ie mums \u012fprasti dalykai yra nuod\u0117m\u0117s? Kas jos yra i\u0161 tikr\u0173j\u0173? Kas jas \u201ei\u0161rado\u201c? K\u0105 bendra turi su \u0161iandieniu m\u016bs\u0173 gyvenimu? Ar \u012fmanoma jas \u012fveikti ir kuo gali mums pad\u0117ti vienuoli\u0173 i\u0161mintis?\" \/>\n<meta property=\"og:url\" content=\"https:\/\/skaitytaknyga.lt\/en\/produktas\/dennis-okholm-pavojingos-aistros-mirtinos-nuodemes-2\/\" \/>\n<meta property=\"og:site_name\" content=\"Skaitytaknyga\" \/>\n<meta property=\"article:publisher\" content=\"https:\/\/www.facebook.com\/skaitytaknyga\/\" \/>\n<meta property=\"article:modified_time\" content=\"2024-05-04T14:41:58+00:00\" \/>\n<meta property=\"og:image\" content=\"https:\/\/skaitytaknyga.lt\/wp-content\/uploads\/2024\/04\/pavojingos-aistros_600.jpg\" \/>\n\t<meta property=\"og:image:width\" content=\"600\" \/>\n\t<meta property=\"og:image:height\" content=\"900\" \/>\n\t<meta property=\"og:image:type\" content=\"image\/jpeg\" \/>\n<meta name=\"twitter:card\" content=\"summary_large_image\" \/>\n<meta name=\"twitter:label1\" content=\"Estimated reading time\" \/>\n\t<meta name=\"twitter:data1\" content=\"1 minute\" \/>\n<script type=\"application\/ld+json\" class=\"yoast-schema-graph\">{\"@context\":\"https:\\\/\\\/schema.org\",\"@graph\":[{\"@type\":\"WebPage\",\"@id\":\"https:\\\/\\\/skaitytaknyga.lt\\\/produktas\\\/dennis-okholm-pavojingos-aistros-mirtinos-nuodemes-2\\\/\",\"url\":\"https:\\\/\\\/skaitytaknyga.lt\\\/produktas\\\/dennis-okholm-pavojingos-aistros-mirtinos-nuodemes-2\\\/\",\"name\":\"Dennis Okholm \u201ePavojingos aistros, mirtinos nuod\u0117m\u0117s\u201c - Skaitytaknyga\",\"isPartOf\":{\"@id\":\"https:\\\/\\\/skaitytaknyga.lt\\\/#website\"},\"primaryImageOfPage\":{\"@id\":\"https:\\\/\\\/skaitytaknyga.lt\\\/produktas\\\/dennis-okholm-pavojingos-aistros-mirtinos-nuodemes-2\\\/#primaryimage\"},\"image\":{\"@id\":\"https:\\\/\\\/skaitytaknyga.lt\\\/produktas\\\/dennis-okholm-pavojingos-aistros-mirtinos-nuodemes-2\\\/#primaryimage\"},\"thumbnailUrl\":\"https:\\\/\\\/skaitytaknyga.lt\\\/wp-content\\\/uploads\\\/2024\\\/04\\\/pavojingos-aistros_600.jpg\",\"datePublished\":\"2024-05-04T14:41:34+00:00\",\"dateModified\":\"2024-05-04T14:41:58+00:00\",\"description\":\"Nuolatin\u0117s pastangos \u012fveikti nuod\u0117mes \u2013 m\u016bs\u0173 gyvenimo kasdienyb\u0117. Kai gerai \u017einome, kas jos yra, kova tampa daug lengvesn\u0117. Kur kas sunkiau, kai nuod\u0117m\u0117s taip paplinta, kad ne tik nesugebame j\u0173 atpa\u017einti, bet da\u017enai netgi prilyginame doryb\u0117ms. Ovacijomis sveikiname t\u0105, kuris suvalg\u0117 daugiausia maisto did\u017ekukuli\u0173, picos ar makaron\u0173 valgymo var\u017eybose. Per\u0161ame maisto produktus reklamomis, kuriose eroti\u0161kos moterys si\u016blo dar daugiau sumu\u0161tini\u0173. Prikaupiame tiek \u201eturto\u201c, kad neturime jo kur d\u0117ti. O kur dar puikyb\u0117, dangstoma pasitik\u0117jimu savimi\u2026 Tad ar \u0161ie mums \u012fprasti dalykai yra nuod\u0117m\u0117s? Kas jos yra i\u0161 tikr\u0173j\u0173? Kas jas \u201ei\u0161rado\u201c? K\u0105 bendra turi su \u0161iandieniu m\u016bs\u0173 gyvenimu? Ar \u012fmanoma jas \u012fveikti ir kuo gali mums pad\u0117ti vienuoli\u0173 i\u0161mintis?\",\"breadcrumb\":{\"@id\":\"https:\\\/\\\/skaitytaknyga.lt\\\/produktas\\\/dennis-okholm-pavojingos-aistros-mirtinos-nuodemes-2\\\/#breadcrumb\"},\"inLanguage\":\"en-GB\",\"potentialAction\":[{\"@type\":\"ReadAction\",\"target\":[\"https:\\\/\\\/skaitytaknyga.lt\\\/produktas\\\/dennis-okholm-pavojingos-aistros-mirtinos-nuodemes-2\\\/\"]}]},{\"@type\":\"ImageObject\",\"inLanguage\":\"en-GB\",\"@id\":\"https:\\\/\\\/skaitytaknyga.lt\\\/produktas\\\/dennis-okholm-pavojingos-aistros-mirtinos-nuodemes-2\\\/#primaryimage\",\"url\":\"https:\\\/\\\/skaitytaknyga.lt\\\/wp-content\\\/uploads\\\/2024\\\/04\\\/pavojingos-aistros_600.jpg\",\"contentUrl\":\"https:\\\/\\\/skaitytaknyga.lt\\\/wp-content\\\/uploads\\\/2024\\\/04\\\/pavojingos-aistros_600.jpg\",\"width\":600,\"height\":900,\"caption\":\"pavojingos aistros 600\"},{\"@type\":\"BreadcrumbList\",\"@id\":\"https:\\\/\\\/skaitytaknyga.lt\\\/produktas\\\/dennis-okholm-pavojingos-aistros-mirtinos-nuodemes-2\\\/#breadcrumb\",\"itemListElement\":[{\"@type\":\"ListItem\",\"position\":1,\"name\":\"Home\",\"item\":\"https:\\\/\\\/skaitytaknyga.lt\\\/\"},{\"@type\":\"ListItem\",\"position\":2,\"name\":\"Parduotuv\u0117\",\"item\":\"https:\\\/\\\/skaitytaknyga.lt\\\/knygu-parduotuve\\\/\"},{\"@type\":\"ListItem\",\"position\":3,\"name\":\"Dennis Okholm \u201ePavojingos aistros, mirtinos nuod\u0117m\u0117s\u201c\"}]},{\"@type\":\"WebSite\",\"@id\":\"https:\\\/\\\/skaitytaknyga.lt\\\/#website\",\"url\":\"https:\\\/\\\/skaitytaknyga.lt\\\/\",\"name\":\"skaitytaknyga.lt\",\"description\":\"Skaitytaknyga.lt \u2013 tai ma\u017eas \u0161eimos verslas, kuris prasid\u0117jo nuo meil\u0117s knygoms ir siekio i\u0161gelb\u0117ti knygas nuo likimo prie konteinerio. Kas vienam nereikalingas daiktas \u2013 kitam lobis, o mes esame tarpininkai, kurie padeda abiems tapti laimingesniems ???? \u017dinome kaip nelengva i\u0161gyventi ma\u017eiems verslams, tad nuo \u0161iol, \u010dia rasite ir kit\u0173, ma\u017e\u0173 \u0161eim\u0173 versl\u0173, rank\u0173 darbo, dovan\u0173 sau ir artimiesiems.\",\"publisher\":{\"@id\":\"https:\\\/\\\/skaitytaknyga.lt\\\/#organization\"},\"potentialAction\":[{\"@type\":\"SearchAction\",\"target\":{\"@type\":\"EntryPoint\",\"urlTemplate\":\"https:\\\/\\\/skaitytaknyga.lt\\\/?s={search_term_string}\"},\"query-input\":{\"@type\":\"PropertyValueSpecification\",\"valueRequired\":true,\"valueName\":\"search_term_string\"}}],\"inLanguage\":\"en-GB\"},{\"@type\":\"Organization\",\"@id\":\"https:\\\/\\\/skaitytaknyga.lt\\\/#organization\",\"name\":\"skaitytaknyga.lt\",\"url\":\"https:\\\/\\\/skaitytaknyga.lt\\\/\",\"logo\":{\"@type\":\"ImageObject\",\"inLanguage\":\"en-GB\",\"@id\":\"https:\\\/\\\/skaitytaknyga.lt\\\/#\\\/schema\\\/logo\\\/image\\\/\",\"url\":\"https:\\\/\\\/skaitytaknyga.lt\\\/wp-content\\\/uploads\\\/2024\\\/05\\\/cropped-cropped-cropped-02_00843_jt3bggkj1j3HLc7SyY6rEUpg.jpeg\",\"contentUrl\":\"https:\\\/\\\/skaitytaknyga.lt\\\/wp-content\\\/uploads\\\/2024\\\/05\\\/cropped-cropped-cropped-02_00843_jt3bggkj1j3HLc7SyY6rEUpg.jpeg\",\"width\":1600,\"height\":1600,\"caption\":\"skaitytaknyga.lt\"},\"image\":{\"@id\":\"https:\\\/\\\/skaitytaknyga.lt\\\/#\\\/schema\\\/logo\\\/image\\\/\"},\"sameAs\":[\"https:\\\/\\\/www.facebook.com\\\/skaitytaknyga\\\/\"]}]}<\/script>\n<!-- \/ Yoast SEO plugin. -->","yoast_head_json":{"title":"Dennis Okholm \u201ePavojingos aistros, mirtinos nuod\u0117m\u0117s\u201c - Skaitytaknyga","description":"Nuolatin\u0117s pastangos \u012fveikti nuod\u0117mes \u2013 m\u016bs\u0173 gyvenimo kasdienyb\u0117. Kai gerai \u017einome, kas jos yra, kova tampa daug lengvesn\u0117. Kur kas sunkiau, kai nuod\u0117m\u0117s taip paplinta, kad ne tik nesugebame j\u0173 atpa\u017einti, bet da\u017enai netgi prilyginame doryb\u0117ms.  Ovacijomis sveikiname t\u0105, kuris suvalg\u0117 daugiausia maisto did\u017ekukuli\u0173, picos ar makaron\u0173 valgymo var\u017eybose. Per\u0161ame maisto produktus reklamomis, kuriose eroti\u0161kos moterys si\u016blo dar daugiau sumu\u0161tini\u0173. Prikaupiame tiek \u201eturto\u201c, kad neturime jo kur d\u0117ti. O kur dar puikyb\u0117, dangstoma pasitik\u0117jimu savimi\u2026 Tad ar \u0161ie mums \u012fprasti dalykai yra nuod\u0117m\u0117s? Kas jos yra i\u0161 tikr\u0173j\u0173? Kas jas \u201ei\u0161rado\u201c? K\u0105 bendra turi su \u0161iandieniu m\u016bs\u0173 gyvenimu? Ar \u012fmanoma jas \u012fveikti ir kuo gali mums pad\u0117ti vienuoli\u0173 i\u0161mintis?","robots":{"index":"index","follow":"follow","max-snippet":"max-snippet:-1","max-image-preview":"max-image-preview:large","max-video-preview":"max-video-preview:-1"},"canonical":"https:\/\/skaitytaknyga.lt\/en\/produktas\/dennis-okholm-pavojingos-aistros-mirtinos-nuodemes-2\/","og_locale":"en_GB","og_type":"article","og_title":"Dennis Okholm \u201ePavojingos aistros, mirtinos nuod\u0117m\u0117s\u201c - Skaitytaknyga","og_description":"Nuolatin\u0117s pastangos \u012fveikti nuod\u0117mes \u2013 m\u016bs\u0173 gyvenimo kasdienyb\u0117. Kai gerai \u017einome, kas jos yra, kova tampa daug lengvesn\u0117. Kur kas sunkiau, kai nuod\u0117m\u0117s taip paplinta, kad ne tik nesugebame j\u0173 atpa\u017einti, bet da\u017enai netgi prilyginame doryb\u0117ms.  Ovacijomis sveikiname t\u0105, kuris suvalg\u0117 daugiausia maisto did\u017ekukuli\u0173, picos ar makaron\u0173 valgymo var\u017eybose. Per\u0161ame maisto produktus reklamomis, kuriose eroti\u0161kos moterys si\u016blo dar daugiau sumu\u0161tini\u0173. Prikaupiame tiek \u201eturto\u201c, kad neturime jo kur d\u0117ti. O kur dar puikyb\u0117, dangstoma pasitik\u0117jimu savimi\u2026 Tad ar \u0161ie mums \u012fprasti dalykai yra nuod\u0117m\u0117s? Kas jos yra i\u0161 tikr\u0173j\u0173? Kas jas \u201ei\u0161rado\u201c? K\u0105 bendra turi su \u0161iandieniu m\u016bs\u0173 gyvenimu? Ar \u012fmanoma jas \u012fveikti ir kuo gali mums pad\u0117ti vienuoli\u0173 i\u0161mintis?","og_url":"https:\/\/skaitytaknyga.lt\/en\/produktas\/dennis-okholm-pavojingos-aistros-mirtinos-nuodemes-2\/","og_site_name":"Skaitytaknyga","article_publisher":"https:\/\/www.facebook.com\/skaitytaknyga\/","article_modified_time":"2024-05-04T14:41:58+00:00","og_image":[{"width":600,"height":900,"url":"https:\/\/skaitytaknyga.lt\/wp-content\/uploads\/2024\/04\/pavojingos-aistros_600.jpg","type":"image\/jpeg"}],"twitter_card":"summary_large_image","twitter_misc":{"Estimated reading time":"1 minute"},"schema":{"@context":"https:\/\/schema.org","@graph":[{"@type":"WebPage","@id":"https:\/\/skaitytaknyga.lt\/produktas\/dennis-okholm-pavojingos-aistros-mirtinos-nuodemes-2\/","url":"https:\/\/skaitytaknyga.lt\/produktas\/dennis-okholm-pavojingos-aistros-mirtinos-nuodemes-2\/","name":"Dennis Okholm \u201ePavojingos aistros, mirtinos nuod\u0117m\u0117s\u201c - Skaitytaknyga","isPartOf":{"@id":"https:\/\/skaitytaknyga.lt\/#website"},"primaryImageOfPage":{"@id":"https:\/\/skaitytaknyga.lt\/produktas\/dennis-okholm-pavojingos-aistros-mirtinos-nuodemes-2\/#primaryimage"},"image":{"@id":"https:\/\/skaitytaknyga.lt\/produktas\/dennis-okholm-pavojingos-aistros-mirtinos-nuodemes-2\/#primaryimage"},"thumbnailUrl":"https:\/\/skaitytaknyga.lt\/wp-content\/uploads\/2024\/04\/pavojingos-aistros_600.jpg","datePublished":"2024-05-04T14:41:34+00:00","dateModified":"2024-05-04T14:41:58+00:00","description":"Nuolatin\u0117s pastangos \u012fveikti nuod\u0117mes \u2013 m\u016bs\u0173 gyvenimo kasdienyb\u0117. Kai gerai \u017einome, kas jos yra, kova tampa daug lengvesn\u0117. Kur kas sunkiau, kai nuod\u0117m\u0117s taip paplinta, kad ne tik nesugebame j\u0173 atpa\u017einti, bet da\u017enai netgi prilyginame doryb\u0117ms. Ovacijomis sveikiname t\u0105, kuris suvalg\u0117 daugiausia maisto did\u017ekukuli\u0173, picos ar makaron\u0173 valgymo var\u017eybose. Per\u0161ame maisto produktus reklamomis, kuriose eroti\u0161kos moterys si\u016blo dar daugiau sumu\u0161tini\u0173. Prikaupiame tiek \u201eturto\u201c, kad neturime jo kur d\u0117ti. O kur dar puikyb\u0117, dangstoma pasitik\u0117jimu savimi\u2026 Tad ar \u0161ie mums \u012fprasti dalykai yra nuod\u0117m\u0117s? Kas jos yra i\u0161 tikr\u0173j\u0173? Kas jas \u201ei\u0161rado\u201c? K\u0105 bendra turi su \u0161iandieniu m\u016bs\u0173 gyvenimu? Ar \u012fmanoma jas \u012fveikti ir kuo gali mums pad\u0117ti vienuoli\u0173 i\u0161mintis?","breadcrumb":{"@id":"https:\/\/skaitytaknyga.lt\/produktas\/dennis-okholm-pavojingos-aistros-mirtinos-nuodemes-2\/#breadcrumb"},"inLanguage":"en-GB","potentialAction":[{"@type":"ReadAction","target":["https:\/\/skaitytaknyga.lt\/produktas\/dennis-okholm-pavojingos-aistros-mirtinos-nuodemes-2\/"]}]},{"@type":"ImageObject","inLanguage":"en-GB","@id":"https:\/\/skaitytaknyga.lt\/produktas\/dennis-okholm-pavojingos-aistros-mirtinos-nuodemes-2\/#primaryimage","url":"https:\/\/skaitytaknyga.lt\/wp-content\/uploads\/2024\/04\/pavojingos-aistros_600.jpg","contentUrl":"https:\/\/skaitytaknyga.lt\/wp-content\/uploads\/2024\/04\/pavojingos-aistros_600.jpg","width":600,"height":900,"caption":"pavojingos aistros 600"},{"@type":"BreadcrumbList","@id":"https:\/\/skaitytaknyga.lt\/produktas\/dennis-okholm-pavojingos-aistros-mirtinos-nuodemes-2\/#breadcrumb","itemListElement":[{"@type":"ListItem","position":1,"name":"Home","item":"https:\/\/skaitytaknyga.lt\/"},{"@type":"ListItem","position":2,"name":"Parduotuv\u0117","item":"https:\/\/skaitytaknyga.lt\/knygu-parduotuve\/"},{"@type":"ListItem","position":3,"name":"Dennis Okholm \u201ePavojingos aistros, mirtinos nuod\u0117m\u0117s\u201c"}]},{"@type":"WebSite","@id":"https:\/\/skaitytaknyga.lt\/#website","url":"https:\/\/skaitytaknyga.lt\/","name":"skaitytaknyga.lt","description":"Skaitytaknyga.lt \u2013 tai ma\u017eas \u0161eimos verslas, kuris prasid\u0117jo nuo meil\u0117s knygoms ir siekio i\u0161gelb\u0117ti knygas nuo likimo prie konteinerio. Kas vienam nereikalingas daiktas \u2013 kitam lobis, o mes esame tarpininkai, kurie padeda abiems tapti laimingesniems ???? \u017dinome kaip nelengva i\u0161gyventi ma\u017eiems verslams, tad nuo \u0161iol, \u010dia rasite ir kit\u0173, ma\u017e\u0173 \u0161eim\u0173 versl\u0173, rank\u0173 darbo, dovan\u0173 sau ir artimiesiems.","publisher":{"@id":"https:\/\/skaitytaknyga.lt\/#organization"},"potentialAction":[{"@type":"SearchAction","target":{"@type":"EntryPoint","urlTemplate":"https:\/\/skaitytaknyga.lt\/?s={search_term_string}"},"query-input":{"@type":"PropertyValueSpecification","valueRequired":true,"valueName":"search_term_string"}}],"inLanguage":"en-GB"},{"@type":"Organization","@id":"https:\/\/skaitytaknyga.lt\/#organization","name":"skaitytaknyga.lt","url":"https:\/\/skaitytaknyga.lt\/","logo":{"@type":"ImageObject","inLanguage":"en-GB","@id":"https:\/\/skaitytaknyga.lt\/#\/schema\/logo\/image\/","url":"https:\/\/skaitytaknyga.lt\/wp-content\/uploads\/2024\/05\/cropped-cropped-cropped-02_00843_jt3bggkj1j3HLc7SyY6rEUpg.jpeg","contentUrl":"https:\/\/skaitytaknyga.lt\/wp-content\/uploads\/2024\/05\/cropped-cropped-cropped-02_00843_jt3bggkj1j3HLc7SyY6rEUpg.jpeg","width":1600,"height":1600,"caption":"skaitytaknyga.lt"},"image":{"@id":"https:\/\/skaitytaknyga.lt\/#\/schema\/logo\/image\/"},"sameAs":["https:\/\/www.facebook.com\/skaitytaknyga\/"]}]}},"_links":{"self":[{"href":"https:\/\/skaitytaknyga.lt\/en\/wp-json\/wp\/v2\/product\/8193","targetHints":{"allow":["GET"]}}],"collection":[{"href":"https:\/\/skaitytaknyga.lt\/en\/wp-json\/wp\/v2\/product"}],"about":[{"href":"https:\/\/skaitytaknyga.lt\/en\/wp-json\/wp\/v2\/types\/product"}],"replies":[{"embeddable":true,"href":"https:\/\/skaitytaknyga.lt\/en\/wp-json\/wp\/v2\/comments?post=8193"}],"wp:featuredmedia":[{"embeddable":true,"href":"https:\/\/skaitytaknyga.lt\/en\/wp-json\/wp\/v2\/media\/4068"}],"wp:attachment":[{"href":"https:\/\/skaitytaknyga.lt\/en\/wp-json\/wp\/v2\/media?parent=8193"}],"wp:term":[{"taxonomy":"product_brand","embeddable":true,"href":"https:\/\/skaitytaknyga.lt\/en\/wp-json\/wp\/v2\/product_brand?post=8193"},{"taxonomy":"product_cat","embeddable":true,"href":"https:\/\/skaitytaknyga.lt\/en\/wp-json\/wp\/v2\/product_cat?post=8193"},{"taxonomy":"product_tag","embeddable":true,"href":"https:\/\/skaitytaknyga.lt\/en\/wp-json\/wp\/v2\/product_tag?post=8193"}],"curies":[{"name":"wp","href":"https:\/\/api.w.org\/{rel}","templated":true}]}}