{"id":8189,"date":"2024-05-04T14:41:34","date_gmt":"2024-05-04T14:41:34","guid":{"rendered":"https:\/\/skaitytaknyga.lt\/?post_type=product&#038;p=8189"},"modified":"2025-12-20T20:05:22","modified_gmt":"2025-12-20T18:05:22","slug":"martynas-mazvydas-katekizmas-2","status":"publish","type":"product","link":"https:\/\/skaitytaknyga.lt\/en\/produktas\/martynas-mazvydas-katekizmas-2\/","title":{"rendered":"Martynas Ma\u017evydas \u201eKatekizmas\u201c"},"content":{"rendered":"<p>Kad Ma\u017evydas b\u016bt\u0173 suprantamesnis dabartiniam skaitytojui, greta faksimil\u0117s pateikiamas transponuotas tekstas. Jame, remiantis \u201eLietuvi\u0173 kalbos \u017eodyno\u201c principais, laikomasi bendrin\u0117s kalbos tarties, o Ma\u017evydo morfologija, \u017eodynas ir sintaks\u0117 paliekami autenti\u0161ki.<\/p>\n<p>Formas, \u017eod\u017eius ir sakinius pad\u0117s suprasti keikviename transponuoto teksto puslapyje pateikti komentarai ir leidinio pabaigoje esantis \u017eodyn\u0117lis. Komentuojant, be \u201eLietuvi\u0173 kalbos \u017eodyno\u201c, pasinaudota Zigmo Zinkevi\u010diaus, Dominyko Urbo ir kit\u0173 darbais.<\/p>\n","protected":false},"excerpt":{"rendered":"<p>Kad Ma\u017evydas b\u016bt\u0173 suprantamesnis dabartiniam skaitytojui, greta faksimil\u0117s pateikiamas transponuotas tekstas. Jame, remiantis \u201eLietuvi\u0173 kalbos \u017eodyno\u201c principais, laikomasi bendrin\u0117s kalbos tarties, o Ma\u017evydo morfologija, \u017eodynas ir sintaks\u0117 paliekami autenti\u0161ki.<\/p>\n<p>Formas, \u017eod\u017eius ir sakinius pad\u0117s suprasti keikviename transponuoto teksto puslapyje pateikti komentarai ir leidinio pabaigoje esantis \u017eodyn\u0117lis. Komentuojant, be \u201eLietuvi\u0173 kalbos \u017eodyno\u201c, pasinaudota Zigmo Zinkevi\u010diaus, Dominyko Urbo ir kit\u0173 darbais.<\/p>\n","protected":false},"featured_media":4064,"comment_status":"closed","ping_status":"closed","template":"","meta":{"_acf_changed":false,"site-sidebar-layout":"default","site-content-layout":"","ast-site-content-layout":"default","site-content-style":"default","site-sidebar-style":"default","ast-global-header-display":"","ast-banner-title-visibility":"","ast-main-header-display":"","ast-hfb-above-header-display":"","ast-hfb-below-header-display":"","ast-hfb-mobile-header-display":"","site-post-title":"","ast-breadcrumbs-content":"","ast-featured-img":"","footer-sml-layout":"","ast-disable-related-posts":"","theme-transparent-header-meta":"","adv-header-id-meta":"","stick-header-meta":"","header-above-stick-meta":"","header-main-stick-meta":"","header-below-stick-meta":"","astra-migrate-meta-layouts":"default","ast-page-background-enabled":"default","ast-page-background-meta":{"desktop":{"background-color":"","background-image":"","background-repeat":"repeat","background-position":"center center","background-size":"auto","background-attachment":"scroll","background-type":"","background-media":"","overlay-type":"","overlay-color":"","overlay-opacity":"","overlay-gradient":""},"tablet":{"background-color":"","background-image":"","background-repeat":"repeat","background-position":"center center","background-size":"auto","background-attachment":"scroll","background-type":"","background-media":"","overlay-type":"","overlay-color":"","overlay-opacity":"","overlay-gradient":""},"mobile":{"background-color":"","background-image":"","background-repeat":"repeat","background-position":"center center","background-size":"auto","background-attachment":"scroll","background-type":"","background-media":"","overlay-type":"","overlay-color":"","overlay-opacity":"","overlay-gradient":""}},"ast-content-background-meta":{"desktop":{"background-color":"var(--ast-global-color-4)","background-image":"","background-repeat":"repeat","background-position":"center center","background-size":"auto","background-attachment":"scroll","background-type":"","background-media":"","overlay-type":"","overlay-color":"","overlay-opacity":"","overlay-gradient":""},"tablet":{"background-color":"var(--ast-global-color-4)","background-image":"","background-repeat":"repeat","background-position":"center center","background-size":"auto","background-attachment":"scroll","background-type":"","background-media":"","overlay-type":"","overlay-color":"","overlay-opacity":"","overlay-gradient":""},"mobile":{"background-color":"var(--ast-global-color-4)","background-image":"","background-repeat":"repeat","background-position":"center center","background-size":"auto","background-attachment":"scroll","background-type":"","background-media":"","overlay-type":"","overlay-color":"","overlay-opacity":"","overlay-gradient":""}}},"product_brand":[],"product_cat":[28,165],"product_tag":[],"class_list":{"0":"post-8189","1":"product","2":"type-product","3":"status-publish","4":"has-post-thumbnail","6":"product_cat-klasika","7":"product_cat-religija-filosofija-ir-ezoterika","8":"desktop-align-left","9":"tablet-align-left","10":"mobile-align-left","12":"first","13":"instock","14":"shipping-taxable","15":"purchasable","16":"product-type-simple"},"acf":[],"yoast_head":"<!-- This site is optimized with the Yoast SEO plugin v27.4 - https:\/\/yoast.com\/product\/yoast-seo-wordpress\/ -->\n<title>Martynas Ma\u017evydas \u201eKatekizmas\u201c - Skaitytaknyga<\/title>\n<meta name=\"description\" content=\"Kad Ma\u017evydas b\u016bt\u0173 suprantamesnis dabartiniam skaitytojui, greta faksimil\u0117s pateikiamas transponuotas tekstas. Jame, remiantis \u201eLietuvi\u0173 kalbos \u017eodyno\u201c principais, laikomasi bendrin\u0117s kalbos tarties, o Ma\u017evydo morfologija, \u017eodynas ir sintaks\u0117 paliekami autenti\u0161ki.  Formas, \u017eod\u017eius ir sakinius pad\u0117s suprasti keikviename transponuoto teksto puslapyje pateikti komentarai ir leidinio pabaigoje esantis \u017eodyn\u0117lis. Komentuojant, be \u201eLietuvi\u0173 kalbos \u017eodyno\u201c, pasinaudota Zigmo Zinkevi\u010diaus, Dominyko Urbo ir kit\u0173 darbais.\" \/>\n<meta name=\"robots\" content=\"index, follow, max-snippet:-1, max-image-preview:large, max-video-preview:-1\" \/>\n<link rel=\"canonical\" href=\"https:\/\/skaitytaknyga.lt\/en\/produktas\/martynas-mazvydas-katekizmas-2\/\" \/>\n<meta property=\"og:locale\" content=\"en_GB\" \/>\n<meta property=\"og:locale:alternate\" content=\"lt_LT\" \/>\n<meta property=\"og:type\" content=\"article\" \/>\n<meta property=\"og:title\" content=\"Martynas Ma\u017evydas \u201eKatekizmas\u201c - Skaitytaknyga\" \/>\n<meta property=\"og:description\" content=\"Kad Ma\u017evydas b\u016bt\u0173 suprantamesnis dabartiniam skaitytojui, greta faksimil\u0117s pateikiamas transponuotas tekstas. Jame, remiantis \u201eLietuvi\u0173 kalbos \u017eodyno\u201c principais, laikomasi bendrin\u0117s kalbos tarties, o Ma\u017evydo morfologija, \u017eodynas ir sintaks\u0117 paliekami autenti\u0161ki.  Formas, \u017eod\u017eius ir sakinius pad\u0117s suprasti keikviename transponuoto teksto puslapyje pateikti komentarai ir leidinio pabaigoje esantis \u017eodyn\u0117lis. Komentuojant, be \u201eLietuvi\u0173 kalbos \u017eodyno\u201c, pasinaudota Zigmo Zinkevi\u010diaus, Dominyko Urbo ir kit\u0173 darbais.\" \/>\n<meta property=\"og:url\" content=\"https:\/\/skaitytaknyga.lt\/en\/produktas\/martynas-mazvydas-katekizmas-2\/\" \/>\n<meta property=\"og:site_name\" content=\"Skaitytaknyga\" \/>\n<meta property=\"article:publisher\" content=\"https:\/\/www.facebook.com\/skaitytaknyga\/\" \/>\n<meta property=\"article:modified_time\" content=\"2025-12-20T18:05:22+00:00\" \/>\n<meta property=\"og:image\" content=\"https:\/\/skaitytaknyga.lt\/wp-content\/uploads\/2024\/04\/1462887769_img0033-001.jpg\" \/>\n\t<meta property=\"og:image:width\" content=\"264\" \/>\n\t<meta property=\"og:image:height\" content=\"430\" \/>\n\t<meta property=\"og:image:type\" content=\"image\/jpeg\" \/>\n<meta name=\"twitter:card\" content=\"summary_large_image\" \/>\n<script type=\"application\/ld+json\" class=\"yoast-schema-graph\">{\"@context\":\"https:\\\/\\\/schema.org\",\"@graph\":[{\"@type\":\"WebPage\",\"@id\":\"https:\\\/\\\/skaitytaknyga.lt\\\/produktas\\\/martynas-mazvydas-katekizmas-2\\\/\",\"url\":\"https:\\\/\\\/skaitytaknyga.lt\\\/produktas\\\/martynas-mazvydas-katekizmas-2\\\/\",\"name\":\"Martynas Ma\u017evydas \u201eKatekizmas\u201c - Skaitytaknyga\",\"isPartOf\":{\"@id\":\"https:\\\/\\\/skaitytaknyga.lt\\\/#website\"},\"primaryImageOfPage\":{\"@id\":\"https:\\\/\\\/skaitytaknyga.lt\\\/produktas\\\/martynas-mazvydas-katekizmas-2\\\/#primaryimage\"},\"image\":{\"@id\":\"https:\\\/\\\/skaitytaknyga.lt\\\/produktas\\\/martynas-mazvydas-katekizmas-2\\\/#primaryimage\"},\"thumbnailUrl\":\"https:\\\/\\\/skaitytaknyga.lt\\\/wp-content\\\/uploads\\\/2024\\\/04\\\/1462887769_img0033-001.jpg\",\"datePublished\":\"2024-05-04T14:41:34+00:00\",\"dateModified\":\"2025-12-20T18:05:22+00:00\",\"description\":\"Kad Ma\u017evydas b\u016bt\u0173 suprantamesnis dabartiniam skaitytojui, greta faksimil\u0117s pateikiamas transponuotas tekstas. Jame, remiantis \u201eLietuvi\u0173 kalbos \u017eodyno\u201c principais, laikomasi bendrin\u0117s kalbos tarties, o Ma\u017evydo morfologija, \u017eodynas ir sintaks\u0117 paliekami autenti\u0161ki. Formas, \u017eod\u017eius ir sakinius pad\u0117s suprasti keikviename transponuoto teksto puslapyje pateikti komentarai ir leidinio pabaigoje esantis \u017eodyn\u0117lis. Komentuojant, be \u201eLietuvi\u0173 kalbos \u017eodyno\u201c, pasinaudota Zigmo Zinkevi\u010diaus, Dominyko Urbo ir kit\u0173 darbais.\",\"breadcrumb\":{\"@id\":\"https:\\\/\\\/skaitytaknyga.lt\\\/produktas\\\/martynas-mazvydas-katekizmas-2\\\/#breadcrumb\"},\"inLanguage\":\"en-GB\",\"potentialAction\":[{\"@type\":\"ReadAction\",\"target\":[\"https:\\\/\\\/skaitytaknyga.lt\\\/produktas\\\/martynas-mazvydas-katekizmas-2\\\/\"]}]},{\"@type\":\"ImageObject\",\"inLanguage\":\"en-GB\",\"@id\":\"https:\\\/\\\/skaitytaknyga.lt\\\/produktas\\\/martynas-mazvydas-katekizmas-2\\\/#primaryimage\",\"url\":\"https:\\\/\\\/skaitytaknyga.lt\\\/wp-content\\\/uploads\\\/2024\\\/04\\\/1462887769_img0033-001.jpg\",\"contentUrl\":\"https:\\\/\\\/skaitytaknyga.lt\\\/wp-content\\\/uploads\\\/2024\\\/04\\\/1462887769_img0033-001.jpg\",\"width\":264,\"height\":430,\"caption\":\"1462887769 img0033 001\"},{\"@type\":\"BreadcrumbList\",\"@id\":\"https:\\\/\\\/skaitytaknyga.lt\\\/produktas\\\/martynas-mazvydas-katekizmas-2\\\/#breadcrumb\",\"itemListElement\":[{\"@type\":\"ListItem\",\"position\":1,\"name\":\"Home\",\"item\":\"https:\\\/\\\/skaitytaknyga.lt\\\/\"},{\"@type\":\"ListItem\",\"position\":2,\"name\":\"Parduotuv\u0117\",\"item\":\"https:\\\/\\\/skaitytaknyga.lt\\\/knygu-parduotuve\\\/\"},{\"@type\":\"ListItem\",\"position\":3,\"name\":\"Martynas Ma\u017evydas \u201eKatekizmas\u201c\"}]},{\"@type\":\"WebSite\",\"@id\":\"https:\\\/\\\/skaitytaknyga.lt\\\/#website\",\"url\":\"https:\\\/\\\/skaitytaknyga.lt\\\/\",\"name\":\"skaitytaknyga.lt\",\"description\":\"Skaitytaknyga.lt \u2013 tai ma\u017eas \u0161eimos verslas, kuris prasid\u0117jo nuo meil\u0117s knygoms ir siekio i\u0161gelb\u0117ti knygas nuo likimo prie konteinerio. Kas vienam nereikalingas daiktas \u2013 kitam lobis, o mes esame tarpininkai, kurie padeda abiems tapti laimingesniems ???? \u017dinome kaip nelengva i\u0161gyventi ma\u017eiems verslams, tad nuo \u0161iol, \u010dia rasite ir kit\u0173, ma\u017e\u0173 \u0161eim\u0173 versl\u0173, rank\u0173 darbo, dovan\u0173 sau ir artimiesiems.\",\"publisher\":{\"@id\":\"https:\\\/\\\/skaitytaknyga.lt\\\/#organization\"},\"potentialAction\":[{\"@type\":\"SearchAction\",\"target\":{\"@type\":\"EntryPoint\",\"urlTemplate\":\"https:\\\/\\\/skaitytaknyga.lt\\\/?s={search_term_string}\"},\"query-input\":{\"@type\":\"PropertyValueSpecification\",\"valueRequired\":true,\"valueName\":\"search_term_string\"}}],\"inLanguage\":\"en-GB\"},{\"@type\":\"Organization\",\"@id\":\"https:\\\/\\\/skaitytaknyga.lt\\\/#organization\",\"name\":\"skaitytaknyga.lt\",\"url\":\"https:\\\/\\\/skaitytaknyga.lt\\\/\",\"logo\":{\"@type\":\"ImageObject\",\"inLanguage\":\"en-GB\",\"@id\":\"https:\\\/\\\/skaitytaknyga.lt\\\/#\\\/schema\\\/logo\\\/image\\\/\",\"url\":\"https:\\\/\\\/skaitytaknyga.lt\\\/wp-content\\\/uploads\\\/2024\\\/05\\\/cropped-cropped-cropped-02_00843_jt3bggkj1j3HLc7SyY6rEUpg.jpeg\",\"contentUrl\":\"https:\\\/\\\/skaitytaknyga.lt\\\/wp-content\\\/uploads\\\/2024\\\/05\\\/cropped-cropped-cropped-02_00843_jt3bggkj1j3HLc7SyY6rEUpg.jpeg\",\"width\":1600,\"height\":1600,\"caption\":\"skaitytaknyga.lt\"},\"image\":{\"@id\":\"https:\\\/\\\/skaitytaknyga.lt\\\/#\\\/schema\\\/logo\\\/image\\\/\"},\"sameAs\":[\"https:\\\/\\\/www.facebook.com\\\/skaitytaknyga\\\/\"]}]}<\/script>\n<!-- \/ Yoast SEO plugin. -->","yoast_head_json":{"title":"Martynas Ma\u017evydas \u201eKatekizmas\u201c - Skaitytaknyga","description":"Kad Ma\u017evydas b\u016bt\u0173 suprantamesnis dabartiniam skaitytojui, greta faksimil\u0117s pateikiamas transponuotas tekstas. Jame, remiantis \u201eLietuvi\u0173 kalbos \u017eodyno\u201c principais, laikomasi bendrin\u0117s kalbos tarties, o Ma\u017evydo morfologija, \u017eodynas ir sintaks\u0117 paliekami autenti\u0161ki.  Formas, \u017eod\u017eius ir sakinius pad\u0117s suprasti keikviename transponuoto teksto puslapyje pateikti komentarai ir leidinio pabaigoje esantis \u017eodyn\u0117lis. Komentuojant, be \u201eLietuvi\u0173 kalbos \u017eodyno\u201c, pasinaudota Zigmo Zinkevi\u010diaus, Dominyko Urbo ir kit\u0173 darbais.","robots":{"index":"index","follow":"follow","max-snippet":"max-snippet:-1","max-image-preview":"max-image-preview:large","max-video-preview":"max-video-preview:-1"},"canonical":"https:\/\/skaitytaknyga.lt\/en\/produktas\/martynas-mazvydas-katekizmas-2\/","og_locale":"en_GB","og_type":"article","og_title":"Martynas Ma\u017evydas \u201eKatekizmas\u201c - Skaitytaknyga","og_description":"Kad Ma\u017evydas b\u016bt\u0173 suprantamesnis dabartiniam skaitytojui, greta faksimil\u0117s pateikiamas transponuotas tekstas. Jame, remiantis \u201eLietuvi\u0173 kalbos \u017eodyno\u201c principais, laikomasi bendrin\u0117s kalbos tarties, o Ma\u017evydo morfologija, \u017eodynas ir sintaks\u0117 paliekami autenti\u0161ki.  Formas, \u017eod\u017eius ir sakinius pad\u0117s suprasti keikviename transponuoto teksto puslapyje pateikti komentarai ir leidinio pabaigoje esantis \u017eodyn\u0117lis. Komentuojant, be \u201eLietuvi\u0173 kalbos \u017eodyno\u201c, pasinaudota Zigmo Zinkevi\u010diaus, Dominyko Urbo ir kit\u0173 darbais.","og_url":"https:\/\/skaitytaknyga.lt\/en\/produktas\/martynas-mazvydas-katekizmas-2\/","og_site_name":"Skaitytaknyga","article_publisher":"https:\/\/www.facebook.com\/skaitytaknyga\/","article_modified_time":"2025-12-20T18:05:22+00:00","og_image":[{"width":264,"height":430,"url":"https:\/\/skaitytaknyga.lt\/wp-content\/uploads\/2024\/04\/1462887769_img0033-001.jpg","type":"image\/jpeg"}],"twitter_card":"summary_large_image","schema":{"@context":"https:\/\/schema.org","@graph":[{"@type":"WebPage","@id":"https:\/\/skaitytaknyga.lt\/produktas\/martynas-mazvydas-katekizmas-2\/","url":"https:\/\/skaitytaknyga.lt\/produktas\/martynas-mazvydas-katekizmas-2\/","name":"Martynas Ma\u017evydas \u201eKatekizmas\u201c - Skaitytaknyga","isPartOf":{"@id":"https:\/\/skaitytaknyga.lt\/#website"},"primaryImageOfPage":{"@id":"https:\/\/skaitytaknyga.lt\/produktas\/martynas-mazvydas-katekizmas-2\/#primaryimage"},"image":{"@id":"https:\/\/skaitytaknyga.lt\/produktas\/martynas-mazvydas-katekizmas-2\/#primaryimage"},"thumbnailUrl":"https:\/\/skaitytaknyga.lt\/wp-content\/uploads\/2024\/04\/1462887769_img0033-001.jpg","datePublished":"2024-05-04T14:41:34+00:00","dateModified":"2025-12-20T18:05:22+00:00","description":"Kad Ma\u017evydas b\u016bt\u0173 suprantamesnis dabartiniam skaitytojui, greta faksimil\u0117s pateikiamas transponuotas tekstas. Jame, remiantis \u201eLietuvi\u0173 kalbos \u017eodyno\u201c principais, laikomasi bendrin\u0117s kalbos tarties, o Ma\u017evydo morfologija, \u017eodynas ir sintaks\u0117 paliekami autenti\u0161ki. Formas, \u017eod\u017eius ir sakinius pad\u0117s suprasti keikviename transponuoto teksto puslapyje pateikti komentarai ir leidinio pabaigoje esantis \u017eodyn\u0117lis. Komentuojant, be \u201eLietuvi\u0173 kalbos \u017eodyno\u201c, pasinaudota Zigmo Zinkevi\u010diaus, Dominyko Urbo ir kit\u0173 darbais.","breadcrumb":{"@id":"https:\/\/skaitytaknyga.lt\/produktas\/martynas-mazvydas-katekizmas-2\/#breadcrumb"},"inLanguage":"en-GB","potentialAction":[{"@type":"ReadAction","target":["https:\/\/skaitytaknyga.lt\/produktas\/martynas-mazvydas-katekizmas-2\/"]}]},{"@type":"ImageObject","inLanguage":"en-GB","@id":"https:\/\/skaitytaknyga.lt\/produktas\/martynas-mazvydas-katekizmas-2\/#primaryimage","url":"https:\/\/skaitytaknyga.lt\/wp-content\/uploads\/2024\/04\/1462887769_img0033-001.jpg","contentUrl":"https:\/\/skaitytaknyga.lt\/wp-content\/uploads\/2024\/04\/1462887769_img0033-001.jpg","width":264,"height":430,"caption":"1462887769 img0033 001"},{"@type":"BreadcrumbList","@id":"https:\/\/skaitytaknyga.lt\/produktas\/martynas-mazvydas-katekizmas-2\/#breadcrumb","itemListElement":[{"@type":"ListItem","position":1,"name":"Home","item":"https:\/\/skaitytaknyga.lt\/"},{"@type":"ListItem","position":2,"name":"Parduotuv\u0117","item":"https:\/\/skaitytaknyga.lt\/knygu-parduotuve\/"},{"@type":"ListItem","position":3,"name":"Martynas Ma\u017evydas \u201eKatekizmas\u201c"}]},{"@type":"WebSite","@id":"https:\/\/skaitytaknyga.lt\/#website","url":"https:\/\/skaitytaknyga.lt\/","name":"skaitytaknyga.lt","description":"Skaitytaknyga.lt \u2013 tai ma\u017eas \u0161eimos verslas, kuris prasid\u0117jo nuo meil\u0117s knygoms ir siekio i\u0161gelb\u0117ti knygas nuo likimo prie konteinerio. Kas vienam nereikalingas daiktas \u2013 kitam lobis, o mes esame tarpininkai, kurie padeda abiems tapti laimingesniems ???? \u017dinome kaip nelengva i\u0161gyventi ma\u017eiems verslams, tad nuo \u0161iol, \u010dia rasite ir kit\u0173, ma\u017e\u0173 \u0161eim\u0173 versl\u0173, rank\u0173 darbo, dovan\u0173 sau ir artimiesiems.","publisher":{"@id":"https:\/\/skaitytaknyga.lt\/#organization"},"potentialAction":[{"@type":"SearchAction","target":{"@type":"EntryPoint","urlTemplate":"https:\/\/skaitytaknyga.lt\/?s={search_term_string}"},"query-input":{"@type":"PropertyValueSpecification","valueRequired":true,"valueName":"search_term_string"}}],"inLanguage":"en-GB"},{"@type":"Organization","@id":"https:\/\/skaitytaknyga.lt\/#organization","name":"skaitytaknyga.lt","url":"https:\/\/skaitytaknyga.lt\/","logo":{"@type":"ImageObject","inLanguage":"en-GB","@id":"https:\/\/skaitytaknyga.lt\/#\/schema\/logo\/image\/","url":"https:\/\/skaitytaknyga.lt\/wp-content\/uploads\/2024\/05\/cropped-cropped-cropped-02_00843_jt3bggkj1j3HLc7SyY6rEUpg.jpeg","contentUrl":"https:\/\/skaitytaknyga.lt\/wp-content\/uploads\/2024\/05\/cropped-cropped-cropped-02_00843_jt3bggkj1j3HLc7SyY6rEUpg.jpeg","width":1600,"height":1600,"caption":"skaitytaknyga.lt"},"image":{"@id":"https:\/\/skaitytaknyga.lt\/#\/schema\/logo\/image\/"},"sameAs":["https:\/\/www.facebook.com\/skaitytaknyga\/"]}]}},"_links":{"self":[{"href":"https:\/\/skaitytaknyga.lt\/en\/wp-json\/wp\/v2\/product\/8189","targetHints":{"allow":["GET"]}}],"collection":[{"href":"https:\/\/skaitytaknyga.lt\/en\/wp-json\/wp\/v2\/product"}],"about":[{"href":"https:\/\/skaitytaknyga.lt\/en\/wp-json\/wp\/v2\/types\/product"}],"replies":[{"embeddable":true,"href":"https:\/\/skaitytaknyga.lt\/en\/wp-json\/wp\/v2\/comments?post=8189"}],"wp:featuredmedia":[{"embeddable":true,"href":"https:\/\/skaitytaknyga.lt\/en\/wp-json\/wp\/v2\/media\/4064"}],"wp:attachment":[{"href":"https:\/\/skaitytaknyga.lt\/en\/wp-json\/wp\/v2\/media?parent=8189"}],"wp:term":[{"taxonomy":"product_brand","embeddable":true,"href":"https:\/\/skaitytaknyga.lt\/en\/wp-json\/wp\/v2\/product_brand?post=8189"},{"taxonomy":"product_cat","embeddable":true,"href":"https:\/\/skaitytaknyga.lt\/en\/wp-json\/wp\/v2\/product_cat?post=8189"},{"taxonomy":"product_tag","embeddable":true,"href":"https:\/\/skaitytaknyga.lt\/en\/wp-json\/wp\/v2\/product_tag?post=8189"}],"curies":[{"name":"wp","href":"https:\/\/api.w.org\/{rel}","templated":true}]}}