{"id":8185,"date":"2024-05-04T14:41:34","date_gmt":"2024-05-04T14:41:34","guid":{"rendered":"https:\/\/skaitytaknyga.lt\/?post_type=product&#038;p=8185"},"modified":"2024-05-04T14:41:49","modified_gmt":"2024-05-04T14:41:49","slug":"a-c-bhaktivedanta-swami-prabhupada-bhagavad-gita-kokia-ji-yra-patamsejimai-knygos-apacioje-2","status":"publish","type":"product","link":"https:\/\/skaitytaknyga.lt\/en\/produktas\/a-c-bhaktivedanta-swami-prabhupada-bhagavad-gita-kokia-ji-yra-patamsejimai-knygos-apacioje-2\/","title":{"rendered":"A.C.Bhaktivedanta Swami Prabhupada \u201eBhagavad &#8211; Gita. Kokia ji yra\u201c (patams\u0117jimai knygos apa\u010dioje)"},"content":{"rendered":"<p>Bhagavad &#8211; gita pasaulyje yra \u017einoma, kaip Indijos dvasin\u0117s i\u0161minties perlas.<\/p>\n<p>Su nedideliu defektu<\/p>\n<p>Tai tobuliausias sav\u0119s pa\u017einimo mokslas i\u0161sakytas paties Auk\u0161\u010diausiojo Dievo Asmens, savo artimam mokiniui, galingam karved\u017eiui Ard\u017eunai.<\/p>\n<p>Joks kitas filosofinis ar religinis veikalas neatskleid\u017eia s\u0105mon\u0117s, sielos, visatos ir Auk\u0161\u010diausiojo prigimties taip ai\u0161kiai ir giliai.<\/p>\n<p>A.C. Bhaktivedanta Swami Prabhupada yra unikaliai kvalifikuotas pateikti Bhagavad &#8211; gitos komentarus. Jis \u012f\u017eymiausias Ved\u0173 mokslininkas ir mokytojas, atstovaujantis nenutr\u016bkstam\u0105 pilnai save pa\u017einusi\u0173 dvasini\u0173 mokytoj\u0173 grandin\u0119, kuri prasideda nuo paties Auk\u0161\u010diausiojo Dievo Asmens.<\/p>\n","protected":false},"excerpt":{"rendered":"<p>Bhagavad &#8211; gita pasaulyje yra \u017einoma, kaip Indijos dvasin\u0117s i\u0161minties perlas.<\/p>\n<p>Su nedideliu defektu<\/p>\n<p>Tai tobuliausias sav\u0119s pa\u017einimo mokslas i\u0161sakytas paties Auk\u0161\u010diausiojo Dievo Asmens, savo artimam mokiniui, galingam karved\u017eiui Ard\u017eunai.<\/p>\n<p>Joks kitas filosofinis ar religinis veikalas neatskleid\u017eia s\u0105mon\u0117s, sielos, visatos ir Auk\u0161\u010diausiojo prigimties taip ai\u0161kiai ir giliai.<\/p>\n<p>A.C. Bhaktivedanta Swami Prabhupada yra unikaliai kvalifikuotas pateikti Bhagavad &#8211; gitos komentarus. Jis \u012f\u017eymiausias Ved\u0173 mokslininkas ir mokytojas, atstovaujantis nenutr\u016bkstam\u0105 pilnai save pa\u017einusi\u0173 dvasini\u0173 mokytoj\u0173 grandin\u0119, kuri prasideda nuo paties Auk\u0161\u010diausiojo Dievo Asmens.<\/p>\n","protected":false},"featured_media":4060,"comment_status":"closed","ping_status":"closed","template":"","meta":{"_acf_changed":false,"site-sidebar-layout":"default","site-content-layout":"","ast-site-content-layout":"default","site-content-style":"default","site-sidebar-style":"default","ast-global-header-display":"","ast-banner-title-visibility":"","ast-main-header-display":"","ast-hfb-above-header-display":"","ast-hfb-below-header-display":"","ast-hfb-mobile-header-display":"","site-post-title":"","ast-breadcrumbs-content":"","ast-featured-img":"","footer-sml-layout":"","ast-disable-related-posts":"","theme-transparent-header-meta":"","adv-header-id-meta":"","stick-header-meta":"","header-above-stick-meta":"","header-main-stick-meta":"","header-below-stick-meta":"","astra-migrate-meta-layouts":"default","ast-page-background-enabled":"default","ast-page-background-meta":{"desktop":{"background-color":"","background-image":"","background-repeat":"repeat","background-position":"center center","background-size":"auto","background-attachment":"scroll","background-type":"","background-media":"","overlay-type":"","overlay-color":"","overlay-opacity":"","overlay-gradient":""},"tablet":{"background-color":"","background-image":"","background-repeat":"repeat","background-position":"center center","background-size":"auto","background-attachment":"scroll","background-type":"","background-media":"","overlay-type":"","overlay-color":"","overlay-opacity":"","overlay-gradient":""},"mobile":{"background-color":"","background-image":"","background-repeat":"repeat","background-position":"center center","background-size":"auto","background-attachment":"scroll","background-type":"","background-media":"","overlay-type":"","overlay-color":"","overlay-opacity":"","overlay-gradient":""}},"ast-content-background-meta":{"desktop":{"background-color":"var(--ast-global-color-4)","background-image":"","background-repeat":"repeat","background-position":"center center","background-size":"auto","background-attachment":"scroll","background-type":"","background-media":"","overlay-type":"","overlay-color":"","overlay-opacity":"","overlay-gradient":""},"tablet":{"background-color":"var(--ast-global-color-4)","background-image":"","background-repeat":"repeat","background-position":"center center","background-size":"auto","background-attachment":"scroll","background-type":"","background-media":"","overlay-type":"","overlay-color":"","overlay-opacity":"","overlay-gradient":""},"mobile":{"background-color":"var(--ast-global-color-4)","background-image":"","background-repeat":"repeat","background-position":"center center","background-size":"auto","background-attachment":"scroll","background-type":"","background-media":"","overlay-type":"","overlay-color":"","overlay-opacity":"","overlay-gradient":""}}},"product_brand":[],"product_cat":[165],"product_tag":[],"class_list":{"0":"post-8185","1":"product","2":"type-product","3":"status-publish","4":"has-post-thumbnail","6":"product_cat-religija-filosofija-ir-ezoterika","7":"desktop-align-left","8":"tablet-align-left","9":"mobile-align-left","11":"first","12":"instock","13":"shipping-taxable","14":"purchasable","15":"product-type-simple"},"acf":[],"yoast_head":"<!-- This site is optimized with the Yoast SEO plugin v27.0 - https:\/\/yoast.com\/product\/yoast-seo-wordpress\/ -->\n<title>A.C.Bhaktivedanta Swami Prabhupada \u201eBhagavad - Gita. Kokia ji yra\u201c (patams\u0117jimai knygos apa\u010dioje) - Skaitytaknyga<\/title>\n<meta name=\"description\" content=\"Bhagavad - gita pasaulyje yra \u017einoma, kaip Indijos dvasin\u0117s i\u0161minties perlas.  Su nedideliu defektu  Tai tobuliausias sav\u0119s pa\u017einimo mokslas i\u0161sakytas paties Auk\u0161\u010diausiojo Dievo Asmens, savo artimam mokiniui, galingam karved\u017eiui Ard\u017eunai.  Joks kitas filosofinis ar religinis veikalas neatskleid\u017eia s\u0105mon\u0117s, sielos, visatos ir Auk\u0161\u010diausiojo prigimties taip ai\u0161kiai ir giliai.  A.C. Bhaktivedanta Swami Prabhupada yra unikaliai kvalifikuotas pateikti Bhagavad - gitos komentarus. Jis \u012f\u017eymiausias Ved\u0173 mokslininkas ir mokytojas, atstovaujantis nenutr\u016bkstam\u0105 pilnai save pa\u017einusi\u0173 dvasini\u0173 mokytoj\u0173 grandin\u0119, kuri prasideda nuo paties Auk\u0161\u010diausiojo Dievo Asmens.\" \/>\n<meta name=\"robots\" content=\"index, follow, max-snippet:-1, max-image-preview:large, max-video-preview:-1\" \/>\n<link rel=\"canonical\" href=\"https:\/\/skaitytaknyga.lt\/en\/produktas\/a-c-bhaktivedanta-swami-prabhupada-bhagavad-gita-kokia-ji-yra-patamsejimai-knygos-apacioje-2\/\" \/>\n<meta property=\"og:locale\" content=\"en_GB\" \/>\n<meta property=\"og:locale:alternate\" content=\"lt_LT\" \/>\n<meta property=\"og:type\" content=\"article\" \/>\n<meta property=\"og:title\" content=\"A.C.Bhaktivedanta Swami Prabhupada \u201eBhagavad - Gita. Kokia ji yra\u201c (patams\u0117jimai knygos apa\u010dioje) - Skaitytaknyga\" \/>\n<meta property=\"og:description\" content=\"Bhagavad - gita pasaulyje yra \u017einoma, kaip Indijos dvasin\u0117s i\u0161minties perlas.  Su nedideliu defektu  Tai tobuliausias sav\u0119s pa\u017einimo mokslas i\u0161sakytas paties Auk\u0161\u010diausiojo Dievo Asmens, savo artimam mokiniui, galingam karved\u017eiui Ard\u017eunai.  Joks kitas filosofinis ar religinis veikalas neatskleid\u017eia s\u0105mon\u0117s, sielos, visatos ir Auk\u0161\u010diausiojo prigimties taip ai\u0161kiai ir giliai.  A.C. Bhaktivedanta Swami Prabhupada yra unikaliai kvalifikuotas pateikti Bhagavad - gitos komentarus. Jis \u012f\u017eymiausias Ved\u0173 mokslininkas ir mokytojas, atstovaujantis nenutr\u016bkstam\u0105 pilnai save pa\u017einusi\u0173 dvasini\u0173 mokytoj\u0173 grandin\u0119, kuri prasideda nuo paties Auk\u0161\u010diausiojo Dievo Asmens.\" \/>\n<meta property=\"og:url\" content=\"https:\/\/skaitytaknyga.lt\/en\/produktas\/a-c-bhaktivedanta-swami-prabhupada-bhagavad-gita-kokia-ji-yra-patamsejimai-knygos-apacioje-2\/\" \/>\n<meta property=\"og:site_name\" content=\"Skaitytaknyga\" \/>\n<meta property=\"article:publisher\" content=\"https:\/\/www.facebook.com\/skaitytaknyga\/\" \/>\n<meta property=\"article:modified_time\" content=\"2024-05-04T14:41:49+00:00\" \/>\n<meta property=\"og:image\" content=\"https:\/\/skaitytaknyga.lt\/wp-content\/uploads\/2024\/04\/img-0004.jpg\" \/>\n\t<meta property=\"og:image:width\" content=\"264\" \/>\n\t<meta property=\"og:image:height\" content=\"430\" \/>\n\t<meta property=\"og:image:type\" content=\"image\/jpeg\" \/>\n<meta name=\"twitter:card\" content=\"summary_large_image\" \/>\n<script type=\"application\/ld+json\" class=\"yoast-schema-graph\">{\"@context\":\"https:\/\/schema.org\",\"@graph\":[{\"@type\":\"WebPage\",\"@id\":\"https:\/\/skaitytaknyga.lt\/produktas\/a-c-bhaktivedanta-swami-prabhupada-bhagavad-gita-kokia-ji-yra-patamsejimai-knygos-apacioje-2\/\",\"url\":\"https:\/\/skaitytaknyga.lt\/produktas\/a-c-bhaktivedanta-swami-prabhupada-bhagavad-gita-kokia-ji-yra-patamsejimai-knygos-apacioje-2\/\",\"name\":\"A.C.Bhaktivedanta Swami Prabhupada \u201eBhagavad - Gita. Kokia ji yra\u201c (patams\u0117jimai knygos apa\u010dioje) - Skaitytaknyga\",\"isPartOf\":{\"@id\":\"https:\/\/skaitytaknyga.lt\/#website\"},\"primaryImageOfPage\":{\"@id\":\"https:\/\/skaitytaknyga.lt\/produktas\/a-c-bhaktivedanta-swami-prabhupada-bhagavad-gita-kokia-ji-yra-patamsejimai-knygos-apacioje-2\/#primaryimage\"},\"image\":{\"@id\":\"https:\/\/skaitytaknyga.lt\/produktas\/a-c-bhaktivedanta-swami-prabhupada-bhagavad-gita-kokia-ji-yra-patamsejimai-knygos-apacioje-2\/#primaryimage\"},\"thumbnailUrl\":\"https:\/\/skaitytaknyga.lt\/wp-content\/uploads\/2024\/04\/img-0004.jpg\",\"datePublished\":\"2024-05-04T14:41:34+00:00\",\"dateModified\":\"2024-05-04T14:41:49+00:00\",\"description\":\"Bhagavad - gita pasaulyje yra \u017einoma, kaip Indijos dvasin\u0117s i\u0161minties perlas. Su nedideliu defektu Tai tobuliausias sav\u0119s pa\u017einimo mokslas i\u0161sakytas paties Auk\u0161\u010diausiojo Dievo Asmens, savo artimam mokiniui, galingam karved\u017eiui Ard\u017eunai. Joks kitas filosofinis ar religinis veikalas neatskleid\u017eia s\u0105mon\u0117s, sielos, visatos ir Auk\u0161\u010diausiojo prigimties taip ai\u0161kiai ir giliai. A.C. Bhaktivedanta Swami Prabhupada yra unikaliai kvalifikuotas pateikti Bhagavad - gitos komentarus. Jis \u012f\u017eymiausias Ved\u0173 mokslininkas ir mokytojas, atstovaujantis nenutr\u016bkstam\u0105 pilnai save pa\u017einusi\u0173 dvasini\u0173 mokytoj\u0173 grandin\u0119, kuri prasideda nuo paties Auk\u0161\u010diausiojo Dievo Asmens.\",\"breadcrumb\":{\"@id\":\"https:\/\/skaitytaknyga.lt\/produktas\/a-c-bhaktivedanta-swami-prabhupada-bhagavad-gita-kokia-ji-yra-patamsejimai-knygos-apacioje-2\/#breadcrumb\"},\"inLanguage\":\"en-GB\",\"potentialAction\":[{\"@type\":\"ReadAction\",\"target\":[\"https:\/\/skaitytaknyga.lt\/produktas\/a-c-bhaktivedanta-swami-prabhupada-bhagavad-gita-kokia-ji-yra-patamsejimai-knygos-apacioje-2\/\"]}]},{\"@type\":\"ImageObject\",\"inLanguage\":\"en-GB\",\"@id\":\"https:\/\/skaitytaknyga.lt\/produktas\/a-c-bhaktivedanta-swami-prabhupada-bhagavad-gita-kokia-ji-yra-patamsejimai-knygos-apacioje-2\/#primaryimage\",\"url\":\"https:\/\/skaitytaknyga.lt\/wp-content\/uploads\/2024\/04\/img-0004.jpg\",\"contentUrl\":\"https:\/\/skaitytaknyga.lt\/wp-content\/uploads\/2024\/04\/img-0004.jpg\",\"width\":264,\"height\":430,\"caption\":\"img 0004\"},{\"@type\":\"BreadcrumbList\",\"@id\":\"https:\/\/skaitytaknyga.lt\/produktas\/a-c-bhaktivedanta-swami-prabhupada-bhagavad-gita-kokia-ji-yra-patamsejimai-knygos-apacioje-2\/#breadcrumb\",\"itemListElement\":[{\"@type\":\"ListItem\",\"position\":1,\"name\":\"Home\",\"item\":\"https:\/\/skaitytaknyga.lt\/\"},{\"@type\":\"ListItem\",\"position\":2,\"name\":\"Parduotuv\u0117\",\"item\":\"https:\/\/skaitytaknyga.lt\/knygu-parduotuve\/\"},{\"@type\":\"ListItem\",\"position\":3,\"name\":\"A.C.Bhaktivedanta Swami Prabhupada \u201eBhagavad &#8211; Gita. Kokia ji yra\u201c (patams\u0117jimai knygos apa\u010dioje)\"}]},{\"@type\":\"WebSite\",\"@id\":\"https:\/\/skaitytaknyga.lt\/#website\",\"url\":\"https:\/\/skaitytaknyga.lt\/\",\"name\":\"skaitytaknyga.lt\",\"description\":\"Skaitytaknyga.lt \u2013 tai ma\u017eas \u0161eimos verslas, kuris prasid\u0117jo nuo meil\u0117s knygoms ir siekio i\u0161gelb\u0117ti knygas nuo likimo prie konteinerio. Kas vienam nereikalingas daiktas \u2013 kitam lobis, o mes esame tarpininkai, kurie padeda abiems tapti laimingesniems ???? \u017dinome kaip nelengva i\u0161gyventi ma\u017eiems verslams, tad nuo \u0161iol, \u010dia rasite ir kit\u0173, ma\u017e\u0173 \u0161eim\u0173 versl\u0173, rank\u0173 darbo, dovan\u0173 sau ir artimiesiems.\",\"publisher\":{\"@id\":\"https:\/\/skaitytaknyga.lt\/#organization\"},\"potentialAction\":[{\"@type\":\"SearchAction\",\"target\":{\"@type\":\"EntryPoint\",\"urlTemplate\":\"https:\/\/skaitytaknyga.lt\/?s={search_term_string}\"},\"query-input\":{\"@type\":\"PropertyValueSpecification\",\"valueRequired\":true,\"valueName\":\"search_term_string\"}}],\"inLanguage\":\"en-GB\"},{\"@type\":\"Organization\",\"@id\":\"https:\/\/skaitytaknyga.lt\/#organization\",\"name\":\"skaitytaknyga.lt\",\"url\":\"https:\/\/skaitytaknyga.lt\/\",\"logo\":{\"@type\":\"ImageObject\",\"inLanguage\":\"en-GB\",\"@id\":\"https:\/\/skaitytaknyga.lt\/#\/schema\/logo\/image\/\",\"url\":\"https:\/\/skaitytaknyga.lt\/wp-content\/uploads\/2024\/05\/cropped-cropped-cropped-02_00843_jt3bggkj1j3HLc7SyY6rEUpg.jpeg\",\"contentUrl\":\"https:\/\/skaitytaknyga.lt\/wp-content\/uploads\/2024\/05\/cropped-cropped-cropped-02_00843_jt3bggkj1j3HLc7SyY6rEUpg.jpeg\",\"width\":1600,\"height\":1600,\"caption\":\"skaitytaknyga.lt\"},\"image\":{\"@id\":\"https:\/\/skaitytaknyga.lt\/#\/schema\/logo\/image\/\"},\"sameAs\":[\"https:\/\/www.facebook.com\/skaitytaknyga\/\"]}]}<\/script>\n<!-- \/ Yoast SEO plugin. -->","yoast_head_json":{"title":"A.C.Bhaktivedanta Swami Prabhupada \u201eBhagavad - Gita. Kokia ji yra\u201c (patams\u0117jimai knygos apa\u010dioje) - Skaitytaknyga","description":"Bhagavad - gita pasaulyje yra \u017einoma, kaip Indijos dvasin\u0117s i\u0161minties perlas.  Su nedideliu defektu  Tai tobuliausias sav\u0119s pa\u017einimo mokslas i\u0161sakytas paties Auk\u0161\u010diausiojo Dievo Asmens, savo artimam mokiniui, galingam karved\u017eiui Ard\u017eunai.  Joks kitas filosofinis ar religinis veikalas neatskleid\u017eia s\u0105mon\u0117s, sielos, visatos ir Auk\u0161\u010diausiojo prigimties taip ai\u0161kiai ir giliai.  A.C. Bhaktivedanta Swami Prabhupada yra unikaliai kvalifikuotas pateikti Bhagavad - gitos komentarus. Jis \u012f\u017eymiausias Ved\u0173 mokslininkas ir mokytojas, atstovaujantis nenutr\u016bkstam\u0105 pilnai save pa\u017einusi\u0173 dvasini\u0173 mokytoj\u0173 grandin\u0119, kuri prasideda nuo paties Auk\u0161\u010diausiojo Dievo Asmens.","robots":{"index":"index","follow":"follow","max-snippet":"max-snippet:-1","max-image-preview":"max-image-preview:large","max-video-preview":"max-video-preview:-1"},"canonical":"https:\/\/skaitytaknyga.lt\/en\/produktas\/a-c-bhaktivedanta-swami-prabhupada-bhagavad-gita-kokia-ji-yra-patamsejimai-knygos-apacioje-2\/","og_locale":"en_GB","og_type":"article","og_title":"A.C.Bhaktivedanta Swami Prabhupada \u201eBhagavad - Gita. Kokia ji yra\u201c (patams\u0117jimai knygos apa\u010dioje) - Skaitytaknyga","og_description":"Bhagavad - gita pasaulyje yra \u017einoma, kaip Indijos dvasin\u0117s i\u0161minties perlas.  Su nedideliu defektu  Tai tobuliausias sav\u0119s pa\u017einimo mokslas i\u0161sakytas paties Auk\u0161\u010diausiojo Dievo Asmens, savo artimam mokiniui, galingam karved\u017eiui Ard\u017eunai.  Joks kitas filosofinis ar religinis veikalas neatskleid\u017eia s\u0105mon\u0117s, sielos, visatos ir Auk\u0161\u010diausiojo prigimties taip ai\u0161kiai ir giliai.  A.C. Bhaktivedanta Swami Prabhupada yra unikaliai kvalifikuotas pateikti Bhagavad - gitos komentarus. Jis \u012f\u017eymiausias Ved\u0173 mokslininkas ir mokytojas, atstovaujantis nenutr\u016bkstam\u0105 pilnai save pa\u017einusi\u0173 dvasini\u0173 mokytoj\u0173 grandin\u0119, kuri prasideda nuo paties Auk\u0161\u010diausiojo Dievo Asmens.","og_url":"https:\/\/skaitytaknyga.lt\/en\/produktas\/a-c-bhaktivedanta-swami-prabhupada-bhagavad-gita-kokia-ji-yra-patamsejimai-knygos-apacioje-2\/","og_site_name":"Skaitytaknyga","article_publisher":"https:\/\/www.facebook.com\/skaitytaknyga\/","article_modified_time":"2024-05-04T14:41:49+00:00","og_image":[{"width":264,"height":430,"url":"https:\/\/skaitytaknyga.lt\/wp-content\/uploads\/2024\/04\/img-0004.jpg","type":"image\/jpeg"}],"twitter_card":"summary_large_image","schema":{"@context":"https:\/\/schema.org","@graph":[{"@type":"WebPage","@id":"https:\/\/skaitytaknyga.lt\/produktas\/a-c-bhaktivedanta-swami-prabhupada-bhagavad-gita-kokia-ji-yra-patamsejimai-knygos-apacioje-2\/","url":"https:\/\/skaitytaknyga.lt\/produktas\/a-c-bhaktivedanta-swami-prabhupada-bhagavad-gita-kokia-ji-yra-patamsejimai-knygos-apacioje-2\/","name":"A.C.Bhaktivedanta Swami Prabhupada \u201eBhagavad - Gita. Kokia ji yra\u201c (patams\u0117jimai knygos apa\u010dioje) - Skaitytaknyga","isPartOf":{"@id":"https:\/\/skaitytaknyga.lt\/#website"},"primaryImageOfPage":{"@id":"https:\/\/skaitytaknyga.lt\/produktas\/a-c-bhaktivedanta-swami-prabhupada-bhagavad-gita-kokia-ji-yra-patamsejimai-knygos-apacioje-2\/#primaryimage"},"image":{"@id":"https:\/\/skaitytaknyga.lt\/produktas\/a-c-bhaktivedanta-swami-prabhupada-bhagavad-gita-kokia-ji-yra-patamsejimai-knygos-apacioje-2\/#primaryimage"},"thumbnailUrl":"https:\/\/skaitytaknyga.lt\/wp-content\/uploads\/2024\/04\/img-0004.jpg","datePublished":"2024-05-04T14:41:34+00:00","dateModified":"2024-05-04T14:41:49+00:00","description":"Bhagavad - gita pasaulyje yra \u017einoma, kaip Indijos dvasin\u0117s i\u0161minties perlas. Su nedideliu defektu Tai tobuliausias sav\u0119s pa\u017einimo mokslas i\u0161sakytas paties Auk\u0161\u010diausiojo Dievo Asmens, savo artimam mokiniui, galingam karved\u017eiui Ard\u017eunai. Joks kitas filosofinis ar religinis veikalas neatskleid\u017eia s\u0105mon\u0117s, sielos, visatos ir Auk\u0161\u010diausiojo prigimties taip ai\u0161kiai ir giliai. A.C. Bhaktivedanta Swami Prabhupada yra unikaliai kvalifikuotas pateikti Bhagavad - gitos komentarus. Jis \u012f\u017eymiausias Ved\u0173 mokslininkas ir mokytojas, atstovaujantis nenutr\u016bkstam\u0105 pilnai save pa\u017einusi\u0173 dvasini\u0173 mokytoj\u0173 grandin\u0119, kuri prasideda nuo paties Auk\u0161\u010diausiojo Dievo Asmens.","breadcrumb":{"@id":"https:\/\/skaitytaknyga.lt\/produktas\/a-c-bhaktivedanta-swami-prabhupada-bhagavad-gita-kokia-ji-yra-patamsejimai-knygos-apacioje-2\/#breadcrumb"},"inLanguage":"en-GB","potentialAction":[{"@type":"ReadAction","target":["https:\/\/skaitytaknyga.lt\/produktas\/a-c-bhaktivedanta-swami-prabhupada-bhagavad-gita-kokia-ji-yra-patamsejimai-knygos-apacioje-2\/"]}]},{"@type":"ImageObject","inLanguage":"en-GB","@id":"https:\/\/skaitytaknyga.lt\/produktas\/a-c-bhaktivedanta-swami-prabhupada-bhagavad-gita-kokia-ji-yra-patamsejimai-knygos-apacioje-2\/#primaryimage","url":"https:\/\/skaitytaknyga.lt\/wp-content\/uploads\/2024\/04\/img-0004.jpg","contentUrl":"https:\/\/skaitytaknyga.lt\/wp-content\/uploads\/2024\/04\/img-0004.jpg","width":264,"height":430,"caption":"img 0004"},{"@type":"BreadcrumbList","@id":"https:\/\/skaitytaknyga.lt\/produktas\/a-c-bhaktivedanta-swami-prabhupada-bhagavad-gita-kokia-ji-yra-patamsejimai-knygos-apacioje-2\/#breadcrumb","itemListElement":[{"@type":"ListItem","position":1,"name":"Home","item":"https:\/\/skaitytaknyga.lt\/"},{"@type":"ListItem","position":2,"name":"Parduotuv\u0117","item":"https:\/\/skaitytaknyga.lt\/knygu-parduotuve\/"},{"@type":"ListItem","position":3,"name":"A.C.Bhaktivedanta Swami Prabhupada \u201eBhagavad &#8211; Gita. Kokia ji yra\u201c (patams\u0117jimai knygos apa\u010dioje)"}]},{"@type":"WebSite","@id":"https:\/\/skaitytaknyga.lt\/#website","url":"https:\/\/skaitytaknyga.lt\/","name":"skaitytaknyga.lt","description":"Skaitytaknyga.lt \u2013 tai ma\u017eas \u0161eimos verslas, kuris prasid\u0117jo nuo meil\u0117s knygoms ir siekio i\u0161gelb\u0117ti knygas nuo likimo prie konteinerio. Kas vienam nereikalingas daiktas \u2013 kitam lobis, o mes esame tarpininkai, kurie padeda abiems tapti laimingesniems ???? \u017dinome kaip nelengva i\u0161gyventi ma\u017eiems verslams, tad nuo \u0161iol, \u010dia rasite ir kit\u0173, ma\u017e\u0173 \u0161eim\u0173 versl\u0173, rank\u0173 darbo, dovan\u0173 sau ir artimiesiems.","publisher":{"@id":"https:\/\/skaitytaknyga.lt\/#organization"},"potentialAction":[{"@type":"SearchAction","target":{"@type":"EntryPoint","urlTemplate":"https:\/\/skaitytaknyga.lt\/?s={search_term_string}"},"query-input":{"@type":"PropertyValueSpecification","valueRequired":true,"valueName":"search_term_string"}}],"inLanguage":"en-GB"},{"@type":"Organization","@id":"https:\/\/skaitytaknyga.lt\/#organization","name":"skaitytaknyga.lt","url":"https:\/\/skaitytaknyga.lt\/","logo":{"@type":"ImageObject","inLanguage":"en-GB","@id":"https:\/\/skaitytaknyga.lt\/#\/schema\/logo\/image\/","url":"https:\/\/skaitytaknyga.lt\/wp-content\/uploads\/2024\/05\/cropped-cropped-cropped-02_00843_jt3bggkj1j3HLc7SyY6rEUpg.jpeg","contentUrl":"https:\/\/skaitytaknyga.lt\/wp-content\/uploads\/2024\/05\/cropped-cropped-cropped-02_00843_jt3bggkj1j3HLc7SyY6rEUpg.jpeg","width":1600,"height":1600,"caption":"skaitytaknyga.lt"},"image":{"@id":"https:\/\/skaitytaknyga.lt\/#\/schema\/logo\/image\/"},"sameAs":["https:\/\/www.facebook.com\/skaitytaknyga\/"]}]}},"_links":{"self":[{"href":"https:\/\/skaitytaknyga.lt\/en\/wp-json\/wp\/v2\/product\/8185","targetHints":{"allow":["GET"]}}],"collection":[{"href":"https:\/\/skaitytaknyga.lt\/en\/wp-json\/wp\/v2\/product"}],"about":[{"href":"https:\/\/skaitytaknyga.lt\/en\/wp-json\/wp\/v2\/types\/product"}],"replies":[{"embeddable":true,"href":"https:\/\/skaitytaknyga.lt\/en\/wp-json\/wp\/v2\/comments?post=8185"}],"wp:featuredmedia":[{"embeddable":true,"href":"https:\/\/skaitytaknyga.lt\/en\/wp-json\/wp\/v2\/media\/4060"}],"wp:attachment":[{"href":"https:\/\/skaitytaknyga.lt\/en\/wp-json\/wp\/v2\/media?parent=8185"}],"wp:term":[{"taxonomy":"product_brand","embeddable":true,"href":"https:\/\/skaitytaknyga.lt\/en\/wp-json\/wp\/v2\/product_brand?post=8185"},{"taxonomy":"product_cat","embeddable":true,"href":"https:\/\/skaitytaknyga.lt\/en\/wp-json\/wp\/v2\/product_cat?post=8185"},{"taxonomy":"product_tag","embeddable":true,"href":"https:\/\/skaitytaknyga.lt\/en\/wp-json\/wp\/v2\/product_tag?post=8185"}],"curies":[{"name":"wp","href":"https:\/\/api.w.org\/{rel}","templated":true}]}}