{"id":8178,"date":"2024-05-04T14:41:33","date_gmt":"2024-05-04T14:41:33","guid":{"rendered":"https:\/\/skaitytaknyga.lt\/?post_type=product&#038;p=8178"},"modified":"2026-03-18T15:00:04","modified_gmt":"2026-03-18T13:00:04","slug":"j-petruitis-kaip-jie-mus-susaude-2","status":"publish","type":"product","link":"https:\/\/skaitytaknyga.lt\/en\/produktas\/j-petruitis-kaip-jie-mus-susaude-2\/","title":{"rendered":"J. Petruitis \u201eKaip jie mus su\u0161aud\u0117\u201c"},"content":{"rendered":"<p>Buvusio Lietuvos kariuomen\u0117s pulkininko Jono Petrui\u010dio atsiminim\u0173 knygos, i\u0161leistos 1942 m., fotografuotinis leidimas.<\/p>\n<p>Autorius, 1941 m. bol\u0161evik\u0173 are\u0161tuotas, kalintas ir karui prasid\u0117jus i\u0161ve\u017etas \u012f Minsk\u0105, prie \u010cerven\u0117s enkavedist\u0173 \u0161audytas, bet lik\u0119s gyvas, knygoje apra\u0161o lietuvi\u0173 inteligent\u0173, karinink\u0173, dvasinink\u0173, politikos veik\u0117j\u0173 likimus. Ne visos \u010cerven\u0117s tragedijos paslaptys dar \u017einomos.<\/p>\n<p>Knygos pabaigoje pateikiamos \u017einios apie \u017euvusiuosius ir i\u0161sigelb\u0117jusiuosius.<\/p>\n","protected":false},"excerpt":{"rendered":"<p>Buvusio Lietuvos kariuomen\u0117s pulkininko Jono Petrui\u010dio atsiminim\u0173 knygos, i\u0161leistos 1942 m., fotografuotinis leidimas.<\/p>\n<p>Autorius, 1941 m. bol\u0161evik\u0173 are\u0161tuotas, kalintas ir karui prasid\u0117jus i\u0161ve\u017etas \u012f Minsk\u0105, prie \u010cerven\u0117s enkavedist\u0173 \u0161audytas, bet lik\u0119s gyvas, knygoje apra\u0161o lietuvi\u0173 inteligent\u0173, karinink\u0173, dvasinink\u0173, politikos veik\u0117j\u0173 likimus. Ne visos \u010cerven\u0117s tragedijos paslaptys dar \u017einomos.<\/p>\n<p>Knygos pabaigoje pateikiamos \u017einios apie \u017euvusiuosius ir i\u0161sigelb\u0117jusiuosius.<\/p>\n","protected":false},"featured_media":4053,"comment_status":"closed","ping_status":"closed","template":"","meta":{"_acf_changed":false,"site-sidebar-layout":"default","site-content-layout":"","ast-site-content-layout":"default","site-content-style":"default","site-sidebar-style":"default","ast-global-header-display":"","ast-banner-title-visibility":"","ast-main-header-display":"","ast-hfb-above-header-display":"","ast-hfb-below-header-display":"","ast-hfb-mobile-header-display":"","site-post-title":"","ast-breadcrumbs-content":"","ast-featured-img":"","footer-sml-layout":"","ast-disable-related-posts":"","theme-transparent-header-meta":"","adv-header-id-meta":"","stick-header-meta":"","header-above-stick-meta":"","header-main-stick-meta":"","header-below-stick-meta":"","astra-migrate-meta-layouts":"default","ast-page-background-enabled":"default","ast-page-background-meta":{"desktop":{"background-color":"","background-image":"","background-repeat":"repeat","background-position":"center center","background-size":"auto","background-attachment":"scroll","background-type":"","background-media":"","overlay-type":"","overlay-color":"","overlay-opacity":"","overlay-gradient":""},"tablet":{"background-color":"","background-image":"","background-repeat":"repeat","background-position":"center center","background-size":"auto","background-attachment":"scroll","background-type":"","background-media":"","overlay-type":"","overlay-color":"","overlay-opacity":"","overlay-gradient":""},"mobile":{"background-color":"","background-image":"","background-repeat":"repeat","background-position":"center center","background-size":"auto","background-attachment":"scroll","background-type":"","background-media":"","overlay-type":"","overlay-color":"","overlay-opacity":"","overlay-gradient":""}},"ast-content-background-meta":{"desktop":{"background-color":"var(--ast-global-color-4)","background-image":"","background-repeat":"repeat","background-position":"center center","background-size":"auto","background-attachment":"scroll","background-type":"","background-media":"","overlay-type":"","overlay-color":"","overlay-opacity":"","overlay-gradient":""},"tablet":{"background-color":"var(--ast-global-color-4)","background-image":"","background-repeat":"repeat","background-position":"center center","background-size":"auto","background-attachment":"scroll","background-type":"","background-media":"","overlay-type":"","overlay-color":"","overlay-opacity":"","overlay-gradient":""},"mobile":{"background-color":"var(--ast-global-color-4)","background-image":"","background-repeat":"repeat","background-position":"center center","background-size":"auto","background-attachment":"scroll","background-type":"","background-media":"","overlay-type":"","overlay-color":"","overlay-opacity":"","overlay-gradient":""}}},"product_brand":[],"product_cat":[174,9862],"product_tag":[],"class_list":{"0":"post-8178","1":"product","2":"type-product","3":"status-publish","4":"has-post-thumbnail","6":"product_cat-istorija-ir-politologija","7":"product_cat-lietuvos-istorija","8":"desktop-align-left","9":"tablet-align-left","10":"mobile-align-left","12":"first","13":"instock","14":"shipping-taxable","15":"purchasable","16":"product-type-simple"},"acf":[],"yoast_head":"<!-- This site is optimized with the Yoast SEO plugin v27.4 - https:\/\/yoast.com\/product\/yoast-seo-wordpress\/ -->\n<title>J. Petruitis \u201eKaip jie mus su\u0161aud\u0117\u201c<\/title>\n<meta name=\"description\" content=\"Buvusio Lietuvos kariuomen\u0117s pulkininko Jono Petrui\u010dio atsiminim\u0173 knygos, i\u0161leistos 1942 m., fotografuotinis leidimas.  Autorius, 1941 m. bol\u0161evik\u0173 are\u0161tuotas, kalintas ir karui prasid\u0117jus i\u0161ve\u017etas \u012f Minsk\u0105, prie \u010cerven\u0117s enkavedist\u0173 \u0161audytas, bet lik\u0119s gyvas, knygoje apra\u0161o lietuvi\u0173 inteligent\u0173, karinink\u0173, dvasinink\u0173, politikos veik\u0117j\u0173 likimus. Ne visos \u010cerven\u0117s tragedijos paslaptys dar \u017einomos.  Knygos pabaigoje pateikiamos \u017einios apie \u017euvusiuosius ir i\u0161sigelb\u0117jusiuosius.\" \/>\n<meta name=\"robots\" content=\"index, follow, max-snippet:-1, max-image-preview:large, max-video-preview:-1\" \/>\n<link rel=\"canonical\" href=\"https:\/\/skaitytaknyga.lt\/en\/produktas\/j-petruitis-kaip-jie-mus-susaude-2\/\" \/>\n<meta property=\"og:locale\" content=\"en_GB\" \/>\n<meta property=\"og:locale:alternate\" content=\"lt_LT\" \/>\n<meta property=\"og:type\" content=\"article\" \/>\n<meta property=\"og:title\" content=\"J. Petruitis \u201eKaip jie mus su\u0161aud\u0117\u201c\" \/>\n<meta property=\"og:description\" content=\"Buvusio Lietuvos kariuomen\u0117s pulkininko Jono Petrui\u010dio atsiminim\u0173 knygos, i\u0161leistos 1942 m., fotografuotinis leidimas.  Autorius, 1941 m. bol\u0161evik\u0173 are\u0161tuotas, kalintas ir karui prasid\u0117jus i\u0161ve\u017etas \u012f Minsk\u0105, prie \u010cerven\u0117s enkavedist\u0173 \u0161audytas, bet lik\u0119s gyvas, knygoje apra\u0161o lietuvi\u0173 inteligent\u0173, karinink\u0173, dvasinink\u0173, politikos veik\u0117j\u0173 likimus. Ne visos \u010cerven\u0117s tragedijos paslaptys dar \u017einomos.  Knygos pabaigoje pateikiamos \u017einios apie \u017euvusiuosius ir i\u0161sigelb\u0117jusiuosius.\" \/>\n<meta property=\"og:url\" content=\"https:\/\/skaitytaknyga.lt\/en\/produktas\/j-petruitis-kaip-jie-mus-susaude-2\/\" \/>\n<meta property=\"og:site_name\" content=\"Skaitytaknyga\" \/>\n<meta property=\"article:publisher\" content=\"https:\/\/www.facebook.com\/skaitytaknyga\/\" \/>\n<meta property=\"article:modified_time\" content=\"2026-03-18T13:00:04+00:00\" \/>\n<meta property=\"og:image\" content=\"https:\/\/skaitytaknyga.lt\/wp-content\/uploads\/2024\/04\/1462881327_img0014.jpg\" \/>\n\t<meta property=\"og:image:width\" content=\"505\" \/>\n\t<meta property=\"og:image:height\" content=\"800\" \/>\n\t<meta property=\"og:image:type\" content=\"image\/jpeg\" \/>\n<meta name=\"twitter:card\" content=\"summary_large_image\" \/>\n<script type=\"application\/ld+json\" class=\"yoast-schema-graph\">{\"@context\":\"https:\\\/\\\/schema.org\",\"@graph\":[{\"@type\":\"WebPage\",\"@id\":\"https:\\\/\\\/skaitytaknyga.lt\\\/produktas\\\/j-petruitis-kaip-jie-mus-susaude-2\\\/\",\"url\":\"https:\\\/\\\/skaitytaknyga.lt\\\/produktas\\\/j-petruitis-kaip-jie-mus-susaude-2\\\/\",\"name\":\"J. Petruitis \u201eKaip jie mus su\u0161aud\u0117\u201c\",\"isPartOf\":{\"@id\":\"https:\\\/\\\/skaitytaknyga.lt\\\/#website\"},\"primaryImageOfPage\":{\"@id\":\"https:\\\/\\\/skaitytaknyga.lt\\\/produktas\\\/j-petruitis-kaip-jie-mus-susaude-2\\\/#primaryimage\"},\"image\":{\"@id\":\"https:\\\/\\\/skaitytaknyga.lt\\\/produktas\\\/j-petruitis-kaip-jie-mus-susaude-2\\\/#primaryimage\"},\"thumbnailUrl\":\"https:\\\/\\\/skaitytaknyga.lt\\\/wp-content\\\/uploads\\\/2024\\\/04\\\/1462881327_img0014.jpg\",\"datePublished\":\"2024-05-04T14:41:33+00:00\",\"dateModified\":\"2026-03-18T13:00:04+00:00\",\"description\":\"Buvusio Lietuvos kariuomen\u0117s pulkininko Jono Petrui\u010dio atsiminim\u0173 knygos, i\u0161leistos 1942 m., fotografuotinis leidimas. Autorius, 1941 m. bol\u0161evik\u0173 are\u0161tuotas, kalintas ir karui prasid\u0117jus i\u0161ve\u017etas \u012f Minsk\u0105, prie \u010cerven\u0117s enkavedist\u0173 \u0161audytas, bet lik\u0119s gyvas, knygoje apra\u0161o lietuvi\u0173 inteligent\u0173, karinink\u0173, dvasinink\u0173, politikos veik\u0117j\u0173 likimus. Ne visos \u010cerven\u0117s tragedijos paslaptys dar \u017einomos. Knygos pabaigoje pateikiamos \u017einios apie \u017euvusiuosius ir i\u0161sigelb\u0117jusiuosius.\",\"breadcrumb\":{\"@id\":\"https:\\\/\\\/skaitytaknyga.lt\\\/produktas\\\/j-petruitis-kaip-jie-mus-susaude-2\\\/#breadcrumb\"},\"inLanguage\":\"en-GB\",\"potentialAction\":[{\"@type\":\"ReadAction\",\"target\":[\"https:\\\/\\\/skaitytaknyga.lt\\\/produktas\\\/j-petruitis-kaip-jie-mus-susaude-2\\\/\"]}]},{\"@type\":\"ImageObject\",\"inLanguage\":\"en-GB\",\"@id\":\"https:\\\/\\\/skaitytaknyga.lt\\\/produktas\\\/j-petruitis-kaip-jie-mus-susaude-2\\\/#primaryimage\",\"url\":\"https:\\\/\\\/skaitytaknyga.lt\\\/wp-content\\\/uploads\\\/2024\\\/04\\\/1462881327_img0014.jpg\",\"contentUrl\":\"https:\\\/\\\/skaitytaknyga.lt\\\/wp-content\\\/uploads\\\/2024\\\/04\\\/1462881327_img0014.jpg\",\"width\":505,\"height\":800,\"caption\":\"1462881327 img0014\"},{\"@type\":\"BreadcrumbList\",\"@id\":\"https:\\\/\\\/skaitytaknyga.lt\\\/produktas\\\/j-petruitis-kaip-jie-mus-susaude-2\\\/#breadcrumb\",\"itemListElement\":[{\"@type\":\"ListItem\",\"position\":1,\"name\":\"Home\",\"item\":\"https:\\\/\\\/skaitytaknyga.lt\\\/\"},{\"@type\":\"ListItem\",\"position\":2,\"name\":\"Parduotuv\u0117\",\"item\":\"https:\\\/\\\/skaitytaknyga.lt\\\/knygu-parduotuve\\\/\"},{\"@type\":\"ListItem\",\"position\":3,\"name\":\"J. Petruitis \u201eKaip jie mus su\u0161aud\u0117\u201c\"}]},{\"@type\":\"WebSite\",\"@id\":\"https:\\\/\\\/skaitytaknyga.lt\\\/#website\",\"url\":\"https:\\\/\\\/skaitytaknyga.lt\\\/\",\"name\":\"skaitytaknyga.lt\",\"description\":\"Skaitytaknyga.lt \u2013 tai ma\u017eas \u0161eimos verslas, kuris prasid\u0117jo nuo meil\u0117s knygoms ir siekio i\u0161gelb\u0117ti knygas nuo likimo prie konteinerio. Kas vienam nereikalingas daiktas \u2013 kitam lobis, o mes esame tarpininkai, kurie padeda abiems tapti laimingesniems ???? \u017dinome kaip nelengva i\u0161gyventi ma\u017eiems verslams, tad nuo \u0161iol, \u010dia rasite ir kit\u0173, ma\u017e\u0173 \u0161eim\u0173 versl\u0173, rank\u0173 darbo, dovan\u0173 sau ir artimiesiems.\",\"publisher\":{\"@id\":\"https:\\\/\\\/skaitytaknyga.lt\\\/#organization\"},\"potentialAction\":[{\"@type\":\"SearchAction\",\"target\":{\"@type\":\"EntryPoint\",\"urlTemplate\":\"https:\\\/\\\/skaitytaknyga.lt\\\/?s={search_term_string}\"},\"query-input\":{\"@type\":\"PropertyValueSpecification\",\"valueRequired\":true,\"valueName\":\"search_term_string\"}}],\"inLanguage\":\"en-GB\"},{\"@type\":\"Organization\",\"@id\":\"https:\\\/\\\/skaitytaknyga.lt\\\/#organization\",\"name\":\"skaitytaknyga.lt\",\"url\":\"https:\\\/\\\/skaitytaknyga.lt\\\/\",\"logo\":{\"@type\":\"ImageObject\",\"inLanguage\":\"en-GB\",\"@id\":\"https:\\\/\\\/skaitytaknyga.lt\\\/#\\\/schema\\\/logo\\\/image\\\/\",\"url\":\"https:\\\/\\\/skaitytaknyga.lt\\\/wp-content\\\/uploads\\\/2024\\\/05\\\/cropped-cropped-cropped-02_00843_jt3bggkj1j3HLc7SyY6rEUpg.jpeg\",\"contentUrl\":\"https:\\\/\\\/skaitytaknyga.lt\\\/wp-content\\\/uploads\\\/2024\\\/05\\\/cropped-cropped-cropped-02_00843_jt3bggkj1j3HLc7SyY6rEUpg.jpeg\",\"width\":1600,\"height\":1600,\"caption\":\"skaitytaknyga.lt\"},\"image\":{\"@id\":\"https:\\\/\\\/skaitytaknyga.lt\\\/#\\\/schema\\\/logo\\\/image\\\/\"},\"sameAs\":[\"https:\\\/\\\/www.facebook.com\\\/skaitytaknyga\\\/\"]}]}<\/script>\n<!-- \/ Yoast SEO plugin. -->","yoast_head_json":{"title":"J. Petruitis \u201eKaip jie mus su\u0161aud\u0117\u201c","description":"Buvusio Lietuvos kariuomen\u0117s pulkininko Jono Petrui\u010dio atsiminim\u0173 knygos, i\u0161leistos 1942 m., fotografuotinis leidimas.  Autorius, 1941 m. bol\u0161evik\u0173 are\u0161tuotas, kalintas ir karui prasid\u0117jus i\u0161ve\u017etas \u012f Minsk\u0105, prie \u010cerven\u0117s enkavedist\u0173 \u0161audytas, bet lik\u0119s gyvas, knygoje apra\u0161o lietuvi\u0173 inteligent\u0173, karinink\u0173, dvasinink\u0173, politikos veik\u0117j\u0173 likimus. Ne visos \u010cerven\u0117s tragedijos paslaptys dar \u017einomos.  Knygos pabaigoje pateikiamos \u017einios apie \u017euvusiuosius ir i\u0161sigelb\u0117jusiuosius.","robots":{"index":"index","follow":"follow","max-snippet":"max-snippet:-1","max-image-preview":"max-image-preview:large","max-video-preview":"max-video-preview:-1"},"canonical":"https:\/\/skaitytaknyga.lt\/en\/produktas\/j-petruitis-kaip-jie-mus-susaude-2\/","og_locale":"en_GB","og_type":"article","og_title":"[:lt]J. Petruitis \u201eKaip jie mus su\u0161aud\u0117\u201c[:] - Skaitytaknyga","og_description":"Buvusio Lietuvos kariuomen\u0117s pulkininko Jono Petrui\u010dio atsiminim\u0173 knygos, i\u0161leistos 1942 m., fotografuotinis leidimas.  Autorius, 1941 m. bol\u0161evik\u0173 are\u0161tuotas, kalintas ir karui prasid\u0117jus i\u0161ve\u017etas \u012f Minsk\u0105, prie \u010cerven\u0117s enkavedist\u0173 \u0161audytas, bet lik\u0119s gyvas, knygoje apra\u0161o lietuvi\u0173 inteligent\u0173, karinink\u0173, dvasinink\u0173, politikos veik\u0117j\u0173 likimus. Ne visos \u010cerven\u0117s tragedijos paslaptys dar \u017einomos.  Knygos pabaigoje pateikiamos \u017einios apie \u017euvusiuosius ir i\u0161sigelb\u0117jusiuosius.","og_url":"https:\/\/skaitytaknyga.lt\/en\/produktas\/j-petruitis-kaip-jie-mus-susaude-2\/","og_site_name":"Skaitytaknyga","article_publisher":"https:\/\/www.facebook.com\/skaitytaknyga\/","article_modified_time":"2026-03-18T13:00:04+00:00","og_image":[{"width":505,"height":800,"url":"https:\/\/skaitytaknyga.lt\/wp-content\/uploads\/2024\/04\/1462881327_img0014.jpg","type":"image\/jpeg"}],"twitter_card":"summary_large_image","schema":{"@context":"https:\/\/schema.org","@graph":[{"@type":"WebPage","@id":"https:\/\/skaitytaknyga.lt\/produktas\/j-petruitis-kaip-jie-mus-susaude-2\/","url":"https:\/\/skaitytaknyga.lt\/produktas\/j-petruitis-kaip-jie-mus-susaude-2\/","name":"J. Petruitis \u201eKaip jie mus su\u0161aud\u0117\u201c","isPartOf":{"@id":"https:\/\/skaitytaknyga.lt\/#website"},"primaryImageOfPage":{"@id":"https:\/\/skaitytaknyga.lt\/produktas\/j-petruitis-kaip-jie-mus-susaude-2\/#primaryimage"},"image":{"@id":"https:\/\/skaitytaknyga.lt\/produktas\/j-petruitis-kaip-jie-mus-susaude-2\/#primaryimage"},"thumbnailUrl":"https:\/\/skaitytaknyga.lt\/wp-content\/uploads\/2024\/04\/1462881327_img0014.jpg","datePublished":"2024-05-04T14:41:33+00:00","dateModified":"2026-03-18T13:00:04+00:00","description":"Buvusio Lietuvos kariuomen\u0117s pulkininko Jono Petrui\u010dio atsiminim\u0173 knygos, i\u0161leistos 1942 m., fotografuotinis leidimas. Autorius, 1941 m. bol\u0161evik\u0173 are\u0161tuotas, kalintas ir karui prasid\u0117jus i\u0161ve\u017etas \u012f Minsk\u0105, prie \u010cerven\u0117s enkavedist\u0173 \u0161audytas, bet lik\u0119s gyvas, knygoje apra\u0161o lietuvi\u0173 inteligent\u0173, karinink\u0173, dvasinink\u0173, politikos veik\u0117j\u0173 likimus. Ne visos \u010cerven\u0117s tragedijos paslaptys dar \u017einomos. Knygos pabaigoje pateikiamos \u017einios apie \u017euvusiuosius ir i\u0161sigelb\u0117jusiuosius.","breadcrumb":{"@id":"https:\/\/skaitytaknyga.lt\/produktas\/j-petruitis-kaip-jie-mus-susaude-2\/#breadcrumb"},"inLanguage":"en-GB","potentialAction":[{"@type":"ReadAction","target":["https:\/\/skaitytaknyga.lt\/produktas\/j-petruitis-kaip-jie-mus-susaude-2\/"]}]},{"@type":"ImageObject","inLanguage":"en-GB","@id":"https:\/\/skaitytaknyga.lt\/produktas\/j-petruitis-kaip-jie-mus-susaude-2\/#primaryimage","url":"https:\/\/skaitytaknyga.lt\/wp-content\/uploads\/2024\/04\/1462881327_img0014.jpg","contentUrl":"https:\/\/skaitytaknyga.lt\/wp-content\/uploads\/2024\/04\/1462881327_img0014.jpg","width":505,"height":800,"caption":"1462881327 img0014"},{"@type":"BreadcrumbList","@id":"https:\/\/skaitytaknyga.lt\/produktas\/j-petruitis-kaip-jie-mus-susaude-2\/#breadcrumb","itemListElement":[{"@type":"ListItem","position":1,"name":"Home","item":"https:\/\/skaitytaknyga.lt\/"},{"@type":"ListItem","position":2,"name":"Parduotuv\u0117","item":"https:\/\/skaitytaknyga.lt\/knygu-parduotuve\/"},{"@type":"ListItem","position":3,"name":"J. Petruitis \u201eKaip jie mus su\u0161aud\u0117\u201c"}]},{"@type":"WebSite","@id":"https:\/\/skaitytaknyga.lt\/#website","url":"https:\/\/skaitytaknyga.lt\/","name":"skaitytaknyga.lt","description":"Skaitytaknyga.lt \u2013 tai ma\u017eas \u0161eimos verslas, kuris prasid\u0117jo nuo meil\u0117s knygoms ir siekio i\u0161gelb\u0117ti knygas nuo likimo prie konteinerio. Kas vienam nereikalingas daiktas \u2013 kitam lobis, o mes esame tarpininkai, kurie padeda abiems tapti laimingesniems ???? \u017dinome kaip nelengva i\u0161gyventi ma\u017eiems verslams, tad nuo \u0161iol, \u010dia rasite ir kit\u0173, ma\u017e\u0173 \u0161eim\u0173 versl\u0173, rank\u0173 darbo, dovan\u0173 sau ir artimiesiems.","publisher":{"@id":"https:\/\/skaitytaknyga.lt\/#organization"},"potentialAction":[{"@type":"SearchAction","target":{"@type":"EntryPoint","urlTemplate":"https:\/\/skaitytaknyga.lt\/?s={search_term_string}"},"query-input":{"@type":"PropertyValueSpecification","valueRequired":true,"valueName":"search_term_string"}}],"inLanguage":"en-GB"},{"@type":"Organization","@id":"https:\/\/skaitytaknyga.lt\/#organization","name":"skaitytaknyga.lt","url":"https:\/\/skaitytaknyga.lt\/","logo":{"@type":"ImageObject","inLanguage":"en-GB","@id":"https:\/\/skaitytaknyga.lt\/#\/schema\/logo\/image\/","url":"https:\/\/skaitytaknyga.lt\/wp-content\/uploads\/2024\/05\/cropped-cropped-cropped-02_00843_jt3bggkj1j3HLc7SyY6rEUpg.jpeg","contentUrl":"https:\/\/skaitytaknyga.lt\/wp-content\/uploads\/2024\/05\/cropped-cropped-cropped-02_00843_jt3bggkj1j3HLc7SyY6rEUpg.jpeg","width":1600,"height":1600,"caption":"skaitytaknyga.lt"},"image":{"@id":"https:\/\/skaitytaknyga.lt\/#\/schema\/logo\/image\/"},"sameAs":["https:\/\/www.facebook.com\/skaitytaknyga\/"]}]}},"_links":{"self":[{"href":"https:\/\/skaitytaknyga.lt\/en\/wp-json\/wp\/v2\/product\/8178","targetHints":{"allow":["GET"]}}],"collection":[{"href":"https:\/\/skaitytaknyga.lt\/en\/wp-json\/wp\/v2\/product"}],"about":[{"href":"https:\/\/skaitytaknyga.lt\/en\/wp-json\/wp\/v2\/types\/product"}],"replies":[{"embeddable":true,"href":"https:\/\/skaitytaknyga.lt\/en\/wp-json\/wp\/v2\/comments?post=8178"}],"wp:featuredmedia":[{"embeddable":true,"href":"https:\/\/skaitytaknyga.lt\/en\/wp-json\/wp\/v2\/media\/4053"}],"wp:attachment":[{"href":"https:\/\/skaitytaknyga.lt\/en\/wp-json\/wp\/v2\/media?parent=8178"}],"wp:term":[{"taxonomy":"product_brand","embeddable":true,"href":"https:\/\/skaitytaknyga.lt\/en\/wp-json\/wp\/v2\/product_brand?post=8178"},{"taxonomy":"product_cat","embeddable":true,"href":"https:\/\/skaitytaknyga.lt\/en\/wp-json\/wp\/v2\/product_cat?post=8178"},{"taxonomy":"product_tag","embeddable":true,"href":"https:\/\/skaitytaknyga.lt\/en\/wp-json\/wp\/v2\/product_tag?post=8178"}],"curies":[{"name":"wp","href":"https:\/\/api.w.org\/{rel}","templated":true}]}}