{"id":8166,"date":"2024-05-04T14:41:12","date_gmt":"2024-05-04T14:41:12","guid":{"rendered":"https:\/\/skaitytaknyga.lt\/?post_type=product&#038;p=8166"},"modified":"2024-05-04T14:41:30","modified_gmt":"2024-05-04T14:41:30","slug":"konservavimo-klasika-budai-ir-recepturos-2","status":"publish","type":"product","link":"https:\/\/skaitytaknyga.lt\/en\/produktas\/konservavimo-klasika-budai-ir-recepturos-2\/","title":{"rendered":"Konservavimo klasika. B\u016bdai ir recept\u016bros"},"content":{"rendered":"<p>Man jau beveik \u0161imtas met\u0173. Prisimenu laikus, kurie dabar kai kam atrodo gili senov\u0117, kai kaimo \u017emon\u0117s naudojo daugyb\u0119 laiko patikrint\u0173 b\u016bd\u0173, kad i\u0161saugot\u0173 u\u017eaugintas g\u0117rybes per \u017eiem\u0105. Labai nor\u0117\u010diau, kad i\u0161likt\u0173 atei\u010diai, kulinarijos istorijai tai, k\u0105 \u017einau, k\u0105 prakti\u0161kai i\u0161band\u017eiau, k\u0105 vadinu konservavimo klasika. Neabejoju, kad ir \u0161iandien kulinarija besidomintiems tautie\u010diams t\u0173 mano \u017eini\u0173 prireiks. Tod\u0117l ry\u017eausi dar vienam gyvenimo \u017eingsniui \u2013 pakartotinai i\u0161leisti prie\u0161 daugel\u012f met\u0173 para\u0161yt\u0105 savo konservavimo knyg\u0105.<\/p>\n","protected":false},"excerpt":{"rendered":"<p>Man jau beveik \u0161imtas met\u0173. Prisimenu laikus, kurie dabar kai kam atrodo gili senov\u0117, kai kaimo \u017emon\u0117s naudojo daugyb\u0119 laiko patikrint\u0173 b\u016bd\u0173, kad i\u0161saugot\u0173 u\u017eaugintas g\u0117rybes per \u017eiem\u0105. Labai nor\u0117\u010diau, kad i\u0161likt\u0173 atei\u010diai, kulinarijos istorijai tai, k\u0105 \u017einau, k\u0105 prakti\u0161kai i\u0161band\u017eiau, k\u0105 vadinu konservavimo klasika. Neabejoju, kad ir \u0161iandien kulinarija besidomintiems tautie\u010diams t\u0173 mano \u017eini\u0173 prireiks. Tod\u0117l ry\u017eausi dar vienam gyvenimo \u017eingsniui \u2013 pakartotinai i\u0161leisti prie\u0161 daugel\u012f met\u0173 para\u0161yt\u0105 savo konservavimo knyg\u0105.<\/p>\n","protected":false},"featured_media":4027,"comment_status":"closed","ping_status":"closed","template":"","meta":{"_acf_changed":false,"site-sidebar-layout":"default","site-content-layout":"","ast-site-content-layout":"default","site-content-style":"default","site-sidebar-style":"default","ast-global-header-display":"","ast-banner-title-visibility":"","ast-main-header-display":"","ast-hfb-above-header-display":"","ast-hfb-below-header-display":"","ast-hfb-mobile-header-display":"","site-post-title":"","ast-breadcrumbs-content":"","ast-featured-img":"","footer-sml-layout":"","ast-disable-related-posts":"","theme-transparent-header-meta":"","adv-header-id-meta":"","stick-header-meta":"","header-above-stick-meta":"","header-main-stick-meta":"","header-below-stick-meta":"","astra-migrate-meta-layouts":"default","ast-page-background-enabled":"default","ast-page-background-meta":{"desktop":{"background-color":"","background-image":"","background-repeat":"repeat","background-position":"center center","background-size":"auto","background-attachment":"scroll","background-type":"","background-media":"","overlay-type":"","overlay-color":"","overlay-opacity":"","overlay-gradient":""},"tablet":{"background-color":"","background-image":"","background-repeat":"repeat","background-position":"center center","background-size":"auto","background-attachment":"scroll","background-type":"","background-media":"","overlay-type":"","overlay-color":"","overlay-opacity":"","overlay-gradient":""},"mobile":{"background-color":"","background-image":"","background-repeat":"repeat","background-position":"center center","background-size":"auto","background-attachment":"scroll","background-type":"","background-media":"","overlay-type":"","overlay-color":"","overlay-opacity":"","overlay-gradient":""}},"ast-content-background-meta":{"desktop":{"background-color":"var(--ast-global-color-4)","background-image":"","background-repeat":"repeat","background-position":"center center","background-size":"auto","background-attachment":"scroll","background-type":"","background-media":"","overlay-type":"","overlay-color":"","overlay-opacity":"","overlay-gradient":""},"tablet":{"background-color":"var(--ast-global-color-4)","background-image":"","background-repeat":"repeat","background-position":"center center","background-size":"auto","background-attachment":"scroll","background-type":"","background-media":"","overlay-type":"","overlay-color":"","overlay-opacity":"","overlay-gradient":""},"mobile":{"background-color":"var(--ast-global-color-4)","background-image":"","background-repeat":"repeat","background-position":"center center","background-size":"auto","background-attachment":"scroll","background-type":"","background-media":"","overlay-type":"","overlay-color":"","overlay-opacity":"","overlay-gradient":""}}},"product_brand":[],"product_cat":[58],"product_tag":[],"class_list":{"0":"post-8166","1":"product","2":"type-product","3":"status-publish","4":"has-post-thumbnail","6":"product_cat-receptai","7":"desktop-align-left","8":"tablet-align-left","9":"mobile-align-left","11":"first","12":"outofstock","13":"shipping-taxable","14":"purchasable","15":"product-type-simple"},"acf":[],"yoast_head":"<!-- This site is optimized with the Yoast SEO plugin v27.4 - https:\/\/yoast.com\/product\/yoast-seo-wordpress\/ -->\n<title>Konservavimo klasika. B\u016bdai ir recept\u016bros - Skaitytaknyga<\/title>\n<meta name=\"description\" content=\"Man jau beveik \u0161imtas met\u0173. Prisimenu laikus, kurie dabar kai kam atrodo gili senov\u0117, kai kaimo \u017emon\u0117s naudojo daugyb\u0119 laiko patikrint\u0173 b\u016bd\u0173, kad i\u0161saugot\u0173 u\u017eaugintas g\u0117rybes per \u017eiem\u0105. Labai nor\u0117\u010diau, kad i\u0161likt\u0173 atei\u010diai, kulinarijos istorijai tai, k\u0105 \u017einau, k\u0105 prakti\u0161kai i\u0161band\u017eiau, k\u0105 vadinu konservavimo klasika. Neabejoju, kad ir \u0161iandien kulinarija besidomintiems tautie\u010diams t\u0173 mano \u017eini\u0173 prireiks. Tod\u0117l ry\u017eausi dar vienam gyvenimo \u017eingsniui \u2013 pakartotinai i\u0161leisti prie\u0161 daugel\u012f met\u0173 para\u0161yt\u0105 savo konservavimo knyg\u0105.\" \/>\n<meta name=\"robots\" content=\"index, follow, max-snippet:-1, max-image-preview:large, max-video-preview:-1\" \/>\n<link rel=\"canonical\" href=\"https:\/\/skaitytaknyga.lt\/en\/produktas\/konservavimo-klasika-budai-ir-recepturos-2\/\" \/>\n<meta property=\"og:locale\" content=\"en_GB\" \/>\n<meta property=\"og:locale:alternate\" content=\"lt_LT\" \/>\n<meta property=\"og:type\" content=\"article\" \/>\n<meta property=\"og:title\" content=\"Konservavimo klasika. B\u016bdai ir recept\u016bros - Skaitytaknyga\" \/>\n<meta property=\"og:description\" content=\"Man jau beveik \u0161imtas met\u0173. Prisimenu laikus, kurie dabar kai kam atrodo gili senov\u0117, kai kaimo \u017emon\u0117s naudojo daugyb\u0119 laiko patikrint\u0173 b\u016bd\u0173, kad i\u0161saugot\u0173 u\u017eaugintas g\u0117rybes per \u017eiem\u0105. Labai nor\u0117\u010diau, kad i\u0161likt\u0173 atei\u010diai, kulinarijos istorijai tai, k\u0105 \u017einau, k\u0105 prakti\u0161kai i\u0161band\u017eiau, k\u0105 vadinu konservavimo klasika. Neabejoju, kad ir \u0161iandien kulinarija besidomintiems tautie\u010diams t\u0173 mano \u017eini\u0173 prireiks. Tod\u0117l ry\u017eausi dar vienam gyvenimo \u017eingsniui \u2013 pakartotinai i\u0161leisti prie\u0161 daugel\u012f met\u0173 para\u0161yt\u0105 savo konservavimo knyg\u0105.\" \/>\n<meta property=\"og:url\" content=\"https:\/\/skaitytaknyga.lt\/en\/produktas\/konservavimo-klasika-budai-ir-recepturos-2\/\" \/>\n<meta property=\"og:site_name\" content=\"Skaitytaknyga\" \/>\n<meta property=\"article:publisher\" content=\"https:\/\/www.facebook.com\/skaitytaknyga\/\" \/>\n<meta property=\"article:modified_time\" content=\"2024-05-04T14:41:30+00:00\" \/>\n<meta property=\"og:image\" content=\"https:\/\/skaitytaknyga.lt\/wp-content\/uploads\/2024\/04\/1465563585_001.jpg\" \/>\n\t<meta property=\"og:image:width\" content=\"306\" \/>\n\t<meta property=\"og:image:height\" content=\"430\" \/>\n\t<meta property=\"og:image:type\" content=\"image\/jpeg\" \/>\n<meta name=\"twitter:card\" content=\"summary_large_image\" \/>\n<script type=\"application\/ld+json\" class=\"yoast-schema-graph\">{\"@context\":\"https:\\\/\\\/schema.org\",\"@graph\":[{\"@type\":\"WebPage\",\"@id\":\"https:\\\/\\\/skaitytaknyga.lt\\\/produktas\\\/konservavimo-klasika-budai-ir-recepturos-2\\\/\",\"url\":\"https:\\\/\\\/skaitytaknyga.lt\\\/produktas\\\/konservavimo-klasika-budai-ir-recepturos-2\\\/\",\"name\":\"Konservavimo klasika. B\u016bdai ir recept\u016bros - Skaitytaknyga\",\"isPartOf\":{\"@id\":\"https:\\\/\\\/skaitytaknyga.lt\\\/#website\"},\"primaryImageOfPage\":{\"@id\":\"https:\\\/\\\/skaitytaknyga.lt\\\/produktas\\\/konservavimo-klasika-budai-ir-recepturos-2\\\/#primaryimage\"},\"image\":{\"@id\":\"https:\\\/\\\/skaitytaknyga.lt\\\/produktas\\\/konservavimo-klasika-budai-ir-recepturos-2\\\/#primaryimage\"},\"thumbnailUrl\":\"https:\\\/\\\/skaitytaknyga.lt\\\/wp-content\\\/uploads\\\/2024\\\/04\\\/1465563585_001.jpg\",\"datePublished\":\"2024-05-04T14:41:12+00:00\",\"dateModified\":\"2024-05-04T14:41:30+00:00\",\"description\":\"Man jau beveik \u0161imtas met\u0173. Prisimenu laikus, kurie dabar kai kam atrodo gili senov\u0117, kai kaimo \u017emon\u0117s naudojo daugyb\u0119 laiko patikrint\u0173 b\u016bd\u0173, kad i\u0161saugot\u0173 u\u017eaugintas g\u0117rybes per \u017eiem\u0105. Labai nor\u0117\u010diau, kad i\u0161likt\u0173 atei\u010diai, kulinarijos istorijai tai, k\u0105 \u017einau, k\u0105 prakti\u0161kai i\u0161band\u017eiau, k\u0105 vadinu konservavimo klasika. Neabejoju, kad ir \u0161iandien kulinarija besidomintiems tautie\u010diams t\u0173 mano \u017eini\u0173 prireiks. Tod\u0117l ry\u017eausi dar vienam gyvenimo \u017eingsniui \u2013 pakartotinai i\u0161leisti prie\u0161 daugel\u012f met\u0173 para\u0161yt\u0105 savo konservavimo knyg\u0105.\",\"breadcrumb\":{\"@id\":\"https:\\\/\\\/skaitytaknyga.lt\\\/produktas\\\/konservavimo-klasika-budai-ir-recepturos-2\\\/#breadcrumb\"},\"inLanguage\":\"en-GB\",\"potentialAction\":[{\"@type\":\"ReadAction\",\"target\":[\"https:\\\/\\\/skaitytaknyga.lt\\\/produktas\\\/konservavimo-klasika-budai-ir-recepturos-2\\\/\"]}]},{\"@type\":\"ImageObject\",\"inLanguage\":\"en-GB\",\"@id\":\"https:\\\/\\\/skaitytaknyga.lt\\\/produktas\\\/konservavimo-klasika-budai-ir-recepturos-2\\\/#primaryimage\",\"url\":\"https:\\\/\\\/skaitytaknyga.lt\\\/wp-content\\\/uploads\\\/2024\\\/04\\\/1465563585_001.jpg\",\"contentUrl\":\"https:\\\/\\\/skaitytaknyga.lt\\\/wp-content\\\/uploads\\\/2024\\\/04\\\/1465563585_001.jpg\",\"width\":306,\"height\":430,\"caption\":\"1465563585 001\"},{\"@type\":\"BreadcrumbList\",\"@id\":\"https:\\\/\\\/skaitytaknyga.lt\\\/produktas\\\/konservavimo-klasika-budai-ir-recepturos-2\\\/#breadcrumb\",\"itemListElement\":[{\"@type\":\"ListItem\",\"position\":1,\"name\":\"Home\",\"item\":\"https:\\\/\\\/skaitytaknyga.lt\\\/\"},{\"@type\":\"ListItem\",\"position\":2,\"name\":\"Parduotuv\u0117\",\"item\":\"https:\\\/\\\/skaitytaknyga.lt\\\/knygu-parduotuve\\\/\"},{\"@type\":\"ListItem\",\"position\":3,\"name\":\"Konservavimo klasika. B\u016bdai ir recept\u016bros\"}]},{\"@type\":\"WebSite\",\"@id\":\"https:\\\/\\\/skaitytaknyga.lt\\\/#website\",\"url\":\"https:\\\/\\\/skaitytaknyga.lt\\\/\",\"name\":\"skaitytaknyga.lt\",\"description\":\"Skaitytaknyga.lt \u2013 tai ma\u017eas \u0161eimos verslas, kuris prasid\u0117jo nuo meil\u0117s knygoms ir siekio i\u0161gelb\u0117ti knygas nuo likimo prie konteinerio. Kas vienam nereikalingas daiktas \u2013 kitam lobis, o mes esame tarpininkai, kurie padeda abiems tapti laimingesniems ???? \u017dinome kaip nelengva i\u0161gyventi ma\u017eiems verslams, tad nuo \u0161iol, \u010dia rasite ir kit\u0173, ma\u017e\u0173 \u0161eim\u0173 versl\u0173, rank\u0173 darbo, dovan\u0173 sau ir artimiesiems.\",\"publisher\":{\"@id\":\"https:\\\/\\\/skaitytaknyga.lt\\\/#organization\"},\"potentialAction\":[{\"@type\":\"SearchAction\",\"target\":{\"@type\":\"EntryPoint\",\"urlTemplate\":\"https:\\\/\\\/skaitytaknyga.lt\\\/?s={search_term_string}\"},\"query-input\":{\"@type\":\"PropertyValueSpecification\",\"valueRequired\":true,\"valueName\":\"search_term_string\"}}],\"inLanguage\":\"en-GB\"},{\"@type\":\"Organization\",\"@id\":\"https:\\\/\\\/skaitytaknyga.lt\\\/#organization\",\"name\":\"skaitytaknyga.lt\",\"url\":\"https:\\\/\\\/skaitytaknyga.lt\\\/\",\"logo\":{\"@type\":\"ImageObject\",\"inLanguage\":\"en-GB\",\"@id\":\"https:\\\/\\\/skaitytaknyga.lt\\\/#\\\/schema\\\/logo\\\/image\\\/\",\"url\":\"https:\\\/\\\/skaitytaknyga.lt\\\/wp-content\\\/uploads\\\/2024\\\/05\\\/cropped-cropped-cropped-02_00843_jt3bggkj1j3HLc7SyY6rEUpg.jpeg\",\"contentUrl\":\"https:\\\/\\\/skaitytaknyga.lt\\\/wp-content\\\/uploads\\\/2024\\\/05\\\/cropped-cropped-cropped-02_00843_jt3bggkj1j3HLc7SyY6rEUpg.jpeg\",\"width\":1600,\"height\":1600,\"caption\":\"skaitytaknyga.lt\"},\"image\":{\"@id\":\"https:\\\/\\\/skaitytaknyga.lt\\\/#\\\/schema\\\/logo\\\/image\\\/\"},\"sameAs\":[\"https:\\\/\\\/www.facebook.com\\\/skaitytaknyga\\\/\"]}]}<\/script>\n<!-- \/ Yoast SEO plugin. -->","yoast_head_json":{"title":"Konservavimo klasika. B\u016bdai ir recept\u016bros - Skaitytaknyga","description":"Man jau beveik \u0161imtas met\u0173. Prisimenu laikus, kurie dabar kai kam atrodo gili senov\u0117, kai kaimo \u017emon\u0117s naudojo daugyb\u0119 laiko patikrint\u0173 b\u016bd\u0173, kad i\u0161saugot\u0173 u\u017eaugintas g\u0117rybes per \u017eiem\u0105. Labai nor\u0117\u010diau, kad i\u0161likt\u0173 atei\u010diai, kulinarijos istorijai tai, k\u0105 \u017einau, k\u0105 prakti\u0161kai i\u0161band\u017eiau, k\u0105 vadinu konservavimo klasika. Neabejoju, kad ir \u0161iandien kulinarija besidomintiems tautie\u010diams t\u0173 mano \u017eini\u0173 prireiks. Tod\u0117l ry\u017eausi dar vienam gyvenimo \u017eingsniui \u2013 pakartotinai i\u0161leisti prie\u0161 daugel\u012f met\u0173 para\u0161yt\u0105 savo konservavimo knyg\u0105.","robots":{"index":"index","follow":"follow","max-snippet":"max-snippet:-1","max-image-preview":"max-image-preview:large","max-video-preview":"max-video-preview:-1"},"canonical":"https:\/\/skaitytaknyga.lt\/en\/produktas\/konservavimo-klasika-budai-ir-recepturos-2\/","og_locale":"en_GB","og_type":"article","og_title":"Konservavimo klasika. B\u016bdai ir recept\u016bros - Skaitytaknyga","og_description":"Man jau beveik \u0161imtas met\u0173. Prisimenu laikus, kurie dabar kai kam atrodo gili senov\u0117, kai kaimo \u017emon\u0117s naudojo daugyb\u0119 laiko patikrint\u0173 b\u016bd\u0173, kad i\u0161saugot\u0173 u\u017eaugintas g\u0117rybes per \u017eiem\u0105. Labai nor\u0117\u010diau, kad i\u0161likt\u0173 atei\u010diai, kulinarijos istorijai tai, k\u0105 \u017einau, k\u0105 prakti\u0161kai i\u0161band\u017eiau, k\u0105 vadinu konservavimo klasika. Neabejoju, kad ir \u0161iandien kulinarija besidomintiems tautie\u010diams t\u0173 mano \u017eini\u0173 prireiks. Tod\u0117l ry\u017eausi dar vienam gyvenimo \u017eingsniui \u2013 pakartotinai i\u0161leisti prie\u0161 daugel\u012f met\u0173 para\u0161yt\u0105 savo konservavimo knyg\u0105.","og_url":"https:\/\/skaitytaknyga.lt\/en\/produktas\/konservavimo-klasika-budai-ir-recepturos-2\/","og_site_name":"Skaitytaknyga","article_publisher":"https:\/\/www.facebook.com\/skaitytaknyga\/","article_modified_time":"2024-05-04T14:41:30+00:00","og_image":[{"width":306,"height":430,"url":"https:\/\/skaitytaknyga.lt\/wp-content\/uploads\/2024\/04\/1465563585_001.jpg","type":"image\/jpeg"}],"twitter_card":"summary_large_image","schema":{"@context":"https:\/\/schema.org","@graph":[{"@type":"WebPage","@id":"https:\/\/skaitytaknyga.lt\/produktas\/konservavimo-klasika-budai-ir-recepturos-2\/","url":"https:\/\/skaitytaknyga.lt\/produktas\/konservavimo-klasika-budai-ir-recepturos-2\/","name":"Konservavimo klasika. B\u016bdai ir recept\u016bros - Skaitytaknyga","isPartOf":{"@id":"https:\/\/skaitytaknyga.lt\/#website"},"primaryImageOfPage":{"@id":"https:\/\/skaitytaknyga.lt\/produktas\/konservavimo-klasika-budai-ir-recepturos-2\/#primaryimage"},"image":{"@id":"https:\/\/skaitytaknyga.lt\/produktas\/konservavimo-klasika-budai-ir-recepturos-2\/#primaryimage"},"thumbnailUrl":"https:\/\/skaitytaknyga.lt\/wp-content\/uploads\/2024\/04\/1465563585_001.jpg","datePublished":"2024-05-04T14:41:12+00:00","dateModified":"2024-05-04T14:41:30+00:00","description":"Man jau beveik \u0161imtas met\u0173. Prisimenu laikus, kurie dabar kai kam atrodo gili senov\u0117, kai kaimo \u017emon\u0117s naudojo daugyb\u0119 laiko patikrint\u0173 b\u016bd\u0173, kad i\u0161saugot\u0173 u\u017eaugintas g\u0117rybes per \u017eiem\u0105. Labai nor\u0117\u010diau, kad i\u0161likt\u0173 atei\u010diai, kulinarijos istorijai tai, k\u0105 \u017einau, k\u0105 prakti\u0161kai i\u0161band\u017eiau, k\u0105 vadinu konservavimo klasika. Neabejoju, kad ir \u0161iandien kulinarija besidomintiems tautie\u010diams t\u0173 mano \u017eini\u0173 prireiks. Tod\u0117l ry\u017eausi dar vienam gyvenimo \u017eingsniui \u2013 pakartotinai i\u0161leisti prie\u0161 daugel\u012f met\u0173 para\u0161yt\u0105 savo konservavimo knyg\u0105.","breadcrumb":{"@id":"https:\/\/skaitytaknyga.lt\/produktas\/konservavimo-klasika-budai-ir-recepturos-2\/#breadcrumb"},"inLanguage":"en-GB","potentialAction":[{"@type":"ReadAction","target":["https:\/\/skaitytaknyga.lt\/produktas\/konservavimo-klasika-budai-ir-recepturos-2\/"]}]},{"@type":"ImageObject","inLanguage":"en-GB","@id":"https:\/\/skaitytaknyga.lt\/produktas\/konservavimo-klasika-budai-ir-recepturos-2\/#primaryimage","url":"https:\/\/skaitytaknyga.lt\/wp-content\/uploads\/2024\/04\/1465563585_001.jpg","contentUrl":"https:\/\/skaitytaknyga.lt\/wp-content\/uploads\/2024\/04\/1465563585_001.jpg","width":306,"height":430,"caption":"1465563585 001"},{"@type":"BreadcrumbList","@id":"https:\/\/skaitytaknyga.lt\/produktas\/konservavimo-klasika-budai-ir-recepturos-2\/#breadcrumb","itemListElement":[{"@type":"ListItem","position":1,"name":"Home","item":"https:\/\/skaitytaknyga.lt\/"},{"@type":"ListItem","position":2,"name":"Parduotuv\u0117","item":"https:\/\/skaitytaknyga.lt\/knygu-parduotuve\/"},{"@type":"ListItem","position":3,"name":"Konservavimo klasika. B\u016bdai ir recept\u016bros"}]},{"@type":"WebSite","@id":"https:\/\/skaitytaknyga.lt\/#website","url":"https:\/\/skaitytaknyga.lt\/","name":"skaitytaknyga.lt","description":"Skaitytaknyga.lt \u2013 tai ma\u017eas \u0161eimos verslas, kuris prasid\u0117jo nuo meil\u0117s knygoms ir siekio i\u0161gelb\u0117ti knygas nuo likimo prie konteinerio. Kas vienam nereikalingas daiktas \u2013 kitam lobis, o mes esame tarpininkai, kurie padeda abiems tapti laimingesniems ???? \u017dinome kaip nelengva i\u0161gyventi ma\u017eiems verslams, tad nuo \u0161iol, \u010dia rasite ir kit\u0173, ma\u017e\u0173 \u0161eim\u0173 versl\u0173, rank\u0173 darbo, dovan\u0173 sau ir artimiesiems.","publisher":{"@id":"https:\/\/skaitytaknyga.lt\/#organization"},"potentialAction":[{"@type":"SearchAction","target":{"@type":"EntryPoint","urlTemplate":"https:\/\/skaitytaknyga.lt\/?s={search_term_string}"},"query-input":{"@type":"PropertyValueSpecification","valueRequired":true,"valueName":"search_term_string"}}],"inLanguage":"en-GB"},{"@type":"Organization","@id":"https:\/\/skaitytaknyga.lt\/#organization","name":"skaitytaknyga.lt","url":"https:\/\/skaitytaknyga.lt\/","logo":{"@type":"ImageObject","inLanguage":"en-GB","@id":"https:\/\/skaitytaknyga.lt\/#\/schema\/logo\/image\/","url":"https:\/\/skaitytaknyga.lt\/wp-content\/uploads\/2024\/05\/cropped-cropped-cropped-02_00843_jt3bggkj1j3HLc7SyY6rEUpg.jpeg","contentUrl":"https:\/\/skaitytaknyga.lt\/wp-content\/uploads\/2024\/05\/cropped-cropped-cropped-02_00843_jt3bggkj1j3HLc7SyY6rEUpg.jpeg","width":1600,"height":1600,"caption":"skaitytaknyga.lt"},"image":{"@id":"https:\/\/skaitytaknyga.lt\/#\/schema\/logo\/image\/"},"sameAs":["https:\/\/www.facebook.com\/skaitytaknyga\/"]}]}},"_links":{"self":[{"href":"https:\/\/skaitytaknyga.lt\/en\/wp-json\/wp\/v2\/product\/8166","targetHints":{"allow":["GET"]}}],"collection":[{"href":"https:\/\/skaitytaknyga.lt\/en\/wp-json\/wp\/v2\/product"}],"about":[{"href":"https:\/\/skaitytaknyga.lt\/en\/wp-json\/wp\/v2\/types\/product"}],"replies":[{"embeddable":true,"href":"https:\/\/skaitytaknyga.lt\/en\/wp-json\/wp\/v2\/comments?post=8166"}],"wp:featuredmedia":[{"embeddable":true,"href":"https:\/\/skaitytaknyga.lt\/en\/wp-json\/wp\/v2\/media\/4027"}],"wp:attachment":[{"href":"https:\/\/skaitytaknyga.lt\/en\/wp-json\/wp\/v2\/media?parent=8166"}],"wp:term":[{"taxonomy":"product_brand","embeddable":true,"href":"https:\/\/skaitytaknyga.lt\/en\/wp-json\/wp\/v2\/product_brand?post=8166"},{"taxonomy":"product_cat","embeddable":true,"href":"https:\/\/skaitytaknyga.lt\/en\/wp-json\/wp\/v2\/product_cat?post=8166"},{"taxonomy":"product_tag","embeddable":true,"href":"https:\/\/skaitytaknyga.lt\/en\/wp-json\/wp\/v2\/product_tag?post=8166"}],"curies":[{"name":"wp","href":"https:\/\/api.w.org\/{rel}","templated":true}]}}