{"id":8165,"date":"2024-05-04T14:41:12","date_gmt":"2024-05-04T14:41:12","guid":{"rendered":"https:\/\/skaitytaknyga.lt\/?post_type=product&#038;p=8165"},"modified":"2025-06-26T16:10:18","modified_gmt":"2025-06-26T13:10:18","slug":"robertas-scesnavicius-gurmano-uzrasai-2","status":"publish","type":"product","link":"https:\/\/skaitytaknyga.lt\/en\/produktas\/robertas-scesnavicius-gurmano-uzrasai-2\/","title":{"rendered":"Gurmano u\u017era\u0161ai"},"content":{"rendered":"<p>Su kokiu ne\u012fsivaizduojamu azartu \u017evilgantis molibdeno peilis raiko prinokus\u012f pomidor\u0105, o kraujuojant\u012f j\u012f pribaigia, lyg pilkos snaig\u0117s krintan\u010dios i\u0161 dangaus, juodieji pipirai.<\/p>\n<p>Primena i\u0161trauk\u0105 i\u0161 \u012ftempto siu\u017eeto trilerio? Tai veikiau \u012ftempto siu\u017eeto gastronomijos scenarijus, kur\u012f su ne\u017eabota aistra bei fantazija kulinarijos metras ir gurmanas Robertas \u0160\u010desnavi\u010dius ra\u0161o jau 35 metus. Kvapo fenomenas, skonio psichologija, ditirambai Europos \u0161ali\u0173 virtuvei ir genialiesiems restoran\u0173 \u0161efams bei j\u0173 \u0161edevrams. Visa tai pagardinta pikanti\u0161komis istorijomis apie sutiktas garsenybes, a\u0161triais kelioni\u0173 prieskoniais, pateikiama su elegancija, ironija, i\u0161mintimi ir pa\u0161maik\u0161tavimais. Per gastronomij\u0105 apie gyvenim\u0105, per gyvenim\u0105 apie gastronomij\u0105 \u2013 puikus \u0161io \u201eliterat\u016bros patiekalo\u201c apib\u016bdinimas.<\/p>\n","protected":false},"excerpt":{"rendered":"<p>Su kokiu ne\u012fsivaizduojamu azartu \u017evilgantis molibdeno peilis raiko prinokus\u012f pomidor\u0105, o kraujuojant\u012f j\u012f pribaigia, lyg pilkos snaig\u0117s krintan\u010dios i\u0161 dangaus, juodieji pipirai.<\/p>\n<p>Primena i\u0161trauk\u0105 i\u0161 \u012ftempto siu\u017eeto trilerio? Tai veikiau \u012ftempto siu\u017eeto gastronomijos scenarijus, kur\u012f su ne\u017eabota aistra bei fantazija kulinarijos metras ir gurmanas Robertas \u0160\u010desnavi\u010dius ra\u0161o jau 35 metus. Kvapo fenomenas, skonio psichologija, ditirambai Europos \u0161ali\u0173 virtuvei ir genialiesiems restoran\u0173 \u0161efams bei j\u0173 \u0161edevrams. Visa tai pagardinta pikanti\u0161komis istorijomis apie sutiktas garsenybes, a\u0161triais kelioni\u0173 prieskoniais, pateikiama su elegancija, ironija, i\u0161mintimi ir pa\u0161maik\u0161tavimais. Per gastronomij\u0105 apie gyvenim\u0105, per gyvenim\u0105 apie gastronomij\u0105 \u2013 puikus \u0161io \u201eliterat\u016bros patiekalo\u201c apib\u016bdinimas.<\/p>\n","protected":false},"featured_media":4026,"comment_status":"closed","ping_status":"closed","template":"","meta":{"_acf_changed":false,"site-sidebar-layout":"default","site-content-layout":"","ast-site-content-layout":"default","site-content-style":"default","site-sidebar-style":"default","ast-global-header-display":"","ast-banner-title-visibility":"","ast-main-header-display":"","ast-hfb-above-header-display":"","ast-hfb-below-header-display":"","ast-hfb-mobile-header-display":"","site-post-title":"","ast-breadcrumbs-content":"","ast-featured-img":"","footer-sml-layout":"","ast-disable-related-posts":"","theme-transparent-header-meta":"","adv-header-id-meta":"","stick-header-meta":"","header-above-stick-meta":"","header-main-stick-meta":"","header-below-stick-meta":"","astra-migrate-meta-layouts":"default","ast-page-background-enabled":"default","ast-page-background-meta":{"desktop":{"background-color":"","background-image":"","background-repeat":"repeat","background-position":"center center","background-size":"auto","background-attachment":"scroll","background-type":"","background-media":"","overlay-type":"","overlay-color":"","overlay-opacity":"","overlay-gradient":""},"tablet":{"background-color":"","background-image":"","background-repeat":"repeat","background-position":"center center","background-size":"auto","background-attachment":"scroll","background-type":"","background-media":"","overlay-type":"","overlay-color":"","overlay-opacity":"","overlay-gradient":""},"mobile":{"background-color":"","background-image":"","background-repeat":"repeat","background-position":"center center","background-size":"auto","background-attachment":"scroll","background-type":"","background-media":"","overlay-type":"","overlay-color":"","overlay-opacity":"","overlay-gradient":""}},"ast-content-background-meta":{"desktop":{"background-color":"var(--ast-global-color-4)","background-image":"","background-repeat":"repeat","background-position":"center center","background-size":"auto","background-attachment":"scroll","background-type":"","background-media":"","overlay-type":"","overlay-color":"","overlay-opacity":"","overlay-gradient":""},"tablet":{"background-color":"var(--ast-global-color-4)","background-image":"","background-repeat":"repeat","background-position":"center center","background-size":"auto","background-attachment":"scroll","background-type":"","background-media":"","overlay-type":"","overlay-color":"","overlay-opacity":"","overlay-gradient":""},"mobile":{"background-color":"var(--ast-global-color-4)","background-image":"","background-repeat":"repeat","background-position":"center center","background-size":"auto","background-attachment":"scroll","background-type":"","background-media":"","overlay-type":"","overlay-color":"","overlay-opacity":"","overlay-gradient":""}}},"product_brand":[],"product_cat":[58],"product_tag":[2015,1884,4085,1445,1881,1883,6020,1587,5790],"class_list":{"0":"post-8165","1":"product","2":"type-product","3":"status-publish","4":"has-post-thumbnail","6":"product_cat-receptai","7":"product_tag-aistra","8":"product_tag-gastronomija","9":"product_tag-ironija","10":"product_tag-keliones","11":"product_tag-kulinarija","12":"product_tag-receptai","13":"product_tag-robertas-scesnavicius","14":"product_tag-trileris","15":"product_tag-virtuve","16":"desktop-align-left","17":"tablet-align-left","18":"mobile-align-left","20":"first","21":"instock","22":"shipping-taxable","23":"purchasable","24":"product-type-simple"},"acf":[],"yoast_head":"<!-- This site is optimized with the Yoast SEO plugin v27.0 - https:\/\/yoast.com\/product\/yoast-seo-wordpress\/ -->\n<title>Gurmano u\u017era\u0161ai<\/title>\n<meta name=\"description\" content=\"Su kokiu ne\u012fsivaizduojamu azartu \u017evilgantis molibdeno peilis raiko prinokus\u012f pomidor\u0105, o kraujuojant\u012f j\u012f pribaigia, lyg pilkos snaig\u0117s krintan\u010dios i\u0161 dangaus, juodieji pipirai.  Primena i\u0161trauk\u0105 i\u0161 \u012ftempto siu\u017eeto trilerio? Tai veikiau \u012ftempto siu\u017eeto gastronomijos scenarijus, kur\u012f su ne\u017eabota aistra bei fantazija kulinarijos metras ir gurmanas Robertas \u0160\u010desnavi\u010dius ra\u0161o jau 35 metus. Kvapo fenomenas, skonio psichologija, ditirambai Europos \u0161ali\u0173 virtuvei ir genialiesiems restoran\u0173 \u0161efams bei j\u0173 \u0161edevrams. Visa tai pagardinta pikanti\u0161komis istorijomis apie sutiktas garsenybes, a\u0161triais kelioni\u0173 prieskoniais, pateikiama su elegancija, ironija, i\u0161mintimi ir pa\u0161maik\u0161tavimais. Per gastronomij\u0105 apie gyvenim\u0105, per gyvenim\u0105 apie gastronomij\u0105 \u2013 puikus \u0161io \u201eliterat\u016bros patiekalo\u201c apib\u016bdinimas.\" \/>\n<meta name=\"robots\" content=\"index, follow, max-snippet:-1, max-image-preview:large, max-video-preview:-1\" \/>\n<link rel=\"canonical\" href=\"https:\/\/skaitytaknyga.lt\/en\/produktas\/robertas-scesnavicius-gurmano-uzrasai-2\/\" \/>\n<meta property=\"og:locale\" content=\"en_GB\" \/>\n<meta property=\"og:locale:alternate\" content=\"lt_LT\" \/>\n<meta property=\"og:type\" content=\"article\" \/>\n<meta property=\"og:title\" content=\"Gurmano u\u017era\u0161ai\" \/>\n<meta property=\"og:description\" content=\"Su kokiu ne\u012fsivaizduojamu azartu \u017evilgantis molibdeno peilis raiko prinokus\u012f pomidor\u0105, o kraujuojant\u012f j\u012f pribaigia, lyg pilkos snaig\u0117s krintan\u010dios i\u0161 dangaus, juodieji pipirai.  Primena i\u0161trauk\u0105 i\u0161 \u012ftempto siu\u017eeto trilerio? Tai veikiau \u012ftempto siu\u017eeto gastronomijos scenarijus, kur\u012f su ne\u017eabota aistra bei fantazija kulinarijos metras ir gurmanas Robertas \u0160\u010desnavi\u010dius ra\u0161o jau 35 metus. Kvapo fenomenas, skonio psichologija, ditirambai Europos \u0161ali\u0173 virtuvei ir genialiesiems restoran\u0173 \u0161efams bei j\u0173 \u0161edevrams. Visa tai pagardinta pikanti\u0161komis istorijomis apie sutiktas garsenybes, a\u0161triais kelioni\u0173 prieskoniais, pateikiama su elegancija, ironija, i\u0161mintimi ir pa\u0161maik\u0161tavimais. Per gastronomij\u0105 apie gyvenim\u0105, per gyvenim\u0105 apie gastronomij\u0105 \u2013 puikus \u0161io \u201eliterat\u016bros patiekalo\u201c apib\u016bdinimas.\" \/>\n<meta property=\"og:url\" content=\"https:\/\/skaitytaknyga.lt\/en\/produktas\/robertas-scesnavicius-gurmano-uzrasai-2\/\" \/>\n<meta property=\"og:site_name\" content=\"Skaitytaknyga\" \/>\n<meta property=\"article:publisher\" content=\"https:\/\/www.facebook.com\/skaitytaknyga\/\" \/>\n<meta property=\"article:modified_time\" content=\"2025-06-26T13:10:18+00:00\" \/>\n<meta property=\"og:image\" content=\"https:\/\/skaitytaknyga.lt\/wp-content\/uploads\/2024\/04\/1462873707_gurmano-uzrasai.jpg\" \/>\n\t<meta property=\"og:image:width\" content=\"320\" \/>\n\t<meta property=\"og:image:height\" content=\"399\" \/>\n\t<meta property=\"og:image:type\" content=\"image\/jpeg\" \/>\n<meta name=\"twitter:card\" content=\"summary_large_image\" \/>\n<meta name=\"twitter:label1\" content=\"Estimated reading time\" \/>\n\t<meta name=\"twitter:data1\" content=\"1 minute\" \/>\n<script type=\"application\/ld+json\" class=\"yoast-schema-graph\">{\"@context\":\"https:\/\/schema.org\",\"@graph\":[{\"@type\":\"WebPage\",\"@id\":\"https:\/\/skaitytaknyga.lt\/produktas\/robertas-scesnavicius-gurmano-uzrasai-2\/\",\"url\":\"https:\/\/skaitytaknyga.lt\/produktas\/robertas-scesnavicius-gurmano-uzrasai-2\/\",\"name\":\"Gurmano u\u017era\u0161ai\",\"isPartOf\":{\"@id\":\"https:\/\/skaitytaknyga.lt\/#website\"},\"primaryImageOfPage\":{\"@id\":\"https:\/\/skaitytaknyga.lt\/produktas\/robertas-scesnavicius-gurmano-uzrasai-2\/#primaryimage\"},\"image\":{\"@id\":\"https:\/\/skaitytaknyga.lt\/produktas\/robertas-scesnavicius-gurmano-uzrasai-2\/#primaryimage\"},\"thumbnailUrl\":\"https:\/\/skaitytaknyga.lt\/wp-content\/uploads\/2024\/04\/1462873707_gurmano-uzrasai.jpg\",\"datePublished\":\"2024-05-04T14:41:12+00:00\",\"dateModified\":\"2025-06-26T13:10:18+00:00\",\"description\":\"Su kokiu ne\u012fsivaizduojamu azartu \u017evilgantis molibdeno peilis raiko prinokus\u012f pomidor\u0105, o kraujuojant\u012f j\u012f pribaigia, lyg pilkos snaig\u0117s krintan\u010dios i\u0161 dangaus, juodieji pipirai. Primena i\u0161trauk\u0105 i\u0161 \u012ftempto siu\u017eeto trilerio? Tai veikiau \u012ftempto siu\u017eeto gastronomijos scenarijus, kur\u012f su ne\u017eabota aistra bei fantazija kulinarijos metras ir gurmanas Robertas \u0160\u010desnavi\u010dius ra\u0161o jau 35 metus. Kvapo fenomenas, skonio psichologija, ditirambai Europos \u0161ali\u0173 virtuvei ir genialiesiems restoran\u0173 \u0161efams bei j\u0173 \u0161edevrams. Visa tai pagardinta pikanti\u0161komis istorijomis apie sutiktas garsenybes, a\u0161triais kelioni\u0173 prieskoniais, pateikiama su elegancija, ironija, i\u0161mintimi ir pa\u0161maik\u0161tavimais. Per gastronomij\u0105 apie gyvenim\u0105, per gyvenim\u0105 apie gastronomij\u0105 \u2013 puikus \u0161io \u201eliterat\u016bros patiekalo\u201c apib\u016bdinimas.\",\"breadcrumb\":{\"@id\":\"https:\/\/skaitytaknyga.lt\/produktas\/robertas-scesnavicius-gurmano-uzrasai-2\/#breadcrumb\"},\"inLanguage\":\"en-GB\",\"potentialAction\":[{\"@type\":\"ReadAction\",\"target\":[\"https:\/\/skaitytaknyga.lt\/produktas\/robertas-scesnavicius-gurmano-uzrasai-2\/\"]}]},{\"@type\":\"ImageObject\",\"inLanguage\":\"en-GB\",\"@id\":\"https:\/\/skaitytaknyga.lt\/produktas\/robertas-scesnavicius-gurmano-uzrasai-2\/#primaryimage\",\"url\":\"https:\/\/skaitytaknyga.lt\/wp-content\/uploads\/2024\/04\/1462873707_gurmano-uzrasai.jpg\",\"contentUrl\":\"https:\/\/skaitytaknyga.lt\/wp-content\/uploads\/2024\/04\/1462873707_gurmano-uzrasai.jpg\",\"width\":320,\"height\":399,\"caption\":\"1462873707 gurmano uzrasai\"},{\"@type\":\"BreadcrumbList\",\"@id\":\"https:\/\/skaitytaknyga.lt\/produktas\/robertas-scesnavicius-gurmano-uzrasai-2\/#breadcrumb\",\"itemListElement\":[{\"@type\":\"ListItem\",\"position\":1,\"name\":\"Home\",\"item\":\"https:\/\/skaitytaknyga.lt\/\"},{\"@type\":\"ListItem\",\"position\":2,\"name\":\"Parduotuv\u0117\",\"item\":\"https:\/\/skaitytaknyga.lt\/knygu-parduotuve\/\"},{\"@type\":\"ListItem\",\"position\":3,\"name\":\"Gurmano u\u017era\u0161ai\"}]},{\"@type\":\"WebSite\",\"@id\":\"https:\/\/skaitytaknyga.lt\/#website\",\"url\":\"https:\/\/skaitytaknyga.lt\/\",\"name\":\"skaitytaknyga.lt\",\"description\":\"Skaitytaknyga.lt \u2013 tai ma\u017eas \u0161eimos verslas, kuris prasid\u0117jo nuo meil\u0117s knygoms ir siekio i\u0161gelb\u0117ti knygas nuo likimo prie konteinerio. Kas vienam nereikalingas daiktas \u2013 kitam lobis, o mes esame tarpininkai, kurie padeda abiems tapti laimingesniems ???? \u017dinome kaip nelengva i\u0161gyventi ma\u017eiems verslams, tad nuo \u0161iol, \u010dia rasite ir kit\u0173, ma\u017e\u0173 \u0161eim\u0173 versl\u0173, rank\u0173 darbo, dovan\u0173 sau ir artimiesiems.\",\"publisher\":{\"@id\":\"https:\/\/skaitytaknyga.lt\/#organization\"},\"potentialAction\":[{\"@type\":\"SearchAction\",\"target\":{\"@type\":\"EntryPoint\",\"urlTemplate\":\"https:\/\/skaitytaknyga.lt\/?s={search_term_string}\"},\"query-input\":{\"@type\":\"PropertyValueSpecification\",\"valueRequired\":true,\"valueName\":\"search_term_string\"}}],\"inLanguage\":\"en-GB\"},{\"@type\":\"Organization\",\"@id\":\"https:\/\/skaitytaknyga.lt\/#organization\",\"name\":\"skaitytaknyga.lt\",\"url\":\"https:\/\/skaitytaknyga.lt\/\",\"logo\":{\"@type\":\"ImageObject\",\"inLanguage\":\"en-GB\",\"@id\":\"https:\/\/skaitytaknyga.lt\/#\/schema\/logo\/image\/\",\"url\":\"https:\/\/skaitytaknyga.lt\/wp-content\/uploads\/2024\/05\/cropped-cropped-cropped-02_00843_jt3bggkj1j3HLc7SyY6rEUpg.jpeg\",\"contentUrl\":\"https:\/\/skaitytaknyga.lt\/wp-content\/uploads\/2024\/05\/cropped-cropped-cropped-02_00843_jt3bggkj1j3HLc7SyY6rEUpg.jpeg\",\"width\":1600,\"height\":1600,\"caption\":\"skaitytaknyga.lt\"},\"image\":{\"@id\":\"https:\/\/skaitytaknyga.lt\/#\/schema\/logo\/image\/\"},\"sameAs\":[\"https:\/\/www.facebook.com\/skaitytaknyga\/\"]}]}<\/script>\n<!-- \/ Yoast SEO plugin. -->","yoast_head_json":{"title":"Gurmano u\u017era\u0161ai","description":"Su kokiu ne\u012fsivaizduojamu azartu \u017evilgantis molibdeno peilis raiko prinokus\u012f pomidor\u0105, o kraujuojant\u012f j\u012f pribaigia, lyg pilkos snaig\u0117s krintan\u010dios i\u0161 dangaus, juodieji pipirai.  Primena i\u0161trauk\u0105 i\u0161 \u012ftempto siu\u017eeto trilerio? Tai veikiau \u012ftempto siu\u017eeto gastronomijos scenarijus, kur\u012f su ne\u017eabota aistra bei fantazija kulinarijos metras ir gurmanas Robertas \u0160\u010desnavi\u010dius ra\u0161o jau 35 metus. Kvapo fenomenas, skonio psichologija, ditirambai Europos \u0161ali\u0173 virtuvei ir genialiesiems restoran\u0173 \u0161efams bei j\u0173 \u0161edevrams. Visa tai pagardinta pikanti\u0161komis istorijomis apie sutiktas garsenybes, a\u0161triais kelioni\u0173 prieskoniais, pateikiama su elegancija, ironija, i\u0161mintimi ir pa\u0161maik\u0161tavimais. Per gastronomij\u0105 apie gyvenim\u0105, per gyvenim\u0105 apie gastronomij\u0105 \u2013 puikus \u0161io \u201eliterat\u016bros patiekalo\u201c apib\u016bdinimas.","robots":{"index":"index","follow":"follow","max-snippet":"max-snippet:-1","max-image-preview":"max-image-preview:large","max-video-preview":"max-video-preview:-1"},"canonical":"https:\/\/skaitytaknyga.lt\/en\/produktas\/robertas-scesnavicius-gurmano-uzrasai-2\/","og_locale":"en_GB","og_type":"article","og_title":"[:lt]Gurmano u\u017era\u0161ai[:] - Skaitytaknyga","og_description":"Su kokiu ne\u012fsivaizduojamu azartu \u017evilgantis molibdeno peilis raiko prinokus\u012f pomidor\u0105, o kraujuojant\u012f j\u012f pribaigia, lyg pilkos snaig\u0117s krintan\u010dios i\u0161 dangaus, juodieji pipirai.  Primena i\u0161trauk\u0105 i\u0161 \u012ftempto siu\u017eeto trilerio? Tai veikiau \u012ftempto siu\u017eeto gastronomijos scenarijus, kur\u012f su ne\u017eabota aistra bei fantazija kulinarijos metras ir gurmanas Robertas \u0160\u010desnavi\u010dius ra\u0161o jau 35 metus. Kvapo fenomenas, skonio psichologija, ditirambai Europos \u0161ali\u0173 virtuvei ir genialiesiems restoran\u0173 \u0161efams bei j\u0173 \u0161edevrams. Visa tai pagardinta pikanti\u0161komis istorijomis apie sutiktas garsenybes, a\u0161triais kelioni\u0173 prieskoniais, pateikiama su elegancija, ironija, i\u0161mintimi ir pa\u0161maik\u0161tavimais. Per gastronomij\u0105 apie gyvenim\u0105, per gyvenim\u0105 apie gastronomij\u0105 \u2013 puikus \u0161io \u201eliterat\u016bros patiekalo\u201c apib\u016bdinimas.","og_url":"https:\/\/skaitytaknyga.lt\/en\/produktas\/robertas-scesnavicius-gurmano-uzrasai-2\/","og_site_name":"Skaitytaknyga","article_publisher":"https:\/\/www.facebook.com\/skaitytaknyga\/","article_modified_time":"2025-06-26T13:10:18+00:00","og_image":[{"width":320,"height":399,"url":"https:\/\/skaitytaknyga.lt\/wp-content\/uploads\/2024\/04\/1462873707_gurmano-uzrasai.jpg","type":"image\/jpeg"}],"twitter_card":"summary_large_image","twitter_misc":{"Estimated reading time":"1 minute"},"schema":{"@context":"https:\/\/schema.org","@graph":[{"@type":"WebPage","@id":"https:\/\/skaitytaknyga.lt\/produktas\/robertas-scesnavicius-gurmano-uzrasai-2\/","url":"https:\/\/skaitytaknyga.lt\/produktas\/robertas-scesnavicius-gurmano-uzrasai-2\/","name":"Gurmano u\u017era\u0161ai","isPartOf":{"@id":"https:\/\/skaitytaknyga.lt\/#website"},"primaryImageOfPage":{"@id":"https:\/\/skaitytaknyga.lt\/produktas\/robertas-scesnavicius-gurmano-uzrasai-2\/#primaryimage"},"image":{"@id":"https:\/\/skaitytaknyga.lt\/produktas\/robertas-scesnavicius-gurmano-uzrasai-2\/#primaryimage"},"thumbnailUrl":"https:\/\/skaitytaknyga.lt\/wp-content\/uploads\/2024\/04\/1462873707_gurmano-uzrasai.jpg","datePublished":"2024-05-04T14:41:12+00:00","dateModified":"2025-06-26T13:10:18+00:00","description":"Su kokiu ne\u012fsivaizduojamu azartu \u017evilgantis molibdeno peilis raiko prinokus\u012f pomidor\u0105, o kraujuojant\u012f j\u012f pribaigia, lyg pilkos snaig\u0117s krintan\u010dios i\u0161 dangaus, juodieji pipirai. Primena i\u0161trauk\u0105 i\u0161 \u012ftempto siu\u017eeto trilerio? Tai veikiau \u012ftempto siu\u017eeto gastronomijos scenarijus, kur\u012f su ne\u017eabota aistra bei fantazija kulinarijos metras ir gurmanas Robertas \u0160\u010desnavi\u010dius ra\u0161o jau 35 metus. Kvapo fenomenas, skonio psichologija, ditirambai Europos \u0161ali\u0173 virtuvei ir genialiesiems restoran\u0173 \u0161efams bei j\u0173 \u0161edevrams. Visa tai pagardinta pikanti\u0161komis istorijomis apie sutiktas garsenybes, a\u0161triais kelioni\u0173 prieskoniais, pateikiama su elegancija, ironija, i\u0161mintimi ir pa\u0161maik\u0161tavimais. Per gastronomij\u0105 apie gyvenim\u0105, per gyvenim\u0105 apie gastronomij\u0105 \u2013 puikus \u0161io \u201eliterat\u016bros patiekalo\u201c apib\u016bdinimas.","breadcrumb":{"@id":"https:\/\/skaitytaknyga.lt\/produktas\/robertas-scesnavicius-gurmano-uzrasai-2\/#breadcrumb"},"inLanguage":"en-GB","potentialAction":[{"@type":"ReadAction","target":["https:\/\/skaitytaknyga.lt\/produktas\/robertas-scesnavicius-gurmano-uzrasai-2\/"]}]},{"@type":"ImageObject","inLanguage":"en-GB","@id":"https:\/\/skaitytaknyga.lt\/produktas\/robertas-scesnavicius-gurmano-uzrasai-2\/#primaryimage","url":"https:\/\/skaitytaknyga.lt\/wp-content\/uploads\/2024\/04\/1462873707_gurmano-uzrasai.jpg","contentUrl":"https:\/\/skaitytaknyga.lt\/wp-content\/uploads\/2024\/04\/1462873707_gurmano-uzrasai.jpg","width":320,"height":399,"caption":"1462873707 gurmano uzrasai"},{"@type":"BreadcrumbList","@id":"https:\/\/skaitytaknyga.lt\/produktas\/robertas-scesnavicius-gurmano-uzrasai-2\/#breadcrumb","itemListElement":[{"@type":"ListItem","position":1,"name":"Home","item":"https:\/\/skaitytaknyga.lt\/"},{"@type":"ListItem","position":2,"name":"Parduotuv\u0117","item":"https:\/\/skaitytaknyga.lt\/knygu-parduotuve\/"},{"@type":"ListItem","position":3,"name":"Gurmano u\u017era\u0161ai"}]},{"@type":"WebSite","@id":"https:\/\/skaitytaknyga.lt\/#website","url":"https:\/\/skaitytaknyga.lt\/","name":"skaitytaknyga.lt","description":"Skaitytaknyga.lt \u2013 tai ma\u017eas \u0161eimos verslas, kuris prasid\u0117jo nuo meil\u0117s knygoms ir siekio i\u0161gelb\u0117ti knygas nuo likimo prie konteinerio. Kas vienam nereikalingas daiktas \u2013 kitam lobis, o mes esame tarpininkai, kurie padeda abiems tapti laimingesniems ???? \u017dinome kaip nelengva i\u0161gyventi ma\u017eiems verslams, tad nuo \u0161iol, \u010dia rasite ir kit\u0173, ma\u017e\u0173 \u0161eim\u0173 versl\u0173, rank\u0173 darbo, dovan\u0173 sau ir artimiesiems.","publisher":{"@id":"https:\/\/skaitytaknyga.lt\/#organization"},"potentialAction":[{"@type":"SearchAction","target":{"@type":"EntryPoint","urlTemplate":"https:\/\/skaitytaknyga.lt\/?s={search_term_string}"},"query-input":{"@type":"PropertyValueSpecification","valueRequired":true,"valueName":"search_term_string"}}],"inLanguage":"en-GB"},{"@type":"Organization","@id":"https:\/\/skaitytaknyga.lt\/#organization","name":"skaitytaknyga.lt","url":"https:\/\/skaitytaknyga.lt\/","logo":{"@type":"ImageObject","inLanguage":"en-GB","@id":"https:\/\/skaitytaknyga.lt\/#\/schema\/logo\/image\/","url":"https:\/\/skaitytaknyga.lt\/wp-content\/uploads\/2024\/05\/cropped-cropped-cropped-02_00843_jt3bggkj1j3HLc7SyY6rEUpg.jpeg","contentUrl":"https:\/\/skaitytaknyga.lt\/wp-content\/uploads\/2024\/05\/cropped-cropped-cropped-02_00843_jt3bggkj1j3HLc7SyY6rEUpg.jpeg","width":1600,"height":1600,"caption":"skaitytaknyga.lt"},"image":{"@id":"https:\/\/skaitytaknyga.lt\/#\/schema\/logo\/image\/"},"sameAs":["https:\/\/www.facebook.com\/skaitytaknyga\/"]}]}},"_links":{"self":[{"href":"https:\/\/skaitytaknyga.lt\/en\/wp-json\/wp\/v2\/product\/8165","targetHints":{"allow":["GET"]}}],"collection":[{"href":"https:\/\/skaitytaknyga.lt\/en\/wp-json\/wp\/v2\/product"}],"about":[{"href":"https:\/\/skaitytaknyga.lt\/en\/wp-json\/wp\/v2\/types\/product"}],"replies":[{"embeddable":true,"href":"https:\/\/skaitytaknyga.lt\/en\/wp-json\/wp\/v2\/comments?post=8165"}],"wp:featuredmedia":[{"embeddable":true,"href":"https:\/\/skaitytaknyga.lt\/en\/wp-json\/wp\/v2\/media\/4026"}],"wp:attachment":[{"href":"https:\/\/skaitytaknyga.lt\/en\/wp-json\/wp\/v2\/media?parent=8165"}],"wp:term":[{"taxonomy":"product_brand","embeddable":true,"href":"https:\/\/skaitytaknyga.lt\/en\/wp-json\/wp\/v2\/product_brand?post=8165"},{"taxonomy":"product_cat","embeddable":true,"href":"https:\/\/skaitytaknyga.lt\/en\/wp-json\/wp\/v2\/product_cat?post=8165"},{"taxonomy":"product_tag","embeddable":true,"href":"https:\/\/skaitytaknyga.lt\/en\/wp-json\/wp\/v2\/product_tag?post=8165"}],"curies":[{"name":"wp","href":"https:\/\/api.w.org\/{rel}","templated":true}]}}