{"id":8143,"date":"2024-05-04T14:40:51","date_gmt":"2024-05-04T14:40:51","guid":{"rendered":"https:\/\/skaitytaknyga.lt\/?post_type=product&#038;p=8143"},"modified":"2025-05-15T10:20:23","modified_gmt":"2025-05-15T07:20:23","slug":"viktorija-daujotyte-zmogus-ir-jo-kalnas-2","status":"publish","type":"product","link":"https:\/\/skaitytaknyga.lt\/en\/produktas\/viktorija-daujotyte-zmogus-ir-jo-kalnas-2\/","title":{"rendered":"\u017dmogus ir jo kalnas"},"content":{"rendered":"<p>\u017dymios literat\u016bros tyrin\u0117tojos knygoje atsiskleid\u017eia monsinjoro Kazimiero Vasiliausko gyvenimas ir likimas, kunigo ir \u017emogaus didieji dvasios darbai, pa\u017ei\u016bros, j\u0173 biografin\u0117s ir literat\u016brin\u0117s i\u0161takos. Kartu ir jo kartos.<\/p>\n<p>Monsinjoro lai\u0161kai, pamokslai, \u017emoni\u0173 prisiminimai ir vertinimai, asmeni\u0161ko bendravimo patirtis yra ry\u0161kios asmenyb\u0117s literat\u016brinio atvaizdo k\u016brimo \u0161altiniai.<\/p>\n","protected":false},"excerpt":{"rendered":"<p>\u017dymios literat\u016bros tyrin\u0117tojos knygoje atsiskleid\u017eia monsinjoro Kazimiero Vasiliausko gyvenimas ir likimas, kunigo ir \u017emogaus didieji dvasios darbai, pa\u017ei\u016bros, j\u0173 biografin\u0117s ir literat\u016brin\u0117s i\u0161takos. Kartu ir jo kartos.<\/p>\n<p>Monsinjoro lai\u0161kai, pamokslai, \u017emoni\u0173 prisiminimai ir vertinimai, asmeni\u0161ko bendravimo patirtis yra ry\u0161kios asmenyb\u0117s literat\u016brinio atvaizdo k\u016brimo \u0161altiniai.<\/p>\n","protected":false},"featured_media":3985,"comment_status":"closed","ping_status":"closed","template":"","meta":{"_acf_changed":false,"site-sidebar-layout":"default","site-content-layout":"","ast-site-content-layout":"default","site-content-style":"default","site-sidebar-style":"default","ast-global-header-display":"","ast-banner-title-visibility":"","ast-main-header-display":"","ast-hfb-above-header-display":"","ast-hfb-below-header-display":"","ast-hfb-mobile-header-display":"","site-post-title":"","ast-breadcrumbs-content":"","ast-featured-img":"","footer-sml-layout":"","ast-disable-related-posts":"","theme-transparent-header-meta":"","adv-header-id-meta":"","stick-header-meta":"","header-above-stick-meta":"","header-main-stick-meta":"","header-below-stick-meta":"","astra-migrate-meta-layouts":"default","ast-page-background-enabled":"default","ast-page-background-meta":{"desktop":{"background-color":"","background-image":"","background-repeat":"repeat","background-position":"center center","background-size":"auto","background-attachment":"scroll","background-type":"","background-media":"","overlay-type":"","overlay-color":"","overlay-opacity":"","overlay-gradient":""},"tablet":{"background-color":"","background-image":"","background-repeat":"repeat","background-position":"center center","background-size":"auto","background-attachment":"scroll","background-type":"","background-media":"","overlay-type":"","overlay-color":"","overlay-opacity":"","overlay-gradient":""},"mobile":{"background-color":"","background-image":"","background-repeat":"repeat","background-position":"center center","background-size":"auto","background-attachment":"scroll","background-type":"","background-media":"","overlay-type":"","overlay-color":"","overlay-opacity":"","overlay-gradient":""}},"ast-content-background-meta":{"desktop":{"background-color":"var(--ast-global-color-4)","background-image":"","background-repeat":"repeat","background-position":"center center","background-size":"auto","background-attachment":"scroll","background-type":"","background-media":"","overlay-type":"","overlay-color":"","overlay-opacity":"","overlay-gradient":""},"tablet":{"background-color":"var(--ast-global-color-4)","background-image":"","background-repeat":"repeat","background-position":"center center","background-size":"auto","background-attachment":"scroll","background-type":"","background-media":"","overlay-type":"","overlay-color":"","overlay-opacity":"","overlay-gradient":""},"mobile":{"background-color":"var(--ast-global-color-4)","background-image":"","background-repeat":"repeat","background-position":"center center","background-size":"auto","background-attachment":"scroll","background-type":"","background-media":"","overlay-type":"","overlay-color":"","overlay-opacity":"","overlay-gradient":""}}},"product_brand":[],"product_cat":[33,165],"product_tag":[1467,2971,2972,2969],"class_list":{"0":"post-8143","1":"product","2":"type-product","3":"status-publish","4":"has-post-thumbnail","6":"product_cat-biografijos","7":"product_cat-religija-filosofija-ir-ezoterika","8":"product_tag-filosofija","9":"product_tag-gyvenimas","10":"product_tag-kazimieras-vasiliauskas","11":"product_tag-viktorija-daujotyte","12":"desktop-align-left","13":"tablet-align-left","14":"mobile-align-left","16":"first","17":"instock","18":"shipping-taxable","19":"purchasable","20":"product-type-simple"},"acf":[],"yoast_head":"<!-- This site is optimized with the Yoast SEO plugin v27.0 - https:\/\/yoast.com\/product\/yoast-seo-wordpress\/ -->\n<title>\u017dmogus ir jo kalnas<\/title>\n<meta name=\"description\" content=\"\u017dymios literat\u016bros tyrin\u0117tojos knygoje atsiskleid\u017eia monsinjoro Kazimiero Vasiliausko gyvenimas ir likimas, kunigo ir \u017emogaus didieji dvasios darbai, pa\u017ei\u016bros, j\u0173 biografin\u0117s ir literat\u016brin\u0117s i\u0161takos. Kartu ir jo kartos.  Monsinjoro lai\u0161kai, pamokslai, \u017emoni\u0173 prisiminimai ir vertinimai, asmeni\u0161ko bendravimo patirtis yra ry\u0161kios asmenyb\u0117s literat\u016brinio atvaizdo k\u016brimo \u0161altiniai.\" \/>\n<meta name=\"robots\" content=\"index, follow, max-snippet:-1, max-image-preview:large, max-video-preview:-1\" \/>\n<link rel=\"canonical\" href=\"https:\/\/skaitytaknyga.lt\/en\/produktas\/viktorija-daujotyte-zmogus-ir-jo-kalnas-2\/\" \/>\n<meta property=\"og:locale\" content=\"en_GB\" \/>\n<meta property=\"og:locale:alternate\" content=\"lt_LT\" \/>\n<meta property=\"og:type\" content=\"article\" \/>\n<meta property=\"og:title\" content=\"\u017dmogus ir jo kalnas\" \/>\n<meta property=\"og:description\" content=\"\u017dymios literat\u016bros tyrin\u0117tojos knygoje atsiskleid\u017eia monsinjoro Kazimiero Vasiliausko gyvenimas ir likimas, kunigo ir \u017emogaus didieji dvasios darbai, pa\u017ei\u016bros, j\u0173 biografin\u0117s ir literat\u016brin\u0117s i\u0161takos. Kartu ir jo kartos.  Monsinjoro lai\u0161kai, pamokslai, \u017emoni\u0173 prisiminimai ir vertinimai, asmeni\u0161ko bendravimo patirtis yra ry\u0161kios asmenyb\u0117s literat\u016brinio atvaizdo k\u016brimo \u0161altiniai.\" \/>\n<meta property=\"og:url\" content=\"https:\/\/skaitytaknyga.lt\/en\/produktas\/viktorija-daujotyte-zmogus-ir-jo-kalnas-2\/\" \/>\n<meta property=\"og:site_name\" content=\"Skaitytaknyga\" \/>\n<meta property=\"article:publisher\" content=\"https:\/\/www.facebook.com\/skaitytaknyga\/\" \/>\n<meta property=\"article:modified_time\" content=\"2025-05-15T07:20:23+00:00\" \/>\n<meta property=\"og:image\" content=\"https:\/\/skaitytaknyga.lt\/wp-content\/uploads\/2024\/04\/1462882707_img0012-001.jpg\" \/>\n\t<meta property=\"og:image:width\" content=\"280\" \/>\n\t<meta property=\"og:image:height\" content=\"430\" \/>\n\t<meta property=\"og:image:type\" content=\"image\/jpeg\" \/>\n<meta name=\"twitter:card\" content=\"summary_large_image\" \/>\n<script type=\"application\/ld+json\" class=\"yoast-schema-graph\">{\"@context\":\"https:\/\/schema.org\",\"@graph\":[{\"@type\":\"WebPage\",\"@id\":\"https:\/\/skaitytaknyga.lt\/produktas\/viktorija-daujotyte-zmogus-ir-jo-kalnas-2\/\",\"url\":\"https:\/\/skaitytaknyga.lt\/produktas\/viktorija-daujotyte-zmogus-ir-jo-kalnas-2\/\",\"name\":\"\u017dmogus ir jo kalnas\",\"isPartOf\":{\"@id\":\"https:\/\/skaitytaknyga.lt\/#website\"},\"primaryImageOfPage\":{\"@id\":\"https:\/\/skaitytaknyga.lt\/produktas\/viktorija-daujotyte-zmogus-ir-jo-kalnas-2\/#primaryimage\"},\"image\":{\"@id\":\"https:\/\/skaitytaknyga.lt\/produktas\/viktorija-daujotyte-zmogus-ir-jo-kalnas-2\/#primaryimage\"},\"thumbnailUrl\":\"https:\/\/skaitytaknyga.lt\/wp-content\/uploads\/2024\/04\/1462882707_img0012-001.jpg\",\"datePublished\":\"2024-05-04T14:40:51+00:00\",\"dateModified\":\"2025-05-15T07:20:23+00:00\",\"description\":\"\u017dymios literat\u016bros tyrin\u0117tojos knygoje atsiskleid\u017eia monsinjoro Kazimiero Vasiliausko gyvenimas ir likimas, kunigo ir \u017emogaus didieji dvasios darbai, pa\u017ei\u016bros, j\u0173 biografin\u0117s ir literat\u016brin\u0117s i\u0161takos. Kartu ir jo kartos. Monsinjoro lai\u0161kai, pamokslai, \u017emoni\u0173 prisiminimai ir vertinimai, asmeni\u0161ko bendravimo patirtis yra ry\u0161kios asmenyb\u0117s literat\u016brinio atvaizdo k\u016brimo \u0161altiniai.\",\"breadcrumb\":{\"@id\":\"https:\/\/skaitytaknyga.lt\/produktas\/viktorija-daujotyte-zmogus-ir-jo-kalnas-2\/#breadcrumb\"},\"inLanguage\":\"en-GB\",\"potentialAction\":[{\"@type\":\"ReadAction\",\"target\":[\"https:\/\/skaitytaknyga.lt\/produktas\/viktorija-daujotyte-zmogus-ir-jo-kalnas-2\/\"]}]},{\"@type\":\"ImageObject\",\"inLanguage\":\"en-GB\",\"@id\":\"https:\/\/skaitytaknyga.lt\/produktas\/viktorija-daujotyte-zmogus-ir-jo-kalnas-2\/#primaryimage\",\"url\":\"https:\/\/skaitytaknyga.lt\/wp-content\/uploads\/2024\/04\/1462882707_img0012-001.jpg\",\"contentUrl\":\"https:\/\/skaitytaknyga.lt\/wp-content\/uploads\/2024\/04\/1462882707_img0012-001.jpg\",\"width\":280,\"height\":430,\"caption\":\"1462882707 img0012 001\"},{\"@type\":\"BreadcrumbList\",\"@id\":\"https:\/\/skaitytaknyga.lt\/produktas\/viktorija-daujotyte-zmogus-ir-jo-kalnas-2\/#breadcrumb\",\"itemListElement\":[{\"@type\":\"ListItem\",\"position\":1,\"name\":\"Home\",\"item\":\"https:\/\/skaitytaknyga.lt\/\"},{\"@type\":\"ListItem\",\"position\":2,\"name\":\"Parduotuv\u0117\",\"item\":\"https:\/\/skaitytaknyga.lt\/knygu-parduotuve\/\"},{\"@type\":\"ListItem\",\"position\":3,\"name\":\"\u017dmogus ir jo kalnas\"}]},{\"@type\":\"WebSite\",\"@id\":\"https:\/\/skaitytaknyga.lt\/#website\",\"url\":\"https:\/\/skaitytaknyga.lt\/\",\"name\":\"skaitytaknyga.lt\",\"description\":\"Skaitytaknyga.lt \u2013 tai ma\u017eas \u0161eimos verslas, kuris prasid\u0117jo nuo meil\u0117s knygoms ir siekio i\u0161gelb\u0117ti knygas nuo likimo prie konteinerio. Kas vienam nereikalingas daiktas \u2013 kitam lobis, o mes esame tarpininkai, kurie padeda abiems tapti laimingesniems ???? \u017dinome kaip nelengva i\u0161gyventi ma\u017eiems verslams, tad nuo \u0161iol, \u010dia rasite ir kit\u0173, ma\u017e\u0173 \u0161eim\u0173 versl\u0173, rank\u0173 darbo, dovan\u0173 sau ir artimiesiems.\",\"publisher\":{\"@id\":\"https:\/\/skaitytaknyga.lt\/#organization\"},\"potentialAction\":[{\"@type\":\"SearchAction\",\"target\":{\"@type\":\"EntryPoint\",\"urlTemplate\":\"https:\/\/skaitytaknyga.lt\/?s={search_term_string}\"},\"query-input\":{\"@type\":\"PropertyValueSpecification\",\"valueRequired\":true,\"valueName\":\"search_term_string\"}}],\"inLanguage\":\"en-GB\"},{\"@type\":\"Organization\",\"@id\":\"https:\/\/skaitytaknyga.lt\/#organization\",\"name\":\"skaitytaknyga.lt\",\"url\":\"https:\/\/skaitytaknyga.lt\/\",\"logo\":{\"@type\":\"ImageObject\",\"inLanguage\":\"en-GB\",\"@id\":\"https:\/\/skaitytaknyga.lt\/#\/schema\/logo\/image\/\",\"url\":\"https:\/\/skaitytaknyga.lt\/wp-content\/uploads\/2024\/05\/cropped-cropped-cropped-02_00843_jt3bggkj1j3HLc7SyY6rEUpg.jpeg\",\"contentUrl\":\"https:\/\/skaitytaknyga.lt\/wp-content\/uploads\/2024\/05\/cropped-cropped-cropped-02_00843_jt3bggkj1j3HLc7SyY6rEUpg.jpeg\",\"width\":1600,\"height\":1600,\"caption\":\"skaitytaknyga.lt\"},\"image\":{\"@id\":\"https:\/\/skaitytaknyga.lt\/#\/schema\/logo\/image\/\"},\"sameAs\":[\"https:\/\/www.facebook.com\/skaitytaknyga\/\"]}]}<\/script>\n<!-- \/ Yoast SEO plugin. -->","yoast_head_json":{"title":"\u017dmogus ir jo kalnas","description":"\u017dymios literat\u016bros tyrin\u0117tojos knygoje atsiskleid\u017eia monsinjoro Kazimiero Vasiliausko gyvenimas ir likimas, kunigo ir \u017emogaus didieji dvasios darbai, pa\u017ei\u016bros, j\u0173 biografin\u0117s ir literat\u016brin\u0117s i\u0161takos. Kartu ir jo kartos.  Monsinjoro lai\u0161kai, pamokslai, \u017emoni\u0173 prisiminimai ir vertinimai, asmeni\u0161ko bendravimo patirtis yra ry\u0161kios asmenyb\u0117s literat\u016brinio atvaizdo k\u016brimo \u0161altiniai.","robots":{"index":"index","follow":"follow","max-snippet":"max-snippet:-1","max-image-preview":"max-image-preview:large","max-video-preview":"max-video-preview:-1"},"canonical":"https:\/\/skaitytaknyga.lt\/en\/produktas\/viktorija-daujotyte-zmogus-ir-jo-kalnas-2\/","og_locale":"en_GB","og_type":"article","og_title":"[:lt]\u017dmogus ir jo kalnas[:] - Skaitytaknyga","og_description":"\u017dymios literat\u016bros tyrin\u0117tojos knygoje atsiskleid\u017eia monsinjoro Kazimiero Vasiliausko gyvenimas ir likimas, kunigo ir \u017emogaus didieji dvasios darbai, pa\u017ei\u016bros, j\u0173 biografin\u0117s ir literat\u016brin\u0117s i\u0161takos. Kartu ir jo kartos.  Monsinjoro lai\u0161kai, pamokslai, \u017emoni\u0173 prisiminimai ir vertinimai, asmeni\u0161ko bendravimo patirtis yra ry\u0161kios asmenyb\u0117s literat\u016brinio atvaizdo k\u016brimo \u0161altiniai.","og_url":"https:\/\/skaitytaknyga.lt\/en\/produktas\/viktorija-daujotyte-zmogus-ir-jo-kalnas-2\/","og_site_name":"Skaitytaknyga","article_publisher":"https:\/\/www.facebook.com\/skaitytaknyga\/","article_modified_time":"2025-05-15T07:20:23+00:00","og_image":[{"width":280,"height":430,"url":"https:\/\/skaitytaknyga.lt\/wp-content\/uploads\/2024\/04\/1462882707_img0012-001.jpg","type":"image\/jpeg"}],"twitter_card":"summary_large_image","schema":{"@context":"https:\/\/schema.org","@graph":[{"@type":"WebPage","@id":"https:\/\/skaitytaknyga.lt\/produktas\/viktorija-daujotyte-zmogus-ir-jo-kalnas-2\/","url":"https:\/\/skaitytaknyga.lt\/produktas\/viktorija-daujotyte-zmogus-ir-jo-kalnas-2\/","name":"\u017dmogus ir jo kalnas","isPartOf":{"@id":"https:\/\/skaitytaknyga.lt\/#website"},"primaryImageOfPage":{"@id":"https:\/\/skaitytaknyga.lt\/produktas\/viktorija-daujotyte-zmogus-ir-jo-kalnas-2\/#primaryimage"},"image":{"@id":"https:\/\/skaitytaknyga.lt\/produktas\/viktorija-daujotyte-zmogus-ir-jo-kalnas-2\/#primaryimage"},"thumbnailUrl":"https:\/\/skaitytaknyga.lt\/wp-content\/uploads\/2024\/04\/1462882707_img0012-001.jpg","datePublished":"2024-05-04T14:40:51+00:00","dateModified":"2025-05-15T07:20:23+00:00","description":"\u017dymios literat\u016bros tyrin\u0117tojos knygoje atsiskleid\u017eia monsinjoro Kazimiero Vasiliausko gyvenimas ir likimas, kunigo ir \u017emogaus didieji dvasios darbai, pa\u017ei\u016bros, j\u0173 biografin\u0117s ir literat\u016brin\u0117s i\u0161takos. Kartu ir jo kartos. Monsinjoro lai\u0161kai, pamokslai, \u017emoni\u0173 prisiminimai ir vertinimai, asmeni\u0161ko bendravimo patirtis yra ry\u0161kios asmenyb\u0117s literat\u016brinio atvaizdo k\u016brimo \u0161altiniai.","breadcrumb":{"@id":"https:\/\/skaitytaknyga.lt\/produktas\/viktorija-daujotyte-zmogus-ir-jo-kalnas-2\/#breadcrumb"},"inLanguage":"en-GB","potentialAction":[{"@type":"ReadAction","target":["https:\/\/skaitytaknyga.lt\/produktas\/viktorija-daujotyte-zmogus-ir-jo-kalnas-2\/"]}]},{"@type":"ImageObject","inLanguage":"en-GB","@id":"https:\/\/skaitytaknyga.lt\/produktas\/viktorija-daujotyte-zmogus-ir-jo-kalnas-2\/#primaryimage","url":"https:\/\/skaitytaknyga.lt\/wp-content\/uploads\/2024\/04\/1462882707_img0012-001.jpg","contentUrl":"https:\/\/skaitytaknyga.lt\/wp-content\/uploads\/2024\/04\/1462882707_img0012-001.jpg","width":280,"height":430,"caption":"1462882707 img0012 001"},{"@type":"BreadcrumbList","@id":"https:\/\/skaitytaknyga.lt\/produktas\/viktorija-daujotyte-zmogus-ir-jo-kalnas-2\/#breadcrumb","itemListElement":[{"@type":"ListItem","position":1,"name":"Home","item":"https:\/\/skaitytaknyga.lt\/"},{"@type":"ListItem","position":2,"name":"Parduotuv\u0117","item":"https:\/\/skaitytaknyga.lt\/knygu-parduotuve\/"},{"@type":"ListItem","position":3,"name":"\u017dmogus ir jo kalnas"}]},{"@type":"WebSite","@id":"https:\/\/skaitytaknyga.lt\/#website","url":"https:\/\/skaitytaknyga.lt\/","name":"skaitytaknyga.lt","description":"Skaitytaknyga.lt \u2013 tai ma\u017eas \u0161eimos verslas, kuris prasid\u0117jo nuo meil\u0117s knygoms ir siekio i\u0161gelb\u0117ti knygas nuo likimo prie konteinerio. Kas vienam nereikalingas daiktas \u2013 kitam lobis, o mes esame tarpininkai, kurie padeda abiems tapti laimingesniems ???? \u017dinome kaip nelengva i\u0161gyventi ma\u017eiems verslams, tad nuo \u0161iol, \u010dia rasite ir kit\u0173, ma\u017e\u0173 \u0161eim\u0173 versl\u0173, rank\u0173 darbo, dovan\u0173 sau ir artimiesiems.","publisher":{"@id":"https:\/\/skaitytaknyga.lt\/#organization"},"potentialAction":[{"@type":"SearchAction","target":{"@type":"EntryPoint","urlTemplate":"https:\/\/skaitytaknyga.lt\/?s={search_term_string}"},"query-input":{"@type":"PropertyValueSpecification","valueRequired":true,"valueName":"search_term_string"}}],"inLanguage":"en-GB"},{"@type":"Organization","@id":"https:\/\/skaitytaknyga.lt\/#organization","name":"skaitytaknyga.lt","url":"https:\/\/skaitytaknyga.lt\/","logo":{"@type":"ImageObject","inLanguage":"en-GB","@id":"https:\/\/skaitytaknyga.lt\/#\/schema\/logo\/image\/","url":"https:\/\/skaitytaknyga.lt\/wp-content\/uploads\/2024\/05\/cropped-cropped-cropped-02_00843_jt3bggkj1j3HLc7SyY6rEUpg.jpeg","contentUrl":"https:\/\/skaitytaknyga.lt\/wp-content\/uploads\/2024\/05\/cropped-cropped-cropped-02_00843_jt3bggkj1j3HLc7SyY6rEUpg.jpeg","width":1600,"height":1600,"caption":"skaitytaknyga.lt"},"image":{"@id":"https:\/\/skaitytaknyga.lt\/#\/schema\/logo\/image\/"},"sameAs":["https:\/\/www.facebook.com\/skaitytaknyga\/"]}]}},"_links":{"self":[{"href":"https:\/\/skaitytaknyga.lt\/en\/wp-json\/wp\/v2\/product\/8143","targetHints":{"allow":["GET"]}}],"collection":[{"href":"https:\/\/skaitytaknyga.lt\/en\/wp-json\/wp\/v2\/product"}],"about":[{"href":"https:\/\/skaitytaknyga.lt\/en\/wp-json\/wp\/v2\/types\/product"}],"replies":[{"embeddable":true,"href":"https:\/\/skaitytaknyga.lt\/en\/wp-json\/wp\/v2\/comments?post=8143"}],"wp:featuredmedia":[{"embeddable":true,"href":"https:\/\/skaitytaknyga.lt\/en\/wp-json\/wp\/v2\/media\/3985"}],"wp:attachment":[{"href":"https:\/\/skaitytaknyga.lt\/en\/wp-json\/wp\/v2\/media?parent=8143"}],"wp:term":[{"taxonomy":"product_brand","embeddable":true,"href":"https:\/\/skaitytaknyga.lt\/en\/wp-json\/wp\/v2\/product_brand?post=8143"},{"taxonomy":"product_cat","embeddable":true,"href":"https:\/\/skaitytaknyga.lt\/en\/wp-json\/wp\/v2\/product_cat?post=8143"},{"taxonomy":"product_tag","embeddable":true,"href":"https:\/\/skaitytaknyga.lt\/en\/wp-json\/wp\/v2\/product_tag?post=8143"}],"curies":[{"name":"wp","href":"https:\/\/api.w.org\/{rel}","templated":true}]}}