{"id":8141,"date":"2024-05-04T14:40:51","date_gmt":"2024-05-04T14:40:51","guid":{"rendered":"https:\/\/skaitytaknyga.lt\/?post_type=product&#038;p=8141"},"modified":"2025-01-02T18:28:25","modified_gmt":"2025-01-02T16:28:25","slug":"theresa-burke-david-c-reardon-uzdraustas-sielvartas-2","status":"publish","type":"product","link":"https:\/\/skaitytaknyga.lt\/en\/produktas\/theresa-burke-david-c-reardon-uzdraustas-sielvartas-2\/","title":{"rendered":"Theresa Burke, David C. Reardon \u201eU\u017edraustas sielvartas\u201c"},"content":{"rendered":"<p>U\u017edraustas sielvartas stipriai, \u012f\u017evalgiai ir jautriai atskleid\u017eia mint\u012f, kad \u012fs\u010diose u\u017egimusios gyvyb\u0117s sunaikinimas sumenkina visos \u017emonijos gyvenimo vert\u0119, o moters gyvenime sukelia tokias pasekmes, koki\u0173 ji net nesitik\u0117jo.<\/p>\n<p>Abortas n\u0117ra tik paprasta \u201eproced\u016bra\u201c. Tai n\u0117ra eilinis \u201e\u012fvykis\u201c. Abortas &#8211; vis\u0105 gyvenim\u0105 pakei\u010diantis veiksmas. \u0160i knyga pad\u0117s geriau suprasti poabortines problemas ir paai\u0161kins simptomus, i\u0161kylan\u010dius nuslopinus gedul\u0105 ir jausmus bei pad\u0117s \u017eengti sveikimo keliu. Ta\u010diau ji n\u0117ra vadov\u0117lis, kaip pasveikti po aborto. Jos tikslas &#8211; atidengti aborto sielvarto \u0161yd\u0105, m\u016bs\u0173 kult\u016broje klaidingai suprantam\u0105 ar net ignoruojam\u0105, ir pad\u0117ti kelyje \u012f i\u0161gijim\u0105.<\/p>\n<p>\u201eU\u017edraustas sielvartas\u201c &#8211; tai specialus \u0161altinis, i\u0161gyvenan\u010dioms labai \u017emogi\u0161k\u0105, \u012fprast\u0105 reakcij\u0105 \u012f abort\u0105 &#8211; sielvart\u0105 &#8211; ir b\u016bdas jam i\u0161gydyti.<\/p>\n","protected":false},"excerpt":{"rendered":"<p>U\u017edraustas sielvartas stipriai, \u012f\u017evalgiai ir jautriai atskleid\u017eia mint\u012f, kad \u012fs\u010diose u\u017egimusios gyvyb\u0117s sunaikinimas sumenkina visos \u017emonijos gyvenimo vert\u0119, o moters gyvenime sukelia tokias pasekmes, koki\u0173 ji net nesitik\u0117jo.<\/p>\n<p>Abortas n\u0117ra tik paprasta \u201eproced\u016bra\u201c. Tai n\u0117ra eilinis \u201e\u012fvykis\u201c. Abortas &#8211; vis\u0105 gyvenim\u0105 pakei\u010diantis veiksmas. \u0160i knyga pad\u0117s geriau suprasti poabortines problemas ir paai\u0161kins simptomus, i\u0161kylan\u010dius nuslopinus gedul\u0105 ir jausmus bei pad\u0117s \u017eengti sveikimo keliu. Ta\u010diau ji n\u0117ra vadov\u0117lis, kaip pasveikti po aborto. Jos tikslas &#8211; atidengti aborto sielvarto \u0161yd\u0105, m\u016bs\u0173 kult\u016broje klaidingai suprantam\u0105 ar net ignoruojam\u0105, ir pad\u0117ti kelyje \u012f i\u0161gijim\u0105.<\/p>\n<p>\u201eU\u017edraustas sielvartas\u201c &#8211; tai specialus \u0161altinis, i\u0161gyvenan\u010dioms labai \u017emogi\u0161k\u0105, \u012fprast\u0105 reakcij\u0105 \u012f abort\u0105 &#8211; sielvart\u0105 &#8211; ir b\u016bdas jam i\u0161gydyti.<\/p>\n","protected":false},"featured_media":3983,"comment_status":"closed","ping_status":"closed","template":"","meta":{"_acf_changed":false,"site-sidebar-layout":"default","site-content-layout":"","ast-site-content-layout":"default","site-content-style":"default","site-sidebar-style":"default","ast-global-header-display":"","ast-banner-title-visibility":"","ast-main-header-display":"","ast-hfb-above-header-display":"","ast-hfb-below-header-display":"","ast-hfb-mobile-header-display":"","site-post-title":"","ast-breadcrumbs-content":"","ast-featured-img":"","footer-sml-layout":"","ast-disable-related-posts":"","theme-transparent-header-meta":"","adv-header-id-meta":"","stick-header-meta":"","header-above-stick-meta":"","header-main-stick-meta":"","header-below-stick-meta":"","astra-migrate-meta-layouts":"default","ast-page-background-enabled":"default","ast-page-background-meta":{"desktop":{"background-color":"","background-image":"","background-repeat":"repeat","background-position":"center center","background-size":"auto","background-attachment":"scroll","background-type":"","background-media":"","overlay-type":"","overlay-color":"","overlay-opacity":"","overlay-gradient":""},"tablet":{"background-color":"","background-image":"","background-repeat":"repeat","background-position":"center center","background-size":"auto","background-attachment":"scroll","background-type":"","background-media":"","overlay-type":"","overlay-color":"","overlay-opacity":"","overlay-gradient":""},"mobile":{"background-color":"","background-image":"","background-repeat":"repeat","background-position":"center center","background-size":"auto","background-attachment":"scroll","background-type":"","background-media":"","overlay-type":"","overlay-color":"","overlay-opacity":"","overlay-gradient":""}},"ast-content-background-meta":{"desktop":{"background-color":"var(--ast-global-color-4)","background-image":"","background-repeat":"repeat","background-position":"center center","background-size":"auto","background-attachment":"scroll","background-type":"","background-media":"","overlay-type":"","overlay-color":"","overlay-opacity":"","overlay-gradient":""},"tablet":{"background-color":"var(--ast-global-color-4)","background-image":"","background-repeat":"repeat","background-position":"center center","background-size":"auto","background-attachment":"scroll","background-type":"","background-media":"","overlay-type":"","overlay-color":"","overlay-opacity":"","overlay-gradient":""},"mobile":{"background-color":"var(--ast-global-color-4)","background-image":"","background-repeat":"repeat","background-position":"center center","background-size":"auto","background-attachment":"scroll","background-type":"","background-media":"","overlay-type":"","overlay-color":"","overlay-opacity":"","overlay-gradient":""}}},"product_brand":[],"product_cat":[30,165],"product_tag":[],"class_list":{"0":"post-8141","1":"product","2":"type-product","3":"status-publish","4":"has-post-thumbnail","6":"product_cat-psichologija-ir-saviugda","7":"product_cat-religija-filosofija-ir-ezoterika","8":"desktop-align-left","9":"tablet-align-left","10":"mobile-align-left","12":"first","13":"instock","14":"shipping-taxable","15":"purchasable","16":"product-type-simple"},"acf":[],"yoast_head":"<!-- This site is optimized with the Yoast SEO plugin v27.4 - https:\/\/yoast.com\/product\/yoast-seo-wordpress\/ -->\n<title>Theresa Burke, David C. Reardon \u201eU\u017edraustas sielvartas\u201c - Skaitytaknyga<\/title>\n<meta name=\"description\" content=\"U\u017edraustas sielvartas stipriai, \u012f\u017evalgiai ir jautriai atskleid\u017eia mint\u012f, kad \u012fs\u010diose u\u017egimusios gyvyb\u0117s sunaikinimas sumenkina visos \u017emonijos gyvenimo vert\u0119, o moters gyvenime sukelia tokias pasekmes, koki\u0173 ji net nesitik\u0117jo.  Abortas n\u0117ra tik paprasta \u201eproced\u016bra\u201c. Tai n\u0117ra eilinis \u201e\u012fvykis\u201c. Abortas - vis\u0105 gyvenim\u0105 pakei\u010diantis veiksmas. \u0160i knyga pad\u0117s geriau suprasti poabortines problemas ir paai\u0161kins simptomus, i\u0161kylan\u010dius nuslopinus gedul\u0105 ir jausmus bei pad\u0117s \u017eengti sveikimo keliu. Ta\u010diau ji n\u0117ra vadov\u0117lis, kaip pasveikti po aborto. Jos tikslas - atidengti aborto sielvarto \u0161yd\u0105, m\u016bs\u0173 kult\u016broje klaidingai suprantam\u0105 ar net ignoruojam\u0105, ir pad\u0117ti kelyje \u012f i\u0161gijim\u0105.  \u201eU\u017edraustas sielvartas\u201c - tai specialus \u0161altinis, i\u0161gyvenan\u010dioms labai \u017emogi\u0161k\u0105, \u012fprast\u0105 reakcij\u0105 \u012f abort\u0105 - sielvart\u0105 - ir b\u016bdas jam i\u0161gydyti.\" \/>\n<meta name=\"robots\" content=\"index, follow, max-snippet:-1, max-image-preview:large, max-video-preview:-1\" \/>\n<link rel=\"canonical\" href=\"https:\/\/skaitytaknyga.lt\/en\/produktas\/theresa-burke-david-c-reardon-uzdraustas-sielvartas-2\/\" \/>\n<meta property=\"og:locale\" content=\"en_GB\" \/>\n<meta property=\"og:locale:alternate\" content=\"lt_LT\" \/>\n<meta property=\"og:type\" content=\"article\" \/>\n<meta property=\"og:title\" content=\"Theresa Burke, David C. Reardon \u201eU\u017edraustas sielvartas\u201c - Skaitytaknyga\" \/>\n<meta property=\"og:description\" content=\"U\u017edraustas sielvartas stipriai, \u012f\u017evalgiai ir jautriai atskleid\u017eia mint\u012f, kad \u012fs\u010diose u\u017egimusios gyvyb\u0117s sunaikinimas sumenkina visos \u017emonijos gyvenimo vert\u0119, o moters gyvenime sukelia tokias pasekmes, koki\u0173 ji net nesitik\u0117jo.  Abortas n\u0117ra tik paprasta \u201eproced\u016bra\u201c. Tai n\u0117ra eilinis \u201e\u012fvykis\u201c. Abortas - vis\u0105 gyvenim\u0105 pakei\u010diantis veiksmas. \u0160i knyga pad\u0117s geriau suprasti poabortines problemas ir paai\u0161kins simptomus, i\u0161kylan\u010dius nuslopinus gedul\u0105 ir jausmus bei pad\u0117s \u017eengti sveikimo keliu. Ta\u010diau ji n\u0117ra vadov\u0117lis, kaip pasveikti po aborto. Jos tikslas - atidengti aborto sielvarto \u0161yd\u0105, m\u016bs\u0173 kult\u016broje klaidingai suprantam\u0105 ar net ignoruojam\u0105, ir pad\u0117ti kelyje \u012f i\u0161gijim\u0105.  \u201eU\u017edraustas sielvartas\u201c - tai specialus \u0161altinis, i\u0161gyvenan\u010dioms labai \u017emogi\u0161k\u0105, \u012fprast\u0105 reakcij\u0105 \u012f abort\u0105 - sielvart\u0105 - ir b\u016bdas jam i\u0161gydyti.\" \/>\n<meta property=\"og:url\" content=\"https:\/\/skaitytaknyga.lt\/en\/produktas\/theresa-burke-david-c-reardon-uzdraustas-sielvartas-2\/\" \/>\n<meta property=\"og:site_name\" content=\"Skaitytaknyga\" \/>\n<meta property=\"article:publisher\" content=\"https:\/\/www.facebook.com\/skaitytaknyga\/\" \/>\n<meta property=\"article:modified_time\" content=\"2025-01-02T16:28:25+00:00\" \/>\n<meta property=\"og:image\" content=\"https:\/\/skaitytaknyga.lt\/wp-content\/uploads\/2024\/04\/1462876256_img2.jpg\" \/>\n\t<meta property=\"og:image:width\" content=\"287\" \/>\n\t<meta property=\"og:image:height\" content=\"430\" \/>\n\t<meta property=\"og:image:type\" content=\"image\/jpeg\" \/>\n<meta name=\"twitter:card\" content=\"summary_large_image\" \/>\n<meta name=\"twitter:label1\" content=\"Estimated reading time\" \/>\n\t<meta name=\"twitter:data1\" content=\"1 minute\" \/>\n<script type=\"application\/ld+json\" class=\"yoast-schema-graph\">{\"@context\":\"https:\\\/\\\/schema.org\",\"@graph\":[{\"@type\":\"WebPage\",\"@id\":\"https:\\\/\\\/skaitytaknyga.lt\\\/produktas\\\/theresa-burke-david-c-reardon-uzdraustas-sielvartas-2\\\/\",\"url\":\"https:\\\/\\\/skaitytaknyga.lt\\\/produktas\\\/theresa-burke-david-c-reardon-uzdraustas-sielvartas-2\\\/\",\"name\":\"Theresa Burke, David C. Reardon \u201eU\u017edraustas sielvartas\u201c - Skaitytaknyga\",\"isPartOf\":{\"@id\":\"https:\\\/\\\/skaitytaknyga.lt\\\/#website\"},\"primaryImageOfPage\":{\"@id\":\"https:\\\/\\\/skaitytaknyga.lt\\\/produktas\\\/theresa-burke-david-c-reardon-uzdraustas-sielvartas-2\\\/#primaryimage\"},\"image\":{\"@id\":\"https:\\\/\\\/skaitytaknyga.lt\\\/produktas\\\/theresa-burke-david-c-reardon-uzdraustas-sielvartas-2\\\/#primaryimage\"},\"thumbnailUrl\":\"https:\\\/\\\/skaitytaknyga.lt\\\/wp-content\\\/uploads\\\/2024\\\/04\\\/1462876256_img2.jpg\",\"datePublished\":\"2024-05-04T14:40:51+00:00\",\"dateModified\":\"2025-01-02T16:28:25+00:00\",\"description\":\"U\u017edraustas sielvartas stipriai, \u012f\u017evalgiai ir jautriai atskleid\u017eia mint\u012f, kad \u012fs\u010diose u\u017egimusios gyvyb\u0117s sunaikinimas sumenkina visos \u017emonijos gyvenimo vert\u0119, o moters gyvenime sukelia tokias pasekmes, koki\u0173 ji net nesitik\u0117jo. Abortas n\u0117ra tik paprasta \u201eproced\u016bra\u201c. Tai n\u0117ra eilinis \u201e\u012fvykis\u201c. Abortas - vis\u0105 gyvenim\u0105 pakei\u010diantis veiksmas. \u0160i knyga pad\u0117s geriau suprasti poabortines problemas ir paai\u0161kins simptomus, i\u0161kylan\u010dius nuslopinus gedul\u0105 ir jausmus bei pad\u0117s \u017eengti sveikimo keliu. Ta\u010diau ji n\u0117ra vadov\u0117lis, kaip pasveikti po aborto. Jos tikslas - atidengti aborto sielvarto \u0161yd\u0105, m\u016bs\u0173 kult\u016broje klaidingai suprantam\u0105 ar net ignoruojam\u0105, ir pad\u0117ti kelyje \u012f i\u0161gijim\u0105. \u201eU\u017edraustas sielvartas\u201c - tai specialus \u0161altinis, i\u0161gyvenan\u010dioms labai \u017emogi\u0161k\u0105, \u012fprast\u0105 reakcij\u0105 \u012f abort\u0105 - sielvart\u0105 - ir b\u016bdas jam i\u0161gydyti.\",\"breadcrumb\":{\"@id\":\"https:\\\/\\\/skaitytaknyga.lt\\\/produktas\\\/theresa-burke-david-c-reardon-uzdraustas-sielvartas-2\\\/#breadcrumb\"},\"inLanguage\":\"en-GB\",\"potentialAction\":[{\"@type\":\"ReadAction\",\"target\":[\"https:\\\/\\\/skaitytaknyga.lt\\\/produktas\\\/theresa-burke-david-c-reardon-uzdraustas-sielvartas-2\\\/\"]}]},{\"@type\":\"ImageObject\",\"inLanguage\":\"en-GB\",\"@id\":\"https:\\\/\\\/skaitytaknyga.lt\\\/produktas\\\/theresa-burke-david-c-reardon-uzdraustas-sielvartas-2\\\/#primaryimage\",\"url\":\"https:\\\/\\\/skaitytaknyga.lt\\\/wp-content\\\/uploads\\\/2024\\\/04\\\/1462876256_img2.jpg\",\"contentUrl\":\"https:\\\/\\\/skaitytaknyga.lt\\\/wp-content\\\/uploads\\\/2024\\\/04\\\/1462876256_img2.jpg\",\"width\":287,\"height\":430,\"caption\":\"1462876256 img2\"},{\"@type\":\"BreadcrumbList\",\"@id\":\"https:\\\/\\\/skaitytaknyga.lt\\\/produktas\\\/theresa-burke-david-c-reardon-uzdraustas-sielvartas-2\\\/#breadcrumb\",\"itemListElement\":[{\"@type\":\"ListItem\",\"position\":1,\"name\":\"Home\",\"item\":\"https:\\\/\\\/skaitytaknyga.lt\\\/\"},{\"@type\":\"ListItem\",\"position\":2,\"name\":\"Parduotuv\u0117\",\"item\":\"https:\\\/\\\/skaitytaknyga.lt\\\/knygu-parduotuve\\\/\"},{\"@type\":\"ListItem\",\"position\":3,\"name\":\"Theresa Burke, David C. Reardon \u201eU\u017edraustas sielvartas\u201c\"}]},{\"@type\":\"WebSite\",\"@id\":\"https:\\\/\\\/skaitytaknyga.lt\\\/#website\",\"url\":\"https:\\\/\\\/skaitytaknyga.lt\\\/\",\"name\":\"skaitytaknyga.lt\",\"description\":\"Skaitytaknyga.lt \u2013 tai ma\u017eas \u0161eimos verslas, kuris prasid\u0117jo nuo meil\u0117s knygoms ir siekio i\u0161gelb\u0117ti knygas nuo likimo prie konteinerio. Kas vienam nereikalingas daiktas \u2013 kitam lobis, o mes esame tarpininkai, kurie padeda abiems tapti laimingesniems ???? \u017dinome kaip nelengva i\u0161gyventi ma\u017eiems verslams, tad nuo \u0161iol, \u010dia rasite ir kit\u0173, ma\u017e\u0173 \u0161eim\u0173 versl\u0173, rank\u0173 darbo, dovan\u0173 sau ir artimiesiems.\",\"publisher\":{\"@id\":\"https:\\\/\\\/skaitytaknyga.lt\\\/#organization\"},\"potentialAction\":[{\"@type\":\"SearchAction\",\"target\":{\"@type\":\"EntryPoint\",\"urlTemplate\":\"https:\\\/\\\/skaitytaknyga.lt\\\/?s={search_term_string}\"},\"query-input\":{\"@type\":\"PropertyValueSpecification\",\"valueRequired\":true,\"valueName\":\"search_term_string\"}}],\"inLanguage\":\"en-GB\"},{\"@type\":\"Organization\",\"@id\":\"https:\\\/\\\/skaitytaknyga.lt\\\/#organization\",\"name\":\"skaitytaknyga.lt\",\"url\":\"https:\\\/\\\/skaitytaknyga.lt\\\/\",\"logo\":{\"@type\":\"ImageObject\",\"inLanguage\":\"en-GB\",\"@id\":\"https:\\\/\\\/skaitytaknyga.lt\\\/#\\\/schema\\\/logo\\\/image\\\/\",\"url\":\"https:\\\/\\\/skaitytaknyga.lt\\\/wp-content\\\/uploads\\\/2024\\\/05\\\/cropped-cropped-cropped-02_00843_jt3bggkj1j3HLc7SyY6rEUpg.jpeg\",\"contentUrl\":\"https:\\\/\\\/skaitytaknyga.lt\\\/wp-content\\\/uploads\\\/2024\\\/05\\\/cropped-cropped-cropped-02_00843_jt3bggkj1j3HLc7SyY6rEUpg.jpeg\",\"width\":1600,\"height\":1600,\"caption\":\"skaitytaknyga.lt\"},\"image\":{\"@id\":\"https:\\\/\\\/skaitytaknyga.lt\\\/#\\\/schema\\\/logo\\\/image\\\/\"},\"sameAs\":[\"https:\\\/\\\/www.facebook.com\\\/skaitytaknyga\\\/\"]}]}<\/script>\n<!-- \/ Yoast SEO plugin. -->","yoast_head_json":{"title":"Theresa Burke, David C. Reardon \u201eU\u017edraustas sielvartas\u201c - Skaitytaknyga","description":"U\u017edraustas sielvartas stipriai, \u012f\u017evalgiai ir jautriai atskleid\u017eia mint\u012f, kad \u012fs\u010diose u\u017egimusios gyvyb\u0117s sunaikinimas sumenkina visos \u017emonijos gyvenimo vert\u0119, o moters gyvenime sukelia tokias pasekmes, koki\u0173 ji net nesitik\u0117jo.  Abortas n\u0117ra tik paprasta \u201eproced\u016bra\u201c. Tai n\u0117ra eilinis \u201e\u012fvykis\u201c. Abortas - vis\u0105 gyvenim\u0105 pakei\u010diantis veiksmas. \u0160i knyga pad\u0117s geriau suprasti poabortines problemas ir paai\u0161kins simptomus, i\u0161kylan\u010dius nuslopinus gedul\u0105 ir jausmus bei pad\u0117s \u017eengti sveikimo keliu. Ta\u010diau ji n\u0117ra vadov\u0117lis, kaip pasveikti po aborto. Jos tikslas - atidengti aborto sielvarto \u0161yd\u0105, m\u016bs\u0173 kult\u016broje klaidingai suprantam\u0105 ar net ignoruojam\u0105, ir pad\u0117ti kelyje \u012f i\u0161gijim\u0105.  \u201eU\u017edraustas sielvartas\u201c - tai specialus \u0161altinis, i\u0161gyvenan\u010dioms labai \u017emogi\u0161k\u0105, \u012fprast\u0105 reakcij\u0105 \u012f abort\u0105 - sielvart\u0105 - ir b\u016bdas jam i\u0161gydyti.","robots":{"index":"index","follow":"follow","max-snippet":"max-snippet:-1","max-image-preview":"max-image-preview:large","max-video-preview":"max-video-preview:-1"},"canonical":"https:\/\/skaitytaknyga.lt\/en\/produktas\/theresa-burke-david-c-reardon-uzdraustas-sielvartas-2\/","og_locale":"en_GB","og_type":"article","og_title":"Theresa Burke, David C. Reardon \u201eU\u017edraustas sielvartas\u201c - Skaitytaknyga","og_description":"U\u017edraustas sielvartas stipriai, \u012f\u017evalgiai ir jautriai atskleid\u017eia mint\u012f, kad \u012fs\u010diose u\u017egimusios gyvyb\u0117s sunaikinimas sumenkina visos \u017emonijos gyvenimo vert\u0119, o moters gyvenime sukelia tokias pasekmes, koki\u0173 ji net nesitik\u0117jo.  Abortas n\u0117ra tik paprasta \u201eproced\u016bra\u201c. Tai n\u0117ra eilinis \u201e\u012fvykis\u201c. Abortas - vis\u0105 gyvenim\u0105 pakei\u010diantis veiksmas. \u0160i knyga pad\u0117s geriau suprasti poabortines problemas ir paai\u0161kins simptomus, i\u0161kylan\u010dius nuslopinus gedul\u0105 ir jausmus bei pad\u0117s \u017eengti sveikimo keliu. Ta\u010diau ji n\u0117ra vadov\u0117lis, kaip pasveikti po aborto. Jos tikslas - atidengti aborto sielvarto \u0161yd\u0105, m\u016bs\u0173 kult\u016broje klaidingai suprantam\u0105 ar net ignoruojam\u0105, ir pad\u0117ti kelyje \u012f i\u0161gijim\u0105.  \u201eU\u017edraustas sielvartas\u201c - tai specialus \u0161altinis, i\u0161gyvenan\u010dioms labai \u017emogi\u0161k\u0105, \u012fprast\u0105 reakcij\u0105 \u012f abort\u0105 - sielvart\u0105 - ir b\u016bdas jam i\u0161gydyti.","og_url":"https:\/\/skaitytaknyga.lt\/en\/produktas\/theresa-burke-david-c-reardon-uzdraustas-sielvartas-2\/","og_site_name":"Skaitytaknyga","article_publisher":"https:\/\/www.facebook.com\/skaitytaknyga\/","article_modified_time":"2025-01-02T16:28:25+00:00","og_image":[{"width":287,"height":430,"url":"https:\/\/skaitytaknyga.lt\/wp-content\/uploads\/2024\/04\/1462876256_img2.jpg","type":"image\/jpeg"}],"twitter_card":"summary_large_image","twitter_misc":{"Estimated reading time":"1 minute"},"schema":{"@context":"https:\/\/schema.org","@graph":[{"@type":"WebPage","@id":"https:\/\/skaitytaknyga.lt\/produktas\/theresa-burke-david-c-reardon-uzdraustas-sielvartas-2\/","url":"https:\/\/skaitytaknyga.lt\/produktas\/theresa-burke-david-c-reardon-uzdraustas-sielvartas-2\/","name":"Theresa Burke, David C. Reardon \u201eU\u017edraustas sielvartas\u201c - Skaitytaknyga","isPartOf":{"@id":"https:\/\/skaitytaknyga.lt\/#website"},"primaryImageOfPage":{"@id":"https:\/\/skaitytaknyga.lt\/produktas\/theresa-burke-david-c-reardon-uzdraustas-sielvartas-2\/#primaryimage"},"image":{"@id":"https:\/\/skaitytaknyga.lt\/produktas\/theresa-burke-david-c-reardon-uzdraustas-sielvartas-2\/#primaryimage"},"thumbnailUrl":"https:\/\/skaitytaknyga.lt\/wp-content\/uploads\/2024\/04\/1462876256_img2.jpg","datePublished":"2024-05-04T14:40:51+00:00","dateModified":"2025-01-02T16:28:25+00:00","description":"U\u017edraustas sielvartas stipriai, \u012f\u017evalgiai ir jautriai atskleid\u017eia mint\u012f, kad \u012fs\u010diose u\u017egimusios gyvyb\u0117s sunaikinimas sumenkina visos \u017emonijos gyvenimo vert\u0119, o moters gyvenime sukelia tokias pasekmes, koki\u0173 ji net nesitik\u0117jo. Abortas n\u0117ra tik paprasta \u201eproced\u016bra\u201c. Tai n\u0117ra eilinis \u201e\u012fvykis\u201c. Abortas - vis\u0105 gyvenim\u0105 pakei\u010diantis veiksmas. \u0160i knyga pad\u0117s geriau suprasti poabortines problemas ir paai\u0161kins simptomus, i\u0161kylan\u010dius nuslopinus gedul\u0105 ir jausmus bei pad\u0117s \u017eengti sveikimo keliu. Ta\u010diau ji n\u0117ra vadov\u0117lis, kaip pasveikti po aborto. Jos tikslas - atidengti aborto sielvarto \u0161yd\u0105, m\u016bs\u0173 kult\u016broje klaidingai suprantam\u0105 ar net ignoruojam\u0105, ir pad\u0117ti kelyje \u012f i\u0161gijim\u0105. \u201eU\u017edraustas sielvartas\u201c - tai specialus \u0161altinis, i\u0161gyvenan\u010dioms labai \u017emogi\u0161k\u0105, \u012fprast\u0105 reakcij\u0105 \u012f abort\u0105 - sielvart\u0105 - ir b\u016bdas jam i\u0161gydyti.","breadcrumb":{"@id":"https:\/\/skaitytaknyga.lt\/produktas\/theresa-burke-david-c-reardon-uzdraustas-sielvartas-2\/#breadcrumb"},"inLanguage":"en-GB","potentialAction":[{"@type":"ReadAction","target":["https:\/\/skaitytaknyga.lt\/produktas\/theresa-burke-david-c-reardon-uzdraustas-sielvartas-2\/"]}]},{"@type":"ImageObject","inLanguage":"en-GB","@id":"https:\/\/skaitytaknyga.lt\/produktas\/theresa-burke-david-c-reardon-uzdraustas-sielvartas-2\/#primaryimage","url":"https:\/\/skaitytaknyga.lt\/wp-content\/uploads\/2024\/04\/1462876256_img2.jpg","contentUrl":"https:\/\/skaitytaknyga.lt\/wp-content\/uploads\/2024\/04\/1462876256_img2.jpg","width":287,"height":430,"caption":"1462876256 img2"},{"@type":"BreadcrumbList","@id":"https:\/\/skaitytaknyga.lt\/produktas\/theresa-burke-david-c-reardon-uzdraustas-sielvartas-2\/#breadcrumb","itemListElement":[{"@type":"ListItem","position":1,"name":"Home","item":"https:\/\/skaitytaknyga.lt\/"},{"@type":"ListItem","position":2,"name":"Parduotuv\u0117","item":"https:\/\/skaitytaknyga.lt\/knygu-parduotuve\/"},{"@type":"ListItem","position":3,"name":"Theresa Burke, David C. Reardon \u201eU\u017edraustas sielvartas\u201c"}]},{"@type":"WebSite","@id":"https:\/\/skaitytaknyga.lt\/#website","url":"https:\/\/skaitytaknyga.lt\/","name":"skaitytaknyga.lt","description":"Skaitytaknyga.lt \u2013 tai ma\u017eas \u0161eimos verslas, kuris prasid\u0117jo nuo meil\u0117s knygoms ir siekio i\u0161gelb\u0117ti knygas nuo likimo prie konteinerio. Kas vienam nereikalingas daiktas \u2013 kitam lobis, o mes esame tarpininkai, kurie padeda abiems tapti laimingesniems ???? \u017dinome kaip nelengva i\u0161gyventi ma\u017eiems verslams, tad nuo \u0161iol, \u010dia rasite ir kit\u0173, ma\u017e\u0173 \u0161eim\u0173 versl\u0173, rank\u0173 darbo, dovan\u0173 sau ir artimiesiems.","publisher":{"@id":"https:\/\/skaitytaknyga.lt\/#organization"},"potentialAction":[{"@type":"SearchAction","target":{"@type":"EntryPoint","urlTemplate":"https:\/\/skaitytaknyga.lt\/?s={search_term_string}"},"query-input":{"@type":"PropertyValueSpecification","valueRequired":true,"valueName":"search_term_string"}}],"inLanguage":"en-GB"},{"@type":"Organization","@id":"https:\/\/skaitytaknyga.lt\/#organization","name":"skaitytaknyga.lt","url":"https:\/\/skaitytaknyga.lt\/","logo":{"@type":"ImageObject","inLanguage":"en-GB","@id":"https:\/\/skaitytaknyga.lt\/#\/schema\/logo\/image\/","url":"https:\/\/skaitytaknyga.lt\/wp-content\/uploads\/2024\/05\/cropped-cropped-cropped-02_00843_jt3bggkj1j3HLc7SyY6rEUpg.jpeg","contentUrl":"https:\/\/skaitytaknyga.lt\/wp-content\/uploads\/2024\/05\/cropped-cropped-cropped-02_00843_jt3bggkj1j3HLc7SyY6rEUpg.jpeg","width":1600,"height":1600,"caption":"skaitytaknyga.lt"},"image":{"@id":"https:\/\/skaitytaknyga.lt\/#\/schema\/logo\/image\/"},"sameAs":["https:\/\/www.facebook.com\/skaitytaknyga\/"]}]}},"_links":{"self":[{"href":"https:\/\/skaitytaknyga.lt\/en\/wp-json\/wp\/v2\/product\/8141","targetHints":{"allow":["GET"]}}],"collection":[{"href":"https:\/\/skaitytaknyga.lt\/en\/wp-json\/wp\/v2\/product"}],"about":[{"href":"https:\/\/skaitytaknyga.lt\/en\/wp-json\/wp\/v2\/types\/product"}],"replies":[{"embeddable":true,"href":"https:\/\/skaitytaknyga.lt\/en\/wp-json\/wp\/v2\/comments?post=8141"}],"wp:featuredmedia":[{"embeddable":true,"href":"https:\/\/skaitytaknyga.lt\/en\/wp-json\/wp\/v2\/media\/3983"}],"wp:attachment":[{"href":"https:\/\/skaitytaknyga.lt\/en\/wp-json\/wp\/v2\/media?parent=8141"}],"wp:term":[{"taxonomy":"product_brand","embeddable":true,"href":"https:\/\/skaitytaknyga.lt\/en\/wp-json\/wp\/v2\/product_brand?post=8141"},{"taxonomy":"product_cat","embeddable":true,"href":"https:\/\/skaitytaknyga.lt\/en\/wp-json\/wp\/v2\/product_cat?post=8141"},{"taxonomy":"product_tag","embeddable":true,"href":"https:\/\/skaitytaknyga.lt\/en\/wp-json\/wp\/v2\/product_tag?post=8141"}],"curies":[{"name":"wp","href":"https:\/\/api.w.org\/{rel}","templated":true}]}}