{"id":8131,"date":"2024-05-04T17:40:50","date_gmt":"2024-05-04T14:40:50","guid":{"rendered":"https:\/\/skaitytaknyga.lt\/?post_type=product&#038;p=8131"},"modified":"2025-04-10T19:52:23","modified_gmt":"2025-04-10T16:52:23","slug":"didieji-pasaulio-stebuklai-2","status":"publish","type":"product","link":"https:\/\/skaitytaknyga.lt\/en\/produktas\/didieji-pasaulio-stebuklai-2\/","title":{"rendered":"Didieji pasaulio stebuklai"},"content":{"rendered":"<p>Senov\u0117s pasaulis, tuomet ma\u017eai i\u0161tyrin\u0117tas jo gyventoj\u0173, \u017einojo tik septynis did\u017eiuosius stebuklus. \u0160iandien j\u0173 gerokai daugiau. \u017dem\u0117je beveik neliko neaplankyt\u0173 ar nei\u0161tyrin\u0117t\u0173 viet\u0173. \u0160ioje knygoje rasite \u012fdomiai, gyvai apra\u0161ytus ir nuostabiai iliustruotus pa\u010dius i\u0161kiliausius gamtos sukurtus stebuklus.<\/p>\n<p>Tai neu\u017emir\u0161tama kelion\u0117 po egzoti\u0161kiausias \u017eem\u0117s vietas: Did\u012fj\u012f Barjerin\u012f rif\u0105 Australijoje \u2013 tikr\u0105 fantazij\u0173 karalyst\u0119, kurioje nesuskaitoma daugyb\u0117 ry\u0161kiaspalvi\u0173 \u017euveli\u0173 nardo klaid\u017eiais koral\u0173 koridoriais, Tian \u0160anio kalnus, kuri\u0173 vir\u0161\u016bn\u0117s padengtos am\u017einu sniegu, o sl\u0117niai liepsnoja nuo gausyb\u0117s laukini\u0173 tulpi\u0173, ar Venesuelos stalkaln\u012f, kur tarsi v\u0117jyje besiplaikstantis ra\u0161tuotas n\u0117rinys verpetuoja vienas auk\u0161\u010diausi\u0173 pasaulio kriokli\u0173.<\/p>\n<p>\u201eDidieji pasaulio stebuklai\u201c nukels \u012f kar\u0161\u010diausius ir \u0161al\u010diausius, dr\u0117gniausius ir sausiausius, auk\u0161\u010diausius ir \u017eemiausius planetos kampelius. Aplankysite d\u017eiungles ir dykumas, e\u017eerus ir upes, salas, lygumas ir kalnus, taip pat su\u017einosite, kod\u0117l, kaip ir kokie \u017emon\u0117s, gyv\u016bnai ir augalai ten gyvena.<\/p>\n<ul class=\"about-product d-none d-xl-block mt-4\">\n<li><strong>Autorius:<\/strong>\u00a0Autori\u0173 kolektyvas<\/li>\n<li><strong>Leid\u0117jas:<\/strong>\u00a0Alma littera<\/li>\n<li><strong>Metai:<\/strong>\u00a02006<\/li>\n<li><strong>Puslapiai:<\/strong>\u00a0456<\/li>\n<li><strong>ISBN:<\/strong>\u00a09789955089049<\/li>\n<li><strong>Formatas:<\/strong>\u00a021,6 x 28 cm, kieti vir\u0161eliai<\/li>\n<li><strong>Kalba:<\/strong>\u00a0Lietuvi\u0173<\/li>\n<li><strong>Vert\u0117jas:<\/strong>\u00a0Albinas Ba\u010delis, \u017divil\u0117 Andri\u016bnien\u0117, Gytis Kudarauskas<\/li>\n<\/ul>\n","protected":false},"excerpt":{"rendered":"<p>Senov\u0117s pasaulis, tuomet ma\u017eai i\u0161tyrin\u0117tas jo gyventoj\u0173, \u017einojo tik septynis did\u017eiuosius stebuklus. \u0160iandien j\u0173 gerokai daugiau. \u017dem\u0117je beveik neliko neaplankyt\u0173 ar nei\u0161tyrin\u0117t\u0173 viet\u0173. \u0160ioje knygoje rasite \u012fdomiai, gyvai apra\u0161ytus ir nuostabiai iliustruotus pa\u010dius i\u0161kiliausius gamtos sukurtus stebuklus. Tai neu\u017emir\u0161tama kelion\u0117 po egzoti\u0161kiausias \u017eem\u0117s vietas: Did\u012fj\u012f Barjerin\u012f rif\u0105 Australijoje \u2013 tikr\u0105 fantazij\u0173 karalyst\u0119, kurioje nesuskaitoma daugyb\u0117 ry\u0161kiaspalvi\u0173 \u017euveli\u0173 nardo klaid\u017eiais koral\u0173 koridoriais, Tian \u0160anio kalnus, kuri\u0173 vir\u0161\u016bn\u0117s padengtos am\u017einu sniegu, o sl\u0117niai liepsnoja nuo gausyb\u0117s laukini\u0173 tulpi\u0173, ar Venesuelos stalkaln\u012f, kur tarsi v\u0117jyje besiplaikstantis ra\u0161tuotas n\u0117rinys verpetuoja vienas auk\u0161\u010diausi\u0173 pasaulio kriokli\u0173. \u201eDidieji pasaulio stebuklai\u201c nukels \u012f kar\u0161\u010diausius ir \u0161al\u010diausius, dr\u0117gniausius ir sausiausius, auk\u0161\u010diausius ir \u017eemiausius planetos kampelius. Aplankysite d\u017eiungles ir dykumas, e\u017eerus ir upes, salas, lygumas ir kalnus, taip pat su\u017einosite, kod\u0117l, kaip ir kokie \u017emon\u0117s, gyv\u016bnai ir augalai ten gyvena. Autorius:\u00a0Autori\u0173 kolektyvas Leid\u0117jas:\u00a0Alma littera Metai:\u00a02006 Puslapiai:\u00a0456 ISBN:\u00a09789955089049 Formatas:\u00a021,6 x 28 cm, kieti vir\u0161eliai Kalba:\u00a0Lietuvi\u0173 Vert\u0117jas:\u00a0Albinas Ba\u010delis, \u017divil\u0117 Andri\u016bnien\u0117, Gytis Kudarauskas<\/p>\n","protected":false},"featured_media":3951,"comment_status":"closed","ping_status":"closed","template":"","meta":{"_acf_changed":false,"site-sidebar-layout":"default","site-content-layout":"","ast-site-content-layout":"default","site-content-style":"default","site-sidebar-style":"default","ast-global-header-display":"","ast-banner-title-visibility":"","ast-main-header-display":"","ast-hfb-above-header-display":"","ast-hfb-below-header-display":"","ast-hfb-mobile-header-display":"","site-post-title":"","ast-breadcrumbs-content":"","ast-featured-img":"","footer-sml-layout":"","ast-disable-related-posts":"","theme-transparent-header-meta":"default","adv-header-id-meta":"","stick-header-meta":"","header-above-stick-meta":"","header-main-stick-meta":"","header-below-stick-meta":"","astra-migrate-meta-layouts":"set","ast-page-background-enabled":"default","ast-page-background-meta":{"desktop":{"background-color":"","background-image":"","background-repeat":"repeat","background-position":"center center","background-size":"auto","background-attachment":"scroll","background-type":"","background-media":"","overlay-type":"","overlay-color":"","overlay-opacity":"","overlay-gradient":""},"tablet":{"background-color":"","background-image":"","background-repeat":"repeat","background-position":"center center","background-size":"auto","background-attachment":"scroll","background-type":"","background-media":"","overlay-type":"","overlay-color":"","overlay-opacity":"","overlay-gradient":""},"mobile":{"background-color":"","background-image":"","background-repeat":"repeat","background-position":"center center","background-size":"auto","background-attachment":"scroll","background-type":"","background-media":"","overlay-type":"","overlay-color":"","overlay-opacity":"","overlay-gradient":""}},"ast-content-background-meta":{"desktop":{"background-color":"var(--ast-global-color-4)","background-image":"","background-repeat":"repeat","background-position":"center center","background-size":"auto","background-attachment":"scroll","background-type":"","background-media":"","overlay-type":"","overlay-color":"","overlay-opacity":"","overlay-gradient":""},"tablet":{"background-color":"var(--ast-global-color-4)","background-image":"","background-repeat":"repeat","background-position":"center center","background-size":"auto","background-attachment":"scroll","background-type":"","background-media":"","overlay-type":"","overlay-color":"","overlay-opacity":"","overlay-gradient":""},"mobile":{"background-color":"var(--ast-global-color-4)","background-image":"","background-repeat":"repeat","background-position":"center center","background-size":"auto","background-attachment":"scroll","background-type":"","background-media":"","overlay-type":"","overlay-color":"","overlay-opacity":"","overlay-gradient":""}}},"product_brand":[],"product_cat":[73],"product_tag":[],"class_list":{"0":"post-8131","1":"product","2":"type-product","3":"status-publish","4":"has-post-thumbnail","6":"product_cat-zinynai-ir-enciklopedijos","7":"desktop-align-left","8":"tablet-align-left","9":"mobile-align-left","11":"first","12":"instock","13":"shipping-taxable","14":"purchasable","15":"product-type-simple"},"acf":[],"yoast_head":"<!-- This site is optimized with the Yoast SEO plugin v27.0 - https:\/\/yoast.com\/product\/yoast-seo-wordpress\/ -->\n<title>Didieji pasaulio stebuklai<\/title>\n<meta name=\"description\" content=\"\u0160ioje knygoje rasite \u012fdomiai, gyvai apra\u0161ytus ir nuostabiai iliustruotus pa\u010dius i\u0161kiliausius gamtos sukurtus stebuklus. Kelion\u0117 po egzoti\u0161kiausias \u017eem\u0117s vietas\" \/>\n<meta name=\"robots\" content=\"index, follow, max-snippet:-1, max-image-preview:large, max-video-preview:-1\" \/>\n<link rel=\"canonical\" href=\"https:\/\/skaitytaknyga.lt\/en\/produktas\/didieji-pasaulio-stebuklai-2\/\" \/>\n<meta property=\"og:locale\" content=\"en_GB\" \/>\n<meta property=\"og:locale:alternate\" content=\"lt_LT\" \/>\n<meta property=\"og:type\" content=\"article\" \/>\n<meta property=\"og:title\" content=\"Didieji pasaulio stebuklai\" \/>\n<meta property=\"og:description\" content=\"\u0160ioje knygoje rasite \u012fdomiai, gyvai apra\u0161ytus ir nuostabiai iliustruotus pa\u010dius i\u0161kiliausius gamtos sukurtus stebuklus. Kelion\u0117 po egzoti\u0161kiausias \u017eem\u0117s vietas\" \/>\n<meta property=\"og:url\" content=\"https:\/\/skaitytaknyga.lt\/en\/produktas\/didieji-pasaulio-stebuklai-2\/\" \/>\n<meta property=\"og:site_name\" content=\"Skaitytaknyga\" \/>\n<meta property=\"article:publisher\" content=\"https:\/\/www.facebook.com\/skaitytaknyga\/\" \/>\n<meta property=\"article:modified_time\" content=\"2025-04-10T16:52:23+00:00\" \/>\n<meta property=\"og:image\" content=\"https:\/\/skaitytaknyga.lt\/wp-content\/uploads\/2024\/04\/1462878822_img0014.jpg\" \/>\n\t<meta property=\"og:image:width\" content=\"314\" \/>\n\t<meta property=\"og:image:height\" content=\"430\" \/>\n\t<meta property=\"og:image:type\" content=\"image\/jpeg\" \/>\n<meta name=\"twitter:card\" content=\"summary_large_image\" \/>\n<meta name=\"twitter:label1\" content=\"Estimated reading time\" \/>\n\t<meta name=\"twitter:data1\" content=\"2 minutes\" \/>\n<script type=\"application\/ld+json\" class=\"yoast-schema-graph\">{\"@context\":\"https:\/\/schema.org\",\"@graph\":[{\"@type\":\"WebPage\",\"@id\":\"https:\/\/skaitytaknyga.lt\/produktas\/didieji-pasaulio-stebuklai-2\/\",\"url\":\"https:\/\/skaitytaknyga.lt\/produktas\/didieji-pasaulio-stebuklai-2\/\",\"name\":\"Didieji pasaulio stebuklai\",\"isPartOf\":{\"@id\":\"https:\/\/skaitytaknyga.lt\/#website\"},\"primaryImageOfPage\":{\"@id\":\"https:\/\/skaitytaknyga.lt\/produktas\/didieji-pasaulio-stebuklai-2\/#primaryimage\"},\"image\":{\"@id\":\"https:\/\/skaitytaknyga.lt\/produktas\/didieji-pasaulio-stebuklai-2\/#primaryimage\"},\"thumbnailUrl\":\"https:\/\/skaitytaknyga.lt\/wp-content\/uploads\/2024\/04\/1462878822_img0014.jpg\",\"datePublished\":\"2024-05-04T14:40:50+00:00\",\"dateModified\":\"2025-04-10T16:52:23+00:00\",\"description\":\"\u0160ioje knygoje rasite \u012fdomiai, gyvai apra\u0161ytus ir nuostabiai iliustruotus pa\u010dius i\u0161kiliausius gamtos sukurtus stebuklus. Kelion\u0117 po egzoti\u0161kiausias \u017eem\u0117s vietas\",\"breadcrumb\":{\"@id\":\"https:\/\/skaitytaknyga.lt\/produktas\/didieji-pasaulio-stebuklai-2\/#breadcrumb\"},\"inLanguage\":\"en-GB\",\"potentialAction\":[{\"@type\":\"ReadAction\",\"target\":[\"https:\/\/skaitytaknyga.lt\/produktas\/didieji-pasaulio-stebuklai-2\/\"]}]},{\"@type\":\"ImageObject\",\"inLanguage\":\"en-GB\",\"@id\":\"https:\/\/skaitytaknyga.lt\/produktas\/didieji-pasaulio-stebuklai-2\/#primaryimage\",\"url\":\"https:\/\/skaitytaknyga.lt\/wp-content\/uploads\/2024\/04\/1462878822_img0014.jpg\",\"contentUrl\":\"https:\/\/skaitytaknyga.lt\/wp-content\/uploads\/2024\/04\/1462878822_img0014.jpg\",\"width\":314,\"height\":430,\"caption\":\"1462878822 img0014\"},{\"@type\":\"BreadcrumbList\",\"@id\":\"https:\/\/skaitytaknyga.lt\/produktas\/didieji-pasaulio-stebuklai-2\/#breadcrumb\",\"itemListElement\":[{\"@type\":\"ListItem\",\"position\":1,\"name\":\"Home\",\"item\":\"https:\/\/skaitytaknyga.lt\/\"},{\"@type\":\"ListItem\",\"position\":2,\"name\":\"Parduotuv\u0117\",\"item\":\"https:\/\/skaitytaknyga.lt\/knygu-parduotuve\/\"},{\"@type\":\"ListItem\",\"position\":3,\"name\":\"Didieji pasaulio stebuklai\"}]},{\"@type\":\"WebSite\",\"@id\":\"https:\/\/skaitytaknyga.lt\/#website\",\"url\":\"https:\/\/skaitytaknyga.lt\/\",\"name\":\"skaitytaknyga.lt\",\"description\":\"Skaitytaknyga.lt \u2013 tai ma\u017eas \u0161eimos verslas, kuris prasid\u0117jo nuo meil\u0117s knygoms ir siekio i\u0161gelb\u0117ti knygas nuo likimo prie konteinerio. Kas vienam nereikalingas daiktas \u2013 kitam lobis, o mes esame tarpininkai, kurie padeda abiems tapti laimingesniems ???? \u017dinome kaip nelengva i\u0161gyventi ma\u017eiems verslams, tad nuo \u0161iol, \u010dia rasite ir kit\u0173, ma\u017e\u0173 \u0161eim\u0173 versl\u0173, rank\u0173 darbo, dovan\u0173 sau ir artimiesiems.\",\"publisher\":{\"@id\":\"https:\/\/skaitytaknyga.lt\/#organization\"},\"potentialAction\":[{\"@type\":\"SearchAction\",\"target\":{\"@type\":\"EntryPoint\",\"urlTemplate\":\"https:\/\/skaitytaknyga.lt\/?s={search_term_string}\"},\"query-input\":{\"@type\":\"PropertyValueSpecification\",\"valueRequired\":true,\"valueName\":\"search_term_string\"}}],\"inLanguage\":\"en-GB\"},{\"@type\":\"Organization\",\"@id\":\"https:\/\/skaitytaknyga.lt\/#organization\",\"name\":\"skaitytaknyga.lt\",\"url\":\"https:\/\/skaitytaknyga.lt\/\",\"logo\":{\"@type\":\"ImageObject\",\"inLanguage\":\"en-GB\",\"@id\":\"https:\/\/skaitytaknyga.lt\/#\/schema\/logo\/image\/\",\"url\":\"https:\/\/skaitytaknyga.lt\/wp-content\/uploads\/2024\/05\/cropped-cropped-cropped-02_00843_jt3bggkj1j3HLc7SyY6rEUpg.jpeg\",\"contentUrl\":\"https:\/\/skaitytaknyga.lt\/wp-content\/uploads\/2024\/05\/cropped-cropped-cropped-02_00843_jt3bggkj1j3HLc7SyY6rEUpg.jpeg\",\"width\":1600,\"height\":1600,\"caption\":\"skaitytaknyga.lt\"},\"image\":{\"@id\":\"https:\/\/skaitytaknyga.lt\/#\/schema\/logo\/image\/\"},\"sameAs\":[\"https:\/\/www.facebook.com\/skaitytaknyga\/\"]}]}<\/script>\n<!-- \/ Yoast SEO plugin. -->","yoast_head_json":{"title":"Didieji pasaulio stebuklai","description":"\u0160ioje knygoje rasite \u012fdomiai, gyvai apra\u0161ytus ir nuostabiai iliustruotus pa\u010dius i\u0161kiliausius gamtos sukurtus stebuklus. Kelion\u0117 po egzoti\u0161kiausias \u017eem\u0117s vietas","robots":{"index":"index","follow":"follow","max-snippet":"max-snippet:-1","max-image-preview":"max-image-preview:large","max-video-preview":"max-video-preview:-1"},"canonical":"https:\/\/skaitytaknyga.lt\/en\/produktas\/didieji-pasaulio-stebuklai-2\/","og_locale":"en_GB","og_type":"article","og_title":"[:lt]Didieji pasaulio stebuklai[:] - Skaitytaknyga","og_description":"\u0160ioje knygoje rasite \u012fdomiai, gyvai apra\u0161ytus ir nuostabiai iliustruotus pa\u010dius i\u0161kiliausius gamtos sukurtus stebuklus. Kelion\u0117 po egzoti\u0161kiausias \u017eem\u0117s vietas","og_url":"https:\/\/skaitytaknyga.lt\/en\/produktas\/didieji-pasaulio-stebuklai-2\/","og_site_name":"Skaitytaknyga","article_publisher":"https:\/\/www.facebook.com\/skaitytaknyga\/","article_modified_time":"2025-04-10T16:52:23+00:00","og_image":[{"width":314,"height":430,"url":"https:\/\/skaitytaknyga.lt\/wp-content\/uploads\/2024\/04\/1462878822_img0014.jpg","type":"image\/jpeg"}],"twitter_card":"summary_large_image","twitter_misc":{"Estimated reading time":"2 minutes"},"schema":{"@context":"https:\/\/schema.org","@graph":[{"@type":"WebPage","@id":"https:\/\/skaitytaknyga.lt\/produktas\/didieji-pasaulio-stebuklai-2\/","url":"https:\/\/skaitytaknyga.lt\/produktas\/didieji-pasaulio-stebuklai-2\/","name":"Didieji pasaulio stebuklai","isPartOf":{"@id":"https:\/\/skaitytaknyga.lt\/#website"},"primaryImageOfPage":{"@id":"https:\/\/skaitytaknyga.lt\/produktas\/didieji-pasaulio-stebuklai-2\/#primaryimage"},"image":{"@id":"https:\/\/skaitytaknyga.lt\/produktas\/didieji-pasaulio-stebuklai-2\/#primaryimage"},"thumbnailUrl":"https:\/\/skaitytaknyga.lt\/wp-content\/uploads\/2024\/04\/1462878822_img0014.jpg","datePublished":"2024-05-04T14:40:50+00:00","dateModified":"2025-04-10T16:52:23+00:00","description":"\u0160ioje knygoje rasite \u012fdomiai, gyvai apra\u0161ytus ir nuostabiai iliustruotus pa\u010dius i\u0161kiliausius gamtos sukurtus stebuklus. Kelion\u0117 po egzoti\u0161kiausias \u017eem\u0117s vietas","breadcrumb":{"@id":"https:\/\/skaitytaknyga.lt\/produktas\/didieji-pasaulio-stebuklai-2\/#breadcrumb"},"inLanguage":"en-GB","potentialAction":[{"@type":"ReadAction","target":["https:\/\/skaitytaknyga.lt\/produktas\/didieji-pasaulio-stebuklai-2\/"]}]},{"@type":"ImageObject","inLanguage":"en-GB","@id":"https:\/\/skaitytaknyga.lt\/produktas\/didieji-pasaulio-stebuklai-2\/#primaryimage","url":"https:\/\/skaitytaknyga.lt\/wp-content\/uploads\/2024\/04\/1462878822_img0014.jpg","contentUrl":"https:\/\/skaitytaknyga.lt\/wp-content\/uploads\/2024\/04\/1462878822_img0014.jpg","width":314,"height":430,"caption":"1462878822 img0014"},{"@type":"BreadcrumbList","@id":"https:\/\/skaitytaknyga.lt\/produktas\/didieji-pasaulio-stebuklai-2\/#breadcrumb","itemListElement":[{"@type":"ListItem","position":1,"name":"Home","item":"https:\/\/skaitytaknyga.lt\/"},{"@type":"ListItem","position":2,"name":"Parduotuv\u0117","item":"https:\/\/skaitytaknyga.lt\/knygu-parduotuve\/"},{"@type":"ListItem","position":3,"name":"Didieji pasaulio stebuklai"}]},{"@type":"WebSite","@id":"https:\/\/skaitytaknyga.lt\/#website","url":"https:\/\/skaitytaknyga.lt\/","name":"skaitytaknyga.lt","description":"Skaitytaknyga.lt \u2013 tai ma\u017eas \u0161eimos verslas, kuris prasid\u0117jo nuo meil\u0117s knygoms ir siekio i\u0161gelb\u0117ti knygas nuo likimo prie konteinerio. Kas vienam nereikalingas daiktas \u2013 kitam lobis, o mes esame tarpininkai, kurie padeda abiems tapti laimingesniems ???? \u017dinome kaip nelengva i\u0161gyventi ma\u017eiems verslams, tad nuo \u0161iol, \u010dia rasite ir kit\u0173, ma\u017e\u0173 \u0161eim\u0173 versl\u0173, rank\u0173 darbo, dovan\u0173 sau ir artimiesiems.","publisher":{"@id":"https:\/\/skaitytaknyga.lt\/#organization"},"potentialAction":[{"@type":"SearchAction","target":{"@type":"EntryPoint","urlTemplate":"https:\/\/skaitytaknyga.lt\/?s={search_term_string}"},"query-input":{"@type":"PropertyValueSpecification","valueRequired":true,"valueName":"search_term_string"}}],"inLanguage":"en-GB"},{"@type":"Organization","@id":"https:\/\/skaitytaknyga.lt\/#organization","name":"skaitytaknyga.lt","url":"https:\/\/skaitytaknyga.lt\/","logo":{"@type":"ImageObject","inLanguage":"en-GB","@id":"https:\/\/skaitytaknyga.lt\/#\/schema\/logo\/image\/","url":"https:\/\/skaitytaknyga.lt\/wp-content\/uploads\/2024\/05\/cropped-cropped-cropped-02_00843_jt3bggkj1j3HLc7SyY6rEUpg.jpeg","contentUrl":"https:\/\/skaitytaknyga.lt\/wp-content\/uploads\/2024\/05\/cropped-cropped-cropped-02_00843_jt3bggkj1j3HLc7SyY6rEUpg.jpeg","width":1600,"height":1600,"caption":"skaitytaknyga.lt"},"image":{"@id":"https:\/\/skaitytaknyga.lt\/#\/schema\/logo\/image\/"},"sameAs":["https:\/\/www.facebook.com\/skaitytaknyga\/"]}]}},"_links":{"self":[{"href":"https:\/\/skaitytaknyga.lt\/en\/wp-json\/wp\/v2\/product\/8131","targetHints":{"allow":["GET"]}}],"collection":[{"href":"https:\/\/skaitytaknyga.lt\/en\/wp-json\/wp\/v2\/product"}],"about":[{"href":"https:\/\/skaitytaknyga.lt\/en\/wp-json\/wp\/v2\/types\/product"}],"replies":[{"embeddable":true,"href":"https:\/\/skaitytaknyga.lt\/en\/wp-json\/wp\/v2\/comments?post=8131"}],"wp:featuredmedia":[{"embeddable":true,"href":"https:\/\/skaitytaknyga.lt\/en\/wp-json\/wp\/v2\/media\/3951"}],"wp:attachment":[{"href":"https:\/\/skaitytaknyga.lt\/en\/wp-json\/wp\/v2\/media?parent=8131"}],"wp:term":[{"taxonomy":"product_brand","embeddable":true,"href":"https:\/\/skaitytaknyga.lt\/en\/wp-json\/wp\/v2\/product_brand?post=8131"},{"taxonomy":"product_cat","embeddable":true,"href":"https:\/\/skaitytaknyga.lt\/en\/wp-json\/wp\/v2\/product_cat?post=8131"},{"taxonomy":"product_tag","embeddable":true,"href":"https:\/\/skaitytaknyga.lt\/en\/wp-json\/wp\/v2\/product_tag?post=8131"}],"curies":[{"name":"wp","href":"https:\/\/api.w.org\/{rel}","templated":true}]}}