{"id":8128,"date":"2024-05-04T14:40:50","date_gmt":"2024-05-04T14:40:50","guid":{"rendered":"https:\/\/skaitytaknyga.lt\/?post_type=product&#038;p=8128"},"modified":"2025-10-04T18:58:52","modified_gmt":"2025-10-04T15:58:52","slug":"isabel-allende-zoro-jaunyste-2","status":"publish","type":"product","link":"https:\/\/skaitytaknyga.lt\/en\/produktas\/isabel-allende-zoro-jaunyste-2\/","title":{"rendered":"Zoro jaunyst\u0117"},"content":{"rendered":"<p>I\u0161radingai supindama vaizduot\u0119 su tikrove, naujajame romane \u201cZoro jaunyst\u0117\u201d ra\u0161ytoja pasakoja, kaip Kalifornijoje gim\u0119s vaikinas, pusiau ispanas, pusiau ind\u0117nas, vardu Diegas de la Vega, tapo mitiniu persona\u017eu, savoti\u0161ku Tadu Blinda.<br \/>\nB\u016bsimasis Zoras, gav\u0119s ind\u0117n\u0173 kovos krik\u0161t\u0105, i\u0161vyksta \u012f Ispanij\u0105 baigti moksl\u0173, tampa neprilygstamu \u0161pagos meistru, \u012fsimyli \u017eavi\u0105j\u0105 Chulijan\u0105 (kuri, deja, v\u0117liau beproti\u0161kai pamilsta savo grobik\u0105 korsar\u0105), b\u0117ga i\u0161 Ispanijos, nuo smurtininko gelb\u0117damas savo glob\u0117jo dukteris, ir pagaliau susiremia su juo \u017e\u016btb\u016btin\u0117se grumtyn\u0117se, atvyk\u0119s \u012f gimt\u0105j\u0105 Kalifornij\u0105, tuomet\u0119 Ispanijos kolonij\u0105.<br \/>\n\u0160iuo metu I. Allende \u2013 viena skaitomiausi\u0173 autori\u0173: pasaulyje i\u0161parduota daugiau kaip 35 milijonai egzempliori\u0173 jos knyg\u0173. Jos romanai i\u0161versti \u012f 27 kalbas ir tapo bestseleriais keturiuose kontinentuose.<\/p>\n","protected":false},"excerpt":{"rendered":"<p>I\u0161radingai supindama vaizduot\u0119 su tikrove, naujajame romane \u201cZoro jaunyst\u0117\u201d ra\u0161ytoja pasakoja, kaip Kalifornijoje gim\u0119s vaikinas, pusiau ispanas, pusiau ind\u0117nas, vardu Diegas de la Vega, tapo mitiniu persona\u017eu, savoti\u0161ku Tadu Blinda.<br \/>\nB\u016bsimasis Zoras, gav\u0119s ind\u0117n\u0173 kovos krik\u0161t\u0105, i\u0161vyksta \u012f Ispanij\u0105 baigti moksl\u0173, tampa neprilygstamu \u0161pagos meistru, \u012fsimyli \u017eavi\u0105j\u0105 Chulijan\u0105 (kuri, deja, v\u0117liau beproti\u0161kai pamilsta savo grobik\u0105 korsar\u0105), b\u0117ga i\u0161 Ispanijos, nuo smurtininko gelb\u0117damas savo glob\u0117jo dukteris, ir pagaliau susiremia su juo \u017e\u016btb\u016btin\u0117se grumtyn\u0117se, atvyk\u0119s \u012f gimt\u0105j\u0105 Kalifornij\u0105, tuomet\u0119 Ispanijos kolonij\u0105.<br \/>\n\u0160iuo metu I. Allende \u2013 viena skaitomiausi\u0173 autori\u0173: pasaulyje i\u0161parduota daugiau kaip 35 milijonai egzempliori\u0173 jos knyg\u0173. Jos romanai i\u0161versti \u012f 27 kalbas ir tapo bestseleriais keturiuose kontinentuose.<\/p>\n","protected":false},"featured_media":3948,"comment_status":"closed","ping_status":"closed","template":"","meta":{"_acf_changed":false,"site-sidebar-layout":"default","site-content-layout":"","ast-site-content-layout":"default","site-content-style":"default","site-sidebar-style":"default","ast-global-header-display":"","ast-banner-title-visibility":"","ast-main-header-display":"","ast-hfb-above-header-display":"","ast-hfb-below-header-display":"","ast-hfb-mobile-header-display":"","site-post-title":"","ast-breadcrumbs-content":"","ast-featured-img":"","footer-sml-layout":"","ast-disable-related-posts":"","theme-transparent-header-meta":"","adv-header-id-meta":"","stick-header-meta":"","header-above-stick-meta":"","header-main-stick-meta":"","header-below-stick-meta":"","astra-migrate-meta-layouts":"default","ast-page-background-enabled":"default","ast-page-background-meta":{"desktop":{"background-color":"","background-image":"","background-repeat":"repeat","background-position":"center center","background-size":"auto","background-attachment":"scroll","background-type":"","background-media":"","overlay-type":"","overlay-color":"","overlay-opacity":"","overlay-gradient":""},"tablet":{"background-color":"","background-image":"","background-repeat":"repeat","background-position":"center center","background-size":"auto","background-attachment":"scroll","background-type":"","background-media":"","overlay-type":"","overlay-color":"","overlay-opacity":"","overlay-gradient":""},"mobile":{"background-color":"","background-image":"","background-repeat":"repeat","background-position":"center center","background-size":"auto","background-attachment":"scroll","background-type":"","background-media":"","overlay-type":"","overlay-color":"","overlay-opacity":"","overlay-gradient":""}},"ast-content-background-meta":{"desktop":{"background-color":"var(--ast-global-color-4)","background-image":"","background-repeat":"repeat","background-position":"center center","background-size":"auto","background-attachment":"scroll","background-type":"","background-media":"","overlay-type":"","overlay-color":"","overlay-opacity":"","overlay-gradient":""},"tablet":{"background-color":"var(--ast-global-color-4)","background-image":"","background-repeat":"repeat","background-position":"center center","background-size":"auto","background-attachment":"scroll","background-type":"","background-media":"","overlay-type":"","overlay-color":"","overlay-opacity":"","overlay-gradient":""},"mobile":{"background-color":"var(--ast-global-color-4)","background-image":"","background-repeat":"repeat","background-position":"center center","background-size":"auto","background-attachment":"scroll","background-type":"","background-media":"","overlay-type":"","overlay-color":"","overlay-opacity":"","overlay-gradient":""}}},"product_brand":[],"product_cat":[31],"product_tag":[],"class_list":{"0":"post-8128","1":"product","2":"type-product","3":"status-publish","4":"has-post-thumbnail","6":"product_cat-grozine-literatura","7":"desktop-align-left","8":"tablet-align-left","9":"mobile-align-left","11":"first","12":"instock","13":"shipping-taxable","14":"purchasable","15":"product-type-simple"},"acf":[],"yoast_head":"<!-- This site is optimized with the Yoast SEO plugin v27.4 - https:\/\/yoast.com\/product\/yoast-seo-wordpress\/ -->\n<title>Zoro jaunyst\u0117<\/title>\n<meta name=\"description\" content=\"I\u0161radingai supindama vaizduot\u0119 su tikrove, naujajame romane \u201cZoro jaunyst\u0117\u201d ra\u0161ytoja pasakoja, kaip Kalifornijoje gim\u0119s vaikinas, pusiau ispanas, pusiau ind\u0117nas, vardu Diegas de la Vega, tapo mitiniu persona\u017eu, savoti\u0161ku Tadu Blinda. B\u016bsimasis Zoras, gav\u0119s ind\u0117n\u0173 kovos krik\u0161t\u0105, i\u0161vyksta \u012f Ispanij\u0105 baigti moksl\u0173, tampa neprilygstamu \u0161pagos meistru, \u012fsimyli \u017eavi\u0105j\u0105 Chulijan\u0105 (kuri, deja, v\u0117liau beproti\u0161kai pamilsta savo grobik\u0105 korsar\u0105), b\u0117ga i\u0161 Ispanijos, nuo smurtininko gelb\u0117damas savo glob\u0117jo dukteris, ir pagaliau susiremia su juo \u017e\u016btb\u016btin\u0117se grumtyn\u0117se, atvyk\u0119s \u012f gimt\u0105j\u0105 Kalifornij\u0105, tuomet\u0119 Ispanijos kolonij\u0105. \u0160iuo metu I. Allende \u2013 viena skaitomiausi\u0173 autori\u0173: pasaulyje i\u0161parduota daugiau kaip 35 milijonai egzempliori\u0173 jos knyg\u0173. Jos romanai i\u0161versti \u012f 27 kalbas ir tapo bestseleriais keturiuose kontinentuose.\" \/>\n<meta name=\"robots\" content=\"index, follow, max-snippet:-1, max-image-preview:large, max-video-preview:-1\" \/>\n<link rel=\"canonical\" href=\"https:\/\/skaitytaknyga.lt\/en\/produktas\/isabel-allende-zoro-jaunyste-2\/\" \/>\n<meta property=\"og:locale\" content=\"en_GB\" \/>\n<meta property=\"og:locale:alternate\" content=\"lt_LT\" \/>\n<meta property=\"og:type\" content=\"article\" \/>\n<meta property=\"og:title\" content=\"Zoro jaunyst\u0117\" \/>\n<meta property=\"og:description\" content=\"I\u0161radingai supindama vaizduot\u0119 su tikrove, naujajame romane \u201cZoro jaunyst\u0117\u201d ra\u0161ytoja pasakoja, kaip Kalifornijoje gim\u0119s vaikinas, pusiau ispanas, pusiau ind\u0117nas, vardu Diegas de la Vega, tapo mitiniu persona\u017eu, savoti\u0161ku Tadu Blinda. B\u016bsimasis Zoras, gav\u0119s ind\u0117n\u0173 kovos krik\u0161t\u0105, i\u0161vyksta \u012f Ispanij\u0105 baigti moksl\u0173, tampa neprilygstamu \u0161pagos meistru, \u012fsimyli \u017eavi\u0105j\u0105 Chulijan\u0105 (kuri, deja, v\u0117liau beproti\u0161kai pamilsta savo grobik\u0105 korsar\u0105), b\u0117ga i\u0161 Ispanijos, nuo smurtininko gelb\u0117damas savo glob\u0117jo dukteris, ir pagaliau susiremia su juo \u017e\u016btb\u016btin\u0117se grumtyn\u0117se, atvyk\u0119s \u012f gimt\u0105j\u0105 Kalifornij\u0105, tuomet\u0119 Ispanijos kolonij\u0105. \u0160iuo metu I. Allende \u2013 viena skaitomiausi\u0173 autori\u0173: pasaulyje i\u0161parduota daugiau kaip 35 milijonai egzempliori\u0173 jos knyg\u0173. Jos romanai i\u0161versti \u012f 27 kalbas ir tapo bestseleriais keturiuose kontinentuose.\" \/>\n<meta property=\"og:url\" content=\"https:\/\/skaitytaknyga.lt\/en\/produktas\/isabel-allende-zoro-jaunyste-2\/\" \/>\n<meta property=\"og:site_name\" content=\"Skaitytaknyga\" \/>\n<meta property=\"article:publisher\" content=\"https:\/\/www.facebook.com\/skaitytaknyga\/\" \/>\n<meta property=\"article:modified_time\" content=\"2025-10-04T15:58:52+00:00\" \/>\n<meta property=\"og:image\" content=\"https:\/\/skaitytaknyga.lt\/wp-content\/uploads\/2024\/04\/000000000001101405-59de8155adf6e-asset-knyguklubas-cdb_zoro_jaunyste_p1.jpg\" \/>\n\t<meta property=\"og:image:width\" content=\"285\" \/>\n\t<meta property=\"og:image:height\" content=\"433\" \/>\n\t<meta property=\"og:image:type\" content=\"image\/jpeg\" \/>\n<meta name=\"twitter:card\" content=\"summary_large_image\" \/>\n<meta name=\"twitter:label1\" content=\"Estimated reading time\" \/>\n\t<meta name=\"twitter:data1\" content=\"1 minute\" \/>\n<script type=\"application\/ld+json\" class=\"yoast-schema-graph\">{\"@context\":\"https:\\\/\\\/schema.org\",\"@graph\":[{\"@type\":\"WebPage\",\"@id\":\"https:\\\/\\\/skaitytaknyga.lt\\\/produktas\\\/isabel-allende-zoro-jaunyste-2\\\/\",\"url\":\"https:\\\/\\\/skaitytaknyga.lt\\\/produktas\\\/isabel-allende-zoro-jaunyste-2\\\/\",\"name\":\"Zoro jaunyst\u0117\",\"isPartOf\":{\"@id\":\"https:\\\/\\\/skaitytaknyga.lt\\\/#website\"},\"primaryImageOfPage\":{\"@id\":\"https:\\\/\\\/skaitytaknyga.lt\\\/produktas\\\/isabel-allende-zoro-jaunyste-2\\\/#primaryimage\"},\"image\":{\"@id\":\"https:\\\/\\\/skaitytaknyga.lt\\\/produktas\\\/isabel-allende-zoro-jaunyste-2\\\/#primaryimage\"},\"thumbnailUrl\":\"https:\\\/\\\/skaitytaknyga.lt\\\/wp-content\\\/uploads\\\/2024\\\/04\\\/000000000001101405-59de8155adf6e-asset-knyguklubas-cdb_zoro_jaunyste_p1.jpg\",\"datePublished\":\"2024-05-04T14:40:50+00:00\",\"dateModified\":\"2025-10-04T15:58:52+00:00\",\"description\":\"I\u0161radingai supindama vaizduot\u0119 su tikrove, naujajame romane \u201cZoro jaunyst\u0117\u201d ra\u0161ytoja pasakoja, kaip Kalifornijoje gim\u0119s vaikinas, pusiau ispanas, pusiau ind\u0117nas, vardu Diegas de la Vega, tapo mitiniu persona\u017eu, savoti\u0161ku Tadu Blinda. B\u016bsimasis Zoras, gav\u0119s ind\u0117n\u0173 kovos krik\u0161t\u0105, i\u0161vyksta \u012f Ispanij\u0105 baigti moksl\u0173, tampa neprilygstamu \u0161pagos meistru, \u012fsimyli \u017eavi\u0105j\u0105 Chulijan\u0105 (kuri, deja, v\u0117liau beproti\u0161kai pamilsta savo grobik\u0105 korsar\u0105), b\u0117ga i\u0161 Ispanijos, nuo smurtininko gelb\u0117damas savo glob\u0117jo dukteris, ir pagaliau susiremia su juo \u017e\u016btb\u016btin\u0117se grumtyn\u0117se, atvyk\u0119s \u012f gimt\u0105j\u0105 Kalifornij\u0105, tuomet\u0119 Ispanijos kolonij\u0105. \u0160iuo metu I. Allende \u2013 viena skaitomiausi\u0173 autori\u0173: pasaulyje i\u0161parduota daugiau kaip 35 milijonai egzempliori\u0173 jos knyg\u0173. Jos romanai i\u0161versti \u012f 27 kalbas ir tapo bestseleriais keturiuose kontinentuose.\",\"breadcrumb\":{\"@id\":\"https:\\\/\\\/skaitytaknyga.lt\\\/produktas\\\/isabel-allende-zoro-jaunyste-2\\\/#breadcrumb\"},\"inLanguage\":\"en-GB\",\"potentialAction\":[{\"@type\":\"ReadAction\",\"target\":[\"https:\\\/\\\/skaitytaknyga.lt\\\/produktas\\\/isabel-allende-zoro-jaunyste-2\\\/\"]}]},{\"@type\":\"ImageObject\",\"inLanguage\":\"en-GB\",\"@id\":\"https:\\\/\\\/skaitytaknyga.lt\\\/produktas\\\/isabel-allende-zoro-jaunyste-2\\\/#primaryimage\",\"url\":\"https:\\\/\\\/skaitytaknyga.lt\\\/wp-content\\\/uploads\\\/2024\\\/04\\\/000000000001101405-59de8155adf6e-asset-knyguklubas-cdb_zoro_jaunyste_p1.jpg\",\"contentUrl\":\"https:\\\/\\\/skaitytaknyga.lt\\\/wp-content\\\/uploads\\\/2024\\\/04\\\/000000000001101405-59de8155adf6e-asset-knyguklubas-cdb_zoro_jaunyste_p1.jpg\",\"width\":285,\"height\":433,\"caption\":\"000000000001101405 59de8155adf6e asset knyguklubas cdb zoro jaunyste p1\"},{\"@type\":\"BreadcrumbList\",\"@id\":\"https:\\\/\\\/skaitytaknyga.lt\\\/produktas\\\/isabel-allende-zoro-jaunyste-2\\\/#breadcrumb\",\"itemListElement\":[{\"@type\":\"ListItem\",\"position\":1,\"name\":\"Home\",\"item\":\"https:\\\/\\\/skaitytaknyga.lt\\\/\"},{\"@type\":\"ListItem\",\"position\":2,\"name\":\"Parduotuv\u0117\",\"item\":\"https:\\\/\\\/skaitytaknyga.lt\\\/knygu-parduotuve\\\/\"},{\"@type\":\"ListItem\",\"position\":3,\"name\":\"Zoro jaunyst\u0117\"}]},{\"@type\":\"WebSite\",\"@id\":\"https:\\\/\\\/skaitytaknyga.lt\\\/#website\",\"url\":\"https:\\\/\\\/skaitytaknyga.lt\\\/\",\"name\":\"skaitytaknyga.lt\",\"description\":\"Skaitytaknyga.lt \u2013 tai ma\u017eas \u0161eimos verslas, kuris prasid\u0117jo nuo meil\u0117s knygoms ir siekio i\u0161gelb\u0117ti knygas nuo likimo prie konteinerio. Kas vienam nereikalingas daiktas \u2013 kitam lobis, o mes esame tarpininkai, kurie padeda abiems tapti laimingesniems ???? \u017dinome kaip nelengva i\u0161gyventi ma\u017eiems verslams, tad nuo \u0161iol, \u010dia rasite ir kit\u0173, ma\u017e\u0173 \u0161eim\u0173 versl\u0173, rank\u0173 darbo, dovan\u0173 sau ir artimiesiems.\",\"publisher\":{\"@id\":\"https:\\\/\\\/skaitytaknyga.lt\\\/#organization\"},\"potentialAction\":[{\"@type\":\"SearchAction\",\"target\":{\"@type\":\"EntryPoint\",\"urlTemplate\":\"https:\\\/\\\/skaitytaknyga.lt\\\/?s={search_term_string}\"},\"query-input\":{\"@type\":\"PropertyValueSpecification\",\"valueRequired\":true,\"valueName\":\"search_term_string\"}}],\"inLanguage\":\"en-GB\"},{\"@type\":\"Organization\",\"@id\":\"https:\\\/\\\/skaitytaknyga.lt\\\/#organization\",\"name\":\"skaitytaknyga.lt\",\"url\":\"https:\\\/\\\/skaitytaknyga.lt\\\/\",\"logo\":{\"@type\":\"ImageObject\",\"inLanguage\":\"en-GB\",\"@id\":\"https:\\\/\\\/skaitytaknyga.lt\\\/#\\\/schema\\\/logo\\\/image\\\/\",\"url\":\"https:\\\/\\\/skaitytaknyga.lt\\\/wp-content\\\/uploads\\\/2024\\\/05\\\/cropped-cropped-cropped-02_00843_jt3bggkj1j3HLc7SyY6rEUpg.jpeg\",\"contentUrl\":\"https:\\\/\\\/skaitytaknyga.lt\\\/wp-content\\\/uploads\\\/2024\\\/05\\\/cropped-cropped-cropped-02_00843_jt3bggkj1j3HLc7SyY6rEUpg.jpeg\",\"width\":1600,\"height\":1600,\"caption\":\"skaitytaknyga.lt\"},\"image\":{\"@id\":\"https:\\\/\\\/skaitytaknyga.lt\\\/#\\\/schema\\\/logo\\\/image\\\/\"},\"sameAs\":[\"https:\\\/\\\/www.facebook.com\\\/skaitytaknyga\\\/\"]}]}<\/script>\n<!-- \/ Yoast SEO plugin. -->","yoast_head_json":{"title":"Zoro jaunyst\u0117","description":"I\u0161radingai supindama vaizduot\u0119 su tikrove, naujajame romane \u201cZoro jaunyst\u0117\u201d ra\u0161ytoja pasakoja, kaip Kalifornijoje gim\u0119s vaikinas, pusiau ispanas, pusiau ind\u0117nas, vardu Diegas de la Vega, tapo mitiniu persona\u017eu, savoti\u0161ku Tadu Blinda. B\u016bsimasis Zoras, gav\u0119s ind\u0117n\u0173 kovos krik\u0161t\u0105, i\u0161vyksta \u012f Ispanij\u0105 baigti moksl\u0173, tampa neprilygstamu \u0161pagos meistru, \u012fsimyli \u017eavi\u0105j\u0105 Chulijan\u0105 (kuri, deja, v\u0117liau beproti\u0161kai pamilsta savo grobik\u0105 korsar\u0105), b\u0117ga i\u0161 Ispanijos, nuo smurtininko gelb\u0117damas savo glob\u0117jo dukteris, ir pagaliau susiremia su juo \u017e\u016btb\u016btin\u0117se grumtyn\u0117se, atvyk\u0119s \u012f gimt\u0105j\u0105 Kalifornij\u0105, tuomet\u0119 Ispanijos kolonij\u0105. \u0160iuo metu I. Allende \u2013 viena skaitomiausi\u0173 autori\u0173: pasaulyje i\u0161parduota daugiau kaip 35 milijonai egzempliori\u0173 jos knyg\u0173. Jos romanai i\u0161versti \u012f 27 kalbas ir tapo bestseleriais keturiuose kontinentuose.","robots":{"index":"index","follow":"follow","max-snippet":"max-snippet:-1","max-image-preview":"max-image-preview:large","max-video-preview":"max-video-preview:-1"},"canonical":"https:\/\/skaitytaknyga.lt\/en\/produktas\/isabel-allende-zoro-jaunyste-2\/","og_locale":"en_GB","og_type":"article","og_title":"[:lt]Zoro jaunyst\u0117[:] - Skaitytaknyga","og_description":"I\u0161radingai supindama vaizduot\u0119 su tikrove, naujajame romane \u201cZoro jaunyst\u0117\u201d ra\u0161ytoja pasakoja, kaip Kalifornijoje gim\u0119s vaikinas, pusiau ispanas, pusiau ind\u0117nas, vardu Diegas de la Vega, tapo mitiniu persona\u017eu, savoti\u0161ku Tadu Blinda. B\u016bsimasis Zoras, gav\u0119s ind\u0117n\u0173 kovos krik\u0161t\u0105, i\u0161vyksta \u012f Ispanij\u0105 baigti moksl\u0173, tampa neprilygstamu \u0161pagos meistru, \u012fsimyli \u017eavi\u0105j\u0105 Chulijan\u0105 (kuri, deja, v\u0117liau beproti\u0161kai pamilsta savo grobik\u0105 korsar\u0105), b\u0117ga i\u0161 Ispanijos, nuo smurtininko gelb\u0117damas savo glob\u0117jo dukteris, ir pagaliau susiremia su juo \u017e\u016btb\u016btin\u0117se grumtyn\u0117se, atvyk\u0119s \u012f gimt\u0105j\u0105 Kalifornij\u0105, tuomet\u0119 Ispanijos kolonij\u0105. \u0160iuo metu I. Allende \u2013 viena skaitomiausi\u0173 autori\u0173: pasaulyje i\u0161parduota daugiau kaip 35 milijonai egzempliori\u0173 jos knyg\u0173. Jos romanai i\u0161versti \u012f 27 kalbas ir tapo bestseleriais keturiuose kontinentuose.","og_url":"https:\/\/skaitytaknyga.lt\/en\/produktas\/isabel-allende-zoro-jaunyste-2\/","og_site_name":"Skaitytaknyga","article_publisher":"https:\/\/www.facebook.com\/skaitytaknyga\/","article_modified_time":"2025-10-04T15:58:52+00:00","og_image":[{"width":285,"height":433,"url":"https:\/\/skaitytaknyga.lt\/wp-content\/uploads\/2024\/04\/000000000001101405-59de8155adf6e-asset-knyguklubas-cdb_zoro_jaunyste_p1.jpg","type":"image\/jpeg"}],"twitter_card":"summary_large_image","twitter_misc":{"Estimated reading time":"1 minute"},"schema":{"@context":"https:\/\/schema.org","@graph":[{"@type":"WebPage","@id":"https:\/\/skaitytaknyga.lt\/produktas\/isabel-allende-zoro-jaunyste-2\/","url":"https:\/\/skaitytaknyga.lt\/produktas\/isabel-allende-zoro-jaunyste-2\/","name":"Zoro jaunyst\u0117","isPartOf":{"@id":"https:\/\/skaitytaknyga.lt\/#website"},"primaryImageOfPage":{"@id":"https:\/\/skaitytaknyga.lt\/produktas\/isabel-allende-zoro-jaunyste-2\/#primaryimage"},"image":{"@id":"https:\/\/skaitytaknyga.lt\/produktas\/isabel-allende-zoro-jaunyste-2\/#primaryimage"},"thumbnailUrl":"https:\/\/skaitytaknyga.lt\/wp-content\/uploads\/2024\/04\/000000000001101405-59de8155adf6e-asset-knyguklubas-cdb_zoro_jaunyste_p1.jpg","datePublished":"2024-05-04T14:40:50+00:00","dateModified":"2025-10-04T15:58:52+00:00","description":"I\u0161radingai supindama vaizduot\u0119 su tikrove, naujajame romane \u201cZoro jaunyst\u0117\u201d ra\u0161ytoja pasakoja, kaip Kalifornijoje gim\u0119s vaikinas, pusiau ispanas, pusiau ind\u0117nas, vardu Diegas de la Vega, tapo mitiniu persona\u017eu, savoti\u0161ku Tadu Blinda. B\u016bsimasis Zoras, gav\u0119s ind\u0117n\u0173 kovos krik\u0161t\u0105, i\u0161vyksta \u012f Ispanij\u0105 baigti moksl\u0173, tampa neprilygstamu \u0161pagos meistru, \u012fsimyli \u017eavi\u0105j\u0105 Chulijan\u0105 (kuri, deja, v\u0117liau beproti\u0161kai pamilsta savo grobik\u0105 korsar\u0105), b\u0117ga i\u0161 Ispanijos, nuo smurtininko gelb\u0117damas savo glob\u0117jo dukteris, ir pagaliau susiremia su juo \u017e\u016btb\u016btin\u0117se grumtyn\u0117se, atvyk\u0119s \u012f gimt\u0105j\u0105 Kalifornij\u0105, tuomet\u0119 Ispanijos kolonij\u0105. \u0160iuo metu I. Allende \u2013 viena skaitomiausi\u0173 autori\u0173: pasaulyje i\u0161parduota daugiau kaip 35 milijonai egzempliori\u0173 jos knyg\u0173. Jos romanai i\u0161versti \u012f 27 kalbas ir tapo bestseleriais keturiuose kontinentuose.","breadcrumb":{"@id":"https:\/\/skaitytaknyga.lt\/produktas\/isabel-allende-zoro-jaunyste-2\/#breadcrumb"},"inLanguage":"en-GB","potentialAction":[{"@type":"ReadAction","target":["https:\/\/skaitytaknyga.lt\/produktas\/isabel-allende-zoro-jaunyste-2\/"]}]},{"@type":"ImageObject","inLanguage":"en-GB","@id":"https:\/\/skaitytaknyga.lt\/produktas\/isabel-allende-zoro-jaunyste-2\/#primaryimage","url":"https:\/\/skaitytaknyga.lt\/wp-content\/uploads\/2024\/04\/000000000001101405-59de8155adf6e-asset-knyguklubas-cdb_zoro_jaunyste_p1.jpg","contentUrl":"https:\/\/skaitytaknyga.lt\/wp-content\/uploads\/2024\/04\/000000000001101405-59de8155adf6e-asset-knyguklubas-cdb_zoro_jaunyste_p1.jpg","width":285,"height":433,"caption":"000000000001101405 59de8155adf6e asset knyguklubas cdb zoro jaunyste p1"},{"@type":"BreadcrumbList","@id":"https:\/\/skaitytaknyga.lt\/produktas\/isabel-allende-zoro-jaunyste-2\/#breadcrumb","itemListElement":[{"@type":"ListItem","position":1,"name":"Home","item":"https:\/\/skaitytaknyga.lt\/"},{"@type":"ListItem","position":2,"name":"Parduotuv\u0117","item":"https:\/\/skaitytaknyga.lt\/knygu-parduotuve\/"},{"@type":"ListItem","position":3,"name":"Zoro jaunyst\u0117"}]},{"@type":"WebSite","@id":"https:\/\/skaitytaknyga.lt\/#website","url":"https:\/\/skaitytaknyga.lt\/","name":"skaitytaknyga.lt","description":"Skaitytaknyga.lt \u2013 tai ma\u017eas \u0161eimos verslas, kuris prasid\u0117jo nuo meil\u0117s knygoms ir siekio i\u0161gelb\u0117ti knygas nuo likimo prie konteinerio. Kas vienam nereikalingas daiktas \u2013 kitam lobis, o mes esame tarpininkai, kurie padeda abiems tapti laimingesniems ???? \u017dinome kaip nelengva i\u0161gyventi ma\u017eiems verslams, tad nuo \u0161iol, \u010dia rasite ir kit\u0173, ma\u017e\u0173 \u0161eim\u0173 versl\u0173, rank\u0173 darbo, dovan\u0173 sau ir artimiesiems.","publisher":{"@id":"https:\/\/skaitytaknyga.lt\/#organization"},"potentialAction":[{"@type":"SearchAction","target":{"@type":"EntryPoint","urlTemplate":"https:\/\/skaitytaknyga.lt\/?s={search_term_string}"},"query-input":{"@type":"PropertyValueSpecification","valueRequired":true,"valueName":"search_term_string"}}],"inLanguage":"en-GB"},{"@type":"Organization","@id":"https:\/\/skaitytaknyga.lt\/#organization","name":"skaitytaknyga.lt","url":"https:\/\/skaitytaknyga.lt\/","logo":{"@type":"ImageObject","inLanguage":"en-GB","@id":"https:\/\/skaitytaknyga.lt\/#\/schema\/logo\/image\/","url":"https:\/\/skaitytaknyga.lt\/wp-content\/uploads\/2024\/05\/cropped-cropped-cropped-02_00843_jt3bggkj1j3HLc7SyY6rEUpg.jpeg","contentUrl":"https:\/\/skaitytaknyga.lt\/wp-content\/uploads\/2024\/05\/cropped-cropped-cropped-02_00843_jt3bggkj1j3HLc7SyY6rEUpg.jpeg","width":1600,"height":1600,"caption":"skaitytaknyga.lt"},"image":{"@id":"https:\/\/skaitytaknyga.lt\/#\/schema\/logo\/image\/"},"sameAs":["https:\/\/www.facebook.com\/skaitytaknyga\/"]}]}},"_links":{"self":[{"href":"https:\/\/skaitytaknyga.lt\/en\/wp-json\/wp\/v2\/product\/8128","targetHints":{"allow":["GET"]}}],"collection":[{"href":"https:\/\/skaitytaknyga.lt\/en\/wp-json\/wp\/v2\/product"}],"about":[{"href":"https:\/\/skaitytaknyga.lt\/en\/wp-json\/wp\/v2\/types\/product"}],"replies":[{"embeddable":true,"href":"https:\/\/skaitytaknyga.lt\/en\/wp-json\/wp\/v2\/comments?post=8128"}],"wp:featuredmedia":[{"embeddable":true,"href":"https:\/\/skaitytaknyga.lt\/en\/wp-json\/wp\/v2\/media\/3948"}],"wp:attachment":[{"href":"https:\/\/skaitytaknyga.lt\/en\/wp-json\/wp\/v2\/media?parent=8128"}],"wp:term":[{"taxonomy":"product_brand","embeddable":true,"href":"https:\/\/skaitytaknyga.lt\/en\/wp-json\/wp\/v2\/product_brand?post=8128"},{"taxonomy":"product_cat","embeddable":true,"href":"https:\/\/skaitytaknyga.lt\/en\/wp-json\/wp\/v2\/product_cat?post=8128"},{"taxonomy":"product_tag","embeddable":true,"href":"https:\/\/skaitytaknyga.lt\/en\/wp-json\/wp\/v2\/product_tag?post=8128"}],"curies":[{"name":"wp","href":"https:\/\/api.w.org\/{rel}","templated":true}]}}