{"id":8111,"date":"2024-05-04T17:40:28","date_gmt":"2024-05-04T14:40:28","guid":{"rendered":"https:\/\/skaitytaknyga.lt\/?post_type=product&#038;p=8111"},"modified":"2025-11-08T15:48:58","modified_gmt":"2025-11-08T13:48:58","slug":"aleksandras-voinovicius-kerstas-ne-viskas-nr-122","status":"publish","type":"product","link":"https:\/\/skaitytaknyga.lt\/en\/produktas\/aleksandras-voinovicius-kerstas-ne-viskas-nr-122\/","title":{"rendered":"Ker\u0161tas &#8211; ne viskas (Nr. 122)"},"content":{"rendered":"<p>Tai pasakojimas apie dviej\u0173 jaunuoli\u0173 likim\u0105 karo metais.<\/p>\n<p>Dramati\u0161kas romano siu\u017eetas konstruojamas dviem planais: autorius parodo vienos partizan\u0173 kuopos kovos keli\u0105 ir pasakoja, kaip du buv\u0119 partizanai, pasibaigus karui, vyksta ie\u0161koti savo draug\u0173 mirties kaltininko, hitlerin\u0117s armijos majoro.<\/p>\n","protected":false},"excerpt":{"rendered":"<p>Tai pasakojimas apie dviej\u0173 jaunuoli\u0173 likim\u0105 karo metais.<\/p>\n<p>Dramati\u0161kas romano siu\u017eetas konstruojamas dviem planais: autorius parodo vienos partizan\u0173 kuopos kovos keli\u0105 ir pasakoja, kaip du buv\u0119 partizanai, pasibaigus karui, vyksta ie\u0161koti savo draug\u0173 mirties kaltininko, hitlerin\u0117s armijos majoro.<\/p>\n","protected":false},"featured_media":3908,"comment_status":"closed","ping_status":"closed","template":"","meta":{"_acf_changed":false,"site-sidebar-layout":"default","site-content-layout":"","ast-site-content-layout":"default","site-content-style":"default","site-sidebar-style":"default","ast-global-header-display":"","ast-banner-title-visibility":"","ast-main-header-display":"","ast-hfb-above-header-display":"","ast-hfb-below-header-display":"","ast-hfb-mobile-header-display":"","site-post-title":"","ast-breadcrumbs-content":"","ast-featured-img":"","footer-sml-layout":"","ast-disable-related-posts":"","theme-transparent-header-meta":"","adv-header-id-meta":"","stick-header-meta":"","header-above-stick-meta":"","header-main-stick-meta":"","header-below-stick-meta":"","astra-migrate-meta-layouts":"default","ast-page-background-enabled":"default","ast-page-background-meta":{"desktop":{"background-color":"","background-image":"","background-repeat":"repeat","background-position":"center center","background-size":"auto","background-attachment":"scroll","background-type":"","background-media":"","overlay-type":"","overlay-color":"","overlay-opacity":"","overlay-gradient":""},"tablet":{"background-color":"","background-image":"","background-repeat":"repeat","background-position":"center center","background-size":"auto","background-attachment":"scroll","background-type":"","background-media":"","overlay-type":"","overlay-color":"","overlay-opacity":"","overlay-gradient":""},"mobile":{"background-color":"","background-image":"","background-repeat":"repeat","background-position":"center center","background-size":"auto","background-attachment":"scroll","background-type":"","background-media":"","overlay-type":"","overlay-color":"","overlay-opacity":"","overlay-gradient":""}},"ast-content-background-meta":{"desktop":{"background-color":"var(--ast-global-color-4)","background-image":"","background-repeat":"repeat","background-position":"center center","background-size":"auto","background-attachment":"scroll","background-type":"","background-media":"","overlay-type":"","overlay-color":"","overlay-opacity":"","overlay-gradient":""},"tablet":{"background-color":"var(--ast-global-color-4)","background-image":"","background-repeat":"repeat","background-position":"center center","background-size":"auto","background-attachment":"scroll","background-type":"","background-media":"","overlay-type":"","overlay-color":"","overlay-opacity":"","overlay-gradient":""},"mobile":{"background-color":"var(--ast-global-color-4)","background-image":"","background-repeat":"repeat","background-position":"center center","background-size":"auto","background-attachment":"scroll","background-type":"","background-media":"","overlay-type":"","overlay-color":"","overlay-opacity":"","overlay-gradient":""}}},"product_brand":[],"product_cat":[484],"product_tag":[2590,5169,1459,2225,5170,3814],"class_list":{"0":"post-8111","1":"product","2":"type-product","3":"status-publish","4":"has-post-thumbnail","6":"product_cat-drasiuju-keliai","7":"product_tag-drasiuju-keliai","8":"product_tag-hitlerine-armija","9":"product_tag-karas","10":"product_tag-partizanai","11":"product_tag-partizaninis-pasipriesinimas","12":"product_tag-pokaris","13":"desktop-align-left","14":"tablet-align-left","15":"mobile-align-left","17":"first","18":"instock","19":"shipping-taxable","20":"purchasable","21":"product-type-simple"},"acf":[],"yoast_head":"<!-- This site is optimized with the Yoast SEO plugin v27.0 - https:\/\/yoast.com\/product\/yoast-seo-wordpress\/ -->\n<title>Ker\u0161tas - ne viskas (Nr. 122)<\/title>\n<meta name=\"description\" content=\"Tai pasakojimas apie dviej\u0173 jaunuoli\u0173 likim\u0105 karo metais.  Dramati\u0161kas romano siu\u017eetas konstruojamas dviem planais: autorius parodo vienos partizan\u0173 kuopos kovos keli\u0105 ir pasakoja, kaip du buv\u0119 partizanai, pasibaigus karui, vyksta ie\u0161koti savo draug\u0173 mirties kaltininko, hitlerin\u0117s armijos majoro.\" \/>\n<meta name=\"robots\" content=\"index, follow, max-snippet:-1, max-image-preview:large, max-video-preview:-1\" \/>\n<link rel=\"canonical\" href=\"https:\/\/skaitytaknyga.lt\/en\/produktas\/aleksandras-voinovicius-kerstas-ne-viskas-nr-122\/\" \/>\n<meta property=\"og:locale\" content=\"en_GB\" \/>\n<meta property=\"og:locale:alternate\" content=\"lt_LT\" \/>\n<meta property=\"og:type\" content=\"article\" \/>\n<meta property=\"og:title\" content=\"Ker\u0161tas - ne viskas (Nr. 122)\" \/>\n<meta property=\"og:description\" content=\"Tai pasakojimas apie dviej\u0173 jaunuoli\u0173 likim\u0105 karo metais.  Dramati\u0161kas romano siu\u017eetas konstruojamas dviem planais: autorius parodo vienos partizan\u0173 kuopos kovos keli\u0105 ir pasakoja, kaip du buv\u0119 partizanai, pasibaigus karui, vyksta ie\u0161koti savo draug\u0173 mirties kaltininko, hitlerin\u0117s armijos majoro.\" \/>\n<meta property=\"og:url\" content=\"https:\/\/skaitytaknyga.lt\/en\/produktas\/aleksandras-voinovicius-kerstas-ne-viskas-nr-122\/\" \/>\n<meta property=\"og:site_name\" content=\"Skaitytaknyga\" \/>\n<meta property=\"article:publisher\" content=\"https:\/\/www.facebook.com\/skaitytaknyga\/\" \/>\n<meta property=\"article:modified_time\" content=\"2025-11-08T13:48:58+00:00\" \/>\n<meta property=\"og:image\" content=\"https:\/\/skaitytaknyga.lt\/wp-content\/uploads\/2024\/04\/1462878331_kerstas.jpg\" \/>\n\t<meta property=\"og:image:width\" content=\"271\" \/>\n\t<meta property=\"og:image:height\" content=\"430\" \/>\n\t<meta property=\"og:image:type\" content=\"image\/jpeg\" \/>\n<meta name=\"twitter:card\" content=\"summary_large_image\" \/>\n<script type=\"application\/ld+json\" class=\"yoast-schema-graph\">{\"@context\":\"https:\/\/schema.org\",\"@graph\":[{\"@type\":\"WebPage\",\"@id\":\"https:\/\/skaitytaknyga.lt\/produktas\/aleksandras-voinovicius-kerstas-ne-viskas-nr-122\/\",\"url\":\"https:\/\/skaitytaknyga.lt\/produktas\/aleksandras-voinovicius-kerstas-ne-viskas-nr-122\/\",\"name\":\"Ker\u0161tas - ne viskas (Nr. 122)\",\"isPartOf\":{\"@id\":\"https:\/\/skaitytaknyga.lt\/#website\"},\"primaryImageOfPage\":{\"@id\":\"https:\/\/skaitytaknyga.lt\/produktas\/aleksandras-voinovicius-kerstas-ne-viskas-nr-122\/#primaryimage\"},\"image\":{\"@id\":\"https:\/\/skaitytaknyga.lt\/produktas\/aleksandras-voinovicius-kerstas-ne-viskas-nr-122\/#primaryimage\"},\"thumbnailUrl\":\"https:\/\/skaitytaknyga.lt\/wp-content\/uploads\/2024\/04\/1462878331_kerstas.jpg\",\"datePublished\":\"2024-05-04T14:40:28+00:00\",\"dateModified\":\"2025-11-08T13:48:58+00:00\",\"description\":\"Tai pasakojimas apie dviej\u0173 jaunuoli\u0173 likim\u0105 karo metais. Dramati\u0161kas romano siu\u017eetas konstruojamas dviem planais: autorius parodo vienos partizan\u0173 kuopos kovos keli\u0105 ir pasakoja, kaip du buv\u0119 partizanai, pasibaigus karui, vyksta ie\u0161koti savo draug\u0173 mirties kaltininko, hitlerin\u0117s armijos majoro.\",\"breadcrumb\":{\"@id\":\"https:\/\/skaitytaknyga.lt\/produktas\/aleksandras-voinovicius-kerstas-ne-viskas-nr-122\/#breadcrumb\"},\"inLanguage\":\"en-GB\",\"potentialAction\":[{\"@type\":\"ReadAction\",\"target\":[\"https:\/\/skaitytaknyga.lt\/produktas\/aleksandras-voinovicius-kerstas-ne-viskas-nr-122\/\"]}]},{\"@type\":\"ImageObject\",\"inLanguage\":\"en-GB\",\"@id\":\"https:\/\/skaitytaknyga.lt\/produktas\/aleksandras-voinovicius-kerstas-ne-viskas-nr-122\/#primaryimage\",\"url\":\"https:\/\/skaitytaknyga.lt\/wp-content\/uploads\/2024\/04\/1462878331_kerstas.jpg\",\"contentUrl\":\"https:\/\/skaitytaknyga.lt\/wp-content\/uploads\/2024\/04\/1462878331_kerstas.jpg\",\"width\":271,\"height\":430,\"caption\":\"1462878331 kerstas\"},{\"@type\":\"BreadcrumbList\",\"@id\":\"https:\/\/skaitytaknyga.lt\/produktas\/aleksandras-voinovicius-kerstas-ne-viskas-nr-122\/#breadcrumb\",\"itemListElement\":[{\"@type\":\"ListItem\",\"position\":1,\"name\":\"Home\",\"item\":\"https:\/\/skaitytaknyga.lt\/\"},{\"@type\":\"ListItem\",\"position\":2,\"name\":\"Parduotuv\u0117\",\"item\":\"https:\/\/skaitytaknyga.lt\/knygu-parduotuve\/\"},{\"@type\":\"ListItem\",\"position\":3,\"name\":\"Ker\u0161tas &#8211; ne viskas (Nr. 122)\"}]},{\"@type\":\"WebSite\",\"@id\":\"https:\/\/skaitytaknyga.lt\/#website\",\"url\":\"https:\/\/skaitytaknyga.lt\/\",\"name\":\"skaitytaknyga.lt\",\"description\":\"Skaitytaknyga.lt \u2013 tai ma\u017eas \u0161eimos verslas, kuris prasid\u0117jo nuo meil\u0117s knygoms ir siekio i\u0161gelb\u0117ti knygas nuo likimo prie konteinerio. Kas vienam nereikalingas daiktas \u2013 kitam lobis, o mes esame tarpininkai, kurie padeda abiems tapti laimingesniems ???? \u017dinome kaip nelengva i\u0161gyventi ma\u017eiems verslams, tad nuo \u0161iol, \u010dia rasite ir kit\u0173, ma\u017e\u0173 \u0161eim\u0173 versl\u0173, rank\u0173 darbo, dovan\u0173 sau ir artimiesiems.\",\"publisher\":{\"@id\":\"https:\/\/skaitytaknyga.lt\/#organization\"},\"potentialAction\":[{\"@type\":\"SearchAction\",\"target\":{\"@type\":\"EntryPoint\",\"urlTemplate\":\"https:\/\/skaitytaknyga.lt\/?s={search_term_string}\"},\"query-input\":{\"@type\":\"PropertyValueSpecification\",\"valueRequired\":true,\"valueName\":\"search_term_string\"}}],\"inLanguage\":\"en-GB\"},{\"@type\":\"Organization\",\"@id\":\"https:\/\/skaitytaknyga.lt\/#organization\",\"name\":\"skaitytaknyga.lt\",\"url\":\"https:\/\/skaitytaknyga.lt\/\",\"logo\":{\"@type\":\"ImageObject\",\"inLanguage\":\"en-GB\",\"@id\":\"https:\/\/skaitytaknyga.lt\/#\/schema\/logo\/image\/\",\"url\":\"https:\/\/skaitytaknyga.lt\/wp-content\/uploads\/2024\/05\/cropped-cropped-cropped-02_00843_jt3bggkj1j3HLc7SyY6rEUpg.jpeg\",\"contentUrl\":\"https:\/\/skaitytaknyga.lt\/wp-content\/uploads\/2024\/05\/cropped-cropped-cropped-02_00843_jt3bggkj1j3HLc7SyY6rEUpg.jpeg\",\"width\":1600,\"height\":1600,\"caption\":\"skaitytaknyga.lt\"},\"image\":{\"@id\":\"https:\/\/skaitytaknyga.lt\/#\/schema\/logo\/image\/\"},\"sameAs\":[\"https:\/\/www.facebook.com\/skaitytaknyga\/\"]}]}<\/script>\n<!-- \/ Yoast SEO plugin. -->","yoast_head_json":{"title":"Ker\u0161tas - ne viskas (Nr. 122)","description":"Tai pasakojimas apie dviej\u0173 jaunuoli\u0173 likim\u0105 karo metais.  Dramati\u0161kas romano siu\u017eetas konstruojamas dviem planais: autorius parodo vienos partizan\u0173 kuopos kovos keli\u0105 ir pasakoja, kaip du buv\u0119 partizanai, pasibaigus karui, vyksta ie\u0161koti savo draug\u0173 mirties kaltininko, hitlerin\u0117s armijos majoro.","robots":{"index":"index","follow":"follow","max-snippet":"max-snippet:-1","max-image-preview":"max-image-preview:large","max-video-preview":"max-video-preview:-1"},"canonical":"https:\/\/skaitytaknyga.lt\/en\/produktas\/aleksandras-voinovicius-kerstas-ne-viskas-nr-122\/","og_locale":"en_GB","og_type":"article","og_title":"[:lt]Ker\u0161tas - ne viskas (Nr. 122)[:] - Skaitytaknyga","og_description":"Tai pasakojimas apie dviej\u0173 jaunuoli\u0173 likim\u0105 karo metais.  Dramati\u0161kas romano siu\u017eetas konstruojamas dviem planais: autorius parodo vienos partizan\u0173 kuopos kovos keli\u0105 ir pasakoja, kaip du buv\u0119 partizanai, pasibaigus karui, vyksta ie\u0161koti savo draug\u0173 mirties kaltininko, hitlerin\u0117s armijos majoro.","og_url":"https:\/\/skaitytaknyga.lt\/en\/produktas\/aleksandras-voinovicius-kerstas-ne-viskas-nr-122\/","og_site_name":"Skaitytaknyga","article_publisher":"https:\/\/www.facebook.com\/skaitytaknyga\/","article_modified_time":"2025-11-08T13:48:58+00:00","og_image":[{"width":271,"height":430,"url":"https:\/\/skaitytaknyga.lt\/wp-content\/uploads\/2024\/04\/1462878331_kerstas.jpg","type":"image\/jpeg"}],"twitter_card":"summary_large_image","schema":{"@context":"https:\/\/schema.org","@graph":[{"@type":"WebPage","@id":"https:\/\/skaitytaknyga.lt\/produktas\/aleksandras-voinovicius-kerstas-ne-viskas-nr-122\/","url":"https:\/\/skaitytaknyga.lt\/produktas\/aleksandras-voinovicius-kerstas-ne-viskas-nr-122\/","name":"Ker\u0161tas - ne viskas (Nr. 122)","isPartOf":{"@id":"https:\/\/skaitytaknyga.lt\/#website"},"primaryImageOfPage":{"@id":"https:\/\/skaitytaknyga.lt\/produktas\/aleksandras-voinovicius-kerstas-ne-viskas-nr-122\/#primaryimage"},"image":{"@id":"https:\/\/skaitytaknyga.lt\/produktas\/aleksandras-voinovicius-kerstas-ne-viskas-nr-122\/#primaryimage"},"thumbnailUrl":"https:\/\/skaitytaknyga.lt\/wp-content\/uploads\/2024\/04\/1462878331_kerstas.jpg","datePublished":"2024-05-04T14:40:28+00:00","dateModified":"2025-11-08T13:48:58+00:00","description":"Tai pasakojimas apie dviej\u0173 jaunuoli\u0173 likim\u0105 karo metais. Dramati\u0161kas romano siu\u017eetas konstruojamas dviem planais: autorius parodo vienos partizan\u0173 kuopos kovos keli\u0105 ir pasakoja, kaip du buv\u0119 partizanai, pasibaigus karui, vyksta ie\u0161koti savo draug\u0173 mirties kaltininko, hitlerin\u0117s armijos majoro.","breadcrumb":{"@id":"https:\/\/skaitytaknyga.lt\/produktas\/aleksandras-voinovicius-kerstas-ne-viskas-nr-122\/#breadcrumb"},"inLanguage":"en-GB","potentialAction":[{"@type":"ReadAction","target":["https:\/\/skaitytaknyga.lt\/produktas\/aleksandras-voinovicius-kerstas-ne-viskas-nr-122\/"]}]},{"@type":"ImageObject","inLanguage":"en-GB","@id":"https:\/\/skaitytaknyga.lt\/produktas\/aleksandras-voinovicius-kerstas-ne-viskas-nr-122\/#primaryimage","url":"https:\/\/skaitytaknyga.lt\/wp-content\/uploads\/2024\/04\/1462878331_kerstas.jpg","contentUrl":"https:\/\/skaitytaknyga.lt\/wp-content\/uploads\/2024\/04\/1462878331_kerstas.jpg","width":271,"height":430,"caption":"1462878331 kerstas"},{"@type":"BreadcrumbList","@id":"https:\/\/skaitytaknyga.lt\/produktas\/aleksandras-voinovicius-kerstas-ne-viskas-nr-122\/#breadcrumb","itemListElement":[{"@type":"ListItem","position":1,"name":"Home","item":"https:\/\/skaitytaknyga.lt\/"},{"@type":"ListItem","position":2,"name":"Parduotuv\u0117","item":"https:\/\/skaitytaknyga.lt\/knygu-parduotuve\/"},{"@type":"ListItem","position":3,"name":"Ker\u0161tas &#8211; ne viskas (Nr. 122)"}]},{"@type":"WebSite","@id":"https:\/\/skaitytaknyga.lt\/#website","url":"https:\/\/skaitytaknyga.lt\/","name":"skaitytaknyga.lt","description":"Skaitytaknyga.lt \u2013 tai ma\u017eas \u0161eimos verslas, kuris prasid\u0117jo nuo meil\u0117s knygoms ir siekio i\u0161gelb\u0117ti knygas nuo likimo prie konteinerio. Kas vienam nereikalingas daiktas \u2013 kitam lobis, o mes esame tarpininkai, kurie padeda abiems tapti laimingesniems ???? \u017dinome kaip nelengva i\u0161gyventi ma\u017eiems verslams, tad nuo \u0161iol, \u010dia rasite ir kit\u0173, ma\u017e\u0173 \u0161eim\u0173 versl\u0173, rank\u0173 darbo, dovan\u0173 sau ir artimiesiems.","publisher":{"@id":"https:\/\/skaitytaknyga.lt\/#organization"},"potentialAction":[{"@type":"SearchAction","target":{"@type":"EntryPoint","urlTemplate":"https:\/\/skaitytaknyga.lt\/?s={search_term_string}"},"query-input":{"@type":"PropertyValueSpecification","valueRequired":true,"valueName":"search_term_string"}}],"inLanguage":"en-GB"},{"@type":"Organization","@id":"https:\/\/skaitytaknyga.lt\/#organization","name":"skaitytaknyga.lt","url":"https:\/\/skaitytaknyga.lt\/","logo":{"@type":"ImageObject","inLanguage":"en-GB","@id":"https:\/\/skaitytaknyga.lt\/#\/schema\/logo\/image\/","url":"https:\/\/skaitytaknyga.lt\/wp-content\/uploads\/2024\/05\/cropped-cropped-cropped-02_00843_jt3bggkj1j3HLc7SyY6rEUpg.jpeg","contentUrl":"https:\/\/skaitytaknyga.lt\/wp-content\/uploads\/2024\/05\/cropped-cropped-cropped-02_00843_jt3bggkj1j3HLc7SyY6rEUpg.jpeg","width":1600,"height":1600,"caption":"skaitytaknyga.lt"},"image":{"@id":"https:\/\/skaitytaknyga.lt\/#\/schema\/logo\/image\/"},"sameAs":["https:\/\/www.facebook.com\/skaitytaknyga\/"]}]}},"_links":{"self":[{"href":"https:\/\/skaitytaknyga.lt\/en\/wp-json\/wp\/v2\/product\/8111","targetHints":{"allow":["GET"]}}],"collection":[{"href":"https:\/\/skaitytaknyga.lt\/en\/wp-json\/wp\/v2\/product"}],"about":[{"href":"https:\/\/skaitytaknyga.lt\/en\/wp-json\/wp\/v2\/types\/product"}],"replies":[{"embeddable":true,"href":"https:\/\/skaitytaknyga.lt\/en\/wp-json\/wp\/v2\/comments?post=8111"}],"wp:featuredmedia":[{"embeddable":true,"href":"https:\/\/skaitytaknyga.lt\/en\/wp-json\/wp\/v2\/media\/3908"}],"wp:attachment":[{"href":"https:\/\/skaitytaknyga.lt\/en\/wp-json\/wp\/v2\/media?parent=8111"}],"wp:term":[{"taxonomy":"product_brand","embeddable":true,"href":"https:\/\/skaitytaknyga.lt\/en\/wp-json\/wp\/v2\/product_brand?post=8111"},{"taxonomy":"product_cat","embeddable":true,"href":"https:\/\/skaitytaknyga.lt\/en\/wp-json\/wp\/v2\/product_cat?post=8111"},{"taxonomy":"product_tag","embeddable":true,"href":"https:\/\/skaitytaknyga.lt\/en\/wp-json\/wp\/v2\/product_tag?post=8111"}],"curies":[{"name":"wp","href":"https:\/\/api.w.org\/{rel}","templated":true}]}}