{"id":8110,"date":"2024-05-04T17:40:28","date_gmt":"2024-05-04T14:40:28","guid":{"rendered":"https:\/\/skaitytaknyga.lt\/?post_type=product&#038;p=8110"},"modified":"2025-11-08T15:48:58","modified_gmt":"2025-11-08T13:48:58","slug":"k-kalcevas-narsusis-kapitonas-nr-124-2","status":"publish","type":"product","link":"https:\/\/skaitytaknyga.lt\/en\/produktas\/k-kalcevas-narsusis-kapitonas-nr-124-2\/","title":{"rendered":"Narsusis kapitonas (Nr. 124)"},"content":{"rendered":"<p>&#8220;Buvo jau po pusiaunak\u010dio. Kaime ir kaln\u0173 sodybose nugiedojo pirmieji gaid\u017eiai. Viena paskui kit\u0105 tartum ka\u017ekieno u\u017epu\u010diamos \u017evak\u0117s geso \u0161altos kovo \u017evaig\u017ed\u0117s. Dar valand\u0117l\u0117, ir i\u0161siriet\u0119s vir\u0161 dviej\u0173 auk\u0161t\u0173 kalv\u0173 lyg raudonas ragas m\u0117nulis nusileis. Apsuptas Star\u0105 Planinos kaln\u0173, prisiglaud\u0119s gilioje lyg katilas dauboje, miegojo didelis senas Kotelo kaimas. T\u0105 vakar\u0105 vakaron\u0117 Stoikos Mamareco namuose ilgai u\u017etruko. B\u016bt\u0173 dar ir nesibaigusi, jeigu Erke\u010do me\u0161kininkas, d\u0117dul\u0117 Stan\u010da, at\u0117j\u0119s su gudula palinksminti jaunimo, neb\u016bt\u0173 u\u017esiman\u0119s miego ir i\u0161\u0117j\u0119s namo. O jam i\u0161\u0117jus, pama\u017eiukais i\u0161siskirst\u0117 ir kiti vakarotojai. Liko tik Stoik\u0105 su savo \u0161eimyna&#8230; O s\u016bn\u0173 aps\u0117stas bajus Stoika tebekalb\u0117jo apie tuos senus laikus, kai visuose Balkanuose \u0161mi\u017ein\u0117jo daugyb\u0117 haiduk\u0173. &#8211; T\u0117te, galima ir man pasiklausyti?&#8230;&#8221;<\/p>\n","protected":false},"excerpt":{"rendered":"<p>&#8220;Buvo jau po pusiaunak\u010dio. Kaime ir kaln\u0173 sodybose nugiedojo pirmieji gaid\u017eiai. Viena paskui kit\u0105 tartum ka\u017ekieno u\u017epu\u010diamos \u017evak\u0117s geso \u0161altos kovo \u017evaig\u017ed\u0117s. Dar valand\u0117l\u0117, ir i\u0161siriet\u0119s vir\u0161 dviej\u0173 auk\u0161t\u0173 kalv\u0173 lyg raudonas ragas m\u0117nulis nusileis. Apsuptas Star\u0105 Planinos kaln\u0173, prisiglaud\u0119s gilioje lyg katilas dauboje, miegojo didelis senas Kotelo kaimas. T\u0105 vakar\u0105 vakaron\u0117 Stoikos Mamareco namuose ilgai u\u017etruko. B\u016bt\u0173 dar ir nesibaigusi, jeigu Erke\u010do me\u0161kininkas, d\u0117dul\u0117 Stan\u010da, at\u0117j\u0119s su gudula palinksminti jaunimo, neb\u016bt\u0173 u\u017esiman\u0119s miego ir i\u0161\u0117j\u0119s namo. O jam i\u0161\u0117jus, pama\u017eiukais i\u0161siskirst\u0117 ir kiti vakarotojai. Liko tik Stoik\u0105 su savo \u0161eimyna&#8230; O s\u016bn\u0173 aps\u0117stas bajus Stoika tebekalb\u0117jo apie tuos senus laikus, kai visuose Balkanuose \u0161mi\u017ein\u0117jo daugyb\u0117 haiduk\u0173. &#8211; T\u0117te, galima ir man pasiklausyti?&#8230;&#8221;<\/p>\n","protected":false},"featured_media":3907,"comment_status":"closed","ping_status":"closed","template":"","meta":{"_acf_changed":false,"site-sidebar-layout":"default","site-content-layout":"","ast-site-content-layout":"default","site-content-style":"default","site-sidebar-style":"default","ast-global-header-display":"","ast-banner-title-visibility":"","ast-main-header-display":"","ast-hfb-above-header-display":"","ast-hfb-below-header-display":"","ast-hfb-mobile-header-display":"","site-post-title":"","ast-breadcrumbs-content":"","ast-featured-img":"","footer-sml-layout":"","ast-disable-related-posts":"","theme-transparent-header-meta":"","adv-header-id-meta":"","stick-header-meta":"","header-above-stick-meta":"","header-main-stick-meta":"","header-below-stick-meta":"","astra-migrate-meta-layouts":"default","ast-page-background-enabled":"default","ast-page-background-meta":{"desktop":{"background-color":"","background-image":"","background-repeat":"repeat","background-position":"center center","background-size":"auto","background-attachment":"scroll","background-type":"","background-media":"","overlay-type":"","overlay-color":"","overlay-opacity":"","overlay-gradient":""},"tablet":{"background-color":"","background-image":"","background-repeat":"repeat","background-position":"center center","background-size":"auto","background-attachment":"scroll","background-type":"","background-media":"","overlay-type":"","overlay-color":"","overlay-opacity":"","overlay-gradient":""},"mobile":{"background-color":"","background-image":"","background-repeat":"repeat","background-position":"center center","background-size":"auto","background-attachment":"scroll","background-type":"","background-media":"","overlay-type":"","overlay-color":"","overlay-opacity":"","overlay-gradient":""}},"ast-content-background-meta":{"desktop":{"background-color":"var(--ast-global-color-4)","background-image":"","background-repeat":"repeat","background-position":"center center","background-size":"auto","background-attachment":"scroll","background-type":"","background-media":"","overlay-type":"","overlay-color":"","overlay-opacity":"","overlay-gradient":""},"tablet":{"background-color":"var(--ast-global-color-4)","background-image":"","background-repeat":"repeat","background-position":"center center","background-size":"auto","background-attachment":"scroll","background-type":"","background-media":"","overlay-type":"","overlay-color":"","overlay-opacity":"","overlay-gradient":""},"mobile":{"background-color":"var(--ast-global-color-4)","background-image":"","background-repeat":"repeat","background-position":"center center","background-size":"auto","background-attachment":"scroll","background-type":"","background-media":"","overlay-type":"","overlay-color":"","overlay-opacity":"","overlay-gradient":""}}},"product_brand":[],"product_cat":[484],"product_tag":[4038,4039,4037,4036,4035],"class_list":{"0":"post-8110","1":"product","2":"type-product","3":"status-publish","4":"has-post-thumbnail","6":"product_cat-drasiuju-keliai","7":"product_tag-balkanai","8":"product_tag-bulgaru-literatura","9":"product_tag-haidukai","10":"product_tag-istorinis-nuotykis","11":"product_tag-k-kalcevas","12":"desktop-align-left","13":"tablet-align-left","14":"mobile-align-left","16":"first","17":"instock","18":"shipping-taxable","19":"purchasable","20":"product-type-simple"},"acf":[],"yoast_head":"<!-- This site is optimized with the Yoast SEO plugin v27.4 - https:\/\/yoast.com\/product\/yoast-seo-wordpress\/ -->\n<title>Narsusis kapitonas (Nr. 124)<\/title>\n<meta name=\"description\" content=\"&quot;Buvo jau po pusiaunak\u010dio. Kaime ir kaln\u0173 sodybose nugiedojo pirmieji gaid\u017eiai. Viena paskui kit\u0105 tartum ka\u017ekieno u\u017epu\u010diamos \u017evak\u0117s geso \u0161altos kovo \u017evaig\u017ed\u0117s. Dar valand\u0117l\u0117, ir i\u0161siriet\u0119s vir\u0161 dviej\u0173 auk\u0161t\u0173 kalv\u0173 lyg raudonas ragas m\u0117nulis nusileis. Apsuptas Star\u0105 Planinos kaln\u0173, prisiglaud\u0119s gilioje lyg katilas dauboje, miegojo didelis senas Kotelo kaimas. T\u0105 vakar\u0105 vakaron\u0117 Stoikos Mamareco namuose ilgai u\u017etruko. B\u016bt\u0173 dar ir nesibaigusi, jeigu Erke\u010do me\u0161kininkas, d\u0117dul\u0117 Stan\u010da, at\u0117j\u0119s su gudula palinksminti jaunimo, neb\u016bt\u0173 u\u017esiman\u0119s miego ir i\u0161\u0117j\u0119s namo. O jam i\u0161\u0117jus, pama\u017eiukais i\u0161siskirst\u0117 ir kiti vakarotojai. Liko tik Stoik\u0105 su savo \u0161eimyna... O s\u016bn\u0173 aps\u0117stas bajus Stoika tebekalb\u0117jo apie tuos senus laikus, kai visuose Balkanuose \u0161mi\u017ein\u0117jo daugyb\u0117 haiduk\u0173. - T\u0117te, galima ir man pasiklausyti?...&quot;\" \/>\n<meta name=\"robots\" content=\"index, follow, max-snippet:-1, max-image-preview:large, max-video-preview:-1\" \/>\n<link rel=\"canonical\" href=\"https:\/\/skaitytaknyga.lt\/en\/produktas\/k-kalcevas-narsusis-kapitonas-nr-124-2\/\" \/>\n<meta property=\"og:locale\" content=\"en_GB\" \/>\n<meta property=\"og:locale:alternate\" content=\"lt_LT\" \/>\n<meta property=\"og:type\" content=\"article\" \/>\n<meta property=\"og:title\" content=\"Narsusis kapitonas (Nr. 124)\" \/>\n<meta property=\"og:description\" content=\"&quot;Buvo jau po pusiaunak\u010dio. Kaime ir kaln\u0173 sodybose nugiedojo pirmieji gaid\u017eiai. Viena paskui kit\u0105 tartum ka\u017ekieno u\u017epu\u010diamos \u017evak\u0117s geso \u0161altos kovo \u017evaig\u017ed\u0117s. Dar valand\u0117l\u0117, ir i\u0161siriet\u0119s vir\u0161 dviej\u0173 auk\u0161t\u0173 kalv\u0173 lyg raudonas ragas m\u0117nulis nusileis. Apsuptas Star\u0105 Planinos kaln\u0173, prisiglaud\u0119s gilioje lyg katilas dauboje, miegojo didelis senas Kotelo kaimas. T\u0105 vakar\u0105 vakaron\u0117 Stoikos Mamareco namuose ilgai u\u017etruko. B\u016bt\u0173 dar ir nesibaigusi, jeigu Erke\u010do me\u0161kininkas, d\u0117dul\u0117 Stan\u010da, at\u0117j\u0119s su gudula palinksminti jaunimo, neb\u016bt\u0173 u\u017esiman\u0119s miego ir i\u0161\u0117j\u0119s namo. O jam i\u0161\u0117jus, pama\u017eiukais i\u0161siskirst\u0117 ir kiti vakarotojai. Liko tik Stoik\u0105 su savo \u0161eimyna... O s\u016bn\u0173 aps\u0117stas bajus Stoika tebekalb\u0117jo apie tuos senus laikus, kai visuose Balkanuose \u0161mi\u017ein\u0117jo daugyb\u0117 haiduk\u0173. - T\u0117te, galima ir man pasiklausyti?...&quot;\" \/>\n<meta property=\"og:url\" content=\"https:\/\/skaitytaknyga.lt\/en\/produktas\/k-kalcevas-narsusis-kapitonas-nr-124-2\/\" \/>\n<meta property=\"og:site_name\" content=\"Skaitytaknyga\" \/>\n<meta property=\"article:publisher\" content=\"https:\/\/www.facebook.com\/skaitytaknyga\/\" \/>\n<meta property=\"article:modified_time\" content=\"2025-11-08T13:48:58+00:00\" \/>\n<meta property=\"og:image\" content=\"https:\/\/skaitytaknyga.lt\/wp-content\/uploads\/2024\/04\/1496841531_jpg_0006.jpg\" \/>\n\t<meta property=\"og:image:width\" content=\"275\" \/>\n\t<meta property=\"og:image:height\" content=\"430\" \/>\n\t<meta property=\"og:image:type\" content=\"image\/jpeg\" \/>\n<meta name=\"twitter:card\" content=\"summary_large_image\" \/>\n<meta name=\"twitter:label1\" content=\"Estimated reading time\" \/>\n\t<meta name=\"twitter:data1\" content=\"1 minute\" \/>\n<script type=\"application\/ld+json\" class=\"yoast-schema-graph\">{\"@context\":\"https:\\\/\\\/schema.org\",\"@graph\":[{\"@type\":\"WebPage\",\"@id\":\"https:\\\/\\\/skaitytaknyga.lt\\\/produktas\\\/k-kalcevas-narsusis-kapitonas-nr-124-2\\\/\",\"url\":\"https:\\\/\\\/skaitytaknyga.lt\\\/produktas\\\/k-kalcevas-narsusis-kapitonas-nr-124-2\\\/\",\"name\":\"Narsusis kapitonas (Nr. 124)\",\"isPartOf\":{\"@id\":\"https:\\\/\\\/skaitytaknyga.lt\\\/#website\"},\"primaryImageOfPage\":{\"@id\":\"https:\\\/\\\/skaitytaknyga.lt\\\/produktas\\\/k-kalcevas-narsusis-kapitonas-nr-124-2\\\/#primaryimage\"},\"image\":{\"@id\":\"https:\\\/\\\/skaitytaknyga.lt\\\/produktas\\\/k-kalcevas-narsusis-kapitonas-nr-124-2\\\/#primaryimage\"},\"thumbnailUrl\":\"https:\\\/\\\/skaitytaknyga.lt\\\/wp-content\\\/uploads\\\/2024\\\/04\\\/1496841531_jpg_0006.jpg\",\"datePublished\":\"2024-05-04T14:40:28+00:00\",\"dateModified\":\"2025-11-08T13:48:58+00:00\",\"description\":\"\\\"Buvo jau po pusiaunak\u010dio. Kaime ir kaln\u0173 sodybose nugiedojo pirmieji gaid\u017eiai. Viena paskui kit\u0105 tartum ka\u017ekieno u\u017epu\u010diamos \u017evak\u0117s geso \u0161altos kovo \u017evaig\u017ed\u0117s. Dar valand\u0117l\u0117, ir i\u0161siriet\u0119s vir\u0161 dviej\u0173 auk\u0161t\u0173 kalv\u0173 lyg raudonas ragas m\u0117nulis nusileis. Apsuptas Star\u0105 Planinos kaln\u0173, prisiglaud\u0119s gilioje lyg katilas dauboje, miegojo didelis senas Kotelo kaimas. T\u0105 vakar\u0105 vakaron\u0117 Stoikos Mamareco namuose ilgai u\u017etruko. B\u016bt\u0173 dar ir nesibaigusi, jeigu Erke\u010do me\u0161kininkas, d\u0117dul\u0117 Stan\u010da, at\u0117j\u0119s su gudula palinksminti jaunimo, neb\u016bt\u0173 u\u017esiman\u0119s miego ir i\u0161\u0117j\u0119s namo. O jam i\u0161\u0117jus, pama\u017eiukais i\u0161siskirst\u0117 ir kiti vakarotojai. Liko tik Stoik\u0105 su savo \u0161eimyna... O s\u016bn\u0173 aps\u0117stas bajus Stoika tebekalb\u0117jo apie tuos senus laikus, kai visuose Balkanuose \u0161mi\u017ein\u0117jo daugyb\u0117 haiduk\u0173. - T\u0117te, galima ir man pasiklausyti?...\\\"\",\"breadcrumb\":{\"@id\":\"https:\\\/\\\/skaitytaknyga.lt\\\/produktas\\\/k-kalcevas-narsusis-kapitonas-nr-124-2\\\/#breadcrumb\"},\"inLanguage\":\"en-GB\",\"potentialAction\":[{\"@type\":\"ReadAction\",\"target\":[\"https:\\\/\\\/skaitytaknyga.lt\\\/produktas\\\/k-kalcevas-narsusis-kapitonas-nr-124-2\\\/\"]}]},{\"@type\":\"ImageObject\",\"inLanguage\":\"en-GB\",\"@id\":\"https:\\\/\\\/skaitytaknyga.lt\\\/produktas\\\/k-kalcevas-narsusis-kapitonas-nr-124-2\\\/#primaryimage\",\"url\":\"https:\\\/\\\/skaitytaknyga.lt\\\/wp-content\\\/uploads\\\/2024\\\/04\\\/1496841531_jpg_0006.jpg\",\"contentUrl\":\"https:\\\/\\\/skaitytaknyga.lt\\\/wp-content\\\/uploads\\\/2024\\\/04\\\/1496841531_jpg_0006.jpg\",\"width\":275,\"height\":430},{\"@type\":\"BreadcrumbList\",\"@id\":\"https:\\\/\\\/skaitytaknyga.lt\\\/produktas\\\/k-kalcevas-narsusis-kapitonas-nr-124-2\\\/#breadcrumb\",\"itemListElement\":[{\"@type\":\"ListItem\",\"position\":1,\"name\":\"Home\",\"item\":\"https:\\\/\\\/skaitytaknyga.lt\\\/\"},{\"@type\":\"ListItem\",\"position\":2,\"name\":\"Parduotuv\u0117\",\"item\":\"https:\\\/\\\/skaitytaknyga.lt\\\/knygu-parduotuve\\\/\"},{\"@type\":\"ListItem\",\"position\":3,\"name\":\"Narsusis kapitonas (Nr. 124)\"}]},{\"@type\":\"WebSite\",\"@id\":\"https:\\\/\\\/skaitytaknyga.lt\\\/#website\",\"url\":\"https:\\\/\\\/skaitytaknyga.lt\\\/\",\"name\":\"skaitytaknyga.lt\",\"description\":\"Skaitytaknyga.lt \u2013 tai ma\u017eas \u0161eimos verslas, kuris prasid\u0117jo nuo meil\u0117s knygoms ir siekio i\u0161gelb\u0117ti knygas nuo likimo prie konteinerio. Kas vienam nereikalingas daiktas \u2013 kitam lobis, o mes esame tarpininkai, kurie padeda abiems tapti laimingesniems ???? \u017dinome kaip nelengva i\u0161gyventi ma\u017eiems verslams, tad nuo \u0161iol, \u010dia rasite ir kit\u0173, ma\u017e\u0173 \u0161eim\u0173 versl\u0173, rank\u0173 darbo, dovan\u0173 sau ir artimiesiems.\",\"publisher\":{\"@id\":\"https:\\\/\\\/skaitytaknyga.lt\\\/#organization\"},\"potentialAction\":[{\"@type\":\"SearchAction\",\"target\":{\"@type\":\"EntryPoint\",\"urlTemplate\":\"https:\\\/\\\/skaitytaknyga.lt\\\/?s={search_term_string}\"},\"query-input\":{\"@type\":\"PropertyValueSpecification\",\"valueRequired\":true,\"valueName\":\"search_term_string\"}}],\"inLanguage\":\"en-GB\"},{\"@type\":\"Organization\",\"@id\":\"https:\\\/\\\/skaitytaknyga.lt\\\/#organization\",\"name\":\"skaitytaknyga.lt\",\"url\":\"https:\\\/\\\/skaitytaknyga.lt\\\/\",\"logo\":{\"@type\":\"ImageObject\",\"inLanguage\":\"en-GB\",\"@id\":\"https:\\\/\\\/skaitytaknyga.lt\\\/#\\\/schema\\\/logo\\\/image\\\/\",\"url\":\"https:\\\/\\\/skaitytaknyga.lt\\\/wp-content\\\/uploads\\\/2024\\\/05\\\/cropped-cropped-cropped-02_00843_jt3bggkj1j3HLc7SyY6rEUpg.jpeg\",\"contentUrl\":\"https:\\\/\\\/skaitytaknyga.lt\\\/wp-content\\\/uploads\\\/2024\\\/05\\\/cropped-cropped-cropped-02_00843_jt3bggkj1j3HLc7SyY6rEUpg.jpeg\",\"width\":1600,\"height\":1600,\"caption\":\"skaitytaknyga.lt\"},\"image\":{\"@id\":\"https:\\\/\\\/skaitytaknyga.lt\\\/#\\\/schema\\\/logo\\\/image\\\/\"},\"sameAs\":[\"https:\\\/\\\/www.facebook.com\\\/skaitytaknyga\\\/\"]}]}<\/script>\n<!-- \/ Yoast SEO plugin. -->","yoast_head_json":{"title":"Narsusis kapitonas (Nr. 124)","description":"\"Buvo jau po pusiaunak\u010dio. Kaime ir kaln\u0173 sodybose nugiedojo pirmieji gaid\u017eiai. Viena paskui kit\u0105 tartum ka\u017ekieno u\u017epu\u010diamos \u017evak\u0117s geso \u0161altos kovo \u017evaig\u017ed\u0117s. Dar valand\u0117l\u0117, ir i\u0161siriet\u0119s vir\u0161 dviej\u0173 auk\u0161t\u0173 kalv\u0173 lyg raudonas ragas m\u0117nulis nusileis. Apsuptas Star\u0105 Planinos kaln\u0173, prisiglaud\u0119s gilioje lyg katilas dauboje, miegojo didelis senas Kotelo kaimas. T\u0105 vakar\u0105 vakaron\u0117 Stoikos Mamareco namuose ilgai u\u017etruko. B\u016bt\u0173 dar ir nesibaigusi, jeigu Erke\u010do me\u0161kininkas, d\u0117dul\u0117 Stan\u010da, at\u0117j\u0119s su gudula palinksminti jaunimo, neb\u016bt\u0173 u\u017esiman\u0119s miego ir i\u0161\u0117j\u0119s namo. O jam i\u0161\u0117jus, pama\u017eiukais i\u0161siskirst\u0117 ir kiti vakarotojai. Liko tik Stoik\u0105 su savo \u0161eimyna... O s\u016bn\u0173 aps\u0117stas bajus Stoika tebekalb\u0117jo apie tuos senus laikus, kai visuose Balkanuose \u0161mi\u017ein\u0117jo daugyb\u0117 haiduk\u0173. - T\u0117te, galima ir man pasiklausyti?...\"","robots":{"index":"index","follow":"follow","max-snippet":"max-snippet:-1","max-image-preview":"max-image-preview:large","max-video-preview":"max-video-preview:-1"},"canonical":"https:\/\/skaitytaknyga.lt\/en\/produktas\/k-kalcevas-narsusis-kapitonas-nr-124-2\/","og_locale":"en_GB","og_type":"article","og_title":"[:lt]Narsusis kapitonas (Nr. 124)[:] - Skaitytaknyga","og_description":"\"Buvo jau po pusiaunak\u010dio. Kaime ir kaln\u0173 sodybose nugiedojo pirmieji gaid\u017eiai. Viena paskui kit\u0105 tartum ka\u017ekieno u\u017epu\u010diamos \u017evak\u0117s geso \u0161altos kovo \u017evaig\u017ed\u0117s. Dar valand\u0117l\u0117, ir i\u0161siriet\u0119s vir\u0161 dviej\u0173 auk\u0161t\u0173 kalv\u0173 lyg raudonas ragas m\u0117nulis nusileis. Apsuptas Star\u0105 Planinos kaln\u0173, prisiglaud\u0119s gilioje lyg katilas dauboje, miegojo didelis senas Kotelo kaimas. T\u0105 vakar\u0105 vakaron\u0117 Stoikos Mamareco namuose ilgai u\u017etruko. B\u016bt\u0173 dar ir nesibaigusi, jeigu Erke\u010do me\u0161kininkas, d\u0117dul\u0117 Stan\u010da, at\u0117j\u0119s su gudula palinksminti jaunimo, neb\u016bt\u0173 u\u017esiman\u0119s miego ir i\u0161\u0117j\u0119s namo. O jam i\u0161\u0117jus, pama\u017eiukais i\u0161siskirst\u0117 ir kiti vakarotojai. Liko tik Stoik\u0105 su savo \u0161eimyna... O s\u016bn\u0173 aps\u0117stas bajus Stoika tebekalb\u0117jo apie tuos senus laikus, kai visuose Balkanuose \u0161mi\u017ein\u0117jo daugyb\u0117 haiduk\u0173. - T\u0117te, galima ir man pasiklausyti?...\"","og_url":"https:\/\/skaitytaknyga.lt\/en\/produktas\/k-kalcevas-narsusis-kapitonas-nr-124-2\/","og_site_name":"Skaitytaknyga","article_publisher":"https:\/\/www.facebook.com\/skaitytaknyga\/","article_modified_time":"2025-11-08T13:48:58+00:00","og_image":[{"width":275,"height":430,"url":"https:\/\/skaitytaknyga.lt\/wp-content\/uploads\/2024\/04\/1496841531_jpg_0006.jpg","type":"image\/jpeg"}],"twitter_card":"summary_large_image","twitter_misc":{"Estimated reading time":"1 minute"},"schema":{"@context":"https:\/\/schema.org","@graph":[{"@type":"WebPage","@id":"https:\/\/skaitytaknyga.lt\/produktas\/k-kalcevas-narsusis-kapitonas-nr-124-2\/","url":"https:\/\/skaitytaknyga.lt\/produktas\/k-kalcevas-narsusis-kapitonas-nr-124-2\/","name":"Narsusis kapitonas (Nr. 124)","isPartOf":{"@id":"https:\/\/skaitytaknyga.lt\/#website"},"primaryImageOfPage":{"@id":"https:\/\/skaitytaknyga.lt\/produktas\/k-kalcevas-narsusis-kapitonas-nr-124-2\/#primaryimage"},"image":{"@id":"https:\/\/skaitytaknyga.lt\/produktas\/k-kalcevas-narsusis-kapitonas-nr-124-2\/#primaryimage"},"thumbnailUrl":"https:\/\/skaitytaknyga.lt\/wp-content\/uploads\/2024\/04\/1496841531_jpg_0006.jpg","datePublished":"2024-05-04T14:40:28+00:00","dateModified":"2025-11-08T13:48:58+00:00","description":"\"Buvo jau po pusiaunak\u010dio. Kaime ir kaln\u0173 sodybose nugiedojo pirmieji gaid\u017eiai. Viena paskui kit\u0105 tartum ka\u017ekieno u\u017epu\u010diamos \u017evak\u0117s geso \u0161altos kovo \u017evaig\u017ed\u0117s. Dar valand\u0117l\u0117, ir i\u0161siriet\u0119s vir\u0161 dviej\u0173 auk\u0161t\u0173 kalv\u0173 lyg raudonas ragas m\u0117nulis nusileis. Apsuptas Star\u0105 Planinos kaln\u0173, prisiglaud\u0119s gilioje lyg katilas dauboje, miegojo didelis senas Kotelo kaimas. T\u0105 vakar\u0105 vakaron\u0117 Stoikos Mamareco namuose ilgai u\u017etruko. B\u016bt\u0173 dar ir nesibaigusi, jeigu Erke\u010do me\u0161kininkas, d\u0117dul\u0117 Stan\u010da, at\u0117j\u0119s su gudula palinksminti jaunimo, neb\u016bt\u0173 u\u017esiman\u0119s miego ir i\u0161\u0117j\u0119s namo. O jam i\u0161\u0117jus, pama\u017eiukais i\u0161siskirst\u0117 ir kiti vakarotojai. Liko tik Stoik\u0105 su savo \u0161eimyna... O s\u016bn\u0173 aps\u0117stas bajus Stoika tebekalb\u0117jo apie tuos senus laikus, kai visuose Balkanuose \u0161mi\u017ein\u0117jo daugyb\u0117 haiduk\u0173. - T\u0117te, galima ir man pasiklausyti?...\"","breadcrumb":{"@id":"https:\/\/skaitytaknyga.lt\/produktas\/k-kalcevas-narsusis-kapitonas-nr-124-2\/#breadcrumb"},"inLanguage":"en-GB","potentialAction":[{"@type":"ReadAction","target":["https:\/\/skaitytaknyga.lt\/produktas\/k-kalcevas-narsusis-kapitonas-nr-124-2\/"]}]},{"@type":"ImageObject","inLanguage":"en-GB","@id":"https:\/\/skaitytaknyga.lt\/produktas\/k-kalcevas-narsusis-kapitonas-nr-124-2\/#primaryimage","url":"https:\/\/skaitytaknyga.lt\/wp-content\/uploads\/2024\/04\/1496841531_jpg_0006.jpg","contentUrl":"https:\/\/skaitytaknyga.lt\/wp-content\/uploads\/2024\/04\/1496841531_jpg_0006.jpg","width":275,"height":430},{"@type":"BreadcrumbList","@id":"https:\/\/skaitytaknyga.lt\/produktas\/k-kalcevas-narsusis-kapitonas-nr-124-2\/#breadcrumb","itemListElement":[{"@type":"ListItem","position":1,"name":"Home","item":"https:\/\/skaitytaknyga.lt\/"},{"@type":"ListItem","position":2,"name":"Parduotuv\u0117","item":"https:\/\/skaitytaknyga.lt\/knygu-parduotuve\/"},{"@type":"ListItem","position":3,"name":"Narsusis kapitonas (Nr. 124)"}]},{"@type":"WebSite","@id":"https:\/\/skaitytaknyga.lt\/#website","url":"https:\/\/skaitytaknyga.lt\/","name":"skaitytaknyga.lt","description":"Skaitytaknyga.lt \u2013 tai ma\u017eas \u0161eimos verslas, kuris prasid\u0117jo nuo meil\u0117s knygoms ir siekio i\u0161gelb\u0117ti knygas nuo likimo prie konteinerio. Kas vienam nereikalingas daiktas \u2013 kitam lobis, o mes esame tarpininkai, kurie padeda abiems tapti laimingesniems ???? \u017dinome kaip nelengva i\u0161gyventi ma\u017eiems verslams, tad nuo \u0161iol, \u010dia rasite ir kit\u0173, ma\u017e\u0173 \u0161eim\u0173 versl\u0173, rank\u0173 darbo, dovan\u0173 sau ir artimiesiems.","publisher":{"@id":"https:\/\/skaitytaknyga.lt\/#organization"},"potentialAction":[{"@type":"SearchAction","target":{"@type":"EntryPoint","urlTemplate":"https:\/\/skaitytaknyga.lt\/?s={search_term_string}"},"query-input":{"@type":"PropertyValueSpecification","valueRequired":true,"valueName":"search_term_string"}}],"inLanguage":"en-GB"},{"@type":"Organization","@id":"https:\/\/skaitytaknyga.lt\/#organization","name":"skaitytaknyga.lt","url":"https:\/\/skaitytaknyga.lt\/","logo":{"@type":"ImageObject","inLanguage":"en-GB","@id":"https:\/\/skaitytaknyga.lt\/#\/schema\/logo\/image\/","url":"https:\/\/skaitytaknyga.lt\/wp-content\/uploads\/2024\/05\/cropped-cropped-cropped-02_00843_jt3bggkj1j3HLc7SyY6rEUpg.jpeg","contentUrl":"https:\/\/skaitytaknyga.lt\/wp-content\/uploads\/2024\/05\/cropped-cropped-cropped-02_00843_jt3bggkj1j3HLc7SyY6rEUpg.jpeg","width":1600,"height":1600,"caption":"skaitytaknyga.lt"},"image":{"@id":"https:\/\/skaitytaknyga.lt\/#\/schema\/logo\/image\/"},"sameAs":["https:\/\/www.facebook.com\/skaitytaknyga\/"]}]}},"_links":{"self":[{"href":"https:\/\/skaitytaknyga.lt\/en\/wp-json\/wp\/v2\/product\/8110","targetHints":{"allow":["GET"]}}],"collection":[{"href":"https:\/\/skaitytaknyga.lt\/en\/wp-json\/wp\/v2\/product"}],"about":[{"href":"https:\/\/skaitytaknyga.lt\/en\/wp-json\/wp\/v2\/types\/product"}],"replies":[{"embeddable":true,"href":"https:\/\/skaitytaknyga.lt\/en\/wp-json\/wp\/v2\/comments?post=8110"}],"wp:featuredmedia":[{"embeddable":true,"href":"https:\/\/skaitytaknyga.lt\/en\/wp-json\/wp\/v2\/media\/3907"}],"wp:attachment":[{"href":"https:\/\/skaitytaknyga.lt\/en\/wp-json\/wp\/v2\/media?parent=8110"}],"wp:term":[{"taxonomy":"product_brand","embeddable":true,"href":"https:\/\/skaitytaknyga.lt\/en\/wp-json\/wp\/v2\/product_brand?post=8110"},{"taxonomy":"product_cat","embeddable":true,"href":"https:\/\/skaitytaknyga.lt\/en\/wp-json\/wp\/v2\/product_cat?post=8110"},{"taxonomy":"product_tag","embeddable":true,"href":"https:\/\/skaitytaknyga.lt\/en\/wp-json\/wp\/v2\/product_tag?post=8110"}],"curies":[{"name":"wp","href":"https:\/\/api.w.org\/{rel}","templated":true}]}}