{"id":8073,"date":"2024-05-04T14:39:45","date_gmt":"2024-05-04T14:39:45","guid":{"rendered":"https:\/\/skaitytaknyga.lt\/?post_type=product&#038;p=8073"},"modified":"2026-02-26T17:58:32","modified_gmt":"2026-02-26T15:58:32","slug":"jack-london-juru-vilkas-nr-77-2","status":"publish","type":"product","link":"https:\/\/skaitytaknyga.lt\/en\/produktas\/jack-london-juru-vilkas-nr-77-2\/","title":{"rendered":"Jack London \u201eJ\u016br\u0173 vilkas\u201c (Nr. 77)"},"content":{"rendered":"<p>\u201eJ\u016br\u0173 vilkas\u201c \u2013 galingas ir \u012ftraukiantis psichologinis nuotyki\u0173 romanas apie Van Veiden\u0105, literat\u016bros kritik\u0105, kuris po katastrofos i\u0161sigelb\u0117ja j\u016br\u0173 platyb\u0117se ir patenka \u012f ruoni\u0173 med\u017eiotoj\u0173 laiv\u0105, skrod\u017eiant\u012f bangas link Japonijos krant\u0173. I\u0161 prigimties \u0161velnaus b\u016bdo, intelektuali\u0173 savybi\u0173 kupinas herojus pakli\u016bna \u012f brutuali\u0105, grie\u017et\u0105 aplink\u0105, valdom\u0105 laukini\u0173 \u012fstatym\u0173 ir legendinio laivo kapitono Vilko Larseno. Ko verta \u017emogaus gyvyb\u0117? Ar \u012fmanoma pasiprie\u0161inti ne\u017eabotam \u017eiaurumui ir fizinei j\u0117gai? Nuotykiai ir pavojai, g\u0117rio ir blogio kova \u012fsuks \u012f kvap\u0105 gniau\u017eiant\u012f pasakojim\u0105. O netik\u0117tai aplankiusi meil\u0117 persmelks iki sielos gelmi\u0173. Tai skausmingai gra\u017ei istorija apie \u017emogaus geb\u0117jim\u0105 i\u0161likti.<br \/>\nD\u017eekas Londonas \u2013 garsus amerikie\u010di\u0173 ra\u0161ytojas, kurio plunksna \u017eavisi viso pasaulio skaitytojai. Jo geb\u0117jimas perteikti diding\u0105 j\u016bros stichij\u0105, kupin\u0105 klastos ir pavoj\u0173, ugdan\u010di\u0105 \u017emogaus vali\u0105 ir charakter\u012f, nepalieka abejing\u0173. \u201eJ\u016br\u0173 vilkas\u201c \u2013 vienas i\u0161 geriausi\u0173 jo roman\u0173.<\/p>\n","protected":false},"excerpt":{"rendered":"<p>\u201eJ\u016br\u0173 vilkas\u201c \u2013 galingas ir \u012ftraukiantis psichologinis nuotyki\u0173 romanas apie Van Veiden\u0105, literat\u016bros kritik\u0105, kuris po katastrofos i\u0161sigelb\u0117ja j\u016br\u0173 platyb\u0117se ir patenka \u012f ruoni\u0173 med\u017eiotoj\u0173 laiv\u0105, skrod\u017eiant\u012f bangas link Japonijos krant\u0173. I\u0161 prigimties \u0161velnaus b\u016bdo, intelektuali\u0173 savybi\u0173 kupinas herojus pakli\u016bna \u012f brutuali\u0105, grie\u017et\u0105 aplink\u0105, valdom\u0105 laukini\u0173 \u012fstatym\u0173 ir legendinio laivo kapitono Vilko Larseno. Ko verta \u017emogaus gyvyb\u0117? Ar \u012fmanoma pasiprie\u0161inti ne\u017eabotam \u017eiaurumui ir fizinei j\u0117gai? Nuotykiai ir pavojai, g\u0117rio ir blogio kova \u012fsuks \u012f kvap\u0105 gniau\u017eiant\u012f pasakojim\u0105. O netik\u0117tai aplankiusi meil\u0117 persmelks iki sielos gelmi\u0173. Tai skausmingai gra\u017ei istorija apie \u017emogaus geb\u0117jim\u0105 i\u0161likti.<br \/>\nD\u017eekas Londonas \u2013 garsus amerikie\u010di\u0173 ra\u0161ytojas, kurio plunksna \u017eavisi viso pasaulio skaitytojai. Jo geb\u0117jimas perteikti diding\u0105 j\u016bros stichij\u0105, kupin\u0105 klastos ir pavoj\u0173, ugdan\u010di\u0105 \u017emogaus vali\u0105 ir charakter\u012f, nepalieka abejing\u0173. \u201eJ\u016br\u0173 vilkas\u201c \u2013 vienas i\u0161 geriausi\u0173 jo roman\u0173.<\/p>\n","protected":false},"featured_media":23184,"comment_status":"closed","ping_status":"closed","template":"","meta":{"_acf_changed":false,"site-sidebar-layout":"default","site-content-layout":"","ast-site-content-layout":"default","site-content-style":"default","site-sidebar-style":"default","ast-global-header-display":"","ast-banner-title-visibility":"","ast-main-header-display":"","ast-hfb-above-header-display":"","ast-hfb-below-header-display":"","ast-hfb-mobile-header-display":"","site-post-title":"","ast-breadcrumbs-content":"","ast-featured-img":"","footer-sml-layout":"","ast-disable-related-posts":"","theme-transparent-header-meta":"default","adv-header-id-meta":"","stick-header-meta":"","header-above-stick-meta":"","header-main-stick-meta":"","header-below-stick-meta":"","astra-migrate-meta-layouts":"set","ast-page-background-enabled":"default","ast-page-background-meta":{"desktop":{"background-color":"","background-image":"","background-repeat":"repeat","background-position":"center center","background-size":"auto","background-attachment":"scroll","background-type":"","background-media":"","overlay-type":"","overlay-color":"","overlay-opacity":"","overlay-gradient":""},"tablet":{"background-color":"","background-image":"","background-repeat":"repeat","background-position":"center center","background-size":"auto","background-attachment":"scroll","background-type":"","background-media":"","overlay-type":"","overlay-color":"","overlay-opacity":"","overlay-gradient":""},"mobile":{"background-color":"","background-image":"","background-repeat":"repeat","background-position":"center center","background-size":"auto","background-attachment":"scroll","background-type":"","background-media":"","overlay-type":"","overlay-color":"","overlay-opacity":"","overlay-gradient":""}},"ast-content-background-meta":{"desktop":{"background-color":"var(--ast-global-color-4)","background-image":"","background-repeat":"repeat","background-position":"center center","background-size":"auto","background-attachment":"scroll","background-type":"","background-media":"","overlay-type":"","overlay-color":"","overlay-opacity":"","overlay-gradient":""},"tablet":{"background-color":"var(--ast-global-color-4)","background-image":"","background-repeat":"repeat","background-position":"center center","background-size":"auto","background-attachment":"scroll","background-type":"","background-media":"","overlay-type":"","overlay-color":"","overlay-opacity":"","overlay-gradient":""},"mobile":{"background-color":"var(--ast-global-color-4)","background-image":"","background-repeat":"repeat","background-position":"center center","background-size":"auto","background-attachment":"scroll","background-type":"","background-media":"","overlay-type":"","overlay-color":"","overlay-opacity":"","overlay-gradient":""}}},"product_brand":[],"product_cat":[484],"product_tag":[2040,4021,4031,4032,1451,1392],"class_list":{"0":"post-8073","1":"product","2":"type-product","3":"status-publish","4":"has-post-thumbnail","6":"product_cat-drasiuju-keliai","7":"product_tag-amerikieciu-literatura","8":"product_tag-jack-london","9":"product_tag-jura","10":"product_tag-kapitonas","11":"product_tag-nuotykiai","12":"product_tag-psichologija","13":"desktop-align-left","14":"tablet-align-left","15":"mobile-align-left","17":"first","18":"instock","19":"shipping-taxable","20":"purchasable","21":"product-type-simple"},"acf":[],"yoast_head":"<!-- This site is optimized with the Yoast SEO plugin v27.0 - https:\/\/yoast.com\/product\/yoast-seo-wordpress\/ -->\n<title>Jack London \u201eJ\u016br\u0173 vilkas\u201c (Nr. 77)<\/title>\n<meta name=\"description\" content=\"\u201eJ\u016br\u0173 vilkas\u201c \u2013 galingas ir \u012ftraukiantis psichologinis nuotyki\u0173 romanas apie Van Veiden\u0105, literat\u016bros kritik\u0105, kuris po katastrofos i\u0161sigelb\u0117ja j\u016br\u0173 platyb\u0117se ir patenka \u012f ruoni\u0173 med\u017eiotoj\u0173 laiv\u0105, skrod\u017eiant\u012f bangas link Japonijos krant\u0173. I\u0161 prigimties \u0161velnaus b\u016bdo, intelektuali\u0173 savybi\u0173 kupinas herojus pakli\u016bna \u012f brutuali\u0105, grie\u017et\u0105 aplink\u0105, valdom\u0105 laukini\u0173 \u012fstatym\u0173 ir legendinio laivo kapitono Vilko Larseno. Ko verta \u017emogaus gyvyb\u0117? Ar \u012fmanoma pasiprie\u0161inti ne\u017eabotam \u017eiaurumui ir fizinei j\u0117gai? Nuotykiai ir pavojai, g\u0117rio ir blogio kova \u012fsuks \u012f kvap\u0105 gniau\u017eiant\u012f pasakojim\u0105. O netik\u0117tai aplankiusi meil\u0117 persmelks iki sielos gelmi\u0173. Tai skausmingai gra\u017ei istorija apie \u017emogaus geb\u0117jim\u0105 i\u0161likti. D\u017eekas Londonas \u2013 garsus amerikie\u010di\u0173 ra\u0161ytojas, kurio plunksna \u017eavisi viso pasaulio skaitytojai. Jo geb\u0117jimas perteikti diding\u0105 j\u016bros stichij\u0105, kupin\u0105 klastos ir pavoj\u0173, ugdan\u010di\u0105 \u017emogaus vali\u0105 ir charakter\u012f, nepalieka abejing\u0173. \u201eJ\u016br\u0173 vilkas\u201c \u2013 vienas i\u0161 geriausi\u0173 jo roman\u0173.\" \/>\n<meta name=\"robots\" content=\"index, follow, max-snippet:-1, max-image-preview:large, max-video-preview:-1\" \/>\n<link rel=\"canonical\" href=\"https:\/\/skaitytaknyga.lt\/en\/produktas\/jack-london-juru-vilkas-nr-77-2\/\" \/>\n<meta property=\"og:locale\" content=\"en_GB\" \/>\n<meta property=\"og:locale:alternate\" content=\"lt_LT\" \/>\n<meta property=\"og:type\" content=\"article\" \/>\n<meta property=\"og:title\" content=\"Jack London \u201eJ\u016br\u0173 vilkas\u201c (Nr. 77)\" \/>\n<meta property=\"og:description\" content=\"\u201eJ\u016br\u0173 vilkas\u201c \u2013 galingas ir \u012ftraukiantis psichologinis nuotyki\u0173 romanas apie Van Veiden\u0105, literat\u016bros kritik\u0105, kuris po katastrofos i\u0161sigelb\u0117ja j\u016br\u0173 platyb\u0117se ir patenka \u012f ruoni\u0173 med\u017eiotoj\u0173 laiv\u0105, skrod\u017eiant\u012f bangas link Japonijos krant\u0173. I\u0161 prigimties \u0161velnaus b\u016bdo, intelektuali\u0173 savybi\u0173 kupinas herojus pakli\u016bna \u012f brutuali\u0105, grie\u017et\u0105 aplink\u0105, valdom\u0105 laukini\u0173 \u012fstatym\u0173 ir legendinio laivo kapitono Vilko Larseno. Ko verta \u017emogaus gyvyb\u0117? Ar \u012fmanoma pasiprie\u0161inti ne\u017eabotam \u017eiaurumui ir fizinei j\u0117gai? Nuotykiai ir pavojai, g\u0117rio ir blogio kova \u012fsuks \u012f kvap\u0105 gniau\u017eiant\u012f pasakojim\u0105. O netik\u0117tai aplankiusi meil\u0117 persmelks iki sielos gelmi\u0173. Tai skausmingai gra\u017ei istorija apie \u017emogaus geb\u0117jim\u0105 i\u0161likti. D\u017eekas Londonas \u2013 garsus amerikie\u010di\u0173 ra\u0161ytojas, kurio plunksna \u017eavisi viso pasaulio skaitytojai. Jo geb\u0117jimas perteikti diding\u0105 j\u016bros stichij\u0105, kupin\u0105 klastos ir pavoj\u0173, ugdan\u010di\u0105 \u017emogaus vali\u0105 ir charakter\u012f, nepalieka abejing\u0173. \u201eJ\u016br\u0173 vilkas\u201c \u2013 vienas i\u0161 geriausi\u0173 jo roman\u0173.\" \/>\n<meta property=\"og:url\" content=\"https:\/\/skaitytaknyga.lt\/en\/produktas\/jack-london-juru-vilkas-nr-77-2\/\" \/>\n<meta property=\"og:site_name\" content=\"Skaitytaknyga\" \/>\n<meta property=\"article:publisher\" content=\"https:\/\/www.facebook.com\/skaitytaknyga\/\" \/>\n<meta property=\"article:modified_time\" content=\"2026-02-26T15:58:32+00:00\" \/>\n<meta property=\"og:image\" content=\"https:\/\/skaitytaknyga.lt\/wp-content\/uploads\/2024\/07\/skaitytaknyga.png\" \/>\n\t<meta property=\"og:image:width\" content=\"747\" \/>\n\t<meta property=\"og:image:height\" content=\"496\" \/>\n\t<meta property=\"og:image:type\" content=\"image\/png\" \/>\n<meta name=\"twitter:card\" content=\"summary_large_image\" \/>\n<meta name=\"twitter:label1\" content=\"Estimated reading time\" \/>\n\t<meta name=\"twitter:data1\" content=\"1 minute\" \/>\n<script type=\"application\/ld+json\" class=\"yoast-schema-graph\">{\"@context\":\"https:\/\/schema.org\",\"@graph\":[{\"@type\":\"WebPage\",\"@id\":\"https:\/\/skaitytaknyga.lt\/produktas\/jack-london-juru-vilkas-nr-77-2\/\",\"url\":\"https:\/\/skaitytaknyga.lt\/produktas\/jack-london-juru-vilkas-nr-77-2\/\",\"name\":\"Jack London \u201eJ\u016br\u0173 vilkas\u201c (Nr. 77)\",\"isPartOf\":{\"@id\":\"https:\/\/skaitytaknyga.lt\/#website\"},\"primaryImageOfPage\":{\"@id\":\"https:\/\/skaitytaknyga.lt\/produktas\/jack-london-juru-vilkas-nr-77-2\/#primaryimage\"},\"image\":{\"@id\":\"https:\/\/skaitytaknyga.lt\/produktas\/jack-london-juru-vilkas-nr-77-2\/#primaryimage\"},\"thumbnailUrl\":\"https:\/\/skaitytaknyga.lt\/wp-content\/uploads\/2024\/05\/Juru-vilkas-1.webp\",\"datePublished\":\"2024-05-04T14:39:45+00:00\",\"dateModified\":\"2026-02-26T15:58:32+00:00\",\"description\":\"\u201eJ\u016br\u0173 vilkas\u201c \u2013 galingas ir \u012ftraukiantis psichologinis nuotyki\u0173 romanas apie Van Veiden\u0105, literat\u016bros kritik\u0105, kuris po katastrofos i\u0161sigelb\u0117ja j\u016br\u0173 platyb\u0117se ir patenka \u012f ruoni\u0173 med\u017eiotoj\u0173 laiv\u0105, skrod\u017eiant\u012f bangas link Japonijos krant\u0173. I\u0161 prigimties \u0161velnaus b\u016bdo, intelektuali\u0173 savybi\u0173 kupinas herojus pakli\u016bna \u012f brutuali\u0105, grie\u017et\u0105 aplink\u0105, valdom\u0105 laukini\u0173 \u012fstatym\u0173 ir legendinio laivo kapitono Vilko Larseno. Ko verta \u017emogaus gyvyb\u0117? Ar \u012fmanoma pasiprie\u0161inti ne\u017eabotam \u017eiaurumui ir fizinei j\u0117gai? Nuotykiai ir pavojai, g\u0117rio ir blogio kova \u012fsuks \u012f kvap\u0105 gniau\u017eiant\u012f pasakojim\u0105. O netik\u0117tai aplankiusi meil\u0117 persmelks iki sielos gelmi\u0173. Tai skausmingai gra\u017ei istorija apie \u017emogaus geb\u0117jim\u0105 i\u0161likti. D\u017eekas Londonas \u2013 garsus amerikie\u010di\u0173 ra\u0161ytojas, kurio plunksna \u017eavisi viso pasaulio skaitytojai. Jo geb\u0117jimas perteikti diding\u0105 j\u016bros stichij\u0105, kupin\u0105 klastos ir pavoj\u0173, ugdan\u010di\u0105 \u017emogaus vali\u0105 ir charakter\u012f, nepalieka abejing\u0173. \u201eJ\u016br\u0173 vilkas\u201c \u2013 vienas i\u0161 geriausi\u0173 jo roman\u0173.\",\"breadcrumb\":{\"@id\":\"https:\/\/skaitytaknyga.lt\/produktas\/jack-london-juru-vilkas-nr-77-2\/#breadcrumb\"},\"inLanguage\":\"en-GB\",\"potentialAction\":[{\"@type\":\"ReadAction\",\"target\":[\"https:\/\/skaitytaknyga.lt\/produktas\/jack-london-juru-vilkas-nr-77-2\/\"]}]},{\"@type\":\"ImageObject\",\"inLanguage\":\"en-GB\",\"@id\":\"https:\/\/skaitytaknyga.lt\/produktas\/jack-london-juru-vilkas-nr-77-2\/#primaryimage\",\"url\":\"https:\/\/skaitytaknyga.lt\/wp-content\/uploads\/2024\/05\/Juru-vilkas-1.webp\",\"contentUrl\":\"https:\/\/skaitytaknyga.lt\/wp-content\/uploads\/2024\/05\/Juru-vilkas-1.webp\",\"width\":300,\"height\":484,\"caption\":\"J\u016br\u0173 vilkas\"},{\"@type\":\"BreadcrumbList\",\"@id\":\"https:\/\/skaitytaknyga.lt\/produktas\/jack-london-juru-vilkas-nr-77-2\/#breadcrumb\",\"itemListElement\":[{\"@type\":\"ListItem\",\"position\":1,\"name\":\"Home\",\"item\":\"https:\/\/skaitytaknyga.lt\/\"},{\"@type\":\"ListItem\",\"position\":2,\"name\":\"Parduotuv\u0117\",\"item\":\"https:\/\/skaitytaknyga.lt\/knygu-parduotuve\/\"},{\"@type\":\"ListItem\",\"position\":3,\"name\":\"Jack London \u201eJ\u016br\u0173 vilkas\u201c (Nr. 77)\"}]},{\"@type\":\"WebSite\",\"@id\":\"https:\/\/skaitytaknyga.lt\/#website\",\"url\":\"https:\/\/skaitytaknyga.lt\/\",\"name\":\"skaitytaknyga.lt\",\"description\":\"Skaitytaknyga.lt \u2013 tai ma\u017eas \u0161eimos verslas, kuris prasid\u0117jo nuo meil\u0117s knygoms ir siekio i\u0161gelb\u0117ti knygas nuo likimo prie konteinerio. Kas vienam nereikalingas daiktas \u2013 kitam lobis, o mes esame tarpininkai, kurie padeda abiems tapti laimingesniems ???? \u017dinome kaip nelengva i\u0161gyventi ma\u017eiems verslams, tad nuo \u0161iol, \u010dia rasite ir kit\u0173, ma\u017e\u0173 \u0161eim\u0173 versl\u0173, rank\u0173 darbo, dovan\u0173 sau ir artimiesiems.\",\"publisher\":{\"@id\":\"https:\/\/skaitytaknyga.lt\/#organization\"},\"potentialAction\":[{\"@type\":\"SearchAction\",\"target\":{\"@type\":\"EntryPoint\",\"urlTemplate\":\"https:\/\/skaitytaknyga.lt\/?s={search_term_string}\"},\"query-input\":{\"@type\":\"PropertyValueSpecification\",\"valueRequired\":true,\"valueName\":\"search_term_string\"}}],\"inLanguage\":\"en-GB\"},{\"@type\":\"Organization\",\"@id\":\"https:\/\/skaitytaknyga.lt\/#organization\",\"name\":\"skaitytaknyga.lt\",\"url\":\"https:\/\/skaitytaknyga.lt\/\",\"logo\":{\"@type\":\"ImageObject\",\"inLanguage\":\"en-GB\",\"@id\":\"https:\/\/skaitytaknyga.lt\/#\/schema\/logo\/image\/\",\"url\":\"https:\/\/skaitytaknyga.lt\/wp-content\/uploads\/2024\/05\/cropped-cropped-cropped-02_00843_jt3bggkj1j3HLc7SyY6rEUpg.jpeg\",\"contentUrl\":\"https:\/\/skaitytaknyga.lt\/wp-content\/uploads\/2024\/05\/cropped-cropped-cropped-02_00843_jt3bggkj1j3HLc7SyY6rEUpg.jpeg\",\"width\":1600,\"height\":1600,\"caption\":\"skaitytaknyga.lt\"},\"image\":{\"@id\":\"https:\/\/skaitytaknyga.lt\/#\/schema\/logo\/image\/\"},\"sameAs\":[\"https:\/\/www.facebook.com\/skaitytaknyga\/\"]}]}<\/script>\n<!-- \/ Yoast SEO plugin. -->","yoast_head_json":{"title":"Jack London \u201eJ\u016br\u0173 vilkas\u201c (Nr. 77)","description":"\u201eJ\u016br\u0173 vilkas\u201c \u2013 galingas ir \u012ftraukiantis psichologinis nuotyki\u0173 romanas apie Van Veiden\u0105, literat\u016bros kritik\u0105, kuris po katastrofos i\u0161sigelb\u0117ja j\u016br\u0173 platyb\u0117se ir patenka \u012f ruoni\u0173 med\u017eiotoj\u0173 laiv\u0105, skrod\u017eiant\u012f bangas link Japonijos krant\u0173. I\u0161 prigimties \u0161velnaus b\u016bdo, intelektuali\u0173 savybi\u0173 kupinas herojus pakli\u016bna \u012f brutuali\u0105, grie\u017et\u0105 aplink\u0105, valdom\u0105 laukini\u0173 \u012fstatym\u0173 ir legendinio laivo kapitono Vilko Larseno. Ko verta \u017emogaus gyvyb\u0117? Ar \u012fmanoma pasiprie\u0161inti ne\u017eabotam \u017eiaurumui ir fizinei j\u0117gai? Nuotykiai ir pavojai, g\u0117rio ir blogio kova \u012fsuks \u012f kvap\u0105 gniau\u017eiant\u012f pasakojim\u0105. O netik\u0117tai aplankiusi meil\u0117 persmelks iki sielos gelmi\u0173. Tai skausmingai gra\u017ei istorija apie \u017emogaus geb\u0117jim\u0105 i\u0161likti. D\u017eekas Londonas \u2013 garsus amerikie\u010di\u0173 ra\u0161ytojas, kurio plunksna \u017eavisi viso pasaulio skaitytojai. Jo geb\u0117jimas perteikti diding\u0105 j\u016bros stichij\u0105, kupin\u0105 klastos ir pavoj\u0173, ugdan\u010di\u0105 \u017emogaus vali\u0105 ir charakter\u012f, nepalieka abejing\u0173. \u201eJ\u016br\u0173 vilkas\u201c \u2013 vienas i\u0161 geriausi\u0173 jo roman\u0173.","robots":{"index":"index","follow":"follow","max-snippet":"max-snippet:-1","max-image-preview":"max-image-preview:large","max-video-preview":"max-video-preview:-1"},"canonical":"https:\/\/skaitytaknyga.lt\/en\/produktas\/jack-london-juru-vilkas-nr-77-2\/","og_locale":"en_GB","og_type":"article","og_title":"[:lt]Jack London \u201eJ\u016br\u0173 vilkas\u201c (Nr. 77)[:] - Skaitytaknyga","og_description":"\u201eJ\u016br\u0173 vilkas\u201c \u2013 galingas ir \u012ftraukiantis psichologinis nuotyki\u0173 romanas apie Van Veiden\u0105, literat\u016bros kritik\u0105, kuris po katastrofos i\u0161sigelb\u0117ja j\u016br\u0173 platyb\u0117se ir patenka \u012f ruoni\u0173 med\u017eiotoj\u0173 laiv\u0105, skrod\u017eiant\u012f bangas link Japonijos krant\u0173. I\u0161 prigimties \u0161velnaus b\u016bdo, intelektuali\u0173 savybi\u0173 kupinas herojus pakli\u016bna \u012f brutuali\u0105, grie\u017et\u0105 aplink\u0105, valdom\u0105 laukini\u0173 \u012fstatym\u0173 ir legendinio laivo kapitono Vilko Larseno. Ko verta \u017emogaus gyvyb\u0117? Ar \u012fmanoma pasiprie\u0161inti ne\u017eabotam \u017eiaurumui ir fizinei j\u0117gai? Nuotykiai ir pavojai, g\u0117rio ir blogio kova \u012fsuks \u012f kvap\u0105 gniau\u017eiant\u012f pasakojim\u0105. O netik\u0117tai aplankiusi meil\u0117 persmelks iki sielos gelmi\u0173. Tai skausmingai gra\u017ei istorija apie \u017emogaus geb\u0117jim\u0105 i\u0161likti. D\u017eekas Londonas \u2013 garsus amerikie\u010di\u0173 ra\u0161ytojas, kurio plunksna \u017eavisi viso pasaulio skaitytojai. Jo geb\u0117jimas perteikti diding\u0105 j\u016bros stichij\u0105, kupin\u0105 klastos ir pavoj\u0173, ugdan\u010di\u0105 \u017emogaus vali\u0105 ir charakter\u012f, nepalieka abejing\u0173. \u201eJ\u016br\u0173 vilkas\u201c \u2013 vienas i\u0161 geriausi\u0173 jo roman\u0173.","og_url":"https:\/\/skaitytaknyga.lt\/en\/produktas\/jack-london-juru-vilkas-nr-77-2\/","og_site_name":"Skaitytaknyga","article_publisher":"https:\/\/www.facebook.com\/skaitytaknyga\/","article_modified_time":"2026-02-26T15:58:32+00:00","og_image":[{"width":747,"height":496,"url":"https:\/\/skaitytaknyga.lt\/wp-content\/uploads\/2024\/07\/skaitytaknyga.png","type":"image\/png"}],"twitter_card":"summary_large_image","twitter_misc":{"Estimated reading time":"1 minute"},"schema":{"@context":"https:\/\/schema.org","@graph":[{"@type":"WebPage","@id":"https:\/\/skaitytaknyga.lt\/produktas\/jack-london-juru-vilkas-nr-77-2\/","url":"https:\/\/skaitytaknyga.lt\/produktas\/jack-london-juru-vilkas-nr-77-2\/","name":"Jack London \u201eJ\u016br\u0173 vilkas\u201c (Nr. 77)","isPartOf":{"@id":"https:\/\/skaitytaknyga.lt\/#website"},"primaryImageOfPage":{"@id":"https:\/\/skaitytaknyga.lt\/produktas\/jack-london-juru-vilkas-nr-77-2\/#primaryimage"},"image":{"@id":"https:\/\/skaitytaknyga.lt\/produktas\/jack-london-juru-vilkas-nr-77-2\/#primaryimage"},"thumbnailUrl":"https:\/\/skaitytaknyga.lt\/wp-content\/uploads\/2024\/05\/Juru-vilkas-1.webp","datePublished":"2024-05-04T14:39:45+00:00","dateModified":"2026-02-26T15:58:32+00:00","description":"\u201eJ\u016br\u0173 vilkas\u201c \u2013 galingas ir \u012ftraukiantis psichologinis nuotyki\u0173 romanas apie Van Veiden\u0105, literat\u016bros kritik\u0105, kuris po katastrofos i\u0161sigelb\u0117ja j\u016br\u0173 platyb\u0117se ir patenka \u012f ruoni\u0173 med\u017eiotoj\u0173 laiv\u0105, skrod\u017eiant\u012f bangas link Japonijos krant\u0173. I\u0161 prigimties \u0161velnaus b\u016bdo, intelektuali\u0173 savybi\u0173 kupinas herojus pakli\u016bna \u012f brutuali\u0105, grie\u017et\u0105 aplink\u0105, valdom\u0105 laukini\u0173 \u012fstatym\u0173 ir legendinio laivo kapitono Vilko Larseno. Ko verta \u017emogaus gyvyb\u0117? Ar \u012fmanoma pasiprie\u0161inti ne\u017eabotam \u017eiaurumui ir fizinei j\u0117gai? Nuotykiai ir pavojai, g\u0117rio ir blogio kova \u012fsuks \u012f kvap\u0105 gniau\u017eiant\u012f pasakojim\u0105. O netik\u0117tai aplankiusi meil\u0117 persmelks iki sielos gelmi\u0173. Tai skausmingai gra\u017ei istorija apie \u017emogaus geb\u0117jim\u0105 i\u0161likti. D\u017eekas Londonas \u2013 garsus amerikie\u010di\u0173 ra\u0161ytojas, kurio plunksna \u017eavisi viso pasaulio skaitytojai. Jo geb\u0117jimas perteikti diding\u0105 j\u016bros stichij\u0105, kupin\u0105 klastos ir pavoj\u0173, ugdan\u010di\u0105 \u017emogaus vali\u0105 ir charakter\u012f, nepalieka abejing\u0173. \u201eJ\u016br\u0173 vilkas\u201c \u2013 vienas i\u0161 geriausi\u0173 jo roman\u0173.","breadcrumb":{"@id":"https:\/\/skaitytaknyga.lt\/produktas\/jack-london-juru-vilkas-nr-77-2\/#breadcrumb"},"inLanguage":"en-GB","potentialAction":[{"@type":"ReadAction","target":["https:\/\/skaitytaknyga.lt\/produktas\/jack-london-juru-vilkas-nr-77-2\/"]}]},{"@type":"ImageObject","inLanguage":"en-GB","@id":"https:\/\/skaitytaknyga.lt\/produktas\/jack-london-juru-vilkas-nr-77-2\/#primaryimage","url":"https:\/\/skaitytaknyga.lt\/wp-content\/uploads\/2024\/05\/Juru-vilkas-1.webp","contentUrl":"https:\/\/skaitytaknyga.lt\/wp-content\/uploads\/2024\/05\/Juru-vilkas-1.webp","width":300,"height":484,"caption":"J\u016br\u0173 vilkas"},{"@type":"BreadcrumbList","@id":"https:\/\/skaitytaknyga.lt\/produktas\/jack-london-juru-vilkas-nr-77-2\/#breadcrumb","itemListElement":[{"@type":"ListItem","position":1,"name":"Home","item":"https:\/\/skaitytaknyga.lt\/"},{"@type":"ListItem","position":2,"name":"Parduotuv\u0117","item":"https:\/\/skaitytaknyga.lt\/knygu-parduotuve\/"},{"@type":"ListItem","position":3,"name":"Jack London \u201eJ\u016br\u0173 vilkas\u201c (Nr. 77)"}]},{"@type":"WebSite","@id":"https:\/\/skaitytaknyga.lt\/#website","url":"https:\/\/skaitytaknyga.lt\/","name":"skaitytaknyga.lt","description":"Skaitytaknyga.lt \u2013 tai ma\u017eas \u0161eimos verslas, kuris prasid\u0117jo nuo meil\u0117s knygoms ir siekio i\u0161gelb\u0117ti knygas nuo likimo prie konteinerio. Kas vienam nereikalingas daiktas \u2013 kitam lobis, o mes esame tarpininkai, kurie padeda abiems tapti laimingesniems ???? \u017dinome kaip nelengva i\u0161gyventi ma\u017eiems verslams, tad nuo \u0161iol, \u010dia rasite ir kit\u0173, ma\u017e\u0173 \u0161eim\u0173 versl\u0173, rank\u0173 darbo, dovan\u0173 sau ir artimiesiems.","publisher":{"@id":"https:\/\/skaitytaknyga.lt\/#organization"},"potentialAction":[{"@type":"SearchAction","target":{"@type":"EntryPoint","urlTemplate":"https:\/\/skaitytaknyga.lt\/?s={search_term_string}"},"query-input":{"@type":"PropertyValueSpecification","valueRequired":true,"valueName":"search_term_string"}}],"inLanguage":"en-GB"},{"@type":"Organization","@id":"https:\/\/skaitytaknyga.lt\/#organization","name":"skaitytaknyga.lt","url":"https:\/\/skaitytaknyga.lt\/","logo":{"@type":"ImageObject","inLanguage":"en-GB","@id":"https:\/\/skaitytaknyga.lt\/#\/schema\/logo\/image\/","url":"https:\/\/skaitytaknyga.lt\/wp-content\/uploads\/2024\/05\/cropped-cropped-cropped-02_00843_jt3bggkj1j3HLc7SyY6rEUpg.jpeg","contentUrl":"https:\/\/skaitytaknyga.lt\/wp-content\/uploads\/2024\/05\/cropped-cropped-cropped-02_00843_jt3bggkj1j3HLc7SyY6rEUpg.jpeg","width":1600,"height":1600,"caption":"skaitytaknyga.lt"},"image":{"@id":"https:\/\/skaitytaknyga.lt\/#\/schema\/logo\/image\/"},"sameAs":["https:\/\/www.facebook.com\/skaitytaknyga\/"]}]}},"_links":{"self":[{"href":"https:\/\/skaitytaknyga.lt\/en\/wp-json\/wp\/v2\/product\/8073","targetHints":{"allow":["GET"]}}],"collection":[{"href":"https:\/\/skaitytaknyga.lt\/en\/wp-json\/wp\/v2\/product"}],"about":[{"href":"https:\/\/skaitytaknyga.lt\/en\/wp-json\/wp\/v2\/types\/product"}],"replies":[{"embeddable":true,"href":"https:\/\/skaitytaknyga.lt\/en\/wp-json\/wp\/v2\/comments?post=8073"}],"wp:featuredmedia":[{"embeddable":true,"href":"https:\/\/skaitytaknyga.lt\/en\/wp-json\/wp\/v2\/media\/23184"}],"wp:attachment":[{"href":"https:\/\/skaitytaknyga.lt\/en\/wp-json\/wp\/v2\/media?parent=8073"}],"wp:term":[{"taxonomy":"product_brand","embeddable":true,"href":"https:\/\/skaitytaknyga.lt\/en\/wp-json\/wp\/v2\/product_brand?post=8073"},{"taxonomy":"product_cat","embeddable":true,"href":"https:\/\/skaitytaknyga.lt\/en\/wp-json\/wp\/v2\/product_cat?post=8073"},{"taxonomy":"product_tag","embeddable":true,"href":"https:\/\/skaitytaknyga.lt\/en\/wp-json\/wp\/v2\/product_tag?post=8073"}],"curies":[{"name":"wp","href":"https:\/\/api.w.org\/{rel}","templated":true}]}}