{"id":8047,"date":"2024-05-04T14:39:22","date_gmt":"2024-05-04T14:39:22","guid":{"rendered":"https:\/\/skaitytaknyga.lt\/?post_type=product&#038;p=8047"},"modified":"2025-11-08T15:48:58","modified_gmt":"2025-11-08T13:48:58","slug":"g-golubevas-auksinio-elnio-pedsakais-nr-108-2","status":"publish","type":"product","link":"https:\/\/skaitytaknyga.lt\/en\/produktas\/g-golubevas-auksinio-elnio-pedsakais-nr-108-2\/","title":{"rendered":"G. Golubevas \u201eAuksinio elnio p\u0117dsakais\u201c (Nr. 108)"},"content":{"rendered":"<p>Rus\u0173 sovietinio ra\u0161ytojo Glebo Golubevo (1926-1989), nuotykin\u0117s ir detektyvin\u0117s literat\u016bros metro nuotyki\u0173 apysaka &#8221;Auksinio elnio p\u0117dsakais&#8221; priklauso istorinio detektyvo \u017eanrui. Vykstant statybos darbams Ker\u010d\u0117je griaunamo namo r\u016bsyje aptinkamas juodojo archeologo, pilkapi\u0173 pl\u0117\u0161iko lagaminas su auksine skit\u0173 vaza. Nejaugi egzistuoja mokslui dar ne\u017einomas karali\u0161kasis skit\u0173 pilkapis su lobiais, i\u0161 kurio i\u0161kasta vaza ? Profesorius Kazanskis ir kriminalistas Klimenka imasi tyrimo, kurio tikslas &#8211; surasti pilkap\u012f, ir atskleisti visas jo paslaptis.<\/p>\n","protected":false},"excerpt":{"rendered":"<p>Rus\u0173 sovietinio ra\u0161ytojo Glebo Golubevo (1926-1989), nuotykin\u0117s ir detektyvin\u0117s literat\u016bros metro nuotyki\u0173 apysaka &#8221;Auksinio elnio p\u0117dsakais&#8221; priklauso istorinio detektyvo \u017eanrui. Vykstant statybos darbams Ker\u010d\u0117je griaunamo namo r\u016bsyje aptinkamas juodojo archeologo, pilkapi\u0173 pl\u0117\u0161iko lagaminas su auksine skit\u0173 vaza. Nejaugi egzistuoja mokslui dar ne\u017einomas karali\u0161kasis skit\u0173 pilkapis su lobiais, i\u0161 kurio i\u0161kasta vaza ? Profesorius Kazanskis ir kriminalistas Klimenka imasi tyrimo, kurio tikslas &#8211; surasti pilkap\u012f, ir atskleisti visas jo paslaptis.<\/p>\n","protected":false},"featured_media":3791,"comment_status":"closed","ping_status":"closed","template":"","meta":{"_acf_changed":false,"site-sidebar-layout":"default","site-content-layout":"","ast-site-content-layout":"default","site-content-style":"default","site-sidebar-style":"default","ast-global-header-display":"","ast-banner-title-visibility":"","ast-main-header-display":"","ast-hfb-above-header-display":"","ast-hfb-below-header-display":"","ast-hfb-mobile-header-display":"","site-post-title":"","ast-breadcrumbs-content":"","ast-featured-img":"","footer-sml-layout":"","ast-disable-related-posts":"","theme-transparent-header-meta":"default","adv-header-id-meta":"","stick-header-meta":"","header-above-stick-meta":"","header-main-stick-meta":"","header-below-stick-meta":"","astra-migrate-meta-layouts":"set","ast-page-background-enabled":"default","ast-page-background-meta":{"desktop":{"background-color":"","background-image":"","background-repeat":"repeat","background-position":"center center","background-size":"auto","background-attachment":"scroll","background-type":"","background-media":"","overlay-type":"","overlay-color":"","overlay-opacity":"","overlay-gradient":""},"tablet":{"background-color":"","background-image":"","background-repeat":"repeat","background-position":"center center","background-size":"auto","background-attachment":"scroll","background-type":"","background-media":"","overlay-type":"","overlay-color":"","overlay-opacity":"","overlay-gradient":""},"mobile":{"background-color":"","background-image":"","background-repeat":"repeat","background-position":"center center","background-size":"auto","background-attachment":"scroll","background-type":"","background-media":"","overlay-type":"","overlay-color":"","overlay-opacity":"","overlay-gradient":""}},"ast-content-background-meta":{"desktop":{"background-color":"var(--ast-global-color-4)","background-image":"","background-repeat":"repeat","background-position":"center center","background-size":"auto","background-attachment":"scroll","background-type":"","background-media":"","overlay-type":"","overlay-color":"","overlay-opacity":"","overlay-gradient":""},"tablet":{"background-color":"var(--ast-global-color-4)","background-image":"","background-repeat":"repeat","background-position":"center center","background-size":"auto","background-attachment":"scroll","background-type":"","background-media":"","overlay-type":"","overlay-color":"","overlay-opacity":"","overlay-gradient":""},"mobile":{"background-color":"var(--ast-global-color-4)","background-image":"","background-repeat":"repeat","background-position":"center center","background-size":"auto","background-attachment":"scroll","background-type":"","background-media":"","overlay-type":"","overlay-color":"","overlay-opacity":"","overlay-gradient":""}}},"product_brand":[],"product_cat":[484],"product_tag":[],"class_list":{"0":"post-8047","1":"product","2":"type-product","3":"status-publish","4":"has-post-thumbnail","6":"product_cat-drasiuju-keliai","7":"desktop-align-left","8":"tablet-align-left","9":"mobile-align-left","11":"first","12":"instock","13":"shipping-taxable","14":"purchasable","15":"product-type-simple"},"acf":[],"yoast_head":"<!-- This site is optimized with the Yoast SEO plugin v27.4 - https:\/\/yoast.com\/product\/yoast-seo-wordpress\/ -->\n<title>G. Golubevas \u201eAuksinio elnio p\u0117dsakais\u201c (Nr. 108) - Skaitytaknyga<\/title>\n<meta name=\"description\" content=\"Rus\u0173 sovietinio ra\u0161ytojo Glebo Golubevo (1926-1989), nuotykin\u0117s ir detektyvin\u0117s literat\u016bros metro nuotyki\u0173 apysaka &#039;&#039;Auksinio elnio p\u0117dsakais&#039;&#039; priklauso\" \/>\n<meta name=\"robots\" content=\"index, follow, max-snippet:-1, max-image-preview:large, max-video-preview:-1\" \/>\n<link rel=\"canonical\" href=\"https:\/\/skaitytaknyga.lt\/en\/produktas\/g-golubevas-auksinio-elnio-pedsakais-nr-108-2\/\" \/>\n<meta property=\"og:locale\" content=\"en_GB\" \/>\n<meta property=\"og:locale:alternate\" content=\"lt_LT\" \/>\n<meta property=\"og:type\" content=\"article\" \/>\n<meta property=\"og:title\" content=\"G. Golubevas \u201eAuksinio elnio p\u0117dsakais\u201c (Nr. 108) - Skaitytaknyga\" \/>\n<meta property=\"og:description\" content=\"Rus\u0173 sovietinio ra\u0161ytojo Glebo Golubevo (1926-1989), nuotykin\u0117s ir detektyvin\u0117s literat\u016bros metro nuotyki\u0173 apysaka &#039;&#039;Auksinio elnio p\u0117dsakais&#039;&#039; priklauso\" \/>\n<meta property=\"og:url\" content=\"https:\/\/skaitytaknyga.lt\/en\/produktas\/g-golubevas-auksinio-elnio-pedsakais-nr-108-2\/\" \/>\n<meta property=\"og:site_name\" content=\"Skaitytaknyga\" \/>\n<meta property=\"article:publisher\" content=\"https:\/\/www.facebook.com\/skaitytaknyga\/\" \/>\n<meta property=\"article:modified_time\" content=\"2025-11-08T13:48:58+00:00\" \/>\n<meta property=\"og:image\" content=\"https:\/\/skaitytaknyga.lt\/wp-content\/uploads\/2024\/04\/unnamed-2-5-e1608999925578.jpg\" \/>\n\t<meta property=\"og:image:width\" content=\"320\" \/>\n\t<meta property=\"og:image:height\" content=\"512\" \/>\n\t<meta property=\"og:image:type\" content=\"image\/jpeg\" \/>\n<meta name=\"twitter:card\" content=\"summary_large_image\" \/>\n<script type=\"application\/ld+json\" class=\"yoast-schema-graph\">{\"@context\":\"https:\\\/\\\/schema.org\",\"@graph\":[{\"@type\":\"WebPage\",\"@id\":\"https:\\\/\\\/skaitytaknyga.lt\\\/produktas\\\/g-golubevas-auksinio-elnio-pedsakais-nr-108-2\\\/\",\"url\":\"https:\\\/\\\/skaitytaknyga.lt\\\/produktas\\\/g-golubevas-auksinio-elnio-pedsakais-nr-108-2\\\/\",\"name\":\"G. Golubevas \u201eAuksinio elnio p\u0117dsakais\u201c (Nr. 108) - Skaitytaknyga\",\"isPartOf\":{\"@id\":\"https:\\\/\\\/skaitytaknyga.lt\\\/#website\"},\"primaryImageOfPage\":{\"@id\":\"https:\\\/\\\/skaitytaknyga.lt\\\/produktas\\\/g-golubevas-auksinio-elnio-pedsakais-nr-108-2\\\/#primaryimage\"},\"image\":{\"@id\":\"https:\\\/\\\/skaitytaknyga.lt\\\/produktas\\\/g-golubevas-auksinio-elnio-pedsakais-nr-108-2\\\/#primaryimage\"},\"thumbnailUrl\":\"https:\\\/\\\/skaitytaknyga.lt\\\/wp-content\\\/uploads\\\/2024\\\/04\\\/unnamed-2-5-e1608999925578.jpg\",\"datePublished\":\"2024-05-04T14:39:22+00:00\",\"dateModified\":\"2025-11-08T13:48:58+00:00\",\"description\":\"Rus\u0173 sovietinio ra\u0161ytojo Glebo Golubevo (1926-1989), nuotykin\u0117s ir detektyvin\u0117s literat\u016bros metro nuotyki\u0173 apysaka ''Auksinio elnio p\u0117dsakais'' priklauso\",\"breadcrumb\":{\"@id\":\"https:\\\/\\\/skaitytaknyga.lt\\\/produktas\\\/g-golubevas-auksinio-elnio-pedsakais-nr-108-2\\\/#breadcrumb\"},\"inLanguage\":\"en-GB\",\"potentialAction\":[{\"@type\":\"ReadAction\",\"target\":[\"https:\\\/\\\/skaitytaknyga.lt\\\/produktas\\\/g-golubevas-auksinio-elnio-pedsakais-nr-108-2\\\/\"]}]},{\"@type\":\"ImageObject\",\"inLanguage\":\"en-GB\",\"@id\":\"https:\\\/\\\/skaitytaknyga.lt\\\/produktas\\\/g-golubevas-auksinio-elnio-pedsakais-nr-108-2\\\/#primaryimage\",\"url\":\"https:\\\/\\\/skaitytaknyga.lt\\\/wp-content\\\/uploads\\\/2024\\\/04\\\/unnamed-2-5-e1608999925578.jpg\",\"contentUrl\":\"https:\\\/\\\/skaitytaknyga.lt\\\/wp-content\\\/uploads\\\/2024\\\/04\\\/unnamed-2-5-e1608999925578.jpg\",\"width\":320,\"height\":512,\"caption\":\"unnamed 2 5 e1608999925578\"},{\"@type\":\"BreadcrumbList\",\"@id\":\"https:\\\/\\\/skaitytaknyga.lt\\\/produktas\\\/g-golubevas-auksinio-elnio-pedsakais-nr-108-2\\\/#breadcrumb\",\"itemListElement\":[{\"@type\":\"ListItem\",\"position\":1,\"name\":\"Home\",\"item\":\"https:\\\/\\\/skaitytaknyga.lt\\\/\"},{\"@type\":\"ListItem\",\"position\":2,\"name\":\"Parduotuv\u0117\",\"item\":\"https:\\\/\\\/skaitytaknyga.lt\\\/knygu-parduotuve\\\/\"},{\"@type\":\"ListItem\",\"position\":3,\"name\":\"G. Golubevas \u201eAuksinio elnio p\u0117dsakais\u201c (Nr. 108)\"}]},{\"@type\":\"WebSite\",\"@id\":\"https:\\\/\\\/skaitytaknyga.lt\\\/#website\",\"url\":\"https:\\\/\\\/skaitytaknyga.lt\\\/\",\"name\":\"skaitytaknyga.lt\",\"description\":\"Skaitytaknyga.lt \u2013 tai ma\u017eas \u0161eimos verslas, kuris prasid\u0117jo nuo meil\u0117s knygoms ir siekio i\u0161gelb\u0117ti knygas nuo likimo prie konteinerio. Kas vienam nereikalingas daiktas \u2013 kitam lobis, o mes esame tarpininkai, kurie padeda abiems tapti laimingesniems ???? \u017dinome kaip nelengva i\u0161gyventi ma\u017eiems verslams, tad nuo \u0161iol, \u010dia rasite ir kit\u0173, ma\u017e\u0173 \u0161eim\u0173 versl\u0173, rank\u0173 darbo, dovan\u0173 sau ir artimiesiems.\",\"publisher\":{\"@id\":\"https:\\\/\\\/skaitytaknyga.lt\\\/#organization\"},\"potentialAction\":[{\"@type\":\"SearchAction\",\"target\":{\"@type\":\"EntryPoint\",\"urlTemplate\":\"https:\\\/\\\/skaitytaknyga.lt\\\/?s={search_term_string}\"},\"query-input\":{\"@type\":\"PropertyValueSpecification\",\"valueRequired\":true,\"valueName\":\"search_term_string\"}}],\"inLanguage\":\"en-GB\"},{\"@type\":\"Organization\",\"@id\":\"https:\\\/\\\/skaitytaknyga.lt\\\/#organization\",\"name\":\"skaitytaknyga.lt\",\"url\":\"https:\\\/\\\/skaitytaknyga.lt\\\/\",\"logo\":{\"@type\":\"ImageObject\",\"inLanguage\":\"en-GB\",\"@id\":\"https:\\\/\\\/skaitytaknyga.lt\\\/#\\\/schema\\\/logo\\\/image\\\/\",\"url\":\"https:\\\/\\\/skaitytaknyga.lt\\\/wp-content\\\/uploads\\\/2024\\\/05\\\/cropped-cropped-cropped-02_00843_jt3bggkj1j3HLc7SyY6rEUpg.jpeg\",\"contentUrl\":\"https:\\\/\\\/skaitytaknyga.lt\\\/wp-content\\\/uploads\\\/2024\\\/05\\\/cropped-cropped-cropped-02_00843_jt3bggkj1j3HLc7SyY6rEUpg.jpeg\",\"width\":1600,\"height\":1600,\"caption\":\"skaitytaknyga.lt\"},\"image\":{\"@id\":\"https:\\\/\\\/skaitytaknyga.lt\\\/#\\\/schema\\\/logo\\\/image\\\/\"},\"sameAs\":[\"https:\\\/\\\/www.facebook.com\\\/skaitytaknyga\\\/\"]}]}<\/script>\n<!-- \/ Yoast SEO plugin. -->","yoast_head_json":{"title":"G. Golubevas \u201eAuksinio elnio p\u0117dsakais\u201c (Nr. 108) - Skaitytaknyga","description":"Rus\u0173 sovietinio ra\u0161ytojo Glebo Golubevo (1926-1989), nuotykin\u0117s ir detektyvin\u0117s literat\u016bros metro nuotyki\u0173 apysaka ''Auksinio elnio p\u0117dsakais'' priklauso","robots":{"index":"index","follow":"follow","max-snippet":"max-snippet:-1","max-image-preview":"max-image-preview:large","max-video-preview":"max-video-preview:-1"},"canonical":"https:\/\/skaitytaknyga.lt\/en\/produktas\/g-golubevas-auksinio-elnio-pedsakais-nr-108-2\/","og_locale":"en_GB","og_type":"article","og_title":"G. Golubevas \u201eAuksinio elnio p\u0117dsakais\u201c (Nr. 108) - Skaitytaknyga","og_description":"Rus\u0173 sovietinio ra\u0161ytojo Glebo Golubevo (1926-1989), nuotykin\u0117s ir detektyvin\u0117s literat\u016bros metro nuotyki\u0173 apysaka ''Auksinio elnio p\u0117dsakais'' priklauso","og_url":"https:\/\/skaitytaknyga.lt\/en\/produktas\/g-golubevas-auksinio-elnio-pedsakais-nr-108-2\/","og_site_name":"Skaitytaknyga","article_publisher":"https:\/\/www.facebook.com\/skaitytaknyga\/","article_modified_time":"2025-11-08T13:48:58+00:00","og_image":[{"width":320,"height":512,"url":"https:\/\/skaitytaknyga.lt\/wp-content\/uploads\/2024\/04\/unnamed-2-5-e1608999925578.jpg","type":"image\/jpeg"}],"twitter_card":"summary_large_image","schema":{"@context":"https:\/\/schema.org","@graph":[{"@type":"WebPage","@id":"https:\/\/skaitytaknyga.lt\/produktas\/g-golubevas-auksinio-elnio-pedsakais-nr-108-2\/","url":"https:\/\/skaitytaknyga.lt\/produktas\/g-golubevas-auksinio-elnio-pedsakais-nr-108-2\/","name":"G. Golubevas \u201eAuksinio elnio p\u0117dsakais\u201c (Nr. 108) - Skaitytaknyga","isPartOf":{"@id":"https:\/\/skaitytaknyga.lt\/#website"},"primaryImageOfPage":{"@id":"https:\/\/skaitytaknyga.lt\/produktas\/g-golubevas-auksinio-elnio-pedsakais-nr-108-2\/#primaryimage"},"image":{"@id":"https:\/\/skaitytaknyga.lt\/produktas\/g-golubevas-auksinio-elnio-pedsakais-nr-108-2\/#primaryimage"},"thumbnailUrl":"https:\/\/skaitytaknyga.lt\/wp-content\/uploads\/2024\/04\/unnamed-2-5-e1608999925578.jpg","datePublished":"2024-05-04T14:39:22+00:00","dateModified":"2025-11-08T13:48:58+00:00","description":"Rus\u0173 sovietinio ra\u0161ytojo Glebo Golubevo (1926-1989), nuotykin\u0117s ir detektyvin\u0117s literat\u016bros metro nuotyki\u0173 apysaka ''Auksinio elnio p\u0117dsakais'' priklauso","breadcrumb":{"@id":"https:\/\/skaitytaknyga.lt\/produktas\/g-golubevas-auksinio-elnio-pedsakais-nr-108-2\/#breadcrumb"},"inLanguage":"en-GB","potentialAction":[{"@type":"ReadAction","target":["https:\/\/skaitytaknyga.lt\/produktas\/g-golubevas-auksinio-elnio-pedsakais-nr-108-2\/"]}]},{"@type":"ImageObject","inLanguage":"en-GB","@id":"https:\/\/skaitytaknyga.lt\/produktas\/g-golubevas-auksinio-elnio-pedsakais-nr-108-2\/#primaryimage","url":"https:\/\/skaitytaknyga.lt\/wp-content\/uploads\/2024\/04\/unnamed-2-5-e1608999925578.jpg","contentUrl":"https:\/\/skaitytaknyga.lt\/wp-content\/uploads\/2024\/04\/unnamed-2-5-e1608999925578.jpg","width":320,"height":512,"caption":"unnamed 2 5 e1608999925578"},{"@type":"BreadcrumbList","@id":"https:\/\/skaitytaknyga.lt\/produktas\/g-golubevas-auksinio-elnio-pedsakais-nr-108-2\/#breadcrumb","itemListElement":[{"@type":"ListItem","position":1,"name":"Home","item":"https:\/\/skaitytaknyga.lt\/"},{"@type":"ListItem","position":2,"name":"Parduotuv\u0117","item":"https:\/\/skaitytaknyga.lt\/knygu-parduotuve\/"},{"@type":"ListItem","position":3,"name":"G. Golubevas \u201eAuksinio elnio p\u0117dsakais\u201c (Nr. 108)"}]},{"@type":"WebSite","@id":"https:\/\/skaitytaknyga.lt\/#website","url":"https:\/\/skaitytaknyga.lt\/","name":"skaitytaknyga.lt","description":"Skaitytaknyga.lt \u2013 tai ma\u017eas \u0161eimos verslas, kuris prasid\u0117jo nuo meil\u0117s knygoms ir siekio i\u0161gelb\u0117ti knygas nuo likimo prie konteinerio. Kas vienam nereikalingas daiktas \u2013 kitam lobis, o mes esame tarpininkai, kurie padeda abiems tapti laimingesniems ???? \u017dinome kaip nelengva i\u0161gyventi ma\u017eiems verslams, tad nuo \u0161iol, \u010dia rasite ir kit\u0173, ma\u017e\u0173 \u0161eim\u0173 versl\u0173, rank\u0173 darbo, dovan\u0173 sau ir artimiesiems.","publisher":{"@id":"https:\/\/skaitytaknyga.lt\/#organization"},"potentialAction":[{"@type":"SearchAction","target":{"@type":"EntryPoint","urlTemplate":"https:\/\/skaitytaknyga.lt\/?s={search_term_string}"},"query-input":{"@type":"PropertyValueSpecification","valueRequired":true,"valueName":"search_term_string"}}],"inLanguage":"en-GB"},{"@type":"Organization","@id":"https:\/\/skaitytaknyga.lt\/#organization","name":"skaitytaknyga.lt","url":"https:\/\/skaitytaknyga.lt\/","logo":{"@type":"ImageObject","inLanguage":"en-GB","@id":"https:\/\/skaitytaknyga.lt\/#\/schema\/logo\/image\/","url":"https:\/\/skaitytaknyga.lt\/wp-content\/uploads\/2024\/05\/cropped-cropped-cropped-02_00843_jt3bggkj1j3HLc7SyY6rEUpg.jpeg","contentUrl":"https:\/\/skaitytaknyga.lt\/wp-content\/uploads\/2024\/05\/cropped-cropped-cropped-02_00843_jt3bggkj1j3HLc7SyY6rEUpg.jpeg","width":1600,"height":1600,"caption":"skaitytaknyga.lt"},"image":{"@id":"https:\/\/skaitytaknyga.lt\/#\/schema\/logo\/image\/"},"sameAs":["https:\/\/www.facebook.com\/skaitytaknyga\/"]}]}},"_links":{"self":[{"href":"https:\/\/skaitytaknyga.lt\/en\/wp-json\/wp\/v2\/product\/8047","targetHints":{"allow":["GET"]}}],"collection":[{"href":"https:\/\/skaitytaknyga.lt\/en\/wp-json\/wp\/v2\/product"}],"about":[{"href":"https:\/\/skaitytaknyga.lt\/en\/wp-json\/wp\/v2\/types\/product"}],"replies":[{"embeddable":true,"href":"https:\/\/skaitytaknyga.lt\/en\/wp-json\/wp\/v2\/comments?post=8047"}],"wp:featuredmedia":[{"embeddable":true,"href":"https:\/\/skaitytaknyga.lt\/en\/wp-json\/wp\/v2\/media\/3791"}],"wp:attachment":[{"href":"https:\/\/skaitytaknyga.lt\/en\/wp-json\/wp\/v2\/media?parent=8047"}],"wp:term":[{"taxonomy":"product_brand","embeddable":true,"href":"https:\/\/skaitytaknyga.lt\/en\/wp-json\/wp\/v2\/product_brand?post=8047"},{"taxonomy":"product_cat","embeddable":true,"href":"https:\/\/skaitytaknyga.lt\/en\/wp-json\/wp\/v2\/product_cat?post=8047"},{"taxonomy":"product_tag","embeddable":true,"href":"https:\/\/skaitytaknyga.lt\/en\/wp-json\/wp\/v2\/product_tag?post=8047"}],"curies":[{"name":"wp","href":"https:\/\/api.w.org\/{rel}","templated":true}]}}