{"id":8045,"date":"2024-05-04T14:39:22","date_gmt":"2024-05-04T14:39:22","guid":{"rendered":"https:\/\/skaitytaknyga.lt\/?post_type=product&#038;p=8045"},"modified":"2025-11-08T15:48:58","modified_gmt":"2025-11-08T13:48:58","slug":"janusas-psimanovskis-keturi-tankistai-ir-suo","status":"publish","type":"product","link":"https:\/\/skaitytaknyga.lt\/en\/produktas\/janusas-psimanovskis-keturi-tankistai-ir-suo\/","title":{"rendered":"Janu\u0161as P\u0161imanovskis \u201eKeturi tankistai ir \u0161uo\u201c"},"content":{"rendered":"<p>Istorija su lengvu humoru pasakoja apie nelengv\u0105 dali\u0105 tanikst\u0173, Antrojo Pasaulinio karo metu&#8230; Pilnas humoro ir ne\u012ftik\u0117tin\u0173 nuotyki\u0173 romanas abejing\u0173 nepaliks.<\/p>\n<p>Suformuoti Lenk\u0173 \u012fgulos tankai \u201eR\u016bdos\u201c u\u017esiima karin\u0117mis operacijomis i\u0161laisvinti Lenkij\u0105 ir kitas Europos \u0161alis i\u0161 naci\u0173 teritorijos. Draugyst\u0117, nuotykiai, lengvas humoras, romanti\u0161ka meil\u0117 ir labai protingas bei i\u0161tikimas \u0160uo \u0160arikas..<\/p>\n","protected":false},"excerpt":{"rendered":"<p>Istorija su lengvu humoru pasakoja apie nelengv\u0105 dali\u0105 tanikst\u0173, Antrojo Pasaulinio karo metu&#8230; Pilnas humoro ir ne\u012ftik\u0117tin\u0173 nuotyki\u0173 romanas abejing\u0173 nepaliks.<\/p>\n<p>Suformuoti Lenk\u0173 \u012fgulos tankai \u201eR\u016bdos\u201c u\u017esiima karin\u0117mis operacijomis i\u0161laisvinti Lenkij\u0105 ir kitas Europos \u0161alis i\u0161 naci\u0173 teritorijos. Draugyst\u0117, nuotykiai, lengvas humoras, romanti\u0161ka meil\u0117 ir labai protingas bei i\u0161tikimas \u0160uo \u0160arikas..<\/p>\n","protected":false},"featured_media":3789,"comment_status":"closed","ping_status":"closed","template":"","meta":{"_acf_changed":false,"site-sidebar-layout":"default","site-content-layout":"","ast-site-content-layout":"default","site-content-style":"default","site-sidebar-style":"default","ast-global-header-display":"","ast-banner-title-visibility":"","ast-main-header-display":"","ast-hfb-above-header-display":"","ast-hfb-below-header-display":"","ast-hfb-mobile-header-display":"","site-post-title":"","ast-breadcrumbs-content":"","ast-featured-img":"","footer-sml-layout":"","ast-disable-related-posts":"","theme-transparent-header-meta":"","adv-header-id-meta":"","stick-header-meta":"","header-above-stick-meta":"","header-main-stick-meta":"","header-below-stick-meta":"","astra-migrate-meta-layouts":"default","ast-page-background-enabled":"default","ast-page-background-meta":{"desktop":{"background-color":"","background-image":"","background-repeat":"repeat","background-position":"center center","background-size":"auto","background-attachment":"scroll","background-type":"","background-media":"","overlay-type":"","overlay-color":"","overlay-opacity":"","overlay-gradient":""},"tablet":{"background-color":"","background-image":"","background-repeat":"repeat","background-position":"center center","background-size":"auto","background-attachment":"scroll","background-type":"","background-media":"","overlay-type":"","overlay-color":"","overlay-opacity":"","overlay-gradient":""},"mobile":{"background-color":"","background-image":"","background-repeat":"repeat","background-position":"center center","background-size":"auto","background-attachment":"scroll","background-type":"","background-media":"","overlay-type":"","overlay-color":"","overlay-opacity":"","overlay-gradient":""}},"ast-content-background-meta":{"desktop":{"background-color":"var(--ast-global-color-4)","background-image":"","background-repeat":"repeat","background-position":"center center","background-size":"auto","background-attachment":"scroll","background-type":"","background-media":"","overlay-type":"","overlay-color":"","overlay-opacity":"","overlay-gradient":""},"tablet":{"background-color":"var(--ast-global-color-4)","background-image":"","background-repeat":"repeat","background-position":"center center","background-size":"auto","background-attachment":"scroll","background-type":"","background-media":"","overlay-type":"","overlay-color":"","overlay-opacity":"","overlay-gradient":""},"mobile":{"background-color":"var(--ast-global-color-4)","background-image":"","background-repeat":"repeat","background-position":"center center","background-size":"auto","background-attachment":"scroll","background-type":"","background-media":"","overlay-type":"","overlay-color":"","overlay-opacity":"","overlay-gradient":""}}},"product_brand":[],"product_cat":[484,28],"product_tag":[1346],"class_list":{"0":"post-8045","1":"product","2":"type-product","3":"status-publish","4":"has-post-thumbnail","6":"product_cat-drasiuju-keliai","7":"product_cat-klasika","8":"product_tag-janusas-psimanovskis","9":"desktop-align-left","10":"tablet-align-left","11":"mobile-align-left","13":"first","14":"outofstock","15":"shipping-taxable","16":"purchasable","17":"product-type-simple"},"acf":[],"yoast_head":"<!-- This site is optimized with the Yoast SEO plugin v27.4 - https:\/\/yoast.com\/product\/yoast-seo-wordpress\/ -->\n<title>Janu\u0161as P\u0161imanovskis \u201eKeturi tankistai ir \u0161uo\u201c<\/title>\n<meta name=\"description\" content=\"Istorija su lengvu humoru pasakoja apie nelengv\u0105 dali\u0105 tanikst\u0173, Antrojo Pasaulinio karo metu... Pilnas humoro ir ne\u012ftik\u0117tin\u0173 nuotyki\u0173 romanas abejing\u0173 nepaliks.  Suformuoti Lenk\u0173 \u012fgulos tankai \u201eR\u016bdos\u201c u\u017esiima karin\u0117mis operacijomis i\u0161laisvinti Lenkij\u0105 ir kitas Europos \u0161alis i\u0161 naci\u0173 teritorijos. Draugyst\u0117, nuotykiai, lengvas humoras, romanti\u0161ka meil\u0117 ir labai protingas bei i\u0161tikimas \u0160uo \u0160arikas..\" \/>\n<meta name=\"robots\" content=\"index, follow, max-snippet:-1, max-image-preview:large, max-video-preview:-1\" \/>\n<link rel=\"canonical\" href=\"https:\/\/skaitytaknyga.lt\/en\/produktas\/janusas-psimanovskis-keturi-tankistai-ir-suo\/\" \/>\n<meta property=\"og:locale\" content=\"en_GB\" \/>\n<meta property=\"og:locale:alternate\" content=\"lt_LT\" \/>\n<meta property=\"og:type\" content=\"article\" \/>\n<meta property=\"og:title\" content=\"Janu\u0161as P\u0161imanovskis \u201eKeturi tankistai ir \u0161uo\u201c\" \/>\n<meta property=\"og:description\" content=\"Istorija su lengvu humoru pasakoja apie nelengv\u0105 dali\u0105 tanikst\u0173, Antrojo Pasaulinio karo metu... Pilnas humoro ir ne\u012ftik\u0117tin\u0173 nuotyki\u0173 romanas abejing\u0173 nepaliks.  Suformuoti Lenk\u0173 \u012fgulos tankai \u201eR\u016bdos\u201c u\u017esiima karin\u0117mis operacijomis i\u0161laisvinti Lenkij\u0105 ir kitas Europos \u0161alis i\u0161 naci\u0173 teritorijos. Draugyst\u0117, nuotykiai, lengvas humoras, romanti\u0161ka meil\u0117 ir labai protingas bei i\u0161tikimas \u0160uo \u0160arikas..\" \/>\n<meta property=\"og:url\" content=\"https:\/\/skaitytaknyga.lt\/en\/produktas\/janusas-psimanovskis-keturi-tankistai-ir-suo\/\" \/>\n<meta property=\"og:site_name\" content=\"Skaitytaknyga\" \/>\n<meta property=\"article:publisher\" content=\"https:\/\/www.facebook.com\/skaitytaknyga\/\" \/>\n<meta property=\"article:modified_time\" content=\"2025-11-08T13:48:58+00:00\" \/>\n<meta property=\"og:image\" content=\"https:\/\/skaitytaknyga.lt\/wp-content\/uploads\/2024\/04\/1462881232_img0013.jpg\" \/>\n\t<meta property=\"og:image:width\" content=\"272\" \/>\n\t<meta property=\"og:image:height\" content=\"430\" \/>\n\t<meta property=\"og:image:type\" content=\"image\/jpeg\" \/>\n<meta name=\"twitter:card\" content=\"summary_large_image\" \/>\n<script type=\"application\/ld+json\" class=\"yoast-schema-graph\">{\"@context\":\"https:\\\/\\\/schema.org\",\"@graph\":[{\"@type\":\"WebPage\",\"@id\":\"https:\\\/\\\/skaitytaknyga.lt\\\/produktas\\\/janusas-psimanovskis-keturi-tankistai-ir-suo\\\/\",\"url\":\"https:\\\/\\\/skaitytaknyga.lt\\\/produktas\\\/janusas-psimanovskis-keturi-tankistai-ir-suo\\\/\",\"name\":\"Janu\u0161as P\u0161imanovskis \u201eKeturi tankistai ir \u0161uo\u201c\",\"isPartOf\":{\"@id\":\"https:\\\/\\\/skaitytaknyga.lt\\\/#website\"},\"primaryImageOfPage\":{\"@id\":\"https:\\\/\\\/skaitytaknyga.lt\\\/produktas\\\/janusas-psimanovskis-keturi-tankistai-ir-suo\\\/#primaryimage\"},\"image\":{\"@id\":\"https:\\\/\\\/skaitytaknyga.lt\\\/produktas\\\/janusas-psimanovskis-keturi-tankistai-ir-suo\\\/#primaryimage\"},\"thumbnailUrl\":\"https:\\\/\\\/skaitytaknyga.lt\\\/wp-content\\\/uploads\\\/2024\\\/04\\\/1462881232_img0013.jpg\",\"datePublished\":\"2024-05-04T14:39:22+00:00\",\"dateModified\":\"2025-11-08T13:48:58+00:00\",\"description\":\"Istorija su lengvu humoru pasakoja apie nelengv\u0105 dali\u0105 tanikst\u0173, Antrojo Pasaulinio karo metu... Pilnas humoro ir ne\u012ftik\u0117tin\u0173 nuotyki\u0173 romanas abejing\u0173 nepaliks. Suformuoti Lenk\u0173 \u012fgulos tankai \u201eR\u016bdos\u201c u\u017esiima karin\u0117mis operacijomis i\u0161laisvinti Lenkij\u0105 ir kitas Europos \u0161alis i\u0161 naci\u0173 teritorijos. Draugyst\u0117, nuotykiai, lengvas humoras, romanti\u0161ka meil\u0117 ir labai protingas bei i\u0161tikimas \u0160uo \u0160arikas..\",\"breadcrumb\":{\"@id\":\"https:\\\/\\\/skaitytaknyga.lt\\\/produktas\\\/janusas-psimanovskis-keturi-tankistai-ir-suo\\\/#breadcrumb\"},\"inLanguage\":\"en-GB\",\"potentialAction\":[{\"@type\":\"ReadAction\",\"target\":[\"https:\\\/\\\/skaitytaknyga.lt\\\/produktas\\\/janusas-psimanovskis-keturi-tankistai-ir-suo\\\/\"]}]},{\"@type\":\"ImageObject\",\"inLanguage\":\"en-GB\",\"@id\":\"https:\\\/\\\/skaitytaknyga.lt\\\/produktas\\\/janusas-psimanovskis-keturi-tankistai-ir-suo\\\/#primaryimage\",\"url\":\"https:\\\/\\\/skaitytaknyga.lt\\\/wp-content\\\/uploads\\\/2024\\\/04\\\/1462881232_img0013.jpg\",\"contentUrl\":\"https:\\\/\\\/skaitytaknyga.lt\\\/wp-content\\\/uploads\\\/2024\\\/04\\\/1462881232_img0013.jpg\",\"width\":272,\"height\":430,\"caption\":\"1462881232 img0013\"},{\"@type\":\"BreadcrumbList\",\"@id\":\"https:\\\/\\\/skaitytaknyga.lt\\\/produktas\\\/janusas-psimanovskis-keturi-tankistai-ir-suo\\\/#breadcrumb\",\"itemListElement\":[{\"@type\":\"ListItem\",\"position\":1,\"name\":\"Home\",\"item\":\"https:\\\/\\\/skaitytaknyga.lt\\\/\"},{\"@type\":\"ListItem\",\"position\":2,\"name\":\"Parduotuv\u0117\",\"item\":\"https:\\\/\\\/skaitytaknyga.lt\\\/knygu-parduotuve\\\/\"},{\"@type\":\"ListItem\",\"position\":3,\"name\":\"Janu\u0161as P\u0161imanovskis \u201eKeturi tankistai ir \u0161uo\u201c\"}]},{\"@type\":\"WebSite\",\"@id\":\"https:\\\/\\\/skaitytaknyga.lt\\\/#website\",\"url\":\"https:\\\/\\\/skaitytaknyga.lt\\\/\",\"name\":\"skaitytaknyga.lt\",\"description\":\"Skaitytaknyga.lt \u2013 tai ma\u017eas \u0161eimos verslas, kuris prasid\u0117jo nuo meil\u0117s knygoms ir siekio i\u0161gelb\u0117ti knygas nuo likimo prie konteinerio. Kas vienam nereikalingas daiktas \u2013 kitam lobis, o mes esame tarpininkai, kurie padeda abiems tapti laimingesniems ???? \u017dinome kaip nelengva i\u0161gyventi ma\u017eiems verslams, tad nuo \u0161iol, \u010dia rasite ir kit\u0173, ma\u017e\u0173 \u0161eim\u0173 versl\u0173, rank\u0173 darbo, dovan\u0173 sau ir artimiesiems.\",\"publisher\":{\"@id\":\"https:\\\/\\\/skaitytaknyga.lt\\\/#organization\"},\"potentialAction\":[{\"@type\":\"SearchAction\",\"target\":{\"@type\":\"EntryPoint\",\"urlTemplate\":\"https:\\\/\\\/skaitytaknyga.lt\\\/?s={search_term_string}\"},\"query-input\":{\"@type\":\"PropertyValueSpecification\",\"valueRequired\":true,\"valueName\":\"search_term_string\"}}],\"inLanguage\":\"en-GB\"},{\"@type\":\"Organization\",\"@id\":\"https:\\\/\\\/skaitytaknyga.lt\\\/#organization\",\"name\":\"skaitytaknyga.lt\",\"url\":\"https:\\\/\\\/skaitytaknyga.lt\\\/\",\"logo\":{\"@type\":\"ImageObject\",\"inLanguage\":\"en-GB\",\"@id\":\"https:\\\/\\\/skaitytaknyga.lt\\\/#\\\/schema\\\/logo\\\/image\\\/\",\"url\":\"https:\\\/\\\/skaitytaknyga.lt\\\/wp-content\\\/uploads\\\/2024\\\/05\\\/cropped-cropped-cropped-02_00843_jt3bggkj1j3HLc7SyY6rEUpg.jpeg\",\"contentUrl\":\"https:\\\/\\\/skaitytaknyga.lt\\\/wp-content\\\/uploads\\\/2024\\\/05\\\/cropped-cropped-cropped-02_00843_jt3bggkj1j3HLc7SyY6rEUpg.jpeg\",\"width\":1600,\"height\":1600,\"caption\":\"skaitytaknyga.lt\"},\"image\":{\"@id\":\"https:\\\/\\\/skaitytaknyga.lt\\\/#\\\/schema\\\/logo\\\/image\\\/\"},\"sameAs\":[\"https:\\\/\\\/www.facebook.com\\\/skaitytaknyga\\\/\"]}]}<\/script>\n<!-- \/ Yoast SEO plugin. -->","yoast_head_json":{"title":"Janu\u0161as P\u0161imanovskis \u201eKeturi tankistai ir \u0161uo\u201c","description":"Istorija su lengvu humoru pasakoja apie nelengv\u0105 dali\u0105 tanikst\u0173, Antrojo Pasaulinio karo metu... Pilnas humoro ir ne\u012ftik\u0117tin\u0173 nuotyki\u0173 romanas abejing\u0173 nepaliks.  Suformuoti Lenk\u0173 \u012fgulos tankai \u201eR\u016bdos\u201c u\u017esiima karin\u0117mis operacijomis i\u0161laisvinti Lenkij\u0105 ir kitas Europos \u0161alis i\u0161 naci\u0173 teritorijos. Draugyst\u0117, nuotykiai, lengvas humoras, romanti\u0161ka meil\u0117 ir labai protingas bei i\u0161tikimas \u0160uo \u0160arikas..","robots":{"index":"index","follow":"follow","max-snippet":"max-snippet:-1","max-image-preview":"max-image-preview:large","max-video-preview":"max-video-preview:-1"},"canonical":"https:\/\/skaitytaknyga.lt\/en\/produktas\/janusas-psimanovskis-keturi-tankistai-ir-suo\/","og_locale":"en_GB","og_type":"article","og_title":"[:lt]Janu\u0161as P\u0161imanovskis \u201eKeturi tankistai ir \u0161uo\u201c[:] - Skaitytaknyga","og_description":"Istorija su lengvu humoru pasakoja apie nelengv\u0105 dali\u0105 tanikst\u0173, Antrojo Pasaulinio karo metu... Pilnas humoro ir ne\u012ftik\u0117tin\u0173 nuotyki\u0173 romanas abejing\u0173 nepaliks.  Suformuoti Lenk\u0173 \u012fgulos tankai \u201eR\u016bdos\u201c u\u017esiima karin\u0117mis operacijomis i\u0161laisvinti Lenkij\u0105 ir kitas Europos \u0161alis i\u0161 naci\u0173 teritorijos. Draugyst\u0117, nuotykiai, lengvas humoras, romanti\u0161ka meil\u0117 ir labai protingas bei i\u0161tikimas \u0160uo \u0160arikas..","og_url":"https:\/\/skaitytaknyga.lt\/en\/produktas\/janusas-psimanovskis-keturi-tankistai-ir-suo\/","og_site_name":"Skaitytaknyga","article_publisher":"https:\/\/www.facebook.com\/skaitytaknyga\/","article_modified_time":"2025-11-08T13:48:58+00:00","og_image":[{"width":272,"height":430,"url":"https:\/\/skaitytaknyga.lt\/wp-content\/uploads\/2024\/04\/1462881232_img0013.jpg","type":"image\/jpeg"}],"twitter_card":"summary_large_image","schema":{"@context":"https:\/\/schema.org","@graph":[{"@type":"WebPage","@id":"https:\/\/skaitytaknyga.lt\/produktas\/janusas-psimanovskis-keturi-tankistai-ir-suo\/","url":"https:\/\/skaitytaknyga.lt\/produktas\/janusas-psimanovskis-keturi-tankistai-ir-suo\/","name":"Janu\u0161as P\u0161imanovskis \u201eKeturi tankistai ir \u0161uo\u201c","isPartOf":{"@id":"https:\/\/skaitytaknyga.lt\/#website"},"primaryImageOfPage":{"@id":"https:\/\/skaitytaknyga.lt\/produktas\/janusas-psimanovskis-keturi-tankistai-ir-suo\/#primaryimage"},"image":{"@id":"https:\/\/skaitytaknyga.lt\/produktas\/janusas-psimanovskis-keturi-tankistai-ir-suo\/#primaryimage"},"thumbnailUrl":"https:\/\/skaitytaknyga.lt\/wp-content\/uploads\/2024\/04\/1462881232_img0013.jpg","datePublished":"2024-05-04T14:39:22+00:00","dateModified":"2025-11-08T13:48:58+00:00","description":"Istorija su lengvu humoru pasakoja apie nelengv\u0105 dali\u0105 tanikst\u0173, Antrojo Pasaulinio karo metu... Pilnas humoro ir ne\u012ftik\u0117tin\u0173 nuotyki\u0173 romanas abejing\u0173 nepaliks. Suformuoti Lenk\u0173 \u012fgulos tankai \u201eR\u016bdos\u201c u\u017esiima karin\u0117mis operacijomis i\u0161laisvinti Lenkij\u0105 ir kitas Europos \u0161alis i\u0161 naci\u0173 teritorijos. Draugyst\u0117, nuotykiai, lengvas humoras, romanti\u0161ka meil\u0117 ir labai protingas bei i\u0161tikimas \u0160uo \u0160arikas..","breadcrumb":{"@id":"https:\/\/skaitytaknyga.lt\/produktas\/janusas-psimanovskis-keturi-tankistai-ir-suo\/#breadcrumb"},"inLanguage":"en-GB","potentialAction":[{"@type":"ReadAction","target":["https:\/\/skaitytaknyga.lt\/produktas\/janusas-psimanovskis-keturi-tankistai-ir-suo\/"]}]},{"@type":"ImageObject","inLanguage":"en-GB","@id":"https:\/\/skaitytaknyga.lt\/produktas\/janusas-psimanovskis-keturi-tankistai-ir-suo\/#primaryimage","url":"https:\/\/skaitytaknyga.lt\/wp-content\/uploads\/2024\/04\/1462881232_img0013.jpg","contentUrl":"https:\/\/skaitytaknyga.lt\/wp-content\/uploads\/2024\/04\/1462881232_img0013.jpg","width":272,"height":430,"caption":"1462881232 img0013"},{"@type":"BreadcrumbList","@id":"https:\/\/skaitytaknyga.lt\/produktas\/janusas-psimanovskis-keturi-tankistai-ir-suo\/#breadcrumb","itemListElement":[{"@type":"ListItem","position":1,"name":"Home","item":"https:\/\/skaitytaknyga.lt\/"},{"@type":"ListItem","position":2,"name":"Parduotuv\u0117","item":"https:\/\/skaitytaknyga.lt\/knygu-parduotuve\/"},{"@type":"ListItem","position":3,"name":"Janu\u0161as P\u0161imanovskis \u201eKeturi tankistai ir \u0161uo\u201c"}]},{"@type":"WebSite","@id":"https:\/\/skaitytaknyga.lt\/#website","url":"https:\/\/skaitytaknyga.lt\/","name":"skaitytaknyga.lt","description":"Skaitytaknyga.lt \u2013 tai ma\u017eas \u0161eimos verslas, kuris prasid\u0117jo nuo meil\u0117s knygoms ir siekio i\u0161gelb\u0117ti knygas nuo likimo prie konteinerio. Kas vienam nereikalingas daiktas \u2013 kitam lobis, o mes esame tarpininkai, kurie padeda abiems tapti laimingesniems ???? \u017dinome kaip nelengva i\u0161gyventi ma\u017eiems verslams, tad nuo \u0161iol, \u010dia rasite ir kit\u0173, ma\u017e\u0173 \u0161eim\u0173 versl\u0173, rank\u0173 darbo, dovan\u0173 sau ir artimiesiems.","publisher":{"@id":"https:\/\/skaitytaknyga.lt\/#organization"},"potentialAction":[{"@type":"SearchAction","target":{"@type":"EntryPoint","urlTemplate":"https:\/\/skaitytaknyga.lt\/?s={search_term_string}"},"query-input":{"@type":"PropertyValueSpecification","valueRequired":true,"valueName":"search_term_string"}}],"inLanguage":"en-GB"},{"@type":"Organization","@id":"https:\/\/skaitytaknyga.lt\/#organization","name":"skaitytaknyga.lt","url":"https:\/\/skaitytaknyga.lt\/","logo":{"@type":"ImageObject","inLanguage":"en-GB","@id":"https:\/\/skaitytaknyga.lt\/#\/schema\/logo\/image\/","url":"https:\/\/skaitytaknyga.lt\/wp-content\/uploads\/2024\/05\/cropped-cropped-cropped-02_00843_jt3bggkj1j3HLc7SyY6rEUpg.jpeg","contentUrl":"https:\/\/skaitytaknyga.lt\/wp-content\/uploads\/2024\/05\/cropped-cropped-cropped-02_00843_jt3bggkj1j3HLc7SyY6rEUpg.jpeg","width":1600,"height":1600,"caption":"skaitytaknyga.lt"},"image":{"@id":"https:\/\/skaitytaknyga.lt\/#\/schema\/logo\/image\/"},"sameAs":["https:\/\/www.facebook.com\/skaitytaknyga\/"]}]}},"_links":{"self":[{"href":"https:\/\/skaitytaknyga.lt\/en\/wp-json\/wp\/v2\/product\/8045","targetHints":{"allow":["GET"]}}],"collection":[{"href":"https:\/\/skaitytaknyga.lt\/en\/wp-json\/wp\/v2\/product"}],"about":[{"href":"https:\/\/skaitytaknyga.lt\/en\/wp-json\/wp\/v2\/types\/product"}],"replies":[{"embeddable":true,"href":"https:\/\/skaitytaknyga.lt\/en\/wp-json\/wp\/v2\/comments?post=8045"}],"wp:featuredmedia":[{"embeddable":true,"href":"https:\/\/skaitytaknyga.lt\/en\/wp-json\/wp\/v2\/media\/3789"}],"wp:attachment":[{"href":"https:\/\/skaitytaknyga.lt\/en\/wp-json\/wp\/v2\/media?parent=8045"}],"wp:term":[{"taxonomy":"product_brand","embeddable":true,"href":"https:\/\/skaitytaknyga.lt\/en\/wp-json\/wp\/v2\/product_brand?post=8045"},{"taxonomy":"product_cat","embeddable":true,"href":"https:\/\/skaitytaknyga.lt\/en\/wp-json\/wp\/v2\/product_cat?post=8045"},{"taxonomy":"product_tag","embeddable":true,"href":"https:\/\/skaitytaknyga.lt\/en\/wp-json\/wp\/v2\/product_tag?post=8045"}],"curies":[{"name":"wp","href":"https:\/\/api.w.org\/{rel}","templated":true}]}}