{"id":8034,"date":"2024-05-04T17:39:01","date_gmt":"2024-05-04T14:39:01","guid":{"rendered":"https:\/\/skaitytaknyga.lt\/?post_type=product&#038;p=8034"},"modified":"2025-05-03T10:25:20","modified_gmt":"2025-05-03T07:25:20","slug":"m-jokajus-akmenine-sirdis-nr-153-2","status":"publish","type":"product","link":"https:\/\/skaitytaknyga.lt\/en\/produktas\/m-jokajus-akmenine-sirdis-nr-153-2\/","title":{"rendered":"M. Jokajus \u201eAkmenin\u0117 \u0161irdis\u201c (Nr. 153)"},"content":{"rendered":"<p>Moras Jokajus &#8211; vengr\u0173 literat\u016bros klasikas. Vienas i\u0161 stipriausi\u0173 Jokajaus k\u016brini\u0173 &#8211; istorinis romanas &#8220;Akmenin\u0117 \u0161irdis&#8221;. Knygoje vaizduojami 1848 m. Vengrijos revoliucijos \u012fvykiai. Geriausi romano puslapiai &#8211; Vienos apsupties, artilerijos ugnies \u012f Pe\u0161t\u0105 ir m\u016b\u0161i\u0173 prie Budos paveikslai &#8211; yra kartu ir geriausi puslapiai visoje Jokajaus k\u016bryboje.<\/p>\n","protected":false},"excerpt":{"rendered":"<p>Moras Jokajus &#8211; vengr\u0173 literat\u016bros klasikas. Vienas i\u0161 stipriausi\u0173 Jokajaus k\u016brini\u0173 &#8211; istorinis romanas &#8220;Akmenin\u0117 \u0161irdis&#8221;. Knygoje vaizduojami 1848 m. Vengrijos revoliucijos \u012fvykiai. Geriausi romano puslapiai &#8211; Vienos apsupties, artilerijos ugnies \u012f Pe\u0161t\u0105 ir m\u016b\u0161i\u0173 prie Budos paveikslai &#8211; yra kartu ir geriausi puslapiai visoje Jokajaus k\u016bryboje.<\/p>\n","protected":false},"featured_media":3761,"comment_status":"closed","ping_status":"closed","template":"","meta":{"_acf_changed":false,"site-sidebar-layout":"default","site-content-layout":"","ast-site-content-layout":"default","site-content-style":"default","site-sidebar-style":"default","ast-global-header-display":"","ast-banner-title-visibility":"","ast-main-header-display":"","ast-hfb-above-header-display":"","ast-hfb-below-header-display":"","ast-hfb-mobile-header-display":"","site-post-title":"","ast-breadcrumbs-content":"","ast-featured-img":"","footer-sml-layout":"","ast-disable-related-posts":"","theme-transparent-header-meta":"","adv-header-id-meta":"","stick-header-meta":"","header-above-stick-meta":"","header-main-stick-meta":"","header-below-stick-meta":"","astra-migrate-meta-layouts":"default","ast-page-background-enabled":"default","ast-page-background-meta":{"desktop":{"background-color":"","background-image":"","background-repeat":"repeat","background-position":"center center","background-size":"auto","background-attachment":"scroll","background-type":"","background-media":"","overlay-type":"","overlay-color":"","overlay-opacity":"","overlay-gradient":""},"tablet":{"background-color":"","background-image":"","background-repeat":"repeat","background-position":"center center","background-size":"auto","background-attachment":"scroll","background-type":"","background-media":"","overlay-type":"","overlay-color":"","overlay-opacity":"","overlay-gradient":""},"mobile":{"background-color":"","background-image":"","background-repeat":"repeat","background-position":"center center","background-size":"auto","background-attachment":"scroll","background-type":"","background-media":"","overlay-type":"","overlay-color":"","overlay-opacity":"","overlay-gradient":""}},"ast-content-background-meta":{"desktop":{"background-color":"var(--ast-global-color-4)","background-image":"","background-repeat":"repeat","background-position":"center center","background-size":"auto","background-attachment":"scroll","background-type":"","background-media":"","overlay-type":"","overlay-color":"","overlay-opacity":"","overlay-gradient":""},"tablet":{"background-color":"var(--ast-global-color-4)","background-image":"","background-repeat":"repeat","background-position":"center center","background-size":"auto","background-attachment":"scroll","background-type":"","background-media":"","overlay-type":"","overlay-color":"","overlay-opacity":"","overlay-gradient":""},"mobile":{"background-color":"var(--ast-global-color-4)","background-image":"","background-repeat":"repeat","background-position":"center center","background-size":"auto","background-attachment":"scroll","background-type":"","background-media":"","overlay-type":"","overlay-color":"","overlay-opacity":"","overlay-gradient":""}}},"product_brand":[],"product_cat":[484,28],"product_tag":[],"class_list":{"0":"post-8034","1":"product","2":"type-product","3":"status-publish","4":"has-post-thumbnail","6":"product_cat-drasiuju-keliai","7":"product_cat-klasika","8":"desktop-align-left","9":"tablet-align-left","10":"mobile-align-left","12":"first","13":"instock","14":"shipping-taxable","15":"purchasable","16":"product-type-simple"},"acf":[],"yoast_head":"<!-- This site is optimized with the Yoast SEO plugin v27.4 - https:\/\/yoast.com\/product\/yoast-seo-wordpress\/ -->\n<title>M. Jokajus \u201eAkmenin\u0117 \u0161irdis\u201c (Nr. 153)<\/title>\n<meta name=\"description\" content=\"Moras Jokajus - vengr\u0173 literat\u016bros klasikas. Vienas i\u0161 stipriausi\u0173 Jokajaus k\u016brini\u0173 - istorinis romanas &quot;Akmenin\u0117 \u0161irdis&quot;. Knygoje vaizduojami 1848 m. Vengrijos revoliucijos \u012fvykiai. Geriausi romano puslapiai - Vienos apsupties, artilerijos ugnies \u012f Pe\u0161t\u0105 ir m\u016b\u0161i\u0173 prie Budos paveikslai - yra kartu ir geriausi puslapiai visoje Jokajaus k\u016bryboje.\" \/>\n<meta name=\"robots\" content=\"index, follow, max-snippet:-1, max-image-preview:large, max-video-preview:-1\" \/>\n<link rel=\"canonical\" href=\"https:\/\/skaitytaknyga.lt\/en\/produktas\/m-jokajus-akmenine-sirdis-nr-153-2\/\" \/>\n<meta property=\"og:locale\" content=\"en_GB\" \/>\n<meta property=\"og:locale:alternate\" content=\"lt_LT\" \/>\n<meta property=\"og:type\" content=\"article\" \/>\n<meta property=\"og:title\" content=\"M. Jokajus \u201eAkmenin\u0117 \u0161irdis\u201c (Nr. 153)\" \/>\n<meta property=\"og:description\" content=\"Moras Jokajus - vengr\u0173 literat\u016bros klasikas. Vienas i\u0161 stipriausi\u0173 Jokajaus k\u016brini\u0173 - istorinis romanas &quot;Akmenin\u0117 \u0161irdis&quot;. Knygoje vaizduojami 1848 m. Vengrijos revoliucijos \u012fvykiai. Geriausi romano puslapiai - Vienos apsupties, artilerijos ugnies \u012f Pe\u0161t\u0105 ir m\u016b\u0161i\u0173 prie Budos paveikslai - yra kartu ir geriausi puslapiai visoje Jokajaus k\u016bryboje.\" \/>\n<meta property=\"og:url\" content=\"https:\/\/skaitytaknyga.lt\/en\/produktas\/m-jokajus-akmenine-sirdis-nr-153-2\/\" \/>\n<meta property=\"og:site_name\" content=\"Skaitytaknyga\" \/>\n<meta property=\"article:publisher\" content=\"https:\/\/www.facebook.com\/skaitytaknyga\/\" \/>\n<meta property=\"article:modified_time\" content=\"2025-05-03T07:25:20+00:00\" \/>\n<meta property=\"og:image\" content=\"https:\/\/skaitytaknyga.lt\/wp-content\/uploads\/2024\/04\/Jokajus_Moras._A_5215bdd094903.jpg\" \/>\n\t<meta property=\"og:image:width\" content=\"418\" \/>\n\t<meta property=\"og:image:height\" content=\"640\" \/>\n\t<meta property=\"og:image:type\" content=\"image\/jpeg\" \/>\n<meta name=\"twitter:card\" content=\"summary_large_image\" \/>\n<script type=\"application\/ld+json\" class=\"yoast-schema-graph\">{\"@context\":\"https:\\\/\\\/schema.org\",\"@graph\":[{\"@type\":\"WebPage\",\"@id\":\"https:\\\/\\\/skaitytaknyga.lt\\\/produktas\\\/m-jokajus-akmenine-sirdis-nr-153-2\\\/\",\"url\":\"https:\\\/\\\/skaitytaknyga.lt\\\/produktas\\\/m-jokajus-akmenine-sirdis-nr-153-2\\\/\",\"name\":\"M. Jokajus \u201eAkmenin\u0117 \u0161irdis\u201c (Nr. 153)\",\"isPartOf\":{\"@id\":\"https:\\\/\\\/skaitytaknyga.lt\\\/#website\"},\"primaryImageOfPage\":{\"@id\":\"https:\\\/\\\/skaitytaknyga.lt\\\/produktas\\\/m-jokajus-akmenine-sirdis-nr-153-2\\\/#primaryimage\"},\"image\":{\"@id\":\"https:\\\/\\\/skaitytaknyga.lt\\\/produktas\\\/m-jokajus-akmenine-sirdis-nr-153-2\\\/#primaryimage\"},\"thumbnailUrl\":\"https:\\\/\\\/skaitytaknyga.lt\\\/wp-content\\\/uploads\\\/2024\\\/04\\\/Jokajus_Moras._A_5215bdd094903.jpg\",\"datePublished\":\"2024-05-04T14:39:01+00:00\",\"dateModified\":\"2025-05-03T07:25:20+00:00\",\"description\":\"Moras Jokajus - vengr\u0173 literat\u016bros klasikas. Vienas i\u0161 stipriausi\u0173 Jokajaus k\u016brini\u0173 - istorinis romanas \\\"Akmenin\u0117 \u0161irdis\\\". Knygoje vaizduojami 1848 m. Vengrijos revoliucijos \u012fvykiai. Geriausi romano puslapiai - Vienos apsupties, artilerijos ugnies \u012f Pe\u0161t\u0105 ir m\u016b\u0161i\u0173 prie Budos paveikslai - yra kartu ir geriausi puslapiai visoje Jokajaus k\u016bryboje.\",\"breadcrumb\":{\"@id\":\"https:\\\/\\\/skaitytaknyga.lt\\\/produktas\\\/m-jokajus-akmenine-sirdis-nr-153-2\\\/#breadcrumb\"},\"inLanguage\":\"en-GB\",\"potentialAction\":[{\"@type\":\"ReadAction\",\"target\":[\"https:\\\/\\\/skaitytaknyga.lt\\\/produktas\\\/m-jokajus-akmenine-sirdis-nr-153-2\\\/\"]}]},{\"@type\":\"ImageObject\",\"inLanguage\":\"en-GB\",\"@id\":\"https:\\\/\\\/skaitytaknyga.lt\\\/produktas\\\/m-jokajus-akmenine-sirdis-nr-153-2\\\/#primaryimage\",\"url\":\"https:\\\/\\\/skaitytaknyga.lt\\\/wp-content\\\/uploads\\\/2024\\\/04\\\/Jokajus_Moras._A_5215bdd094903.jpg\",\"contentUrl\":\"https:\\\/\\\/skaitytaknyga.lt\\\/wp-content\\\/uploads\\\/2024\\\/04\\\/Jokajus_Moras._A_5215bdd094903.jpg\",\"width\":418,\"height\":640,\"caption\":\"Jokajus Moras. A 5215bdd094903\"},{\"@type\":\"BreadcrumbList\",\"@id\":\"https:\\\/\\\/skaitytaknyga.lt\\\/produktas\\\/m-jokajus-akmenine-sirdis-nr-153-2\\\/#breadcrumb\",\"itemListElement\":[{\"@type\":\"ListItem\",\"position\":1,\"name\":\"Home\",\"item\":\"https:\\\/\\\/skaitytaknyga.lt\\\/\"},{\"@type\":\"ListItem\",\"position\":2,\"name\":\"Parduotuv\u0117\",\"item\":\"https:\\\/\\\/skaitytaknyga.lt\\\/knygu-parduotuve\\\/\"},{\"@type\":\"ListItem\",\"position\":3,\"name\":\"M. Jokajus \u201eAkmenin\u0117 \u0161irdis\u201c (Nr. 153)\"}]},{\"@type\":\"WebSite\",\"@id\":\"https:\\\/\\\/skaitytaknyga.lt\\\/#website\",\"url\":\"https:\\\/\\\/skaitytaknyga.lt\\\/\",\"name\":\"skaitytaknyga.lt\",\"description\":\"Skaitytaknyga.lt \u2013 tai ma\u017eas \u0161eimos verslas, kuris prasid\u0117jo nuo meil\u0117s knygoms ir siekio i\u0161gelb\u0117ti knygas nuo likimo prie konteinerio. Kas vienam nereikalingas daiktas \u2013 kitam lobis, o mes esame tarpininkai, kurie padeda abiems tapti laimingesniems ???? \u017dinome kaip nelengva i\u0161gyventi ma\u017eiems verslams, tad nuo \u0161iol, \u010dia rasite ir kit\u0173, ma\u017e\u0173 \u0161eim\u0173 versl\u0173, rank\u0173 darbo, dovan\u0173 sau ir artimiesiems.\",\"publisher\":{\"@id\":\"https:\\\/\\\/skaitytaknyga.lt\\\/#organization\"},\"potentialAction\":[{\"@type\":\"SearchAction\",\"target\":{\"@type\":\"EntryPoint\",\"urlTemplate\":\"https:\\\/\\\/skaitytaknyga.lt\\\/?s={search_term_string}\"},\"query-input\":{\"@type\":\"PropertyValueSpecification\",\"valueRequired\":true,\"valueName\":\"search_term_string\"}}],\"inLanguage\":\"en-GB\"},{\"@type\":\"Organization\",\"@id\":\"https:\\\/\\\/skaitytaknyga.lt\\\/#organization\",\"name\":\"skaitytaknyga.lt\",\"url\":\"https:\\\/\\\/skaitytaknyga.lt\\\/\",\"logo\":{\"@type\":\"ImageObject\",\"inLanguage\":\"en-GB\",\"@id\":\"https:\\\/\\\/skaitytaknyga.lt\\\/#\\\/schema\\\/logo\\\/image\\\/\",\"url\":\"https:\\\/\\\/skaitytaknyga.lt\\\/wp-content\\\/uploads\\\/2024\\\/05\\\/cropped-cropped-cropped-02_00843_jt3bggkj1j3HLc7SyY6rEUpg.jpeg\",\"contentUrl\":\"https:\\\/\\\/skaitytaknyga.lt\\\/wp-content\\\/uploads\\\/2024\\\/05\\\/cropped-cropped-cropped-02_00843_jt3bggkj1j3HLc7SyY6rEUpg.jpeg\",\"width\":1600,\"height\":1600,\"caption\":\"skaitytaknyga.lt\"},\"image\":{\"@id\":\"https:\\\/\\\/skaitytaknyga.lt\\\/#\\\/schema\\\/logo\\\/image\\\/\"},\"sameAs\":[\"https:\\\/\\\/www.facebook.com\\\/skaitytaknyga\\\/\"]}]}<\/script>\n<!-- \/ Yoast SEO plugin. -->","yoast_head_json":{"title":"M. Jokajus \u201eAkmenin\u0117 \u0161irdis\u201c (Nr. 153)","description":"Moras Jokajus - vengr\u0173 literat\u016bros klasikas. Vienas i\u0161 stipriausi\u0173 Jokajaus k\u016brini\u0173 - istorinis romanas \"Akmenin\u0117 \u0161irdis\". Knygoje vaizduojami 1848 m. Vengrijos revoliucijos \u012fvykiai. Geriausi romano puslapiai - Vienos apsupties, artilerijos ugnies \u012f Pe\u0161t\u0105 ir m\u016b\u0161i\u0173 prie Budos paveikslai - yra kartu ir geriausi puslapiai visoje Jokajaus k\u016bryboje.","robots":{"index":"index","follow":"follow","max-snippet":"max-snippet:-1","max-image-preview":"max-image-preview:large","max-video-preview":"max-video-preview:-1"},"canonical":"https:\/\/skaitytaknyga.lt\/en\/produktas\/m-jokajus-akmenine-sirdis-nr-153-2\/","og_locale":"en_GB","og_type":"article","og_title":"[:lt]M. Jokajus \u201eAkmenin\u0117 \u0161irdis\u201c (Nr. 153)[:] - Skaitytaknyga","og_description":"Moras Jokajus - vengr\u0173 literat\u016bros klasikas. Vienas i\u0161 stipriausi\u0173 Jokajaus k\u016brini\u0173 - istorinis romanas \"Akmenin\u0117 \u0161irdis\". Knygoje vaizduojami 1848 m. Vengrijos revoliucijos \u012fvykiai. Geriausi romano puslapiai - Vienos apsupties, artilerijos ugnies \u012f Pe\u0161t\u0105 ir m\u016b\u0161i\u0173 prie Budos paveikslai - yra kartu ir geriausi puslapiai visoje Jokajaus k\u016bryboje.","og_url":"https:\/\/skaitytaknyga.lt\/en\/produktas\/m-jokajus-akmenine-sirdis-nr-153-2\/","og_site_name":"Skaitytaknyga","article_publisher":"https:\/\/www.facebook.com\/skaitytaknyga\/","article_modified_time":"2025-05-03T07:25:20+00:00","og_image":[{"width":418,"height":640,"url":"https:\/\/skaitytaknyga.lt\/wp-content\/uploads\/2024\/04\/Jokajus_Moras._A_5215bdd094903.jpg","type":"image\/jpeg"}],"twitter_card":"summary_large_image","schema":{"@context":"https:\/\/schema.org","@graph":[{"@type":"WebPage","@id":"https:\/\/skaitytaknyga.lt\/produktas\/m-jokajus-akmenine-sirdis-nr-153-2\/","url":"https:\/\/skaitytaknyga.lt\/produktas\/m-jokajus-akmenine-sirdis-nr-153-2\/","name":"M. Jokajus \u201eAkmenin\u0117 \u0161irdis\u201c (Nr. 153)","isPartOf":{"@id":"https:\/\/skaitytaknyga.lt\/#website"},"primaryImageOfPage":{"@id":"https:\/\/skaitytaknyga.lt\/produktas\/m-jokajus-akmenine-sirdis-nr-153-2\/#primaryimage"},"image":{"@id":"https:\/\/skaitytaknyga.lt\/produktas\/m-jokajus-akmenine-sirdis-nr-153-2\/#primaryimage"},"thumbnailUrl":"https:\/\/skaitytaknyga.lt\/wp-content\/uploads\/2024\/04\/Jokajus_Moras._A_5215bdd094903.jpg","datePublished":"2024-05-04T14:39:01+00:00","dateModified":"2025-05-03T07:25:20+00:00","description":"Moras Jokajus - vengr\u0173 literat\u016bros klasikas. Vienas i\u0161 stipriausi\u0173 Jokajaus k\u016brini\u0173 - istorinis romanas \"Akmenin\u0117 \u0161irdis\". Knygoje vaizduojami 1848 m. Vengrijos revoliucijos \u012fvykiai. Geriausi romano puslapiai - Vienos apsupties, artilerijos ugnies \u012f Pe\u0161t\u0105 ir m\u016b\u0161i\u0173 prie Budos paveikslai - yra kartu ir geriausi puslapiai visoje Jokajaus k\u016bryboje.","breadcrumb":{"@id":"https:\/\/skaitytaknyga.lt\/produktas\/m-jokajus-akmenine-sirdis-nr-153-2\/#breadcrumb"},"inLanguage":"en-GB","potentialAction":[{"@type":"ReadAction","target":["https:\/\/skaitytaknyga.lt\/produktas\/m-jokajus-akmenine-sirdis-nr-153-2\/"]}]},{"@type":"ImageObject","inLanguage":"en-GB","@id":"https:\/\/skaitytaknyga.lt\/produktas\/m-jokajus-akmenine-sirdis-nr-153-2\/#primaryimage","url":"https:\/\/skaitytaknyga.lt\/wp-content\/uploads\/2024\/04\/Jokajus_Moras._A_5215bdd094903.jpg","contentUrl":"https:\/\/skaitytaknyga.lt\/wp-content\/uploads\/2024\/04\/Jokajus_Moras._A_5215bdd094903.jpg","width":418,"height":640,"caption":"Jokajus Moras. A 5215bdd094903"},{"@type":"BreadcrumbList","@id":"https:\/\/skaitytaknyga.lt\/produktas\/m-jokajus-akmenine-sirdis-nr-153-2\/#breadcrumb","itemListElement":[{"@type":"ListItem","position":1,"name":"Home","item":"https:\/\/skaitytaknyga.lt\/"},{"@type":"ListItem","position":2,"name":"Parduotuv\u0117","item":"https:\/\/skaitytaknyga.lt\/knygu-parduotuve\/"},{"@type":"ListItem","position":3,"name":"M. Jokajus \u201eAkmenin\u0117 \u0161irdis\u201c (Nr. 153)"}]},{"@type":"WebSite","@id":"https:\/\/skaitytaknyga.lt\/#website","url":"https:\/\/skaitytaknyga.lt\/","name":"skaitytaknyga.lt","description":"Skaitytaknyga.lt \u2013 tai ma\u017eas \u0161eimos verslas, kuris prasid\u0117jo nuo meil\u0117s knygoms ir siekio i\u0161gelb\u0117ti knygas nuo likimo prie konteinerio. Kas vienam nereikalingas daiktas \u2013 kitam lobis, o mes esame tarpininkai, kurie padeda abiems tapti laimingesniems ???? \u017dinome kaip nelengva i\u0161gyventi ma\u017eiems verslams, tad nuo \u0161iol, \u010dia rasite ir kit\u0173, ma\u017e\u0173 \u0161eim\u0173 versl\u0173, rank\u0173 darbo, dovan\u0173 sau ir artimiesiems.","publisher":{"@id":"https:\/\/skaitytaknyga.lt\/#organization"},"potentialAction":[{"@type":"SearchAction","target":{"@type":"EntryPoint","urlTemplate":"https:\/\/skaitytaknyga.lt\/?s={search_term_string}"},"query-input":{"@type":"PropertyValueSpecification","valueRequired":true,"valueName":"search_term_string"}}],"inLanguage":"en-GB"},{"@type":"Organization","@id":"https:\/\/skaitytaknyga.lt\/#organization","name":"skaitytaknyga.lt","url":"https:\/\/skaitytaknyga.lt\/","logo":{"@type":"ImageObject","inLanguage":"en-GB","@id":"https:\/\/skaitytaknyga.lt\/#\/schema\/logo\/image\/","url":"https:\/\/skaitytaknyga.lt\/wp-content\/uploads\/2024\/05\/cropped-cropped-cropped-02_00843_jt3bggkj1j3HLc7SyY6rEUpg.jpeg","contentUrl":"https:\/\/skaitytaknyga.lt\/wp-content\/uploads\/2024\/05\/cropped-cropped-cropped-02_00843_jt3bggkj1j3HLc7SyY6rEUpg.jpeg","width":1600,"height":1600,"caption":"skaitytaknyga.lt"},"image":{"@id":"https:\/\/skaitytaknyga.lt\/#\/schema\/logo\/image\/"},"sameAs":["https:\/\/www.facebook.com\/skaitytaknyga\/"]}]}},"_links":{"self":[{"href":"https:\/\/skaitytaknyga.lt\/en\/wp-json\/wp\/v2\/product\/8034","targetHints":{"allow":["GET"]}}],"collection":[{"href":"https:\/\/skaitytaknyga.lt\/en\/wp-json\/wp\/v2\/product"}],"about":[{"href":"https:\/\/skaitytaknyga.lt\/en\/wp-json\/wp\/v2\/types\/product"}],"replies":[{"embeddable":true,"href":"https:\/\/skaitytaknyga.lt\/en\/wp-json\/wp\/v2\/comments?post=8034"}],"wp:featuredmedia":[{"embeddable":true,"href":"https:\/\/skaitytaknyga.lt\/en\/wp-json\/wp\/v2\/media\/3761"}],"wp:attachment":[{"href":"https:\/\/skaitytaknyga.lt\/en\/wp-json\/wp\/v2\/media?parent=8034"}],"wp:term":[{"taxonomy":"product_brand","embeddable":true,"href":"https:\/\/skaitytaknyga.lt\/en\/wp-json\/wp\/v2\/product_brand?post=8034"},{"taxonomy":"product_cat","embeddable":true,"href":"https:\/\/skaitytaknyga.lt\/en\/wp-json\/wp\/v2\/product_cat?post=8034"},{"taxonomy":"product_tag","embeddable":true,"href":"https:\/\/skaitytaknyga.lt\/en\/wp-json\/wp\/v2\/product_tag?post=8034"}],"curies":[{"name":"wp","href":"https:\/\/api.w.org\/{rel}","templated":true}]}}