{"id":8031,"date":"2024-05-04T14:39:01","date_gmt":"2024-05-04T14:39:01","guid":{"rendered":"https:\/\/skaitytaknyga.lt\/?post_type=product&#038;p=8031"},"modified":"2025-05-19T15:36:42","modified_gmt":"2025-05-19T12:36:42","slug":"henris-deividas-toro-voldenas-arba-gyvenimas-miske-2","status":"publish","type":"product","link":"https:\/\/skaitytaknyga.lt\/en\/produktas\/henris-deividas-toro-voldenas-arba-gyvenimas-miske-2\/","title":{"rendered":"Henris Deividas Toro  \u201eVoldenas, arba gyvenimas mi\u0161ke\u201c"},"content":{"rendered":"<p>Gale buvo atsipalaidav\u0119s \u012fri\u0161imas, tod\u0117l \u0161iek tiek paklijuota kar\u0161tais klijais.<\/p>\n<p>\u201eHenry David Thoreau (1817\u20131862), ilgai ne\u017einomas ir nepripa\u017eintas savo kra\u0161te ir pasaulyje, nugyven\u0119s trump\u0105 gyvenim\u0105 ir palik\u0119s savo t\u0117vynainiams ir mums \u201eVOLDEN\u0104\u201c \u2013 knyg\u0105, \u0161iandien priskiriam\u0105 pasaulin\u0117s literat\u016bros klasikai.<\/p>\n<p>\u201eVOLDENAS\u201c \u2013 ne romanas. Jam netinka tradiciniai gro\u017ein\u0117s literat\u016bros matai. \u0160i knyga \u2013 tai i\u0161pa\u017eintis \u017emogaus, savo valia palikusio civilizuot\u0105j\u012f pasaul\u012f ir dvejus metus gyvenusio atsiskyr\u0117liu mi\u0161ke. \u0160io k\u016brinio pagrindiniai veik\u0117jai \u2013 Thoreau mintys, kurias jis patiki tiems, kuriems dar gali r\u016bp\u0117ti j\u0173 gyvenimo prasm\u0117.&#8221;<\/p>\n","protected":false},"excerpt":{"rendered":"<p>Gale buvo atsipalaidav\u0119s \u012fri\u0161imas, tod\u0117l \u0161iek tiek paklijuota kar\u0161tais klijais.<\/p>\n<p>\u201eHenry David Thoreau (1817\u20131862), ilgai ne\u017einomas ir nepripa\u017eintas savo kra\u0161te ir pasaulyje, nugyven\u0119s trump\u0105 gyvenim\u0105 ir palik\u0119s savo t\u0117vynainiams ir mums \u201eVOLDEN\u0104\u201c \u2013 knyg\u0105, \u0161iandien priskiriam\u0105 pasaulin\u0117s literat\u016bros klasikai.<\/p>\n<p>\u201eVOLDENAS\u201c \u2013 ne romanas. Jam netinka tradiciniai gro\u017ein\u0117s literat\u016bros matai. \u0160i knyga \u2013 tai i\u0161pa\u017eintis \u017emogaus, savo valia palikusio civilizuot\u0105j\u012f pasaul\u012f ir dvejus metus gyvenusio atsiskyr\u0117liu mi\u0161ke. \u0160io k\u016brinio pagrindiniai veik\u0117jai \u2013 Thoreau mintys, kurias jis patiki tiems, kuriems dar gali r\u016bp\u0117ti j\u0173 gyvenimo prasm\u0117.&#8221;<\/p>\n","protected":false},"featured_media":3758,"comment_status":"closed","ping_status":"closed","template":"","meta":{"_acf_changed":false,"site-sidebar-layout":"default","site-content-layout":"","ast-site-content-layout":"default","site-content-style":"default","site-sidebar-style":"default","ast-global-header-display":"","ast-banner-title-visibility":"","ast-main-header-display":"","ast-hfb-above-header-display":"","ast-hfb-below-header-display":"","ast-hfb-mobile-header-display":"","site-post-title":"","ast-breadcrumbs-content":"","ast-featured-img":"","footer-sml-layout":"","ast-disable-related-posts":"","theme-transparent-header-meta":"","adv-header-id-meta":"","stick-header-meta":"","header-above-stick-meta":"","header-main-stick-meta":"","header-below-stick-meta":"","astra-migrate-meta-layouts":"default","ast-page-background-enabled":"default","ast-page-background-meta":{"desktop":{"background-color":"","background-image":"","background-repeat":"repeat","background-position":"center center","background-size":"auto","background-attachment":"scroll","background-type":"","background-media":"","overlay-type":"","overlay-color":"","overlay-opacity":"","overlay-gradient":""},"tablet":{"background-color":"","background-image":"","background-repeat":"repeat","background-position":"center center","background-size":"auto","background-attachment":"scroll","background-type":"","background-media":"","overlay-type":"","overlay-color":"","overlay-opacity":"","overlay-gradient":""},"mobile":{"background-color":"","background-image":"","background-repeat":"repeat","background-position":"center center","background-size":"auto","background-attachment":"scroll","background-type":"","background-media":"","overlay-type":"","overlay-color":"","overlay-opacity":"","overlay-gradient":""}},"ast-content-background-meta":{"desktop":{"background-color":"var(--ast-global-color-4)","background-image":"","background-repeat":"repeat","background-position":"center center","background-size":"auto","background-attachment":"scroll","background-type":"","background-media":"","overlay-type":"","overlay-color":"","overlay-opacity":"","overlay-gradient":""},"tablet":{"background-color":"var(--ast-global-color-4)","background-image":"","background-repeat":"repeat","background-position":"center center","background-size":"auto","background-attachment":"scroll","background-type":"","background-media":"","overlay-type":"","overlay-color":"","overlay-opacity":"","overlay-gradient":""},"mobile":{"background-color":"var(--ast-global-color-4)","background-image":"","background-repeat":"repeat","background-position":"center center","background-size":"auto","background-attachment":"scroll","background-type":"","background-media":"","overlay-type":"","overlay-color":"","overlay-opacity":"","overlay-gradient":""}}},"product_brand":[],"product_cat":[31,28,165],"product_tag":[1476,4164,1761,3937,3982,1587],"class_list":{"0":"post-8031","1":"product","2":"type-product","3":"status-publish","4":"has-post-thumbnail","6":"product_cat-grozine-literatura","7":"product_cat-klasika","8":"product_cat-religija-filosofija-ir-ezoterika","9":"product_tag-detektyvas","10":"product_tag-j-c-grange","11":"product_tag-prancuzu-literatura","12":"product_tag-psichoanalize","13":"product_tag-serijinis-zudikas","14":"product_tag-trileris","15":"desktop-align-left","16":"tablet-align-left","17":"mobile-align-left","19":"first","20":"outofstock","21":"shipping-taxable","22":"purchasable","23":"product-type-simple"},"acf":[],"yoast_head":"<!-- This site is optimized with the Yoast SEO plugin v27.0 - https:\/\/yoast.com\/product\/yoast-seo-wordpress\/ -->\n<title>Henris Deividas Toro \u201eVoldenas, arba gyvenimas mi\u0161ke\u201c - Skaitytaknyga<\/title>\n<meta name=\"description\" content=\"Gale buvo atsipalaidav\u0119s \u012fri\u0161imas, tod\u0117l \u0161iek tiek paklijuota kar\u0161tais klijais.  \u201eHenry David Thoreau (1817\u20131862), ilgai ne\u017einomas ir nepripa\u017eintas savo kra\u0161te ir pasaulyje, nugyven\u0119s trump\u0105 gyvenim\u0105 ir palik\u0119s savo t\u0117vynainiams ir mums \u201eVOLDEN\u0104\u201c \u2013 knyg\u0105, \u0161iandien priskiriam\u0105 pasaulin\u0117s literat\u016bros klasikai.  \u201eVOLDENAS\u201c \u2013 ne romanas. Jam netinka tradiciniai gro\u017ein\u0117s literat\u016bros matai. \u0160i knyga \u2013 tai i\u0161pa\u017eintis \u017emogaus, savo valia palikusio civilizuot\u0105j\u012f pasaul\u012f ir dvejus metus gyvenusio atsiskyr\u0117liu mi\u0161ke. \u0160io k\u016brinio pagrindiniai veik\u0117jai \u2013 Thoreau mintys, kurias jis patiki tiems, kuriems dar gali r\u016bp\u0117ti j\u0173 gyvenimo prasm\u0117.&quot;\" \/>\n<meta name=\"robots\" content=\"index, follow, max-snippet:-1, max-image-preview:large, max-video-preview:-1\" \/>\n<link rel=\"canonical\" href=\"https:\/\/skaitytaknyga.lt\/en\/produktas\/henris-deividas-toro-voldenas-arba-gyvenimas-miske-2\/\" \/>\n<meta property=\"og:locale\" content=\"en_GB\" \/>\n<meta property=\"og:locale:alternate\" content=\"lt_LT\" \/>\n<meta property=\"og:type\" content=\"article\" \/>\n<meta property=\"og:title\" content=\"Henris Deividas Toro \u201eVoldenas, arba gyvenimas mi\u0161ke\u201c - Skaitytaknyga\" \/>\n<meta property=\"og:description\" content=\"Gale buvo atsipalaidav\u0119s \u012fri\u0161imas, tod\u0117l \u0161iek tiek paklijuota kar\u0161tais klijais.  \u201eHenry David Thoreau (1817\u20131862), ilgai ne\u017einomas ir nepripa\u017eintas savo kra\u0161te ir pasaulyje, nugyven\u0119s trump\u0105 gyvenim\u0105 ir palik\u0119s savo t\u0117vynainiams ir mums \u201eVOLDEN\u0104\u201c \u2013 knyg\u0105, \u0161iandien priskiriam\u0105 pasaulin\u0117s literat\u016bros klasikai.  \u201eVOLDENAS\u201c \u2013 ne romanas. Jam netinka tradiciniai gro\u017ein\u0117s literat\u016bros matai. \u0160i knyga \u2013 tai i\u0161pa\u017eintis \u017emogaus, savo valia palikusio civilizuot\u0105j\u012f pasaul\u012f ir dvejus metus gyvenusio atsiskyr\u0117liu mi\u0161ke. \u0160io k\u016brinio pagrindiniai veik\u0117jai \u2013 Thoreau mintys, kurias jis patiki tiems, kuriems dar gali r\u016bp\u0117ti j\u0173 gyvenimo prasm\u0117.&quot;\" \/>\n<meta property=\"og:url\" content=\"https:\/\/skaitytaknyga.lt\/en\/produktas\/henris-deividas-toro-voldenas-arba-gyvenimas-miske-2\/\" \/>\n<meta property=\"og:site_name\" content=\"Skaitytaknyga\" \/>\n<meta property=\"article:publisher\" content=\"https:\/\/www.facebook.com\/skaitytaknyga\/\" \/>\n<meta property=\"article:modified_time\" content=\"2025-05-19T12:36:42+00:00\" \/>\n<meta property=\"og:image\" content=\"https:\/\/skaitytaknyga.lt\/wp-content\/uploads\/2024\/04\/1474380057_IMG_0023.jpg\" \/>\n\t<meta property=\"og:image:width\" content=\"277\" \/>\n\t<meta property=\"og:image:height\" content=\"430\" \/>\n\t<meta property=\"og:image:type\" content=\"image\/jpeg\" \/>\n<meta name=\"twitter:card\" content=\"summary_large_image\" \/>\n<meta name=\"twitter:label1\" content=\"Estimated reading time\" \/>\n\t<meta name=\"twitter:data1\" content=\"1 minute\" \/>\n<script type=\"application\/ld+json\" class=\"yoast-schema-graph\">{\"@context\":\"https:\/\/schema.org\",\"@graph\":[{\"@type\":\"WebPage\",\"@id\":\"https:\/\/skaitytaknyga.lt\/produktas\/henris-deividas-toro-voldenas-arba-gyvenimas-miske-2\/\",\"url\":\"https:\/\/skaitytaknyga.lt\/produktas\/henris-deividas-toro-voldenas-arba-gyvenimas-miske-2\/\",\"name\":\"Henris Deividas Toro \u201eVoldenas, arba gyvenimas mi\u0161ke\u201c - Skaitytaknyga\",\"isPartOf\":{\"@id\":\"https:\/\/skaitytaknyga.lt\/#website\"},\"primaryImageOfPage\":{\"@id\":\"https:\/\/skaitytaknyga.lt\/produktas\/henris-deividas-toro-voldenas-arba-gyvenimas-miske-2\/#primaryimage\"},\"image\":{\"@id\":\"https:\/\/skaitytaknyga.lt\/produktas\/henris-deividas-toro-voldenas-arba-gyvenimas-miske-2\/#primaryimage\"},\"thumbnailUrl\":\"https:\/\/skaitytaknyga.lt\/wp-content\/uploads\/2024\/04\/1474380057_IMG_0023.jpg\",\"datePublished\":\"2024-05-04T14:39:01+00:00\",\"dateModified\":\"2025-05-19T12:36:42+00:00\",\"description\":\"Gale buvo atsipalaidav\u0119s \u012fri\u0161imas, tod\u0117l \u0161iek tiek paklijuota kar\u0161tais klijais. \u201eHenry David Thoreau (1817\u20131862), ilgai ne\u017einomas ir nepripa\u017eintas savo kra\u0161te ir pasaulyje, nugyven\u0119s trump\u0105 gyvenim\u0105 ir palik\u0119s savo t\u0117vynainiams ir mums \u201eVOLDEN\u0104\u201c \u2013 knyg\u0105, \u0161iandien priskiriam\u0105 pasaulin\u0117s literat\u016bros klasikai. \u201eVOLDENAS\u201c \u2013 ne romanas. Jam netinka tradiciniai gro\u017ein\u0117s literat\u016bros matai. \u0160i knyga \u2013 tai i\u0161pa\u017eintis \u017emogaus, savo valia palikusio civilizuot\u0105j\u012f pasaul\u012f ir dvejus metus gyvenusio atsiskyr\u0117liu mi\u0161ke. \u0160io k\u016brinio pagrindiniai veik\u0117jai \u2013 Thoreau mintys, kurias jis patiki tiems, kuriems dar gali r\u016bp\u0117ti j\u0173 gyvenimo prasm\u0117.\\\"\",\"breadcrumb\":{\"@id\":\"https:\/\/skaitytaknyga.lt\/produktas\/henris-deividas-toro-voldenas-arba-gyvenimas-miske-2\/#breadcrumb\"},\"inLanguage\":\"en-GB\",\"potentialAction\":[{\"@type\":\"ReadAction\",\"target\":[\"https:\/\/skaitytaknyga.lt\/produktas\/henris-deividas-toro-voldenas-arba-gyvenimas-miske-2\/\"]}]},{\"@type\":\"ImageObject\",\"inLanguage\":\"en-GB\",\"@id\":\"https:\/\/skaitytaknyga.lt\/produktas\/henris-deividas-toro-voldenas-arba-gyvenimas-miske-2\/#primaryimage\",\"url\":\"https:\/\/skaitytaknyga.lt\/wp-content\/uploads\/2024\/04\/1474380057_IMG_0023.jpg\",\"contentUrl\":\"https:\/\/skaitytaknyga.lt\/wp-content\/uploads\/2024\/04\/1474380057_IMG_0023.jpg\",\"width\":277,\"height\":430,\"caption\":\"1474380057 IMG 0023\"},{\"@type\":\"BreadcrumbList\",\"@id\":\"https:\/\/skaitytaknyga.lt\/produktas\/henris-deividas-toro-voldenas-arba-gyvenimas-miske-2\/#breadcrumb\",\"itemListElement\":[{\"@type\":\"ListItem\",\"position\":1,\"name\":\"Home\",\"item\":\"https:\/\/skaitytaknyga.lt\/\"},{\"@type\":\"ListItem\",\"position\":2,\"name\":\"Parduotuv\u0117\",\"item\":\"https:\/\/skaitytaknyga.lt\/knygu-parduotuve\/\"},{\"@type\":\"ListItem\",\"position\":3,\"name\":\"Henris Deividas Toro \u201eVoldenas, arba gyvenimas mi\u0161ke\u201c\"}]},{\"@type\":\"WebSite\",\"@id\":\"https:\/\/skaitytaknyga.lt\/#website\",\"url\":\"https:\/\/skaitytaknyga.lt\/\",\"name\":\"skaitytaknyga.lt\",\"description\":\"Skaitytaknyga.lt \u2013 tai ma\u017eas \u0161eimos verslas, kuris prasid\u0117jo nuo meil\u0117s knygoms ir siekio i\u0161gelb\u0117ti knygas nuo likimo prie konteinerio. Kas vienam nereikalingas daiktas \u2013 kitam lobis, o mes esame tarpininkai, kurie padeda abiems tapti laimingesniems ???? \u017dinome kaip nelengva i\u0161gyventi ma\u017eiems verslams, tad nuo \u0161iol, \u010dia rasite ir kit\u0173, ma\u017e\u0173 \u0161eim\u0173 versl\u0173, rank\u0173 darbo, dovan\u0173 sau ir artimiesiems.\",\"publisher\":{\"@id\":\"https:\/\/skaitytaknyga.lt\/#organization\"},\"potentialAction\":[{\"@type\":\"SearchAction\",\"target\":{\"@type\":\"EntryPoint\",\"urlTemplate\":\"https:\/\/skaitytaknyga.lt\/?s={search_term_string}\"},\"query-input\":{\"@type\":\"PropertyValueSpecification\",\"valueRequired\":true,\"valueName\":\"search_term_string\"}}],\"inLanguage\":\"en-GB\"},{\"@type\":\"Organization\",\"@id\":\"https:\/\/skaitytaknyga.lt\/#organization\",\"name\":\"skaitytaknyga.lt\",\"url\":\"https:\/\/skaitytaknyga.lt\/\",\"logo\":{\"@type\":\"ImageObject\",\"inLanguage\":\"en-GB\",\"@id\":\"https:\/\/skaitytaknyga.lt\/#\/schema\/logo\/image\/\",\"url\":\"https:\/\/skaitytaknyga.lt\/wp-content\/uploads\/2024\/05\/cropped-cropped-cropped-02_00843_jt3bggkj1j3HLc7SyY6rEUpg.jpeg\",\"contentUrl\":\"https:\/\/skaitytaknyga.lt\/wp-content\/uploads\/2024\/05\/cropped-cropped-cropped-02_00843_jt3bggkj1j3HLc7SyY6rEUpg.jpeg\",\"width\":1600,\"height\":1600,\"caption\":\"skaitytaknyga.lt\"},\"image\":{\"@id\":\"https:\/\/skaitytaknyga.lt\/#\/schema\/logo\/image\/\"},\"sameAs\":[\"https:\/\/www.facebook.com\/skaitytaknyga\/\"]}]}<\/script>\n<!-- \/ Yoast SEO plugin. -->","yoast_head_json":{"title":"Henris Deividas Toro \u201eVoldenas, arba gyvenimas mi\u0161ke\u201c - Skaitytaknyga","description":"Gale buvo atsipalaidav\u0119s \u012fri\u0161imas, tod\u0117l \u0161iek tiek paklijuota kar\u0161tais klijais.  \u201eHenry David Thoreau (1817\u20131862), ilgai ne\u017einomas ir nepripa\u017eintas savo kra\u0161te ir pasaulyje, nugyven\u0119s trump\u0105 gyvenim\u0105 ir palik\u0119s savo t\u0117vynainiams ir mums \u201eVOLDEN\u0104\u201c \u2013 knyg\u0105, \u0161iandien priskiriam\u0105 pasaulin\u0117s literat\u016bros klasikai.  \u201eVOLDENAS\u201c \u2013 ne romanas. Jam netinka tradiciniai gro\u017ein\u0117s literat\u016bros matai. \u0160i knyga \u2013 tai i\u0161pa\u017eintis \u017emogaus, savo valia palikusio civilizuot\u0105j\u012f pasaul\u012f ir dvejus metus gyvenusio atsiskyr\u0117liu mi\u0161ke. \u0160io k\u016brinio pagrindiniai veik\u0117jai \u2013 Thoreau mintys, kurias jis patiki tiems, kuriems dar gali r\u016bp\u0117ti j\u0173 gyvenimo prasm\u0117.\"","robots":{"index":"index","follow":"follow","max-snippet":"max-snippet:-1","max-image-preview":"max-image-preview:large","max-video-preview":"max-video-preview:-1"},"canonical":"https:\/\/skaitytaknyga.lt\/en\/produktas\/henris-deividas-toro-voldenas-arba-gyvenimas-miske-2\/","og_locale":"en_GB","og_type":"article","og_title":"Henris Deividas Toro \u201eVoldenas, arba gyvenimas mi\u0161ke\u201c - Skaitytaknyga","og_description":"Gale buvo atsipalaidav\u0119s \u012fri\u0161imas, tod\u0117l \u0161iek tiek paklijuota kar\u0161tais klijais.  \u201eHenry David Thoreau (1817\u20131862), ilgai ne\u017einomas ir nepripa\u017eintas savo kra\u0161te ir pasaulyje, nugyven\u0119s trump\u0105 gyvenim\u0105 ir palik\u0119s savo t\u0117vynainiams ir mums \u201eVOLDEN\u0104\u201c \u2013 knyg\u0105, \u0161iandien priskiriam\u0105 pasaulin\u0117s literat\u016bros klasikai.  \u201eVOLDENAS\u201c \u2013 ne romanas. Jam netinka tradiciniai gro\u017ein\u0117s literat\u016bros matai. \u0160i knyga \u2013 tai i\u0161pa\u017eintis \u017emogaus, savo valia palikusio civilizuot\u0105j\u012f pasaul\u012f ir dvejus metus gyvenusio atsiskyr\u0117liu mi\u0161ke. \u0160io k\u016brinio pagrindiniai veik\u0117jai \u2013 Thoreau mintys, kurias jis patiki tiems, kuriems dar gali r\u016bp\u0117ti j\u0173 gyvenimo prasm\u0117.\"","og_url":"https:\/\/skaitytaknyga.lt\/en\/produktas\/henris-deividas-toro-voldenas-arba-gyvenimas-miske-2\/","og_site_name":"Skaitytaknyga","article_publisher":"https:\/\/www.facebook.com\/skaitytaknyga\/","article_modified_time":"2025-05-19T12:36:42+00:00","og_image":[{"width":277,"height":430,"url":"https:\/\/skaitytaknyga.lt\/wp-content\/uploads\/2024\/04\/1474380057_IMG_0023.jpg","type":"image\/jpeg"}],"twitter_card":"summary_large_image","twitter_misc":{"Estimated reading time":"1 minute"},"schema":{"@context":"https:\/\/schema.org","@graph":[{"@type":"WebPage","@id":"https:\/\/skaitytaknyga.lt\/produktas\/henris-deividas-toro-voldenas-arba-gyvenimas-miske-2\/","url":"https:\/\/skaitytaknyga.lt\/produktas\/henris-deividas-toro-voldenas-arba-gyvenimas-miske-2\/","name":"Henris Deividas Toro \u201eVoldenas, arba gyvenimas mi\u0161ke\u201c - Skaitytaknyga","isPartOf":{"@id":"https:\/\/skaitytaknyga.lt\/#website"},"primaryImageOfPage":{"@id":"https:\/\/skaitytaknyga.lt\/produktas\/henris-deividas-toro-voldenas-arba-gyvenimas-miske-2\/#primaryimage"},"image":{"@id":"https:\/\/skaitytaknyga.lt\/produktas\/henris-deividas-toro-voldenas-arba-gyvenimas-miske-2\/#primaryimage"},"thumbnailUrl":"https:\/\/skaitytaknyga.lt\/wp-content\/uploads\/2024\/04\/1474380057_IMG_0023.jpg","datePublished":"2024-05-04T14:39:01+00:00","dateModified":"2025-05-19T12:36:42+00:00","description":"Gale buvo atsipalaidav\u0119s \u012fri\u0161imas, tod\u0117l \u0161iek tiek paklijuota kar\u0161tais klijais. \u201eHenry David Thoreau (1817\u20131862), ilgai ne\u017einomas ir nepripa\u017eintas savo kra\u0161te ir pasaulyje, nugyven\u0119s trump\u0105 gyvenim\u0105 ir palik\u0119s savo t\u0117vynainiams ir mums \u201eVOLDEN\u0104\u201c \u2013 knyg\u0105, \u0161iandien priskiriam\u0105 pasaulin\u0117s literat\u016bros klasikai. \u201eVOLDENAS\u201c \u2013 ne romanas. Jam netinka tradiciniai gro\u017ein\u0117s literat\u016bros matai. \u0160i knyga \u2013 tai i\u0161pa\u017eintis \u017emogaus, savo valia palikusio civilizuot\u0105j\u012f pasaul\u012f ir dvejus metus gyvenusio atsiskyr\u0117liu mi\u0161ke. \u0160io k\u016brinio pagrindiniai veik\u0117jai \u2013 Thoreau mintys, kurias jis patiki tiems, kuriems dar gali r\u016bp\u0117ti j\u0173 gyvenimo prasm\u0117.\"","breadcrumb":{"@id":"https:\/\/skaitytaknyga.lt\/produktas\/henris-deividas-toro-voldenas-arba-gyvenimas-miske-2\/#breadcrumb"},"inLanguage":"en-GB","potentialAction":[{"@type":"ReadAction","target":["https:\/\/skaitytaknyga.lt\/produktas\/henris-deividas-toro-voldenas-arba-gyvenimas-miske-2\/"]}]},{"@type":"ImageObject","inLanguage":"en-GB","@id":"https:\/\/skaitytaknyga.lt\/produktas\/henris-deividas-toro-voldenas-arba-gyvenimas-miske-2\/#primaryimage","url":"https:\/\/skaitytaknyga.lt\/wp-content\/uploads\/2024\/04\/1474380057_IMG_0023.jpg","contentUrl":"https:\/\/skaitytaknyga.lt\/wp-content\/uploads\/2024\/04\/1474380057_IMG_0023.jpg","width":277,"height":430,"caption":"1474380057 IMG 0023"},{"@type":"BreadcrumbList","@id":"https:\/\/skaitytaknyga.lt\/produktas\/henris-deividas-toro-voldenas-arba-gyvenimas-miske-2\/#breadcrumb","itemListElement":[{"@type":"ListItem","position":1,"name":"Home","item":"https:\/\/skaitytaknyga.lt\/"},{"@type":"ListItem","position":2,"name":"Parduotuv\u0117","item":"https:\/\/skaitytaknyga.lt\/knygu-parduotuve\/"},{"@type":"ListItem","position":3,"name":"Henris Deividas Toro \u201eVoldenas, arba gyvenimas mi\u0161ke\u201c"}]},{"@type":"WebSite","@id":"https:\/\/skaitytaknyga.lt\/#website","url":"https:\/\/skaitytaknyga.lt\/","name":"skaitytaknyga.lt","description":"Skaitytaknyga.lt \u2013 tai ma\u017eas \u0161eimos verslas, kuris prasid\u0117jo nuo meil\u0117s knygoms ir siekio i\u0161gelb\u0117ti knygas nuo likimo prie konteinerio. Kas vienam nereikalingas daiktas \u2013 kitam lobis, o mes esame tarpininkai, kurie padeda abiems tapti laimingesniems ???? \u017dinome kaip nelengva i\u0161gyventi ma\u017eiems verslams, tad nuo \u0161iol, \u010dia rasite ir kit\u0173, ma\u017e\u0173 \u0161eim\u0173 versl\u0173, rank\u0173 darbo, dovan\u0173 sau ir artimiesiems.","publisher":{"@id":"https:\/\/skaitytaknyga.lt\/#organization"},"potentialAction":[{"@type":"SearchAction","target":{"@type":"EntryPoint","urlTemplate":"https:\/\/skaitytaknyga.lt\/?s={search_term_string}"},"query-input":{"@type":"PropertyValueSpecification","valueRequired":true,"valueName":"search_term_string"}}],"inLanguage":"en-GB"},{"@type":"Organization","@id":"https:\/\/skaitytaknyga.lt\/#organization","name":"skaitytaknyga.lt","url":"https:\/\/skaitytaknyga.lt\/","logo":{"@type":"ImageObject","inLanguage":"en-GB","@id":"https:\/\/skaitytaknyga.lt\/#\/schema\/logo\/image\/","url":"https:\/\/skaitytaknyga.lt\/wp-content\/uploads\/2024\/05\/cropped-cropped-cropped-02_00843_jt3bggkj1j3HLc7SyY6rEUpg.jpeg","contentUrl":"https:\/\/skaitytaknyga.lt\/wp-content\/uploads\/2024\/05\/cropped-cropped-cropped-02_00843_jt3bggkj1j3HLc7SyY6rEUpg.jpeg","width":1600,"height":1600,"caption":"skaitytaknyga.lt"},"image":{"@id":"https:\/\/skaitytaknyga.lt\/#\/schema\/logo\/image\/"},"sameAs":["https:\/\/www.facebook.com\/skaitytaknyga\/"]}]}},"_links":{"self":[{"href":"https:\/\/skaitytaknyga.lt\/en\/wp-json\/wp\/v2\/product\/8031","targetHints":{"allow":["GET"]}}],"collection":[{"href":"https:\/\/skaitytaknyga.lt\/en\/wp-json\/wp\/v2\/product"}],"about":[{"href":"https:\/\/skaitytaknyga.lt\/en\/wp-json\/wp\/v2\/types\/product"}],"replies":[{"embeddable":true,"href":"https:\/\/skaitytaknyga.lt\/en\/wp-json\/wp\/v2\/comments?post=8031"}],"wp:featuredmedia":[{"embeddable":true,"href":"https:\/\/skaitytaknyga.lt\/en\/wp-json\/wp\/v2\/media\/3758"}],"wp:attachment":[{"href":"https:\/\/skaitytaknyga.lt\/en\/wp-json\/wp\/v2\/media?parent=8031"}],"wp:term":[{"taxonomy":"product_brand","embeddable":true,"href":"https:\/\/skaitytaknyga.lt\/en\/wp-json\/wp\/v2\/product_brand?post=8031"},{"taxonomy":"product_cat","embeddable":true,"href":"https:\/\/skaitytaknyga.lt\/en\/wp-json\/wp\/v2\/product_cat?post=8031"},{"taxonomy":"product_tag","embeddable":true,"href":"https:\/\/skaitytaknyga.lt\/en\/wp-json\/wp\/v2\/product_tag?post=8031"}],"curies":[{"name":"wp","href":"https:\/\/api.w.org\/{rel}","templated":true}]}}