{"id":8029,"date":"2024-05-04T14:39:00","date_gmt":"2024-05-04T14:39:00","guid":{"rendered":"https:\/\/skaitytaknyga.lt\/?post_type=product&#038;p=8029"},"modified":"2025-11-22T16:15:18","modified_gmt":"2025-11-22T14:15:18","slug":"hermanas-hese-stiklo-karoliuku-zaidimas","status":"publish","type":"product","link":"https:\/\/skaitytaknyga.lt\/en\/produktas\/hermanas-hese-stiklo-karoliuku-zaidimas\/","title":{"rendered":"Stiklo karoliuk\u0173 \u017eaidimas"},"content":{"rendered":"<p>\u201eStiklo karoliuk\u0173 \u017eaidimas&#8221; \u2013 brand\u017eiausias Hermanno Hesse&#8217;s romanas, peln\u0119s ra\u0161ytojui Nobelio premijos laureato \u0161lov\u0119. K\u016briny siekiama sutaikyti dvasios ir jausmo prie\u0161ybes, nagrin\u0117jamas am\u017einasis b\u016bties dualizmas. Veiksmo perk\u0117limas \u012f tolim\u0105 XXII am\u017ei\u0173 leid\u017eia ra\u0161ytojui susikaupti ties id\u0117j\u0173 pasauliu, nagrin\u0117ti problem\u0105 filosofiniu aspektu ignoruojant konkre\u010di\u0105 buit\u012f.<\/p>\n<p>Pagrindiniai romano veik\u0117jai, dvasinio prado rei\u0161k\u0117jas Jozefas Knechtas ir jo prie\u0161ingyb\u0117 Plinijas Desinjoris, kovoja tarpusavyje, vykdydami i\u0161 esm\u0117s t\u0105 pa\u010di\u0105 misij\u0105: abu svajoja sutaikyti dvasi\u0105 ir pasaul\u012f.<\/p>\n<p>Hermannas Hesse \u2013 vokie\u010di\u0173 literat\u016bros klasikas, intelektini\u0173, filosofini\u0173 ir psichologini\u0173 roman\u0173 meistras, 1946 m. Nobelio premijos laureatas. Garsiausi k\u016briniai: \u201eStiklo karoliuk\u0173 \u017eaidimas&#8221;, \u201eStepi\u0173 vilkas&#8221;, \u201ePaskutin\u0117 Klingzoro vasara&#8221;, \u201eDemianas&#8221;, \u201eSidhatra&#8221;, \u201eNarcizas ir Auksaburnis&#8221; ir kiti.<\/p>\n","protected":false},"excerpt":{"rendered":"<p>\u201eStiklo karoliuk\u0173 \u017eaidimas&#8221; \u2013 brand\u017eiausias Hermanno Hesse&#8217;s romanas, peln\u0119s ra\u0161ytojui Nobelio premijos laureato \u0161lov\u0119. K\u016briny siekiama sutaikyti dvasios ir jausmo prie\u0161ybes, nagrin\u0117jamas am\u017einasis b\u016bties dualizmas. Veiksmo perk\u0117limas \u012f tolim\u0105 XXII am\u017ei\u0173 leid\u017eia ra\u0161ytojui susikaupti ties id\u0117j\u0173 pasauliu, nagrin\u0117ti problem\u0105 filosofiniu aspektu ignoruojant konkre\u010di\u0105 buit\u012f.<\/p>\n<p>Pagrindiniai romano veik\u0117jai, dvasinio prado rei\u0161k\u0117jas Jozefas Knechtas ir jo prie\u0161ingyb\u0117 Plinijas Desinjoris, kovoja tarpusavyje, vykdydami i\u0161 esm\u0117s t\u0105 pa\u010di\u0105 misij\u0105: abu svajoja sutaikyti dvasi\u0105 ir pasaul\u012f.<\/p>\n<p>Hermannas Hesse \u2013 vokie\u010di\u0173 literat\u016bros klasikas, intelektini\u0173, filosofini\u0173 ir psichologini\u0173 roman\u0173 meistras, 1946 m. Nobelio premijos laureatas. Garsiausi k\u016briniai: \u201eStiklo karoliuk\u0173 \u017eaidimas&#8221;, \u201eStepi\u0173 vilkas&#8221;, \u201ePaskutin\u0117 Klingzoro vasara&#8221;, \u201eDemianas&#8221;, \u201eSidhatra&#8221;, \u201eNarcizas ir Auksaburnis&#8221; ir kiti.<\/p>\n","protected":false},"featured_media":3742,"comment_status":"closed","ping_status":"closed","template":"","meta":{"_acf_changed":false,"site-sidebar-layout":"default","site-content-layout":"","ast-site-content-layout":"default","site-content-style":"default","site-sidebar-style":"default","ast-global-header-display":"","ast-banner-title-visibility":"","ast-main-header-display":"","ast-hfb-above-header-display":"","ast-hfb-below-header-display":"","ast-hfb-mobile-header-display":"","site-post-title":"","ast-breadcrumbs-content":"","ast-featured-img":"","footer-sml-layout":"","ast-disable-related-posts":"","theme-transparent-header-meta":"","adv-header-id-meta":"","stick-header-meta":"","header-above-stick-meta":"","header-main-stick-meta":"","header-below-stick-meta":"","astra-migrate-meta-layouts":"default","ast-page-background-enabled":"default","ast-page-background-meta":{"desktop":{"background-color":"","background-image":"","background-repeat":"repeat","background-position":"center center","background-size":"auto","background-attachment":"scroll","background-type":"","background-media":"","overlay-type":"","overlay-color":"","overlay-opacity":"","overlay-gradient":""},"tablet":{"background-color":"","background-image":"","background-repeat":"repeat","background-position":"center center","background-size":"auto","background-attachment":"scroll","background-type":"","background-media":"","overlay-type":"","overlay-color":"","overlay-opacity":"","overlay-gradient":""},"mobile":{"background-color":"","background-image":"","background-repeat":"repeat","background-position":"center center","background-size":"auto","background-attachment":"scroll","background-type":"","background-media":"","overlay-type":"","overlay-color":"","overlay-opacity":"","overlay-gradient":""}},"ast-content-background-meta":{"desktop":{"background-color":"var(--ast-global-color-4)","background-image":"","background-repeat":"repeat","background-position":"center center","background-size":"auto","background-attachment":"scroll","background-type":"","background-media":"","overlay-type":"","overlay-color":"","overlay-opacity":"","overlay-gradient":""},"tablet":{"background-color":"var(--ast-global-color-4)","background-image":"","background-repeat":"repeat","background-position":"center center","background-size":"auto","background-attachment":"scroll","background-type":"","background-media":"","overlay-type":"","overlay-color":"","overlay-opacity":"","overlay-gradient":""},"mobile":{"background-color":"var(--ast-global-color-4)","background-image":"","background-repeat":"repeat","background-position":"center center","background-size":"auto","background-attachment":"scroll","background-type":"","background-media":"","overlay-type":"","overlay-color":"","overlay-opacity":"","overlay-gradient":""}}},"product_brand":[],"product_cat":[31,28],"product_tag":[6018,2373,1467,1984,2857,1745,6019],"class_list":{"0":"post-8029","1":"product","2":"type-product","3":"status-publish","4":"has-post-thumbnail","6":"product_cat-grozine-literatura","7":"product_cat-klasika","8":"product_tag-dualizmas","9":"product_tag-dvasia","10":"product_tag-filosofija","11":"product_tag-hermann-hesse","12":"product_tag-nobelio-premija","13":"product_tag-romanas","14":"product_tag-xxii-amzius","15":"desktop-align-left","16":"tablet-align-left","17":"mobile-align-left","19":"first","20":"outofstock","21":"shipping-taxable","22":"purchasable","23":"product-type-simple"},"acf":[],"yoast_head":"<!-- This site is optimized with the Yoast SEO plugin v27.0 - https:\/\/yoast.com\/product\/yoast-seo-wordpress\/ -->\n<title>Stiklo karoliuk\u0173 \u017eaidimas<\/title>\n<meta name=\"description\" content=\"\u201eStiklo karoliuk\u0173 \u017eaidimas&quot; \u2013 brand\u017eiausias Hermanno Hesse&#039;s romanas, peln\u0119s ra\u0161ytojui Nobelio premijos laureato \u0161lov\u0119. K\u016briny siekiama sutaikyti dvasios ir jausmo prie\u0161ybes, nagrin\u0117jamas am\u017einasis b\u016bties dualizmas. Veiksmo perk\u0117limas \u012f tolim\u0105 XXII am\u017ei\u0173 leid\u017eia ra\u0161ytojui susikaupti ties id\u0117j\u0173 pasauliu, nagrin\u0117ti problem\u0105 filosofiniu aspektu ignoruojant konkre\u010di\u0105 buit\u012f.  Pagrindiniai romano veik\u0117jai, dvasinio prado rei\u0161k\u0117jas Jozefas Knechtas ir jo prie\u0161ingyb\u0117 Plinijas Desinjoris, kovoja tarpusavyje, vykdydami i\u0161 esm\u0117s t\u0105 pa\u010di\u0105 misij\u0105: abu svajoja sutaikyti dvasi\u0105 ir pasaul\u012f.  Hermannas Hesse \u2013 vokie\u010di\u0173 literat\u016bros klasikas, intelektini\u0173, filosofini\u0173 ir psichologini\u0173 roman\u0173 meistras, 1946 m. Nobelio premijos laureatas. Garsiausi k\u016briniai: \u201eStiklo karoliuk\u0173 \u017eaidimas&quot;, \u201eStepi\u0173 vilkas&quot;, \u201ePaskutin\u0117 Klingzoro vasara&quot;, \u201eDemianas&quot;, \u201eSidhatra&quot;, \u201eNarcizas ir Auksaburnis&quot; ir kiti.\" \/>\n<meta name=\"robots\" content=\"index, follow, max-snippet:-1, max-image-preview:large, max-video-preview:-1\" \/>\n<link rel=\"canonical\" href=\"https:\/\/skaitytaknyga.lt\/en\/produktas\/hermanas-hese-stiklo-karoliuku-zaidimas\/\" \/>\n<meta property=\"og:locale\" content=\"en_GB\" \/>\n<meta property=\"og:locale:alternate\" content=\"lt_LT\" \/>\n<meta property=\"og:type\" content=\"article\" \/>\n<meta property=\"og:title\" content=\"Stiklo karoliuk\u0173 \u017eaidimas\" \/>\n<meta property=\"og:description\" content=\"\u201eStiklo karoliuk\u0173 \u017eaidimas&quot; \u2013 brand\u017eiausias Hermanno Hesse&#039;s romanas, peln\u0119s ra\u0161ytojui Nobelio premijos laureato \u0161lov\u0119. K\u016briny siekiama sutaikyti dvasios ir jausmo prie\u0161ybes, nagrin\u0117jamas am\u017einasis b\u016bties dualizmas. Veiksmo perk\u0117limas \u012f tolim\u0105 XXII am\u017ei\u0173 leid\u017eia ra\u0161ytojui susikaupti ties id\u0117j\u0173 pasauliu, nagrin\u0117ti problem\u0105 filosofiniu aspektu ignoruojant konkre\u010di\u0105 buit\u012f.  Pagrindiniai romano veik\u0117jai, dvasinio prado rei\u0161k\u0117jas Jozefas Knechtas ir jo prie\u0161ingyb\u0117 Plinijas Desinjoris, kovoja tarpusavyje, vykdydami i\u0161 esm\u0117s t\u0105 pa\u010di\u0105 misij\u0105: abu svajoja sutaikyti dvasi\u0105 ir pasaul\u012f.  Hermannas Hesse \u2013 vokie\u010di\u0173 literat\u016bros klasikas, intelektini\u0173, filosofini\u0173 ir psichologini\u0173 roman\u0173 meistras, 1946 m. Nobelio premijos laureatas. Garsiausi k\u016briniai: \u201eStiklo karoliuk\u0173 \u017eaidimas&quot;, \u201eStepi\u0173 vilkas&quot;, \u201ePaskutin\u0117 Klingzoro vasara&quot;, \u201eDemianas&quot;, \u201eSidhatra&quot;, \u201eNarcizas ir Auksaburnis&quot; ir kiti.\" \/>\n<meta property=\"og:url\" content=\"https:\/\/skaitytaknyga.lt\/en\/produktas\/hermanas-hese-stiklo-karoliuku-zaidimas\/\" \/>\n<meta property=\"og:site_name\" content=\"Skaitytaknyga\" \/>\n<meta property=\"article:publisher\" content=\"https:\/\/www.facebook.com\/skaitytaknyga\/\" \/>\n<meta property=\"article:modified_time\" content=\"2025-11-22T14:15:18+00:00\" \/>\n<meta property=\"og:image\" content=\"https:\/\/skaitytaknyga.lt\/wp-content\/uploads\/2024\/04\/1497879074_jpg_0003.jpg\" \/>\n\t<meta property=\"og:image:width\" content=\"499\" \/>\n\t<meta property=\"og:image:height\" content=\"800\" \/>\n\t<meta property=\"og:image:type\" content=\"image\/jpeg\" \/>\n<meta name=\"twitter:card\" content=\"summary_large_image\" \/>\n<meta name=\"twitter:label1\" content=\"Estimated reading time\" \/>\n\t<meta name=\"twitter:data1\" content=\"1 minute\" \/>\n<script type=\"application\/ld+json\" class=\"yoast-schema-graph\">{\"@context\":\"https:\/\/schema.org\",\"@graph\":[{\"@type\":\"WebPage\",\"@id\":\"https:\/\/skaitytaknyga.lt\/produktas\/hermanas-hese-stiklo-karoliuku-zaidimas\/\",\"url\":\"https:\/\/skaitytaknyga.lt\/produktas\/hermanas-hese-stiklo-karoliuku-zaidimas\/\",\"name\":\"Stiklo karoliuk\u0173 \u017eaidimas\",\"isPartOf\":{\"@id\":\"https:\/\/skaitytaknyga.lt\/#website\"},\"primaryImageOfPage\":{\"@id\":\"https:\/\/skaitytaknyga.lt\/produktas\/hermanas-hese-stiklo-karoliuku-zaidimas\/#primaryimage\"},\"image\":{\"@id\":\"https:\/\/skaitytaknyga.lt\/produktas\/hermanas-hese-stiklo-karoliuku-zaidimas\/#primaryimage\"},\"thumbnailUrl\":\"https:\/\/skaitytaknyga.lt\/wp-content\/uploads\/2024\/04\/1497879074_jpg_0003.jpg\",\"datePublished\":\"2024-05-04T14:39:00+00:00\",\"dateModified\":\"2025-11-22T14:15:18+00:00\",\"description\":\"\u201eStiklo karoliuk\u0173 \u017eaidimas\\\" \u2013 brand\u017eiausias Hermanno Hesse's romanas, peln\u0119s ra\u0161ytojui Nobelio premijos laureato \u0161lov\u0119. K\u016briny siekiama sutaikyti dvasios ir jausmo prie\u0161ybes, nagrin\u0117jamas am\u017einasis b\u016bties dualizmas. Veiksmo perk\u0117limas \u012f tolim\u0105 XXII am\u017ei\u0173 leid\u017eia ra\u0161ytojui susikaupti ties id\u0117j\u0173 pasauliu, nagrin\u0117ti problem\u0105 filosofiniu aspektu ignoruojant konkre\u010di\u0105 buit\u012f. Pagrindiniai romano veik\u0117jai, dvasinio prado rei\u0161k\u0117jas Jozefas Knechtas ir jo prie\u0161ingyb\u0117 Plinijas Desinjoris, kovoja tarpusavyje, vykdydami i\u0161 esm\u0117s t\u0105 pa\u010di\u0105 misij\u0105: abu svajoja sutaikyti dvasi\u0105 ir pasaul\u012f. Hermannas Hesse \u2013 vokie\u010di\u0173 literat\u016bros klasikas, intelektini\u0173, filosofini\u0173 ir psichologini\u0173 roman\u0173 meistras, 1946 m. Nobelio premijos laureatas. Garsiausi k\u016briniai: \u201eStiklo karoliuk\u0173 \u017eaidimas\\\", \u201eStepi\u0173 vilkas\\\", \u201ePaskutin\u0117 Klingzoro vasara\\\", \u201eDemianas\\\", \u201eSidhatra\\\", \u201eNarcizas ir Auksaburnis\\\" ir kiti.\",\"breadcrumb\":{\"@id\":\"https:\/\/skaitytaknyga.lt\/produktas\/hermanas-hese-stiklo-karoliuku-zaidimas\/#breadcrumb\"},\"inLanguage\":\"en-GB\",\"potentialAction\":[{\"@type\":\"ReadAction\",\"target\":[\"https:\/\/skaitytaknyga.lt\/produktas\/hermanas-hese-stiklo-karoliuku-zaidimas\/\"]}]},{\"@type\":\"ImageObject\",\"inLanguage\":\"en-GB\",\"@id\":\"https:\/\/skaitytaknyga.lt\/produktas\/hermanas-hese-stiklo-karoliuku-zaidimas\/#primaryimage\",\"url\":\"https:\/\/skaitytaknyga.lt\/wp-content\/uploads\/2024\/04\/1497879074_jpg_0003.jpg\",\"contentUrl\":\"https:\/\/skaitytaknyga.lt\/wp-content\/uploads\/2024\/04\/1497879074_jpg_0003.jpg\",\"width\":499,\"height\":800,\"caption\":\"1497879074 jpg 0003\"},{\"@type\":\"BreadcrumbList\",\"@id\":\"https:\/\/skaitytaknyga.lt\/produktas\/hermanas-hese-stiklo-karoliuku-zaidimas\/#breadcrumb\",\"itemListElement\":[{\"@type\":\"ListItem\",\"position\":1,\"name\":\"Home\",\"item\":\"https:\/\/skaitytaknyga.lt\/\"},{\"@type\":\"ListItem\",\"position\":2,\"name\":\"Parduotuv\u0117\",\"item\":\"https:\/\/skaitytaknyga.lt\/knygu-parduotuve\/\"},{\"@type\":\"ListItem\",\"position\":3,\"name\":\"Stiklo karoliuk\u0173 \u017eaidimas\"}]},{\"@type\":\"WebSite\",\"@id\":\"https:\/\/skaitytaknyga.lt\/#website\",\"url\":\"https:\/\/skaitytaknyga.lt\/\",\"name\":\"skaitytaknyga.lt\",\"description\":\"Skaitytaknyga.lt \u2013 tai ma\u017eas \u0161eimos verslas, kuris prasid\u0117jo nuo meil\u0117s knygoms ir siekio i\u0161gelb\u0117ti knygas nuo likimo prie konteinerio. Kas vienam nereikalingas daiktas \u2013 kitam lobis, o mes esame tarpininkai, kurie padeda abiems tapti laimingesniems ???? \u017dinome kaip nelengva i\u0161gyventi ma\u017eiems verslams, tad nuo \u0161iol, \u010dia rasite ir kit\u0173, ma\u017e\u0173 \u0161eim\u0173 versl\u0173, rank\u0173 darbo, dovan\u0173 sau ir artimiesiems.\",\"publisher\":{\"@id\":\"https:\/\/skaitytaknyga.lt\/#organization\"},\"potentialAction\":[{\"@type\":\"SearchAction\",\"target\":{\"@type\":\"EntryPoint\",\"urlTemplate\":\"https:\/\/skaitytaknyga.lt\/?s={search_term_string}\"},\"query-input\":{\"@type\":\"PropertyValueSpecification\",\"valueRequired\":true,\"valueName\":\"search_term_string\"}}],\"inLanguage\":\"en-GB\"},{\"@type\":\"Organization\",\"@id\":\"https:\/\/skaitytaknyga.lt\/#organization\",\"name\":\"skaitytaknyga.lt\",\"url\":\"https:\/\/skaitytaknyga.lt\/\",\"logo\":{\"@type\":\"ImageObject\",\"inLanguage\":\"en-GB\",\"@id\":\"https:\/\/skaitytaknyga.lt\/#\/schema\/logo\/image\/\",\"url\":\"https:\/\/skaitytaknyga.lt\/wp-content\/uploads\/2024\/05\/cropped-cropped-cropped-02_00843_jt3bggkj1j3HLc7SyY6rEUpg.jpeg\",\"contentUrl\":\"https:\/\/skaitytaknyga.lt\/wp-content\/uploads\/2024\/05\/cropped-cropped-cropped-02_00843_jt3bggkj1j3HLc7SyY6rEUpg.jpeg\",\"width\":1600,\"height\":1600,\"caption\":\"skaitytaknyga.lt\"},\"image\":{\"@id\":\"https:\/\/skaitytaknyga.lt\/#\/schema\/logo\/image\/\"},\"sameAs\":[\"https:\/\/www.facebook.com\/skaitytaknyga\/\"]}]}<\/script>\n<!-- \/ Yoast SEO plugin. -->","yoast_head_json":{"title":"Stiklo karoliuk\u0173 \u017eaidimas","description":"\u201eStiklo karoliuk\u0173 \u017eaidimas\" \u2013 brand\u017eiausias Hermanno Hesse's romanas, peln\u0119s ra\u0161ytojui Nobelio premijos laureato \u0161lov\u0119. K\u016briny siekiama sutaikyti dvasios ir jausmo prie\u0161ybes, nagrin\u0117jamas am\u017einasis b\u016bties dualizmas. Veiksmo perk\u0117limas \u012f tolim\u0105 XXII am\u017ei\u0173 leid\u017eia ra\u0161ytojui susikaupti ties id\u0117j\u0173 pasauliu, nagrin\u0117ti problem\u0105 filosofiniu aspektu ignoruojant konkre\u010di\u0105 buit\u012f.  Pagrindiniai romano veik\u0117jai, dvasinio prado rei\u0161k\u0117jas Jozefas Knechtas ir jo prie\u0161ingyb\u0117 Plinijas Desinjoris, kovoja tarpusavyje, vykdydami i\u0161 esm\u0117s t\u0105 pa\u010di\u0105 misij\u0105: abu svajoja sutaikyti dvasi\u0105 ir pasaul\u012f.  Hermannas Hesse \u2013 vokie\u010di\u0173 literat\u016bros klasikas, intelektini\u0173, filosofini\u0173 ir psichologini\u0173 roman\u0173 meistras, 1946 m. Nobelio premijos laureatas. Garsiausi k\u016briniai: \u201eStiklo karoliuk\u0173 \u017eaidimas\", \u201eStepi\u0173 vilkas\", \u201ePaskutin\u0117 Klingzoro vasara\", \u201eDemianas\", \u201eSidhatra\", \u201eNarcizas ir Auksaburnis\" ir kiti.","robots":{"index":"index","follow":"follow","max-snippet":"max-snippet:-1","max-image-preview":"max-image-preview:large","max-video-preview":"max-video-preview:-1"},"canonical":"https:\/\/skaitytaknyga.lt\/en\/produktas\/hermanas-hese-stiklo-karoliuku-zaidimas\/","og_locale":"en_GB","og_type":"article","og_title":"[:lt]Stiklo karoliuk\u0173 \u017eaidimas[:] - Skaitytaknyga","og_description":"\u201eStiklo karoliuk\u0173 \u017eaidimas\" \u2013 brand\u017eiausias Hermanno Hesse's romanas, peln\u0119s ra\u0161ytojui Nobelio premijos laureato \u0161lov\u0119. K\u016briny siekiama sutaikyti dvasios ir jausmo prie\u0161ybes, nagrin\u0117jamas am\u017einasis b\u016bties dualizmas. Veiksmo perk\u0117limas \u012f tolim\u0105 XXII am\u017ei\u0173 leid\u017eia ra\u0161ytojui susikaupti ties id\u0117j\u0173 pasauliu, nagrin\u0117ti problem\u0105 filosofiniu aspektu ignoruojant konkre\u010di\u0105 buit\u012f.  Pagrindiniai romano veik\u0117jai, dvasinio prado rei\u0161k\u0117jas Jozefas Knechtas ir jo prie\u0161ingyb\u0117 Plinijas Desinjoris, kovoja tarpusavyje, vykdydami i\u0161 esm\u0117s t\u0105 pa\u010di\u0105 misij\u0105: abu svajoja sutaikyti dvasi\u0105 ir pasaul\u012f.  Hermannas Hesse \u2013 vokie\u010di\u0173 literat\u016bros klasikas, intelektini\u0173, filosofini\u0173 ir psichologini\u0173 roman\u0173 meistras, 1946 m. Nobelio premijos laureatas. Garsiausi k\u016briniai: \u201eStiklo karoliuk\u0173 \u017eaidimas\", \u201eStepi\u0173 vilkas\", \u201ePaskutin\u0117 Klingzoro vasara\", \u201eDemianas\", \u201eSidhatra\", \u201eNarcizas ir Auksaburnis\" ir kiti.","og_url":"https:\/\/skaitytaknyga.lt\/en\/produktas\/hermanas-hese-stiklo-karoliuku-zaidimas\/","og_site_name":"Skaitytaknyga","article_publisher":"https:\/\/www.facebook.com\/skaitytaknyga\/","article_modified_time":"2025-11-22T14:15:18+00:00","og_image":[{"width":499,"height":800,"url":"https:\/\/skaitytaknyga.lt\/wp-content\/uploads\/2024\/04\/1497879074_jpg_0003.jpg","type":"image\/jpeg"}],"twitter_card":"summary_large_image","twitter_misc":{"Estimated reading time":"1 minute"},"schema":{"@context":"https:\/\/schema.org","@graph":[{"@type":"WebPage","@id":"https:\/\/skaitytaknyga.lt\/produktas\/hermanas-hese-stiklo-karoliuku-zaidimas\/","url":"https:\/\/skaitytaknyga.lt\/produktas\/hermanas-hese-stiklo-karoliuku-zaidimas\/","name":"Stiklo karoliuk\u0173 \u017eaidimas","isPartOf":{"@id":"https:\/\/skaitytaknyga.lt\/#website"},"primaryImageOfPage":{"@id":"https:\/\/skaitytaknyga.lt\/produktas\/hermanas-hese-stiklo-karoliuku-zaidimas\/#primaryimage"},"image":{"@id":"https:\/\/skaitytaknyga.lt\/produktas\/hermanas-hese-stiklo-karoliuku-zaidimas\/#primaryimage"},"thumbnailUrl":"https:\/\/skaitytaknyga.lt\/wp-content\/uploads\/2024\/04\/1497879074_jpg_0003.jpg","datePublished":"2024-05-04T14:39:00+00:00","dateModified":"2025-11-22T14:15:18+00:00","description":"\u201eStiklo karoliuk\u0173 \u017eaidimas\" \u2013 brand\u017eiausias Hermanno Hesse's romanas, peln\u0119s ra\u0161ytojui Nobelio premijos laureato \u0161lov\u0119. K\u016briny siekiama sutaikyti dvasios ir jausmo prie\u0161ybes, nagrin\u0117jamas am\u017einasis b\u016bties dualizmas. Veiksmo perk\u0117limas \u012f tolim\u0105 XXII am\u017ei\u0173 leid\u017eia ra\u0161ytojui susikaupti ties id\u0117j\u0173 pasauliu, nagrin\u0117ti problem\u0105 filosofiniu aspektu ignoruojant konkre\u010di\u0105 buit\u012f. Pagrindiniai romano veik\u0117jai, dvasinio prado rei\u0161k\u0117jas Jozefas Knechtas ir jo prie\u0161ingyb\u0117 Plinijas Desinjoris, kovoja tarpusavyje, vykdydami i\u0161 esm\u0117s t\u0105 pa\u010di\u0105 misij\u0105: abu svajoja sutaikyti dvasi\u0105 ir pasaul\u012f. Hermannas Hesse \u2013 vokie\u010di\u0173 literat\u016bros klasikas, intelektini\u0173, filosofini\u0173 ir psichologini\u0173 roman\u0173 meistras, 1946 m. Nobelio premijos laureatas. Garsiausi k\u016briniai: \u201eStiklo karoliuk\u0173 \u017eaidimas\", \u201eStepi\u0173 vilkas\", \u201ePaskutin\u0117 Klingzoro vasara\", \u201eDemianas\", \u201eSidhatra\", \u201eNarcizas ir Auksaburnis\" ir kiti.","breadcrumb":{"@id":"https:\/\/skaitytaknyga.lt\/produktas\/hermanas-hese-stiklo-karoliuku-zaidimas\/#breadcrumb"},"inLanguage":"en-GB","potentialAction":[{"@type":"ReadAction","target":["https:\/\/skaitytaknyga.lt\/produktas\/hermanas-hese-stiklo-karoliuku-zaidimas\/"]}]},{"@type":"ImageObject","inLanguage":"en-GB","@id":"https:\/\/skaitytaknyga.lt\/produktas\/hermanas-hese-stiklo-karoliuku-zaidimas\/#primaryimage","url":"https:\/\/skaitytaknyga.lt\/wp-content\/uploads\/2024\/04\/1497879074_jpg_0003.jpg","contentUrl":"https:\/\/skaitytaknyga.lt\/wp-content\/uploads\/2024\/04\/1497879074_jpg_0003.jpg","width":499,"height":800,"caption":"1497879074 jpg 0003"},{"@type":"BreadcrumbList","@id":"https:\/\/skaitytaknyga.lt\/produktas\/hermanas-hese-stiklo-karoliuku-zaidimas\/#breadcrumb","itemListElement":[{"@type":"ListItem","position":1,"name":"Home","item":"https:\/\/skaitytaknyga.lt\/"},{"@type":"ListItem","position":2,"name":"Parduotuv\u0117","item":"https:\/\/skaitytaknyga.lt\/knygu-parduotuve\/"},{"@type":"ListItem","position":3,"name":"Stiklo karoliuk\u0173 \u017eaidimas"}]},{"@type":"WebSite","@id":"https:\/\/skaitytaknyga.lt\/#website","url":"https:\/\/skaitytaknyga.lt\/","name":"skaitytaknyga.lt","description":"Skaitytaknyga.lt \u2013 tai ma\u017eas \u0161eimos verslas, kuris prasid\u0117jo nuo meil\u0117s knygoms ir siekio i\u0161gelb\u0117ti knygas nuo likimo prie konteinerio. Kas vienam nereikalingas daiktas \u2013 kitam lobis, o mes esame tarpininkai, kurie padeda abiems tapti laimingesniems ???? \u017dinome kaip nelengva i\u0161gyventi ma\u017eiems verslams, tad nuo \u0161iol, \u010dia rasite ir kit\u0173, ma\u017e\u0173 \u0161eim\u0173 versl\u0173, rank\u0173 darbo, dovan\u0173 sau ir artimiesiems.","publisher":{"@id":"https:\/\/skaitytaknyga.lt\/#organization"},"potentialAction":[{"@type":"SearchAction","target":{"@type":"EntryPoint","urlTemplate":"https:\/\/skaitytaknyga.lt\/?s={search_term_string}"},"query-input":{"@type":"PropertyValueSpecification","valueRequired":true,"valueName":"search_term_string"}}],"inLanguage":"en-GB"},{"@type":"Organization","@id":"https:\/\/skaitytaknyga.lt\/#organization","name":"skaitytaknyga.lt","url":"https:\/\/skaitytaknyga.lt\/","logo":{"@type":"ImageObject","inLanguage":"en-GB","@id":"https:\/\/skaitytaknyga.lt\/#\/schema\/logo\/image\/","url":"https:\/\/skaitytaknyga.lt\/wp-content\/uploads\/2024\/05\/cropped-cropped-cropped-02_00843_jt3bggkj1j3HLc7SyY6rEUpg.jpeg","contentUrl":"https:\/\/skaitytaknyga.lt\/wp-content\/uploads\/2024\/05\/cropped-cropped-cropped-02_00843_jt3bggkj1j3HLc7SyY6rEUpg.jpeg","width":1600,"height":1600,"caption":"skaitytaknyga.lt"},"image":{"@id":"https:\/\/skaitytaknyga.lt\/#\/schema\/logo\/image\/"},"sameAs":["https:\/\/www.facebook.com\/skaitytaknyga\/"]}]}},"_links":{"self":[{"href":"https:\/\/skaitytaknyga.lt\/en\/wp-json\/wp\/v2\/product\/8029","targetHints":{"allow":["GET"]}}],"collection":[{"href":"https:\/\/skaitytaknyga.lt\/en\/wp-json\/wp\/v2\/product"}],"about":[{"href":"https:\/\/skaitytaknyga.lt\/en\/wp-json\/wp\/v2\/types\/product"}],"replies":[{"embeddable":true,"href":"https:\/\/skaitytaknyga.lt\/en\/wp-json\/wp\/v2\/comments?post=8029"}],"wp:featuredmedia":[{"embeddable":true,"href":"https:\/\/skaitytaknyga.lt\/en\/wp-json\/wp\/v2\/media\/3742"}],"wp:attachment":[{"href":"https:\/\/skaitytaknyga.lt\/en\/wp-json\/wp\/v2\/media?parent=8029"}],"wp:term":[{"taxonomy":"product_brand","embeddable":true,"href":"https:\/\/skaitytaknyga.lt\/en\/wp-json\/wp\/v2\/product_brand?post=8029"},{"taxonomy":"product_cat","embeddable":true,"href":"https:\/\/skaitytaknyga.lt\/en\/wp-json\/wp\/v2\/product_cat?post=8029"},{"taxonomy":"product_tag","embeddable":true,"href":"https:\/\/skaitytaknyga.lt\/en\/wp-json\/wp\/v2\/product_tag?post=8029"}],"curies":[{"name":"wp","href":"https:\/\/api.w.org\/{rel}","templated":true}]}}