{"id":8023,"date":"2024-06-14T16:50:00","date_gmt":"2024-06-14T16:50:00","guid":{"rendered":"https:\/\/skaitytaknyga.lt\/?post_type=product&#038;p=8023"},"modified":"2025-07-31T08:00:44","modified_gmt":"2025-07-31T05:00:44","slug":"liselotte-welskopf-henrich-jaunasis-vadas-3","status":"publish","type":"product","link":"https:\/\/skaitytaknyga.lt\/en\/produktas\/liselotte-welskopf-henrich-jaunasis-vadas-3\/","title":{"rendered":"Liselotte Welskopf-Henrich \u201eJaunasis vadas\u201c"},"content":{"rendered":"<p>Ciklo \u201eDid\u017eiosios Lok\u0117s s\u016bnus\u201c penktoji knyga, kurioje pasakojama apie Hark\u0105, tapus\u012f dr\u0105siu ir gerbiamu Lok\u0117s gimin\u0117s vadu Tokei Ito.<\/p>\n<p>Jis veda \u012f lemting\u0105 kov\u0105 su baltaisiais \u017emon\u0117mis, sulau\u017eiusiais visas sutartis su ind\u0117nais. Dr\u0105sa ir protas padeda jaunajam vadui pasiekti tiksl\u0105. Ta\u010diau leisdamasis der\u0117tis \u012f balt\u0173j\u0173 fort\u0105, jis pernelyg rizikuoja\u2026<\/p>\n","protected":false},"excerpt":{"rendered":"<p>Ciklo \u201eDid\u017eiosios Lok\u0117s s\u016bnus\u201c penktoji knyga, kurioje pasakojama apie Hark\u0105, tapus\u012f dr\u0105siu ir gerbiamu Lok\u0117s gimin\u0117s vadu Tokei Ito.<\/p>\n<p>Jis veda \u012f lemting\u0105 kov\u0105 su baltaisiais \u017emon\u0117mis, sulau\u017eiusiais visas sutartis su ind\u0117nais. Dr\u0105sa ir protas padeda jaunajam vadui pasiekti tiksl\u0105. Ta\u010diau leisdamasis der\u0117tis \u012f balt\u0173j\u0173 fort\u0105, jis pernelyg rizikuoja\u2026<\/p>\n","protected":false},"featured_media":3736,"comment_status":"closed","ping_status":"closed","template":"","meta":{"_acf_changed":false,"site-sidebar-layout":"default","site-content-layout":"","ast-site-content-layout":"default","site-content-style":"default","site-sidebar-style":"default","ast-global-header-display":"","ast-banner-title-visibility":"","ast-main-header-display":"","ast-hfb-above-header-display":"","ast-hfb-below-header-display":"","ast-hfb-mobile-header-display":"","site-post-title":"","ast-breadcrumbs-content":"","ast-featured-img":"","footer-sml-layout":"","ast-disable-related-posts":"","theme-transparent-header-meta":"","adv-header-id-meta":"","stick-header-meta":"","header-above-stick-meta":"","header-main-stick-meta":"","header-below-stick-meta":"","astra-migrate-meta-layouts":"default","ast-page-background-enabled":"default","ast-page-background-meta":{"desktop":{"background-color":"","background-image":"","background-repeat":"repeat","background-position":"center center","background-size":"auto","background-attachment":"scroll","background-type":"","background-media":"","overlay-type":"","overlay-color":"","overlay-opacity":"","overlay-gradient":""},"tablet":{"background-color":"","background-image":"","background-repeat":"repeat","background-position":"center center","background-size":"auto","background-attachment":"scroll","background-type":"","background-media":"","overlay-type":"","overlay-color":"","overlay-opacity":"","overlay-gradient":""},"mobile":{"background-color":"","background-image":"","background-repeat":"repeat","background-position":"center center","background-size":"auto","background-attachment":"scroll","background-type":"","background-media":"","overlay-type":"","overlay-color":"","overlay-opacity":"","overlay-gradient":""}},"ast-content-background-meta":{"desktop":{"background-color":"var(--ast-global-color-4)","background-image":"","background-repeat":"repeat","background-position":"center center","background-size":"auto","background-attachment":"scroll","background-type":"","background-media":"","overlay-type":"","overlay-color":"","overlay-opacity":"","overlay-gradient":""},"tablet":{"background-color":"var(--ast-global-color-4)","background-image":"","background-repeat":"repeat","background-position":"center center","background-size":"auto","background-attachment":"scroll","background-type":"","background-media":"","overlay-type":"","overlay-color":"","overlay-opacity":"","overlay-gradient":""},"mobile":{"background-color":"var(--ast-global-color-4)","background-image":"","background-repeat":"repeat","background-position":"center center","background-size":"auto","background-attachment":"scroll","background-type":"","background-media":"","overlay-type":"","overlay-color":"","overlay-opacity":"","overlay-gradient":""}}},"product_brand":[],"product_cat":[28],"product_tag":[3375,7046,7032,7037,7036],"class_list":{"0":"post-8023","1":"product","2":"type-product","3":"status-publish","4":"has-post-thumbnail","6":"product_cat-klasika","7":"product_tag-indenai","8":"product_tag-kova-su-baltaisiais","9":"product_tag-liselotte-welskopf-henrich","10":"product_tag-lokes-gimine","11":"product_tag-vadas","12":"desktop-align-left","13":"tablet-align-left","14":"mobile-align-left","16":"first","17":"instock","18":"shipping-taxable","19":"purchasable","20":"product-type-simple"},"acf":[],"yoast_head":"<!-- This site is optimized with the Yoast SEO plugin v27.0 - https:\/\/yoast.com\/product\/yoast-seo-wordpress\/ -->\n<title>Liselotte Welskopf-Henrich \u201eJaunasis vadas\u201c - Skaitytaknyga<\/title>\n<meta name=\"description\" content=\"Ciklo \u201eDid\u017eiosios Lok\u0117s s\u016bnus\u201c penktoji knyga, kurioje pasakojama apie Hark\u0105, tapus\u012f dr\u0105siu ir gerbiamu Lok\u0117s gimin\u0117s vadu Tokei Ito.  Jis veda \u012f lemting\u0105 kov\u0105 su baltaisiais \u017emon\u0117mis, sulau\u017eiusiais visas sutartis su ind\u0117nais. Dr\u0105sa ir protas padeda jaunajam vadui pasiekti tiksl\u0105. Ta\u010diau leisdamasis der\u0117tis \u012f balt\u0173j\u0173 fort\u0105, jis pernelyg rizikuoja\u2026\" \/>\n<meta name=\"robots\" content=\"index, follow, max-snippet:-1, max-image-preview:large, max-video-preview:-1\" \/>\n<link rel=\"canonical\" href=\"https:\/\/skaitytaknyga.lt\/en\/produktas\/liselotte-welskopf-henrich-jaunasis-vadas-3\/\" \/>\n<meta property=\"og:locale\" content=\"en_GB\" \/>\n<meta property=\"og:locale:alternate\" content=\"lt_LT\" \/>\n<meta property=\"og:type\" content=\"article\" \/>\n<meta property=\"og:title\" content=\"Liselotte Welskopf-Henrich \u201eJaunasis vadas\u201c - Skaitytaknyga\" \/>\n<meta property=\"og:description\" content=\"Ciklo \u201eDid\u017eiosios Lok\u0117s s\u016bnus\u201c penktoji knyga, kurioje pasakojama apie Hark\u0105, tapus\u012f dr\u0105siu ir gerbiamu Lok\u0117s gimin\u0117s vadu Tokei Ito.  Jis veda \u012f lemting\u0105 kov\u0105 su baltaisiais \u017emon\u0117mis, sulau\u017eiusiais visas sutartis su ind\u0117nais. Dr\u0105sa ir protas padeda jaunajam vadui pasiekti tiksl\u0105. Ta\u010diau leisdamasis der\u0117tis \u012f balt\u0173j\u0173 fort\u0105, jis pernelyg rizikuoja\u2026\" \/>\n<meta property=\"og:url\" content=\"https:\/\/skaitytaknyga.lt\/en\/produktas\/liselotte-welskopf-henrich-jaunasis-vadas-3\/\" \/>\n<meta property=\"og:site_name\" content=\"Skaitytaknyga\" \/>\n<meta property=\"article:publisher\" content=\"https:\/\/www.facebook.com\/skaitytaknyga\/\" \/>\n<meta property=\"article:modified_time\" content=\"2025-07-31T05:00:44+00:00\" \/>\n<meta property=\"og:image\" content=\"https:\/\/skaitytaknyga.lt\/wp-content\/uploads\/2024\/04\/1462890655_img0011-001.jpg\" \/>\n\t<meta property=\"og:image:width\" content=\"282\" \/>\n\t<meta property=\"og:image:height\" content=\"430\" \/>\n\t<meta property=\"og:image:type\" content=\"image\/jpeg\" \/>\n<meta name=\"twitter:card\" content=\"summary_large_image\" \/>\n<script type=\"application\/ld+json\" class=\"yoast-schema-graph\">{\"@context\":\"https:\/\/schema.org\",\"@graph\":[{\"@type\":\"WebPage\",\"@id\":\"https:\/\/skaitytaknyga.lt\/produktas\/liselotte-welskopf-henrich-jaunasis-vadas-3\/\",\"url\":\"https:\/\/skaitytaknyga.lt\/produktas\/liselotte-welskopf-henrich-jaunasis-vadas-3\/\",\"name\":\"Liselotte Welskopf-Henrich \u201eJaunasis vadas\u201c - Skaitytaknyga\",\"isPartOf\":{\"@id\":\"https:\/\/skaitytaknyga.lt\/#website\"},\"primaryImageOfPage\":{\"@id\":\"https:\/\/skaitytaknyga.lt\/produktas\/liselotte-welskopf-henrich-jaunasis-vadas-3\/#primaryimage\"},\"image\":{\"@id\":\"https:\/\/skaitytaknyga.lt\/produktas\/liselotte-welskopf-henrich-jaunasis-vadas-3\/#primaryimage\"},\"thumbnailUrl\":\"https:\/\/skaitytaknyga.lt\/wp-content\/uploads\/2024\/04\/1462890655_img0011-001.jpg\",\"datePublished\":\"2024-06-14T16:50:00+00:00\",\"dateModified\":\"2025-07-31T05:00:44+00:00\",\"description\":\"Ciklo \u201eDid\u017eiosios Lok\u0117s s\u016bnus\u201c penktoji knyga, kurioje pasakojama apie Hark\u0105, tapus\u012f dr\u0105siu ir gerbiamu Lok\u0117s gimin\u0117s vadu Tokei Ito. Jis veda \u012f lemting\u0105 kov\u0105 su baltaisiais \u017emon\u0117mis, sulau\u017eiusiais visas sutartis su ind\u0117nais. Dr\u0105sa ir protas padeda jaunajam vadui pasiekti tiksl\u0105. Ta\u010diau leisdamasis der\u0117tis \u012f balt\u0173j\u0173 fort\u0105, jis pernelyg rizikuoja\u2026\",\"breadcrumb\":{\"@id\":\"https:\/\/skaitytaknyga.lt\/produktas\/liselotte-welskopf-henrich-jaunasis-vadas-3\/#breadcrumb\"},\"inLanguage\":\"en-GB\",\"potentialAction\":[{\"@type\":\"ReadAction\",\"target\":[\"https:\/\/skaitytaknyga.lt\/produktas\/liselotte-welskopf-henrich-jaunasis-vadas-3\/\"]}]},{\"@type\":\"ImageObject\",\"inLanguage\":\"en-GB\",\"@id\":\"https:\/\/skaitytaknyga.lt\/produktas\/liselotte-welskopf-henrich-jaunasis-vadas-3\/#primaryimage\",\"url\":\"https:\/\/skaitytaknyga.lt\/wp-content\/uploads\/2024\/04\/1462890655_img0011-001.jpg\",\"contentUrl\":\"https:\/\/skaitytaknyga.lt\/wp-content\/uploads\/2024\/04\/1462890655_img0011-001.jpg\",\"width\":282,\"height\":430,\"caption\":\"1462890655 img0011 001\"},{\"@type\":\"BreadcrumbList\",\"@id\":\"https:\/\/skaitytaknyga.lt\/produktas\/liselotte-welskopf-henrich-jaunasis-vadas-3\/#breadcrumb\",\"itemListElement\":[{\"@type\":\"ListItem\",\"position\":1,\"name\":\"Home\",\"item\":\"https:\/\/skaitytaknyga.lt\/\"},{\"@type\":\"ListItem\",\"position\":2,\"name\":\"Parduotuv\u0117\",\"item\":\"https:\/\/skaitytaknyga.lt\/knygu-parduotuve\/\"},{\"@type\":\"ListItem\",\"position\":3,\"name\":\"Liselotte Welskopf-Henrich \u201eJaunasis vadas\u201c\"}]},{\"@type\":\"WebSite\",\"@id\":\"https:\/\/skaitytaknyga.lt\/#website\",\"url\":\"https:\/\/skaitytaknyga.lt\/\",\"name\":\"skaitytaknyga.lt\",\"description\":\"Skaitytaknyga.lt \u2013 tai ma\u017eas \u0161eimos verslas, kuris prasid\u0117jo nuo meil\u0117s knygoms ir siekio i\u0161gelb\u0117ti knygas nuo likimo prie konteinerio. Kas vienam nereikalingas daiktas \u2013 kitam lobis, o mes esame tarpininkai, kurie padeda abiems tapti laimingesniems ???? \u017dinome kaip nelengva i\u0161gyventi ma\u017eiems verslams, tad nuo \u0161iol, \u010dia rasite ir kit\u0173, ma\u017e\u0173 \u0161eim\u0173 versl\u0173, rank\u0173 darbo, dovan\u0173 sau ir artimiesiems.\",\"publisher\":{\"@id\":\"https:\/\/skaitytaknyga.lt\/#organization\"},\"potentialAction\":[{\"@type\":\"SearchAction\",\"target\":{\"@type\":\"EntryPoint\",\"urlTemplate\":\"https:\/\/skaitytaknyga.lt\/?s={search_term_string}\"},\"query-input\":{\"@type\":\"PropertyValueSpecification\",\"valueRequired\":true,\"valueName\":\"search_term_string\"}}],\"inLanguage\":\"en-GB\"},{\"@type\":\"Organization\",\"@id\":\"https:\/\/skaitytaknyga.lt\/#organization\",\"name\":\"skaitytaknyga.lt\",\"url\":\"https:\/\/skaitytaknyga.lt\/\",\"logo\":{\"@type\":\"ImageObject\",\"inLanguage\":\"en-GB\",\"@id\":\"https:\/\/skaitytaknyga.lt\/#\/schema\/logo\/image\/\",\"url\":\"https:\/\/skaitytaknyga.lt\/wp-content\/uploads\/2024\/05\/cropped-cropped-cropped-02_00843_jt3bggkj1j3HLc7SyY6rEUpg.jpeg\",\"contentUrl\":\"https:\/\/skaitytaknyga.lt\/wp-content\/uploads\/2024\/05\/cropped-cropped-cropped-02_00843_jt3bggkj1j3HLc7SyY6rEUpg.jpeg\",\"width\":1600,\"height\":1600,\"caption\":\"skaitytaknyga.lt\"},\"image\":{\"@id\":\"https:\/\/skaitytaknyga.lt\/#\/schema\/logo\/image\/\"},\"sameAs\":[\"https:\/\/www.facebook.com\/skaitytaknyga\/\"]}]}<\/script>\n<!-- \/ Yoast SEO plugin. -->","yoast_head_json":{"title":"Liselotte Welskopf-Henrich \u201eJaunasis vadas\u201c - Skaitytaknyga","description":"Ciklo \u201eDid\u017eiosios Lok\u0117s s\u016bnus\u201c penktoji knyga, kurioje pasakojama apie Hark\u0105, tapus\u012f dr\u0105siu ir gerbiamu Lok\u0117s gimin\u0117s vadu Tokei Ito.  Jis veda \u012f lemting\u0105 kov\u0105 su baltaisiais \u017emon\u0117mis, sulau\u017eiusiais visas sutartis su ind\u0117nais. Dr\u0105sa ir protas padeda jaunajam vadui pasiekti tiksl\u0105. Ta\u010diau leisdamasis der\u0117tis \u012f balt\u0173j\u0173 fort\u0105, jis pernelyg rizikuoja\u2026","robots":{"index":"index","follow":"follow","max-snippet":"max-snippet:-1","max-image-preview":"max-image-preview:large","max-video-preview":"max-video-preview:-1"},"canonical":"https:\/\/skaitytaknyga.lt\/en\/produktas\/liselotte-welskopf-henrich-jaunasis-vadas-3\/","og_locale":"en_GB","og_type":"article","og_title":"Liselotte Welskopf-Henrich \u201eJaunasis vadas\u201c - Skaitytaknyga","og_description":"Ciklo \u201eDid\u017eiosios Lok\u0117s s\u016bnus\u201c penktoji knyga, kurioje pasakojama apie Hark\u0105, tapus\u012f dr\u0105siu ir gerbiamu Lok\u0117s gimin\u0117s vadu Tokei Ito.  Jis veda \u012f lemting\u0105 kov\u0105 su baltaisiais \u017emon\u0117mis, sulau\u017eiusiais visas sutartis su ind\u0117nais. Dr\u0105sa ir protas padeda jaunajam vadui pasiekti tiksl\u0105. Ta\u010diau leisdamasis der\u0117tis \u012f balt\u0173j\u0173 fort\u0105, jis pernelyg rizikuoja\u2026","og_url":"https:\/\/skaitytaknyga.lt\/en\/produktas\/liselotte-welskopf-henrich-jaunasis-vadas-3\/","og_site_name":"Skaitytaknyga","article_publisher":"https:\/\/www.facebook.com\/skaitytaknyga\/","article_modified_time":"2025-07-31T05:00:44+00:00","og_image":[{"width":282,"height":430,"url":"https:\/\/skaitytaknyga.lt\/wp-content\/uploads\/2024\/04\/1462890655_img0011-001.jpg","type":"image\/jpeg"}],"twitter_card":"summary_large_image","schema":{"@context":"https:\/\/schema.org","@graph":[{"@type":"WebPage","@id":"https:\/\/skaitytaknyga.lt\/produktas\/liselotte-welskopf-henrich-jaunasis-vadas-3\/","url":"https:\/\/skaitytaknyga.lt\/produktas\/liselotte-welskopf-henrich-jaunasis-vadas-3\/","name":"Liselotte Welskopf-Henrich \u201eJaunasis vadas\u201c - Skaitytaknyga","isPartOf":{"@id":"https:\/\/skaitytaknyga.lt\/#website"},"primaryImageOfPage":{"@id":"https:\/\/skaitytaknyga.lt\/produktas\/liselotte-welskopf-henrich-jaunasis-vadas-3\/#primaryimage"},"image":{"@id":"https:\/\/skaitytaknyga.lt\/produktas\/liselotte-welskopf-henrich-jaunasis-vadas-3\/#primaryimage"},"thumbnailUrl":"https:\/\/skaitytaknyga.lt\/wp-content\/uploads\/2024\/04\/1462890655_img0011-001.jpg","datePublished":"2024-06-14T16:50:00+00:00","dateModified":"2025-07-31T05:00:44+00:00","description":"Ciklo \u201eDid\u017eiosios Lok\u0117s s\u016bnus\u201c penktoji knyga, kurioje pasakojama apie Hark\u0105, tapus\u012f dr\u0105siu ir gerbiamu Lok\u0117s gimin\u0117s vadu Tokei Ito. Jis veda \u012f lemting\u0105 kov\u0105 su baltaisiais \u017emon\u0117mis, sulau\u017eiusiais visas sutartis su ind\u0117nais. Dr\u0105sa ir protas padeda jaunajam vadui pasiekti tiksl\u0105. Ta\u010diau leisdamasis der\u0117tis \u012f balt\u0173j\u0173 fort\u0105, jis pernelyg rizikuoja\u2026","breadcrumb":{"@id":"https:\/\/skaitytaknyga.lt\/produktas\/liselotte-welskopf-henrich-jaunasis-vadas-3\/#breadcrumb"},"inLanguage":"en-GB","potentialAction":[{"@type":"ReadAction","target":["https:\/\/skaitytaknyga.lt\/produktas\/liselotte-welskopf-henrich-jaunasis-vadas-3\/"]}]},{"@type":"ImageObject","inLanguage":"en-GB","@id":"https:\/\/skaitytaknyga.lt\/produktas\/liselotte-welskopf-henrich-jaunasis-vadas-3\/#primaryimage","url":"https:\/\/skaitytaknyga.lt\/wp-content\/uploads\/2024\/04\/1462890655_img0011-001.jpg","contentUrl":"https:\/\/skaitytaknyga.lt\/wp-content\/uploads\/2024\/04\/1462890655_img0011-001.jpg","width":282,"height":430,"caption":"1462890655 img0011 001"},{"@type":"BreadcrumbList","@id":"https:\/\/skaitytaknyga.lt\/produktas\/liselotte-welskopf-henrich-jaunasis-vadas-3\/#breadcrumb","itemListElement":[{"@type":"ListItem","position":1,"name":"Home","item":"https:\/\/skaitytaknyga.lt\/"},{"@type":"ListItem","position":2,"name":"Parduotuv\u0117","item":"https:\/\/skaitytaknyga.lt\/knygu-parduotuve\/"},{"@type":"ListItem","position":3,"name":"Liselotte Welskopf-Henrich \u201eJaunasis vadas\u201c"}]},{"@type":"WebSite","@id":"https:\/\/skaitytaknyga.lt\/#website","url":"https:\/\/skaitytaknyga.lt\/","name":"skaitytaknyga.lt","description":"Skaitytaknyga.lt \u2013 tai ma\u017eas \u0161eimos verslas, kuris prasid\u0117jo nuo meil\u0117s knygoms ir siekio i\u0161gelb\u0117ti knygas nuo likimo prie konteinerio. Kas vienam nereikalingas daiktas \u2013 kitam lobis, o mes esame tarpininkai, kurie padeda abiems tapti laimingesniems ???? \u017dinome kaip nelengva i\u0161gyventi ma\u017eiems verslams, tad nuo \u0161iol, \u010dia rasite ir kit\u0173, ma\u017e\u0173 \u0161eim\u0173 versl\u0173, rank\u0173 darbo, dovan\u0173 sau ir artimiesiems.","publisher":{"@id":"https:\/\/skaitytaknyga.lt\/#organization"},"potentialAction":[{"@type":"SearchAction","target":{"@type":"EntryPoint","urlTemplate":"https:\/\/skaitytaknyga.lt\/?s={search_term_string}"},"query-input":{"@type":"PropertyValueSpecification","valueRequired":true,"valueName":"search_term_string"}}],"inLanguage":"en-GB"},{"@type":"Organization","@id":"https:\/\/skaitytaknyga.lt\/#organization","name":"skaitytaknyga.lt","url":"https:\/\/skaitytaknyga.lt\/","logo":{"@type":"ImageObject","inLanguage":"en-GB","@id":"https:\/\/skaitytaknyga.lt\/#\/schema\/logo\/image\/","url":"https:\/\/skaitytaknyga.lt\/wp-content\/uploads\/2024\/05\/cropped-cropped-cropped-02_00843_jt3bggkj1j3HLc7SyY6rEUpg.jpeg","contentUrl":"https:\/\/skaitytaknyga.lt\/wp-content\/uploads\/2024\/05\/cropped-cropped-cropped-02_00843_jt3bggkj1j3HLc7SyY6rEUpg.jpeg","width":1600,"height":1600,"caption":"skaitytaknyga.lt"},"image":{"@id":"https:\/\/skaitytaknyga.lt\/#\/schema\/logo\/image\/"},"sameAs":["https:\/\/www.facebook.com\/skaitytaknyga\/"]}]}},"_links":{"self":[{"href":"https:\/\/skaitytaknyga.lt\/en\/wp-json\/wp\/v2\/product\/8023","targetHints":{"allow":["GET"]}}],"collection":[{"href":"https:\/\/skaitytaknyga.lt\/en\/wp-json\/wp\/v2\/product"}],"about":[{"href":"https:\/\/skaitytaknyga.lt\/en\/wp-json\/wp\/v2\/types\/product"}],"replies":[{"embeddable":true,"href":"https:\/\/skaitytaknyga.lt\/en\/wp-json\/wp\/v2\/comments?post=8023"}],"wp:featuredmedia":[{"embeddable":true,"href":"https:\/\/skaitytaknyga.lt\/en\/wp-json\/wp\/v2\/media\/3736"}],"wp:attachment":[{"href":"https:\/\/skaitytaknyga.lt\/en\/wp-json\/wp\/v2\/media?parent=8023"}],"wp:term":[{"taxonomy":"product_brand","embeddable":true,"href":"https:\/\/skaitytaknyga.lt\/en\/wp-json\/wp\/v2\/product_brand?post=8023"},{"taxonomy":"product_cat","embeddable":true,"href":"https:\/\/skaitytaknyga.lt\/en\/wp-json\/wp\/v2\/product_cat?post=8023"},{"taxonomy":"product_tag","embeddable":true,"href":"https:\/\/skaitytaknyga.lt\/en\/wp-json\/wp\/v2\/product_tag?post=8023"}],"curies":[{"name":"wp","href":"https:\/\/api.w.org\/{rel}","templated":true}]}}