{"id":8021,"date":"2024-05-04T14:39:00","date_gmt":"2024-05-04T14:39:00","guid":{"rendered":"https:\/\/skaitytaknyga.lt\/?post_type=product&#038;p=8021"},"modified":"2026-03-18T12:34:11","modified_gmt":"2026-03-18T10:34:11","slug":"theo-lawrence-mistinis-miestas-2","status":"publish","type":"product","link":"https:\/\/skaitytaknyga.lt\/en\/produktas\/theo-lawrence-mistinis-miestas-2\/","title":{"rendered":"Mistinis miestas"},"content":{"rendered":"<p>Magi\u0161kas miestas padalytas.<\/p>\n<p>Br\u0119sta mai\u0161tas.<\/p>\n<p>\u012esi\u017eiebia am\u017eina meil\u0117.<\/p>\n<p>\u201eBado \u017eaidyni\u0173\u201c gerb\u0117j\u0173 laukia priblo\u0161kiantis pasakojimas apie paslapting\u0105 miest\u0105, jame \u012fsiplieskiant\u012f sukilim\u0105 ir meil\u0119, kuri tur\u0117jo trukti am\u017einai.<\/p>\n<p>Manhatane, dar vadinamame Mistiniu Miestu, turtingieji ir galingieji tarpsta dangorai\u017eiuose \u2013 Vir\u0161\u016bn\u0117se. Varg\u0161ai glaud\u017eiasi purvinose Gilyb\u0117se \u0161alia mistik\u0173. \u0160i\u0173 skleid\u017eiama energija palaiko miesto gyvyb\u0119.<\/p>\n<p>Vir\u0161\u016bn\u0117se gyvenanti Arija Rouz yra beproti\u0161kai \u012fsimyl\u0117jusi Tom\u0105 Foster\u012f. Bent jau \u0161itaip jai buvo pasakyta.<\/p>\n<p>Vien\u0105 dien\u0105 Arija prabunda su baisiomis atminties spragomis. Mergina neprisimena slapt\u0173 pasimatym\u0173 su Tomu, am\u017eino savo t\u0117vo prie\u0161o s\u016bnumi, tuo labiau neprisimena, kad b\u016bt\u0173 j\u012f pamilusi. Dabar jie su Tomu su\u017ead\u0117tiniai, j\u0173 s\u0105junga galiausiai u\u017eglaistys ilgame\u010dius dviej\u0173 \u0161eim\u0173 kivir\u010dus.<\/p>\n<p>Gilyb\u0117se Arija sutinka Med\u017eiotoj\u0105 \u2013 nuostab\u0173 mai\u0161ting\u0105 mistik\u0105, galint\u012f atskleisti jos praeit\u012f. Atverdama tamsias praeities paslaptis, mergina rizikuoja am\u017einai prarasti tikr\u0105j\u0105 meil\u0119.<\/p>\n<p>\u201eMistinis miestas\u201c \u2013 romanas apie u\u017edraust\u0105 aistr\u0105, baisias i\u0161davystes ir svaiginan\u010di\u0105 magij\u0105.<\/p>\n","protected":false},"excerpt":{"rendered":"<p>Magi\u0161kas miestas padalytas.<\/p>\n<p>Br\u0119sta mai\u0161tas.<\/p>\n<p>\u012esi\u017eiebia am\u017eina meil\u0117.<\/p>\n<p>\u201eBado \u017eaidyni\u0173\u201c gerb\u0117j\u0173 laukia priblo\u0161kiantis pasakojimas apie paslapting\u0105 miest\u0105, jame \u012fsiplieskiant\u012f sukilim\u0105 ir meil\u0119, kuri tur\u0117jo trukti am\u017einai.<\/p>\n<p>Manhatane, dar vadinamame Mistiniu Miestu, turtingieji ir galingieji tarpsta dangorai\u017eiuose \u2013 Vir\u0161\u016bn\u0117se. Varg\u0161ai glaud\u017eiasi purvinose Gilyb\u0117se \u0161alia mistik\u0173. \u0160i\u0173 skleid\u017eiama energija palaiko miesto gyvyb\u0119.<\/p>\n<p>Vir\u0161\u016bn\u0117se gyvenanti Arija Rouz yra beproti\u0161kai \u012fsimyl\u0117jusi Tom\u0105 Foster\u012f. Bent jau \u0161itaip jai buvo pasakyta.<\/p>\n<p>Vien\u0105 dien\u0105 Arija prabunda su baisiomis atminties spragomis. Mergina neprisimena slapt\u0173 pasimatym\u0173 su Tomu, am\u017eino savo t\u0117vo prie\u0161o s\u016bnumi, tuo labiau neprisimena, kad b\u016bt\u0173 j\u012f pamilusi. Dabar jie su Tomu su\u017ead\u0117tiniai, j\u0173 s\u0105junga galiausiai u\u017eglaistys ilgame\u010dius dviej\u0173 \u0161eim\u0173 kivir\u010dus.<\/p>\n<p>Gilyb\u0117se Arija sutinka Med\u017eiotoj\u0105 \u2013 nuostab\u0173 mai\u0161ting\u0105 mistik\u0105, galint\u012f atskleisti jos praeit\u012f. Atverdama tamsias praeities paslaptis, mergina rizikuoja am\u017einai prarasti tikr\u0105j\u0105 meil\u0119.<\/p>\n<p>\u201eMistinis miestas\u201c \u2013 romanas apie u\u017edraust\u0105 aistr\u0105, baisias i\u0161davystes ir svaiginan\u010di\u0105 magij\u0105.<\/p>\n","protected":false},"featured_media":3734,"comment_status":"closed","ping_status":"closed","template":"","meta":{"_acf_changed":false,"site-sidebar-layout":"default","site-content-layout":"","ast-site-content-layout":"default","site-content-style":"default","site-sidebar-style":"default","ast-global-header-display":"","ast-banner-title-visibility":"","ast-main-header-display":"","ast-hfb-above-header-display":"","ast-hfb-below-header-display":"","ast-hfb-mobile-header-display":"","site-post-title":"","ast-breadcrumbs-content":"","ast-featured-img":"","footer-sml-layout":"","ast-disable-related-posts":"","theme-transparent-header-meta":"","adv-header-id-meta":"","stick-header-meta":"","header-above-stick-meta":"","header-main-stick-meta":"","header-below-stick-meta":"","astra-migrate-meta-layouts":"default","ast-page-background-enabled":"default","ast-page-background-meta":{"desktop":{"background-color":"","background-image":"","background-repeat":"repeat","background-position":"center center","background-size":"auto","background-attachment":"scroll","background-type":"","background-media":"","overlay-type":"","overlay-color":"","overlay-opacity":"","overlay-gradient":""},"tablet":{"background-color":"","background-image":"","background-repeat":"repeat","background-position":"center center","background-size":"auto","background-attachment":"scroll","background-type":"","background-media":"","overlay-type":"","overlay-color":"","overlay-opacity":"","overlay-gradient":""},"mobile":{"background-color":"","background-image":"","background-repeat":"repeat","background-position":"center center","background-size":"auto","background-attachment":"scroll","background-type":"","background-media":"","overlay-type":"","overlay-color":"","overlay-opacity":"","overlay-gradient":""}},"ast-content-background-meta":{"desktop":{"background-color":"var(--ast-global-color-4)","background-image":"","background-repeat":"repeat","background-position":"center center","background-size":"auto","background-attachment":"scroll","background-type":"","background-media":"","overlay-type":"","overlay-color":"","overlay-opacity":"","overlay-gradient":""},"tablet":{"background-color":"var(--ast-global-color-4)","background-image":"","background-repeat":"repeat","background-position":"center center","background-size":"auto","background-attachment":"scroll","background-type":"","background-media":"","overlay-type":"","overlay-color":"","overlay-opacity":"","overlay-gradient":""},"mobile":{"background-color":"var(--ast-global-color-4)","background-image":"","background-repeat":"repeat","background-position":"center center","background-size":"auto","background-attachment":"scroll","background-type":"","background-media":"","overlay-type":"","overlay-color":"","overlay-opacity":"","overlay-gradient":""}}},"product_brand":[],"product_cat":[9621],"product_tag":[],"class_list":{"0":"post-8021","1":"product","2":"type-product","3":"status-publish","4":"has-post-thumbnail","6":"product_cat-fantastika-fantastika","7":"desktop-align-left","8":"tablet-align-left","9":"mobile-align-left","11":"first","12":"instock","13":"shipping-taxable","14":"purchasable","15":"product-type-simple"},"acf":[],"yoast_head":"<!-- This site is optimized with the Yoast SEO plugin v27.4 - https:\/\/yoast.com\/product\/yoast-seo-wordpress\/ -->\n<title>Mistinis miestas<\/title>\n<meta name=\"description\" content=\"Magi\u0161kas miestas padalytas.  Br\u0119sta mai\u0161tas.  \u012esi\u017eiebia am\u017eina meil\u0117.  \u201eBado \u017eaidyni\u0173\u201c gerb\u0117j\u0173 laukia priblo\u0161kiantis pasakojimas apie paslapting\u0105 miest\u0105, jame \u012fsiplieskiant\u012f sukilim\u0105 ir meil\u0119, kuri tur\u0117jo trukti am\u017einai.  Manhatane, dar vadinamame Mistiniu Miestu, turtingieji ir galingieji tarpsta dangorai\u017eiuose \u2013 Vir\u0161\u016bn\u0117se. Varg\u0161ai glaud\u017eiasi purvinose Gilyb\u0117se \u0161alia mistik\u0173. \u0160i\u0173 skleid\u017eiama energija palaiko miesto gyvyb\u0119.  Vir\u0161\u016bn\u0117se gyvenanti Arija Rouz yra beproti\u0161kai \u012fsimyl\u0117jusi Tom\u0105 Foster\u012f. Bent jau \u0161itaip jai buvo pasakyta.  Vien\u0105 dien\u0105 Arija prabunda su baisiomis atminties spragomis. Mergina neprisimena slapt\u0173 pasimatym\u0173 su Tomu, am\u017eino savo t\u0117vo prie\u0161o s\u016bnumi, tuo labiau neprisimena, kad b\u016bt\u0173 j\u012f pamilusi. Dabar jie su Tomu su\u017ead\u0117tiniai, j\u0173 s\u0105junga galiausiai u\u017eglaistys ilgame\u010dius dviej\u0173 \u0161eim\u0173 kivir\u010dus.  Gilyb\u0117se Arija sutinka Med\u017eiotoj\u0105 \u2013 nuostab\u0173 mai\u0161ting\u0105 mistik\u0105, galint\u012f atskleisti jos praeit\u012f. Atverdama tamsias praeities paslaptis, mergina rizikuoja am\u017einai prarasti tikr\u0105j\u0105 meil\u0119.  \u201eMistinis miestas\u201c \u2013 romanas apie u\u017edraust\u0105 aistr\u0105, baisias i\u0161davystes ir svaiginan\u010di\u0105 magij\u0105.\" \/>\n<meta name=\"robots\" content=\"index, follow, max-snippet:-1, max-image-preview:large, max-video-preview:-1\" \/>\n<link rel=\"canonical\" href=\"https:\/\/skaitytaknyga.lt\/en\/produktas\/theo-lawrence-mistinis-miestas-2\/\" \/>\n<meta property=\"og:locale\" content=\"en_GB\" \/>\n<meta property=\"og:locale:alternate\" content=\"lt_LT\" \/>\n<meta property=\"og:type\" content=\"article\" \/>\n<meta property=\"og:title\" content=\"Mistinis miestas\" \/>\n<meta property=\"og:description\" content=\"Magi\u0161kas miestas padalytas.  Br\u0119sta mai\u0161tas.  \u012esi\u017eiebia am\u017eina meil\u0117.  \u201eBado \u017eaidyni\u0173\u201c gerb\u0117j\u0173 laukia priblo\u0161kiantis pasakojimas apie paslapting\u0105 miest\u0105, jame \u012fsiplieskiant\u012f sukilim\u0105 ir meil\u0119, kuri tur\u0117jo trukti am\u017einai.  Manhatane, dar vadinamame Mistiniu Miestu, turtingieji ir galingieji tarpsta dangorai\u017eiuose \u2013 Vir\u0161\u016bn\u0117se. Varg\u0161ai glaud\u017eiasi purvinose Gilyb\u0117se \u0161alia mistik\u0173. \u0160i\u0173 skleid\u017eiama energija palaiko miesto gyvyb\u0119.  Vir\u0161\u016bn\u0117se gyvenanti Arija Rouz yra beproti\u0161kai \u012fsimyl\u0117jusi Tom\u0105 Foster\u012f. Bent jau \u0161itaip jai buvo pasakyta.  Vien\u0105 dien\u0105 Arija prabunda su baisiomis atminties spragomis. Mergina neprisimena slapt\u0173 pasimatym\u0173 su Tomu, am\u017eino savo t\u0117vo prie\u0161o s\u016bnumi, tuo labiau neprisimena, kad b\u016bt\u0173 j\u012f pamilusi. Dabar jie su Tomu su\u017ead\u0117tiniai, j\u0173 s\u0105junga galiausiai u\u017eglaistys ilgame\u010dius dviej\u0173 \u0161eim\u0173 kivir\u010dus.  Gilyb\u0117se Arija sutinka Med\u017eiotoj\u0105 \u2013 nuostab\u0173 mai\u0161ting\u0105 mistik\u0105, galint\u012f atskleisti jos praeit\u012f. Atverdama tamsias praeities paslaptis, mergina rizikuoja am\u017einai prarasti tikr\u0105j\u0105 meil\u0119.  \u201eMistinis miestas\u201c \u2013 romanas apie u\u017edraust\u0105 aistr\u0105, baisias i\u0161davystes ir svaiginan\u010di\u0105 magij\u0105.\" \/>\n<meta property=\"og:url\" content=\"https:\/\/skaitytaknyga.lt\/en\/produktas\/theo-lawrence-mistinis-miestas-2\/\" \/>\n<meta property=\"og:site_name\" content=\"Skaitytaknyga\" \/>\n<meta property=\"article:publisher\" content=\"https:\/\/www.facebook.com\/skaitytaknyga\/\" \/>\n<meta property=\"article:modified_time\" content=\"2026-03-18T10:34:11+00:00\" \/>\n<meta property=\"og:image\" content=\"https:\/\/skaitytaknyga.lt\/wp-content\/uploads\/2024\/04\/000000000001109718-59de82ef456e5-asset-knyguklubas-cdb_mistinis-miestas_p1.jpg\" \/>\n\t<meta property=\"og:image:width\" content=\"285\" \/>\n\t<meta property=\"og:image:height\" content=\"467\" \/>\n\t<meta property=\"og:image:type\" content=\"image\/jpeg\" \/>\n<meta name=\"twitter:card\" content=\"summary_large_image\" \/>\n<meta name=\"twitter:label1\" content=\"Estimated reading time\" \/>\n\t<meta name=\"twitter:data1\" content=\"1 minute\" \/>\n<script type=\"application\/ld+json\" class=\"yoast-schema-graph\">{\"@context\":\"https:\\\/\\\/schema.org\",\"@graph\":[{\"@type\":\"WebPage\",\"@id\":\"https:\\\/\\\/skaitytaknyga.lt\\\/produktas\\\/theo-lawrence-mistinis-miestas-2\\\/\",\"url\":\"https:\\\/\\\/skaitytaknyga.lt\\\/produktas\\\/theo-lawrence-mistinis-miestas-2\\\/\",\"name\":\"Mistinis miestas\",\"isPartOf\":{\"@id\":\"https:\\\/\\\/skaitytaknyga.lt\\\/#website\"},\"primaryImageOfPage\":{\"@id\":\"https:\\\/\\\/skaitytaknyga.lt\\\/produktas\\\/theo-lawrence-mistinis-miestas-2\\\/#primaryimage\"},\"image\":{\"@id\":\"https:\\\/\\\/skaitytaknyga.lt\\\/produktas\\\/theo-lawrence-mistinis-miestas-2\\\/#primaryimage\"},\"thumbnailUrl\":\"https:\\\/\\\/skaitytaknyga.lt\\\/wp-content\\\/uploads\\\/2024\\\/04\\\/000000000001109718-59de82ef456e5-asset-knyguklubas-cdb_mistinis-miestas_p1.jpg\",\"datePublished\":\"2024-05-04T14:39:00+00:00\",\"dateModified\":\"2026-03-18T10:34:11+00:00\",\"description\":\"Magi\u0161kas miestas padalytas. Br\u0119sta mai\u0161tas. \u012esi\u017eiebia am\u017eina meil\u0117. \u201eBado \u017eaidyni\u0173\u201c gerb\u0117j\u0173 laukia priblo\u0161kiantis pasakojimas apie paslapting\u0105 miest\u0105, jame \u012fsiplieskiant\u012f sukilim\u0105 ir meil\u0119, kuri tur\u0117jo trukti am\u017einai. Manhatane, dar vadinamame Mistiniu Miestu, turtingieji ir galingieji tarpsta dangorai\u017eiuose \u2013 Vir\u0161\u016bn\u0117se. Varg\u0161ai glaud\u017eiasi purvinose Gilyb\u0117se \u0161alia mistik\u0173. \u0160i\u0173 skleid\u017eiama energija palaiko miesto gyvyb\u0119. Vir\u0161\u016bn\u0117se gyvenanti Arija Rouz yra beproti\u0161kai \u012fsimyl\u0117jusi Tom\u0105 Foster\u012f. Bent jau \u0161itaip jai buvo pasakyta. Vien\u0105 dien\u0105 Arija prabunda su baisiomis atminties spragomis. Mergina neprisimena slapt\u0173 pasimatym\u0173 su Tomu, am\u017eino savo t\u0117vo prie\u0161o s\u016bnumi, tuo labiau neprisimena, kad b\u016bt\u0173 j\u012f pamilusi. Dabar jie su Tomu su\u017ead\u0117tiniai, j\u0173 s\u0105junga galiausiai u\u017eglaistys ilgame\u010dius dviej\u0173 \u0161eim\u0173 kivir\u010dus. Gilyb\u0117se Arija sutinka Med\u017eiotoj\u0105 \u2013 nuostab\u0173 mai\u0161ting\u0105 mistik\u0105, galint\u012f atskleisti jos praeit\u012f. Atverdama tamsias praeities paslaptis, mergina rizikuoja am\u017einai prarasti tikr\u0105j\u0105 meil\u0119. \u201eMistinis miestas\u201c \u2013 romanas apie u\u017edraust\u0105 aistr\u0105, baisias i\u0161davystes ir svaiginan\u010di\u0105 magij\u0105.\",\"breadcrumb\":{\"@id\":\"https:\\\/\\\/skaitytaknyga.lt\\\/produktas\\\/theo-lawrence-mistinis-miestas-2\\\/#breadcrumb\"},\"inLanguage\":\"en-GB\",\"potentialAction\":[{\"@type\":\"ReadAction\",\"target\":[\"https:\\\/\\\/skaitytaknyga.lt\\\/produktas\\\/theo-lawrence-mistinis-miestas-2\\\/\"]}]},{\"@type\":\"ImageObject\",\"inLanguage\":\"en-GB\",\"@id\":\"https:\\\/\\\/skaitytaknyga.lt\\\/produktas\\\/theo-lawrence-mistinis-miestas-2\\\/#primaryimage\",\"url\":\"https:\\\/\\\/skaitytaknyga.lt\\\/wp-content\\\/uploads\\\/2024\\\/04\\\/000000000001109718-59de82ef456e5-asset-knyguklubas-cdb_mistinis-miestas_p1.jpg\",\"contentUrl\":\"https:\\\/\\\/skaitytaknyga.lt\\\/wp-content\\\/uploads\\\/2024\\\/04\\\/000000000001109718-59de82ef456e5-asset-knyguklubas-cdb_mistinis-miestas_p1.jpg\",\"width\":285,\"height\":467},{\"@type\":\"BreadcrumbList\",\"@id\":\"https:\\\/\\\/skaitytaknyga.lt\\\/produktas\\\/theo-lawrence-mistinis-miestas-2\\\/#breadcrumb\",\"itemListElement\":[{\"@type\":\"ListItem\",\"position\":1,\"name\":\"Home\",\"item\":\"https:\\\/\\\/skaitytaknyga.lt\\\/\"},{\"@type\":\"ListItem\",\"position\":2,\"name\":\"Parduotuv\u0117\",\"item\":\"https:\\\/\\\/skaitytaknyga.lt\\\/knygu-parduotuve\\\/\"},{\"@type\":\"ListItem\",\"position\":3,\"name\":\"Mistinis miestas\"}]},{\"@type\":\"WebSite\",\"@id\":\"https:\\\/\\\/skaitytaknyga.lt\\\/#website\",\"url\":\"https:\\\/\\\/skaitytaknyga.lt\\\/\",\"name\":\"skaitytaknyga.lt\",\"description\":\"Skaitytaknyga.lt \u2013 tai ma\u017eas \u0161eimos verslas, kuris prasid\u0117jo nuo meil\u0117s knygoms ir siekio i\u0161gelb\u0117ti knygas nuo likimo prie konteinerio. Kas vienam nereikalingas daiktas \u2013 kitam lobis, o mes esame tarpininkai, kurie padeda abiems tapti laimingesniems ???? \u017dinome kaip nelengva i\u0161gyventi ma\u017eiems verslams, tad nuo \u0161iol, \u010dia rasite ir kit\u0173, ma\u017e\u0173 \u0161eim\u0173 versl\u0173, rank\u0173 darbo, dovan\u0173 sau ir artimiesiems.\",\"publisher\":{\"@id\":\"https:\\\/\\\/skaitytaknyga.lt\\\/#organization\"},\"potentialAction\":[{\"@type\":\"SearchAction\",\"target\":{\"@type\":\"EntryPoint\",\"urlTemplate\":\"https:\\\/\\\/skaitytaknyga.lt\\\/?s={search_term_string}\"},\"query-input\":{\"@type\":\"PropertyValueSpecification\",\"valueRequired\":true,\"valueName\":\"search_term_string\"}}],\"inLanguage\":\"en-GB\"},{\"@type\":\"Organization\",\"@id\":\"https:\\\/\\\/skaitytaknyga.lt\\\/#organization\",\"name\":\"skaitytaknyga.lt\",\"url\":\"https:\\\/\\\/skaitytaknyga.lt\\\/\",\"logo\":{\"@type\":\"ImageObject\",\"inLanguage\":\"en-GB\",\"@id\":\"https:\\\/\\\/skaitytaknyga.lt\\\/#\\\/schema\\\/logo\\\/image\\\/\",\"url\":\"https:\\\/\\\/skaitytaknyga.lt\\\/wp-content\\\/uploads\\\/2024\\\/05\\\/cropped-cropped-cropped-02_00843_jt3bggkj1j3HLc7SyY6rEUpg.jpeg\",\"contentUrl\":\"https:\\\/\\\/skaitytaknyga.lt\\\/wp-content\\\/uploads\\\/2024\\\/05\\\/cropped-cropped-cropped-02_00843_jt3bggkj1j3HLc7SyY6rEUpg.jpeg\",\"width\":1600,\"height\":1600,\"caption\":\"skaitytaknyga.lt\"},\"image\":{\"@id\":\"https:\\\/\\\/skaitytaknyga.lt\\\/#\\\/schema\\\/logo\\\/image\\\/\"},\"sameAs\":[\"https:\\\/\\\/www.facebook.com\\\/skaitytaknyga\\\/\"]}]}<\/script>\n<!-- \/ Yoast SEO plugin. -->","yoast_head_json":{"title":"Mistinis miestas","description":"Magi\u0161kas miestas padalytas.  Br\u0119sta mai\u0161tas.  \u012esi\u017eiebia am\u017eina meil\u0117.  \u201eBado \u017eaidyni\u0173\u201c gerb\u0117j\u0173 laukia priblo\u0161kiantis pasakojimas apie paslapting\u0105 miest\u0105, jame \u012fsiplieskiant\u012f sukilim\u0105 ir meil\u0119, kuri tur\u0117jo trukti am\u017einai.  Manhatane, dar vadinamame Mistiniu Miestu, turtingieji ir galingieji tarpsta dangorai\u017eiuose \u2013 Vir\u0161\u016bn\u0117se. Varg\u0161ai glaud\u017eiasi purvinose Gilyb\u0117se \u0161alia mistik\u0173. \u0160i\u0173 skleid\u017eiama energija palaiko miesto gyvyb\u0119.  Vir\u0161\u016bn\u0117se gyvenanti Arija Rouz yra beproti\u0161kai \u012fsimyl\u0117jusi Tom\u0105 Foster\u012f. Bent jau \u0161itaip jai buvo pasakyta.  Vien\u0105 dien\u0105 Arija prabunda su baisiomis atminties spragomis. Mergina neprisimena slapt\u0173 pasimatym\u0173 su Tomu, am\u017eino savo t\u0117vo prie\u0161o s\u016bnumi, tuo labiau neprisimena, kad b\u016bt\u0173 j\u012f pamilusi. Dabar jie su Tomu su\u017ead\u0117tiniai, j\u0173 s\u0105junga galiausiai u\u017eglaistys ilgame\u010dius dviej\u0173 \u0161eim\u0173 kivir\u010dus.  Gilyb\u0117se Arija sutinka Med\u017eiotoj\u0105 \u2013 nuostab\u0173 mai\u0161ting\u0105 mistik\u0105, galint\u012f atskleisti jos praeit\u012f. Atverdama tamsias praeities paslaptis, mergina rizikuoja am\u017einai prarasti tikr\u0105j\u0105 meil\u0119.  \u201eMistinis miestas\u201c \u2013 romanas apie u\u017edraust\u0105 aistr\u0105, baisias i\u0161davystes ir svaiginan\u010di\u0105 magij\u0105.","robots":{"index":"index","follow":"follow","max-snippet":"max-snippet:-1","max-image-preview":"max-image-preview:large","max-video-preview":"max-video-preview:-1"},"canonical":"https:\/\/skaitytaknyga.lt\/en\/produktas\/theo-lawrence-mistinis-miestas-2\/","og_locale":"en_GB","og_type":"article","og_title":"[:lt]Mistinis miestas[:] - Skaitytaknyga","og_description":"Magi\u0161kas miestas padalytas.  Br\u0119sta mai\u0161tas.  \u012esi\u017eiebia am\u017eina meil\u0117.  \u201eBado \u017eaidyni\u0173\u201c gerb\u0117j\u0173 laukia priblo\u0161kiantis pasakojimas apie paslapting\u0105 miest\u0105, jame \u012fsiplieskiant\u012f sukilim\u0105 ir meil\u0119, kuri tur\u0117jo trukti am\u017einai.  Manhatane, dar vadinamame Mistiniu Miestu, turtingieji ir galingieji tarpsta dangorai\u017eiuose \u2013 Vir\u0161\u016bn\u0117se. Varg\u0161ai glaud\u017eiasi purvinose Gilyb\u0117se \u0161alia mistik\u0173. \u0160i\u0173 skleid\u017eiama energija palaiko miesto gyvyb\u0119.  Vir\u0161\u016bn\u0117se gyvenanti Arija Rouz yra beproti\u0161kai \u012fsimyl\u0117jusi Tom\u0105 Foster\u012f. Bent jau \u0161itaip jai buvo pasakyta.  Vien\u0105 dien\u0105 Arija prabunda su baisiomis atminties spragomis. Mergina neprisimena slapt\u0173 pasimatym\u0173 su Tomu, am\u017eino savo t\u0117vo prie\u0161o s\u016bnumi, tuo labiau neprisimena, kad b\u016bt\u0173 j\u012f pamilusi. Dabar jie su Tomu su\u017ead\u0117tiniai, j\u0173 s\u0105junga galiausiai u\u017eglaistys ilgame\u010dius dviej\u0173 \u0161eim\u0173 kivir\u010dus.  Gilyb\u0117se Arija sutinka Med\u017eiotoj\u0105 \u2013 nuostab\u0173 mai\u0161ting\u0105 mistik\u0105, galint\u012f atskleisti jos praeit\u012f. Atverdama tamsias praeities paslaptis, mergina rizikuoja am\u017einai prarasti tikr\u0105j\u0105 meil\u0119.  \u201eMistinis miestas\u201c \u2013 romanas apie u\u017edraust\u0105 aistr\u0105, baisias i\u0161davystes ir svaiginan\u010di\u0105 magij\u0105.","og_url":"https:\/\/skaitytaknyga.lt\/en\/produktas\/theo-lawrence-mistinis-miestas-2\/","og_site_name":"Skaitytaknyga","article_publisher":"https:\/\/www.facebook.com\/skaitytaknyga\/","article_modified_time":"2026-03-18T10:34:11+00:00","og_image":[{"width":285,"height":467,"url":"https:\/\/skaitytaknyga.lt\/wp-content\/uploads\/2024\/04\/000000000001109718-59de82ef456e5-asset-knyguklubas-cdb_mistinis-miestas_p1.jpg","type":"image\/jpeg"}],"twitter_card":"summary_large_image","twitter_misc":{"Estimated reading time":"1 minute"},"schema":{"@context":"https:\/\/schema.org","@graph":[{"@type":"WebPage","@id":"https:\/\/skaitytaknyga.lt\/produktas\/theo-lawrence-mistinis-miestas-2\/","url":"https:\/\/skaitytaknyga.lt\/produktas\/theo-lawrence-mistinis-miestas-2\/","name":"Mistinis miestas","isPartOf":{"@id":"https:\/\/skaitytaknyga.lt\/#website"},"primaryImageOfPage":{"@id":"https:\/\/skaitytaknyga.lt\/produktas\/theo-lawrence-mistinis-miestas-2\/#primaryimage"},"image":{"@id":"https:\/\/skaitytaknyga.lt\/produktas\/theo-lawrence-mistinis-miestas-2\/#primaryimage"},"thumbnailUrl":"https:\/\/skaitytaknyga.lt\/wp-content\/uploads\/2024\/04\/000000000001109718-59de82ef456e5-asset-knyguklubas-cdb_mistinis-miestas_p1.jpg","datePublished":"2024-05-04T14:39:00+00:00","dateModified":"2026-03-18T10:34:11+00:00","description":"Magi\u0161kas miestas padalytas. Br\u0119sta mai\u0161tas. \u012esi\u017eiebia am\u017eina meil\u0117. \u201eBado \u017eaidyni\u0173\u201c gerb\u0117j\u0173 laukia priblo\u0161kiantis pasakojimas apie paslapting\u0105 miest\u0105, jame \u012fsiplieskiant\u012f sukilim\u0105 ir meil\u0119, kuri tur\u0117jo trukti am\u017einai. Manhatane, dar vadinamame Mistiniu Miestu, turtingieji ir galingieji tarpsta dangorai\u017eiuose \u2013 Vir\u0161\u016bn\u0117se. Varg\u0161ai glaud\u017eiasi purvinose Gilyb\u0117se \u0161alia mistik\u0173. \u0160i\u0173 skleid\u017eiama energija palaiko miesto gyvyb\u0119. Vir\u0161\u016bn\u0117se gyvenanti Arija Rouz yra beproti\u0161kai \u012fsimyl\u0117jusi Tom\u0105 Foster\u012f. Bent jau \u0161itaip jai buvo pasakyta. Vien\u0105 dien\u0105 Arija prabunda su baisiomis atminties spragomis. Mergina neprisimena slapt\u0173 pasimatym\u0173 su Tomu, am\u017eino savo t\u0117vo prie\u0161o s\u016bnumi, tuo labiau neprisimena, kad b\u016bt\u0173 j\u012f pamilusi. Dabar jie su Tomu su\u017ead\u0117tiniai, j\u0173 s\u0105junga galiausiai u\u017eglaistys ilgame\u010dius dviej\u0173 \u0161eim\u0173 kivir\u010dus. Gilyb\u0117se Arija sutinka Med\u017eiotoj\u0105 \u2013 nuostab\u0173 mai\u0161ting\u0105 mistik\u0105, galint\u012f atskleisti jos praeit\u012f. Atverdama tamsias praeities paslaptis, mergina rizikuoja am\u017einai prarasti tikr\u0105j\u0105 meil\u0119. \u201eMistinis miestas\u201c \u2013 romanas apie u\u017edraust\u0105 aistr\u0105, baisias i\u0161davystes ir svaiginan\u010di\u0105 magij\u0105.","breadcrumb":{"@id":"https:\/\/skaitytaknyga.lt\/produktas\/theo-lawrence-mistinis-miestas-2\/#breadcrumb"},"inLanguage":"en-GB","potentialAction":[{"@type":"ReadAction","target":["https:\/\/skaitytaknyga.lt\/produktas\/theo-lawrence-mistinis-miestas-2\/"]}]},{"@type":"ImageObject","inLanguage":"en-GB","@id":"https:\/\/skaitytaknyga.lt\/produktas\/theo-lawrence-mistinis-miestas-2\/#primaryimage","url":"https:\/\/skaitytaknyga.lt\/wp-content\/uploads\/2024\/04\/000000000001109718-59de82ef456e5-asset-knyguklubas-cdb_mistinis-miestas_p1.jpg","contentUrl":"https:\/\/skaitytaknyga.lt\/wp-content\/uploads\/2024\/04\/000000000001109718-59de82ef456e5-asset-knyguklubas-cdb_mistinis-miestas_p1.jpg","width":285,"height":467},{"@type":"BreadcrumbList","@id":"https:\/\/skaitytaknyga.lt\/produktas\/theo-lawrence-mistinis-miestas-2\/#breadcrumb","itemListElement":[{"@type":"ListItem","position":1,"name":"Home","item":"https:\/\/skaitytaknyga.lt\/"},{"@type":"ListItem","position":2,"name":"Parduotuv\u0117","item":"https:\/\/skaitytaknyga.lt\/knygu-parduotuve\/"},{"@type":"ListItem","position":3,"name":"Mistinis miestas"}]},{"@type":"WebSite","@id":"https:\/\/skaitytaknyga.lt\/#website","url":"https:\/\/skaitytaknyga.lt\/","name":"skaitytaknyga.lt","description":"Skaitytaknyga.lt \u2013 tai ma\u017eas \u0161eimos verslas, kuris prasid\u0117jo nuo meil\u0117s knygoms ir siekio i\u0161gelb\u0117ti knygas nuo likimo prie konteinerio. Kas vienam nereikalingas daiktas \u2013 kitam lobis, o mes esame tarpininkai, kurie padeda abiems tapti laimingesniems ???? \u017dinome kaip nelengva i\u0161gyventi ma\u017eiems verslams, tad nuo \u0161iol, \u010dia rasite ir kit\u0173, ma\u017e\u0173 \u0161eim\u0173 versl\u0173, rank\u0173 darbo, dovan\u0173 sau ir artimiesiems.","publisher":{"@id":"https:\/\/skaitytaknyga.lt\/#organization"},"potentialAction":[{"@type":"SearchAction","target":{"@type":"EntryPoint","urlTemplate":"https:\/\/skaitytaknyga.lt\/?s={search_term_string}"},"query-input":{"@type":"PropertyValueSpecification","valueRequired":true,"valueName":"search_term_string"}}],"inLanguage":"en-GB"},{"@type":"Organization","@id":"https:\/\/skaitytaknyga.lt\/#organization","name":"skaitytaknyga.lt","url":"https:\/\/skaitytaknyga.lt\/","logo":{"@type":"ImageObject","inLanguage":"en-GB","@id":"https:\/\/skaitytaknyga.lt\/#\/schema\/logo\/image\/","url":"https:\/\/skaitytaknyga.lt\/wp-content\/uploads\/2024\/05\/cropped-cropped-cropped-02_00843_jt3bggkj1j3HLc7SyY6rEUpg.jpeg","contentUrl":"https:\/\/skaitytaknyga.lt\/wp-content\/uploads\/2024\/05\/cropped-cropped-cropped-02_00843_jt3bggkj1j3HLc7SyY6rEUpg.jpeg","width":1600,"height":1600,"caption":"skaitytaknyga.lt"},"image":{"@id":"https:\/\/skaitytaknyga.lt\/#\/schema\/logo\/image\/"},"sameAs":["https:\/\/www.facebook.com\/skaitytaknyga\/"]}]}},"_links":{"self":[{"href":"https:\/\/skaitytaknyga.lt\/en\/wp-json\/wp\/v2\/product\/8021","targetHints":{"allow":["GET"]}}],"collection":[{"href":"https:\/\/skaitytaknyga.lt\/en\/wp-json\/wp\/v2\/product"}],"about":[{"href":"https:\/\/skaitytaknyga.lt\/en\/wp-json\/wp\/v2\/types\/product"}],"replies":[{"embeddable":true,"href":"https:\/\/skaitytaknyga.lt\/en\/wp-json\/wp\/v2\/comments?post=8021"}],"wp:featuredmedia":[{"embeddable":true,"href":"https:\/\/skaitytaknyga.lt\/en\/wp-json\/wp\/v2\/media\/3734"}],"wp:attachment":[{"href":"https:\/\/skaitytaknyga.lt\/en\/wp-json\/wp\/v2\/media?parent=8021"}],"wp:term":[{"taxonomy":"product_brand","embeddable":true,"href":"https:\/\/skaitytaknyga.lt\/en\/wp-json\/wp\/v2\/product_brand?post=8021"},{"taxonomy":"product_cat","embeddable":true,"href":"https:\/\/skaitytaknyga.lt\/en\/wp-json\/wp\/v2\/product_cat?post=8021"},{"taxonomy":"product_tag","embeddable":true,"href":"https:\/\/skaitytaknyga.lt\/en\/wp-json\/wp\/v2\/product_tag?post=8021"}],"curies":[{"name":"wp","href":"https:\/\/api.w.org\/{rel}","templated":true}]}}