{"id":8018,"date":"2024-05-04T14:39:00","date_gmt":"2024-05-04T14:39:00","guid":{"rendered":"https:\/\/skaitytaknyga.lt\/?post_type=product&#038;p=8018"},"modified":"2024-05-04T14:39:12","modified_gmt":"2024-05-04T14:39:12","slug":"eat-drink-and-be-healthy-the-harvard-medical-school-guide-to-healthy-eating-2","status":"publish","type":"product","link":"https:\/\/skaitytaknyga.lt\/en\/produktas\/eat-drink-and-be-healthy-the-harvard-medical-school-guide-to-healthy-eating-2\/","title":{"rendered":"Eat, Drink and Be Healthy: The Harvard Medical School Guide to Healthy Eating"},"content":{"rendered":"<p>YRA NEDIDELI\u0172 DEFEKT\u0172<\/p>\n<p>Exposing the problems of popular diets such as the Zone and the Atkins diet, Dr. Willett offers eye-opening new research on the optimum ratio of carbohydrates, fats, and proteins, and the relative importance of various food groups and supplements. Readers will learn why weight control is the single most important nutritional factor and what the three other most critical factors of healthy eating are. They will find out how to choose wisely between different types of fats, which fruits and vegetables provide the best health insurance, and the proportions of each to integrate into their daily diet. And all this new, exciting nutritional information is translated for the reader into simple menu plans, and tasty recipes that make utilising the New Food Pyramid easy. Completely unique and authoritative EAT, DRINK, AND BE HEALTHY will teach everyone an entirely new way to eat.<\/p>\n","protected":false},"excerpt":{"rendered":"<p>YRA NEDIDELI\u0172 DEFEKT\u0172<\/p>\n<p>Exposing the problems of popular diets such as the Zone and the Atkins diet, Dr. Willett offers eye-opening new research on the optimum ratio of carbohydrates, fats, and proteins, and the relative importance of various food groups and supplements. Readers will learn why weight control is the single most important nutritional factor and what the three other most critical factors of healthy eating are. They will find out how to choose wisely between different types of fats, which fruits and vegetables provide the best health insurance, and the proportions of each to integrate into their daily diet. And all this new, exciting nutritional information is translated for the reader into simple menu plans, and tasty recipes that make utilising the New Food Pyramid easy. Completely unique and authoritative EAT, DRINK, AND BE HEALTHY will teach everyone an entirely new way to eat.<\/p>\n","protected":false},"featured_media":3731,"comment_status":"closed","ping_status":"closed","template":"","meta":{"_acf_changed":false,"site-sidebar-layout":"default","site-content-layout":"","ast-site-content-layout":"default","site-content-style":"default","site-sidebar-style":"default","ast-global-header-display":"","ast-banner-title-visibility":"","ast-main-header-display":"","ast-hfb-above-header-display":"","ast-hfb-below-header-display":"","ast-hfb-mobile-header-display":"","site-post-title":"","ast-breadcrumbs-content":"","ast-featured-img":"","footer-sml-layout":"","ast-disable-related-posts":"","theme-transparent-header-meta":"","adv-header-id-meta":"","stick-header-meta":"","header-above-stick-meta":"","header-main-stick-meta":"","header-below-stick-meta":"","astra-migrate-meta-layouts":"default","ast-page-background-enabled":"default","ast-page-background-meta":{"desktop":{"background-color":"","background-image":"","background-repeat":"repeat","background-position":"center center","background-size":"auto","background-attachment":"scroll","background-type":"","background-media":"","overlay-type":"","overlay-color":"","overlay-opacity":"","overlay-gradient":""},"tablet":{"background-color":"","background-image":"","background-repeat":"repeat","background-position":"center center","background-size":"auto","background-attachment":"scroll","background-type":"","background-media":"","overlay-type":"","overlay-color":"","overlay-opacity":"","overlay-gradient":""},"mobile":{"background-color":"","background-image":"","background-repeat":"repeat","background-position":"center center","background-size":"auto","background-attachment":"scroll","background-type":"","background-media":"","overlay-type":"","overlay-color":"","overlay-opacity":"","overlay-gradient":""}},"ast-content-background-meta":{"desktop":{"background-color":"var(--ast-global-color-4)","background-image":"","background-repeat":"repeat","background-position":"center center","background-size":"auto","background-attachment":"scroll","background-type":"","background-media":"","overlay-type":"","overlay-color":"","overlay-opacity":"","overlay-gradient":""},"tablet":{"background-color":"var(--ast-global-color-4)","background-image":"","background-repeat":"repeat","background-position":"center center","background-size":"auto","background-attachment":"scroll","background-type":"","background-media":"","overlay-type":"","overlay-color":"","overlay-opacity":"","overlay-gradient":""},"mobile":{"background-color":"var(--ast-global-color-4)","background-image":"","background-repeat":"repeat","background-position":"center center","background-size":"auto","background-attachment":"scroll","background-type":"","background-media":"","overlay-type":"","overlay-color":"","overlay-opacity":"","overlay-gradient":""}}},"product_brand":[],"product_cat":[34,55],"product_tag":[],"class_list":{"0":"post-8018","1":"product","2":"type-product","3":"status-publish","4":"has-post-thumbnail","6":"product_cat-knygos-anglu-kalba","7":"product_cat-sveikata-ir-sveika-mityba","8":"desktop-align-left","9":"tablet-align-left","10":"mobile-align-left","12":"first","13":"outofstock","14":"shipping-taxable","15":"purchasable","16":"product-type-simple"},"acf":[],"yoast_head":"<!-- This site is optimized with the Yoast SEO plugin v27.4 - https:\/\/yoast.com\/product\/yoast-seo-wordpress\/ -->\n<title>Eat, Drink and Be Healthy: The Harvard Medical School Guide to Healthy Eating - Skaitytaknyga<\/title>\n<meta name=\"description\" content=\"YRA NEDIDELI\u0172 DEFEKT\u0172  Exposing the problems of popular diets such as the Zone and the Atkins diet, Dr. Willett offers eye-opening new research on the optimum ratio of carbohydrates, fats, and proteins, and the relative importance of various food groups and supplements. Readers will learn why weight control is the single most important nutritional factor and what the three other most critical factors of healthy eating are. They will find out how to choose wisely between different types of fats, which fruits and vegetables provide the best health insurance, and the proportions of each to integrate into their daily diet. And all this new, exciting nutritional information is translated for the reader into simple menu plans, and tasty recipes that make utilising the New Food Pyramid easy. Completely unique and authoritative EAT, DRINK, AND BE HEALTHY will teach everyone an entirely new way to eat.\" \/>\n<meta name=\"robots\" content=\"index, follow, max-snippet:-1, max-image-preview:large, max-video-preview:-1\" \/>\n<link rel=\"canonical\" href=\"https:\/\/skaitytaknyga.lt\/en\/produktas\/eat-drink-and-be-healthy-the-harvard-medical-school-guide-to-healthy-eating-2\/\" \/>\n<meta property=\"og:locale\" content=\"en_GB\" \/>\n<meta property=\"og:locale:alternate\" content=\"lt_LT\" \/>\n<meta property=\"og:type\" content=\"article\" \/>\n<meta property=\"og:title\" content=\"Eat, Drink and Be Healthy: The Harvard Medical School Guide to Healthy Eating - Skaitytaknyga\" \/>\n<meta property=\"og:description\" content=\"YRA NEDIDELI\u0172 DEFEKT\u0172  Exposing the problems of popular diets such as the Zone and the Atkins diet, Dr. Willett offers eye-opening new research on the optimum ratio of carbohydrates, fats, and proteins, and the relative importance of various food groups and supplements. Readers will learn why weight control is the single most important nutritional factor and what the three other most critical factors of healthy eating are. They will find out how to choose wisely between different types of fats, which fruits and vegetables provide the best health insurance, and the proportions of each to integrate into their daily diet. And all this new, exciting nutritional information is translated for the reader into simple menu plans, and tasty recipes that make utilising the New Food Pyramid easy. Completely unique and authoritative EAT, DRINK, AND BE HEALTHY will teach everyone an entirely new way to eat.\" \/>\n<meta property=\"og:url\" content=\"https:\/\/skaitytaknyga.lt\/en\/produktas\/eat-drink-and-be-healthy-the-harvard-medical-school-guide-to-healthy-eating-2\/\" \/>\n<meta property=\"og:site_name\" content=\"Skaitytaknyga\" \/>\n<meta property=\"article:publisher\" content=\"https:\/\/www.facebook.com\/skaitytaknyga\/\" \/>\n<meta property=\"article:modified_time\" content=\"2024-05-04T14:39:12+00:00\" \/>\n<meta property=\"og:image\" content=\"https:\/\/skaitytaknyga.lt\/wp-content\/uploads\/2024\/04\/132139900_1247600078945756_2281432774096877022_n-e1608665583430.jpg\" \/>\n\t<meta property=\"og:image:width\" content=\"567\" \/>\n\t<meta property=\"og:image:height\" content=\"917\" \/>\n\t<meta property=\"og:image:type\" content=\"image\/jpeg\" \/>\n<meta name=\"twitter:card\" content=\"summary_large_image\" \/>\n<meta name=\"twitter:label1\" content=\"Estimated reading time\" \/>\n\t<meta name=\"twitter:data1\" content=\"1 minute\" \/>\n<script type=\"application\/ld+json\" class=\"yoast-schema-graph\">{\"@context\":\"https:\\\/\\\/schema.org\",\"@graph\":[{\"@type\":\"WebPage\",\"@id\":\"https:\\\/\\\/skaitytaknyga.lt\\\/produktas\\\/eat-drink-and-be-healthy-the-harvard-medical-school-guide-to-healthy-eating-2\\\/\",\"url\":\"https:\\\/\\\/skaitytaknyga.lt\\\/produktas\\\/eat-drink-and-be-healthy-the-harvard-medical-school-guide-to-healthy-eating-2\\\/\",\"name\":\"Eat, Drink and Be Healthy: The Harvard Medical School Guide to Healthy Eating - Skaitytaknyga\",\"isPartOf\":{\"@id\":\"https:\\\/\\\/skaitytaknyga.lt\\\/#website\"},\"primaryImageOfPage\":{\"@id\":\"https:\\\/\\\/skaitytaknyga.lt\\\/produktas\\\/eat-drink-and-be-healthy-the-harvard-medical-school-guide-to-healthy-eating-2\\\/#primaryimage\"},\"image\":{\"@id\":\"https:\\\/\\\/skaitytaknyga.lt\\\/produktas\\\/eat-drink-and-be-healthy-the-harvard-medical-school-guide-to-healthy-eating-2\\\/#primaryimage\"},\"thumbnailUrl\":\"https:\\\/\\\/skaitytaknyga.lt\\\/wp-content\\\/uploads\\\/2024\\\/04\\\/132139900_1247600078945756_2281432774096877022_n-e1608665583430.jpg\",\"datePublished\":\"2024-05-04T14:39:00+00:00\",\"dateModified\":\"2024-05-04T14:39:12+00:00\",\"description\":\"YRA NEDIDELI\u0172 DEFEKT\u0172 Exposing the problems of popular diets such as the Zone and the Atkins diet, Dr. Willett offers eye-opening new research on the optimum ratio of carbohydrates, fats, and proteins, and the relative importance of various food groups and supplements. Readers will learn why weight control is the single most important nutritional factor and what the three other most critical factors of healthy eating are. They will find out how to choose wisely between different types of fats, which fruits and vegetables provide the best health insurance, and the proportions of each to integrate into their daily diet. And all this new, exciting nutritional information is translated for the reader into simple menu plans, and tasty recipes that make utilising the New Food Pyramid easy. Completely unique and authoritative EAT, DRINK, AND BE HEALTHY will teach everyone an entirely new way to eat.\",\"breadcrumb\":{\"@id\":\"https:\\\/\\\/skaitytaknyga.lt\\\/produktas\\\/eat-drink-and-be-healthy-the-harvard-medical-school-guide-to-healthy-eating-2\\\/#breadcrumb\"},\"inLanguage\":\"en-GB\",\"potentialAction\":[{\"@type\":\"ReadAction\",\"target\":[\"https:\\\/\\\/skaitytaknyga.lt\\\/produktas\\\/eat-drink-and-be-healthy-the-harvard-medical-school-guide-to-healthy-eating-2\\\/\"]}]},{\"@type\":\"ImageObject\",\"inLanguage\":\"en-GB\",\"@id\":\"https:\\\/\\\/skaitytaknyga.lt\\\/produktas\\\/eat-drink-and-be-healthy-the-harvard-medical-school-guide-to-healthy-eating-2\\\/#primaryimage\",\"url\":\"https:\\\/\\\/skaitytaknyga.lt\\\/wp-content\\\/uploads\\\/2024\\\/04\\\/132139900_1247600078945756_2281432774096877022_n-e1608665583430.jpg\",\"contentUrl\":\"https:\\\/\\\/skaitytaknyga.lt\\\/wp-content\\\/uploads\\\/2024\\\/04\\\/132139900_1247600078945756_2281432774096877022_n-e1608665583430.jpg\",\"width\":567,\"height\":917,\"caption\":\"132139900 1247600078945756 2281432774096877022 n e1608665583430\"},{\"@type\":\"BreadcrumbList\",\"@id\":\"https:\\\/\\\/skaitytaknyga.lt\\\/produktas\\\/eat-drink-and-be-healthy-the-harvard-medical-school-guide-to-healthy-eating-2\\\/#breadcrumb\",\"itemListElement\":[{\"@type\":\"ListItem\",\"position\":1,\"name\":\"Home\",\"item\":\"https:\\\/\\\/skaitytaknyga.lt\\\/\"},{\"@type\":\"ListItem\",\"position\":2,\"name\":\"Parduotuv\u0117\",\"item\":\"https:\\\/\\\/skaitytaknyga.lt\\\/knygu-parduotuve\\\/\"},{\"@type\":\"ListItem\",\"position\":3,\"name\":\"Eat, Drink and Be Healthy: The Harvard Medical School Guide to Healthy Eating\"}]},{\"@type\":\"WebSite\",\"@id\":\"https:\\\/\\\/skaitytaknyga.lt\\\/#website\",\"url\":\"https:\\\/\\\/skaitytaknyga.lt\\\/\",\"name\":\"skaitytaknyga.lt\",\"description\":\"Skaitytaknyga.lt \u2013 tai ma\u017eas \u0161eimos verslas, kuris prasid\u0117jo nuo meil\u0117s knygoms ir siekio i\u0161gelb\u0117ti knygas nuo likimo prie konteinerio. Kas vienam nereikalingas daiktas \u2013 kitam lobis, o mes esame tarpininkai, kurie padeda abiems tapti laimingesniems ???? \u017dinome kaip nelengva i\u0161gyventi ma\u017eiems verslams, tad nuo \u0161iol, \u010dia rasite ir kit\u0173, ma\u017e\u0173 \u0161eim\u0173 versl\u0173, rank\u0173 darbo, dovan\u0173 sau ir artimiesiems.\",\"publisher\":{\"@id\":\"https:\\\/\\\/skaitytaknyga.lt\\\/#organization\"},\"potentialAction\":[{\"@type\":\"SearchAction\",\"target\":{\"@type\":\"EntryPoint\",\"urlTemplate\":\"https:\\\/\\\/skaitytaknyga.lt\\\/?s={search_term_string}\"},\"query-input\":{\"@type\":\"PropertyValueSpecification\",\"valueRequired\":true,\"valueName\":\"search_term_string\"}}],\"inLanguage\":\"en-GB\"},{\"@type\":\"Organization\",\"@id\":\"https:\\\/\\\/skaitytaknyga.lt\\\/#organization\",\"name\":\"skaitytaknyga.lt\",\"url\":\"https:\\\/\\\/skaitytaknyga.lt\\\/\",\"logo\":{\"@type\":\"ImageObject\",\"inLanguage\":\"en-GB\",\"@id\":\"https:\\\/\\\/skaitytaknyga.lt\\\/#\\\/schema\\\/logo\\\/image\\\/\",\"url\":\"https:\\\/\\\/skaitytaknyga.lt\\\/wp-content\\\/uploads\\\/2024\\\/05\\\/cropped-cropped-cropped-02_00843_jt3bggkj1j3HLc7SyY6rEUpg.jpeg\",\"contentUrl\":\"https:\\\/\\\/skaitytaknyga.lt\\\/wp-content\\\/uploads\\\/2024\\\/05\\\/cropped-cropped-cropped-02_00843_jt3bggkj1j3HLc7SyY6rEUpg.jpeg\",\"width\":1600,\"height\":1600,\"caption\":\"skaitytaknyga.lt\"},\"image\":{\"@id\":\"https:\\\/\\\/skaitytaknyga.lt\\\/#\\\/schema\\\/logo\\\/image\\\/\"},\"sameAs\":[\"https:\\\/\\\/www.facebook.com\\\/skaitytaknyga\\\/\"]}]}<\/script>\n<!-- \/ Yoast SEO plugin. -->","yoast_head_json":{"title":"Eat, Drink and Be Healthy: The Harvard Medical School Guide to Healthy Eating - Skaitytaknyga","description":"YRA NEDIDELI\u0172 DEFEKT\u0172  Exposing the problems of popular diets such as the Zone and the Atkins diet, Dr. Willett offers eye-opening new research on the optimum ratio of carbohydrates, fats, and proteins, and the relative importance of various food groups and supplements. Readers will learn why weight control is the single most important nutritional factor and what the three other most critical factors of healthy eating are. They will find out how to choose wisely between different types of fats, which fruits and vegetables provide the best health insurance, and the proportions of each to integrate into their daily diet. And all this new, exciting nutritional information is translated for the reader into simple menu plans, and tasty recipes that make utilising the New Food Pyramid easy. Completely unique and authoritative EAT, DRINK, AND BE HEALTHY will teach everyone an entirely new way to eat.","robots":{"index":"index","follow":"follow","max-snippet":"max-snippet:-1","max-image-preview":"max-image-preview:large","max-video-preview":"max-video-preview:-1"},"canonical":"https:\/\/skaitytaknyga.lt\/en\/produktas\/eat-drink-and-be-healthy-the-harvard-medical-school-guide-to-healthy-eating-2\/","og_locale":"en_GB","og_type":"article","og_title":"Eat, Drink and Be Healthy: The Harvard Medical School Guide to Healthy Eating - Skaitytaknyga","og_description":"YRA NEDIDELI\u0172 DEFEKT\u0172  Exposing the problems of popular diets such as the Zone and the Atkins diet, Dr. Willett offers eye-opening new research on the optimum ratio of carbohydrates, fats, and proteins, and the relative importance of various food groups and supplements. Readers will learn why weight control is the single most important nutritional factor and what the three other most critical factors of healthy eating are. They will find out how to choose wisely between different types of fats, which fruits and vegetables provide the best health insurance, and the proportions of each to integrate into their daily diet. And all this new, exciting nutritional information is translated for the reader into simple menu plans, and tasty recipes that make utilising the New Food Pyramid easy. Completely unique and authoritative EAT, DRINK, AND BE HEALTHY will teach everyone an entirely new way to eat.","og_url":"https:\/\/skaitytaknyga.lt\/en\/produktas\/eat-drink-and-be-healthy-the-harvard-medical-school-guide-to-healthy-eating-2\/","og_site_name":"Skaitytaknyga","article_publisher":"https:\/\/www.facebook.com\/skaitytaknyga\/","article_modified_time":"2024-05-04T14:39:12+00:00","og_image":[{"width":567,"height":917,"url":"https:\/\/skaitytaknyga.lt\/wp-content\/uploads\/2024\/04\/132139900_1247600078945756_2281432774096877022_n-e1608665583430.jpg","type":"image\/jpeg"}],"twitter_card":"summary_large_image","twitter_misc":{"Estimated reading time":"1 minute"},"schema":{"@context":"https:\/\/schema.org","@graph":[{"@type":"WebPage","@id":"https:\/\/skaitytaknyga.lt\/produktas\/eat-drink-and-be-healthy-the-harvard-medical-school-guide-to-healthy-eating-2\/","url":"https:\/\/skaitytaknyga.lt\/produktas\/eat-drink-and-be-healthy-the-harvard-medical-school-guide-to-healthy-eating-2\/","name":"Eat, Drink and Be Healthy: The Harvard Medical School Guide to Healthy Eating - Skaitytaknyga","isPartOf":{"@id":"https:\/\/skaitytaknyga.lt\/#website"},"primaryImageOfPage":{"@id":"https:\/\/skaitytaknyga.lt\/produktas\/eat-drink-and-be-healthy-the-harvard-medical-school-guide-to-healthy-eating-2\/#primaryimage"},"image":{"@id":"https:\/\/skaitytaknyga.lt\/produktas\/eat-drink-and-be-healthy-the-harvard-medical-school-guide-to-healthy-eating-2\/#primaryimage"},"thumbnailUrl":"https:\/\/skaitytaknyga.lt\/wp-content\/uploads\/2024\/04\/132139900_1247600078945756_2281432774096877022_n-e1608665583430.jpg","datePublished":"2024-05-04T14:39:00+00:00","dateModified":"2024-05-04T14:39:12+00:00","description":"YRA NEDIDELI\u0172 DEFEKT\u0172 Exposing the problems of popular diets such as the Zone and the Atkins diet, Dr. Willett offers eye-opening new research on the optimum ratio of carbohydrates, fats, and proteins, and the relative importance of various food groups and supplements. Readers will learn why weight control is the single most important nutritional factor and what the three other most critical factors of healthy eating are. They will find out how to choose wisely between different types of fats, which fruits and vegetables provide the best health insurance, and the proportions of each to integrate into their daily diet. And all this new, exciting nutritional information is translated for the reader into simple menu plans, and tasty recipes that make utilising the New Food Pyramid easy. Completely unique and authoritative EAT, DRINK, AND BE HEALTHY will teach everyone an entirely new way to eat.","breadcrumb":{"@id":"https:\/\/skaitytaknyga.lt\/produktas\/eat-drink-and-be-healthy-the-harvard-medical-school-guide-to-healthy-eating-2\/#breadcrumb"},"inLanguage":"en-GB","potentialAction":[{"@type":"ReadAction","target":["https:\/\/skaitytaknyga.lt\/produktas\/eat-drink-and-be-healthy-the-harvard-medical-school-guide-to-healthy-eating-2\/"]}]},{"@type":"ImageObject","inLanguage":"en-GB","@id":"https:\/\/skaitytaknyga.lt\/produktas\/eat-drink-and-be-healthy-the-harvard-medical-school-guide-to-healthy-eating-2\/#primaryimage","url":"https:\/\/skaitytaknyga.lt\/wp-content\/uploads\/2024\/04\/132139900_1247600078945756_2281432774096877022_n-e1608665583430.jpg","contentUrl":"https:\/\/skaitytaknyga.lt\/wp-content\/uploads\/2024\/04\/132139900_1247600078945756_2281432774096877022_n-e1608665583430.jpg","width":567,"height":917,"caption":"132139900 1247600078945756 2281432774096877022 n e1608665583430"},{"@type":"BreadcrumbList","@id":"https:\/\/skaitytaknyga.lt\/produktas\/eat-drink-and-be-healthy-the-harvard-medical-school-guide-to-healthy-eating-2\/#breadcrumb","itemListElement":[{"@type":"ListItem","position":1,"name":"Home","item":"https:\/\/skaitytaknyga.lt\/"},{"@type":"ListItem","position":2,"name":"Parduotuv\u0117","item":"https:\/\/skaitytaknyga.lt\/knygu-parduotuve\/"},{"@type":"ListItem","position":3,"name":"Eat, Drink and Be Healthy: The Harvard Medical School Guide to Healthy Eating"}]},{"@type":"WebSite","@id":"https:\/\/skaitytaknyga.lt\/#website","url":"https:\/\/skaitytaknyga.lt\/","name":"skaitytaknyga.lt","description":"Skaitytaknyga.lt \u2013 tai ma\u017eas \u0161eimos verslas, kuris prasid\u0117jo nuo meil\u0117s knygoms ir siekio i\u0161gelb\u0117ti knygas nuo likimo prie konteinerio. Kas vienam nereikalingas daiktas \u2013 kitam lobis, o mes esame tarpininkai, kurie padeda abiems tapti laimingesniems ???? \u017dinome kaip nelengva i\u0161gyventi ma\u017eiems verslams, tad nuo \u0161iol, \u010dia rasite ir kit\u0173, ma\u017e\u0173 \u0161eim\u0173 versl\u0173, rank\u0173 darbo, dovan\u0173 sau ir artimiesiems.","publisher":{"@id":"https:\/\/skaitytaknyga.lt\/#organization"},"potentialAction":[{"@type":"SearchAction","target":{"@type":"EntryPoint","urlTemplate":"https:\/\/skaitytaknyga.lt\/?s={search_term_string}"},"query-input":{"@type":"PropertyValueSpecification","valueRequired":true,"valueName":"search_term_string"}}],"inLanguage":"en-GB"},{"@type":"Organization","@id":"https:\/\/skaitytaknyga.lt\/#organization","name":"skaitytaknyga.lt","url":"https:\/\/skaitytaknyga.lt\/","logo":{"@type":"ImageObject","inLanguage":"en-GB","@id":"https:\/\/skaitytaknyga.lt\/#\/schema\/logo\/image\/","url":"https:\/\/skaitytaknyga.lt\/wp-content\/uploads\/2024\/05\/cropped-cropped-cropped-02_00843_jt3bggkj1j3HLc7SyY6rEUpg.jpeg","contentUrl":"https:\/\/skaitytaknyga.lt\/wp-content\/uploads\/2024\/05\/cropped-cropped-cropped-02_00843_jt3bggkj1j3HLc7SyY6rEUpg.jpeg","width":1600,"height":1600,"caption":"skaitytaknyga.lt"},"image":{"@id":"https:\/\/skaitytaknyga.lt\/#\/schema\/logo\/image\/"},"sameAs":["https:\/\/www.facebook.com\/skaitytaknyga\/"]}]}},"_links":{"self":[{"href":"https:\/\/skaitytaknyga.lt\/en\/wp-json\/wp\/v2\/product\/8018","targetHints":{"allow":["GET"]}}],"collection":[{"href":"https:\/\/skaitytaknyga.lt\/en\/wp-json\/wp\/v2\/product"}],"about":[{"href":"https:\/\/skaitytaknyga.lt\/en\/wp-json\/wp\/v2\/types\/product"}],"replies":[{"embeddable":true,"href":"https:\/\/skaitytaknyga.lt\/en\/wp-json\/wp\/v2\/comments?post=8018"}],"wp:featuredmedia":[{"embeddable":true,"href":"https:\/\/skaitytaknyga.lt\/en\/wp-json\/wp\/v2\/media\/3731"}],"wp:attachment":[{"href":"https:\/\/skaitytaknyga.lt\/en\/wp-json\/wp\/v2\/media?parent=8018"}],"wp:term":[{"taxonomy":"product_brand","embeddable":true,"href":"https:\/\/skaitytaknyga.lt\/en\/wp-json\/wp\/v2\/product_brand?post=8018"},{"taxonomy":"product_cat","embeddable":true,"href":"https:\/\/skaitytaknyga.lt\/en\/wp-json\/wp\/v2\/product_cat?post=8018"},{"taxonomy":"product_tag","embeddable":true,"href":"https:\/\/skaitytaknyga.lt\/en\/wp-json\/wp\/v2\/product_tag?post=8018"}],"curies":[{"name":"wp","href":"https:\/\/api.w.org\/{rel}","templated":true}]}}