{"id":8000,"date":"2024-05-04T17:38:38","date_gmt":"2024-05-04T14:38:38","guid":{"rendered":"https:\/\/skaitytaknyga.lt\/?post_type=product&#038;p=8000"},"modified":"2025-07-18T18:06:16","modified_gmt":"2025-07-18T15:06:16","slug":"sielos-aritmetika","status":"publish","type":"product","link":"https:\/\/skaitytaknyga.lt\/en\/produktas\/sielos-aritmetika\/","title":{"rendered":"Sielos aritmetika"},"content":{"rendered":"<p>\u0160ioje knygoje \u017eaismingai ir subtiliai, jautriai ir be egzaltacijos aptariami universal\u016bs nematomi gyvenimo d\u0117sniai, kuriuos \u017einant bus galima pasiekti pilnatv\u0119 visose gyvenimo srityse. Knygos autor\u0117 Leonora Blekaityt\u0117, asmenini\u0173 poky\u010di\u0173 konsultant\u0117, tekst\u0105 grind\u017eia savo darbo, pad\u0117jusio jai pa\u010diai sutvirtinti gyvenimo pamatus, patirtimi ir iliustruoja \u012ftikinamais gyvenimi\u0161kais pavyzd\u017eiais. Knyga \u012fkv\u0117ps veikti, \u201esupurtys\u201c, paskatins \u012fsiklausyti ir pa\u017einti save, u\u017eves ant kelio, pad\u0117s lavinti \u012fg\u016bd\u017eius harmoningai gyvenant su savimi, o svarbiausia, privers imtis gyvenimo poky\u010di\u0173 DABAR. \u201eSielos aritmetika\u201c papildyta praktikomis, kurios ypa\u010d rekomenduojamos siekiant prisijaukinti permainas, pl\u0117sti s\u0105moningum\u0105, \u012fsiklausyti \u012f savo, o ne primestus norus, m\u0117gautis mums duota dovana \u2013 gyvenimu ir \u017eingsnelis po \u017eingsnelio \u017eengti laim\u0117s link. <\/p>\n<p>Asmenini\u0173 poky\u010di\u0173 konsultant\u0117 Leonora Blekaityt\u0117, prisistatanti kaip Leonora-Be You, jau ketverius metus veda seminarus, konsultuoja individualiai. Jos gyvenimas neprasilenkia n\u0117 su viena universalia tiesa, apie kurias ji kalba sa vo seminaruose, interviu ir straipsniuose. \u0160iuo metu asmeninio tobul\u0117jimo ir moteri\u0161kumo atskleidimo mokym\u0173 veikl\u0105 ji ple\u010dia Lietuvoje ir Ibisoje (Ispani ja).<\/p>\n","protected":false},"excerpt":{"rendered":"<p>\u0160ioje knygoje \u017eaismingai ir subtiliai, jautriai ir be egzaltacijos aptariami universal\u016bs nematomi gyvenimo d\u0117sniai, kuriuos \u017einant bus galima pasiekti pilnatv\u0119 visose gyvenimo srityse. Knygos autor\u0117 Leonora Blekaityt\u0117, asmenini\u0173 poky\u010di\u0173 konsultant\u0117, tekst\u0105 grind\u017eia savo darbo, pad\u0117jusio jai pa\u010diai sutvirtinti gyvenimo pamatus, patirtimi ir iliustruoja \u012ftikinamais gyvenimi\u0161kais pavyzd\u017eiais. Knyga \u012fkv\u0117ps veikti, \u201esupurtys\u201c, paskatins \u012fsiklausyti ir pa\u017einti save, u\u017eves ant kelio, pad\u0117s lavinti \u012fg\u016bd\u017eius harmoningai gyvenant su savimi, o svarbiausia, privers imtis gyvenimo poky\u010di\u0173 DABAR. \u201eSielos aritmetika\u201c papildyta praktikomis, kurios ypa\u010d rekomenduojamos siekiant prisijaukinti permainas, pl\u0117sti s\u0105moningum\u0105, \u012fsiklausyti \u012f savo, o ne primestus norus, m\u0117gautis mums duota dovana \u2013 gyvenimu ir \u017eingsnelis po \u017eingsnelio \u017eengti laim\u0117s link. <\/p>\n<p>Asmenini\u0173 poky\u010di\u0173 konsultant\u0117 Leonora Blekaityt\u0117, prisistatanti kaip Leonora-Be You, jau ketverius metus veda seminarus, konsultuoja individualiai. Jos gyvenimas neprasilenkia n\u0117 su viena universalia tiesa, apie kurias ji kalba sa vo seminaruose, interviu ir straipsniuose. \u0160iuo metu asmeninio tobul\u0117jimo ir moteri\u0161kumo atskleidimo mokym\u0173 veikl\u0105 ji ple\u010dia Lietuvoje ir Ibisoje (Ispani ja).<\/p>\n","protected":false},"featured_media":3676,"comment_status":"closed","ping_status":"closed","template":"","meta":{"_acf_changed":false,"site-sidebar-layout":"default","site-content-layout":"","ast-site-content-layout":"default","site-content-style":"default","site-sidebar-style":"default","ast-global-header-display":"","ast-banner-title-visibility":"","ast-main-header-display":"","ast-hfb-above-header-display":"","ast-hfb-below-header-display":"","ast-hfb-mobile-header-display":"","site-post-title":"","ast-breadcrumbs-content":"","ast-featured-img":"","footer-sml-layout":"","ast-disable-related-posts":"","theme-transparent-header-meta":"","adv-header-id-meta":"","stick-header-meta":"","header-above-stick-meta":"","header-main-stick-meta":"","header-below-stick-meta":"","astra-migrate-meta-layouts":"default","ast-page-background-enabled":"default","ast-page-background-meta":{"desktop":{"background-color":"","background-image":"","background-repeat":"repeat","background-position":"center center","background-size":"auto","background-attachment":"scroll","background-type":"","background-media":"","overlay-type":"","overlay-color":"","overlay-opacity":"","overlay-gradient":""},"tablet":{"background-color":"","background-image":"","background-repeat":"repeat","background-position":"center center","background-size":"auto","background-attachment":"scroll","background-type":"","background-media":"","overlay-type":"","overlay-color":"","overlay-opacity":"","overlay-gradient":""},"mobile":{"background-color":"","background-image":"","background-repeat":"repeat","background-position":"center center","background-size":"auto","background-attachment":"scroll","background-type":"","background-media":"","overlay-type":"","overlay-color":"","overlay-opacity":"","overlay-gradient":""}},"ast-content-background-meta":{"desktop":{"background-color":"var(--ast-global-color-4)","background-image":"","background-repeat":"repeat","background-position":"center center","background-size":"auto","background-attachment":"scroll","background-type":"","background-media":"","overlay-type":"","overlay-color":"","overlay-opacity":"","overlay-gradient":""},"tablet":{"background-color":"var(--ast-global-color-4)","background-image":"","background-repeat":"repeat","background-position":"center center","background-size":"auto","background-attachment":"scroll","background-type":"","background-media":"","overlay-type":"","overlay-color":"","overlay-opacity":"","overlay-gradient":""},"mobile":{"background-color":"var(--ast-global-color-4)","background-image":"","background-repeat":"repeat","background-position":"center center","background-size":"auto","background-attachment":"scroll","background-type":"","background-media":"","overlay-type":"","overlay-color":"","overlay-opacity":"","overlay-gradient":""}}},"product_brand":[],"product_cat":[30],"product_tag":[],"class_list":{"0":"post-8000","1":"product","2":"type-product","3":"status-publish","4":"has-post-thumbnail","6":"product_cat-psichologija-ir-saviugda","7":"desktop-align-left","8":"tablet-align-left","9":"mobile-align-left","11":"first","12":"outofstock","13":"shipping-taxable","14":"purchasable","15":"product-type-simple"},"acf":[],"yoast_head":"<!-- This site is optimized with the Yoast SEO plugin v27.4 - https:\/\/yoast.com\/product\/yoast-seo-wordpress\/ -->\n<title>Sielos aritmetika<\/title>\n<meta name=\"description\" content=\"\u0160ioje knygoje \u017eaismingai ir subtiliai, jautriai ir be egzaltacijos aptariami universal\u016bs nematomi gyvenimo d\u0117sniai, kuriuos \u017einant bus galima pasiekti pilnatv\u0119 visose gyvenimo srityse. Knygos autor\u0117 Leonora Blekaityt\u0117, asmenini\u0173 poky\u010di\u0173 konsultant\u0117, tekst\u0105 grind\u017eia savo darbo, pad\u0117jusio jai pa\u010diai sutvirtinti gyvenimo pamatus, patirtimi ir iliustruoja \u012ftikinamais gyvenimi\u0161kais pavyzd\u017eiais. Knyga \u012fkv\u0117ps veikti, \u201esupurtys\u201c, paskatins \u012fsiklausyti ir pa\u017einti save, u\u017eves ant kelio, pad\u0117s lavinti \u012fg\u016bd\u017eius harmoningai gyvenant su savimi, o svarbiausia, privers imtis gyvenimo poky\u010di\u0173 DABAR. \u201eSielos aritmetika\u201c papildyta praktikomis, kurios ypa\u010d rekomenduojamos siekiant prisijaukinti permainas, pl\u0117sti s\u0105moningum\u0105, \u012fsiklausyti \u012f savo, o ne primestus norus, m\u0117gautis mums duota dovana \u2013 gyvenimu ir \u017eingsnelis po \u017eingsnelio \u017eengti laim\u0117s link.   Asmenini\u0173 poky\u010di\u0173 konsultant\u0117 Leonora Blekaityt\u0117, prisistatanti kaip Leonora-Be You, jau ketverius metus veda seminarus, konsultuoja individualiai. Jos gyvenimas neprasilenkia n\u0117 su viena universalia tiesa, apie kurias ji kalba sa vo seminaruose, interviu ir straipsniuose. \u0160iuo metu asmeninio tobul\u0117jimo ir moteri\u0161kumo atskleidimo mokym\u0173 veikl\u0105 ji ple\u010dia Lietuvoje ir Ibisoje (Ispani ja).\" \/>\n<meta name=\"robots\" content=\"index, follow, max-snippet:-1, max-image-preview:large, max-video-preview:-1\" \/>\n<link rel=\"canonical\" href=\"https:\/\/skaitytaknyga.lt\/en\/produktas\/sielos-aritmetika\/\" \/>\n<meta property=\"og:locale\" content=\"en_GB\" \/>\n<meta property=\"og:locale:alternate\" content=\"lt_LT\" \/>\n<meta property=\"og:type\" content=\"article\" \/>\n<meta property=\"og:title\" content=\"Sielos aritmetika\" \/>\n<meta property=\"og:description\" content=\"\u0160ioje knygoje \u017eaismingai ir subtiliai, jautriai ir be egzaltacijos aptariami universal\u016bs nematomi gyvenimo d\u0117sniai, kuriuos \u017einant bus galima pasiekti pilnatv\u0119 visose gyvenimo srityse. Knygos autor\u0117 Leonora Blekaityt\u0117, asmenini\u0173 poky\u010di\u0173 konsultant\u0117, tekst\u0105 grind\u017eia savo darbo, pad\u0117jusio jai pa\u010diai sutvirtinti gyvenimo pamatus, patirtimi ir iliustruoja \u012ftikinamais gyvenimi\u0161kais pavyzd\u017eiais. Knyga \u012fkv\u0117ps veikti, \u201esupurtys\u201c, paskatins \u012fsiklausyti ir pa\u017einti save, u\u017eves ant kelio, pad\u0117s lavinti \u012fg\u016bd\u017eius harmoningai gyvenant su savimi, o svarbiausia, privers imtis gyvenimo poky\u010di\u0173 DABAR. \u201eSielos aritmetika\u201c papildyta praktikomis, kurios ypa\u010d rekomenduojamos siekiant prisijaukinti permainas, pl\u0117sti s\u0105moningum\u0105, \u012fsiklausyti \u012f savo, o ne primestus norus, m\u0117gautis mums duota dovana \u2013 gyvenimu ir \u017eingsnelis po \u017eingsnelio \u017eengti laim\u0117s link.   Asmenini\u0173 poky\u010di\u0173 konsultant\u0117 Leonora Blekaityt\u0117, prisistatanti kaip Leonora-Be You, jau ketverius metus veda seminarus, konsultuoja individualiai. Jos gyvenimas neprasilenkia n\u0117 su viena universalia tiesa, apie kurias ji kalba sa vo seminaruose, interviu ir straipsniuose. \u0160iuo metu asmeninio tobul\u0117jimo ir moteri\u0161kumo atskleidimo mokym\u0173 veikl\u0105 ji ple\u010dia Lietuvoje ir Ibisoje (Ispani ja).\" \/>\n<meta property=\"og:url\" content=\"https:\/\/skaitytaknyga.lt\/en\/produktas\/sielos-aritmetika\/\" \/>\n<meta property=\"og:site_name\" content=\"Skaitytaknyga\" \/>\n<meta property=\"article:publisher\" content=\"https:\/\/www.facebook.com\/skaitytaknyga\/\" \/>\n<meta property=\"article:modified_time\" content=\"2025-07-18T15:06:16+00:00\" \/>\n<meta property=\"og:image\" content=\"https:\/\/skaitytaknyga.lt\/wp-content\/uploads\/2024\/04\/000000000001110149-59de83cbac5f6-asset-knyguklubas-cdb_sielos-aritmetika_p1.png\" \/>\n\t<meta property=\"og:image:width\" content=\"285\" \/>\n\t<meta property=\"og:image:height\" content=\"424\" \/>\n\t<meta property=\"og:image:type\" content=\"image\/png\" \/>\n<meta name=\"twitter:card\" content=\"summary_large_image\" \/>\n<meta name=\"twitter:label1\" content=\"Estimated reading time\" \/>\n\t<meta name=\"twitter:data1\" content=\"1 minute\" \/>\n<script type=\"application\/ld+json\" class=\"yoast-schema-graph\">{\"@context\":\"https:\\\/\\\/schema.org\",\"@graph\":[{\"@type\":\"WebPage\",\"@id\":\"https:\\\/\\\/skaitytaknyga.lt\\\/produktas\\\/sielos-aritmetika\\\/\",\"url\":\"https:\\\/\\\/skaitytaknyga.lt\\\/produktas\\\/sielos-aritmetika\\\/\",\"name\":\"Sielos aritmetika\",\"isPartOf\":{\"@id\":\"https:\\\/\\\/skaitytaknyga.lt\\\/#website\"},\"primaryImageOfPage\":{\"@id\":\"https:\\\/\\\/skaitytaknyga.lt\\\/produktas\\\/sielos-aritmetika\\\/#primaryimage\"},\"image\":{\"@id\":\"https:\\\/\\\/skaitytaknyga.lt\\\/produktas\\\/sielos-aritmetika\\\/#primaryimage\"},\"thumbnailUrl\":\"https:\\\/\\\/skaitytaknyga.lt\\\/wp-content\\\/uploads\\\/2024\\\/04\\\/000000000001110149-59de83cbac5f6-asset-knyguklubas-cdb_sielos-aritmetika_p1.png\",\"datePublished\":\"2024-05-04T14:38:38+00:00\",\"dateModified\":\"2025-07-18T15:06:16+00:00\",\"description\":\"\u0160ioje knygoje \u017eaismingai ir subtiliai, jautriai ir be egzaltacijos aptariami universal\u016bs nematomi gyvenimo d\u0117sniai, kuriuos \u017einant bus galima pasiekti pilnatv\u0119 visose gyvenimo srityse. Knygos autor\u0117 Leonora Blekaityt\u0117, asmenini\u0173 poky\u010di\u0173 konsultant\u0117, tekst\u0105 grind\u017eia savo darbo, pad\u0117jusio jai pa\u010diai sutvirtinti gyvenimo pamatus, patirtimi ir iliustruoja \u012ftikinamais gyvenimi\u0161kais pavyzd\u017eiais. Knyga \u012fkv\u0117ps veikti, \u201esupurtys\u201c, paskatins \u012fsiklausyti ir pa\u017einti save, u\u017eves ant kelio, pad\u0117s lavinti \u012fg\u016bd\u017eius harmoningai gyvenant su savimi, o svarbiausia, privers imtis gyvenimo poky\u010di\u0173 DABAR. \u201eSielos aritmetika\u201c papildyta praktikomis, kurios ypa\u010d rekomenduojamos siekiant prisijaukinti permainas, pl\u0117sti s\u0105moningum\u0105, \u012fsiklausyti \u012f savo, o ne primestus norus, m\u0117gautis mums duota dovana \u2013 gyvenimu ir \u017eingsnelis po \u017eingsnelio \u017eengti laim\u0117s link. Asmenini\u0173 poky\u010di\u0173 konsultant\u0117 Leonora Blekaityt\u0117, prisistatanti kaip Leonora-Be You, jau ketverius metus veda seminarus, konsultuoja individualiai. Jos gyvenimas neprasilenkia n\u0117 su viena universalia tiesa, apie kurias ji kalba sa vo seminaruose, interviu ir straipsniuose. \u0160iuo metu asmeninio tobul\u0117jimo ir moteri\u0161kumo atskleidimo mokym\u0173 veikl\u0105 ji ple\u010dia Lietuvoje ir Ibisoje (Ispani ja).\",\"breadcrumb\":{\"@id\":\"https:\\\/\\\/skaitytaknyga.lt\\\/produktas\\\/sielos-aritmetika\\\/#breadcrumb\"},\"inLanguage\":\"en-GB\",\"potentialAction\":[{\"@type\":\"ReadAction\",\"target\":[\"https:\\\/\\\/skaitytaknyga.lt\\\/produktas\\\/sielos-aritmetika\\\/\"]}]},{\"@type\":\"ImageObject\",\"inLanguage\":\"en-GB\",\"@id\":\"https:\\\/\\\/skaitytaknyga.lt\\\/produktas\\\/sielos-aritmetika\\\/#primaryimage\",\"url\":\"https:\\\/\\\/skaitytaknyga.lt\\\/wp-content\\\/uploads\\\/2024\\\/04\\\/000000000001110149-59de83cbac5f6-asset-knyguklubas-cdb_sielos-aritmetika_p1.png\",\"contentUrl\":\"https:\\\/\\\/skaitytaknyga.lt\\\/wp-content\\\/uploads\\\/2024\\\/04\\\/000000000001110149-59de83cbac5f6-asset-knyguklubas-cdb_sielos-aritmetika_p1.png\",\"width\":285,\"height\":424,\"caption\":\"000000000001110149 59de83cbac5f6 asset knyguklubas cdb sielos aritmetika p1\"},{\"@type\":\"BreadcrumbList\",\"@id\":\"https:\\\/\\\/skaitytaknyga.lt\\\/produktas\\\/sielos-aritmetika\\\/#breadcrumb\",\"itemListElement\":[{\"@type\":\"ListItem\",\"position\":1,\"name\":\"Home\",\"item\":\"https:\\\/\\\/skaitytaknyga.lt\\\/\"},{\"@type\":\"ListItem\",\"position\":2,\"name\":\"Parduotuv\u0117\",\"item\":\"https:\\\/\\\/skaitytaknyga.lt\\\/knygu-parduotuve\\\/\"},{\"@type\":\"ListItem\",\"position\":3,\"name\":\"Sielos aritmetika\"}]},{\"@type\":\"WebSite\",\"@id\":\"https:\\\/\\\/skaitytaknyga.lt\\\/#website\",\"url\":\"https:\\\/\\\/skaitytaknyga.lt\\\/\",\"name\":\"skaitytaknyga.lt\",\"description\":\"Skaitytaknyga.lt \u2013 tai ma\u017eas \u0161eimos verslas, kuris prasid\u0117jo nuo meil\u0117s knygoms ir siekio i\u0161gelb\u0117ti knygas nuo likimo prie konteinerio. Kas vienam nereikalingas daiktas \u2013 kitam lobis, o mes esame tarpininkai, kurie padeda abiems tapti laimingesniems ???? \u017dinome kaip nelengva i\u0161gyventi ma\u017eiems verslams, tad nuo \u0161iol, \u010dia rasite ir kit\u0173, ma\u017e\u0173 \u0161eim\u0173 versl\u0173, rank\u0173 darbo, dovan\u0173 sau ir artimiesiems.\",\"publisher\":{\"@id\":\"https:\\\/\\\/skaitytaknyga.lt\\\/#organization\"},\"potentialAction\":[{\"@type\":\"SearchAction\",\"target\":{\"@type\":\"EntryPoint\",\"urlTemplate\":\"https:\\\/\\\/skaitytaknyga.lt\\\/?s={search_term_string}\"},\"query-input\":{\"@type\":\"PropertyValueSpecification\",\"valueRequired\":true,\"valueName\":\"search_term_string\"}}],\"inLanguage\":\"en-GB\"},{\"@type\":\"Organization\",\"@id\":\"https:\\\/\\\/skaitytaknyga.lt\\\/#organization\",\"name\":\"skaitytaknyga.lt\",\"url\":\"https:\\\/\\\/skaitytaknyga.lt\\\/\",\"logo\":{\"@type\":\"ImageObject\",\"inLanguage\":\"en-GB\",\"@id\":\"https:\\\/\\\/skaitytaknyga.lt\\\/#\\\/schema\\\/logo\\\/image\\\/\",\"url\":\"https:\\\/\\\/skaitytaknyga.lt\\\/wp-content\\\/uploads\\\/2024\\\/05\\\/cropped-cropped-cropped-02_00843_jt3bggkj1j3HLc7SyY6rEUpg.jpeg\",\"contentUrl\":\"https:\\\/\\\/skaitytaknyga.lt\\\/wp-content\\\/uploads\\\/2024\\\/05\\\/cropped-cropped-cropped-02_00843_jt3bggkj1j3HLc7SyY6rEUpg.jpeg\",\"width\":1600,\"height\":1600,\"caption\":\"skaitytaknyga.lt\"},\"image\":{\"@id\":\"https:\\\/\\\/skaitytaknyga.lt\\\/#\\\/schema\\\/logo\\\/image\\\/\"},\"sameAs\":[\"https:\\\/\\\/www.facebook.com\\\/skaitytaknyga\\\/\"]}]}<\/script>\n<!-- \/ Yoast SEO plugin. -->","yoast_head_json":{"title":"Sielos aritmetika","description":"\u0160ioje knygoje \u017eaismingai ir subtiliai, jautriai ir be egzaltacijos aptariami universal\u016bs nematomi gyvenimo d\u0117sniai, kuriuos \u017einant bus galima pasiekti pilnatv\u0119 visose gyvenimo srityse. Knygos autor\u0117 Leonora Blekaityt\u0117, asmenini\u0173 poky\u010di\u0173 konsultant\u0117, tekst\u0105 grind\u017eia savo darbo, pad\u0117jusio jai pa\u010diai sutvirtinti gyvenimo pamatus, patirtimi ir iliustruoja \u012ftikinamais gyvenimi\u0161kais pavyzd\u017eiais. Knyga \u012fkv\u0117ps veikti, \u201esupurtys\u201c, paskatins \u012fsiklausyti ir pa\u017einti save, u\u017eves ant kelio, pad\u0117s lavinti \u012fg\u016bd\u017eius harmoningai gyvenant su savimi, o svarbiausia, privers imtis gyvenimo poky\u010di\u0173 DABAR. \u201eSielos aritmetika\u201c papildyta praktikomis, kurios ypa\u010d rekomenduojamos siekiant prisijaukinti permainas, pl\u0117sti s\u0105moningum\u0105, \u012fsiklausyti \u012f savo, o ne primestus norus, m\u0117gautis mums duota dovana \u2013 gyvenimu ir \u017eingsnelis po \u017eingsnelio \u017eengti laim\u0117s link.   Asmenini\u0173 poky\u010di\u0173 konsultant\u0117 Leonora Blekaityt\u0117, prisistatanti kaip Leonora-Be You, jau ketverius metus veda seminarus, konsultuoja individualiai. Jos gyvenimas neprasilenkia n\u0117 su viena universalia tiesa, apie kurias ji kalba sa vo seminaruose, interviu ir straipsniuose. \u0160iuo metu asmeninio tobul\u0117jimo ir moteri\u0161kumo atskleidimo mokym\u0173 veikl\u0105 ji ple\u010dia Lietuvoje ir Ibisoje (Ispani ja).","robots":{"index":"index","follow":"follow","max-snippet":"max-snippet:-1","max-image-preview":"max-image-preview:large","max-video-preview":"max-video-preview:-1"},"canonical":"https:\/\/skaitytaknyga.lt\/en\/produktas\/sielos-aritmetika\/","og_locale":"en_GB","og_type":"article","og_title":"[:lt]Sielos aritmetika[:] - Skaitytaknyga","og_description":"\u0160ioje knygoje \u017eaismingai ir subtiliai, jautriai ir be egzaltacijos aptariami universal\u016bs nematomi gyvenimo d\u0117sniai, kuriuos \u017einant bus galima pasiekti pilnatv\u0119 visose gyvenimo srityse. Knygos autor\u0117 Leonora Blekaityt\u0117, asmenini\u0173 poky\u010di\u0173 konsultant\u0117, tekst\u0105 grind\u017eia savo darbo, pad\u0117jusio jai pa\u010diai sutvirtinti gyvenimo pamatus, patirtimi ir iliustruoja \u012ftikinamais gyvenimi\u0161kais pavyzd\u017eiais. Knyga \u012fkv\u0117ps veikti, \u201esupurtys\u201c, paskatins \u012fsiklausyti ir pa\u017einti save, u\u017eves ant kelio, pad\u0117s lavinti \u012fg\u016bd\u017eius harmoningai gyvenant su savimi, o svarbiausia, privers imtis gyvenimo poky\u010di\u0173 DABAR. \u201eSielos aritmetika\u201c papildyta praktikomis, kurios ypa\u010d rekomenduojamos siekiant prisijaukinti permainas, pl\u0117sti s\u0105moningum\u0105, \u012fsiklausyti \u012f savo, o ne primestus norus, m\u0117gautis mums duota dovana \u2013 gyvenimu ir \u017eingsnelis po \u017eingsnelio \u017eengti laim\u0117s link.   Asmenini\u0173 poky\u010di\u0173 konsultant\u0117 Leonora Blekaityt\u0117, prisistatanti kaip Leonora-Be You, jau ketverius metus veda seminarus, konsultuoja individualiai. Jos gyvenimas neprasilenkia n\u0117 su viena universalia tiesa, apie kurias ji kalba sa vo seminaruose, interviu ir straipsniuose. \u0160iuo metu asmeninio tobul\u0117jimo ir moteri\u0161kumo atskleidimo mokym\u0173 veikl\u0105 ji ple\u010dia Lietuvoje ir Ibisoje (Ispani ja).","og_url":"https:\/\/skaitytaknyga.lt\/en\/produktas\/sielos-aritmetika\/","og_site_name":"Skaitytaknyga","article_publisher":"https:\/\/www.facebook.com\/skaitytaknyga\/","article_modified_time":"2025-07-18T15:06:16+00:00","og_image":[{"width":285,"height":424,"url":"https:\/\/skaitytaknyga.lt\/wp-content\/uploads\/2024\/04\/000000000001110149-59de83cbac5f6-asset-knyguklubas-cdb_sielos-aritmetika_p1.png","type":"image\/png"}],"twitter_card":"summary_large_image","twitter_misc":{"Estimated reading time":"1 minute"},"schema":{"@context":"https:\/\/schema.org","@graph":[{"@type":"WebPage","@id":"https:\/\/skaitytaknyga.lt\/produktas\/sielos-aritmetika\/","url":"https:\/\/skaitytaknyga.lt\/produktas\/sielos-aritmetika\/","name":"Sielos aritmetika","isPartOf":{"@id":"https:\/\/skaitytaknyga.lt\/#website"},"primaryImageOfPage":{"@id":"https:\/\/skaitytaknyga.lt\/produktas\/sielos-aritmetika\/#primaryimage"},"image":{"@id":"https:\/\/skaitytaknyga.lt\/produktas\/sielos-aritmetika\/#primaryimage"},"thumbnailUrl":"https:\/\/skaitytaknyga.lt\/wp-content\/uploads\/2024\/04\/000000000001110149-59de83cbac5f6-asset-knyguklubas-cdb_sielos-aritmetika_p1.png","datePublished":"2024-05-04T14:38:38+00:00","dateModified":"2025-07-18T15:06:16+00:00","description":"\u0160ioje knygoje \u017eaismingai ir subtiliai, jautriai ir be egzaltacijos aptariami universal\u016bs nematomi gyvenimo d\u0117sniai, kuriuos \u017einant bus galima pasiekti pilnatv\u0119 visose gyvenimo srityse. Knygos autor\u0117 Leonora Blekaityt\u0117, asmenini\u0173 poky\u010di\u0173 konsultant\u0117, tekst\u0105 grind\u017eia savo darbo, pad\u0117jusio jai pa\u010diai sutvirtinti gyvenimo pamatus, patirtimi ir iliustruoja \u012ftikinamais gyvenimi\u0161kais pavyzd\u017eiais. Knyga \u012fkv\u0117ps veikti, \u201esupurtys\u201c, paskatins \u012fsiklausyti ir pa\u017einti save, u\u017eves ant kelio, pad\u0117s lavinti \u012fg\u016bd\u017eius harmoningai gyvenant su savimi, o svarbiausia, privers imtis gyvenimo poky\u010di\u0173 DABAR. \u201eSielos aritmetika\u201c papildyta praktikomis, kurios ypa\u010d rekomenduojamos siekiant prisijaukinti permainas, pl\u0117sti s\u0105moningum\u0105, \u012fsiklausyti \u012f savo, o ne primestus norus, m\u0117gautis mums duota dovana \u2013 gyvenimu ir \u017eingsnelis po \u017eingsnelio \u017eengti laim\u0117s link. Asmenini\u0173 poky\u010di\u0173 konsultant\u0117 Leonora Blekaityt\u0117, prisistatanti kaip Leonora-Be You, jau ketverius metus veda seminarus, konsultuoja individualiai. Jos gyvenimas neprasilenkia n\u0117 su viena universalia tiesa, apie kurias ji kalba sa vo seminaruose, interviu ir straipsniuose. \u0160iuo metu asmeninio tobul\u0117jimo ir moteri\u0161kumo atskleidimo mokym\u0173 veikl\u0105 ji ple\u010dia Lietuvoje ir Ibisoje (Ispani ja).","breadcrumb":{"@id":"https:\/\/skaitytaknyga.lt\/produktas\/sielos-aritmetika\/#breadcrumb"},"inLanguage":"en-GB","potentialAction":[{"@type":"ReadAction","target":["https:\/\/skaitytaknyga.lt\/produktas\/sielos-aritmetika\/"]}]},{"@type":"ImageObject","inLanguage":"en-GB","@id":"https:\/\/skaitytaknyga.lt\/produktas\/sielos-aritmetika\/#primaryimage","url":"https:\/\/skaitytaknyga.lt\/wp-content\/uploads\/2024\/04\/000000000001110149-59de83cbac5f6-asset-knyguklubas-cdb_sielos-aritmetika_p1.png","contentUrl":"https:\/\/skaitytaknyga.lt\/wp-content\/uploads\/2024\/04\/000000000001110149-59de83cbac5f6-asset-knyguklubas-cdb_sielos-aritmetika_p1.png","width":285,"height":424,"caption":"000000000001110149 59de83cbac5f6 asset knyguklubas cdb sielos aritmetika p1"},{"@type":"BreadcrumbList","@id":"https:\/\/skaitytaknyga.lt\/produktas\/sielos-aritmetika\/#breadcrumb","itemListElement":[{"@type":"ListItem","position":1,"name":"Home","item":"https:\/\/skaitytaknyga.lt\/"},{"@type":"ListItem","position":2,"name":"Parduotuv\u0117","item":"https:\/\/skaitytaknyga.lt\/knygu-parduotuve\/"},{"@type":"ListItem","position":3,"name":"Sielos aritmetika"}]},{"@type":"WebSite","@id":"https:\/\/skaitytaknyga.lt\/#website","url":"https:\/\/skaitytaknyga.lt\/","name":"skaitytaknyga.lt","description":"Skaitytaknyga.lt \u2013 tai ma\u017eas \u0161eimos verslas, kuris prasid\u0117jo nuo meil\u0117s knygoms ir siekio i\u0161gelb\u0117ti knygas nuo likimo prie konteinerio. Kas vienam nereikalingas daiktas \u2013 kitam lobis, o mes esame tarpininkai, kurie padeda abiems tapti laimingesniems ???? \u017dinome kaip nelengva i\u0161gyventi ma\u017eiems verslams, tad nuo \u0161iol, \u010dia rasite ir kit\u0173, ma\u017e\u0173 \u0161eim\u0173 versl\u0173, rank\u0173 darbo, dovan\u0173 sau ir artimiesiems.","publisher":{"@id":"https:\/\/skaitytaknyga.lt\/#organization"},"potentialAction":[{"@type":"SearchAction","target":{"@type":"EntryPoint","urlTemplate":"https:\/\/skaitytaknyga.lt\/?s={search_term_string}"},"query-input":{"@type":"PropertyValueSpecification","valueRequired":true,"valueName":"search_term_string"}}],"inLanguage":"en-GB"},{"@type":"Organization","@id":"https:\/\/skaitytaknyga.lt\/#organization","name":"skaitytaknyga.lt","url":"https:\/\/skaitytaknyga.lt\/","logo":{"@type":"ImageObject","inLanguage":"en-GB","@id":"https:\/\/skaitytaknyga.lt\/#\/schema\/logo\/image\/","url":"https:\/\/skaitytaknyga.lt\/wp-content\/uploads\/2024\/05\/cropped-cropped-cropped-02_00843_jt3bggkj1j3HLc7SyY6rEUpg.jpeg","contentUrl":"https:\/\/skaitytaknyga.lt\/wp-content\/uploads\/2024\/05\/cropped-cropped-cropped-02_00843_jt3bggkj1j3HLc7SyY6rEUpg.jpeg","width":1600,"height":1600,"caption":"skaitytaknyga.lt"},"image":{"@id":"https:\/\/skaitytaknyga.lt\/#\/schema\/logo\/image\/"},"sameAs":["https:\/\/www.facebook.com\/skaitytaknyga\/"]}]}},"_links":{"self":[{"href":"https:\/\/skaitytaknyga.lt\/en\/wp-json\/wp\/v2\/product\/8000","targetHints":{"allow":["GET"]}}],"collection":[{"href":"https:\/\/skaitytaknyga.lt\/en\/wp-json\/wp\/v2\/product"}],"about":[{"href":"https:\/\/skaitytaknyga.lt\/en\/wp-json\/wp\/v2\/types\/product"}],"replies":[{"embeddable":true,"href":"https:\/\/skaitytaknyga.lt\/en\/wp-json\/wp\/v2\/comments?post=8000"}],"wp:featuredmedia":[{"embeddable":true,"href":"https:\/\/skaitytaknyga.lt\/en\/wp-json\/wp\/v2\/media\/3676"}],"wp:attachment":[{"href":"https:\/\/skaitytaknyga.lt\/en\/wp-json\/wp\/v2\/media?parent=8000"}],"wp:term":[{"taxonomy":"product_brand","embeddable":true,"href":"https:\/\/skaitytaknyga.lt\/en\/wp-json\/wp\/v2\/product_brand?post=8000"},{"taxonomy":"product_cat","embeddable":true,"href":"https:\/\/skaitytaknyga.lt\/en\/wp-json\/wp\/v2\/product_cat?post=8000"},{"taxonomy":"product_tag","embeddable":true,"href":"https:\/\/skaitytaknyga.lt\/en\/wp-json\/wp\/v2\/product_tag?post=8000"}],"curies":[{"name":"wp","href":"https:\/\/api.w.org\/{rel}","templated":true}]}}