{"id":7966,"date":"2024-05-04T14:38:15","date_gmt":"2024-05-04T14:38:15","guid":{"rendered":"https:\/\/skaitytaknyga.lt\/?post_type=product&#038;p=7966"},"modified":"2025-06-26T15:24:07","modified_gmt":"2025-06-26T12:24:07","slug":"visuotine-lietuviu-enciklopedija-i-t-a-ar-2","status":"publish","type":"product","link":"https:\/\/skaitytaknyga.lt\/en\/produktas\/visuotine-lietuviu-enciklopedija-i-t-a-ar-2\/","title":{"rendered":"Visuotin\u0117 lietuvi\u0173 enciklopedija, I t. A-Ar"},"content":{"rendered":"<p>ENCIKLOPEDIJOS APA\u010cIOJE I\u0160TEPTAS KAMPAS, ATSIPALAIDAV\u0118S \u012eRI\u0160IMAS<\/p>\n<p>&#8220;Visuotin\u0117s lietuvi\u0173 enciklopedijos I tome&#8221; apra\u0161omos valstyb\u0117s: Afganistanas, Airija, Albanija, Argentina, Al\u017eyras, Angola, tautos ir taut\u0173 grup\u0117s: actekai, ainai, aleutai, algonkinai, arabai ir kt., skelbiami straipsni\u0173 ciklai Afrika, Antrasis pasaulinis karas ir kt., ra\u0161oma apie akustik\u0105, aerodinamik\u0105, agrochemij\u0105, agronomij\u0105, algebr\u0105, administracin\u0119 teis\u0119, architekt\u016br\u0105, archeologij\u0105 ir kt., apra\u0161omi \u017eym\u016bs Lietuvos ir pasaulio mokslininkai, politikos, visuomen\u0117s ir kult\u016bros veik\u0117jai (ra\u0161ytojai Kobo Abe, Anna Achmatova, Lietuvos didysis kunigaik\u0161tis Algirdas, Lietuvos Respublikos Prezidentas Valdas Adamkus ir kt.). Tome pateikiama informacijos apie akl\u0173j\u0173 mokyklas ir visuomenines organizacijas, akrobatin\u012f skraidym\u0105, alpinizm\u0105, Amerikos lietuvi\u0173 organizacijas. Tomo prad\u017eioje pateikiami reng\u0117j\u0173 paai\u0161kinimai, pridedami da\u017eniausiai vartojam\u0173 vienet\u0173 simboli\u0173 ir da\u017eniausiai vartojam\u0173 vienet\u0173 prie\u0161d\u0117li\u0173 simboli\u0173 s\u0105ra\u0161ai, aptariamas kit\u0173 kalb\u0173 tikrini\u0173 vard\u0173 (asmenvard\u017ei\u0173, vietovard\u017ei\u0173) ra\u0161ymas.<\/p>\n","protected":false},"excerpt":{"rendered":"<p>ENCIKLOPEDIJOS APA\u010cIOJE I\u0160TEPTAS KAMPAS<\/p>\n<p>&#8220;Visuotin\u0117s lietuvi\u0173 enciklopedijos I tome&#8221; apra\u0161omos valstyb\u0117s: Afganistanas, Airija, Albanija, Argentina, Al\u017eyras, Angola, tautos ir taut\u0173 grup\u0117s: actekai, ainai, aleutai, algonkinai, arabai ir kt., skelbiami straipsni\u0173 ciklai Afrika, Antrasis pasaulinis karas ir kt., ra\u0161oma apie akustik\u0105, aerodinamik\u0105, agrochemij\u0105, agronomij\u0105, algebr\u0105, administracin\u0119 teis\u0119, architekt\u016br\u0105, archeologij\u0105 ir kt., apra\u0161omi \u017eym\u016bs Lietuvos ir pasaulio mokslininkai, politikos, visuomen\u0117s ir kult\u016bros veik\u0117jai (ra\u0161ytojai Kobo Abe, Anna Achmatova, Lietuvos didysis kunigaik\u0161tis Algirdas, Lietuvos Respublikos Prezidentas Valdas Adamkus ir kt.). Tome pateikiama informacijos apie akl\u0173j\u0173 mokyklas ir visuomenines organizacijas, akrobatin\u012f skraidym\u0105, alpinizm\u0105, Amerikos lietuvi\u0173 organizacijas. Tomo prad\u017eioje pateikiami reng\u0117j\u0173 paai\u0161kinimai, pridedami da\u017eniausiai vartojam\u0173 vienet\u0173 simboli\u0173 ir da\u017eniausiai vartojam\u0173 vienet\u0173 prie\u0161d\u0117li\u0173 simboli\u0173 s\u0105ra\u0161ai, aptariamas kit\u0173 kalb\u0173 tikrini\u0173 vard\u0173 (asmenvard\u017ei\u0173, vietovard\u017ei\u0173) ra\u0161ymas.<\/p>\n","protected":false},"featured_media":3636,"comment_status":"closed","ping_status":"closed","template":"","meta":{"_acf_changed":false,"site-sidebar-layout":"default","site-content-layout":"","ast-site-content-layout":"default","site-content-style":"default","site-sidebar-style":"default","ast-global-header-display":"","ast-banner-title-visibility":"","ast-main-header-display":"","ast-hfb-above-header-display":"","ast-hfb-below-header-display":"","ast-hfb-mobile-header-display":"","site-post-title":"","ast-breadcrumbs-content":"","ast-featured-img":"","footer-sml-layout":"","ast-disable-related-posts":"","theme-transparent-header-meta":"","adv-header-id-meta":"","stick-header-meta":"","header-above-stick-meta":"","header-main-stick-meta":"","header-below-stick-meta":"","astra-migrate-meta-layouts":"default","ast-page-background-enabled":"default","ast-page-background-meta":{"desktop":{"background-color":"","background-image":"","background-repeat":"repeat","background-position":"center center","background-size":"auto","background-attachment":"scroll","background-type":"","background-media":"","overlay-type":"","overlay-color":"","overlay-opacity":"","overlay-gradient":""},"tablet":{"background-color":"","background-image":"","background-repeat":"repeat","background-position":"center center","background-size":"auto","background-attachment":"scroll","background-type":"","background-media":"","overlay-type":"","overlay-color":"","overlay-opacity":"","overlay-gradient":""},"mobile":{"background-color":"","background-image":"","background-repeat":"repeat","background-position":"center center","background-size":"auto","background-attachment":"scroll","background-type":"","background-media":"","overlay-type":"","overlay-color":"","overlay-opacity":"","overlay-gradient":""}},"ast-content-background-meta":{"desktop":{"background-color":"var(--ast-global-color-4)","background-image":"","background-repeat":"repeat","background-position":"center center","background-size":"auto","background-attachment":"scroll","background-type":"","background-media":"","overlay-type":"","overlay-color":"","overlay-opacity":"","overlay-gradient":""},"tablet":{"background-color":"var(--ast-global-color-4)","background-image":"","background-repeat":"repeat","background-position":"center center","background-size":"auto","background-attachment":"scroll","background-type":"","background-media":"","overlay-type":"","overlay-color":"","overlay-opacity":"","overlay-gradient":""},"mobile":{"background-color":"var(--ast-global-color-4)","background-image":"","background-repeat":"repeat","background-position":"center center","background-size":"auto","background-attachment":"scroll","background-type":"","background-media":"","overlay-type":"","overlay-color":"","overlay-opacity":"","overlay-gradient":""}}},"product_brand":[],"product_cat":[390],"product_tag":[5627,5568,5628,2663,5626,5629,2384,3410,2060,1459,2228,1524,5631,5630,5625,2096,5624],"class_list":{"0":"post-7966","1":"product","2":"type-product","3":"status-publish","4":"has-post-thumbnail","6":"product_cat-kalba-kalbotyra-zodynai","7":"product_tag-aerodinamika","8":"product_tag-afrika","9":"product_tag-agrochemija","10":"product_tag-agronomija","11":"product_tag-akustika","12":"product_tag-algebra","13":"product_tag-archeologija","14":"product_tag-architektura","15":"product_tag-enciklopedija","16":"product_tag-karas","17":"product_tag-lietuvos-istorija","18":"product_tag-mokslas","19":"product_tag-organizacijos","20":"product_tag-rasytojai","21":"product_tag-tautos","22":"product_tag-teise","23":"product_tag-valstybes","24":"desktop-align-left","25":"tablet-align-left","26":"mobile-align-left","28":"first","29":"outofstock","30":"shipping-taxable","31":"purchasable","32":"product-type-simple"},"acf":[],"yoast_head":"<!-- This site is optimized with the Yoast SEO plugin v27.0 - https:\/\/yoast.com\/product\/yoast-seo-wordpress\/ -->\n<title>Visuotin\u0117 lietuvi\u0173 enciklopedija, I t. A-Ar<\/title>\n<meta name=\"description\" content=\"ENCIKLOPEDIJOS APA\u010cIOJE I\u0160TEPTAS KAMPAS  &quot;Visuotin\u0117s lietuvi\u0173 enciklopedijos I tome&quot; apra\u0161omos valstyb\u0117s: Afganistanas, Airija, Albanija, Argentina, Al\u017eyras, Angola, tautos ir taut\u0173 grup\u0117s: actekai, ainai, aleutai, algonkinai, arabai ir kt., skelbiami straipsni\u0173 ciklai Afrika, Antrasis pasaulinis karas ir kt., ra\u0161oma apie akustik\u0105, aerodinamik\u0105, agrochemij\u0105, agronomij\u0105, algebr\u0105, administracin\u0119 teis\u0119, architekt\u016br\u0105, archeologij\u0105 ir kt., apra\u0161omi \u017eym\u016bs Lietuvos ir pasaulio mokslininkai, politikos, visuomen\u0117s ir kult\u016bros veik\u0117jai (ra\u0161ytojai Kobo Abe, Anna Achmatova, Lietuvos didysis kunigaik\u0161tis Algirdas, Lietuvos Respublikos Prezidentas Valdas Adamkus ir kt.). Tome pateikiama informacijos apie akl\u0173j\u0173 mokyklas ir visuomenines organizacijas, akrobatin\u012f skraidym\u0105, alpinizm\u0105, Amerikos lietuvi\u0173 organizacijas. Tomo prad\u017eioje pateikiami reng\u0117j\u0173 paai\u0161kinimai, pridedami da\u017eniausiai vartojam\u0173 vienet\u0173 simboli\u0173 ir da\u017eniausiai vartojam\u0173 vienet\u0173 prie\u0161d\u0117li\u0173 simboli\u0173 s\u0105ra\u0161ai, aptariamas kit\u0173 kalb\u0173 tikrini\u0173 vard\u0173 (asmenvard\u017ei\u0173, vietovard\u017ei\u0173) ra\u0161ymas.\" \/>\n<meta name=\"robots\" content=\"index, follow, max-snippet:-1, max-image-preview:large, max-video-preview:-1\" \/>\n<link rel=\"canonical\" href=\"https:\/\/skaitytaknyga.lt\/en\/produktas\/visuotine-lietuviu-enciklopedija-i-t-a-ar-2\/\" \/>\n<meta property=\"og:locale\" content=\"en_GB\" \/>\n<meta property=\"og:locale:alternate\" content=\"lt_LT\" \/>\n<meta property=\"og:type\" content=\"article\" \/>\n<meta property=\"og:title\" content=\"Visuotin\u0117 lietuvi\u0173 enciklopedija, I t. A-Ar\" \/>\n<meta property=\"og:description\" content=\"ENCIKLOPEDIJOS APA\u010cIOJE I\u0160TEPTAS KAMPAS  &quot;Visuotin\u0117s lietuvi\u0173 enciklopedijos I tome&quot; apra\u0161omos valstyb\u0117s: Afganistanas, Airija, Albanija, Argentina, Al\u017eyras, Angola, tautos ir taut\u0173 grup\u0117s: actekai, ainai, aleutai, algonkinai, arabai ir kt., skelbiami straipsni\u0173 ciklai Afrika, Antrasis pasaulinis karas ir kt., ra\u0161oma apie akustik\u0105, aerodinamik\u0105, agrochemij\u0105, agronomij\u0105, algebr\u0105, administracin\u0119 teis\u0119, architekt\u016br\u0105, archeologij\u0105 ir kt., apra\u0161omi \u017eym\u016bs Lietuvos ir pasaulio mokslininkai, politikos, visuomen\u0117s ir kult\u016bros veik\u0117jai (ra\u0161ytojai Kobo Abe, Anna Achmatova, Lietuvos didysis kunigaik\u0161tis Algirdas, Lietuvos Respublikos Prezidentas Valdas Adamkus ir kt.). Tome pateikiama informacijos apie akl\u0173j\u0173 mokyklas ir visuomenines organizacijas, akrobatin\u012f skraidym\u0105, alpinizm\u0105, Amerikos lietuvi\u0173 organizacijas. Tomo prad\u017eioje pateikiami reng\u0117j\u0173 paai\u0161kinimai, pridedami da\u017eniausiai vartojam\u0173 vienet\u0173 simboli\u0173 ir da\u017eniausiai vartojam\u0173 vienet\u0173 prie\u0161d\u0117li\u0173 simboli\u0173 s\u0105ra\u0161ai, aptariamas kit\u0173 kalb\u0173 tikrini\u0173 vard\u0173 (asmenvard\u017ei\u0173, vietovard\u017ei\u0173) ra\u0161ymas.\" \/>\n<meta property=\"og:url\" content=\"https:\/\/skaitytaknyga.lt\/en\/produktas\/visuotine-lietuviu-enciklopedija-i-t-a-ar-2\/\" \/>\n<meta property=\"og:site_name\" content=\"Skaitytaknyga\" \/>\n<meta property=\"article:publisher\" content=\"https:\/\/www.facebook.com\/skaitytaknyga\/\" \/>\n<meta property=\"article:modified_time\" content=\"2025-06-26T12:24:07+00:00\" \/>\n<meta property=\"og:image\" content=\"https:\/\/skaitytaknyga.lt\/wp-content\/uploads\/2024\/04\/13-e1608316905681.jpg\" \/>\n\t<meta property=\"og:image:width\" content=\"217\" \/>\n\t<meta property=\"og:image:height\" content=\"286\" \/>\n\t<meta property=\"og:image:type\" content=\"image\/jpeg\" \/>\n<meta name=\"twitter:card\" content=\"summary_large_image\" \/>\n<meta name=\"twitter:label1\" content=\"Estimated reading time\" \/>\n\t<meta name=\"twitter:data1\" content=\"1 minute\" \/>\n<script type=\"application\/ld+json\" class=\"yoast-schema-graph\">{\"@context\":\"https:\/\/schema.org\",\"@graph\":[{\"@type\":\"WebPage\",\"@id\":\"https:\/\/skaitytaknyga.lt\/produktas\/visuotine-lietuviu-enciklopedija-i-t-a-ar-2\/\",\"url\":\"https:\/\/skaitytaknyga.lt\/produktas\/visuotine-lietuviu-enciklopedija-i-t-a-ar-2\/\",\"name\":\"Visuotin\u0117 lietuvi\u0173 enciklopedija, I t. A-Ar\",\"isPartOf\":{\"@id\":\"https:\/\/skaitytaknyga.lt\/#website\"},\"primaryImageOfPage\":{\"@id\":\"https:\/\/skaitytaknyga.lt\/produktas\/visuotine-lietuviu-enciklopedija-i-t-a-ar-2\/#primaryimage\"},\"image\":{\"@id\":\"https:\/\/skaitytaknyga.lt\/produktas\/visuotine-lietuviu-enciklopedija-i-t-a-ar-2\/#primaryimage\"},\"thumbnailUrl\":\"https:\/\/skaitytaknyga.lt\/wp-content\/uploads\/2024\/04\/13-e1608316905681.jpg\",\"datePublished\":\"2024-05-04T14:38:15+00:00\",\"dateModified\":\"2025-06-26T12:24:07+00:00\",\"description\":\"ENCIKLOPEDIJOS APA\u010cIOJE I\u0160TEPTAS KAMPAS \\\"Visuotin\u0117s lietuvi\u0173 enciklopedijos I tome\\\" apra\u0161omos valstyb\u0117s: Afganistanas, Airija, Albanija, Argentina, Al\u017eyras, Angola, tautos ir taut\u0173 grup\u0117s: actekai, ainai, aleutai, algonkinai, arabai ir kt., skelbiami straipsni\u0173 ciklai Afrika, Antrasis pasaulinis karas ir kt., ra\u0161oma apie akustik\u0105, aerodinamik\u0105, agrochemij\u0105, agronomij\u0105, algebr\u0105, administracin\u0119 teis\u0119, architekt\u016br\u0105, archeologij\u0105 ir kt., apra\u0161omi \u017eym\u016bs Lietuvos ir pasaulio mokslininkai, politikos, visuomen\u0117s ir kult\u016bros veik\u0117jai (ra\u0161ytojai Kobo Abe, Anna Achmatova, Lietuvos didysis kunigaik\u0161tis Algirdas, Lietuvos Respublikos Prezidentas Valdas Adamkus ir kt.). Tome pateikiama informacijos apie akl\u0173j\u0173 mokyklas ir visuomenines organizacijas, akrobatin\u012f skraidym\u0105, alpinizm\u0105, Amerikos lietuvi\u0173 organizacijas. Tomo prad\u017eioje pateikiami reng\u0117j\u0173 paai\u0161kinimai, pridedami da\u017eniausiai vartojam\u0173 vienet\u0173 simboli\u0173 ir da\u017eniausiai vartojam\u0173 vienet\u0173 prie\u0161d\u0117li\u0173 simboli\u0173 s\u0105ra\u0161ai, aptariamas kit\u0173 kalb\u0173 tikrini\u0173 vard\u0173 (asmenvard\u017ei\u0173, vietovard\u017ei\u0173) ra\u0161ymas.\",\"breadcrumb\":{\"@id\":\"https:\/\/skaitytaknyga.lt\/produktas\/visuotine-lietuviu-enciklopedija-i-t-a-ar-2\/#breadcrumb\"},\"inLanguage\":\"en-GB\",\"potentialAction\":[{\"@type\":\"ReadAction\",\"target\":[\"https:\/\/skaitytaknyga.lt\/produktas\/visuotine-lietuviu-enciklopedija-i-t-a-ar-2\/\"]}]},{\"@type\":\"ImageObject\",\"inLanguage\":\"en-GB\",\"@id\":\"https:\/\/skaitytaknyga.lt\/produktas\/visuotine-lietuviu-enciklopedija-i-t-a-ar-2\/#primaryimage\",\"url\":\"https:\/\/skaitytaknyga.lt\/wp-content\/uploads\/2024\/04\/13-e1608316905681.jpg\",\"contentUrl\":\"https:\/\/skaitytaknyga.lt\/wp-content\/uploads\/2024\/04\/13-e1608316905681.jpg\",\"width\":217,\"height\":286,\"caption\":\"Visuotin\u0117 lietuvi\u0173 enciklopedija. XXV tomas. Venk-\u017dvo\"},{\"@type\":\"BreadcrumbList\",\"@id\":\"https:\/\/skaitytaknyga.lt\/produktas\/visuotine-lietuviu-enciklopedija-i-t-a-ar-2\/#breadcrumb\",\"itemListElement\":[{\"@type\":\"ListItem\",\"position\":1,\"name\":\"Home\",\"item\":\"https:\/\/skaitytaknyga.lt\/\"},{\"@type\":\"ListItem\",\"position\":2,\"name\":\"Parduotuv\u0117\",\"item\":\"https:\/\/skaitytaknyga.lt\/knygu-parduotuve\/\"},{\"@type\":\"ListItem\",\"position\":3,\"name\":\"Visuotin\u0117 lietuvi\u0173 enciklopedija, I t. A-Ar\"}]},{\"@type\":\"WebSite\",\"@id\":\"https:\/\/skaitytaknyga.lt\/#website\",\"url\":\"https:\/\/skaitytaknyga.lt\/\",\"name\":\"skaitytaknyga.lt\",\"description\":\"Skaitytaknyga.lt \u2013 tai ma\u017eas \u0161eimos verslas, kuris prasid\u0117jo nuo meil\u0117s knygoms ir siekio i\u0161gelb\u0117ti knygas nuo likimo prie konteinerio. Kas vienam nereikalingas daiktas \u2013 kitam lobis, o mes esame tarpininkai, kurie padeda abiems tapti laimingesniems ???? \u017dinome kaip nelengva i\u0161gyventi ma\u017eiems verslams, tad nuo \u0161iol, \u010dia rasite ir kit\u0173, ma\u017e\u0173 \u0161eim\u0173 versl\u0173, rank\u0173 darbo, dovan\u0173 sau ir artimiesiems.\",\"publisher\":{\"@id\":\"https:\/\/skaitytaknyga.lt\/#organization\"},\"potentialAction\":[{\"@type\":\"SearchAction\",\"target\":{\"@type\":\"EntryPoint\",\"urlTemplate\":\"https:\/\/skaitytaknyga.lt\/?s={search_term_string}\"},\"query-input\":{\"@type\":\"PropertyValueSpecification\",\"valueRequired\":true,\"valueName\":\"search_term_string\"}}],\"inLanguage\":\"en-GB\"},{\"@type\":\"Organization\",\"@id\":\"https:\/\/skaitytaknyga.lt\/#organization\",\"name\":\"skaitytaknyga.lt\",\"url\":\"https:\/\/skaitytaknyga.lt\/\",\"logo\":{\"@type\":\"ImageObject\",\"inLanguage\":\"en-GB\",\"@id\":\"https:\/\/skaitytaknyga.lt\/#\/schema\/logo\/image\/\",\"url\":\"https:\/\/skaitytaknyga.lt\/wp-content\/uploads\/2024\/05\/cropped-cropped-cropped-02_00843_jt3bggkj1j3HLc7SyY6rEUpg.jpeg\",\"contentUrl\":\"https:\/\/skaitytaknyga.lt\/wp-content\/uploads\/2024\/05\/cropped-cropped-cropped-02_00843_jt3bggkj1j3HLc7SyY6rEUpg.jpeg\",\"width\":1600,\"height\":1600,\"caption\":\"skaitytaknyga.lt\"},\"image\":{\"@id\":\"https:\/\/skaitytaknyga.lt\/#\/schema\/logo\/image\/\"},\"sameAs\":[\"https:\/\/www.facebook.com\/skaitytaknyga\/\"]}]}<\/script>\n<!-- \/ Yoast SEO plugin. -->","yoast_head_json":{"title":"Visuotin\u0117 lietuvi\u0173 enciklopedija, I t. A-Ar","description":"ENCIKLOPEDIJOS APA\u010cIOJE I\u0160TEPTAS KAMPAS  \"Visuotin\u0117s lietuvi\u0173 enciklopedijos I tome\" apra\u0161omos valstyb\u0117s: Afganistanas, Airija, Albanija, Argentina, Al\u017eyras, Angola, tautos ir taut\u0173 grup\u0117s: actekai, ainai, aleutai, algonkinai, arabai ir kt., skelbiami straipsni\u0173 ciklai Afrika, Antrasis pasaulinis karas ir kt., ra\u0161oma apie akustik\u0105, aerodinamik\u0105, agrochemij\u0105, agronomij\u0105, algebr\u0105, administracin\u0119 teis\u0119, architekt\u016br\u0105, archeologij\u0105 ir kt., apra\u0161omi \u017eym\u016bs Lietuvos ir pasaulio mokslininkai, politikos, visuomen\u0117s ir kult\u016bros veik\u0117jai (ra\u0161ytojai Kobo Abe, Anna Achmatova, Lietuvos didysis kunigaik\u0161tis Algirdas, Lietuvos Respublikos Prezidentas Valdas Adamkus ir kt.). Tome pateikiama informacijos apie akl\u0173j\u0173 mokyklas ir visuomenines organizacijas, akrobatin\u012f skraidym\u0105, alpinizm\u0105, Amerikos lietuvi\u0173 organizacijas. Tomo prad\u017eioje pateikiami reng\u0117j\u0173 paai\u0161kinimai, pridedami da\u017eniausiai vartojam\u0173 vienet\u0173 simboli\u0173 ir da\u017eniausiai vartojam\u0173 vienet\u0173 prie\u0161d\u0117li\u0173 simboli\u0173 s\u0105ra\u0161ai, aptariamas kit\u0173 kalb\u0173 tikrini\u0173 vard\u0173 (asmenvard\u017ei\u0173, vietovard\u017ei\u0173) ra\u0161ymas.","robots":{"index":"index","follow":"follow","max-snippet":"max-snippet:-1","max-image-preview":"max-image-preview:large","max-video-preview":"max-video-preview:-1"},"canonical":"https:\/\/skaitytaknyga.lt\/en\/produktas\/visuotine-lietuviu-enciklopedija-i-t-a-ar-2\/","og_locale":"en_GB","og_type":"article","og_title":"[:lt]Visuotin\u0117 lietuvi\u0173 enciklopedija, I t. A-Ar[:] - Skaitytaknyga","og_description":"ENCIKLOPEDIJOS APA\u010cIOJE I\u0160TEPTAS KAMPAS  \"Visuotin\u0117s lietuvi\u0173 enciklopedijos I tome\" apra\u0161omos valstyb\u0117s: Afganistanas, Airija, Albanija, Argentina, Al\u017eyras, Angola, tautos ir taut\u0173 grup\u0117s: actekai, ainai, aleutai, algonkinai, arabai ir kt., skelbiami straipsni\u0173 ciklai Afrika, Antrasis pasaulinis karas ir kt., ra\u0161oma apie akustik\u0105, aerodinamik\u0105, agrochemij\u0105, agronomij\u0105, algebr\u0105, administracin\u0119 teis\u0119, architekt\u016br\u0105, archeologij\u0105 ir kt., apra\u0161omi \u017eym\u016bs Lietuvos ir pasaulio mokslininkai, politikos, visuomen\u0117s ir kult\u016bros veik\u0117jai (ra\u0161ytojai Kobo Abe, Anna Achmatova, Lietuvos didysis kunigaik\u0161tis Algirdas, Lietuvos Respublikos Prezidentas Valdas Adamkus ir kt.). Tome pateikiama informacijos apie akl\u0173j\u0173 mokyklas ir visuomenines organizacijas, akrobatin\u012f skraidym\u0105, alpinizm\u0105, Amerikos lietuvi\u0173 organizacijas. Tomo prad\u017eioje pateikiami reng\u0117j\u0173 paai\u0161kinimai, pridedami da\u017eniausiai vartojam\u0173 vienet\u0173 simboli\u0173 ir da\u017eniausiai vartojam\u0173 vienet\u0173 prie\u0161d\u0117li\u0173 simboli\u0173 s\u0105ra\u0161ai, aptariamas kit\u0173 kalb\u0173 tikrini\u0173 vard\u0173 (asmenvard\u017ei\u0173, vietovard\u017ei\u0173) ra\u0161ymas.","og_url":"https:\/\/skaitytaknyga.lt\/en\/produktas\/visuotine-lietuviu-enciklopedija-i-t-a-ar-2\/","og_site_name":"Skaitytaknyga","article_publisher":"https:\/\/www.facebook.com\/skaitytaknyga\/","article_modified_time":"2025-06-26T12:24:07+00:00","og_image":[{"width":217,"height":286,"url":"https:\/\/skaitytaknyga.lt\/wp-content\/uploads\/2024\/04\/13-e1608316905681.jpg","type":"image\/jpeg"}],"twitter_card":"summary_large_image","twitter_misc":{"Estimated reading time":"1 minute"},"schema":{"@context":"https:\/\/schema.org","@graph":[{"@type":"WebPage","@id":"https:\/\/skaitytaknyga.lt\/produktas\/visuotine-lietuviu-enciklopedija-i-t-a-ar-2\/","url":"https:\/\/skaitytaknyga.lt\/produktas\/visuotine-lietuviu-enciklopedija-i-t-a-ar-2\/","name":"Visuotin\u0117 lietuvi\u0173 enciklopedija, I t. A-Ar","isPartOf":{"@id":"https:\/\/skaitytaknyga.lt\/#website"},"primaryImageOfPage":{"@id":"https:\/\/skaitytaknyga.lt\/produktas\/visuotine-lietuviu-enciklopedija-i-t-a-ar-2\/#primaryimage"},"image":{"@id":"https:\/\/skaitytaknyga.lt\/produktas\/visuotine-lietuviu-enciklopedija-i-t-a-ar-2\/#primaryimage"},"thumbnailUrl":"https:\/\/skaitytaknyga.lt\/wp-content\/uploads\/2024\/04\/13-e1608316905681.jpg","datePublished":"2024-05-04T14:38:15+00:00","dateModified":"2025-06-26T12:24:07+00:00","description":"ENCIKLOPEDIJOS APA\u010cIOJE I\u0160TEPTAS KAMPAS \"Visuotin\u0117s lietuvi\u0173 enciklopedijos I tome\" apra\u0161omos valstyb\u0117s: Afganistanas, Airija, Albanija, Argentina, Al\u017eyras, Angola, tautos ir taut\u0173 grup\u0117s: actekai, ainai, aleutai, algonkinai, arabai ir kt., skelbiami straipsni\u0173 ciklai Afrika, Antrasis pasaulinis karas ir kt., ra\u0161oma apie akustik\u0105, aerodinamik\u0105, agrochemij\u0105, agronomij\u0105, algebr\u0105, administracin\u0119 teis\u0119, architekt\u016br\u0105, archeologij\u0105 ir kt., apra\u0161omi \u017eym\u016bs Lietuvos ir pasaulio mokslininkai, politikos, visuomen\u0117s ir kult\u016bros veik\u0117jai (ra\u0161ytojai Kobo Abe, Anna Achmatova, Lietuvos didysis kunigaik\u0161tis Algirdas, Lietuvos Respublikos Prezidentas Valdas Adamkus ir kt.). Tome pateikiama informacijos apie akl\u0173j\u0173 mokyklas ir visuomenines organizacijas, akrobatin\u012f skraidym\u0105, alpinizm\u0105, Amerikos lietuvi\u0173 organizacijas. Tomo prad\u017eioje pateikiami reng\u0117j\u0173 paai\u0161kinimai, pridedami da\u017eniausiai vartojam\u0173 vienet\u0173 simboli\u0173 ir da\u017eniausiai vartojam\u0173 vienet\u0173 prie\u0161d\u0117li\u0173 simboli\u0173 s\u0105ra\u0161ai, aptariamas kit\u0173 kalb\u0173 tikrini\u0173 vard\u0173 (asmenvard\u017ei\u0173, vietovard\u017ei\u0173) ra\u0161ymas.","breadcrumb":{"@id":"https:\/\/skaitytaknyga.lt\/produktas\/visuotine-lietuviu-enciklopedija-i-t-a-ar-2\/#breadcrumb"},"inLanguage":"en-GB","potentialAction":[{"@type":"ReadAction","target":["https:\/\/skaitytaknyga.lt\/produktas\/visuotine-lietuviu-enciklopedija-i-t-a-ar-2\/"]}]},{"@type":"ImageObject","inLanguage":"en-GB","@id":"https:\/\/skaitytaknyga.lt\/produktas\/visuotine-lietuviu-enciklopedija-i-t-a-ar-2\/#primaryimage","url":"https:\/\/skaitytaknyga.lt\/wp-content\/uploads\/2024\/04\/13-e1608316905681.jpg","contentUrl":"https:\/\/skaitytaknyga.lt\/wp-content\/uploads\/2024\/04\/13-e1608316905681.jpg","width":217,"height":286,"caption":"Visuotin\u0117 lietuvi\u0173 enciklopedija. XXV tomas. Venk-\u017dvo"},{"@type":"BreadcrumbList","@id":"https:\/\/skaitytaknyga.lt\/produktas\/visuotine-lietuviu-enciklopedija-i-t-a-ar-2\/#breadcrumb","itemListElement":[{"@type":"ListItem","position":1,"name":"Home","item":"https:\/\/skaitytaknyga.lt\/"},{"@type":"ListItem","position":2,"name":"Parduotuv\u0117","item":"https:\/\/skaitytaknyga.lt\/knygu-parduotuve\/"},{"@type":"ListItem","position":3,"name":"Visuotin\u0117 lietuvi\u0173 enciklopedija, I t. A-Ar"}]},{"@type":"WebSite","@id":"https:\/\/skaitytaknyga.lt\/#website","url":"https:\/\/skaitytaknyga.lt\/","name":"skaitytaknyga.lt","description":"Skaitytaknyga.lt \u2013 tai ma\u017eas \u0161eimos verslas, kuris prasid\u0117jo nuo meil\u0117s knygoms ir siekio i\u0161gelb\u0117ti knygas nuo likimo prie konteinerio. Kas vienam nereikalingas daiktas \u2013 kitam lobis, o mes esame tarpininkai, kurie padeda abiems tapti laimingesniems ???? \u017dinome kaip nelengva i\u0161gyventi ma\u017eiems verslams, tad nuo \u0161iol, \u010dia rasite ir kit\u0173, ma\u017e\u0173 \u0161eim\u0173 versl\u0173, rank\u0173 darbo, dovan\u0173 sau ir artimiesiems.","publisher":{"@id":"https:\/\/skaitytaknyga.lt\/#organization"},"potentialAction":[{"@type":"SearchAction","target":{"@type":"EntryPoint","urlTemplate":"https:\/\/skaitytaknyga.lt\/?s={search_term_string}"},"query-input":{"@type":"PropertyValueSpecification","valueRequired":true,"valueName":"search_term_string"}}],"inLanguage":"en-GB"},{"@type":"Organization","@id":"https:\/\/skaitytaknyga.lt\/#organization","name":"skaitytaknyga.lt","url":"https:\/\/skaitytaknyga.lt\/","logo":{"@type":"ImageObject","inLanguage":"en-GB","@id":"https:\/\/skaitytaknyga.lt\/#\/schema\/logo\/image\/","url":"https:\/\/skaitytaknyga.lt\/wp-content\/uploads\/2024\/05\/cropped-cropped-cropped-02_00843_jt3bggkj1j3HLc7SyY6rEUpg.jpeg","contentUrl":"https:\/\/skaitytaknyga.lt\/wp-content\/uploads\/2024\/05\/cropped-cropped-cropped-02_00843_jt3bggkj1j3HLc7SyY6rEUpg.jpeg","width":1600,"height":1600,"caption":"skaitytaknyga.lt"},"image":{"@id":"https:\/\/skaitytaknyga.lt\/#\/schema\/logo\/image\/"},"sameAs":["https:\/\/www.facebook.com\/skaitytaknyga\/"]}]}},"_links":{"self":[{"href":"https:\/\/skaitytaknyga.lt\/en\/wp-json\/wp\/v2\/product\/7966","targetHints":{"allow":["GET"]}}],"collection":[{"href":"https:\/\/skaitytaknyga.lt\/en\/wp-json\/wp\/v2\/product"}],"about":[{"href":"https:\/\/skaitytaknyga.lt\/en\/wp-json\/wp\/v2\/types\/product"}],"replies":[{"embeddable":true,"href":"https:\/\/skaitytaknyga.lt\/en\/wp-json\/wp\/v2\/comments?post=7966"}],"wp:featuredmedia":[{"embeddable":true,"href":"https:\/\/skaitytaknyga.lt\/en\/wp-json\/wp\/v2\/media\/3636"}],"wp:attachment":[{"href":"https:\/\/skaitytaknyga.lt\/en\/wp-json\/wp\/v2\/media?parent=7966"}],"wp:term":[{"taxonomy":"product_brand","embeddable":true,"href":"https:\/\/skaitytaknyga.lt\/en\/wp-json\/wp\/v2\/product_brand?post=7966"},{"taxonomy":"product_cat","embeddable":true,"href":"https:\/\/skaitytaknyga.lt\/en\/wp-json\/wp\/v2\/product_cat?post=7966"},{"taxonomy":"product_tag","embeddable":true,"href":"https:\/\/skaitytaknyga.lt\/en\/wp-json\/wp\/v2\/product_tag?post=7966"}],"curies":[{"name":"wp","href":"https:\/\/api.w.org\/{rel}","templated":true}]}}