{"id":7954,"date":"2024-05-04T14:37:55","date_gmt":"2024-05-04T14:37:55","guid":{"rendered":"https:\/\/skaitytaknyga.lt\/?post_type=product&#038;p=7954"},"modified":"2024-05-04T14:38:07","modified_gmt":"2024-05-04T14:38:07","slug":"liudmila-petrusevskaja-mergaite-is-metropolio-2","status":"publish","type":"product","link":"https:\/\/skaitytaknyga.lt\/en\/produktas\/liudmila-petrusevskaja-mergaite-is-metropolio-2\/","title":{"rendered":"Liudmila Petru\u0161evskaja \u201eMergait\u0117 i\u0161 \u201eMetropolio\u201c\u201c"},"content":{"rendered":"<p>Garsios rus\u0173 dramaturg\u0117s, pripa\u017eintos prozinink\u0117s ir aktor\u0117s Liudmilos Petru\u0161evskajos (g. 1938) autobiografin\u0119 knyg\u0105 sudaro pasakojimai apie jos \u0161eim\u0105 ir draugus, i\u0161gyvent\u0105 represijos met\u0105, graud\u017eius ir komi\u0161kus asmeninius nutikimus, vykusius visai nejuoking\u0173 istorini\u0173 \u012fvyki\u0173 fone. Tai knyga apie karo vaik\u0105, kaip ir daugel\u012f kit\u0173, augus\u012f gatv\u0117je ir vaik\u0173 namuose; mergait\u0119, kuri iki literat\u016bros ir meno pasaulio \u0117jo ne pa\u010diu lengviausiu keliu.<\/p>\n<p>U\u017e apysak\u0105 \u201eMergait\u0117 i\u0161 Metropolio\u201c, \u012ftraukt\u0105 \u012f \u0161i\u0105 Liudmilos Petru\u0161evskajos prisiminim\u0173 ir es\u0117 knyg\u0105, 2008 &#8211; aisiais autorei paskirta Bunino premija.<\/p>\n<p>Liudmila Petru\u0161evskaja gim\u0117 1938 metais Maskvoje. Baigusi \u017eurnalistikos fakultet\u0105, ji kur\u012f laik\u0105 dirbo korespondente, televizijos redaktore, k\u016br\u0117 eiles, v\u0117liau \u0117m\u0117si pjesi\u0173, kuri\u0173 temos pl\u0117tojamos ir prozos k\u016briniuose.<\/p>\n<p>Autor\u0117 yra pelniusi daugyb\u0119 nacionalini\u0173 premij\u0173, 2009 metais u\u017e pasakojim\u0173 rinkin\u012f apdovanota World Fantasy Award, jos pjes\u0117s statomos viso pasaulio scenose, o knygos i\u0161verstos \u012f daugiau nei 30 kalb\u0173.<\/p>\n","protected":false},"excerpt":{"rendered":"<p>Garsios rus\u0173 dramaturg\u0117s, pripa\u017eintos prozinink\u0117s ir aktor\u0117s Liudmilos Petru\u0161evskajos (g. 1938) autobiografin\u0119 knyg\u0105 sudaro pasakojimai apie jos \u0161eim\u0105 ir draugus, i\u0161gyvent\u0105 represijos met\u0105, graud\u017eius ir komi\u0161kus asmeninius nutikimus, vykusius visai nejuoking\u0173 istorini\u0173 \u012fvyki\u0173 fone. Tai knyga apie karo vaik\u0105, kaip ir daugel\u012f kit\u0173, augus\u012f gatv\u0117je ir vaik\u0173 namuose; mergait\u0119, kuri iki literat\u016bros ir meno pasaulio \u0117jo ne pa\u010diu lengviausiu keliu.<\/p>\n<p>U\u017e apysak\u0105 \u201eMergait\u0117 i\u0161 Metropolio\u201c, \u012ftraukt\u0105 \u012f \u0161i\u0105 Liudmilos Petru\u0161evskajos prisiminim\u0173 ir es\u0117 knyg\u0105, 2008 &#8211; aisiais autorei paskirta Bunino premija.<\/p>\n<p>Liudmila Petru\u0161evskaja gim\u0117 1938 metais Maskvoje. Baigusi \u017eurnalistikos fakultet\u0105, ji kur\u012f laik\u0105 dirbo korespondente, televizijos redaktore, k\u016br\u0117 eiles, v\u0117liau \u0117m\u0117si pjesi\u0173, kuri\u0173 temos pl\u0117tojamos ir prozos k\u016briniuose.<\/p>\n<p>Autor\u0117 yra pelniusi daugyb\u0119 nacionalini\u0173 premij\u0173, 2009 metais u\u017e pasakojim\u0173 rinkin\u012f apdovanota World Fantasy Award, jos pjes\u0117s statomos viso pasaulio scenose, o knygos i\u0161verstos \u012f daugiau nei 30 kalb\u0173.<\/p>\n","protected":false},"featured_media":3600,"comment_status":"closed","ping_status":"closed","template":"","meta":{"_acf_changed":false,"site-sidebar-layout":"default","site-content-layout":"","ast-site-content-layout":"default","site-content-style":"default","site-sidebar-style":"default","ast-global-header-display":"","ast-banner-title-visibility":"","ast-main-header-display":"","ast-hfb-above-header-display":"","ast-hfb-below-header-display":"","ast-hfb-mobile-header-display":"","site-post-title":"","ast-breadcrumbs-content":"","ast-featured-img":"","footer-sml-layout":"","ast-disable-related-posts":"","theme-transparent-header-meta":"","adv-header-id-meta":"","stick-header-meta":"","header-above-stick-meta":"","header-main-stick-meta":"","header-below-stick-meta":"","astra-migrate-meta-layouts":"default","ast-page-background-enabled":"default","ast-page-background-meta":{"desktop":{"background-color":"","background-image":"","background-repeat":"repeat","background-position":"center center","background-size":"auto","background-attachment":"scroll","background-type":"","background-media":"","overlay-type":"","overlay-color":"","overlay-opacity":"","overlay-gradient":""},"tablet":{"background-color":"","background-image":"","background-repeat":"repeat","background-position":"center center","background-size":"auto","background-attachment":"scroll","background-type":"","background-media":"","overlay-type":"","overlay-color":"","overlay-opacity":"","overlay-gradient":""},"mobile":{"background-color":"","background-image":"","background-repeat":"repeat","background-position":"center center","background-size":"auto","background-attachment":"scroll","background-type":"","background-media":"","overlay-type":"","overlay-color":"","overlay-opacity":"","overlay-gradient":""}},"ast-content-background-meta":{"desktop":{"background-color":"var(--ast-global-color-4)","background-image":"","background-repeat":"repeat","background-position":"center center","background-size":"auto","background-attachment":"scroll","background-type":"","background-media":"","overlay-type":"","overlay-color":"","overlay-opacity":"","overlay-gradient":""},"tablet":{"background-color":"var(--ast-global-color-4)","background-image":"","background-repeat":"repeat","background-position":"center center","background-size":"auto","background-attachment":"scroll","background-type":"","background-media":"","overlay-type":"","overlay-color":"","overlay-opacity":"","overlay-gradient":""},"mobile":{"background-color":"var(--ast-global-color-4)","background-image":"","background-repeat":"repeat","background-position":"center center","background-size":"auto","background-attachment":"scroll","background-type":"","background-media":"","overlay-type":"","overlay-color":"","overlay-opacity":"","overlay-gradient":""}}},"product_brand":[],"product_cat":[33,31],"product_tag":[],"class_list":{"0":"post-7954","1":"product","2":"type-product","3":"status-publish","4":"has-post-thumbnail","6":"product_cat-biografijos","7":"product_cat-grozine-literatura","8":"desktop-align-left","9":"tablet-align-left","10":"mobile-align-left","12":"first","13":"instock","14":"shipping-taxable","15":"purchasable","16":"product-type-simple"},"acf":[],"yoast_head":"<!-- This site is optimized with the Yoast SEO plugin v27.4 - https:\/\/yoast.com\/product\/yoast-seo-wordpress\/ -->\n<title>Liudmila Petru\u0161evskaja \u201eMergait\u0117 i\u0161 \u201eMetropolio\u201c\u201c - Skaitytaknyga<\/title>\n<meta name=\"description\" content=\"Garsios rus\u0173 dramaturg\u0117s, pripa\u017eintos prozinink\u0117s ir aktor\u0117s Liudmilos Petru\u0161evskajos (g. 1938) autobiografin\u0119 knyg\u0105 sudaro pasakojimai apie jos \u0161eim\u0105 ir draugus, i\u0161gyvent\u0105 represijos met\u0105, graud\u017eius ir komi\u0161kus asmeninius nutikimus, vykusius visai nejuoking\u0173 istorini\u0173 \u012fvyki\u0173 fone. Tai knyga apie karo vaik\u0105, kaip ir daugel\u012f kit\u0173, augus\u012f gatv\u0117je ir vaik\u0173 namuose; mergait\u0119, kuri iki literat\u016bros ir meno pasaulio \u0117jo ne pa\u010diu lengviausiu keliu.  U\u017e apysak\u0105 \u201eMergait\u0117 i\u0161 Metropolio\u201c, \u012ftraukt\u0105 \u012f \u0161i\u0105 Liudmilos Petru\u0161evskajos prisiminim\u0173 ir es\u0117 knyg\u0105, 2008 - aisiais autorei paskirta Bunino premija.  Liudmila Petru\u0161evskaja gim\u0117 1938 metais Maskvoje. Baigusi \u017eurnalistikos fakultet\u0105, ji kur\u012f laik\u0105 dirbo korespondente, televizijos redaktore, k\u016br\u0117 eiles, v\u0117liau \u0117m\u0117si pjesi\u0173, kuri\u0173 temos pl\u0117tojamos ir prozos k\u016briniuose.  Autor\u0117 yra pelniusi daugyb\u0119 nacionalini\u0173 premij\u0173, 2009 metais u\u017e pasakojim\u0173 rinkin\u012f apdovanota World Fantasy Award, jos pjes\u0117s statomos viso pasaulio scenose, o knygos i\u0161verstos \u012f daugiau nei 30 kalb\u0173.\" \/>\n<meta name=\"robots\" content=\"index, follow, max-snippet:-1, max-image-preview:large, max-video-preview:-1\" \/>\n<link rel=\"canonical\" href=\"https:\/\/skaitytaknyga.lt\/en\/produktas\/liudmila-petrusevskaja-mergaite-is-metropolio-2\/\" \/>\n<meta property=\"og:locale\" content=\"en_GB\" \/>\n<meta property=\"og:locale:alternate\" content=\"lt_LT\" \/>\n<meta property=\"og:type\" content=\"article\" \/>\n<meta property=\"og:title\" content=\"Liudmila Petru\u0161evskaja \u201eMergait\u0117 i\u0161 \u201eMetropolio\u201c\u201c - Skaitytaknyga\" \/>\n<meta property=\"og:description\" content=\"Garsios rus\u0173 dramaturg\u0117s, pripa\u017eintos prozinink\u0117s ir aktor\u0117s Liudmilos Petru\u0161evskajos (g. 1938) autobiografin\u0119 knyg\u0105 sudaro pasakojimai apie jos \u0161eim\u0105 ir draugus, i\u0161gyvent\u0105 represijos met\u0105, graud\u017eius ir komi\u0161kus asmeninius nutikimus, vykusius visai nejuoking\u0173 istorini\u0173 \u012fvyki\u0173 fone. Tai knyga apie karo vaik\u0105, kaip ir daugel\u012f kit\u0173, augus\u012f gatv\u0117je ir vaik\u0173 namuose; mergait\u0119, kuri iki literat\u016bros ir meno pasaulio \u0117jo ne pa\u010diu lengviausiu keliu.  U\u017e apysak\u0105 \u201eMergait\u0117 i\u0161 Metropolio\u201c, \u012ftraukt\u0105 \u012f \u0161i\u0105 Liudmilos Petru\u0161evskajos prisiminim\u0173 ir es\u0117 knyg\u0105, 2008 - aisiais autorei paskirta Bunino premija.  Liudmila Petru\u0161evskaja gim\u0117 1938 metais Maskvoje. Baigusi \u017eurnalistikos fakultet\u0105, ji kur\u012f laik\u0105 dirbo korespondente, televizijos redaktore, k\u016br\u0117 eiles, v\u0117liau \u0117m\u0117si pjesi\u0173, kuri\u0173 temos pl\u0117tojamos ir prozos k\u016briniuose.  Autor\u0117 yra pelniusi daugyb\u0119 nacionalini\u0173 premij\u0173, 2009 metais u\u017e pasakojim\u0173 rinkin\u012f apdovanota World Fantasy Award, jos pjes\u0117s statomos viso pasaulio scenose, o knygos i\u0161verstos \u012f daugiau nei 30 kalb\u0173.\" \/>\n<meta property=\"og:url\" content=\"https:\/\/skaitytaknyga.lt\/en\/produktas\/liudmila-petrusevskaja-mergaite-is-metropolio-2\/\" \/>\n<meta property=\"og:site_name\" content=\"Skaitytaknyga\" \/>\n<meta property=\"article:publisher\" content=\"https:\/\/www.facebook.com\/skaitytaknyga\/\" \/>\n<meta property=\"article:modified_time\" content=\"2024-05-04T14:38:07+00:00\" \/>\n<meta property=\"og:image\" content=\"https:\/\/skaitytaknyga.lt\/wp-content\/uploads\/2024\/04\/1462874750_mergaite-is-metropolio.jpg\" \/>\n\t<meta property=\"og:image:width\" content=\"397\" \/>\n\t<meta property=\"og:image:height\" content=\"595\" \/>\n\t<meta property=\"og:image:type\" content=\"image\/jpeg\" \/>\n<meta name=\"twitter:card\" content=\"summary_large_image\" \/>\n<meta name=\"twitter:label1\" content=\"Estimated reading time\" \/>\n\t<meta name=\"twitter:data1\" content=\"1 minute\" \/>\n<script type=\"application\/ld+json\" class=\"yoast-schema-graph\">{\"@context\":\"https:\\\/\\\/schema.org\",\"@graph\":[{\"@type\":\"WebPage\",\"@id\":\"https:\\\/\\\/skaitytaknyga.lt\\\/produktas\\\/liudmila-petrusevskaja-mergaite-is-metropolio-2\\\/\",\"url\":\"https:\\\/\\\/skaitytaknyga.lt\\\/produktas\\\/liudmila-petrusevskaja-mergaite-is-metropolio-2\\\/\",\"name\":\"Liudmila Petru\u0161evskaja \u201eMergait\u0117 i\u0161 \u201eMetropolio\u201c\u201c - Skaitytaknyga\",\"isPartOf\":{\"@id\":\"https:\\\/\\\/skaitytaknyga.lt\\\/#website\"},\"primaryImageOfPage\":{\"@id\":\"https:\\\/\\\/skaitytaknyga.lt\\\/produktas\\\/liudmila-petrusevskaja-mergaite-is-metropolio-2\\\/#primaryimage\"},\"image\":{\"@id\":\"https:\\\/\\\/skaitytaknyga.lt\\\/produktas\\\/liudmila-petrusevskaja-mergaite-is-metropolio-2\\\/#primaryimage\"},\"thumbnailUrl\":\"https:\\\/\\\/skaitytaknyga.lt\\\/wp-content\\\/uploads\\\/2024\\\/04\\\/1462874750_mergaite-is-metropolio.jpg\",\"datePublished\":\"2024-05-04T14:37:55+00:00\",\"dateModified\":\"2024-05-04T14:38:07+00:00\",\"description\":\"Garsios rus\u0173 dramaturg\u0117s, pripa\u017eintos prozinink\u0117s ir aktor\u0117s Liudmilos Petru\u0161evskajos (g. 1938) autobiografin\u0119 knyg\u0105 sudaro pasakojimai apie jos \u0161eim\u0105 ir draugus, i\u0161gyvent\u0105 represijos met\u0105, graud\u017eius ir komi\u0161kus asmeninius nutikimus, vykusius visai nejuoking\u0173 istorini\u0173 \u012fvyki\u0173 fone. Tai knyga apie karo vaik\u0105, kaip ir daugel\u012f kit\u0173, augus\u012f gatv\u0117je ir vaik\u0173 namuose; mergait\u0119, kuri iki literat\u016bros ir meno pasaulio \u0117jo ne pa\u010diu lengviausiu keliu. U\u017e apysak\u0105 \u201eMergait\u0117 i\u0161 Metropolio\u201c, \u012ftraukt\u0105 \u012f \u0161i\u0105 Liudmilos Petru\u0161evskajos prisiminim\u0173 ir es\u0117 knyg\u0105, 2008 - aisiais autorei paskirta Bunino premija. Liudmila Petru\u0161evskaja gim\u0117 1938 metais Maskvoje. Baigusi \u017eurnalistikos fakultet\u0105, ji kur\u012f laik\u0105 dirbo korespondente, televizijos redaktore, k\u016br\u0117 eiles, v\u0117liau \u0117m\u0117si pjesi\u0173, kuri\u0173 temos pl\u0117tojamos ir prozos k\u016briniuose. Autor\u0117 yra pelniusi daugyb\u0119 nacionalini\u0173 premij\u0173, 2009 metais u\u017e pasakojim\u0173 rinkin\u012f apdovanota World Fantasy Award, jos pjes\u0117s statomos viso pasaulio scenose, o knygos i\u0161verstos \u012f daugiau nei 30 kalb\u0173.\",\"breadcrumb\":{\"@id\":\"https:\\\/\\\/skaitytaknyga.lt\\\/produktas\\\/liudmila-petrusevskaja-mergaite-is-metropolio-2\\\/#breadcrumb\"},\"inLanguage\":\"en-GB\",\"potentialAction\":[{\"@type\":\"ReadAction\",\"target\":[\"https:\\\/\\\/skaitytaknyga.lt\\\/produktas\\\/liudmila-petrusevskaja-mergaite-is-metropolio-2\\\/\"]}]},{\"@type\":\"ImageObject\",\"inLanguage\":\"en-GB\",\"@id\":\"https:\\\/\\\/skaitytaknyga.lt\\\/produktas\\\/liudmila-petrusevskaja-mergaite-is-metropolio-2\\\/#primaryimage\",\"url\":\"https:\\\/\\\/skaitytaknyga.lt\\\/wp-content\\\/uploads\\\/2024\\\/04\\\/1462874750_mergaite-is-metropolio.jpg\",\"contentUrl\":\"https:\\\/\\\/skaitytaknyga.lt\\\/wp-content\\\/uploads\\\/2024\\\/04\\\/1462874750_mergaite-is-metropolio.jpg\",\"width\":397,\"height\":595,\"caption\":\"1462874750 mergaite is metropolio\"},{\"@type\":\"BreadcrumbList\",\"@id\":\"https:\\\/\\\/skaitytaknyga.lt\\\/produktas\\\/liudmila-petrusevskaja-mergaite-is-metropolio-2\\\/#breadcrumb\",\"itemListElement\":[{\"@type\":\"ListItem\",\"position\":1,\"name\":\"Home\",\"item\":\"https:\\\/\\\/skaitytaknyga.lt\\\/\"},{\"@type\":\"ListItem\",\"position\":2,\"name\":\"Parduotuv\u0117\",\"item\":\"https:\\\/\\\/skaitytaknyga.lt\\\/knygu-parduotuve\\\/\"},{\"@type\":\"ListItem\",\"position\":3,\"name\":\"Liudmila Petru\u0161evskaja \u201eMergait\u0117 i\u0161 \u201eMetropolio\u201c\u201c\"}]},{\"@type\":\"WebSite\",\"@id\":\"https:\\\/\\\/skaitytaknyga.lt\\\/#website\",\"url\":\"https:\\\/\\\/skaitytaknyga.lt\\\/\",\"name\":\"skaitytaknyga.lt\",\"description\":\"Skaitytaknyga.lt \u2013 tai ma\u017eas \u0161eimos verslas, kuris prasid\u0117jo nuo meil\u0117s knygoms ir siekio i\u0161gelb\u0117ti knygas nuo likimo prie konteinerio. Kas vienam nereikalingas daiktas \u2013 kitam lobis, o mes esame tarpininkai, kurie padeda abiems tapti laimingesniems ???? \u017dinome kaip nelengva i\u0161gyventi ma\u017eiems verslams, tad nuo \u0161iol, \u010dia rasite ir kit\u0173, ma\u017e\u0173 \u0161eim\u0173 versl\u0173, rank\u0173 darbo, dovan\u0173 sau ir artimiesiems.\",\"publisher\":{\"@id\":\"https:\\\/\\\/skaitytaknyga.lt\\\/#organization\"},\"potentialAction\":[{\"@type\":\"SearchAction\",\"target\":{\"@type\":\"EntryPoint\",\"urlTemplate\":\"https:\\\/\\\/skaitytaknyga.lt\\\/?s={search_term_string}\"},\"query-input\":{\"@type\":\"PropertyValueSpecification\",\"valueRequired\":true,\"valueName\":\"search_term_string\"}}],\"inLanguage\":\"en-GB\"},{\"@type\":\"Organization\",\"@id\":\"https:\\\/\\\/skaitytaknyga.lt\\\/#organization\",\"name\":\"skaitytaknyga.lt\",\"url\":\"https:\\\/\\\/skaitytaknyga.lt\\\/\",\"logo\":{\"@type\":\"ImageObject\",\"inLanguage\":\"en-GB\",\"@id\":\"https:\\\/\\\/skaitytaknyga.lt\\\/#\\\/schema\\\/logo\\\/image\\\/\",\"url\":\"https:\\\/\\\/skaitytaknyga.lt\\\/wp-content\\\/uploads\\\/2024\\\/05\\\/cropped-cropped-cropped-02_00843_jt3bggkj1j3HLc7SyY6rEUpg.jpeg\",\"contentUrl\":\"https:\\\/\\\/skaitytaknyga.lt\\\/wp-content\\\/uploads\\\/2024\\\/05\\\/cropped-cropped-cropped-02_00843_jt3bggkj1j3HLc7SyY6rEUpg.jpeg\",\"width\":1600,\"height\":1600,\"caption\":\"skaitytaknyga.lt\"},\"image\":{\"@id\":\"https:\\\/\\\/skaitytaknyga.lt\\\/#\\\/schema\\\/logo\\\/image\\\/\"},\"sameAs\":[\"https:\\\/\\\/www.facebook.com\\\/skaitytaknyga\\\/\"]}]}<\/script>\n<!-- \/ Yoast SEO plugin. -->","yoast_head_json":{"title":"Liudmila Petru\u0161evskaja \u201eMergait\u0117 i\u0161 \u201eMetropolio\u201c\u201c - Skaitytaknyga","description":"Garsios rus\u0173 dramaturg\u0117s, pripa\u017eintos prozinink\u0117s ir aktor\u0117s Liudmilos Petru\u0161evskajos (g. 1938) autobiografin\u0119 knyg\u0105 sudaro pasakojimai apie jos \u0161eim\u0105 ir draugus, i\u0161gyvent\u0105 represijos met\u0105, graud\u017eius ir komi\u0161kus asmeninius nutikimus, vykusius visai nejuoking\u0173 istorini\u0173 \u012fvyki\u0173 fone. Tai knyga apie karo vaik\u0105, kaip ir daugel\u012f kit\u0173, augus\u012f gatv\u0117je ir vaik\u0173 namuose; mergait\u0119, kuri iki literat\u016bros ir meno pasaulio \u0117jo ne pa\u010diu lengviausiu keliu.  U\u017e apysak\u0105 \u201eMergait\u0117 i\u0161 Metropolio\u201c, \u012ftraukt\u0105 \u012f \u0161i\u0105 Liudmilos Petru\u0161evskajos prisiminim\u0173 ir es\u0117 knyg\u0105, 2008 - aisiais autorei paskirta Bunino premija.  Liudmila Petru\u0161evskaja gim\u0117 1938 metais Maskvoje. Baigusi \u017eurnalistikos fakultet\u0105, ji kur\u012f laik\u0105 dirbo korespondente, televizijos redaktore, k\u016br\u0117 eiles, v\u0117liau \u0117m\u0117si pjesi\u0173, kuri\u0173 temos pl\u0117tojamos ir prozos k\u016briniuose.  Autor\u0117 yra pelniusi daugyb\u0119 nacionalini\u0173 premij\u0173, 2009 metais u\u017e pasakojim\u0173 rinkin\u012f apdovanota World Fantasy Award, jos pjes\u0117s statomos viso pasaulio scenose, o knygos i\u0161verstos \u012f daugiau nei 30 kalb\u0173.","robots":{"index":"index","follow":"follow","max-snippet":"max-snippet:-1","max-image-preview":"max-image-preview:large","max-video-preview":"max-video-preview:-1"},"canonical":"https:\/\/skaitytaknyga.lt\/en\/produktas\/liudmila-petrusevskaja-mergaite-is-metropolio-2\/","og_locale":"en_GB","og_type":"article","og_title":"Liudmila Petru\u0161evskaja \u201eMergait\u0117 i\u0161 \u201eMetropolio\u201c\u201c - Skaitytaknyga","og_description":"Garsios rus\u0173 dramaturg\u0117s, pripa\u017eintos prozinink\u0117s ir aktor\u0117s Liudmilos Petru\u0161evskajos (g. 1938) autobiografin\u0119 knyg\u0105 sudaro pasakojimai apie jos \u0161eim\u0105 ir draugus, i\u0161gyvent\u0105 represijos met\u0105, graud\u017eius ir komi\u0161kus asmeninius nutikimus, vykusius visai nejuoking\u0173 istorini\u0173 \u012fvyki\u0173 fone. Tai knyga apie karo vaik\u0105, kaip ir daugel\u012f kit\u0173, augus\u012f gatv\u0117je ir vaik\u0173 namuose; mergait\u0119, kuri iki literat\u016bros ir meno pasaulio \u0117jo ne pa\u010diu lengviausiu keliu.  U\u017e apysak\u0105 \u201eMergait\u0117 i\u0161 Metropolio\u201c, \u012ftraukt\u0105 \u012f \u0161i\u0105 Liudmilos Petru\u0161evskajos prisiminim\u0173 ir es\u0117 knyg\u0105, 2008 - aisiais autorei paskirta Bunino premija.  Liudmila Petru\u0161evskaja gim\u0117 1938 metais Maskvoje. Baigusi \u017eurnalistikos fakultet\u0105, ji kur\u012f laik\u0105 dirbo korespondente, televizijos redaktore, k\u016br\u0117 eiles, v\u0117liau \u0117m\u0117si pjesi\u0173, kuri\u0173 temos pl\u0117tojamos ir prozos k\u016briniuose.  Autor\u0117 yra pelniusi daugyb\u0119 nacionalini\u0173 premij\u0173, 2009 metais u\u017e pasakojim\u0173 rinkin\u012f apdovanota World Fantasy Award, jos pjes\u0117s statomos viso pasaulio scenose, o knygos i\u0161verstos \u012f daugiau nei 30 kalb\u0173.","og_url":"https:\/\/skaitytaknyga.lt\/en\/produktas\/liudmila-petrusevskaja-mergaite-is-metropolio-2\/","og_site_name":"Skaitytaknyga","article_publisher":"https:\/\/www.facebook.com\/skaitytaknyga\/","article_modified_time":"2024-05-04T14:38:07+00:00","og_image":[{"width":397,"height":595,"url":"https:\/\/skaitytaknyga.lt\/wp-content\/uploads\/2024\/04\/1462874750_mergaite-is-metropolio.jpg","type":"image\/jpeg"}],"twitter_card":"summary_large_image","twitter_misc":{"Estimated reading time":"1 minute"},"schema":{"@context":"https:\/\/schema.org","@graph":[{"@type":"WebPage","@id":"https:\/\/skaitytaknyga.lt\/produktas\/liudmila-petrusevskaja-mergaite-is-metropolio-2\/","url":"https:\/\/skaitytaknyga.lt\/produktas\/liudmila-petrusevskaja-mergaite-is-metropolio-2\/","name":"Liudmila Petru\u0161evskaja \u201eMergait\u0117 i\u0161 \u201eMetropolio\u201c\u201c - Skaitytaknyga","isPartOf":{"@id":"https:\/\/skaitytaknyga.lt\/#website"},"primaryImageOfPage":{"@id":"https:\/\/skaitytaknyga.lt\/produktas\/liudmila-petrusevskaja-mergaite-is-metropolio-2\/#primaryimage"},"image":{"@id":"https:\/\/skaitytaknyga.lt\/produktas\/liudmila-petrusevskaja-mergaite-is-metropolio-2\/#primaryimage"},"thumbnailUrl":"https:\/\/skaitytaknyga.lt\/wp-content\/uploads\/2024\/04\/1462874750_mergaite-is-metropolio.jpg","datePublished":"2024-05-04T14:37:55+00:00","dateModified":"2024-05-04T14:38:07+00:00","description":"Garsios rus\u0173 dramaturg\u0117s, pripa\u017eintos prozinink\u0117s ir aktor\u0117s Liudmilos Petru\u0161evskajos (g. 1938) autobiografin\u0119 knyg\u0105 sudaro pasakojimai apie jos \u0161eim\u0105 ir draugus, i\u0161gyvent\u0105 represijos met\u0105, graud\u017eius ir komi\u0161kus asmeninius nutikimus, vykusius visai nejuoking\u0173 istorini\u0173 \u012fvyki\u0173 fone. Tai knyga apie karo vaik\u0105, kaip ir daugel\u012f kit\u0173, augus\u012f gatv\u0117je ir vaik\u0173 namuose; mergait\u0119, kuri iki literat\u016bros ir meno pasaulio \u0117jo ne pa\u010diu lengviausiu keliu. U\u017e apysak\u0105 \u201eMergait\u0117 i\u0161 Metropolio\u201c, \u012ftraukt\u0105 \u012f \u0161i\u0105 Liudmilos Petru\u0161evskajos prisiminim\u0173 ir es\u0117 knyg\u0105, 2008 - aisiais autorei paskirta Bunino premija. Liudmila Petru\u0161evskaja gim\u0117 1938 metais Maskvoje. Baigusi \u017eurnalistikos fakultet\u0105, ji kur\u012f laik\u0105 dirbo korespondente, televizijos redaktore, k\u016br\u0117 eiles, v\u0117liau \u0117m\u0117si pjesi\u0173, kuri\u0173 temos pl\u0117tojamos ir prozos k\u016briniuose. Autor\u0117 yra pelniusi daugyb\u0119 nacionalini\u0173 premij\u0173, 2009 metais u\u017e pasakojim\u0173 rinkin\u012f apdovanota World Fantasy Award, jos pjes\u0117s statomos viso pasaulio scenose, o knygos i\u0161verstos \u012f daugiau nei 30 kalb\u0173.","breadcrumb":{"@id":"https:\/\/skaitytaknyga.lt\/produktas\/liudmila-petrusevskaja-mergaite-is-metropolio-2\/#breadcrumb"},"inLanguage":"en-GB","potentialAction":[{"@type":"ReadAction","target":["https:\/\/skaitytaknyga.lt\/produktas\/liudmila-petrusevskaja-mergaite-is-metropolio-2\/"]}]},{"@type":"ImageObject","inLanguage":"en-GB","@id":"https:\/\/skaitytaknyga.lt\/produktas\/liudmila-petrusevskaja-mergaite-is-metropolio-2\/#primaryimage","url":"https:\/\/skaitytaknyga.lt\/wp-content\/uploads\/2024\/04\/1462874750_mergaite-is-metropolio.jpg","contentUrl":"https:\/\/skaitytaknyga.lt\/wp-content\/uploads\/2024\/04\/1462874750_mergaite-is-metropolio.jpg","width":397,"height":595,"caption":"1462874750 mergaite is metropolio"},{"@type":"BreadcrumbList","@id":"https:\/\/skaitytaknyga.lt\/produktas\/liudmila-petrusevskaja-mergaite-is-metropolio-2\/#breadcrumb","itemListElement":[{"@type":"ListItem","position":1,"name":"Home","item":"https:\/\/skaitytaknyga.lt\/"},{"@type":"ListItem","position":2,"name":"Parduotuv\u0117","item":"https:\/\/skaitytaknyga.lt\/knygu-parduotuve\/"},{"@type":"ListItem","position":3,"name":"Liudmila Petru\u0161evskaja \u201eMergait\u0117 i\u0161 \u201eMetropolio\u201c\u201c"}]},{"@type":"WebSite","@id":"https:\/\/skaitytaknyga.lt\/#website","url":"https:\/\/skaitytaknyga.lt\/","name":"skaitytaknyga.lt","description":"Skaitytaknyga.lt \u2013 tai ma\u017eas \u0161eimos verslas, kuris prasid\u0117jo nuo meil\u0117s knygoms ir siekio i\u0161gelb\u0117ti knygas nuo likimo prie konteinerio. Kas vienam nereikalingas daiktas \u2013 kitam lobis, o mes esame tarpininkai, kurie padeda abiems tapti laimingesniems ???? \u017dinome kaip nelengva i\u0161gyventi ma\u017eiems verslams, tad nuo \u0161iol, \u010dia rasite ir kit\u0173, ma\u017e\u0173 \u0161eim\u0173 versl\u0173, rank\u0173 darbo, dovan\u0173 sau ir artimiesiems.","publisher":{"@id":"https:\/\/skaitytaknyga.lt\/#organization"},"potentialAction":[{"@type":"SearchAction","target":{"@type":"EntryPoint","urlTemplate":"https:\/\/skaitytaknyga.lt\/?s={search_term_string}"},"query-input":{"@type":"PropertyValueSpecification","valueRequired":true,"valueName":"search_term_string"}}],"inLanguage":"en-GB"},{"@type":"Organization","@id":"https:\/\/skaitytaknyga.lt\/#organization","name":"skaitytaknyga.lt","url":"https:\/\/skaitytaknyga.lt\/","logo":{"@type":"ImageObject","inLanguage":"en-GB","@id":"https:\/\/skaitytaknyga.lt\/#\/schema\/logo\/image\/","url":"https:\/\/skaitytaknyga.lt\/wp-content\/uploads\/2024\/05\/cropped-cropped-cropped-02_00843_jt3bggkj1j3HLc7SyY6rEUpg.jpeg","contentUrl":"https:\/\/skaitytaknyga.lt\/wp-content\/uploads\/2024\/05\/cropped-cropped-cropped-02_00843_jt3bggkj1j3HLc7SyY6rEUpg.jpeg","width":1600,"height":1600,"caption":"skaitytaknyga.lt"},"image":{"@id":"https:\/\/skaitytaknyga.lt\/#\/schema\/logo\/image\/"},"sameAs":["https:\/\/www.facebook.com\/skaitytaknyga\/"]}]}},"_links":{"self":[{"href":"https:\/\/skaitytaknyga.lt\/en\/wp-json\/wp\/v2\/product\/7954","targetHints":{"allow":["GET"]}}],"collection":[{"href":"https:\/\/skaitytaknyga.lt\/en\/wp-json\/wp\/v2\/product"}],"about":[{"href":"https:\/\/skaitytaknyga.lt\/en\/wp-json\/wp\/v2\/types\/product"}],"replies":[{"embeddable":true,"href":"https:\/\/skaitytaknyga.lt\/en\/wp-json\/wp\/v2\/comments?post=7954"}],"wp:featuredmedia":[{"embeddable":true,"href":"https:\/\/skaitytaknyga.lt\/en\/wp-json\/wp\/v2\/media\/3600"}],"wp:attachment":[{"href":"https:\/\/skaitytaknyga.lt\/en\/wp-json\/wp\/v2\/media?parent=7954"}],"wp:term":[{"taxonomy":"product_brand","embeddable":true,"href":"https:\/\/skaitytaknyga.lt\/en\/wp-json\/wp\/v2\/product_brand?post=7954"},{"taxonomy":"product_cat","embeddable":true,"href":"https:\/\/skaitytaknyga.lt\/en\/wp-json\/wp\/v2\/product_cat?post=7954"},{"taxonomy":"product_tag","embeddable":true,"href":"https:\/\/skaitytaknyga.lt\/en\/wp-json\/wp\/v2\/product_tag?post=7954"}],"curies":[{"name":"wp","href":"https:\/\/api.w.org\/{rel}","templated":true}]}}