{"id":7945,"date":"2025-02-01T14:37:55","date_gmt":"2025-02-01T12:37:55","guid":{"rendered":"https:\/\/skaitytaknyga.lt\/?post_type=product&#038;p=7945"},"modified":"2025-06-12T21:13:45","modified_gmt":"2025-06-12T18:13:45","slug":"donna-woolfolk-cross-popieze-joana","status":"publish","type":"product","link":"https:\/\/skaitytaknyga.lt\/en\/produktas\/donna-woolfolk-cross-popieze-joana\/","title":{"rendered":"Popie\u017e\u0117 Joana"},"content":{"rendered":"<p>Ar buvo i\u0161 ties\u0173 popie\u017e\u0117 Joana? O gal tai tik gra\u017ei legenda apie viduram\u017ei\u0173 moter\u012f, pasiekusi\u0105, atrodyt\u0173, ne\u012fmanom\u0105 ba\u017enytin\u0117s hierarchijos vir\u0161\u016bn\u0119?<\/p>\n<p>Autorei r\u016bp\u0117jo sukurti roman\u0105, o ne istorin\u0119 studij\u0105. Remdamasi visais \u017einomais Joanos gyvenimo faktais bei laikydamasi istorin\u0117s tiesos ji para\u0161\u0117 nepaprast\u0105 knyg\u0105 apie kilni\u0105 svajotoj\u0105, \u0161viesi\u0105 moter\u012f, gyvenusi\u0105 tamsiais viduram\u017eiais, ir apie jos did\u017ei\u0105j\u0105 gyvenimo meil\u0119 &#8211; vienintel\u0119, iki mirties.<\/p>\n<ul class=\"about-product d-none d-xl-block mt-4\">\n<li><strong>Autorius:<\/strong>\u00a0Donna Woolfolk Cross<\/li>\n<li><strong>Leid\u0117jas:<\/strong>\u00a0Alma littera<\/li>\n<li><strong>Metai:<\/strong>\u00a02010<\/li>\n<li><strong>Puslapiai:<\/strong>\u00a0464<\/li>\n<li class=\"toggleable type-new-formats \"><strong>ISBN:<\/strong>\u00a09789955384021<\/li>\n<li><strong>Versijos kodas:<\/strong>\u00a0PT.<\/li>\n<li class=\"toggleable type-new-formats \"><strong>Formatas:<\/strong>\u00a014 x 24 cm, kieti vir\u0161eliai<\/li>\n<li><strong>Kalba:<\/strong>\u00a0Lietuvi\u0173<\/li>\n<li><strong>Vert\u0117jas:<\/strong>\u00a0Julija Lapienyt\u0117<\/li>\n<\/ul>\n","protected":false},"excerpt":{"rendered":"<p>Ar buvo i\u0161 ties\u0173 popie\u017e\u0117 Joana? O gal tai tik gra\u017ei legenda apie viduram\u017ei\u0173 moter\u012f, pasiekusi\u0105, atrodyt\u0173, ne\u012fmanom\u0105 ba\u017enytin\u0117s hierarchijos vir\u0161\u016bn\u0119? Autorei r\u016bp\u0117jo sukurti roman\u0105, o ne istorin\u0119 studij\u0105. Remdamasi visais \u017einomais Joanos gyvenimo faktais bei laikydamasi istorin\u0117s tiesos ji para\u0161\u0117 nepaprast\u0105 knyg\u0105 apie kilni\u0105 svajotoj\u0105, \u0161viesi\u0105 moter\u012f, gyvenusi\u0105 tamsiais viduram\u017eiais, ir apie jos did\u017ei\u0105j\u0105 gyvenimo meil\u0119 &#8211; vienintel\u0119, iki mirties. Autorius:\u00a0Donna Woolfolk Cross Leid\u0117jas:\u00a0Alma littera Metai:\u00a02010 Puslapiai:\u00a0464 ISBN:\u00a09789955384021 Versijos kodas:\u00a0PT. Formatas:\u00a014 x 24 cm, kieti vir\u0161eliai Kalba:\u00a0Lietuvi\u0173 Vert\u0117jas:\u00a0Julija Lapienyt\u0117<\/p>\n","protected":false},"featured_media":3590,"comment_status":"closed","ping_status":"closed","template":"","meta":{"_acf_changed":false,"site-sidebar-layout":"default","site-content-layout":"","ast-site-content-layout":"default","site-content-style":"default","site-sidebar-style":"default","ast-global-header-display":"","ast-banner-title-visibility":"","ast-main-header-display":"","ast-hfb-above-header-display":"","ast-hfb-below-header-display":"","ast-hfb-mobile-header-display":"","site-post-title":"","ast-breadcrumbs-content":"","ast-featured-img":"","footer-sml-layout":"","ast-disable-related-posts":"","theme-transparent-header-meta":"default","adv-header-id-meta":"","stick-header-meta":"","header-above-stick-meta":"","header-main-stick-meta":"","header-below-stick-meta":"","astra-migrate-meta-layouts":"set","ast-page-background-enabled":"default","ast-page-background-meta":{"desktop":{"background-color":"","background-image":"","background-repeat":"repeat","background-position":"center center","background-size":"auto","background-attachment":"scroll","background-type":"","background-media":"","overlay-type":"","overlay-color":"","overlay-opacity":"","overlay-gradient":""},"tablet":{"background-color":"","background-image":"","background-repeat":"repeat","background-position":"center center","background-size":"auto","background-attachment":"scroll","background-type":"","background-media":"","overlay-type":"","overlay-color":"","overlay-opacity":"","overlay-gradient":""},"mobile":{"background-color":"","background-image":"","background-repeat":"repeat","background-position":"center center","background-size":"auto","background-attachment":"scroll","background-type":"","background-media":"","overlay-type":"","overlay-color":"","overlay-opacity":"","overlay-gradient":""}},"ast-content-background-meta":{"desktop":{"background-color":"var(--ast-global-color-4)","background-image":"","background-repeat":"repeat","background-position":"center center","background-size":"auto","background-attachment":"scroll","background-type":"","background-media":"","overlay-type":"","overlay-color":"","overlay-opacity":"","overlay-gradient":""},"tablet":{"background-color":"var(--ast-global-color-4)","background-image":"","background-repeat":"repeat","background-position":"center center","background-size":"auto","background-attachment":"scroll","background-type":"","background-media":"","overlay-type":"","overlay-color":"","overlay-opacity":"","overlay-gradient":""},"mobile":{"background-color":"var(--ast-global-color-4)","background-image":"","background-repeat":"repeat","background-position":"center center","background-size":"auto","background-attachment":"scroll","background-type":"","background-media":"","overlay-type":"","overlay-color":"","overlay-opacity":"","overlay-gradient":""}}},"product_brand":[],"product_cat":[31],"product_tag":[4916,3037,2582,4917,3040],"class_list":{"0":"post-7945","1":"product","2":"type-product","3":"status-publish","4":"has-post-thumbnail","6":"product_cat-grozine-literatura","7":"product_tag-donna-woolfolk-cross","8":"product_tag-istorine-proza","9":"product_tag-moterys","10":"product_tag-popieziai","11":"product_tag-viduramziai","12":"desktop-align-left","13":"tablet-align-left","14":"mobile-align-left","16":"first","17":"outofstock","18":"shipping-taxable","19":"purchasable","20":"product-type-simple"},"acf":[],"yoast_head":"<!-- This site is optimized with the Yoast SEO plugin v27.0 - https:\/\/yoast.com\/product\/yoast-seo-wordpress\/ -->\n<title>Popie\u017e\u0117 Joana<\/title>\n<meta name=\"description\" content=\"Ar buvo i\u0161 ties\u0173 popie\u017e\u0117 Joana? O gal tai tik gra\u017ei legenda apie viduram\u017ei\u0173 moter\u012f, pasiekusi\u0105, atrodyt\u0173, ne\u012fmanom\u0105 ba\u017enytin\u0117s hierarchijos vir\u0161\u016bn\u0119?\" \/>\n<meta name=\"robots\" content=\"index, follow, max-snippet:-1, max-image-preview:large, max-video-preview:-1\" \/>\n<link rel=\"canonical\" href=\"https:\/\/skaitytaknyga.lt\/en\/produktas\/donna-woolfolk-cross-popieze-joana\/\" \/>\n<meta property=\"og:locale\" content=\"en_GB\" \/>\n<meta property=\"og:locale:alternate\" content=\"lt_LT\" \/>\n<meta property=\"og:type\" content=\"article\" \/>\n<meta property=\"og:title\" content=\"Popie\u017e\u0117 Joana\" \/>\n<meta property=\"og:description\" content=\"Ar buvo i\u0161 ties\u0173 popie\u017e\u0117 Joana? O gal tai tik gra\u017ei legenda apie viduram\u017ei\u0173 moter\u012f, pasiekusi\u0105, atrodyt\u0173, ne\u012fmanom\u0105 ba\u017enytin\u0117s hierarchijos vir\u0161\u016bn\u0119?\" \/>\n<meta property=\"og:url\" content=\"https:\/\/skaitytaknyga.lt\/en\/produktas\/donna-woolfolk-cross-popieze-joana\/\" \/>\n<meta property=\"og:site_name\" content=\"Skaitytaknyga\" \/>\n<meta property=\"article:publisher\" content=\"https:\/\/www.facebook.com\/skaitytaknyga\/\" \/>\n<meta property=\"article:modified_time\" content=\"2025-06-12T18:13:45+00:00\" \/>\n<meta property=\"og:image\" content=\"https:\/\/skaitytaknyga.lt\/wp-content\/uploads\/2024\/04\/1462873016_Popieze-Joana.jpg\" \/>\n\t<meta property=\"og:image:width\" content=\"495\" \/>\n\t<meta property=\"og:image:height\" content=\"800\" \/>\n\t<meta property=\"og:image:type\" content=\"image\/jpeg\" \/>\n<meta name=\"twitter:card\" content=\"summary_large_image\" \/>\n<meta name=\"twitter:label1\" content=\"Estimated reading time\" \/>\n\t<meta name=\"twitter:data1\" content=\"1 minute\" \/>\n<script type=\"application\/ld+json\" class=\"yoast-schema-graph\">{\"@context\":\"https:\/\/schema.org\",\"@graph\":[{\"@type\":\"WebPage\",\"@id\":\"https:\/\/skaitytaknyga.lt\/produktas\/donna-woolfolk-cross-popieze-joana\/\",\"url\":\"https:\/\/skaitytaknyga.lt\/produktas\/donna-woolfolk-cross-popieze-joana\/\",\"name\":\"Popie\u017e\u0117 Joana\",\"isPartOf\":{\"@id\":\"https:\/\/skaitytaknyga.lt\/#website\"},\"primaryImageOfPage\":{\"@id\":\"https:\/\/skaitytaknyga.lt\/produktas\/donna-woolfolk-cross-popieze-joana\/#primaryimage\"},\"image\":{\"@id\":\"https:\/\/skaitytaknyga.lt\/produktas\/donna-woolfolk-cross-popieze-joana\/#primaryimage\"},\"thumbnailUrl\":\"https:\/\/skaitytaknyga.lt\/wp-content\/uploads\/2024\/04\/1462873016_Popieze-Joana.jpg\",\"datePublished\":\"2025-02-01T12:37:55+00:00\",\"dateModified\":\"2025-06-12T18:13:45+00:00\",\"description\":\"Ar buvo i\u0161 ties\u0173 popie\u017e\u0117 Joana? O gal tai tik gra\u017ei legenda apie viduram\u017ei\u0173 moter\u012f, pasiekusi\u0105, atrodyt\u0173, ne\u012fmanom\u0105 ba\u017enytin\u0117s hierarchijos vir\u0161\u016bn\u0119?\",\"breadcrumb\":{\"@id\":\"https:\/\/skaitytaknyga.lt\/produktas\/donna-woolfolk-cross-popieze-joana\/#breadcrumb\"},\"inLanguage\":\"en-GB\",\"potentialAction\":[{\"@type\":\"ReadAction\",\"target\":[\"https:\/\/skaitytaknyga.lt\/produktas\/donna-woolfolk-cross-popieze-joana\/\"]}]},{\"@type\":\"ImageObject\",\"inLanguage\":\"en-GB\",\"@id\":\"https:\/\/skaitytaknyga.lt\/produktas\/donna-woolfolk-cross-popieze-joana\/#primaryimage\",\"url\":\"https:\/\/skaitytaknyga.lt\/wp-content\/uploads\/2024\/04\/1462873016_Popieze-Joana.jpg\",\"contentUrl\":\"https:\/\/skaitytaknyga.lt\/wp-content\/uploads\/2024\/04\/1462873016_Popieze-Joana.jpg\",\"width\":495,\"height\":800,\"caption\":\"1462873016 Popieze Joana\"},{\"@type\":\"BreadcrumbList\",\"@id\":\"https:\/\/skaitytaknyga.lt\/produktas\/donna-woolfolk-cross-popieze-joana\/#breadcrumb\",\"itemListElement\":[{\"@type\":\"ListItem\",\"position\":1,\"name\":\"Home\",\"item\":\"https:\/\/skaitytaknyga.lt\/\"},{\"@type\":\"ListItem\",\"position\":2,\"name\":\"Parduotuv\u0117\",\"item\":\"https:\/\/skaitytaknyga.lt\/knygu-parduotuve\/\"},{\"@type\":\"ListItem\",\"position\":3,\"name\":\"Popie\u017e\u0117 Joana\"}]},{\"@type\":\"WebSite\",\"@id\":\"https:\/\/skaitytaknyga.lt\/#website\",\"url\":\"https:\/\/skaitytaknyga.lt\/\",\"name\":\"skaitytaknyga.lt\",\"description\":\"Skaitytaknyga.lt \u2013 tai ma\u017eas \u0161eimos verslas, kuris prasid\u0117jo nuo meil\u0117s knygoms ir siekio i\u0161gelb\u0117ti knygas nuo likimo prie konteinerio. Kas vienam nereikalingas daiktas \u2013 kitam lobis, o mes esame tarpininkai, kurie padeda abiems tapti laimingesniems ???? \u017dinome kaip nelengva i\u0161gyventi ma\u017eiems verslams, tad nuo \u0161iol, \u010dia rasite ir kit\u0173, ma\u017e\u0173 \u0161eim\u0173 versl\u0173, rank\u0173 darbo, dovan\u0173 sau ir artimiesiems.\",\"publisher\":{\"@id\":\"https:\/\/skaitytaknyga.lt\/#organization\"},\"potentialAction\":[{\"@type\":\"SearchAction\",\"target\":{\"@type\":\"EntryPoint\",\"urlTemplate\":\"https:\/\/skaitytaknyga.lt\/?s={search_term_string}\"},\"query-input\":{\"@type\":\"PropertyValueSpecification\",\"valueRequired\":true,\"valueName\":\"search_term_string\"}}],\"inLanguage\":\"en-GB\"},{\"@type\":\"Organization\",\"@id\":\"https:\/\/skaitytaknyga.lt\/#organization\",\"name\":\"skaitytaknyga.lt\",\"url\":\"https:\/\/skaitytaknyga.lt\/\",\"logo\":{\"@type\":\"ImageObject\",\"inLanguage\":\"en-GB\",\"@id\":\"https:\/\/skaitytaknyga.lt\/#\/schema\/logo\/image\/\",\"url\":\"https:\/\/skaitytaknyga.lt\/wp-content\/uploads\/2024\/05\/cropped-cropped-cropped-02_00843_jt3bggkj1j3HLc7SyY6rEUpg.jpeg\",\"contentUrl\":\"https:\/\/skaitytaknyga.lt\/wp-content\/uploads\/2024\/05\/cropped-cropped-cropped-02_00843_jt3bggkj1j3HLc7SyY6rEUpg.jpeg\",\"width\":1600,\"height\":1600,\"caption\":\"skaitytaknyga.lt\"},\"image\":{\"@id\":\"https:\/\/skaitytaknyga.lt\/#\/schema\/logo\/image\/\"},\"sameAs\":[\"https:\/\/www.facebook.com\/skaitytaknyga\/\"]}]}<\/script>\n<!-- \/ Yoast SEO plugin. -->","yoast_head_json":{"title":"Popie\u017e\u0117 Joana","description":"Ar buvo i\u0161 ties\u0173 popie\u017e\u0117 Joana? O gal tai tik gra\u017ei legenda apie viduram\u017ei\u0173 moter\u012f, pasiekusi\u0105, atrodyt\u0173, ne\u012fmanom\u0105 ba\u017enytin\u0117s hierarchijos vir\u0161\u016bn\u0119?","robots":{"index":"index","follow":"follow","max-snippet":"max-snippet:-1","max-image-preview":"max-image-preview:large","max-video-preview":"max-video-preview:-1"},"canonical":"https:\/\/skaitytaknyga.lt\/en\/produktas\/donna-woolfolk-cross-popieze-joana\/","og_locale":"en_GB","og_type":"article","og_title":"[:lt]Popie\u017e\u0117 Joana[:] - Skaitytaknyga","og_description":"Ar buvo i\u0161 ties\u0173 popie\u017e\u0117 Joana? O gal tai tik gra\u017ei legenda apie viduram\u017ei\u0173 moter\u012f, pasiekusi\u0105, atrodyt\u0173, ne\u012fmanom\u0105 ba\u017enytin\u0117s hierarchijos vir\u0161\u016bn\u0119?","og_url":"https:\/\/skaitytaknyga.lt\/en\/produktas\/donna-woolfolk-cross-popieze-joana\/","og_site_name":"Skaitytaknyga","article_publisher":"https:\/\/www.facebook.com\/skaitytaknyga\/","article_modified_time":"2025-06-12T18:13:45+00:00","og_image":[{"width":495,"height":800,"url":"https:\/\/skaitytaknyga.lt\/wp-content\/uploads\/2024\/04\/1462873016_Popieze-Joana.jpg","type":"image\/jpeg"}],"twitter_card":"summary_large_image","twitter_misc":{"Estimated reading time":"1 minute"},"schema":{"@context":"https:\/\/schema.org","@graph":[{"@type":"WebPage","@id":"https:\/\/skaitytaknyga.lt\/produktas\/donna-woolfolk-cross-popieze-joana\/","url":"https:\/\/skaitytaknyga.lt\/produktas\/donna-woolfolk-cross-popieze-joana\/","name":"Popie\u017e\u0117 Joana","isPartOf":{"@id":"https:\/\/skaitytaknyga.lt\/#website"},"primaryImageOfPage":{"@id":"https:\/\/skaitytaknyga.lt\/produktas\/donna-woolfolk-cross-popieze-joana\/#primaryimage"},"image":{"@id":"https:\/\/skaitytaknyga.lt\/produktas\/donna-woolfolk-cross-popieze-joana\/#primaryimage"},"thumbnailUrl":"https:\/\/skaitytaknyga.lt\/wp-content\/uploads\/2024\/04\/1462873016_Popieze-Joana.jpg","datePublished":"2025-02-01T12:37:55+00:00","dateModified":"2025-06-12T18:13:45+00:00","description":"Ar buvo i\u0161 ties\u0173 popie\u017e\u0117 Joana? O gal tai tik gra\u017ei legenda apie viduram\u017ei\u0173 moter\u012f, pasiekusi\u0105, atrodyt\u0173, ne\u012fmanom\u0105 ba\u017enytin\u0117s hierarchijos vir\u0161\u016bn\u0119?","breadcrumb":{"@id":"https:\/\/skaitytaknyga.lt\/produktas\/donna-woolfolk-cross-popieze-joana\/#breadcrumb"},"inLanguage":"en-GB","potentialAction":[{"@type":"ReadAction","target":["https:\/\/skaitytaknyga.lt\/produktas\/donna-woolfolk-cross-popieze-joana\/"]}]},{"@type":"ImageObject","inLanguage":"en-GB","@id":"https:\/\/skaitytaknyga.lt\/produktas\/donna-woolfolk-cross-popieze-joana\/#primaryimage","url":"https:\/\/skaitytaknyga.lt\/wp-content\/uploads\/2024\/04\/1462873016_Popieze-Joana.jpg","contentUrl":"https:\/\/skaitytaknyga.lt\/wp-content\/uploads\/2024\/04\/1462873016_Popieze-Joana.jpg","width":495,"height":800,"caption":"1462873016 Popieze Joana"},{"@type":"BreadcrumbList","@id":"https:\/\/skaitytaknyga.lt\/produktas\/donna-woolfolk-cross-popieze-joana\/#breadcrumb","itemListElement":[{"@type":"ListItem","position":1,"name":"Home","item":"https:\/\/skaitytaknyga.lt\/"},{"@type":"ListItem","position":2,"name":"Parduotuv\u0117","item":"https:\/\/skaitytaknyga.lt\/knygu-parduotuve\/"},{"@type":"ListItem","position":3,"name":"Popie\u017e\u0117 Joana"}]},{"@type":"WebSite","@id":"https:\/\/skaitytaknyga.lt\/#website","url":"https:\/\/skaitytaknyga.lt\/","name":"skaitytaknyga.lt","description":"Skaitytaknyga.lt \u2013 tai ma\u017eas \u0161eimos verslas, kuris prasid\u0117jo nuo meil\u0117s knygoms ir siekio i\u0161gelb\u0117ti knygas nuo likimo prie konteinerio. Kas vienam nereikalingas daiktas \u2013 kitam lobis, o mes esame tarpininkai, kurie padeda abiems tapti laimingesniems ???? \u017dinome kaip nelengva i\u0161gyventi ma\u017eiems verslams, tad nuo \u0161iol, \u010dia rasite ir kit\u0173, ma\u017e\u0173 \u0161eim\u0173 versl\u0173, rank\u0173 darbo, dovan\u0173 sau ir artimiesiems.","publisher":{"@id":"https:\/\/skaitytaknyga.lt\/#organization"},"potentialAction":[{"@type":"SearchAction","target":{"@type":"EntryPoint","urlTemplate":"https:\/\/skaitytaknyga.lt\/?s={search_term_string}"},"query-input":{"@type":"PropertyValueSpecification","valueRequired":true,"valueName":"search_term_string"}}],"inLanguage":"en-GB"},{"@type":"Organization","@id":"https:\/\/skaitytaknyga.lt\/#organization","name":"skaitytaknyga.lt","url":"https:\/\/skaitytaknyga.lt\/","logo":{"@type":"ImageObject","inLanguage":"en-GB","@id":"https:\/\/skaitytaknyga.lt\/#\/schema\/logo\/image\/","url":"https:\/\/skaitytaknyga.lt\/wp-content\/uploads\/2024\/05\/cropped-cropped-cropped-02_00843_jt3bggkj1j3HLc7SyY6rEUpg.jpeg","contentUrl":"https:\/\/skaitytaknyga.lt\/wp-content\/uploads\/2024\/05\/cropped-cropped-cropped-02_00843_jt3bggkj1j3HLc7SyY6rEUpg.jpeg","width":1600,"height":1600,"caption":"skaitytaknyga.lt"},"image":{"@id":"https:\/\/skaitytaknyga.lt\/#\/schema\/logo\/image\/"},"sameAs":["https:\/\/www.facebook.com\/skaitytaknyga\/"]}]}},"_links":{"self":[{"href":"https:\/\/skaitytaknyga.lt\/en\/wp-json\/wp\/v2\/product\/7945","targetHints":{"allow":["GET"]}}],"collection":[{"href":"https:\/\/skaitytaknyga.lt\/en\/wp-json\/wp\/v2\/product"}],"about":[{"href":"https:\/\/skaitytaknyga.lt\/en\/wp-json\/wp\/v2\/types\/product"}],"replies":[{"embeddable":true,"href":"https:\/\/skaitytaknyga.lt\/en\/wp-json\/wp\/v2\/comments?post=7945"}],"wp:featuredmedia":[{"embeddable":true,"href":"https:\/\/skaitytaknyga.lt\/en\/wp-json\/wp\/v2\/media\/3590"}],"wp:attachment":[{"href":"https:\/\/skaitytaknyga.lt\/en\/wp-json\/wp\/v2\/media?parent=7945"}],"wp:term":[{"taxonomy":"product_brand","embeddable":true,"href":"https:\/\/skaitytaknyga.lt\/en\/wp-json\/wp\/v2\/product_brand?post=7945"},{"taxonomy":"product_cat","embeddable":true,"href":"https:\/\/skaitytaknyga.lt\/en\/wp-json\/wp\/v2\/product_cat?post=7945"},{"taxonomy":"product_tag","embeddable":true,"href":"https:\/\/skaitytaknyga.lt\/en\/wp-json\/wp\/v2\/product_tag?post=7945"}],"curies":[{"name":"wp","href":"https:\/\/api.w.org\/{rel}","templated":true}]}}